{"id":136880,"date":"2022-12-02T09:54:53","date_gmt":"2022-12-02T08:54:53","guid":{"rendered":"https:\/\/katowice.energy2000.pl\/?page_id=136880"},"modified":"2025-10-23T08:53:59","modified_gmt":"2025-10-23T06:53:59","slug":"dla-biznesu","status":"publish","type":"page","link":"https:\/\/katowice.energy2000.pl\/cs\/dla-biznesu\/","title":{"rendered":"Pro firmy"},"content":{"rendered":"<h2 style=\"text-align: center;\">Imprezy firmowe w Energy 2000 Katowice<\/h2>\n<p><a href=\"https:\/\/katowice.energy2000.pl\/wp-content\/uploads\/2025\/10\/OFERTA_EVENTY_ENERGY.pdf\" target=\"_blank\" rel=\"noopener\"><img decoding=\"async\" loading=\"lazy\" class=\"aligncenter wp-image-184506 size-full\" src=\"https:\/\/katowice.energy2000.pl\/wp-content\/uploads\/2025\/10\/oferta.png\" alt=\"\" width=\"710\" height=\"71\" \/><\/a><\/p>\n<ul style=\"margin-left: 20px; list-style-type: disc!important;\">\n<li>Imprezy, integracje, wigilie firmowe<\/li>\n<li>Jubileusze<\/li>\n<li>Spotkania biznesowe<\/li>\n<li>Bankiety, prezentacje produktowe oraz wiele innych<\/li>\n<\/ul>\n<p><strong>Dlaczego warto nas wybra\u0107?<\/strong><br \/>\nUrozmaicona przestrze\u0144 klubowa do dyspozycji ponad 2000 m2<\/p>\n<p>3 sale: Sala G\u0142\u00f3wna, Sala VIP, Sala Dance (sale mo\u017cliwe do wynaj\u0119cia pojedynczo lub w dowolnej konfiguracji).<\/p>\n<ul style=\"margin-left: 20px; list-style-type: disc!important;\">\n<li>Profesjonalne zaplecze technologiczne:\n<ul style=\"margin-left: 30px; list-style-type: circle;\">\n<li>o\u015bwietlenie sceniczne,<\/li>\n<li>nag\u0142o\u015bnienie,<\/li>\n<li>systemy multimedialne i ekrany LED<\/li>\n<li>efekty specjalne (wyrzutnie CO2, wyrzutnie ogni scenicznych, pirotechnika sceniczna)<\/li>\n<li>lasery RGB<\/li>\n<li>system ponad 20 TV w ca\u0142ym lokalu<\/li>\n<\/ul>\n<\/li>\n<li>Do\u015bwiadczeni i znani DJ-e<\/li>\n<li>W\u0142asny catering<\/li>\n<li>Dodatkowe atrakcje artystyczne w opcjach (pokazy akrobat\u00f3w, iluzjonist\u00f3w, fire show, LED show etc.)<\/li>\n<li>Do\u015bwiadczona i profesjonalna kadra eventowa<\/li>\n<li>Bezpieczne wej\u015bcia ze stref\u0105 kontroli (detektor metali \/ ta\u015bmy do kontroli )<\/li>\n<li>Szatnia na kilka tysi\u0119cy ubra\u0144<\/li>\n<li>Profesjonalna Ochrona<\/li>\n<li>Backstage dla Gwiazd<\/li>\n<li>Hostessy<\/li>\n<\/ul>\n<h3 style=\"text-align: center;\"><\/h3>\n<p style=\"text-align: center;\"><strong>Mamy wszystko co potrzebne do zorganizowania imprez, kt\u00f3re Twoim wsp\u00f3\u0142pracownikom oraz kontrahentom na d\u0142ugo zapadn\u0105 w pami\u0119ci.<\/strong><\/p>\n<h3 style=\"text-align: center;\"><strong><br \/>\nSkontaktuj si\u0119 z nami<\/strong><\/h3>\n<h3 style=\"text-align: center;\">Kontakt: <strong>Arkadiusz Jod\u0142owski<\/strong><br \/>\nmail: <a href=\"mailto:event@energy2000.pl\">event@energy2000.pl<\/a><\/h3>\n<hr \/>\n<div class=\"plm-simple-gallery\">\n <div class=\"col-md-3 col-sm-4 col-xs-6\"><a class=\"plm-icon-hov\" href=\"https:\/\/katowice.energy2000.pl\/wp-content\/uploads\/2022\/12\/970A1363-1024x683.jpg\" title=\"\" data-rel=\"plm-lightbox-gallery-cGxtLWxpZ2h0Ym94LWdhbGxlcnktY0d4dExXeHBaMmgwWW05NA==\" data-rl_title=\"\" data-rl_caption=\"\"><figure class=\"effect-bubba\">\n                <img src=\"https:\/\/katowice.energy2000.pl\/wp-content\/uploads\/2022\/12\/970A1363-330x220.jpg\" alt=\"\" \/>\n                     <figcaption>\n                        <i class=\"fa fa-plus\"><\/i>\n                        <p><\/p>\n                     <\/figcaption>\n                      \n            <\/figure><\/a><\/div> <div class=\"col-md-3 col-sm-4 col-xs-6\"><a class=\"plm-icon-hov\" href=\"https:\/\/katowice.energy2000.pl\/wp-content\/uploads\/2022\/12\/970A1356-1024x683.jpg\" title=\"\" data-rel=\"plm-lightbox-gallery-cGxtLWxpZ2h0Ym94LWdhbGxlcnktY0d4dExXeHBaMmgwWW05NA==\" data-rl_title=\"\" data-rl_caption=\"\"><figure class=\"effect-bubba\">\n                <img src=\"https:\/\/katowice.energy2000.pl\/wp-content\/uploads\/2022\/12\/970A1356-330x220.jpg\" alt=\"\" \/>\n                     <figcaption>\n                        <i class=\"fa fa-plus\"><\/i>\n                        <p><\/p>\n                     <\/figcaption>\n                      \n            <\/figure><\/a><\/div> <div class=\"col-md-3 col-sm-4 col-xs-6\"><a class=\"plm-icon-hov\" href=\"https:\/\/katowice.energy2000.pl\/wp-content\/uploads\/2022\/12\/970A1341-1024x683.jpg\" title=\"\" data-rel=\"plm-lightbox-gallery-cGxtLWxpZ2h0Ym94LWdhbGxlcnktY0d4dExXeHBaMmgwWW05NA==\" data-rl_title=\"\" data-rl_caption=\"\"><figure class=\"effect-bubba\">\n                <img src=\"https:\/\/katowice.energy2000.pl\/wp-content\/uploads\/2022\/12\/970A1341-330x220.jpg\" alt=\"\" \/>\n                     <figcaption>\n                        <i class=\"fa fa-plus\"><\/i>\n                        <p><\/p>\n                     <\/figcaption>\n                      \n            <\/figure><\/a><\/div> <div class=\"col-md-3 col-sm-4 col-xs-6\"><a class=\"plm-icon-hov\" href=\"https:\/\/katowice.energy2000.pl\/wp-content\/uploads\/2022\/12\/970A1331-1024x683.jpg\" title=\"\" data-rel=\"plm-lightbox-gallery-cGxtLWxpZ2h0Ym94LWdhbGxlcnktY0d4dExXeHBaMmgwWW05NA==\" data-rl_title=\"\" data-rl_caption=\"\"><figure class=\"effect-bubba\">\n                <img src=\"https:\/\/katowice.energy2000.pl\/wp-content\/uploads\/2022\/12\/970A1331-330x220.jpg\" alt=\"\" \/>\n                     <figcaption>\n                        <i class=\"fa fa-plus\"><\/i>\n                        <p><\/p>\n                     <\/figcaption>\n                      \n            <\/figure><\/a><\/div> <div class=\"col-md-3 col-sm-4 col-xs-6\"><a class=\"plm-icon-hov\" href=\"https:\/\/katowice.energy2000.pl\/wp-content\/uploads\/2022\/12\/970A1316-1024x683.jpg\" title=\"\" data-rel=\"plm-lightbox-gallery-cGxtLWxpZ2h0Ym94LWdhbGxlcnktY0d4dExXeHBaMmgwWW05NA==\" data-rl_title=\"\" data-rl_caption=\"\"><figure class=\"effect-bubba\">\n                <img src=\"https:\/\/katowice.energy2000.pl\/wp-content\/uploads\/2022\/12\/970A1316-330x220.jpg\" alt=\"\" \/>\n                     <figcaption>\n                        <i class=\"fa fa-plus\"><\/i>\n                        <p><\/p>\n                     <\/figcaption>\n                      \n            <\/figure><\/a><\/div> <div class=\"col-md-3 col-sm-4 col-xs-6\"><a class=\"plm-icon-hov\" href=\"https:\/\/katowice.energy2000.pl\/wp-content\/uploads\/2022\/12\/970A1455-1024x683.jpg\" title=\"\" data-rel=\"plm-lightbox-gallery-cGxtLWxpZ2h0Ym94LWdhbGxlcnktY0d4dExXeHBaMmgwWW05NA==\" data-rl_title=\"\" data-rl_caption=\"\"><figure class=\"effect-bubba\">\n                <img src=\"https:\/\/katowice.energy2000.pl\/wp-content\/uploads\/2022\/12\/970A1455-330x220.jpg\" alt=\"\" \/>\n                     <figcaption>\n                        <i class=\"fa fa-plus\"><\/i>\n                        <p><\/p>\n                     <\/figcaption>\n                      \n            <\/figure><\/a><\/div> <div class=\"col-md-3 col-sm-4 col-xs-6\"><a class=\"plm-icon-hov\" href=\"https:\/\/katowice.energy2000.pl\/wp-content\/uploads\/2022\/12\/970A1419-1024x683.jpg\" title=\"\" data-rel=\"plm-lightbox-gallery-cGxtLWxpZ2h0Ym94LWdhbGxlcnktY0d4dExXeHBaMmgwWW05NA==\" data-rl_title=\"\" data-rl_caption=\"\"><figure class=\"effect-bubba\">\n                <img src=\"https:\/\/katowice.energy2000.pl\/wp-content\/uploads\/2022\/12\/970A1419-330x220.jpg\" alt=\"\" \/>\n                     <figcaption>\n                        <i class=\"fa fa-plus\"><\/i>\n                        <p><\/p>\n                     <\/figcaption>\n                      \n            <\/figure><\/a><\/div> <div class=\"col-md-3 col-sm-4 col-xs-6\"><a class=\"plm-icon-hov\" href=\"https:\/\/katowice.energy2000.pl\/wp-content\/uploads\/2022\/12\/970A1394-1024x683.jpg\" title=\"\" data-rel=\"plm-lightbox-gallery-cGxtLWxpZ2h0Ym94LWdhbGxlcnktY0d4dExXeHBaMmgwWW05NA==\" data-rl_title=\"\" data-rl_caption=\"\"><figure class=\"effect-bubba\">\n                <img src=\"https:\/\/katowice.energy2000.pl\/wp-content\/uploads\/2022\/12\/970A1394-330x220.jpg\" alt=\"\" \/>\n                     <figcaption>\n                        <i class=\"fa fa-plus\"><\/i>\n                        <p><\/p>\n                     <\/figcaption>\n                      \n            <\/figure><\/a><\/div> <div class=\"col-md-3 col-sm-4 col-xs-6\"><a class=\"plm-icon-hov\" href=\"https:\/\/katowice.energy2000.pl\/wp-content\/uploads\/2022\/12\/970A1392-1024x683.jpg\" title=\"\" data-rel=\"plm-lightbox-gallery-cGxtLWxpZ2h0Ym94LWdhbGxlcnktY0d4dExXeHBaMmgwWW05NA==\" data-rl_title=\"\" data-rl_caption=\"\"><figure class=\"effect-bubba\">\n                <img src=\"https:\/\/katowice.energy2000.pl\/wp-content\/uploads\/2022\/12\/970A1392-330x220.jpg\" alt=\"\" \/>\n                     <figcaption>\n                        <i class=\"fa fa-plus\"><\/i>\n                        <p><\/p>\n                     <\/figcaption>\n                      \n            <\/figure><\/a><\/div> <div class=\"col-md-3 col-sm-4 col-xs-6\"><a class=\"plm-icon-hov\" href=\"https:\/\/katowice.energy2000.pl\/wp-content\/uploads\/2022\/12\/970A1315-683x1024.jpg\" title=\"\" data-rel=\"plm-lightbox-gallery-cGxtLWxpZ2h0Ym94LWdhbGxlcnktY0d4dExXeHBaMmgwWW05NA==\" data-rl_title=\"\" data-rl_caption=\"\"><figure class=\"effect-bubba\">\n                <img src=\"https:\/\/katowice.energy2000.pl\/wp-content\/uploads\/2022\/12\/970A1315-330x220.jpg\" alt=\"\" \/>\n                     <figcaption>\n                        <i class=\"fa fa-plus\"><\/i>\n                        <p><\/p>\n                     <\/figcaption>\n                      \n            <\/figure><\/a><\/div><\/div>","protected":false},"excerpt":{"rendered":"<p>Imprezy firmowe w Energy 2000 Katowice Imprezy, integracje, wigilie firmowe Jubileusze Spotkania biznesowe Bankiety, prezentacje produktowe oraz wiele innych Dlaczego warto nas wybra\u0107? Urozmaicona przestrze\u0144 klubowa do dyspozycji ponad 2000 m2 3 sale: Sala G\u0142\u00f3wna, Sala VIP, Sala Dance (sale &#8230; <a class=\"Rmore tbutton small\" href=\"https:\/\/katowice.energy2000.pl\/cs\/dla-biznesu\/\"><span>Viz v\u00edce \"<\/span><\/a><\/p>","protected":false},"author":2,"featured_media":0,"parent":0,"menu_order":19,"comment_status":"closed","ping_status":"closed","template":"page-col-12.php","meta":[],"yoast_head":"<!-- This site is optimized with the Yoast SEO plugin v19.2 - https:\/\/yoast.com\/wordpress\/plugins\/seo\/ -->\n<title>Dla Biznesu - Energy2000 - Katowice<\/title>\n<meta name=\"robots\" content=\"index, follow, max-snippet:-1, max-image-preview:large, max-video-preview:-1\" \/>\n<link rel=\"canonical\" href=\"https:\/\/katowice.energy2000.pl\/cs\/dla-biznesu\/\" \/>\n<meta property=\"og:locale\" content=\"cs_CZ\" \/>\n<meta property=\"og:type\" content=\"article\" \/>\n<meta property=\"og:title\" content=\"Dla Biznesu - Energy2000 - Katowice\" \/>\n<meta property=\"og:description\" content=\"Imprezy firmowe w Energy 2000 Katowice Imprezy, integracje, wigilie firmowe Jubileusze Spotkania biznesowe Bankiety, prezentacje produktowe oraz wiele innych Dlaczego warto nas wybra\u0107? Urozmaicona przestrze\u0144 klubowa do dyspozycji ponad 2000 m2 3 sale: Sala G\u0142\u00f3wna, Sala VIP, Sala Dance (sale ... Zobacz Wi\u0119cej \u00bb\" \/>\n<meta property=\"og:url\" content=\"https:\/\/katowice.energy2000.pl\/cs\/dla-biznesu\/\" \/>\n<meta property=\"og:site_name\" content=\"Energy2000 - Katowice\" \/>\n<meta property=\"article:modified_time\" content=\"2025-10-23T06:53:59+00:00\" \/>\n<meta property=\"og:image\" content=\"https:\/\/katowice.energy2000.pl\/wp-content\/uploads\/2025\/10\/oferta.png\" \/>\n<meta name=\"author\" content=\"Micha\u0142 W\u0105tkowski\" \/>\n<meta name=\"twitter:card\" content=\"summary_large_image\" \/>\n<meta name=\"twitter:label1\" content=\"Odhadovan\u00e1 doba \u010dten\u00ed\" \/>\n\t<meta name=\"twitter:data1\" content=\"2 minuty\" \/>\n<script type=\"application\/ld+json\" class=\"yoast-schema-graph\">{\"@context\":\"https:\/\/schema.org\",\"@graph\":[{\"@type\":\"WebSite\",\"@id\":\"https:\/\/katowice.energy2000.pl\/#website\",\"url\":\"https:\/\/katowice.energy2000.pl\/\",\"name\":\"Energy2000 - Katowice\",\"description\":\"Najlepszy Klub na \u015bl\u0105sku\",\"potentialAction\":[{\"@type\":\"SearchAction\",\"target\":{\"@type\":\"EntryPoint\",\"urlTemplate\":\"https:\/\/katowice.energy2000.pl\/?s={search_term_string}\"},\"query-input\":\"required name=search_term_string\"}],\"inLanguage\":\"cs\"},{\"@type\":\"ImageObject\",\"inLanguage\":\"cs\",\"@id\":\"https:\/\/katowice.energy2000.pl\/dla-biznesu\/#primaryimage\",\"url\":\"https:\/\/katowice.energy2000.pl\/wp-content\/uploads\/2025\/10\/oferta.png\",\"contentUrl\":\"https:\/\/katowice.energy2000.pl\/wp-content\/uploads\/2025\/10\/oferta.png\",\"width\":710,\"height\":71},{\"@type\":\"WebPage\",\"@id\":\"https:\/\/katowice.energy2000.pl\/dla-biznesu\/#webpage\",\"url\":\"https:\/\/katowice.energy2000.pl\/dla-biznesu\/\",\"name\":\"Dla Biznesu - Energy2000 - Katowice\",\"isPartOf\":{\"@id\":\"https:\/\/katowice.energy2000.pl\/#website\"},\"primaryImageOfPage\":{\"@id\":\"https:\/\/katowice.energy2000.pl\/dla-biznesu\/#primaryimage\"},\"datePublished\":\"2022-12-02T08:54:53+00:00\",\"dateModified\":\"2025-10-23T06:53:59+00:00\",\"breadcrumb\":{\"@id\":\"https:\/\/katowice.energy2000.pl\/dla-biznesu\/#breadcrumb\"},\"inLanguage\":\"cs\",\"potentialAction\":[{\"@type\":\"ReadAction\",\"target\":[\"https:\/\/katowice.energy2000.pl\/dla-biznesu\/\"]}]},{\"@type\":\"BreadcrumbList\",\"@id\":\"https:\/\/katowice.energy2000.pl\/dla-biznesu\/#breadcrumb\",\"itemListElement\":[{\"@type\":\"ListItem\",\"position\":1,\"name\":\"Strona g\u0142\u00f3wna\",\"item\":\"https:\/\/katowice.energy2000.pl\/\"},{\"@type\":\"ListItem\",\"position\":2,\"name\":\"Dla Biznesu\"}]}]}<\/script>\n<!-- \/ Yoast SEO plugin. -->","yoast_head_json":{"title":"Dla Biznesu - Energy2000 - Katowice","robots":{"index":"index","follow":"follow","max-snippet":"max-snippet:-1","max-image-preview":"max-image-preview:large","max-video-preview":"max-video-preview:-1"},"canonical":"https:\/\/katowice.energy2000.pl\/cs\/dla-biznesu\/","og_locale":"cs_CZ","og_type":"article","og_title":"Dla Biznesu - Energy2000 - Katowice","og_description":"Imprezy firmowe w Energy 2000 Katowice Imprezy, integracje, wigilie firmowe Jubileusze Spotkania biznesowe Bankiety, prezentacje produktowe oraz wiele innych Dlaczego warto nas wybra\u0107? Urozmaicona przestrze\u0144 klubowa do dyspozycji ponad 2000 m2 3 sale: Sala G\u0142\u00f3wna, Sala VIP, Sala Dance (sale ... Zobacz Wi\u0119cej \u00bb","og_url":"https:\/\/katowice.energy2000.pl\/cs\/dla-biznesu\/","og_site_name":"Energy2000 - Katowice","article_modified_time":"2025-10-23T06:53:59+00:00","og_image":[{"url":"https:\/\/katowice.energy2000.pl\/wp-content\/uploads\/2025\/10\/oferta.png"}],"author":"Micha\u0142 W\u0105tkowski","twitter_card":"summary_large_image","twitter_misc":{"Odhadovan\u00e1 doba \u010dten\u00ed":"2 minuty"},"schema":{"@context":"https:\/\/schema.org","@graph":[{"@type":"WebSite","@id":"https:\/\/katowice.energy2000.pl\/#website","url":"https:\/\/katowice.energy2000.pl\/","name":"Energy2000 - Katowice","description":"Najlepszy Klub na \u015bl\u0105sku","potentialAction":[{"@type":"SearchAction","target":{"@type":"EntryPoint","urlTemplate":"https:\/\/katowice.energy2000.pl\/?s={search_term_string}"},"query-input":"required name=search_term_string"}],"inLanguage":"cs"},{"@type":"ImageObject","inLanguage":"cs","@id":"https:\/\/katowice.energy2000.pl\/dla-biznesu\/#primaryimage","url":"https:\/\/katowice.energy2000.pl\/wp-content\/uploads\/2025\/10\/oferta.png","contentUrl":"https:\/\/katowice.energy2000.pl\/wp-content\/uploads\/2025\/10\/oferta.png","width":710,"height":71},{"@type":"WebPage","@id":"https:\/\/katowice.energy2000.pl\/dla-biznesu\/#webpage","url":"https:\/\/katowice.energy2000.pl\/dla-biznesu\/","name":"Dla Biznesu - Energy2000 - Katowice","isPartOf":{"@id":"https:\/\/katowice.energy2000.pl\/#website"},"primaryImageOfPage":{"@id":"https:\/\/katowice.energy2000.pl\/dla-biznesu\/#primaryimage"},"datePublished":"2022-12-02T08:54:53+00:00","dateModified":"2025-10-23T06:53:59+00:00","breadcrumb":{"@id":"https:\/\/katowice.energy2000.pl\/dla-biznesu\/#breadcrumb"},"inLanguage":"cs","potentialAction":[{"@type":"ReadAction","target":["https:\/\/katowice.energy2000.pl\/dla-biznesu\/"]}]},{"@type":"BreadcrumbList","@id":"https:\/\/katowice.energy2000.pl\/dla-biznesu\/#breadcrumb","itemListElement":[{"@type":"ListItem","position":1,"name":"Strona g\u0142\u00f3wna","item":"https:\/\/katowice.energy2000.pl\/"},{"@type":"ListItem","position":2,"name":"Dla Biznesu"}]}]}},"_links":{"self":[{"href":"https:\/\/katowice.energy2000.pl\/cs\/wp-json\/wp\/v2\/pages\/136880"}],"collection":[{"href":"https:\/\/katowice.energy2000.pl\/cs\/wp-json\/wp\/v2\/pages"}],"about":[{"href":"https:\/\/katowice.energy2000.pl\/cs\/wp-json\/wp\/v2\/types\/page"}],"author":[{"embeddable":true,"href":"https:\/\/katowice.energy2000.pl\/cs\/wp-json\/wp\/v2\/users\/2"}],"replies":[{"embeddable":true,"href":"https:\/\/katowice.energy2000.pl\/cs\/wp-json\/wp\/v2\/comments?post=136880"}],"version-history":[{"count":32,"href":"https:\/\/katowice.energy2000.pl\/cs\/wp-json\/wp\/v2\/pages\/136880\/revisions"}],"predecessor-version":[{"id":185539,"href":"https:\/\/katowice.energy2000.pl\/cs\/wp-json\/wp\/v2\/pages\/136880\/revisions\/185539"}],"wp:attachment":[{"href":"https:\/\/katowice.energy2000.pl\/cs\/wp-json\/wp\/v2\/media?parent=136880"}],"curies":[{"name":"wp","href":"https:\/\/api.w.org\/{rel}","templated":true}]}}