{"id":174663,"date":"2025-02-17T10:49:15","date_gmt":"2025-02-17T09:49:15","guid":{"rendered":"https:\/\/katowice.energy2000.pl\/?page_id=174663"},"modified":"2025-09-25T12:10:12","modified_gmt":"2025-09-25T10:10:12","slug":"single-party-w-katowicach","status":"publish","type":"page","link":"https:\/\/katowice.energy2000.pl\/cs\/single-party-w-katowicach\/","title":{"rendered":"Single Party w Katowicach"},"content":{"rendered":"<h2>Impreza dla singli \u2013 szansa na nowe znajomo\u015bci i najlepsz\u0105 zabaw\u0119<\/h2>\n<p>Zastanawiasz si\u0119 nad tym, czy w klubie mo\u017cna pozna\u0107 kogo\u015b wyj\u0105tkowego? Skoro Ty tam jeste\u015b, mo\u017ce r\u00f3wnie dobrze by\u0107 tam osoba o podobnych zainteresowaniach, kt\u00f3ra r\u00f3wnie\u017c chce si\u0119 odpr\u0119\u017cy\u0107, oderwa\u0107 od codzienno\u015bci i nawi\u0105za\u0107 nowe znajomo\u015bci. Flirt, mi\u0142o\u015b\u0107, przygoda na jeden wiecz\u00f3r czy mo\u017ce zabawa wy\u0142\u0105cznie we w\u0142asnym gronie? Wszystko jest mo\u017cliwe na takiej imprezie.<\/p>\n<h2>Czym jest single party?<\/h2>\n<p>Czy imprezy dla singli s\u0105 wy\u0142\u0105cznie dla os\u00f3b, kt\u00f3re nie s\u0105 w zwi\u0105zku? Mo\u017ce Ci\u0119 to zaskoczy, ale nie. Ka\u017cdy mo\u017ce przyj\u015b\u0107 do lokalu, by si\u0119 pobawi\u0107 i sp\u0119dzi\u0107 mi\u0142o czas w fantastycznej atmosferze. Jednak jest co\u015b, co wyr\u00f3\u017cnia te wieczory od innych. Klubowicze otrzymuj\u0105 opaski, za pomoc\u0105 kt\u00f3rych okre\u015blaj\u0105 swoje intencje. Tego rodzaju gad\u017cety s\u0105 w r\u00f3\u017cnych kolorach, co pomaga uczestnikom wyrazi\u0107 preferencje dotycz\u0105ce celu przybycia na imprez\u0119.<\/p>\n<p><strong>Oto, co oznaczaj\u0105 poszczeg\u00f3lne kolory opasek:<\/strong><br \/>\n&#8211; zielona \u2013 jestem singielk\u0105\/singlem \u2013 szukam nowych znajomo\u015bci,<br \/>\n&#8211; niebieska \u2013 jestem gotowa\/gotowy do dzia\u0142ania,<br \/>\n&#8211; r\u00f3\u017cowa \u2013 mo\u017cesz zaprosi\u0107 mnie na drinka,<br \/>\n&#8211; czerwona \u2013 jestem zaj\u0119ta\/zaj\u0119ty,<br \/>\n&#8211; pomara\u0144czowa \u2013 oznaczaj\u0105ca \u201epij\u0119 i nie tylko ta\u0144cz\u0119\u201d.<br \/>\nSystem opaskowy pozwala unikn\u0105\u0107 niezr\u0119cznych sytuacji, gdy brakuje pewno\u015bci, czy kto\u015b jest otwarty na znajomo\u015bci i u\u0142atwia nawi\u0105zanie kontaktu.<\/p>\n<h2>Cykliczne imprezy dla singli \u2013 sprawd\u017a, dlaczego warto na nich bywa\u0107<\/h2>\n<p>Wybieraj\u0105c si\u0119 do klubu, postaw na dobr\u0105 zabaw\u0119 bez presji! Imprezy dla singli organizowane w Energy 2000 Katowice to cykliczne wydarzenia, kt\u00f3re zapewniaj\u0105 Ci mo\u017cliwo\u015b\u0107 \u015bwietnej zabawy w gronie pozytywnych os\u00f3b. Nie musisz si\u0119 martwi\u0107, \u017ce tym razem nie poznasz mi\u0142o\u015bci \u017cycia \u2013 je\u015bli nie uda si\u0119 podczas najbli\u017cszego wydarzenia, masz wiele kolejnych okazji, by spr\u00f3bowa\u0107 ponownie! Ka\u017cda edycja to szansa na to, by zdobywa\u0107 niezapomniane wspomnienia. Je\u015bli jeszcze zastanawiasz si\u0119 nad tym, czy warto przyj\u015b\u0107 do Energy 2000, z pewno\u015bci\u0105 przekona Ci\u0119 to, \u017ce klub s\u0142ynie z du\u017cej r\u00f3\u017cnorodno\u015bci muzycznej. Zar\u00f3wno fani nowoczesnego brzmienia, jak i retro klimat\u00f3w b\u0119d\u0105 usatysfakcjonowani z repertuaru, kt\u00f3ry serwuj\u0105 najlepsi DJ-e. Muzyka podgrzeje atmosfer\u0119 w lokalu i stanie si\u0119 doskona\u0142ym t\u0142em dla mi\u0142osnych podboj\u00f3w \u2013 tak jak ca\u0142a oprawa imprezy, kt\u00f3ra sprzyja nawi\u0105zywaniu nowych znajomo\u015bci.<\/p>\n<p>Ka\u017cde wydarzenie jest starannie przygotowywane, by mia\u0142o niepowtarzalny charakter, sylwester, <a href=\"https:\/\/katowice.energy2000.pl\/cs\/andrzejki-w-katowicach\/\">Andrzejki<\/a>, urodziny. To nie tylko kwestia doskona\u0142ej muzyki, ale tak\u017ce wyj\u0105tkowych wizualizacji, efekt\u00f3w \u015bwietlnych, laser\u00f3w i dekoracji, kt\u00f3re sprawiaj\u0105, \u017ce klub staje si\u0119 miejscem pe\u0142nym magii i pozytywnej energii. Z pewno\u015bci\u0105 poczujesz mi\u0142osny vibe. Ka\u017cdy detal, od o\u015bwietlenia po d\u017awi\u0119k, jest dopasowany do tematyki imprezy, by wprowadzi\u0107 Ci\u0119 w odpowiedni nastr\u00f3j.<\/p>\n<h2>Nie przegap dobrej imprezy \u2013 single mile widziani!<\/h2>\n<p>W przestronnych wn\u0119trzach klubu znajdziesz kilka stref muzycznych oraz profesjonaln\u0105 obs\u0142ug\u0119. Warto wcze\u015bniej kupi\u0107 bilet lub te\u017c zarezerwowa\u0107 lo\u017c\u0119, poniewa\u017c imprezy w Energy 2000 Katowice ciesz\u0105 si\u0119 wyj\u0105tkow\u0105 popularno\u015bci\u0105. Nie mo\u017ce Ci\u0119 zabrakn\u0105\u0107. Zanim wybierzesz si\u0119 do klubu poza zakupem wej\u015bci\u00f3wki zadbaj te\u017c o odpowiedni nastr\u00f3j i look \u2013 dobrze dobrana stylizacja pomaga wyrazi\u0107 siebie. Wybierz str\u00f3j, w kt\u00f3rym b\u0119dziesz czu\u0107 si\u0119 pewnie i swobodnie, a przy tym pami\u0119taj, \u017ce w lokalu obowi\u0105zuje okre\u015blony dress code \u2013 spodnie i bluzy sportowe zostaw na inn\u0105 okazj\u0119.<\/p>\n<h2>Uwaga wszyscy single \u2013 Katowice zapraszaj\u0105<\/h2>\n<p>Dyskoteka dla singli to wyj\u0105tkowe wydarzenie, na kt\u00f3re warto przybywa\u0107 z r\u00f3\u017cnych stron Polski. Otw\u00f3rz si\u0119 na nowe znajomo\u015bci, baw si\u0119 wy\u015bmienicie i daj sobie szans\u0119 na to, by od\u015bwie\u017cy\u0107 swoje \u017cycie towarzyskie. Mo\u017ce czeka na Ciebie <a href=\"https:\/\/katowice.energy2000.pl\/cs\/randka-katowice\/\">randka<\/a> w ciemno? Warto wiedzie\u0107, \u017ce klub otrzyma\u0142 certyfikat jako\u015bci ISO 9001, co oznacza, \u017ce mo\u017cesz liczy\u0107 na najwy\u017cszy standard organizacji i bezpiecze\u0144stwa, i czu\u0107 si\u0119 swobodnie, celebruj\u0105c dobre chwile.<\/p>","protected":false},"excerpt":{"rendered":"<p>Impreza dla singli \u2013 szansa na nowe znajomo\u015bci i najlepsz\u0105 zabaw\u0119 Zastanawiasz si\u0119 nad tym, czy w klubie mo\u017cna pozna\u0107 kogo\u015b wyj\u0105tkowego? Skoro Ty tam jeste\u015b, mo\u017ce r\u00f3wnie dobrze by\u0107 tam osoba o podobnych zainteresowaniach, kt\u00f3ra r\u00f3wnie\u017c chce si\u0119 odpr\u0119\u017cy\u0107, &#8230; <a class=\"Rmore tbutton small\" href=\"https:\/\/katowice.energy2000.pl\/cs\/single-party-w-katowicach\/\"><span>Viz v\u00edce \"<\/span><\/a><\/p>","protected":false},"author":4290,"featured_media":0,"parent":0,"menu_order":15,"comment_status":"closed","ping_status":"closed","template":"","meta":[],"yoast_head":"<!-- This site is optimized with the Yoast SEO plugin v19.2 - https:\/\/yoast.com\/wordpress\/plugins\/seo\/ -->\n<title>Single Party w Katowicach - Energy2000 - Katowice<\/title>\n<meta name=\"description\" content=\"Najlepsze single Party w Energy2000 Katowice!! Poznaj nowe osoby i bawcie si\u0119 razem do bia\u0142ego rana. Gwarantujemy \u015bwietn\u0105 muzyk\u0119, najlepsze drinki i niezapomnian\u0105 zabaw\u0119!\" \/>\n<meta name=\"robots\" content=\"index, follow, max-snippet:-1, max-image-preview:large, max-video-preview:-1\" \/>\n<link rel=\"canonical\" href=\"https:\/\/katowice.energy2000.pl\/cs\/single-party-w-katowicach\/\" \/>\n<meta property=\"og:locale\" content=\"cs_CZ\" \/>\n<meta property=\"og:type\" content=\"article\" \/>\n<meta property=\"og:title\" content=\"Single Party w Katowicach - Energy2000 - Katowice\" \/>\n<meta property=\"og:description\" content=\"Najlepsze single Party w Energy2000 Katowice!! Poznaj nowe osoby i bawcie si\u0119 razem do bia\u0142ego rana. Gwarantujemy \u015bwietn\u0105 muzyk\u0119, najlepsze drinki i niezapomnian\u0105 zabaw\u0119!\" \/>\n<meta property=\"og:url\" content=\"https:\/\/katowice.energy2000.pl\/cs\/single-party-w-katowicach\/\" \/>\n<meta property=\"og:site_name\" content=\"Energy2000 - Katowice\" \/>\n<meta property=\"article:modified_time\" content=\"2025-09-25T10:10:12+00:00\" \/>\n<meta name=\"author\" content=\"SEO\" \/>\n<meta name=\"twitter:card\" content=\"summary_large_image\" \/>\n<meta name=\"twitter:label1\" content=\"Odhadovan\u00e1 doba \u010dten\u00ed\" \/>\n\t<meta name=\"twitter:data1\" content=\"3 minuty\" \/>\n<script type=\"application\/ld+json\" class=\"yoast-schema-graph\">{\"@context\":\"https:\/\/schema.org\",\"@graph\":[{\"@type\":\"WebSite\",\"@id\":\"https:\/\/katowice.energy2000.pl\/#website\",\"url\":\"https:\/\/katowice.energy2000.pl\/\",\"name\":\"Energy2000 - Katowice\",\"description\":\"Najlepszy Klub na \u015bl\u0105sku\",\"potentialAction\":[{\"@type\":\"SearchAction\",\"target\":{\"@type\":\"EntryPoint\",\"urlTemplate\":\"https:\/\/katowice.energy2000.pl\/?s={search_term_string}\"},\"query-input\":\"required name=search_term_string\"}],\"inLanguage\":\"cs\"},{\"@type\":\"WebPage\",\"@id\":\"https:\/\/katowice.energy2000.pl\/single-party-w-katowicach\/#webpage\",\"url\":\"https:\/\/katowice.energy2000.pl\/single-party-w-katowicach\/\",\"name\":\"Single Party w Katowicach - Energy2000 - Katowice\",\"isPartOf\":{\"@id\":\"https:\/\/katowice.energy2000.pl\/#website\"},\"datePublished\":\"2025-02-17T09:49:15+00:00\",\"dateModified\":\"2025-09-25T10:10:12+00:00\",\"description\":\"Najlepsze single Party w Energy2000 Katowice!! Poznaj nowe osoby i bawcie si\u0119 razem do bia\u0142ego rana. Gwarantujemy \u015bwietn\u0105 muzyk\u0119, najlepsze drinki i niezapomnian\u0105 zabaw\u0119!\",\"breadcrumb\":{\"@id\":\"https:\/\/katowice.energy2000.pl\/single-party-w-katowicach\/#breadcrumb\"},\"inLanguage\":\"cs\",\"potentialAction\":[{\"@type\":\"ReadAction\",\"target\":[\"https:\/\/katowice.energy2000.pl\/single-party-w-katowicach\/\"]}]},{\"@type\":\"BreadcrumbList\",\"@id\":\"https:\/\/katowice.energy2000.pl\/single-party-w-katowicach\/#breadcrumb\",\"itemListElement\":[{\"@type\":\"ListItem\",\"position\":1,\"name\":\"Strona g\u0142\u00f3wna\",\"item\":\"https:\/\/katowice.energy2000.pl\/\"},{\"@type\":\"ListItem\",\"position\":2,\"name\":\"Single Party w Katowicach\"}]}]}<\/script>\n<!-- \/ Yoast SEO plugin. -->","yoast_head_json":{"title":"Single Party w Katowicach - Energy2000 - Katowice","description":"Najlepsze single Party w Energy2000 Katowice!! Poznaj nowe osoby i bawcie si\u0119 razem do bia\u0142ego rana. Gwarantujemy \u015bwietn\u0105 muzyk\u0119, najlepsze drinki i niezapomnian\u0105 zabaw\u0119!","robots":{"index":"index","follow":"follow","max-snippet":"max-snippet:-1","max-image-preview":"max-image-preview:large","max-video-preview":"max-video-preview:-1"},"canonical":"https:\/\/katowice.energy2000.pl\/cs\/single-party-w-katowicach\/","og_locale":"cs_CZ","og_type":"article","og_title":"Single Party w Katowicach - Energy2000 - Katowice","og_description":"Najlepsze single Party w Energy2000 Katowice!! Poznaj nowe osoby i bawcie si\u0119 razem do bia\u0142ego rana. Gwarantujemy \u015bwietn\u0105 muzyk\u0119, najlepsze drinki i niezapomnian\u0105 zabaw\u0119!","og_url":"https:\/\/katowice.energy2000.pl\/cs\/single-party-w-katowicach\/","og_site_name":"Energy2000 - Katowice","article_modified_time":"2025-09-25T10:10:12+00:00","author":"SEO","twitter_card":"summary_large_image","twitter_misc":{"Odhadovan\u00e1 doba \u010dten\u00ed":"3 minuty"},"schema":{"@context":"https:\/\/schema.org","@graph":[{"@type":"WebSite","@id":"https:\/\/katowice.energy2000.pl\/#website","url":"https:\/\/katowice.energy2000.pl\/","name":"Energy2000 - Katowice","description":"Najlepszy Klub na \u015bl\u0105sku","potentialAction":[{"@type":"SearchAction","target":{"@type":"EntryPoint","urlTemplate":"https:\/\/katowice.energy2000.pl\/?s={search_term_string}"},"query-input":"required name=search_term_string"}],"inLanguage":"cs"},{"@type":"WebPage","@id":"https:\/\/katowice.energy2000.pl\/single-party-w-katowicach\/#webpage","url":"https:\/\/katowice.energy2000.pl\/single-party-w-katowicach\/","name":"Single Party w Katowicach - Energy2000 - Katowice","isPartOf":{"@id":"https:\/\/katowice.energy2000.pl\/#website"},"datePublished":"2025-02-17T09:49:15+00:00","dateModified":"2025-09-25T10:10:12+00:00","description":"Najlepsze single Party w Energy2000 Katowice!! Poznaj nowe osoby i bawcie si\u0119 razem do bia\u0142ego rana. Gwarantujemy \u015bwietn\u0105 muzyk\u0119, najlepsze drinki i niezapomnian\u0105 zabaw\u0119!","breadcrumb":{"@id":"https:\/\/katowice.energy2000.pl\/single-party-w-katowicach\/#breadcrumb"},"inLanguage":"cs","potentialAction":[{"@type":"ReadAction","target":["https:\/\/katowice.energy2000.pl\/single-party-w-katowicach\/"]}]},{"@type":"BreadcrumbList","@id":"https:\/\/katowice.energy2000.pl\/single-party-w-katowicach\/#breadcrumb","itemListElement":[{"@type":"ListItem","position":1,"name":"Strona g\u0142\u00f3wna","item":"https:\/\/katowice.energy2000.pl\/"},{"@type":"ListItem","position":2,"name":"Single Party w Katowicach"}]}]}},"_links":{"self":[{"href":"https:\/\/katowice.energy2000.pl\/cs\/wp-json\/wp\/v2\/pages\/174663"}],"collection":[{"href":"https:\/\/katowice.energy2000.pl\/cs\/wp-json\/wp\/v2\/pages"}],"about":[{"href":"https:\/\/katowice.energy2000.pl\/cs\/wp-json\/wp\/v2\/types\/page"}],"author":[{"embeddable":true,"href":"https:\/\/katowice.energy2000.pl\/cs\/wp-json\/wp\/v2\/users\/4290"}],"replies":[{"embeddable":true,"href":"https:\/\/katowice.energy2000.pl\/cs\/wp-json\/wp\/v2\/comments?post=174663"}],"version-history":[{"count":5,"href":"https:\/\/katowice.energy2000.pl\/cs\/wp-json\/wp\/v2\/pages\/174663\/revisions"}],"predecessor-version":[{"id":184214,"href":"https:\/\/katowice.energy2000.pl\/cs\/wp-json\/wp\/v2\/pages\/174663\/revisions\/184214"}],"wp:attachment":[{"href":"https:\/\/katowice.energy2000.pl\/cs\/wp-json\/wp\/v2\/media?parent=174663"}],"curies":[{"name":"wp","href":"https:\/\/api.w.org\/{rel}","templated":true}]}}