{"id":176093,"date":"2025-03-10T11:43:01","date_gmt":"2025-03-10T10:43:01","guid":{"rendered":"https:\/\/katowice.energy2000.pl\/?page_id=176093"},"modified":"2026-02-02T15:13:53","modified_gmt":"2026-02-02T14:13:53","slug":"wieczor-panienski-katowice","status":"publish","type":"page","link":"https:\/\/katowice.energy2000.pl\/cs\/noc-pro-slepice-v-katowicich\/","title":{"rendered":"Slepi\u010d\u00ed noc v Katovic\u00edch - kde ji uspo\u0159\u00e1dat?"},"content":{"rendered":"<p>Hled\u00e1te n\u00e1pad na uspo\u0159\u00e1d\u00e1n\u00ed rozlu\u010dky se svobodou ve Slezsku? Katovice jsou m\u011bstem, kter\u00e9 nab\u00edz\u00ed \u0161irokou \u0161k\u00e1lu atrakc\u00ed. A\u0165 u\u017e budouc\u00ed nev\u011bsta r\u00e1da tr\u00e1v\u00ed \u010das aktivn\u011b, nebo sp\u00ed\u0161e v klidu, ur\u010dit\u011b najdete n\u011bco ide\u00e1ln\u00edho pro oslavu tohoto v\u00fdjime\u010dn\u00e9ho dne. Pot\u00e9, co si ve\u010der u\u017eijete nejr\u016fzn\u011bj\u0161\u00ed z\u00e1bavn\u00ed aktivity, vydejte se do klubu Energy, abyste poc\u00edtili pozitivn\u00ed energii, kter\u00e1 v\u0161echny nalad\u00ed na p\u00e1rty.<\/p>\n<h2>Rozlu\u010dka se svobodou v klubu nebo doma?<\/h2>\n<p>Mo\u017en\u00e1 p\u0159em\u00fd\u0161l\u00edte o tom, zda si pro svou rozlu\u010dku se svobodou vybrat klub, nebo uspo\u0159\u00e1dat ve\u010d\u00edrek doma. Jedno samoz\u0159ejm\u011b nevylu\u010duje druh\u00e9. Jednou z mo\u017enost\u00ed je sej\u00edt se v byt\u011b nebo v pronajat\u00e9m byt\u011b, kde budou m\u00edt \u00fa\u010dastn\u00edci akce mo\u017enost se sezn\u00e1mit, pokud k tomu dosud nem\u011bli p\u0159\u00edle\u017eitost, a str\u00e1vit spolu n\u011bjak\u00fd \u010das p\u0159ed odchodem na m\u00edsto kon\u00e1n\u00ed.<\/p>\n<p>Dom\u00f3wki w damskim gronie maj\u0105 sw\u00f3j klimat. Kameralna atmosfera sprzyja swobodnym rozmowom, wspomnieniom i szczerym zwierzeniom. Jednak zwykle pojawia si\u0119 ochota, by wyj\u015b\u0107 na wiecz\u00f3r panie\u0144ski w klubie, gdzie mo\u017cna poczu\u0107 prawdziwy zabawowy klimat, szalej\u0105c do bia\u0142ego rana w ulubionej <a href=\"https:\/\/katowice.energy2000.pl\/cs\/jak-sie-ubrac-do-klubu\/\">stylizacji<\/a>. Dlatego warto wcze\u015bniej zadba\u0107 o rezerwacj\u0119 lo\u017cy lub zabookowa\u0107 VIP Premium Room, by mie\u0107 pewno\u015b\u0107, \u017ce ca\u0142ej grupie b\u0119dzie wygodnie i komfortowo. Tym bardziej \u017ce Energy 2000 na wiecz\u00f3r panie\u0144ski w Katowicach oferuje specjalne atrakcyjne promocje \u2013 op\u0142acaj\u0105c lo\u017c\u0119, mo\u017cna otrzyma\u0107 darmowe wej\u015bci\u00f3wki i voucher do wykorzystania na barze. Szczeg\u00f3\u0142y warto pozna\u0107, sprawdzaj\u0105c aktualne informacje na stronie klubu.<\/p>\n<h2>Jak\u00e9 atrakce lze v Katovic\u00edch uspo\u0159\u00e1dat na rozlu\u010dce se svobodou?<\/h2>\n<p>Zanim jednak wybierzecie si\u0119 do klubu, warto zaplanowa\u0107 <a href=\"https:\/\/katowice.energy2000.pl\/cs\/atrakcje-katowice\/\">atrakcje<\/a> na wiecz\u00f3r panie\u0144ski w Katowicach, kt\u00f3re urozmaic\u0105 czas. W zale\u017cno\u015bci od upodoba\u0144 przysz\u0142ej panny m\u0142odej i uczestniczek wydarzenia mo\u017cecie zdecydowa\u0107 si\u0119 na wsp\u00f3lne zabiegi piel\u0119gnacyjne, loty w tunelu aerodynamicznym lub nauk\u0119 pole dance. Niekt\u00f3re osoby wol\u0105 spokojnie posiedzie\u0107 przy winie w mi\u0142ej knajpce lub wybra\u0107 si\u0119 na warsztaty sushi, a dla innych ciekawsz\u0105 opcj\u0105 jest wizyta na strzelnicy czy przeja\u017cd\u017cka quadami.<\/p>\n<p>Toto je jen uk\u00e1zka n\u00e1pad\u016f na rozlu\u010dku se svobodou v Katovic\u00edch. Mo\u017enost\u00ed je mnohem v\u00edce a stoj\u00ed za to, abyste sv\u00e9 pl\u00e1ny probrali mezi sebou. Hrdinku akce m\u016f\u017eete p\u0159ekvapit, ale mus\u00edte zn\u00e1t jej\u00ed preference a dispozice, abyste se trefili do jej\u00edho vkusu. Pokud si nejste jisti, zda v\u00e1m vybran\u00e1 aktivita bude vyhovovat, je dobr\u00e9 se pro jistotu poptat.<\/p>\n<h2>Tematick\u00e9 ve\u010d\u00edrky - zp\u016fsob, jak vytvo\u0159it jedine\u010dnou atmosf\u00e9ru<\/h2>\n<p>P\u0159i po\u0159\u00e1d\u00e1n\u00ed rozlu\u010dky se svobodou v Katovic\u00edch je vhodn\u00e9 stanovit t\u00e9ma, kter\u00e9 dod\u00e1 setk\u00e1n\u00ed jedine\u010dn\u00fd charakter. V\u00fdb\u011br t\u00e9matu akce v\u00e1m umo\u017en\u00ed sestavit ucelen\u00e9 oble\u010den\u00ed, dekorace nebo dopl\u0148ky, d\u00edky nim\u017e se \u00fa\u010dastnice mohou c\u00edtit odli\u0161en\u00e9. To podporuje integraci. Speci\u00e1ln\u00ed prost\u0159ed\u00ed vytvo\u0159\u00ed jedine\u010dnou atmosf\u00e9ru.<\/p>\n<p>Stoj\u00ed za to v\u011bd\u011bt, \u017ee Energy 2000 v Katovic\u00edch po\u0159\u00e1d\u00e1 tematick\u00e9 akce, kter\u00e9 se mohou st\u00e1t dokonalou inspirac\u00ed pro rozlu\u010dku se svobodou. Nap\u0159\u00edklad akce jako \"RETRO PARTY\" p\u0159enesou \u00fa\u010dastn\u00edky do atmosf\u00e9ry minul\u00fdch desetilet\u00ed. P\u0159ed odchodem na diskot\u00e9ku si m\u016f\u017eete domluvit setk\u00e1n\u00ed doma, b\u011bhem kter\u00e9ho si p\u0159iprav\u00edte styling inspirovan\u00fd zvolenou dobou, v odpov\u00eddaj\u00edc\u00ed atmosf\u00e9\u0159e se nal\u00ed\u010d\u00edte a u\u010des\u00e1te a poslechnete si hity z dan\u00e9 \u00e9ry. Zaj\u00edmav\u00fdm n\u00e1padem je tak\u00e9 focen\u00ed. Je to skv\u011bl\u00fd zp\u016fsob, jak se naladit na party n\u00e1ladu a rozjet ve\u010d\u00edrek je\u0161t\u011b p\u0159edt\u00edm, ne\u017e se do klubu vyd\u00e1te.<\/p>\n<p>Krom\u011b tematick\u00fdch ve\u010d\u00edrk\u016f po\u0159\u00e1d\u00e1 Energy 2000 Katowice pravideln\u011b koncerty zn\u00e1m\u00fdch um\u011blc\u016f, kter\u00e9 stoj\u00ed za to zahrnout do pl\u00e1n\u016f na rozlu\u010dku se svobodou. Vystoupen\u00ed Kaz Ba\u0142agane b\u011bhem HIP-HOP NIGHT nebo Lucenzo se sv\u00fdm \u017eiv\u00fdm hitem \"Danza Kuduro\" poskytuj\u00ed nezapomenuteln\u00fd z\u00e1\u017eitek. Profesion\u00e1ln\u00ed tane\u010dn\u00edci a tane\u010dnice, velkolep\u00e1 sv\u011bteln\u00e1 show a pyrotechnika vytv\u00e1\u0159ej\u00ed atmosf\u00e9ru jako z Las Vegas a zaji\u0161\u0165uj\u00ed tu pravou party atmosf\u00e9ru. Sledov\u00e1n\u00edm kalend\u00e1\u0159e akc\u00ed na webov\u00fdch str\u00e1nk\u00e1ch klubu si m\u016f\u017eete napl\u00e1novat svou rozlu\u010dku se svobodou v Katovic\u00edch tak, abyste se mohli z\u00fa\u010dastnit koncertu sv\u00e9ho obl\u00edben\u00e9ho um\u011blce, d\u00edky n\u011bmu\u017e bude tento den opravdu v\u00fdjime\u010dn\u00fd.<\/p>","protected":false},"excerpt":{"rendered":"<p>Szukasz pomys\u0142u, by zorganizowa\u0107 wiecz\u00f3r panie\u0144ski na \u015al\u0105sku? Katowice to miasto, kt\u00f3re oferuje szerok\u0105 gam\u0119 atrakcji. Niezale\u017cnie od tego, czy przysz\u0142a panna m\u0142oda lubi sp\u0119dza\u0107 czas w spos\u00f3b aktywny, czy raczej spokojny, z pewno\u015bci\u0105 znajdziecie co\u015b idealnego, by celebrowa\u0107 ten &#8230; <a class=\"Rmore tbutton small\" href=\"https:\/\/katowice.energy2000.pl\/cs\/noc-pro-slepice-v-katowicich\/\"><span>Viz v\u00edce \"<\/span><\/a><\/p>","protected":false},"author":4290,"featured_media":0,"parent":0,"menu_order":14,"comment_status":"closed","ping_status":"closed","template":"","meta":[],"yoast_head":"<!-- This site is optimized with the Yoast SEO plugin v19.2 - https:\/\/yoast.com\/wordpress\/plugins\/seo\/ -->\n<title>Wiecz\u00f3r panie\u0144ski Katowice \u2013 gdzie zorganizowa\u0107? - Energy2000 - Katowice<\/title>\n<meta name=\"description\" content=\"Zorganizuj niezapomniany wiecz\u00f3r panie\u0144ski w klubie! Szalona zabawa, taniec do rana, wyj\u0105tkowa atmosfera i atrakcje, kt\u00f3re rozkr\u0119c\u0105 ka\u017cd\u0105 imprez\u0119!\" \/>\n<meta name=\"robots\" content=\"index, follow, max-snippet:-1, max-image-preview:large, max-video-preview:-1\" \/>\n<link rel=\"canonical\" href=\"https:\/\/katowice.energy2000.pl\/cs\/noc-pro-slepice-v-katowicich\/\" \/>\n<meta property=\"og:locale\" content=\"cs_CZ\" \/>\n<meta property=\"og:type\" content=\"article\" \/>\n<meta property=\"og:title\" content=\"Wiecz\u00f3r panie\u0144ski Katowice \u2013 gdzie zorganizowa\u0107? - Energy2000 - Katowice\" \/>\n<meta property=\"og:description\" content=\"Zorganizuj niezapomniany wiecz\u00f3r panie\u0144ski w klubie! Szalona zabawa, taniec do rana, wyj\u0105tkowa atmosfera i atrakcje, kt\u00f3re rozkr\u0119c\u0105 ka\u017cd\u0105 imprez\u0119!\" \/>\n<meta property=\"og:url\" content=\"https:\/\/katowice.energy2000.pl\/cs\/noc-pro-slepice-v-katowicich\/\" \/>\n<meta property=\"og:site_name\" content=\"Energy2000 - Katowice\" \/>\n<meta property=\"article:modified_time\" content=\"2026-02-02T14:13:53+00:00\" \/>\n<meta name=\"author\" content=\"SEO\" \/>\n<meta name=\"twitter:card\" content=\"summary_large_image\" \/>\n<meta name=\"twitter:label1\" content=\"Odhadovan\u00e1 doba \u010dten\u00ed\" \/>\n\t<meta name=\"twitter:data1\" content=\"4 minuty\" \/>\n<script type=\"application\/ld+json\" class=\"yoast-schema-graph\">{\"@context\":\"https:\/\/schema.org\",\"@graph\":[{\"@type\":\"WebSite\",\"@id\":\"https:\/\/katowice.energy2000.pl\/#website\",\"url\":\"https:\/\/katowice.energy2000.pl\/\",\"name\":\"Energy2000 - Katowice\",\"description\":\"Najlepszy Klub na \u015bl\u0105sku\",\"potentialAction\":[{\"@type\":\"SearchAction\",\"target\":{\"@type\":\"EntryPoint\",\"urlTemplate\":\"https:\/\/katowice.energy2000.pl\/?s={search_term_string}\"},\"query-input\":\"required name=search_term_string\"}],\"inLanguage\":\"cs\"},{\"@type\":\"WebPage\",\"@id\":\"https:\/\/katowice.energy2000.pl\/wieczor-panienski-katowice\/#webpage\",\"url\":\"https:\/\/katowice.energy2000.pl\/wieczor-panienski-katowice\/\",\"name\":\"Wiecz\u00f3r panie\u0144ski Katowice \u2013 gdzie zorganizowa\u0107? - Energy2000 - Katowice\",\"isPartOf\":{\"@id\":\"https:\/\/katowice.energy2000.pl\/#website\"},\"datePublished\":\"2025-03-10T10:43:01+00:00\",\"dateModified\":\"2026-02-02T14:13:53+00:00\",\"description\":\"Zorganizuj niezapomniany wiecz\u00f3r panie\u0144ski w klubie! Szalona zabawa, taniec do rana, wyj\u0105tkowa atmosfera i atrakcje, kt\u00f3re rozkr\u0119c\u0105 ka\u017cd\u0105 imprez\u0119!\",\"breadcrumb\":{\"@id\":\"https:\/\/katowice.energy2000.pl\/wieczor-panienski-katowice\/#breadcrumb\"},\"inLanguage\":\"cs\",\"potentialAction\":[{\"@type\":\"ReadAction\",\"target\":[\"https:\/\/katowice.energy2000.pl\/wieczor-panienski-katowice\/\"]}]},{\"@type\":\"BreadcrumbList\",\"@id\":\"https:\/\/katowice.energy2000.pl\/wieczor-panienski-katowice\/#breadcrumb\",\"itemListElement\":[{\"@type\":\"ListItem\",\"position\":1,\"name\":\"Strona g\u0142\u00f3wna\",\"item\":\"https:\/\/katowice.energy2000.pl\/\"},{\"@type\":\"ListItem\",\"position\":2,\"name\":\"Wiecz\u00f3r panie\u0144ski Katowice \u2013 gdzie zorganizowa\u0107?\"}]}]}<\/script>\n<!-- \/ Yoast SEO plugin. -->","yoast_head_json":{"title":"Wiecz\u00f3r panie\u0144ski Katowice \u2013 gdzie zorganizowa\u0107? - Energy2000 - Katowice","description":"Zorganizuj niezapomniany wiecz\u00f3r panie\u0144ski w klubie! Szalona zabawa, taniec do rana, wyj\u0105tkowa atmosfera i atrakcje, kt\u00f3re rozkr\u0119c\u0105 ka\u017cd\u0105 imprez\u0119!","robots":{"index":"index","follow":"follow","max-snippet":"max-snippet:-1","max-image-preview":"max-image-preview:large","max-video-preview":"max-video-preview:-1"},"canonical":"https:\/\/katowice.energy2000.pl\/cs\/noc-pro-slepice-v-katowicich\/","og_locale":"cs_CZ","og_type":"article","og_title":"Wiecz\u00f3r panie\u0144ski Katowice \u2013 gdzie zorganizowa\u0107? - Energy2000 - Katowice","og_description":"Zorganizuj niezapomniany wiecz\u00f3r panie\u0144ski w klubie! Szalona zabawa, taniec do rana, wyj\u0105tkowa atmosfera i atrakcje, kt\u00f3re rozkr\u0119c\u0105 ka\u017cd\u0105 imprez\u0119!","og_url":"https:\/\/katowice.energy2000.pl\/cs\/noc-pro-slepice-v-katowicich\/","og_site_name":"Energy2000 - Katowice","article_modified_time":"2026-02-02T14:13:53+00:00","author":"SEO","twitter_card":"summary_large_image","twitter_misc":{"Odhadovan\u00e1 doba \u010dten\u00ed":"4 minuty"},"schema":{"@context":"https:\/\/schema.org","@graph":[{"@type":"WebSite","@id":"https:\/\/katowice.energy2000.pl\/#website","url":"https:\/\/katowice.energy2000.pl\/","name":"Energy2000 - Katowice","description":"Najlepszy Klub na \u015bl\u0105sku","potentialAction":[{"@type":"SearchAction","target":{"@type":"EntryPoint","urlTemplate":"https:\/\/katowice.energy2000.pl\/?s={search_term_string}"},"query-input":"required name=search_term_string"}],"inLanguage":"cs"},{"@type":"WebPage","@id":"https:\/\/katowice.energy2000.pl\/wieczor-panienski-katowice\/#webpage","url":"https:\/\/katowice.energy2000.pl\/wieczor-panienski-katowice\/","name":"Wiecz\u00f3r panie\u0144ski Katowice \u2013 gdzie zorganizowa\u0107? - Energy2000 - Katowice","isPartOf":{"@id":"https:\/\/katowice.energy2000.pl\/#website"},"datePublished":"2025-03-10T10:43:01+00:00","dateModified":"2026-02-02T14:13:53+00:00","description":"Zorganizuj niezapomniany wiecz\u00f3r panie\u0144ski w klubie! Szalona zabawa, taniec do rana, wyj\u0105tkowa atmosfera i atrakcje, kt\u00f3re rozkr\u0119c\u0105 ka\u017cd\u0105 imprez\u0119!","breadcrumb":{"@id":"https:\/\/katowice.energy2000.pl\/wieczor-panienski-katowice\/#breadcrumb"},"inLanguage":"cs","potentialAction":[{"@type":"ReadAction","target":["https:\/\/katowice.energy2000.pl\/wieczor-panienski-katowice\/"]}]},{"@type":"BreadcrumbList","@id":"https:\/\/katowice.energy2000.pl\/wieczor-panienski-katowice\/#breadcrumb","itemListElement":[{"@type":"ListItem","position":1,"name":"Strona g\u0142\u00f3wna","item":"https:\/\/katowice.energy2000.pl\/"},{"@type":"ListItem","position":2,"name":"Wiecz\u00f3r panie\u0144ski Katowice \u2013 gdzie zorganizowa\u0107?"}]}]}},"_links":{"self":[{"href":"https:\/\/katowice.energy2000.pl\/cs\/wp-json\/wp\/v2\/pages\/176093"}],"collection":[{"href":"https:\/\/katowice.energy2000.pl\/cs\/wp-json\/wp\/v2\/pages"}],"about":[{"href":"https:\/\/katowice.energy2000.pl\/cs\/wp-json\/wp\/v2\/types\/page"}],"author":[{"embeddable":true,"href":"https:\/\/katowice.energy2000.pl\/cs\/wp-json\/wp\/v2\/users\/4290"}],"replies":[{"embeddable":true,"href":"https:\/\/katowice.energy2000.pl\/cs\/wp-json\/wp\/v2\/comments?post=176093"}],"version-history":[{"count":3,"href":"https:\/\/katowice.energy2000.pl\/cs\/wp-json\/wp\/v2\/pages\/176093\/revisions"}],"predecessor-version":[{"id":189216,"href":"https:\/\/katowice.energy2000.pl\/cs\/wp-json\/wp\/v2\/pages\/176093\/revisions\/189216"}],"wp:attachment":[{"href":"https:\/\/katowice.energy2000.pl\/cs\/wp-json\/wp\/v2\/media?parent=176093"}],"curies":[{"name":"wp","href":"https:\/\/api.w.org\/{rel}","templated":true}]}}