{"id":177670,"date":"2025-04-07T16:10:54","date_gmt":"2025-04-07T14:10:54","guid":{"rendered":"https:\/\/katowice.energy2000.pl\/?page_id=177670"},"modified":"2025-04-07T16:11:31","modified_gmt":"2025-04-07T14:11:31","slug":"wieczor-kawalerski-katowice","status":"publish","type":"page","link":"https:\/\/katowice.energy2000.pl\/cs\/wieczor-kawalerski-katowice\/","title":{"rendered":"Wiecz\u00f3r kawalerski Katowice"},"content":{"rendered":"<p>Przyj\u0119\u0142o si\u0119, \u017ce wiecz\u00f3r kawalerski powinien by\u0107 organizowany przez \u015bwiadka pana m\u0142odego i jego przyjaci\u00f3\u0142 oraz koleg\u00f3w. To zadanie jest ekscytuj\u0105ce, ale jednocze\u015bnie stanowi nie lada wyzwanie \u2013 nieco problematyczne mo\u017ce by\u0107 trafienie w gust bohatera wydarzenia i zadbanie o to, by zabawa by\u0142a przednia. Dlatego warto zaplanowa\u0107 imprez\u0119 z wyprzedzeniem i zastanowi\u0107 si\u0119 nad tym, co przyniesie przysz\u0142emu panu m\u0142odemu najwi\u0119ksz\u0105 rado\u015b\u0107.<\/p>\n<h2>Niezapomniane imprezy kawalerskie \u2013 Katowice Energy 2000<\/h2>\n<p>Wiecz\u00f3r kawalerski z prawdziwego zdarzenia nie mo\u017ce si\u0119 odby\u0107 bez imprezy w klubie. Musi to by\u0107 lokal na najwy\u017cszym poziomie, kt\u00f3ry t\u0119tni \u017cyciem, jak Energy 2000 w Katowicach. Wyj\u015bcie nale\u017cy zaplanowa\u0107 wcze\u015bniej, a w tym celu warto zapozna\u0107 si\u0119 z harmonogramem wydarze\u0144, bo w klubie odbywaj\u0105 si\u0119 imprezy tematyczne i koncerty. Na wieczory kawalerskie przewidziane s\u0105 pakiety promocyjne, a imprezowicze mog\u0105 skorzysta\u0107 z lo\u017cy VIP, co zapewnia wygod\u0119 i ekskluzywno\u015b\u0107. Zarezerwowanie takiej przestrzeni pozwala na pe\u0142en komfort, a do tego dost\u0119pne s\u0105 r\u00f3\u017cne opcje cateringu i przek\u0105sek. Dodatkowym bonusem jest voucher do wykorzystania w barach.<\/p>\n<p>Energy 2000 s\u0142ynie z doskona\u0142ej atmosfery, a najlepsi DJ-e dbaj\u0105 o to, by parkiet by\u0142 zape\u0142niony. Dynamiczne sety zach\u0119caj\u0105 do ta\u0144ca, a\u00a0niezapomnianych wra\u017ce\u0144 dostarcza\u00a0i tworz\u0105 niesamowity klimat wysokiej jako\u015bci system d\u017awi\u0119kowy, a tak\u017ce efekty wizualne \u2013 lasery RGB, pirotechnika sceniczna i wyrzutnie CO2. W takiej atmosferze faktycznie mo\u017cna bawi\u0107 si\u0119 na ca\u0142ego, a po \u015blubie te\u017c przecie\u017c nie trzeba zwalnia\u0107 i nadal odwiedza\u0107 Katowice Energy 2000, tym razem ju\u017c we dwoje.<\/p>\n<h2>Organizowanie wieczoru kawalerskiego \u2013 o czym trzeba pami\u0119ta\u0107?<\/h2>\n<p>Coraz cz\u0119\u015bciej wieczory kawalerskie nie ograniczaj\u0105 si\u0119 jedynie do jednej, szalonej nocy w klubie. Popularnym trendem staj\u0105 si\u0119 kilkudniowe wyjazdy, a weekendowe wypady s\u0105 doskona\u0142\u0105 okazj\u0105, by po\u0142\u0105czy\u0107 dobr\u0105 zabaw\u0119 z r\u00f3\u017cnorodnymi atrakcjami, takimi jak np. paintball, degustacje whisky, gra w bilard, escape roomy czy rajdy samochodowe.<\/p>\n<p>Zanim stworzy si\u0119 plan wypadu, trzeba zastanowi\u0107 si\u0119, kt\u00f3re aktywno\u015bci sprawiaj\u0105 najwi\u0119cej frajdy przysz\u0142emu panu m\u0142odemu. Niekt\u00f3rzy b\u0119d\u0105 zachwyceni ekstremalnymi prze\u017cyciami, inni wol\u0105 spokojniejsz\u0105 form\u0119 rozrywki. Kolejny punkt powinny stanowi\u0107 takie kwestie, jak wynaj\u0119cie apartamentu, czy dojazd do Katowic \u2013 je\u015bli imprezowicze s\u0105 spoza miasta. Nale\u017cy tak\u017ce z wyprzedzeniem zabukowa\u0107 bilety na wybrane atrakcje i zarezerwowa\u0107 lo\u017c\u0119 w klubie. Dobrze jest te\u017c mie\u0107 alternatyw\u0119 w razie jakichkolwiek nieprzewidzianych trudno\u015bci, jak np. zmiana pogody. Gdy zaistniej\u0105 nag\u0142e sytuacje, plan awaryjny uratuje z opresji.<\/p>\n<p>Zorganizowanie wieczoru kawalerskiego to nie tylko wyb\u00f3r rozrywek, ale tak\u017ce odpowiednie zarz\u0105dzanie bud\u017cetem. Aby unikn\u0105\u0107 nieporozumie\u0144, dobrze jest ustali\u0107 wcze\u015bniej kosztorys i zrobi\u0107 zrzutk\u0119 w\u015br\u00f3d uczestnik\u00f3w. Dzi\u0119ki temu unikniecie sytuacji, w kt\u00f3rej jedna osoba musi wyk\u0142ada\u0107 wi\u0119ksz\u0105 kwot\u0119, a p\u00f3\u017aniej upomina\u0107 si\u0119 o zwrot. Mo\u017cna tak\u017ce pomy\u015ble\u0107 o prezencie dla przysz\u0142ego pana m\u0142odego, zabawnych gad\u017cetach oraz akcesoriach typu przypinki, kapelusze lub muszki. Dzi\u0119ki temu grupa b\u0119dzie si\u0119 wyr\u00f3\u017cnia\u0107.<\/p>\n<h2>Wiecz\u00f3r kawalerski w Katowicach \u2013 moc atrakcji<\/h2>\n<p>Jest wiele sposob\u00f3w na to, jak ciekawie sp\u0119dzi\u0107 wiecz\u00f3r kawalerski w Katowicach. Spotkanie mo\u017cna zacz\u0105\u0107 od takich atrakcji, jak np.: jazdy off road \u2013 ekstremalne wyprawy po bezdro\u017cach, wyj\u015bcie na strzelnic\u0119, paintball lub Laser Tag, zmagania w escape roomie, interaktywne rozrywki w arenie VR, wynajem imprezowego autobusu, wyprawa do Muzeum G\u00f3rnictwa W\u0119glowego w Zabrzu, kt\u00f3re znajduje si\u0119 blisko Katowic \u2013 zwiedzanie podziemi, podziemny sp\u0142yw sztolni\u0105.<\/p>\n<p>Dla wielu pan\u00f3w wiecz\u00f3r kawalerski na \u015al\u0105sku nie mo\u017ce si\u0119 odby\u0107 bez rarytas\u00f3w kuchni regionalnej. W Katowicach nie brakuje dobrych restauracji, w kt\u00f3rych mo\u017cna zje\u015b\u0107 tradycyjne potrawy, jak rolada, kluski \u015bl\u0105skie i modra kapusta. Szukaj\u0105c bardziej egzotycznych propozycji, mo\u017cna wybra\u0107 si\u0119 na ulic\u0119 Mariack\u0105, gdzie znajduj\u0105 si\u0119 liczne lokale serwuj\u0105ce dania z r\u00f3\u017cnych stron \u015bwiata, jak np. popularny sushi bar z p\u0142ywaj\u0105cymi \u0142\u00f3deczkami sushi.<\/p>","protected":false},"excerpt":{"rendered":"<p>Przyj\u0119\u0142o si\u0119, \u017ce wiecz\u00f3r kawalerski powinien by\u0107 organizowany przez \u015bwiadka pana m\u0142odego i jego przyjaci\u00f3\u0142 oraz koleg\u00f3w. To zadanie jest ekscytuj\u0105ce, ale jednocze\u015bnie stanowi nie lada wyzwanie \u2013 nieco problematyczne mo\u017ce by\u0107 trafienie w gust bohatera wydarzenia i zadbanie o &#8230; <a class=\"Rmore tbutton small\" href=\"https:\/\/katowice.energy2000.pl\/cs\/wieczor-kawalerski-katowice\/\"><span>Viz v\u00edce \"<\/span><\/a><\/p>","protected":false},"author":4290,"featured_media":0,"parent":0,"menu_order":13,"comment_status":"closed","ping_status":"closed","template":"","meta":[],"yoast_head":"<!-- This site is optimized with the Yoast SEO plugin v19.2 - https:\/\/yoast.com\/wordpress\/plugins\/seo\/ -->\n<title>Wiecz\u00f3r kawalerski Katowice \u2013 gdzie zorganizowa\u0107? - Energy2000 - Katowice<\/title>\n<meta name=\"description\" content=\"Zorganizuj epicki wiecz\u00f3r kawalerski w klubie! Moc atrakcji, najlepsza muzyka, niezapomniany klimat i impreza, kt\u00f3r\u0105 zapami\u0119tacie na d\u0142ugo. Sprawd\u017a, co oferujemy\" \/>\n<meta name=\"robots\" content=\"index, follow, max-snippet:-1, max-image-preview:large, max-video-preview:-1\" \/>\n<link rel=\"canonical\" href=\"https:\/\/katowice.energy2000.pl\/cs\/wieczor-kawalerski-katowice\/\" \/>\n<meta property=\"og:locale\" content=\"cs_CZ\" \/>\n<meta property=\"og:type\" content=\"article\" \/>\n<meta property=\"og:title\" content=\"Wiecz\u00f3r kawalerski Katowice \u2013 gdzie zorganizowa\u0107? - Energy2000 - Katowice\" \/>\n<meta property=\"og:description\" content=\"Zorganizuj epicki wiecz\u00f3r kawalerski w klubie! Moc atrakcji, najlepsza muzyka, niezapomniany klimat i impreza, kt\u00f3r\u0105 zapami\u0119tacie na d\u0142ugo. Sprawd\u017a, co oferujemy\" \/>\n<meta property=\"og:url\" content=\"https:\/\/katowice.energy2000.pl\/cs\/wieczor-kawalerski-katowice\/\" \/>\n<meta property=\"og:site_name\" content=\"Energy2000 - Katowice\" \/>\n<meta property=\"article:modified_time\" content=\"2025-04-07T14:11:31+00:00\" \/>\n<meta name=\"author\" content=\"SEO\" \/>\n<meta name=\"twitter:card\" content=\"summary_large_image\" \/>\n<meta name=\"twitter:label1\" content=\"Odhadovan\u00e1 doba \u010dten\u00ed\" \/>\n\t<meta name=\"twitter:data1\" content=\"3 minuty\" \/>\n<script type=\"application\/ld+json\" class=\"yoast-schema-graph\">{\"@context\":\"https:\/\/schema.org\",\"@graph\":[{\"@type\":\"WebSite\",\"@id\":\"https:\/\/katowice.energy2000.pl\/#website\",\"url\":\"https:\/\/katowice.energy2000.pl\/\",\"name\":\"Energy2000 - Katowice\",\"description\":\"Najlepszy Klub na \u015bl\u0105sku\",\"potentialAction\":[{\"@type\":\"SearchAction\",\"target\":{\"@type\":\"EntryPoint\",\"urlTemplate\":\"https:\/\/katowice.energy2000.pl\/?s={search_term_string}\"},\"query-input\":\"required name=search_term_string\"}],\"inLanguage\":\"cs\"},{\"@type\":\"WebPage\",\"@id\":\"https:\/\/katowice.energy2000.pl\/wieczor-kawalerski-katowice\/#webpage\",\"url\":\"https:\/\/katowice.energy2000.pl\/wieczor-kawalerski-katowice\/\",\"name\":\"Wiecz\u00f3r kawalerski Katowice \u2013 gdzie zorganizowa\u0107? - Energy2000 - Katowice\",\"isPartOf\":{\"@id\":\"https:\/\/katowice.energy2000.pl\/#website\"},\"datePublished\":\"2025-04-07T14:10:54+00:00\",\"dateModified\":\"2025-04-07T14:11:31+00:00\",\"description\":\"Zorganizuj epicki wiecz\u00f3r kawalerski w klubie! Moc atrakcji, najlepsza muzyka, niezapomniany klimat i impreza, kt\u00f3r\u0105 zapami\u0119tacie na d\u0142ugo. Sprawd\u017a, co oferujemy\",\"breadcrumb\":{\"@id\":\"https:\/\/katowice.energy2000.pl\/wieczor-kawalerski-katowice\/#breadcrumb\"},\"inLanguage\":\"cs\",\"potentialAction\":[{\"@type\":\"ReadAction\",\"target\":[\"https:\/\/katowice.energy2000.pl\/wieczor-kawalerski-katowice\/\"]}]},{\"@type\":\"BreadcrumbList\",\"@id\":\"https:\/\/katowice.energy2000.pl\/wieczor-kawalerski-katowice\/#breadcrumb\",\"itemListElement\":[{\"@type\":\"ListItem\",\"position\":1,\"name\":\"Strona g\u0142\u00f3wna\",\"item\":\"https:\/\/katowice.energy2000.pl\/\"},{\"@type\":\"ListItem\",\"position\":2,\"name\":\"Wiecz\u00f3r kawalerski Katowice\"}]}]}<\/script>\n<!-- \/ Yoast SEO plugin. -->","yoast_head_json":{"title":"Wiecz\u00f3r kawalerski Katowice \u2013 gdzie zorganizowa\u0107? - Energy2000 - Katowice","description":"Zorganizuj epicki wiecz\u00f3r kawalerski w klubie! Moc atrakcji, najlepsza muzyka, niezapomniany klimat i impreza, kt\u00f3r\u0105 zapami\u0119tacie na d\u0142ugo. Sprawd\u017a, co oferujemy","robots":{"index":"index","follow":"follow","max-snippet":"max-snippet:-1","max-image-preview":"max-image-preview:large","max-video-preview":"max-video-preview:-1"},"canonical":"https:\/\/katowice.energy2000.pl\/cs\/wieczor-kawalerski-katowice\/","og_locale":"cs_CZ","og_type":"article","og_title":"Wiecz\u00f3r kawalerski Katowice \u2013 gdzie zorganizowa\u0107? - Energy2000 - Katowice","og_description":"Zorganizuj epicki wiecz\u00f3r kawalerski w klubie! Moc atrakcji, najlepsza muzyka, niezapomniany klimat i impreza, kt\u00f3r\u0105 zapami\u0119tacie na d\u0142ugo. Sprawd\u017a, co oferujemy","og_url":"https:\/\/katowice.energy2000.pl\/cs\/wieczor-kawalerski-katowice\/","og_site_name":"Energy2000 - Katowice","article_modified_time":"2025-04-07T14:11:31+00:00","author":"SEO","twitter_card":"summary_large_image","twitter_misc":{"Odhadovan\u00e1 doba \u010dten\u00ed":"3 minuty"},"schema":{"@context":"https:\/\/schema.org","@graph":[{"@type":"WebSite","@id":"https:\/\/katowice.energy2000.pl\/#website","url":"https:\/\/katowice.energy2000.pl\/","name":"Energy2000 - Katowice","description":"Najlepszy Klub na \u015bl\u0105sku","potentialAction":[{"@type":"SearchAction","target":{"@type":"EntryPoint","urlTemplate":"https:\/\/katowice.energy2000.pl\/?s={search_term_string}"},"query-input":"required name=search_term_string"}],"inLanguage":"cs"},{"@type":"WebPage","@id":"https:\/\/katowice.energy2000.pl\/wieczor-kawalerski-katowice\/#webpage","url":"https:\/\/katowice.energy2000.pl\/wieczor-kawalerski-katowice\/","name":"Wiecz\u00f3r kawalerski Katowice \u2013 gdzie zorganizowa\u0107? - Energy2000 - Katowice","isPartOf":{"@id":"https:\/\/katowice.energy2000.pl\/#website"},"datePublished":"2025-04-07T14:10:54+00:00","dateModified":"2025-04-07T14:11:31+00:00","description":"Zorganizuj epicki wiecz\u00f3r kawalerski w klubie! Moc atrakcji, najlepsza muzyka, niezapomniany klimat i impreza, kt\u00f3r\u0105 zapami\u0119tacie na d\u0142ugo. Sprawd\u017a, co oferujemy","breadcrumb":{"@id":"https:\/\/katowice.energy2000.pl\/wieczor-kawalerski-katowice\/#breadcrumb"},"inLanguage":"cs","potentialAction":[{"@type":"ReadAction","target":["https:\/\/katowice.energy2000.pl\/wieczor-kawalerski-katowice\/"]}]},{"@type":"BreadcrumbList","@id":"https:\/\/katowice.energy2000.pl\/wieczor-kawalerski-katowice\/#breadcrumb","itemListElement":[{"@type":"ListItem","position":1,"name":"Strona g\u0142\u00f3wna","item":"https:\/\/katowice.energy2000.pl\/"},{"@type":"ListItem","position":2,"name":"Wiecz\u00f3r kawalerski Katowice"}]}]}},"_links":{"self":[{"href":"https:\/\/katowice.energy2000.pl\/cs\/wp-json\/wp\/v2\/pages\/177670"}],"collection":[{"href":"https:\/\/katowice.energy2000.pl\/cs\/wp-json\/wp\/v2\/pages"}],"about":[{"href":"https:\/\/katowice.energy2000.pl\/cs\/wp-json\/wp\/v2\/types\/page"}],"author":[{"embeddable":true,"href":"https:\/\/katowice.energy2000.pl\/cs\/wp-json\/wp\/v2\/users\/4290"}],"replies":[{"embeddable":true,"href":"https:\/\/katowice.energy2000.pl\/cs\/wp-json\/wp\/v2\/comments?post=177670"}],"version-history":[{"count":1,"href":"https:\/\/katowice.energy2000.pl\/cs\/wp-json\/wp\/v2\/pages\/177670\/revisions"}],"predecessor-version":[{"id":177671,"href":"https:\/\/katowice.energy2000.pl\/cs\/wp-json\/wp\/v2\/pages\/177670\/revisions\/177671"}],"wp:attachment":[{"href":"https:\/\/katowice.energy2000.pl\/cs\/wp-json\/wp\/v2\/media?parent=177670"}],"curies":[{"name":"wp","href":"https:\/\/api.w.org\/{rel}","templated":true}]}}