{"id":178878,"date":"2025-05-06T15:35:37","date_gmt":"2025-05-06T13:35:37","guid":{"rendered":"https:\/\/katowice.energy2000.pl\/?page_id=178878"},"modified":"2025-12-19T09:15:36","modified_gmt":"2025-12-19T08:15:36","slug":"nocne-rozrywki-katowice","status":"publish","type":"page","link":"https:\/\/katowice.energy2000.pl\/cs\/nocne-rozrywki-katowice\/","title":{"rendered":"Nocne rozrywki w Katowicach \u2013 co robi\u0107 w mie\u015bcie, gdy zapada zmrok?"},"content":{"rendered":"<p>Spos\u00f3b sp\u0119dzania wolnego czasu zale\u017cy oczywi\u015bcie od osobistych preferencji \u2013 jedni szukaj\u0105 klimatycznego spaceru po zmroku, inni g\u0142o\u015bnych bit\u00f3w i \u015bwiate\u0142 klubowego parkietu, jeszcze inni \u2013 chillowej atmosfery koncertu pod chmurk\u0105. Na szcz\u0119\u015bcie rozrywka na \u015al\u0105sku nie ma jednego oblicza, a Katowice to go\u015bcinne miasto, kt\u00f3re zapewnia rozmaite atrakcje, r\u00f3wnie\u017c w porze nocnej. Zatem sprawd\u017amy, co tu mo\u017cna robi\u0107!<\/p>\n<h2>Wieczorne atrakcje \u2013 Katowice i okolice \u2013 co warto zobaczy\u0107?<\/h2>\n<p>Zanim odwiedzi si\u0119 jeden z licznych katowickich lokali, warto przespacerowa\u0107 si\u0119 ulicami miasta, kt\u00f3re po zmroku r\u00f3wnie\u017c wiele oferuje. Kiedy najwa\u017cniejsze punkty Katowic \u2013 Spodek, NOSPR czy Strefa Kultury \u2013 zapalaj\u0105 swoje iluminacje, nocna panorama nabiera wyj\u0105tkowego charakteru. Warto odwiedzi\u0107 Sztauwajery, czyli Dolin\u0119 Trzech Staw\u00f3w. W dzie\u0144 pe\u0142na rowerzyst\u00f3w, biegaczy i rodzin z dzie\u0107mi, wieczorem zamienia si\u0119 w oaz\u0119 chilloutu \u2013 le\u017caki, wype\u0142niony muzyk\u0105 bar i roz\u015bwietlone \u015bcie\u017cki prowadz\u0105ce wzd\u0142u\u017c linii wody. To idealne miejsce na relaksuj\u0105cy wiecz\u00f3r z dala od zgie\u0142ku centrum, ale nadal z klimatem miasta.<\/p>\n<p>Mi\u0142o\u015bnicy industrialnych klimat\u00f3w powinni odwiedzi\u0107 Nikiszowiec, czyli zabytkowe osiedle robotnicze \u2013 wieczorne spacery w\u015br\u00f3d czerwonej ceg\u0142y i brukowanych uliczek to podr\u00f3\u017c w czasie z nutk\u0105 miejskiej nostalgii. Dla odwiedzaj\u0105cych Katowice rozrywka mo\u017ce kojarzy\u0107 si\u0119 r\u00f3wnie\u017c z rynkiem, kt\u00f3ry jest wype\u0142niony d\u017awi\u0119kami, lud\u017ami i \u015bwiat\u0142ami. Tu zawsze co\u015b si\u0119 dzieje. Liczne koncerty, festiwale, pokazy filmowe czy cho\u0107by spontaniczne wyst\u0119py ulicznych artyst\u00f3w przyci\u0105gaj\u0105 przechodni\u00f3w i turyst\u00f3w. Na ka\u017cdym kroku wida\u0107 energi\u0119, kt\u00f3ra bije z tego miejsca \u2013 nie ma tu miejsca na nud\u0119. Warto si\u0119 zatrzyma\u0107, usi\u0105\u015b\u0107 na chwil\u0119 przy jednej z kawiarni i poczu\u0107 puls miasta.<\/p>\n<h2>Klimatycznie i zabawowo \u2013 sprawd\u017a popularne miejsc\u00f3wki<\/h2>\n<p>Bez w\u0105tpienia nocne atrakcje Katowic skupiaj\u0105 si\u0119 w \u015ar\u00f3dmie\u015bciu. Przechadzaj\u0105c si\u0119 wieczorow\u0105 por\u0105 po mie\u015bcie, warto odwiedzi\u0107 ulic\u0119 Mariack\u0105, kt\u00f3ra s\u0142ynie ze swojej imprezowej strony i obfituje w liczne knajpki, restauracje i puby. To miejsce, gdzie spotykaj\u0105 si\u0119 r\u00f3\u017cne style muzyczne, smaki i klimaty \u2013 od rockowych brzmie\u0144 po jazzowe improwizacje. Zar\u00f3wno fani regionalnych specja\u0142\u00f3w, jak i osoby poszukuj\u0105ce kuchni \u015bwiata b\u0119d\u0105 ukontentowane. Ulica Mariacka t\u0119tni muzyk\u0105, rozmowami i \u015bmiechem. To doskona\u0142y punkt spotka\u0144 na wieczorne wyj\u015bcie z przyjaci\u00f3\u0142mi, gdzie ka\u017cdy znajdzie co\u015b dla siebie. Warto te\u017c doda\u0107, \u017ce kilka krok\u00f3w dalej znajduje si\u0119 imprezowe serce miasta \u2013 Energy 2000.<\/p>\n<h2>Imprezowe Katowice \u2013 atrakcje dla doros\u0142ych<\/h2>\n<p>Wymieniaj\u0105c nocne <a href=\"https:\/\/katowice.energy2000.pl\/cs\/atrakcje-katowice\/\">atrakcje Katowic<\/a>, trzeba wspomnie\u0107 o najbardziej znanej dyskotece na \u015al\u0105sku. Znany i lubiany lokal odwiedzaj\u0105 t\u0142umy zar\u00f3wno z regionu, jak i z innych zak\u0105tk\u00f3w Polski. To miejsce, kt\u00f3re nie tylko serwuje doskona\u0142\u0105 muzyk\u0119, ale tak\u017ce oferuje niezapomniane wra\u017cenia \u2013 to tu odbywaj\u0105 si\u0119 najlepsze imprezy, a ka\u017cda z nich jest wyj\u0105tkowym show. Klub Energy 2000 mo\u017ce pochwali\u0107 si\u0119 trzema r\u00f3\u017cnymi salami \u2013 w ka\u017cdej z nich panuje inny klimat, dlatego niezale\u017cnie od gustu muzycznego, wszyscy mog\u0105 si\u0119 tutaj dobrze bawi\u0107.<\/p>\n<p>Dla os\u00f3b, kt\u00f3re szukaj\u0105 najlepszej muzycznej rozrywki w Katowicach, klub Energy 2000 otwiera swoje wrota, organizuj\u0105c niezapomniane imprezy tematyczne, jak i koncerty znanych artyst\u00f3w z Polski i zagranicy. Co weekend odbywaj\u0105 si\u0119 wydarzenia, kt\u00f3re na d\u0142ugo zostaj\u0105 w pami\u0119ci. Mo\u017cna tu spotka\u0107 si\u0119 na wieczorach w stylu retro, tematycznych imprezach przebieranych, a tak\u017ce na festiwalach muzycznych. Niezale\u017cnie, od czego zaczyna si\u0119 wiecz\u00f3r w Katowicach, Energy stanowi idealne zwie\u0144czenie imprezowej nocy.<\/p>","protected":false},"excerpt":{"rendered":"<p>Spos\u00f3b sp\u0119dzania wolnego czasu zale\u017cy oczywi\u015bcie od osobistych preferencji \u2013 jedni szukaj\u0105 klimatycznego spaceru po zmroku, inni g\u0142o\u015bnych bit\u00f3w i \u015bwiate\u0142 klubowego parkietu, jeszcze inni \u2013 chillowej atmosfery koncertu pod chmurk\u0105. Na szcz\u0119\u015bcie rozrywka na \u015al\u0105sku nie ma jednego oblicza, &#8230; <a class=\"Rmore tbutton small\" href=\"https:\/\/katowice.energy2000.pl\/cs\/nocne-rozrywki-katowice\/\"><span>Viz v\u00edce \"<\/span><\/a><\/p>","protected":false},"author":4290,"featured_media":0,"parent":0,"menu_order":12,"comment_status":"closed","ping_status":"closed","template":"","meta":[],"yoast_head":"<!-- This site is optimized with the Yoast SEO plugin v19.2 - https:\/\/yoast.com\/wordpress\/plugins\/seo\/ -->\n<title>Nocne rozrywki w Katowicach \u2013 co robi\u0107 w mie\u015bcie, gdy zapada zmrok? - Energy2000 - Katowice<\/title>\n<meta name=\"description\" content=\"Poznaj najlepsze atrakcje w Katowicach. Dowiedz si\u0119 gdzie sp\u0119dzi\u0107 wiecz\u00f3r ze znajomymi! Zabawa do bia\u0142ego rana czeka na Ciebie!\" \/>\n<meta name=\"robots\" content=\"index, follow, max-snippet:-1, max-image-preview:large, max-video-preview:-1\" \/>\n<link rel=\"canonical\" href=\"https:\/\/katowice.energy2000.pl\/cs\/nocne-rozrywki-katowice\/\" \/>\n<meta property=\"og:locale\" content=\"cs_CZ\" \/>\n<meta property=\"og:type\" content=\"article\" \/>\n<meta property=\"og:title\" content=\"Nocne rozrywki w Katowicach \u2013 co robi\u0107 w mie\u015bcie, gdy zapada zmrok? - Energy2000 - Katowice\" \/>\n<meta property=\"og:description\" content=\"Poznaj najlepsze atrakcje w Katowicach. Dowiedz si\u0119 gdzie sp\u0119dzi\u0107 wiecz\u00f3r ze znajomymi! Zabawa do bia\u0142ego rana czeka na Ciebie!\" \/>\n<meta property=\"og:url\" content=\"https:\/\/katowice.energy2000.pl\/cs\/nocne-rozrywki-katowice\/\" \/>\n<meta property=\"og:site_name\" content=\"Energy2000 - Katowice\" \/>\n<meta property=\"article:modified_time\" content=\"2025-12-19T08:15:36+00:00\" \/>\n<meta name=\"author\" content=\"SEO\" \/>\n<meta name=\"twitter:card\" content=\"summary_large_image\" \/>\n<meta name=\"twitter:label1\" content=\"Odhadovan\u00e1 doba \u010dten\u00ed\" \/>\n\t<meta name=\"twitter:data1\" content=\"4 minuty\" \/>\n<script type=\"application\/ld+json\" class=\"yoast-schema-graph\">{\"@context\":\"https:\/\/schema.org\",\"@graph\":[{\"@type\":\"WebSite\",\"@id\":\"https:\/\/katowice.energy2000.pl\/#website\",\"url\":\"https:\/\/katowice.energy2000.pl\/\",\"name\":\"Energy2000 - Katowice\",\"description\":\"Najlepszy Klub na \u015bl\u0105sku\",\"potentialAction\":[{\"@type\":\"SearchAction\",\"target\":{\"@type\":\"EntryPoint\",\"urlTemplate\":\"https:\/\/katowice.energy2000.pl\/?s={search_term_string}\"},\"query-input\":\"required name=search_term_string\"}],\"inLanguage\":\"cs\"},{\"@type\":\"WebPage\",\"@id\":\"https:\/\/katowice.energy2000.pl\/nocne-rozrywki-katowice\/#webpage\",\"url\":\"https:\/\/katowice.energy2000.pl\/nocne-rozrywki-katowice\/\",\"name\":\"Nocne rozrywki w Katowicach \u2013 co robi\u0107 w mie\u015bcie, gdy zapada zmrok? - Energy2000 - Katowice\",\"isPartOf\":{\"@id\":\"https:\/\/katowice.energy2000.pl\/#website\"},\"datePublished\":\"2025-05-06T13:35:37+00:00\",\"dateModified\":\"2025-12-19T08:15:36+00:00\",\"description\":\"Poznaj najlepsze atrakcje w Katowicach. Dowiedz si\u0119 gdzie sp\u0119dzi\u0107 wiecz\u00f3r ze znajomymi! Zabawa do bia\u0142ego rana czeka na Ciebie!\",\"breadcrumb\":{\"@id\":\"https:\/\/katowice.energy2000.pl\/nocne-rozrywki-katowice\/#breadcrumb\"},\"inLanguage\":\"cs\",\"potentialAction\":[{\"@type\":\"ReadAction\",\"target\":[\"https:\/\/katowice.energy2000.pl\/nocne-rozrywki-katowice\/\"]}]},{\"@type\":\"BreadcrumbList\",\"@id\":\"https:\/\/katowice.energy2000.pl\/nocne-rozrywki-katowice\/#breadcrumb\",\"itemListElement\":[{\"@type\":\"ListItem\",\"position\":1,\"name\":\"Strona g\u0142\u00f3wna\",\"item\":\"https:\/\/katowice.energy2000.pl\/\"},{\"@type\":\"ListItem\",\"position\":2,\"name\":\"Nocne rozrywki w Katowicach \u2013 co robi\u0107 w mie\u015bcie, gdy zapada zmrok?\"}]}]}<\/script>\n<!-- \/ Yoast SEO plugin. -->","yoast_head_json":{"title":"Nocne rozrywki w Katowicach \u2013 co robi\u0107 w mie\u015bcie, gdy zapada zmrok? - Energy2000 - Katowice","description":"Poznaj najlepsze atrakcje w Katowicach. Dowiedz si\u0119 gdzie sp\u0119dzi\u0107 wiecz\u00f3r ze znajomymi! Zabawa do bia\u0142ego rana czeka na Ciebie!","robots":{"index":"index","follow":"follow","max-snippet":"max-snippet:-1","max-image-preview":"max-image-preview:large","max-video-preview":"max-video-preview:-1"},"canonical":"https:\/\/katowice.energy2000.pl\/cs\/nocne-rozrywki-katowice\/","og_locale":"cs_CZ","og_type":"article","og_title":"Nocne rozrywki w Katowicach \u2013 co robi\u0107 w mie\u015bcie, gdy zapada zmrok? - Energy2000 - Katowice","og_description":"Poznaj najlepsze atrakcje w Katowicach. Dowiedz si\u0119 gdzie sp\u0119dzi\u0107 wiecz\u00f3r ze znajomymi! Zabawa do bia\u0142ego rana czeka na Ciebie!","og_url":"https:\/\/katowice.energy2000.pl\/cs\/nocne-rozrywki-katowice\/","og_site_name":"Energy2000 - Katowice","article_modified_time":"2025-12-19T08:15:36+00:00","author":"SEO","twitter_card":"summary_large_image","twitter_misc":{"Odhadovan\u00e1 doba \u010dten\u00ed":"4 minuty"},"schema":{"@context":"https:\/\/schema.org","@graph":[{"@type":"WebSite","@id":"https:\/\/katowice.energy2000.pl\/#website","url":"https:\/\/katowice.energy2000.pl\/","name":"Energy2000 - Katowice","description":"Najlepszy Klub na \u015bl\u0105sku","potentialAction":[{"@type":"SearchAction","target":{"@type":"EntryPoint","urlTemplate":"https:\/\/katowice.energy2000.pl\/?s={search_term_string}"},"query-input":"required name=search_term_string"}],"inLanguage":"cs"},{"@type":"WebPage","@id":"https:\/\/katowice.energy2000.pl\/nocne-rozrywki-katowice\/#webpage","url":"https:\/\/katowice.energy2000.pl\/nocne-rozrywki-katowice\/","name":"Nocne rozrywki w Katowicach \u2013 co robi\u0107 w mie\u015bcie, gdy zapada zmrok? - Energy2000 - Katowice","isPartOf":{"@id":"https:\/\/katowice.energy2000.pl\/#website"},"datePublished":"2025-05-06T13:35:37+00:00","dateModified":"2025-12-19T08:15:36+00:00","description":"Poznaj najlepsze atrakcje w Katowicach. Dowiedz si\u0119 gdzie sp\u0119dzi\u0107 wiecz\u00f3r ze znajomymi! Zabawa do bia\u0142ego rana czeka na Ciebie!","breadcrumb":{"@id":"https:\/\/katowice.energy2000.pl\/nocne-rozrywki-katowice\/#breadcrumb"},"inLanguage":"cs","potentialAction":[{"@type":"ReadAction","target":["https:\/\/katowice.energy2000.pl\/nocne-rozrywki-katowice\/"]}]},{"@type":"BreadcrumbList","@id":"https:\/\/katowice.energy2000.pl\/nocne-rozrywki-katowice\/#breadcrumb","itemListElement":[{"@type":"ListItem","position":1,"name":"Strona g\u0142\u00f3wna","item":"https:\/\/katowice.energy2000.pl\/"},{"@type":"ListItem","position":2,"name":"Nocne rozrywki w Katowicach \u2013 co robi\u0107 w mie\u015bcie, gdy zapada zmrok?"}]}]}},"_links":{"self":[{"href":"https:\/\/katowice.energy2000.pl\/cs\/wp-json\/wp\/v2\/pages\/178878"}],"collection":[{"href":"https:\/\/katowice.energy2000.pl\/cs\/wp-json\/wp\/v2\/pages"}],"about":[{"href":"https:\/\/katowice.energy2000.pl\/cs\/wp-json\/wp\/v2\/types\/page"}],"author":[{"embeddable":true,"href":"https:\/\/katowice.energy2000.pl\/cs\/wp-json\/wp\/v2\/users\/4290"}],"replies":[{"embeddable":true,"href":"https:\/\/katowice.energy2000.pl\/cs\/wp-json\/wp\/v2\/comments?post=178878"}],"version-history":[{"count":2,"href":"https:\/\/katowice.energy2000.pl\/cs\/wp-json\/wp\/v2\/pages\/178878\/revisions"}],"predecessor-version":[{"id":187764,"href":"https:\/\/katowice.energy2000.pl\/cs\/wp-json\/wp\/v2\/pages\/178878\/revisions\/187764"}],"wp:attachment":[{"href":"https:\/\/katowice.energy2000.pl\/cs\/wp-json\/wp\/v2\/media?parent=178878"}],"curies":[{"name":"wp","href":"https:\/\/api.w.org\/{rel}","templated":true}]}}