{"id":2709,"date":"2016-07-12T18:26:39","date_gmt":"2016-07-12T16:26:39","guid":{"rendered":"http:\/\/demo-energy2000.pl\/?page_id=2709"},"modified":"2025-10-02T08:52:01","modified_gmt":"2025-10-02T06:52:01","slug":"o-klubie","status":"publish","type":"page","link":"https:\/\/katowice.energy2000.pl\/cs\/klub\/o-klubu\/","title":{"rendered":"O klubu"},"content":{"rendered":"<p><a  href=\"https:\/\/katowice.energy2000.pl\/wp-content\/uploads\/2023\/07\/IMG_5012ab.jpg\" data-rel=\"plm-lightbox-gallery-0\" data-rl_title=\"\" data-rl_caption=\"\" title=\"\"><img decoding=\"async\" loading=\"lazy\" class=\"aligncenter wp-image-147067 size-large\" src=\"https:\/\/katowice.energy2000.pl\/wp-content\/uploads\/2023\/07\/IMG_5012ab-1024x683.jpg\" alt=\"\" width=\"1024\" height=\"683\" \/><\/a><\/p>\n<p>Energy 2000 Katowice je v\u00edce ne\u017e desetilet\u00e1 historie nejlep\u0161\u00edch ve\u010d\u00edrk\u016f uprost\u0159ed slezsk\u00e9 aglomerace! N\u00e1\u0161 are\u00e1l je jedn\u00edm z nejv\u011bt\u0161\u00edch a nejmodern\u011bj\u0161\u00edch z\u00e1bavn\u00edch center v Evrop\u011b a jedn\u00edm z m\u00e1la na sv\u011bt\u011b, jeho\u017e jedine\u010dn\u00fd design a v\u00fdzdobu vytvo\u0159ili ameri\u010dt\u00ed tv\u016frci a design\u00e9\u0159i nejslavn\u011bj\u0161\u00edch kasin v Las Vegas.<\/p>\n<p class=\"plm-large-text\"><a  href=\"https:\/\/katowice.energy2000.pl\/wp-content\/uploads\/2023\/07\/IMG_3018ab.jpg\" data-rel=\"plm-lightbox-gallery-0\" data-rl_title=\"\" data-rl_caption=\"\" title=\"\"><img decoding=\"async\" loading=\"lazy\" class=\"alignleft wp-image-147072\" src=\"https:\/\/katowice.energy2000.pl\/wp-content\/uploads\/2023\/07\/IMG_3018ab.jpg\" alt=\"\" width=\"333\" height=\"222\" \/><\/a><a  href=\"https:\/\/katowice.energy2000.pl\/wp-content\/uploads\/2023\/07\/IMG_1040.jpg\" data-rel=\"plm-lightbox-gallery-0\" data-rl_title=\"\" data-rl_caption=\"\" title=\"\"><img decoding=\"async\" loading=\"lazy\" class=\"alignleft wp-image-147074\" src=\"https:\/\/katowice.energy2000.pl\/wp-content\/uploads\/2023\/07\/IMG_1040.jpg\" alt=\"\" width=\"333\" height=\"222\" \/><\/a><\/p>\n<p>\u010cek\u00e1 na v\u00e1s nejv\u011bt\u0161\u00ed polsk\u00fd tane\u010dn\u00ed parket a 3 hudebn\u011b i atmosf\u00e9ricky rozmanit\u00e9 m\u00edstnosti. K dispozici je tak\u00e9 speci\u00e1ln\u00ed PREMIUM VIP ROOM, n\u011bkolik bar\u016f, v\u00fdkonn\u00fd zvukov\u00fd syst\u00e9m o celkov\u00e9m v\u00fdkonu 100 000 W, \u00fa\u017easn\u00e9 barevn\u00e9 lasery, multimedi\u00e1ln\u00ed projekce na obrovsk\u00fdch LED obrazovk\u00e1ch, pyrotechnick\u00e1 show a nejnov\u011bj\u0161\u00ed, premi\u00e9rov\u00e9 v\u00fddobytky p\u00f3diov\u00e9 techniky p\u0159\u00edmo z USA. Za pultem vystupuj\u00ed nejv\u011bt\u0161\u00ed hv\u011bzdy polsk\u00e9 i mezin\u00e1rodn\u00ed klubov\u00e9 sc\u00e9ny a rozmanit\u00e9 klima na mnoha tane\u010dn\u00edch parketech uspokoj\u00ed i ten nejn\u00e1ro\u010dn\u011bj\u0161\u00ed hudebn\u00ed vkus. Na\u0161e akce jsou poct\u011bny koncerty zn\u00e1m\u00fdch um\u011blc\u016f, nejlep\u0161\u00edmi klubov\u00fdmi akcemi, show nejzn\u00e1m\u011bj\u0161\u00edch interpret\u016f a vystoupen\u00edmi nejlep\u0161\u00edch polsk\u00fdch i zahrani\u010dn\u00edch tane\u010dn\u00edk\u016f. Energy 2000 je jedin\u00fdm klubem v Polsku a jedn\u00edm z m\u00e1la na sv\u011bt\u011b s certifik\u00e1tem kvality ISO 9001. Zaru\u010dujeme p\u0159\u00e1telskou a rychlou obsluhu a profesion\u00e1ln\u00ed a diskr\u00e9tn\u00ed ochranku, kter\u00e1 zajist\u00ed va\u0161i z\u00e1bavu a 100% bezpe\u010dnost.<\/p>\n<p>N\u00e1\u0161 klub se nach\u00e1z\u00ed v sam\u00e9m centru Katovic, v budov\u011b b\u00fdval\u00e9ho kina Capitol na ulici Plebiscytowa 3, 400 metr\u016f od Rynku, 500 metr\u016f od Hlavn\u00edho n\u00e1dra\u017e\u00ed a 1000 metr\u016f od Hlavn\u00edho autobusov\u00e9ho n\u00e1dra\u017e\u00ed v Katovic\u00edch,<br \/>\nKlub Energy 2000 w Katowicach przy ul. Plebiscytowej 3 jest czynny w pi\u0105tki (21:30-5:00) i soboty (21:30-5:30)* oraz w dni poprzedzaj\u0105ce niekt\u00f3re \u015bwi\u0119ta.<\/p>\n<h3><a  href=\"https:\/\/katowice.energy2000.pl\/wp-content\/uploads\/2023\/07\/IMG_3435ab.jpg\" data-rel=\"plm-lightbox-gallery-0\" data-rl_title=\"\" data-rl_caption=\"\" title=\"\"><img decoding=\"async\" loading=\"lazy\" class=\"alignleft wp-image-147084\" src=\"https:\/\/katowice.energy2000.pl\/wp-content\/uploads\/2023\/07\/IMG_3435ab.jpg\" alt=\"\" width=\"333\" height=\"222\" \/><\/a><a  href=\"https:\/\/katowice.energy2000.pl\/wp-content\/uploads\/2023\/07\/IMG_3119aa.jpg\" data-rel=\"plm-lightbox-gallery-0\" data-rl_title=\"\" data-rl_caption=\"\" title=\"\"><img decoding=\"async\" loading=\"lazy\" class=\"alignleft wp-image-147085\" src=\"https:\/\/katowice.energy2000.pl\/wp-content\/uploads\/2023\/07\/IMG_3119aa.jpg\" alt=\"\" width=\"333\" height=\"229\" \/><\/a><\/h3>\n<h3>Pravidla pro p\u0159ijet\u00ed:<\/h3>\n<p>Zde jsou uvedena nejd\u016fle\u017eit\u011bj\u0161\u00ed pravidla vstupu, takzvan\u00fd \"Door Selection\", kter\u00e1 plat\u00ed v klubu Energy 2000 Katowice. Seznam zak\u00e1zan\u00fdch kus\u016f oble\u010den\u00ed:<br \/>\n- tepl\u00e1kov\u00e9 soupravy a dal\u0161\u00ed typicky sportovn\u00ed oble\u010den\u00ed.<br \/>\n- baseballov\u00e9 \u010depice (baseballov\u00e9 \u010depice)<br \/>\n- mikiny s kapuc\u00ed<br \/>\n- kr\u00e1tk\u00e9 \u0161ortky (krom\u011b 3\/4 d\u017e\u00ednov\u00fdch \u0161ortek - v l\u00e9t\u011b s\u00ed\u0165ovan\u00e9).<br \/>\n- Ko\u0161ile bez ram\u00ednek (pro mu\u017ee)<br \/>\n(Aktu\u00e1ln\u00ed pravidla pro obl\u00e9k\u00e1n\u00ed najdete na adrese: <a href=\"https:\/\/drescode.energy2000.pl\/dc.pdf\">https:\/\/drescode.energy2000.pl\/dc.pdf<\/a>)<\/p>\n<h3>V\u011bkov\u00e1 pravidla:<\/h3>\n<p>Vstup do klubu na\u00a0<u>p\u00e1te\u010dn\u00ed ud\u00e1losti od +16 let<\/u>. ( vy\u017eadov\u00e1n pr\u016fkaz toto\u017enosti s fotografi\u00ed, platn\u00fd pr\u016fkaz toto\u017enosti nebo \u017e\u00e1dost o mOb\u010danstv\u00ed)<br \/>\nVstup do klubu na\u00a0<u>Sobotn\u00ed akce od +18 let<\/u>\u00a0(vy\u017eadov\u00e1n pr\u016fkaz toto\u017enosti s fotografi\u00ed nebo \u017e\u00e1dost o mCitizen)<\/p>\n<h3>Vstupenky online:<\/h3>\n<p>Doporu\u010dujeme v\u00e1m zakoupit si vstupenky prost\u0159ednictv\u00edm online prodejn\u00edho syst\u00e9mu.<br \/>\n<a href=\"https:\/\/katowice.energy2000.pl\/cs\/vstupenky\/\">https:\/\/katowice.energy2000.pl\/bilety<\/a><\/p>\n<p>&nbsp;<\/p>","protected":false},"excerpt":{"rendered":"<p>Energy 2000 Katowice to trwaj\u0105ca ju\u017c ponad dekad\u0119, historia najlepszych imprez w samym \u015brodku \u015bl\u0105skiej aglomeracji! Nasz lokal to jedno z najwi\u0119kszych i najnowocze\u015bniejszych centr\u00f3w rozrywki w Europie i jedno z niewielu na \u015bwiecie, kt\u00f3rego unikalny design i wystr\u00f3j stworzony &#8230; <a class=\"Rmore tbutton small\" href=\"https:\/\/katowice.energy2000.pl\/cs\/klub\/o-klubu\/\"><span>Viz v\u00edce \"<\/span><\/a><\/p>","protected":false},"author":2,"featured_media":0,"parent":3191,"menu_order":57,"comment_status":"closed","ping_status":"closed","template":"","meta":[],"yoast_head":"<!-- This site is optimized with the Yoast SEO plugin v19.2 - https:\/\/yoast.com\/wordpress\/plugins\/seo\/ -->\n<title>O Klubie - Energy2000 - Katowice<\/title>\n<meta name=\"robots\" content=\"index, follow, max-snippet:-1, max-image-preview:large, max-video-preview:-1\" \/>\n<link rel=\"canonical\" href=\"https:\/\/katowice.energy2000.pl\/cs\/klub\/o-klubu\/\" \/>\n<meta property=\"og:locale\" content=\"cs_CZ\" \/>\n<meta property=\"og:type\" content=\"article\" \/>\n<meta property=\"og:title\" content=\"O Klubie - Energy2000 - Katowice\" \/>\n<meta property=\"og:description\" content=\"Energy 2000 Katowice to trwaj\u0105ca ju\u017c ponad dekad\u0119, historia najlepszych imprez w samym \u015brodku \u015bl\u0105skiej aglomeracji! Nasz lokal to jedno z najwi\u0119kszych i najnowocze\u015bniejszych centr\u00f3w rozrywki w Europie i jedno z niewielu na \u015bwiecie, kt\u00f3rego unikalny design i wystr\u00f3j stworzony ... Zobacz Wi\u0119cej \u00bb\" \/>\n<meta property=\"og:url\" content=\"https:\/\/katowice.energy2000.pl\/cs\/klub\/o-klubu\/\" \/>\n<meta property=\"og:site_name\" content=\"Energy2000 - Katowice\" \/>\n<meta property=\"article:modified_time\" content=\"2025-10-02T06:52:01+00:00\" \/>\n<meta property=\"og:image\" content=\"https:\/\/katowice.energy2000.pl\/wp-content\/uploads\/2023\/07\/IMG_5012ab-1024x683.jpg\" \/>\n<meta name=\"author\" content=\"Micha\u0142 W\u0105tkowski\" \/>\n<meta name=\"twitter:card\" content=\"summary_large_image\" \/>\n<meta name=\"twitter:label1\" content=\"Odhadovan\u00e1 doba \u010dten\u00ed\" \/>\n\t<meta name=\"twitter:data1\" content=\"4 minuty\" \/>\n<script type=\"application\/ld+json\" class=\"yoast-schema-graph\">{\"@context\":\"https:\/\/schema.org\",\"@graph\":[{\"@type\":\"WebSite\",\"@id\":\"https:\/\/katowice.energy2000.pl\/#website\",\"url\":\"https:\/\/katowice.energy2000.pl\/\",\"name\":\"Energy2000 - Katowice\",\"description\":\"Najlepszy Klub na \u015bl\u0105sku\",\"potentialAction\":[{\"@type\":\"SearchAction\",\"target\":{\"@type\":\"EntryPoint\",\"urlTemplate\":\"https:\/\/katowice.energy2000.pl\/?s={search_term_string}\"},\"query-input\":\"required name=search_term_string\"}],\"inLanguage\":\"cs\"},{\"@type\":\"ImageObject\",\"inLanguage\":\"cs\",\"@id\":\"https:\/\/katowice.energy2000.pl\/klub\/o-klubie\/#primaryimage\",\"url\":\"https:\/\/katowice.energy2000.pl\/wp-content\/uploads\/2023\/07\/IMG_5012ab.jpg\",\"contentUrl\":\"https:\/\/katowice.energy2000.pl\/wp-content\/uploads\/2023\/07\/IMG_5012ab.jpg\",\"width\":1920,\"height\":1280},{\"@type\":\"WebPage\",\"@id\":\"https:\/\/katowice.energy2000.pl\/klub\/o-klubie\/#webpage\",\"url\":\"https:\/\/katowice.energy2000.pl\/klub\/o-klubie\/\",\"name\":\"O Klubie - Energy2000 - Katowice\",\"isPartOf\":{\"@id\":\"https:\/\/katowice.energy2000.pl\/#website\"},\"primaryImageOfPage\":{\"@id\":\"https:\/\/katowice.energy2000.pl\/klub\/o-klubie\/#primaryimage\"},\"datePublished\":\"2016-07-12T16:26:39+00:00\",\"dateModified\":\"2025-10-02T06:52:01+00:00\",\"breadcrumb\":{\"@id\":\"https:\/\/katowice.energy2000.pl\/klub\/o-klubie\/#breadcrumb\"},\"inLanguage\":\"cs\",\"potentialAction\":[{\"@type\":\"ReadAction\",\"target\":[\"https:\/\/katowice.energy2000.pl\/klub\/o-klubie\/\"]}]},{\"@type\":\"BreadcrumbList\",\"@id\":\"https:\/\/katowice.energy2000.pl\/klub\/o-klubie\/#breadcrumb\",\"itemListElement\":[{\"@type\":\"ListItem\",\"position\":1,\"name\":\"Strona g\u0142\u00f3wna\",\"item\":\"https:\/\/katowice.energy2000.pl\/\"},{\"@type\":\"ListItem\",\"position\":2,\"name\":\"Klub\",\"item\":\"https:\/\/katowice.energy2000.pl\/klub\/\"},{\"@type\":\"ListItem\",\"position\":3,\"name\":\"O Klubie\"}]}]}<\/script>\n<!-- \/ Yoast SEO plugin. -->","yoast_head_json":{"title":"O Klubie - Energy2000 - Katowice","robots":{"index":"index","follow":"follow","max-snippet":"max-snippet:-1","max-image-preview":"max-image-preview:large","max-video-preview":"max-video-preview:-1"},"canonical":"https:\/\/katowice.energy2000.pl\/cs\/klub\/o-klubu\/","og_locale":"cs_CZ","og_type":"article","og_title":"O Klubie - Energy2000 - Katowice","og_description":"Energy 2000 Katowice to trwaj\u0105ca ju\u017c ponad dekad\u0119, historia najlepszych imprez w samym \u015brodku \u015bl\u0105skiej aglomeracji! Nasz lokal to jedno z najwi\u0119kszych i najnowocze\u015bniejszych centr\u00f3w rozrywki w Europie i jedno z niewielu na \u015bwiecie, kt\u00f3rego unikalny design i wystr\u00f3j stworzony ... Zobacz Wi\u0119cej \u00bb","og_url":"https:\/\/katowice.energy2000.pl\/cs\/klub\/o-klubu\/","og_site_name":"Energy2000 - Katowice","article_modified_time":"2025-10-02T06:52:01+00:00","og_image":[{"url":"https:\/\/katowice.energy2000.pl\/wp-content\/uploads\/2023\/07\/IMG_5012ab-1024x683.jpg"}],"author":"Micha\u0142 W\u0105tkowski","twitter_card":"summary_large_image","twitter_misc":{"Odhadovan\u00e1 doba \u010dten\u00ed":"4 minuty"},"schema":{"@context":"https:\/\/schema.org","@graph":[{"@type":"WebSite","@id":"https:\/\/katowice.energy2000.pl\/#website","url":"https:\/\/katowice.energy2000.pl\/","name":"Energy2000 - Katowice","description":"Najlepszy Klub na \u015bl\u0105sku","potentialAction":[{"@type":"SearchAction","target":{"@type":"EntryPoint","urlTemplate":"https:\/\/katowice.energy2000.pl\/?s={search_term_string}"},"query-input":"required name=search_term_string"}],"inLanguage":"cs"},{"@type":"ImageObject","inLanguage":"cs","@id":"https:\/\/katowice.energy2000.pl\/klub\/o-klubie\/#primaryimage","url":"https:\/\/katowice.energy2000.pl\/wp-content\/uploads\/2023\/07\/IMG_5012ab.jpg","contentUrl":"https:\/\/katowice.energy2000.pl\/wp-content\/uploads\/2023\/07\/IMG_5012ab.jpg","width":1920,"height":1280},{"@type":"WebPage","@id":"https:\/\/katowice.energy2000.pl\/klub\/o-klubie\/#webpage","url":"https:\/\/katowice.energy2000.pl\/klub\/o-klubie\/","name":"O Klubie - Energy2000 - Katowice","isPartOf":{"@id":"https:\/\/katowice.energy2000.pl\/#website"},"primaryImageOfPage":{"@id":"https:\/\/katowice.energy2000.pl\/klub\/o-klubie\/#primaryimage"},"datePublished":"2016-07-12T16:26:39+00:00","dateModified":"2025-10-02T06:52:01+00:00","breadcrumb":{"@id":"https:\/\/katowice.energy2000.pl\/klub\/o-klubie\/#breadcrumb"},"inLanguage":"cs","potentialAction":[{"@type":"ReadAction","target":["https:\/\/katowice.energy2000.pl\/klub\/o-klubie\/"]}]},{"@type":"BreadcrumbList","@id":"https:\/\/katowice.energy2000.pl\/klub\/o-klubie\/#breadcrumb","itemListElement":[{"@type":"ListItem","position":1,"name":"Strona g\u0142\u00f3wna","item":"https:\/\/katowice.energy2000.pl\/"},{"@type":"ListItem","position":2,"name":"Klub","item":"https:\/\/katowice.energy2000.pl\/klub\/"},{"@type":"ListItem","position":3,"name":"O Klubie"}]}]}},"_links":{"self":[{"href":"https:\/\/katowice.energy2000.pl\/cs\/wp-json\/wp\/v2\/pages\/2709"}],"collection":[{"href":"https:\/\/katowice.energy2000.pl\/cs\/wp-json\/wp\/v2\/pages"}],"about":[{"href":"https:\/\/katowice.energy2000.pl\/cs\/wp-json\/wp\/v2\/types\/page"}],"author":[{"embeddable":true,"href":"https:\/\/katowice.energy2000.pl\/cs\/wp-json\/wp\/v2\/users\/2"}],"replies":[{"embeddable":true,"href":"https:\/\/katowice.energy2000.pl\/cs\/wp-json\/wp\/v2\/comments?post=2709"}],"version-history":[{"count":83,"href":"https:\/\/katowice.energy2000.pl\/cs\/wp-json\/wp\/v2\/pages\/2709\/revisions"}],"predecessor-version":[{"id":184502,"href":"https:\/\/katowice.energy2000.pl\/cs\/wp-json\/wp\/v2\/pages\/2709\/revisions\/184502"}],"up":[{"embeddable":true,"href":"https:\/\/katowice.energy2000.pl\/cs\/wp-json\/wp\/v2\/pages\/3191"}],"wp:attachment":[{"href":"https:\/\/katowice.energy2000.pl\/cs\/wp-json\/wp\/v2\/media?parent=2709"}],"curies":[{"name":"wp","href":"https:\/\/api.w.org\/{rel}","templated":true}]}}