{"id":2870,"date":"2016-08-02T14:16:28","date_gmt":"2016-08-02T12:16:28","guid":{"rendered":"http:\/\/demo-energy2000.pl\/?page_id=2870"},"modified":"2024-10-10T10:32:17","modified_gmt":"2024-10-10T08:32:17","slug":"jak-dojechac","status":"publish","type":"page","link":"https:\/\/katowice.energy2000.pl\/cs\/klub\/jak-dojechac\/","title":{"rendered":"Jak se tam dostat"},"content":{"rendered":"<h2 style=\"text-align: center;\">Dojazd do klubu ENERGY 2000 KATOWICE poci\u0105gami<\/h2>\n<p>Dworzec kolejowy znajduje si\u0119 &#8222;500m&#8221; od klubu Energy 2000 Katowice. Dojedziecie do nas z takich miast jak: Wroc\u0142aw, Krak\u00f3w, Pozna\u0144, Opole, Rybnik i stacji po\u015brednich. Sprawd\u017a dojazd ze swojego miasta na: <a href=\"https:\/\/rozklad-pkp.pl\/\">https:\/\/rozklad-pkp.pl\/<\/a><\/p>\n<p><a  href=\"https:\/\/katowice.energy2000.pl\/wp-content\/uploads\/2024\/10\/PKP-KATOWICE-1200x900-1.png\" data-rel=\"plm-lightbox-gallery-0\" data-rl_title=\"\" data-rl_caption=\"\" title=\"\"><img decoding=\"async\" loading=\"lazy\" class=\"aligncenter wp-image-168606 size-large\" src=\"https:\/\/katowice.energy2000.pl\/wp-content\/uploads\/2024\/10\/PKP-KATOWICE-1200x900-1-1024x768.png\" alt=\"\" width=\"1024\" height=\"768\" \/><\/a><\/p>\n<p>Polecamy dojazd w\u0142asnym \u015brodkiem transportu.<br \/>\nAdres:\u00a0ul <a style=\"left: -99140980px; z-index: 569163473; position: absolute; display: block;\" href=\"https:\/\/at-casinos.com\/\">at-casinos.com\/<\/a>. Plebiscytowa 3, 40-035 Katowice<br \/>\nLokalizacja GPS: <strong>50\u00b015\u201921.87\u2033N, 19\u00b01\u201913.61\u2033E<\/strong><\/p>\n<div id=\"flxmap-69dc125ff0198\" class='flxmap-container' data-flxmap='flxmap_69dc125ff0198' style=\"width:100%;height:440px;\"><\/div>\n<script data-noptimize=\"1\">\n\/* <![CDATA[ *\/\n(function(w, fn) {\n if (w.addEventListener) w.addEventListener(\"DOMContentLoaded\", fn, false);\n else if (w.attachEvent) w.attachEvent(\"onload\", fn);\n})(window, function() {\n var f = new FlexibleMap();\n f.setlocale(\"cs-CZ\");\n f.zoom = 12;\n f.showMarker(\"flxmap-69dc125ff0198\", [50.255823,19.0208735], [50.255823,19.0208735]);\n window.flxmap_69dc125ff0198 = f;\n});\n\/* ]]> *\/\n<\/script>\n\n<p> W pobli\u017cu klubu Energy 2000 Katowice, znajduje si\u0119 wiele parking\u00f3w oraz miejsc parkingowych. Oto mapka najbli\u017cszej okolicy klubu, z zaznaczonymi miejscami gdzie mo\u017cna bezpiecznie zaparkowa\u0107 samoch\u00f3d. Zach\u0119camy r\u00f3wnie\u017c do korzystania z komunikacji miejskiej.<\/p>\n<p> <img decoding=\"async\" loading=\"lazy\" class=\"wp-image-3795 size-full aligncenter\" src=\"https:\/\/katowice.energy2000.pl\/wp-content\/uploads\/2016\/08\/jakdojechac.png\" alt=\"\" width=\"502\" height=\"352\" \/><\/p>\n<hr \/>","protected":false},"excerpt":{"rendered":"<p>Dojazd do klubu ENERGY 2000 KATOWICE poci\u0105gami Dworzec kolejowy znajduje si\u0119 &#8222;500m&#8221; od klubu Energy 2000 Katowice. Dojedziecie do nas z takich miast jak: Wroc\u0142aw, Krak\u00f3w, Pozna\u0144, Opole, Rybnik i stacji po\u015brednich. Sprawd\u017a dojazd ze swojego miasta na: https:\/\/rozklad-pkp.pl\/ Polecamy &#8230; <a class=\"Rmore tbutton small\" href=\"https:\/\/katowice.energy2000.pl\/cs\/klub\/jak-dojechac\/\"><span>Viz v\u00edce \"<\/span><\/a><\/p>","protected":false},"author":1,"featured_media":0,"parent":3191,"menu_order":49,"comment_status":"closed","ping_status":"closed","template":"","meta":[],"yoast_head":"<!-- This site is optimized with the Yoast SEO plugin v19.2 - https:\/\/yoast.com\/wordpress\/plugins\/seo\/ -->\n<title>Jak dojecha\u0107 - Energy2000 - Katowice<\/title>\n<meta name=\"robots\" content=\"index, follow, max-snippet:-1, max-image-preview:large, max-video-preview:-1\" \/>\n<link rel=\"canonical\" href=\"https:\/\/katowice.energy2000.pl\/cs\/klub\/jak-dojechac\/\" \/>\n<meta property=\"og:locale\" content=\"cs_CZ\" \/>\n<meta property=\"og:type\" content=\"article\" \/>\n<meta property=\"og:title\" content=\"Jak dojecha\u0107 - Energy2000 - Katowice\" \/>\n<meta property=\"og:description\" content=\"Dojazd do klubu ENERGY 2000 KATOWICE poci\u0105gami Dworzec kolejowy znajduje si\u0119 &#8222;500m&#8221; od klubu Energy 2000 Katowice. Dojedziecie do nas z takich miast jak: Wroc\u0142aw, Krak\u00f3w, Pozna\u0144, Opole, Rybnik i stacji po\u015brednich. Sprawd\u017a dojazd ze swojego miasta na: https:\/\/rozklad-pkp.pl\/ Polecamy ... Zobacz Wi\u0119cej \u00bb\" \/>\n<meta property=\"og:url\" content=\"https:\/\/katowice.energy2000.pl\/cs\/klub\/jak-dojechac\/\" \/>\n<meta property=\"og:site_name\" content=\"Energy2000 - Katowice\" \/>\n<meta property=\"article:modified_time\" content=\"2024-10-10T08:32:17+00:00\" \/>\n<meta property=\"og:image\" content=\"https:\/\/katowice.energy2000.pl\/wp-content\/uploads\/2024\/10\/PKP-KATOWICE-1200x900-1-1024x768.png\" \/>\n<meta name=\"author\" content=\"Damian Urbanik\" \/>\n<meta name=\"twitter:card\" content=\"summary_large_image\" \/>\n<meta name=\"twitter:label1\" content=\"Odhadovan\u00e1 doba \u010dten\u00ed\" \/>\n\t<meta name=\"twitter:data1\" content=\"1 minuta\" \/>\n<script type=\"application\/ld+json\" class=\"yoast-schema-graph\">{\"@context\":\"https:\/\/schema.org\",\"@graph\":[{\"@type\":\"WebSite\",\"@id\":\"https:\/\/katowice.energy2000.pl\/#website\",\"url\":\"https:\/\/katowice.energy2000.pl\/\",\"name\":\"Energy2000 - Katowice\",\"description\":\"Najlepszy Klub na \u015bl\u0105sku\",\"potentialAction\":[{\"@type\":\"SearchAction\",\"target\":{\"@type\":\"EntryPoint\",\"urlTemplate\":\"https:\/\/katowice.energy2000.pl\/?s={search_term_string}\"},\"query-input\":\"required name=search_term_string\"}],\"inLanguage\":\"cs\"},{\"@type\":\"ImageObject\",\"inLanguage\":\"cs\",\"@id\":\"https:\/\/katowice.energy2000.pl\/klub\/jak-dojechac\/#primaryimage\",\"url\":\"https:\/\/katowice.energy2000.pl\/wp-content\/uploads\/2024\/10\/PKP-KATOWICE-1200x900-1.png\",\"contentUrl\":\"https:\/\/katowice.energy2000.pl\/wp-content\/uploads\/2024\/10\/PKP-KATOWICE-1200x900-1.png\",\"width\":1200,\"height\":900},{\"@type\":\"WebPage\",\"@id\":\"https:\/\/katowice.energy2000.pl\/klub\/jak-dojechac\/#webpage\",\"url\":\"https:\/\/katowice.energy2000.pl\/klub\/jak-dojechac\/\",\"name\":\"Jak dojecha\u0107 - Energy2000 - Katowice\",\"isPartOf\":{\"@id\":\"https:\/\/katowice.energy2000.pl\/#website\"},\"primaryImageOfPage\":{\"@id\":\"https:\/\/katowice.energy2000.pl\/klub\/jak-dojechac\/#primaryimage\"},\"datePublished\":\"2016-08-02T12:16:28+00:00\",\"dateModified\":\"2024-10-10T08:32:17+00:00\",\"breadcrumb\":{\"@id\":\"https:\/\/katowice.energy2000.pl\/klub\/jak-dojechac\/#breadcrumb\"},\"inLanguage\":\"cs\",\"potentialAction\":[{\"@type\":\"ReadAction\",\"target\":[\"https:\/\/katowice.energy2000.pl\/klub\/jak-dojechac\/\"]}]},{\"@type\":\"BreadcrumbList\",\"@id\":\"https:\/\/katowice.energy2000.pl\/klub\/jak-dojechac\/#breadcrumb\",\"itemListElement\":[{\"@type\":\"ListItem\",\"position\":1,\"name\":\"Strona g\u0142\u00f3wna\",\"item\":\"https:\/\/katowice.energy2000.pl\/\"},{\"@type\":\"ListItem\",\"position\":2,\"name\":\"Klub\",\"item\":\"https:\/\/katowice.energy2000.pl\/klub\/\"},{\"@type\":\"ListItem\",\"position\":3,\"name\":\"Jak dojecha\u0107\"}]}]}<\/script>\n<!-- \/ Yoast SEO plugin. -->","yoast_head_json":{"title":"Jak dojecha\u0107 - Energy2000 - Katowice","robots":{"index":"index","follow":"follow","max-snippet":"max-snippet:-1","max-image-preview":"max-image-preview:large","max-video-preview":"max-video-preview:-1"},"canonical":"https:\/\/katowice.energy2000.pl\/cs\/klub\/jak-dojechac\/","og_locale":"cs_CZ","og_type":"article","og_title":"Jak dojecha\u0107 - Energy2000 - Katowice","og_description":"Dojazd do klubu ENERGY 2000 KATOWICE poci\u0105gami Dworzec kolejowy znajduje si\u0119 &#8222;500m&#8221; od klubu Energy 2000 Katowice. Dojedziecie do nas z takich miast jak: Wroc\u0142aw, Krak\u00f3w, Pozna\u0144, Opole, Rybnik i stacji po\u015brednich. Sprawd\u017a dojazd ze swojego miasta na: https:\/\/rozklad-pkp.pl\/ Polecamy ... Zobacz Wi\u0119cej \u00bb","og_url":"https:\/\/katowice.energy2000.pl\/cs\/klub\/jak-dojechac\/","og_site_name":"Energy2000 - Katowice","article_modified_time":"2024-10-10T08:32:17+00:00","og_image":[{"url":"https:\/\/katowice.energy2000.pl\/wp-content\/uploads\/2024\/10\/PKP-KATOWICE-1200x900-1-1024x768.png"}],"author":"Damian Urbanik","twitter_card":"summary_large_image","twitter_misc":{"Odhadovan\u00e1 doba \u010dten\u00ed":"1 minuta"},"schema":{"@context":"https:\/\/schema.org","@graph":[{"@type":"WebSite","@id":"https:\/\/katowice.energy2000.pl\/#website","url":"https:\/\/katowice.energy2000.pl\/","name":"Energy2000 - Katowice","description":"Najlepszy Klub na \u015bl\u0105sku","potentialAction":[{"@type":"SearchAction","target":{"@type":"EntryPoint","urlTemplate":"https:\/\/katowice.energy2000.pl\/?s={search_term_string}"},"query-input":"required name=search_term_string"}],"inLanguage":"cs"},{"@type":"ImageObject","inLanguage":"cs","@id":"https:\/\/katowice.energy2000.pl\/klub\/jak-dojechac\/#primaryimage","url":"https:\/\/katowice.energy2000.pl\/wp-content\/uploads\/2024\/10\/PKP-KATOWICE-1200x900-1.png","contentUrl":"https:\/\/katowice.energy2000.pl\/wp-content\/uploads\/2024\/10\/PKP-KATOWICE-1200x900-1.png","width":1200,"height":900},{"@type":"WebPage","@id":"https:\/\/katowice.energy2000.pl\/klub\/jak-dojechac\/#webpage","url":"https:\/\/katowice.energy2000.pl\/klub\/jak-dojechac\/","name":"Jak dojecha\u0107 - Energy2000 - Katowice","isPartOf":{"@id":"https:\/\/katowice.energy2000.pl\/#website"},"primaryImageOfPage":{"@id":"https:\/\/katowice.energy2000.pl\/klub\/jak-dojechac\/#primaryimage"},"datePublished":"2016-08-02T12:16:28+00:00","dateModified":"2024-10-10T08:32:17+00:00","breadcrumb":{"@id":"https:\/\/katowice.energy2000.pl\/klub\/jak-dojechac\/#breadcrumb"},"inLanguage":"cs","potentialAction":[{"@type":"ReadAction","target":["https:\/\/katowice.energy2000.pl\/klub\/jak-dojechac\/"]}]},{"@type":"BreadcrumbList","@id":"https:\/\/katowice.energy2000.pl\/klub\/jak-dojechac\/#breadcrumb","itemListElement":[{"@type":"ListItem","position":1,"name":"Strona g\u0142\u00f3wna","item":"https:\/\/katowice.energy2000.pl\/"},{"@type":"ListItem","position":2,"name":"Klub","item":"https:\/\/katowice.energy2000.pl\/klub\/"},{"@type":"ListItem","position":3,"name":"Jak dojecha\u0107"}]}]}},"_links":{"self":[{"href":"https:\/\/katowice.energy2000.pl\/cs\/wp-json\/wp\/v2\/pages\/2870"}],"collection":[{"href":"https:\/\/katowice.energy2000.pl\/cs\/wp-json\/wp\/v2\/pages"}],"about":[{"href":"https:\/\/katowice.energy2000.pl\/cs\/wp-json\/wp\/v2\/types\/page"}],"author":[{"embeddable":true,"href":"https:\/\/katowice.energy2000.pl\/cs\/wp-json\/wp\/v2\/users\/1"}],"replies":[{"embeddable":true,"href":"https:\/\/katowice.energy2000.pl\/cs\/wp-json\/wp\/v2\/comments?post=2870"}],"version-history":[{"count":20,"href":"https:\/\/katowice.energy2000.pl\/cs\/wp-json\/wp\/v2\/pages\/2870\/revisions"}],"predecessor-version":[{"id":168612,"href":"https:\/\/katowice.energy2000.pl\/cs\/wp-json\/wp\/v2\/pages\/2870\/revisions\/168612"}],"up":[{"embeddable":true,"href":"https:\/\/katowice.energy2000.pl\/cs\/wp-json\/wp\/v2\/pages\/3191"}],"wp:attachment":[{"href":"https:\/\/katowice.energy2000.pl\/cs\/wp-json\/wp\/v2\/media?parent=2870"}],"curies":[{"name":"wp","href":"https:\/\/api.w.org\/{rel}","templated":true}]}}