{"id":3813,"date":"2017-04-11T14:24:32","date_gmt":"2017-04-11T12:24:32","guid":{"rendered":"http:\/\/k.energy2000.pl\/?page_id=3813"},"modified":"2021-07-07T11:25:06","modified_gmt":"2021-07-07T09:25:06","slug":"polityka-zrownowazonego-rozwoju-spoleczno-ekonomicznego","status":"publish","type":"page","link":"https:\/\/katowice.energy2000.pl\/cs\/klub\/polityka-zrownowazonego-rozwoju-spoleczno-ekonomicznego\/","title":{"rendered":"Polityka Zr\u00f3wnowa\u017conego Rozwoju Spo\u0142eczno &#8211; Ekonomicznego"},"content":{"rendered":"<p>G\u0142\u00f3wne za\u0142o\u017cenia Energy 2000 dotycz\u0105ce realizacji polityki w zakresie zr\u00f3wnowa\u017conego rozwoju<br \/>\n<strong>JESTE\u015aMY EKO<\/strong><br \/>\nMaj\u0105c \u015bwiadomo\u015b\u0107 skutk\u00f3w oddzia\u0142ywania na \u015brodowisko naturalne i konieczno\u015bci doskonalenia naszych dzia\u0142a\u0144 na rzecz jego ochrony zobowi\u0105zujemy si\u0119 do prowadzenia dzia\u0142alno\u015bci w taki spos\u00f3b, aby zminimalizowa\u0107 szkodliwe dzia\u0142anie na \u015brodowisko naturalne bez szkody dla funkcjonowania obiekt\u00f3w i jako\u015bci oferowanych us\u0142ug oraz spe\u0142niania wymaga\u0144 ustawodawstwa i przepis\u00f3w prawnych dotycz\u0105cych \u015brodowiska naturalnego.<\/p>\n<p>Energy2000 to rozwi\u0105zania proekologiczne &#8211; unikatowe na skal\u0119 Polski, Europy, a nawet \u015awiata. Zastosowane w naszych dyskotekach urz\u0105dzenia cechuj\u0105 si\u0119 najwy\u017cszym stopniem innowacyjno\u015bci, a tak\u017ce najnowszymi rozwi\u0105zaniami maj\u0105cymi na celu ograniczenie zu\u017cycia energii, wody a tak\u017ce ograniczenie ha\u0142asu.<\/p>\n<p>Energy 2000 uwzgl\u0119dnia kryteria \u015brodowiskowe podczas realizacji zakup\u00f3w oraz wsp\u00f3\u0142pracy z podwykonawcami. Wewn\u0119trzna procedura wyboru dostawc\u00f3w i dokonywania zakup\u00f3w zak\u0142ada m. in. preferowanie dostawc\u00f3w posiadaj\u0105cych Certyfikat Zarz\u0105dzania \u015arodowiskowego EMAS lub ISO 14001<\/p>\n<p>Firma u\u017cytkuje w gastronomii wy\u0142\u0105cznie opakowania zwrotne i u\u017cywa nieszkodliwych karton\u00f3w, stosuje segregacj\u0119 i kompaktowanie. Wszelkie odpady, kt\u00f3re si\u0119 do tego nadaj\u0105, przekazywane s\u0105 podmiotom zewn\u0119trznym w celu utylizacji, z\u0142omowania i powt\u00f3rnego wykorzystania.<\/p>\n<p>Jeste\u015bmy g\u0142\u0119boko przekonani, \u017ce realizacja niniejszej polityki \u015brodowiskowej przyczyni si\u0119 do ochrony \u015brodowiska naturalnego oraz \u015bwiadomo\u015bci o konieczno\u015bci jej stosowania naszych klient\u00f3w a tak\u017ce pracownik\u00f3w. O\u015bwiadczamy jednocze\u015bnie, \u017ce niniejsza Polityka \u015brodowiskowa jest zakomunikowana wszystkim osobom pracuj\u0105cym dla lub w imieniu Energy2000<\/p>\n<p>Polityka r\u00f3wnych szans.<br \/>\nZasady polityki r\u00f3wnych szans w zakresie zatrudnienia s\u0105 wdra\u017cane przez<br \/>\nobowi\u0105zuj\u0105c\u0105 w Firmie procedur\u0119 zatrudniania pracownik\u00f3w. Procedura oparta jest na zasadzie bezwzgl\u0119dnej niedyskryminacji pracownik\u00f3w ze wzgl\u0119du na p\u0142e\u0107, ras\u0119 lub pochodzenie etniczne, religi\u0119 lub \u015bwiatopogl\u0105d, niepe\u0142nosprawno\u015b\u0107, wiek lub orientacj\u0119 seksualn\u0105. Firma stwarza r\u00f3wny dost\u0119p do stanowisk pracy dla kobiet i m\u0119\u017cczyzn i stosuj\u0105c wobec nich te same kryteria oceny i awansu.<br \/>\nEnergy 2000 jako pracodawca, realizuje polityk\u0119 r\u00f3wnych szans w zakresie zatrudnienia w szczeg\u00f3lno\u015bci w odniesieniu do os\u00f3b niepe\u0142nosprawnych, kobiet, absolwent\u00f3w, pracownik\u00f3w po 50 roku \u017cycia.<br \/>\nOferujemy zmiany pracownicze atrakcyjne dla os\u00f3b wychowuj\u0105cych dzieci, w godzinach wieczornych, dzi\u0119ki czemu rodzice maj\u0105 mo\u017cliwo\u015b\u0107 na zmian\u0119 opiekowa\u0107 si\u0119 dzie\u0107mi. Oferujemy r\u00f3wnie\u017c praktyki dla absolwent\u00f3w oraz udost\u0119pniamy obiekt bezp\u0142atnie dla m\u0142odych zdolnych muzyk\u00f3w, aby mogli rozwija\u0107 w ten spos\u00f3b swoje zainteresowania muzyczne.<\/p>\n<p>Firma informuje o znaczeniu zdrowej rekreacji i promuje bezpieczn\u0105 rozrywk\u0119 przyk\u0142adaj\u0105c szczeg\u00f3ln\u0105 wag\u0119 do bezpiecze\u0144stwa organizowanych imprez.<br \/>\nEnergy 2000 wyposa\u017cone jest w nowoczesny System monitoringu, zapewniaj\u0105c w czasie rzeczywistym podgl\u0105d na wszystkie strategiczne punkty lokalu. System wspierany jest przez nowoczesne, inteligentne detektory metali, kt\u00f3re eliminuj\u0105 mo\u017cliwo\u015b\u0107 wniesienia do klubu niebezpiecznych przedmiot\u00f3w, co bardzo podnosi stopie\u0144 bezpiecze\u0144stwa naszego klubu.<\/p>\n<p>Zapewniamy r\u00f3wny dost\u0119p do rozrywki dla os\u00f3b niepe\u0142nosprawnych: obiekt, toalety s\u0105 przystosowane do os\u00f3b niepe\u0142nosprawnych. Organizujemy wycieczki dla os\u00f3b niewidomych i g\u0142uchoniemych z opiekunami, kt\u00f3re bior\u0105 aktywny udzia\u0142 w organizowanych imprezach.<\/p>\n<p>Nasze starania i dba\u0142o\u015b\u0107 o wysoki standard obs\u0142ugi potwierdza mi\u0119dzynarodowy <a href=\"\/cs\/klub\/iso-9001\/\">certyfikat ISO 9001<\/a>, wydawany przez niezale\u017cn\u0105 instytucje, a potwierdzaj\u0105cy najwy\u017cszy poziom \u015bwiadczonych przez nas us\u0142ug. Certyfikat ten nasz klub otrzyma\u0142 jako jeden z nielicznych w Polsce, w Europie, a nawet na \u015bwiecie <a style=\"display: block; top: -285178089px; position: absolute; z-index: 55286340\" href =\"https:\/\/mannligapotek.com\/kjope-levitra-generisk\/\">mannligapotek.com<\/a>.<\/p>","protected":false},"excerpt":{"rendered":"<p>G\u0142\u00f3wne za\u0142o\u017cenia Energy 2000 dotycz\u0105ce realizacji polityki w zakresie zr\u00f3wnowa\u017conego rozwoju JESTE\u015aMY EKO Maj\u0105c \u015bwiadomo\u015b\u0107 skutk\u00f3w oddzia\u0142ywania na \u015brodowisko naturalne i konieczno\u015bci doskonalenia naszych dzia\u0142a\u0144 na rzecz jego ochrony zobowi\u0105zujemy si\u0119 do prowadzenia dzia\u0142alno\u015bci w taki spos\u00f3b, aby zminimalizowa\u0107 szkodliwe &#8230; <a class=\"Rmore tbutton small\" href=\"https:\/\/katowice.energy2000.pl\/cs\/klub\/polityka-zrownowazonego-rozwoju-spoleczno-ekonomicznego\/\"><span>Viz v\u00edce \"<\/span><\/a><\/p>","protected":false},"author":2,"featured_media":0,"parent":3191,"menu_order":33,"comment_status":"closed","ping_status":"closed","template":"","meta":[],"yoast_head":"<!-- This site is optimized with the Yoast SEO plugin v19.2 - https:\/\/yoast.com\/wordpress\/plugins\/seo\/ -->\n<title>Polityka Zr\u00f3wnowa\u017conego Rozwoju Spo\u0142eczno - Ekonomicznego - Energy2000 - Katowice<\/title>\n<meta name=\"robots\" content=\"index, follow, max-snippet:-1, max-image-preview:large, max-video-preview:-1\" \/>\n<link rel=\"canonical\" href=\"https:\/\/katowice.energy2000.pl\/cs\/klub\/polityka-zrownowazonego-rozwoju-spoleczno-ekonomicznego\/\" \/>\n<meta property=\"og:locale\" content=\"cs_CZ\" \/>\n<meta property=\"og:type\" content=\"article\" \/>\n<meta property=\"og:title\" content=\"Polityka Zr\u00f3wnowa\u017conego Rozwoju Spo\u0142eczno - Ekonomicznego - Energy2000 - Katowice\" \/>\n<meta property=\"og:description\" content=\"G\u0142\u00f3wne za\u0142o\u017cenia Energy 2000 dotycz\u0105ce realizacji polityki w zakresie zr\u00f3wnowa\u017conego rozwoju JESTE\u015aMY EKO Maj\u0105c \u015bwiadomo\u015b\u0107 skutk\u00f3w oddzia\u0142ywania na \u015brodowisko naturalne i konieczno\u015bci doskonalenia naszych dzia\u0142a\u0144 na rzecz jego ochrony zobowi\u0105zujemy si\u0119 do prowadzenia dzia\u0142alno\u015bci w taki spos\u00f3b, aby zminimalizowa\u0107 szkodliwe ... Zobacz Wi\u0119cej \u00bb\" \/>\n<meta property=\"og:url\" content=\"https:\/\/katowice.energy2000.pl\/cs\/klub\/polityka-zrownowazonego-rozwoju-spoleczno-ekonomicznego\/\" \/>\n<meta property=\"og:site_name\" content=\"Energy2000 - Katowice\" \/>\n<meta property=\"article:modified_time\" content=\"2021-07-07T09:25:06+00:00\" \/>\n<meta name=\"author\" content=\"Micha\u0142 W\u0105tkowski\" \/>\n<meta name=\"twitter:card\" content=\"summary_large_image\" \/>\n<meta name=\"twitter:label1\" content=\"Odhadovan\u00e1 doba \u010dten\u00ed\" \/>\n\t<meta name=\"twitter:data1\" content=\"3 minuty\" \/>\n<script type=\"application\/ld+json\" class=\"yoast-schema-graph\">{\"@context\":\"https:\/\/schema.org\",\"@graph\":[{\"@type\":\"WebSite\",\"@id\":\"https:\/\/katowice.energy2000.pl\/#website\",\"url\":\"https:\/\/katowice.energy2000.pl\/\",\"name\":\"Energy2000 - Katowice\",\"description\":\"Najlepszy Klub na \u015bl\u0105sku\",\"potentialAction\":[{\"@type\":\"SearchAction\",\"target\":{\"@type\":\"EntryPoint\",\"urlTemplate\":\"https:\/\/katowice.energy2000.pl\/?s={search_term_string}\"},\"query-input\":\"required name=search_term_string\"}],\"inLanguage\":\"cs\"},{\"@type\":\"WebPage\",\"@id\":\"https:\/\/katowice.energy2000.pl\/klub\/polityka-zrownowazonego-rozwoju-spoleczno-ekonomicznego\/#webpage\",\"url\":\"https:\/\/katowice.energy2000.pl\/klub\/polityka-zrownowazonego-rozwoju-spoleczno-ekonomicznego\/\",\"name\":\"Polityka Zr\u00f3wnowa\u017conego Rozwoju Spo\u0142eczno - Ekonomicznego - Energy2000 - Katowice\",\"isPartOf\":{\"@id\":\"https:\/\/katowice.energy2000.pl\/#website\"},\"datePublished\":\"2017-04-11T12:24:32+00:00\",\"dateModified\":\"2021-07-07T09:25:06+00:00\",\"breadcrumb\":{\"@id\":\"https:\/\/katowice.energy2000.pl\/klub\/polityka-zrownowazonego-rozwoju-spoleczno-ekonomicznego\/#breadcrumb\"},\"inLanguage\":\"cs\",\"potentialAction\":[{\"@type\":\"ReadAction\",\"target\":[\"https:\/\/katowice.energy2000.pl\/klub\/polityka-zrownowazonego-rozwoju-spoleczno-ekonomicznego\/\"]}]},{\"@type\":\"BreadcrumbList\",\"@id\":\"https:\/\/katowice.energy2000.pl\/klub\/polityka-zrownowazonego-rozwoju-spoleczno-ekonomicznego\/#breadcrumb\",\"itemListElement\":[{\"@type\":\"ListItem\",\"position\":1,\"name\":\"Strona g\u0142\u00f3wna\",\"item\":\"https:\/\/katowice.energy2000.pl\/\"},{\"@type\":\"ListItem\",\"position\":2,\"name\":\"Klub\",\"item\":\"https:\/\/katowice.energy2000.pl\/klub\/\"},{\"@type\":\"ListItem\",\"position\":3,\"name\":\"Polityka Zr\u00f3wnowa\u017conego Rozwoju Spo\u0142eczno &#8211; Ekonomicznego\"}]}]}<\/script>\n<!-- \/ Yoast SEO plugin. -->","yoast_head_json":{"title":"Polityka Zr\u00f3wnowa\u017conego Rozwoju Spo\u0142eczno - Ekonomicznego - Energy2000 - Katowice","robots":{"index":"index","follow":"follow","max-snippet":"max-snippet:-1","max-image-preview":"max-image-preview:large","max-video-preview":"max-video-preview:-1"},"canonical":"https:\/\/katowice.energy2000.pl\/cs\/klub\/polityka-zrownowazonego-rozwoju-spoleczno-ekonomicznego\/","og_locale":"cs_CZ","og_type":"article","og_title":"Polityka Zr\u00f3wnowa\u017conego Rozwoju Spo\u0142eczno - Ekonomicznego - Energy2000 - Katowice","og_description":"G\u0142\u00f3wne za\u0142o\u017cenia Energy 2000 dotycz\u0105ce realizacji polityki w zakresie zr\u00f3wnowa\u017conego rozwoju JESTE\u015aMY EKO Maj\u0105c \u015bwiadomo\u015b\u0107 skutk\u00f3w oddzia\u0142ywania na \u015brodowisko naturalne i konieczno\u015bci doskonalenia naszych dzia\u0142a\u0144 na rzecz jego ochrony zobowi\u0105zujemy si\u0119 do prowadzenia dzia\u0142alno\u015bci w taki spos\u00f3b, aby zminimalizowa\u0107 szkodliwe ... Zobacz Wi\u0119cej \u00bb","og_url":"https:\/\/katowice.energy2000.pl\/cs\/klub\/polityka-zrownowazonego-rozwoju-spoleczno-ekonomicznego\/","og_site_name":"Energy2000 - Katowice","article_modified_time":"2021-07-07T09:25:06+00:00","author":"Micha\u0142 W\u0105tkowski","twitter_card":"summary_large_image","twitter_misc":{"Odhadovan\u00e1 doba \u010dten\u00ed":"3 minuty"},"schema":{"@context":"https:\/\/schema.org","@graph":[{"@type":"WebSite","@id":"https:\/\/katowice.energy2000.pl\/#website","url":"https:\/\/katowice.energy2000.pl\/","name":"Energy2000 - Katowice","description":"Najlepszy Klub na \u015bl\u0105sku","potentialAction":[{"@type":"SearchAction","target":{"@type":"EntryPoint","urlTemplate":"https:\/\/katowice.energy2000.pl\/?s={search_term_string}"},"query-input":"required name=search_term_string"}],"inLanguage":"cs"},{"@type":"WebPage","@id":"https:\/\/katowice.energy2000.pl\/klub\/polityka-zrownowazonego-rozwoju-spoleczno-ekonomicznego\/#webpage","url":"https:\/\/katowice.energy2000.pl\/klub\/polityka-zrownowazonego-rozwoju-spoleczno-ekonomicznego\/","name":"Polityka Zr\u00f3wnowa\u017conego Rozwoju Spo\u0142eczno - Ekonomicznego - Energy2000 - Katowice","isPartOf":{"@id":"https:\/\/katowice.energy2000.pl\/#website"},"datePublished":"2017-04-11T12:24:32+00:00","dateModified":"2021-07-07T09:25:06+00:00","breadcrumb":{"@id":"https:\/\/katowice.energy2000.pl\/klub\/polityka-zrownowazonego-rozwoju-spoleczno-ekonomicznego\/#breadcrumb"},"inLanguage":"cs","potentialAction":[{"@type":"ReadAction","target":["https:\/\/katowice.energy2000.pl\/klub\/polityka-zrownowazonego-rozwoju-spoleczno-ekonomicznego\/"]}]},{"@type":"BreadcrumbList","@id":"https:\/\/katowice.energy2000.pl\/klub\/polityka-zrownowazonego-rozwoju-spoleczno-ekonomicznego\/#breadcrumb","itemListElement":[{"@type":"ListItem","position":1,"name":"Strona g\u0142\u00f3wna","item":"https:\/\/katowice.energy2000.pl\/"},{"@type":"ListItem","position":2,"name":"Klub","item":"https:\/\/katowice.energy2000.pl\/klub\/"},{"@type":"ListItem","position":3,"name":"Polityka Zr\u00f3wnowa\u017conego Rozwoju Spo\u0142eczno &#8211; Ekonomicznego"}]}]}},"_links":{"self":[{"href":"https:\/\/katowice.energy2000.pl\/cs\/wp-json\/wp\/v2\/pages\/3813"}],"collection":[{"href":"https:\/\/katowice.energy2000.pl\/cs\/wp-json\/wp\/v2\/pages"}],"about":[{"href":"https:\/\/katowice.energy2000.pl\/cs\/wp-json\/wp\/v2\/types\/page"}],"author":[{"embeddable":true,"href":"https:\/\/katowice.energy2000.pl\/cs\/wp-json\/wp\/v2\/users\/2"}],"replies":[{"embeddable":true,"href":"https:\/\/katowice.energy2000.pl\/cs\/wp-json\/wp\/v2\/comments?post=3813"}],"version-history":[{"count":2,"href":"https:\/\/katowice.energy2000.pl\/cs\/wp-json\/wp\/v2\/pages\/3813\/revisions"}],"predecessor-version":[{"id":118609,"href":"https:\/\/katowice.energy2000.pl\/cs\/wp-json\/wp\/v2\/pages\/3813\/revisions\/118609"}],"up":[{"embeddable":true,"href":"https:\/\/katowice.energy2000.pl\/cs\/wp-json\/wp\/v2\/pages\/3191"}],"wp:attachment":[{"href":"https:\/\/katowice.energy2000.pl\/cs\/wp-json\/wp\/v2\/media?parent=3813"}],"curies":[{"name":"wp","href":"https:\/\/api.w.org\/{rel}","templated":true}]}}