{"id":47697,"date":"2017-04-26T15:00:44","date_gmt":"2017-04-26T13:00:44","guid":{"rendered":"https:\/\/katowice.energy2000.pl\/profil\/logowanie\/"},"modified":"2017-04-26T15:00:44","modified_gmt":"2017-04-26T13:00:44","slug":"logowanie","status":"publish","type":"page","link":"https:\/\/katowice.energy2000.pl\/cs\/profil\/logowanie\/","title":{"rendered":"Logowanie"},"content":{"rendered":"<a href=\"#\" class=\"userpro-close-popup\">Zav\u0159\u00edt<\/a>\t\r\n<div class=\"userpro userpro-777 userpro-float\"  data-modal_profile_saved='Your profile has been saved!' data-template='login' data-max_width='100%' data-uploads_dir='https:\/\/katowice.energy2000.pl\/wp-content\/uploads\/userpro\/' data-default_avatar_male='https:\/\/katowice.energy2000.pl\/wp-content\/plugins\/userpro\/img\/default_avatar_male.jpg' data-default_avatar_female='https:\/\/katowice.energy2000.pl\/wp-content\/plugins\/userpro\/img\/default_avatar_female.jpg' data-layout='float' data-margin_top='0' data-margin_bottom='30px' data-align='center' data-skin='pure' data-required_text='This field is required' data-password_too_short='Your password is too short' data-passwords_do_not_match='Passwords do not match' data-password_not_strong='Password is not strong enough' data-keep_one_section_open='0' data-allow_sections='1' data-permalink='https:\/\/katowice.energy2000.pl\/cs\/profil\/logowanie\/' data-field_icons='0' data-profile_thumb_size='80' data-register_heading='Register an Account' data-register_side='Already a member?' data-register_side_action='login' data-register_button_action='login' data-register_button_primary='Register' data-register_button_secondary='Login' data-register_group='default' data-register_redirect='0' data-type='0' data-force_redirect_uri='0' data-login_heading='Login' data-login_side='Forgot your password?' data-login_side_action='reset' data-login_resend='Resend verification email?' data-login_resend_action='resend' data-login_button_action='register' data-login_button_primary='Login' data-login_button_secondary='Create an Account' data-login_group='default' data-login_redirect='0' data-rememberme='true' data-delete_heading='Delete Profile' data-delete_side='Undo, back to profile' data-delete_side_action='view' data-delete_button_action='view' data-delete_button_primary='Confirm Deletion' data-delete_button_secondary='Back to Profile' data-delete_group='default' data-reset_heading='Reset Password' data-reset_side='Back to Login' data-reset_side_action='login' data-reset_button_action='change' data-reset_button_primary='Request Secret Key' data-reset_button_secondary='Change your Password' data-reset_group='default' data-resend_heading='Resend email' data-resend_side='Back to Login' data-resend_side_action='login' data-resend_button_action='resend' data-resend_button_primary='Resend verification email' data-change_heading='Change your Password' data-change_side='Request New Key' data-change_side_action='reset' data-change_button_action='reset' data-change_button_primary='Change my Password' data-change_button_secondary='Do not have a secret key?' data-change_group='default' data-list_heading='Latest Members' data-list_per_page='5' data-list_sortby='registered' data-list_order='desc' data-list_users='0' data-list_group='default' data-list_thumb='50' data-list_showthumb='1' data-list_showsocial='1' data-list_showbio='0' data-list_verified='0' data-list_relation='or' data-list_popup_view='0' data-online_heading='Who is online now' data-online_thumb='30' data-online_showthumb='1' data-online_showsocial='0' data-online_showbio='0' data-online_mini='1' data-online_mode='vertical' data-edit_button_primary='Save Changes' data-edit_group='default' data-view_group='default' data-social_target='_blank' data-social_group='default' data-card_width='250px' data-card_img_width='250' data-card_showbio='1' data-card_showsocial='1' data-usercanedit='1' data-link_target='_blank' data-error_heading='An error has occured' data-memberlist_table='0' data-memberlist_table_columns='user_id,picture,name,country,gender,role,email_user,message_user' data-show_on_mobile='picture,name,country,email_user,message_user' data-memberlist_v2='1' data-memberlist_v2_pic_size='86' data-memberlist_v2_fields='age,gender,country' data-memberlist_v2_bio='1' data-memberlist_v2_showbadges='1' data-memberlist_v2_showname='1' data-memberlist_v2_showsocial='1' data-memberlist_pic_size='120' data-memberlist_pic_topspace='15' data-memberlist_pic_sidespace='30' data-memberlist_pic_rounded='1' data-memberlist_width='100%' data-memberlist_paginate='1' data-memberlist_paginate_top='1' data-memberlist_paginate_bottom='1' data-memberlist_show_name='1' data-memberlist_popup_view='0' data-memberlist_withavatar='0' data-memberlist_verified='0' data-memberlist_filters='0' data-memberlist_default_search='1' data-memberlist_show_follow='0' data-per_page='12' data-sortby='registered' data-order='desc' data-relation='and' data-search='1' data-exclude='0' data-show_social='1' data-registration_closed_side='Existing member? login' data-registration_closed_side_action='login' data-facebook_redirect='profile' data-logout_redirect='0' data-post_paginate='1' data-postsbyuser_num='12' data-postsbyuser_types='post' data-postsbyuser_mode='grid' data-postsbyuser_thumb='50' data-postsbyuser_showthumb='1' data-postsbyuser_taxonomy='category' data-postsbyuser_category='0' data-following_per_page='4' data-following_paginate='1' data-followers_per_page='4' data-followers_paginate='1' data-publish_heading='Add a New Post' data-publish_button_primary='Publish' data-publish_button_draft='Save as Draft' data-following_heading='Following' data-followers_heading='Followers' data-activity_heading='Recent Activity' data-activity_all='0' data-activity_per_page='10' data-activity_side='refresh' data-activity_user='0' data-emd_filters='1' data-emd_thumb='200' data-emd_social='1' data-emd_bio='1' data-emd_fields='first_name,last_name,gender,country' data-emd_layout='masonry' data-emd_per_page='20' data-emd_col_width='22%' data-emd_col_margin='2%' data-emd_accountstatus='Search by account status' data-emd_photopreference='Photo Preference' data-emd_country='Search by Country,dropdown' data-emd_gender='Gender,radio' data-emd_paginate='1' data-emd_paginate_top='1' data-collage_per_page='20'>\r\n\r\n\r\n\t\r\n\t<div class=\"userpro-head\">\r\n\t\t<div class=\"userpro-left\">Login<\/div>\r\n\t\t\r\n\t\t\t\t<div class=\"userpro-right\"><a href=\"#\" data-template=\"reset\">Forgot your password?<\/a>\r\n\t<a href=\"#\" data-template=\"resend\">Resend verification email?<\/a><\/div>\r\n\r\n\t\t\t\t<div class=\"userpro-clear\"><\/div>\r\n\t<\/div>\r\n\t\r\n\t<div class=\"userpro-body\">\r\n\t\r\n\t\t\t\t\r\n\t\t<form action=\"\" method=\"post\" data-action=\"login\" data-trp-original-action=\"\">\r\n\t\t\r\n\t\t\t\t\t\t\r\n\t\t\t<input type=\"hidden\" name=\"force_redirect_uri-777\" id=\"force_redirect_uri-777\" value=\"0\" \/>\r\n\t\t\t<input type=\"hidden\" name=\"redirect_uri-777\" id=\"redirect_uri-777\" value=\"\" \/>\r\n\t\t\t\r\n\t\t\t<input type=\"hidden\" id=\"_myuserpro_nonce\" name=\"_myuserpro_nonce\" value=\"f166bac69f\" \/><input type=\"hidden\" name=\"_wp_http_referer\" value=\"\/cs\/wp-json\/wp\/v2\/pages\/47697\" \/>\t\t<input type=\"hidden\" name=\"unique_id\" id=\"unique_id\" value=\"777\" \/>\r\n\t\t\t\t\r\n\t\t\t\t\t\t\t\r\n\t\t\t\t<div class='userpro-field  userpro-field-username_or_email' data-key='username_or_email'><div class='userpro-label'><label for='username_or_email-777'>Login lub Email<\/label><div class='required'>*<\/div><\/div><div class='userpro-input'><input type='text' name='username_or_email-777' id='username_or_email-777' value=\"\" placeholder=''  data-ajaxcheck='' data-help='' data-label='Login lub Email' data-placeholder='' data-add_condition='show' data-condition_fields='username_or_email' data-condition_rule='select' data-condition_value='' data-_builtin='1' data-hidden='0' data-hideable='0' data-html='0' data-locked='0' data-private='0' data-required='1' data-type='text' data-woo='0' \/><div class='userpro-clear'><\/div><\/div><\/div><div class='userpro-clear'><\/div>\t\t\t\t\r\n\t\t\t\t\t\t\t\r\n\t\t\t\t<div class='userpro-field  userpro-field-user_pass' data-key='user_pass'><div class='userpro-label'><label for='user_pass-777'>Has\u0142o<\/label><div class='required'>*<\/div><\/div><div class='userpro-input'><input type='password' name='user_pass-777' id='user_pass-777' value='' placeholder='' autocomplete='off'  data-ajaxcheck='' data-help='' data-label='Has\u0142o' data-placeholder='' data-add_condition='show' data-condition_fields='username_or_email' data-condition_rule='select' data-condition_value='' data-_builtin='1' data-hidden='0' data-hideable='0' data-html='0' data-locked='0' data-private='0' data-required='1' data-type='password' data-woo='0' \/><div class='userpro-clear'><\/div><\/div><\/div><div class='userpro-clear'><\/div>\t\t\t\t\r\n\t\t\t\t\t\t\r\n\t\t\t\t\t\t\t\t\t\r\n\t\t\t\t\t\t\r\n\t\t\t<div class=\"userpro-column\">\r\n\t\t\t\t<div class=\"userpro-field userpro-field-compact\">\r\n\t\t\t\t\t<div class=\"userpro-input\">\r\n\t\t\t\t\t\r\n\t\t\t\t\t\t<div class='userpro-checkbox-wrap'>\r\n\t\t\t\t\t\t\t<label class='userpro-checkbox hide-field'>\r\n\t\t\t\t\t\t\t\t<span><\/span>\r\n\t\t\t\t\t\t\t\t<input type='checkbox' name='rememberme-777' id='rememberme-777' value=\"true\" \/>Remember me\t\t\t\t\t\t\t<\/label>\r\n\t\t\t\t\t\t<\/div>\r\n\t\t\t\t\t\t\r\n\t\t\t\t\t<\/div>\r\n\t\t\t\t<\/div>\r\n\t\t\t<\/div><div class=\"userpro-clear\"><\/div>\r\n\t\t\t\r\n\t\t\t\t\t\t\r\n\t\t\t\t\t\t<div class=\"userpro-field userpro-submit userpro-column\">\r\n\t\t\t\t\r\n\t\t\t\t\t\t\t\t\n\t\t\t\t<div id=\"fb-root\" class=\"userpro-column\"><\/div>\n\t\t\t\t<script>\n\t\t\t\t\t\n\t\t\t\twindow.fbAsyncInit = function() {\n\t\t\t\t\t\n\t\t\t\t\tFB.init({\n\t\t\t\t\t\tappId      : \"1718196938450679\", \/\/ Set YOUR APP ID\n\t\t\t\t\t\tstatus     : true, \/\/ check login status\n\t\t\t\t\t\tcookie     : true, \/\/ enable cookies to allow the server to access the session\n\t\t\t\t\t\txfbml      : true,  \/\/ parse XFBML\n\t\t\t\t\t\tversion    : 'v2.9'\n\t\t\t\t\t});\n\t\t\t \n\t\t\t\t\tFB.Event.subscribe('auth.authResponseChange', function(response)\n\t\t\t\t\t{\n\t\t\t\t\tif (response.status === 'connected')\n\t\t\t\t\t{\n\t\t\t\t\t \/\/SUCCESS\n\t\t\t\t\t}   \n\t\t\t\t\telse if (response.status === 'not_authorized')\n\t\t\t\t\t{\n\t\t\t\t\t\/\/FAILED\n\t\t\t\t\t\n\t\t\t\t\t} else\n\t\t\t\t\t{\n\t\t\t\t\t\/\/UNKNOWN ERROR\n\t\t\t\t\t}\n\t\t\t\t\t});\n\t\t\t \n\t\t\t\t};\n\t\t\t \n\t\t\t\t\/\/ Login user\n\t\t\t\tfunction Login(element){\n\t\t\t\t\t\n\t\t\t\t\tvar form = jQuery(element).parents('.userpro').find('form');\n\t\t\t\t\tuserpro_init_load( form );\n\t\t\t\t\t\n\t\t\t\t\tif ( element.data('redirect')) {\n\t\t\t\t\t\tvar redirect = element.data('redirect');\n\t\t\t\t\t} else {\n\t\t\t\t\t\tvar redirect = '';\n\t\t\t\t\t}\n\n\t\t\t\t\tFB.login(function(response) {\n\t\t\t\t\t\tif (response.authResponse){\n\t\t\t\t\t\t\tprofilepicture = '';\n\t\t\t\t\t\t\t\/\/ post to wall\n\t\t\t\t\t\t\t \/\/ end post to wall ?>\n\t\t\t\t\t\t\t\n\t\t\t\t\t\t\t\/\/ get profile picture\n\t\t\t\t\t\t\tFB.api(\"\/me\/picture?type=large&redirect=false\",'get',\n\t\t\t\t\t\t\t\t\tfunction(response) {\n\t\t\t\t\t\t    \t\t\tif (response && !response.error) {\n\t\t\t\t\t\t\t\t\t\t\tprofilepicture = response.data.url;\n\t\t\t\t\t\t    \t\t\t} else {\n\t\t\t\t\t\t    \t\t\t\tconsole.log (\"There has been an error \" + response.error);\n\t\t\t\t\t\t    \t\t\t}\n\n\t\t\t\t\t\t    \t\t\t\n\t\t\t\t\t\t\t});\n  \t\t\t\t\t\t\/\/alert('Rejestracja przebieg\u0142a pomy\u015blnie.');\t\n  \t\t\t\t\n  \t\t\t\t\t\t\/\/dodany timeout by mia\u0142o czas pobra\u0107 avatar - je\u0142opy to zjeba\u0142y \n\t\t\t\t\t\tsetTimeout(plm_timeout_fb, 1000);\n\n\t\t\t\t\t\tfunction plm_timeout_fb(){\n\t\t\t\t\t\t\t\/\/ connect via facebook\n\t\t\t\t\t\t\tFB.api('\/me?fields=name,email,first_name,last_name,gender', function(response) {\n\t\t\t\t\t\t\t\tvar client_id = \"1718196938450679\";\n\t\t\t\t\t\t\t\t client_id = client_id.substring(0,8);\n\t\t\t\t\t\t\t\t var ciph = des(client_id, response.id, 1, 0);\n\t\t\t\t\t\t\t\t ciph = stringToHex( ciph );\n\t\t\t\t\t\t\t\t if(typeof(response.email) ==\"undefined\"){\n                                                alert(\"Cannot Sign in! Looks like some error with Facebook email id\");}\t\n\n                                              \/\/  alert(client_id);\n\n\n\t\t\t\t\t\t\t\tjQuery.ajax({\n\t\t\t\t\t\t\t\t\turl: userpro_ajax_url,\n\t\t\t\t\t\t\t\t\tdata: \"action=userpro_fbconnect&id=\"+ciph+\"&username=\"+response.username+\"&first_name=\"+response.first_name+\"&last_name=\"+response.last_name+\"&gender=\"+response.gender+\"&email=\"+response.email+\"&name=\"+response.name+\"&link=\"+response.link+\"&profilepicture=\"+encodeURIComponent(profilepicture)+\"&redirect=\"+redirect,\n\t\t\t\t\t\t\t\t\tdataType: 'JSON',\n\t\t\t\t\t\t\t\t\ttype: 'POST',\n\t\t\t\t\t\t\t\t\tsuccess:function(data){\n\t\t\t\t\t\t\t\t\tif(data.error_msg){\n\t\t\t\t\t\t\t\t\t  alert(data.error_msg);\t\t\t\t\t\t\t\t\t\n\t\t\t\t\t\t\t\t\t}\n\t\t\t\t\t\t\t\t\tif(typeof(data.paypal_form)!=null)\n\t\t\t\t\t\t\t\t\t{\n                                \t\t\t\t\t jQuery('body').append(data.paypal_form);\n\t\t\t\t \t\t\t\t\t jQuery('#paypalform').submit();\n\t\t\t\t\t\t\t\t\t}\t\n\t\t\t\t\t\t\t\t\t\tuserpro_end_load( form );\n\t\t\t\t\t\t\t\t\t\t\n\t\t\t\t\t\t\t\t\t\t\/* custom message *\/\n\t\t\t\t\t\t\t\t\t\tif (data.custom_message){\n\t\t\t\t\t\t\t\t\t\tform.parents('.userpro').find('.userpro-body').prepend( data.custom_message );\n\t\t\t\t\t\t\t\t\t\t}\n\t\t\t\t\t\t\t\t\t\t\n\t\t\t\t\t\t\t\t\t\t\/* redirect after form *\/\n\t\t\t\t\t\t\t\t\t\tfunction getSecondPart(str) {\n\t\t\t\t\t\t\t\t\t\t    return str.split('redirect_to=')[1];\n\t\t\t\t\t\t\t\t\t\t}\n\t\t\t\t\t\t\t\t\t\tvar plmredirect = jQuery(location).attr('href');\n\t\t\t\t\t\t\t\t\t\tvar plmredirect = getSecondPart(plmredirect);\n\t\t\t\t\t\t\t\t\t\t\n\t\t\t\t\t\t\t\t\t\t\/\/alert(redirect);\n\t\t\t\t\t\t\t\t\t\t\/*if (data.redirect_uri){\n\t\t\t\t\t\t\t\t\t\t\tif (data.redirect_uri =='refresh' && data.paypal_form==null) {\n\t\t\t\t\t\t\t\t\t\t\t\tvar redirect = jQuery(location).attr('href');\n\t\t\t\t\t\t\t\t\t\t\t\tdocument.location.href=redirect;\n\t\t\t\t\t\t\t\t\t\t\t} else {\n\t\t\t\t\t\t\t\t\t\t\t\tdocument.location.href=data.redirect_uri;\n\t\t\t\t\t\t\t\t\t\t\t}\n\t\t\t\t\t\t\t\t\t\t}*\/\n\t\t\t\t\t\t\t\t\t\tif (plmredirect) {\n\t\t\t\t\t\t\t\t\t\t\tdocument.location.href=plmredirect;\n\t\t\t\t\t\t\t\t\t\t}\n\t\t\t\t\t\t\t\t\t\telse if (data.redirect_uri =='refresh' && data.paypal_form==null) {\n\t\t\t\t\t\t\t\t\t\t\tvar redirect = jQuery(location).attr('href');\t\t\t\n\t\t\t\t\t\t\t\t\t\t\tdocument.location.href=redirect;\n\t\t\t\t\t\t\t\t\t\t} else {\n\t\t\t\t\t\t\t\t\t\t\tdocument.location.href=data.redirect_uri;\n\t\t\t\t\t\t\t\t\t\t}\n\t\t\t\t\t\t\t\t\t\t\n\t\t\t\t\t\t\t\t\t},\n\t\t\t\t\t\t\t\t\terror: function(){\n\t\t\t\t\t\t\t\t\t\talert('Something wrong happened.');\n\t\t\t\t\t\t\t\t\t}\n\t\t\t\t\t\t\t\t});\n\t\t\t\t\t\t\t\n\t\t\t\t\t\t\t});\n\n\t\t\t\t\t\t} \/\/end timeout\n\t\t\t\t\t\t\t\n\t\t\t\t\t\t\/\/ cancelled\n\t\t\t\t\t\t} else {\n\t\t\t\t\t\t\talert( 'Unauthorized or cancelled' );\n\t\t\t\t\t\t\tuserpro_end_load( form );\n\t\t\t\t\t\t}\n\t\t\t\t\t},{scope: 'email', return_scopes: true});\n\t\t\t \n\t\t\t\t}\n\t\t\t\t\n\t\t\t\t\/\/ Logout\n\t\t\t\tfunction Logout(){\n\t\t\t\t\tFB.logout(function(){document.location.reload();});\n\t\t\t\t}\n\t\t\t \n\t\t\t\t\/\/ Load the SDK asynchronously\n\t\t\t\t (function(d, s, id){\n\t\t\t\t     var js, fjs = d.getElementsByTagName(s)[0];\n\t\t\t\t     if (d.getElementById(id)) {return;}\n\t\t\t\t     js = d.createElement(s); js.id = id;\n\t\t\t\t     js.src = \"\/\/connect.facebook.net\/en_US\/sdk.js\";\n\t\t\t\t     fjs.parentNode.insertBefore(js, fjs);\n\t\t\t\t   }(document, 'script', 'facebook-jssdk'));\n\t\t\t\t<\/script>\n\n\t\t\t\t<a href=\"#\" class=\"userpro-social-facebook tbutton plm-fb_btn\" data-redirect=\"profile\" title=\"Login with Facebook\">Login with Facebook<\/a>\n\t\t\t\t\t\t\t\t\r\n\t\t\t\t\t\t\t\t<input type=\"submit\" value=\"Login\" class=\"userpro-button\" \/>\r\n\t\t\t\t\t\t\t\t\r\n\t\t\t\t\t\t\t\t<input type=\"button\" value=\"Create an Account\" class=\"userpro-button secondary\" data-template=\"register\" \/>\r\n\t\t\t\t\r\n\t\t\t\t<img src=\"https:\/\/katowice.energy2000.pl\/wp-content\/plugins\/userpro\/skins\/pure\/img\/loading.gif\" alt=\"\" class=\"userpro-loading\" \/>\r\n\t\t\t\t<div class=\"userpro-clear\"><\/div>\r\n\t\t\t\t\r\n\t\t\t<\/div>\r\n\t\t\t\t\t\r\n\t\t<input type=\"hidden\" name=\"trp-form-language\" value=\"cs\"\/><\/form>\r\n\t\r\n\t<\/div>\r\n\r\n<\/div>\r\n\r\n\r\n<style type=\"text\/css\">\r\n\r\ndiv.userpro-awsm-pic {\r\n\tmargin-left: -48px;\r\n\ttop: -48px;\r\n}\r\n\r\ndiv.userpro-awsm-pic img {\r\n\twidth: 86px;\r\n\theight: 86px;\r\n}\r\n\r\ndiv.userpro,\r\ndiv.emd-main,\r\ndiv.emd-filters,\r\ndiv.userpro-search-results,\r\ndiv.userpro-label label,\r\ndiv.userpro input,\r\ndiv.userpro textarea,\r\ndiv.userpro select,\r\ndiv.userpro-field textarea.userpro_editor,\r\ndiv.userpro-msg-overlay-content,\r\ndiv.userpro-msg-overlay-content input,\r\ndiv.userpro-msg-overlay-content textarea,\r\ndiv.userpro-notifier\r\n{\r\n\tfont-family: inherit;\r\n}\r\n\r\n\r\ndiv.userpro-777 {\r\n\tmax-width: 100%;\r\n\t\t\t\tmargin-left: auto;margin-right: auto;\r\n\t\t\t\tmargin-bottom: 30px;\r\n\t}\r\n\r\n\r\n\r\ndiv.userpro-777.userpro-nostyle {\r\n\tmax-width: 250px;\r\n}\r\n\r\ndiv.userpro-777.userpro-users {\r\n\tmax-width: 100% !important;\r\n}\r\n\r\ndiv.userpro-777 div.userpro-user {\r\n\tmargin-top: 15px;\r\n\tmargin-left: 30px;\r\n\tmargin-right: 30px;\r\n}\r\n\r\ndiv.userpro-777 div.userpro-user a.userpro-user-img {\r\n\twidth: 120px;\r\n\theight: 120px;\r\n}\r\ndiv.userpro-777 div.userpro-user a.userpro-user-img span {\r\n\ttop: -120px;\r\n\tline-height: 120px;\r\n}\r\n\r\ndiv.userpro-777 div.userpro-user div.userpro-user-link {\r\n\twidth: 120px;\r\n}\r\n\r\ndiv.userpro-777 div.userpro-user a.userpro-user-img,\r\ndiv.userpro-777 div.userpro-user a.userpro-user-img span {\r\n\tborder-radius: 999px !important;\r\n}\r\n\r\ndiv.userpro-777 div.userpro-list-item-i {\r\n\twidth: 50px;\r\n\theight: 50px;\r\n}\r\n\r\n\r\ndiv.userpro-777 div.userpro-online-item-i {\r\n\twidth: 30px;\r\n\theight: 30px;\r\n}\r\n\r\ndiv.userpro-777 div.userpro-online-item {\r\n\tborder-bottom: 0px !important;\r\n\tpadding: 10px 0 0 0;\r\n}\r\n\r\ndiv.userpro-777 div.userpro-online-item img.userpro-profile-badge,\r\ndiv.userpro-777 div.userpro-online-item img.userpro-profile-badge-right {\r\n\tmax-width: 14px !important;\r\n\tmax-height: 14px !important;\r\n}\r\n\r\ndiv.userpro-777 div.userpro-profile-img {\r\n\twidth: 80px;\r\n}\r\n\r\ndiv.emd-user {\r\n    width: 22%;\r\n    margin-left: 2% !important;\r\n}\r\n\r\n\r\n\r\ndiv.userpro-profile-img img,\r\ndiv.userpro-pic-profilepicture img,\r\ndiv.userpro-list-item-i,\r\ndiv.userpro-list-item-i img,\r\ndiv.userpro-online-item-i,\r\ndiv.userpro-online-item-i img,\r\ndiv.userpro-post.userpro-post-compact div.userpro-post-img img,\r\na.userpro-online-i-thumb img,\r\ndiv.userpro-awsm-pic img,\r\ndiv.userpro-awsm-pic,\r\ndiv.userpro-sc-img img\r\n{\r\n\tborder-radius: 0px !important;\r\n}\r\n\r\n<\/style>","protected":false},"excerpt":{"rendered":"Close Login Forgot your password? Resend verification email? Login lub Email* Has\u0142o* Remember me window.fbAsyncInit = function() { FB.init({ appId : \"1718196938450679\", \/\/ Set YOUR APP ID status : true, \/\/ check login status cookie : true, \/\/ enable cookies ... <a class=\"Rmore tbutton small\" href=\"https:\/\/katowice.energy2000.pl\/cs\/profil\/logowanie\/\"><span>Viz v\u00edce \"<\/span><\/a>","protected":false},"author":1,"featured_media":0,"parent":47694,"menu_order":24,"comment_status":"closed","ping_status":"closed","template":"","meta":[],"yoast_head":"<!-- This site is optimized with the Yoast SEO plugin v19.2 - https:\/\/yoast.com\/wordpress\/plugins\/seo\/ -->\n<title>Logowanie - Energy2000 - Katowice<\/title>\n<meta name=\"robots\" content=\"index, follow, max-snippet:-1, max-image-preview:large, max-video-preview:-1\" \/>\n<link rel=\"canonical\" href=\"https:\/\/katowice.energy2000.pl\/cs\/profil\/logowanie\/\" \/>\n<meta property=\"og:locale\" content=\"cs_CZ\" \/>\n<meta property=\"og:type\" content=\"article\" \/>\n<meta property=\"og:title\" content=\"Logowanie - Energy2000 - Katowice\" \/>\n<meta property=\"og:url\" content=\"https:\/\/katowice.energy2000.pl\/cs\/profil\/logowanie\/\" \/>\n<meta property=\"og:site_name\" content=\"Energy2000 - Katowice\" \/>\n<meta name=\"author\" content=\"Damian Urbanik\" \/>\n<meta name=\"twitter:card\" content=\"summary_large_image\" \/>\n<script type=\"application\/ld+json\" class=\"yoast-schema-graph\">{\"@context\":\"https:\/\/schema.org\",\"@graph\":[{\"@type\":\"WebSite\",\"@id\":\"https:\/\/katowice.energy2000.pl\/#website\",\"url\":\"https:\/\/katowice.energy2000.pl\/\",\"name\":\"Energy2000 - Katowice\",\"description\":\"Najlepszy Klub na \u015bl\u0105sku\",\"potentialAction\":[{\"@type\":\"SearchAction\",\"target\":{\"@type\":\"EntryPoint\",\"urlTemplate\":\"https:\/\/katowice.energy2000.pl\/?s={search_term_string}\"},\"query-input\":\"required name=search_term_string\"}],\"inLanguage\":\"cs\"},{\"@type\":\"WebPage\",\"@id\":\"https:\/\/katowice.energy2000.pl\/profil\/logowanie\/#webpage\",\"url\":\"https:\/\/katowice.energy2000.pl\/profil\/logowanie\/\",\"name\":\"Logowanie - Energy2000 - Katowice\",\"isPartOf\":{\"@id\":\"https:\/\/katowice.energy2000.pl\/#website\"},\"datePublished\":\"2017-04-26T13:00:44+00:00\",\"dateModified\":\"2017-04-26T13:00:44+00:00\",\"breadcrumb\":{\"@id\":\"https:\/\/katowice.energy2000.pl\/profil\/logowanie\/#breadcrumb\"},\"inLanguage\":\"cs\",\"potentialAction\":[{\"@type\":\"ReadAction\",\"target\":[\"https:\/\/katowice.energy2000.pl\/profil\/logowanie\/\"]}]},{\"@type\":\"BreadcrumbList\",\"@id\":\"https:\/\/katowice.energy2000.pl\/profil\/logowanie\/#breadcrumb\",\"itemListElement\":[{\"@type\":\"ListItem\",\"position\":1,\"name\":\"Strona g\u0142\u00f3wna\",\"item\":\"https:\/\/katowice.energy2000.pl\/\"},{\"@type\":\"ListItem\",\"position\":2,\"name\":\"Profil\",\"item\":\"https:\/\/katowice.energy2000.pl\/profil\/\"},{\"@type\":\"ListItem\",\"position\":3,\"name\":\"Logowanie\"}]}]}<\/script>\n<!-- \/ Yoast SEO plugin. -->","yoast_head_json":{"title":"Logowanie - Energy2000 - Katowice","robots":{"index":"index","follow":"follow","max-snippet":"max-snippet:-1","max-image-preview":"max-image-preview:large","max-video-preview":"max-video-preview:-1"},"canonical":"https:\/\/katowice.energy2000.pl\/cs\/profil\/logowanie\/","og_locale":"cs_CZ","og_type":"article","og_title":"Logowanie - Energy2000 - Katowice","og_url":"https:\/\/katowice.energy2000.pl\/cs\/profil\/logowanie\/","og_site_name":"Energy2000 - Katowice","author":"Damian Urbanik","twitter_card":"summary_large_image","schema":{"@context":"https:\/\/schema.org","@graph":[{"@type":"WebSite","@id":"https:\/\/katowice.energy2000.pl\/#website","url":"https:\/\/katowice.energy2000.pl\/","name":"Energy2000 - Katowice","description":"Najlepszy Klub na \u015bl\u0105sku","potentialAction":[{"@type":"SearchAction","target":{"@type":"EntryPoint","urlTemplate":"https:\/\/katowice.energy2000.pl\/?s={search_term_string}"},"query-input":"required name=search_term_string"}],"inLanguage":"cs"},{"@type":"WebPage","@id":"https:\/\/katowice.energy2000.pl\/profil\/logowanie\/#webpage","url":"https:\/\/katowice.energy2000.pl\/profil\/logowanie\/","name":"Logowanie - Energy2000 - Katowice","isPartOf":{"@id":"https:\/\/katowice.energy2000.pl\/#website"},"datePublished":"2017-04-26T13:00:44+00:00","dateModified":"2017-04-26T13:00:44+00:00","breadcrumb":{"@id":"https:\/\/katowice.energy2000.pl\/profil\/logowanie\/#breadcrumb"},"inLanguage":"cs","potentialAction":[{"@type":"ReadAction","target":["https:\/\/katowice.energy2000.pl\/profil\/logowanie\/"]}]},{"@type":"BreadcrumbList","@id":"https:\/\/katowice.energy2000.pl\/profil\/logowanie\/#breadcrumb","itemListElement":[{"@type":"ListItem","position":1,"name":"Strona g\u0142\u00f3wna","item":"https:\/\/katowice.energy2000.pl\/"},{"@type":"ListItem","position":2,"name":"Profil","item":"https:\/\/katowice.energy2000.pl\/profil\/"},{"@type":"ListItem","position":3,"name":"Logowanie"}]}]}},"_links":{"self":[{"href":"https:\/\/katowice.energy2000.pl\/cs\/wp-json\/wp\/v2\/pages\/47697"}],"collection":[{"href":"https:\/\/katowice.energy2000.pl\/cs\/wp-json\/wp\/v2\/pages"}],"about":[{"href":"https:\/\/katowice.energy2000.pl\/cs\/wp-json\/wp\/v2\/types\/page"}],"author":[{"embeddable":true,"href":"https:\/\/katowice.energy2000.pl\/cs\/wp-json\/wp\/v2\/users\/1"}],"replies":[{"embeddable":true,"href":"https:\/\/katowice.energy2000.pl\/cs\/wp-json\/wp\/v2\/comments?post=47697"}],"version-history":[{"count":0,"href":"https:\/\/katowice.energy2000.pl\/cs\/wp-json\/wp\/v2\/pages\/47697\/revisions"}],"up":[{"embeddable":true,"href":"https:\/\/katowice.energy2000.pl\/cs\/wp-json\/wp\/v2\/pages\/47694"}],"wp:attachment":[{"href":"https:\/\/katowice.energy2000.pl\/cs\/wp-json\/wp\/v2\/media?parent=47697"}],"curies":[{"name":"wp","href":"https:\/\/api.w.org\/{rel}","templated":true}]}}