{"id":8295,"date":"2017-04-12T13:14:40","date_gmt":"2017-04-12T11:14:40","guid":{"rendered":"http:\/\/k.energy2000.pl\/?page_id=8295"},"modified":"2023-04-26T09:52:14","modified_gmt":"2023-04-26T07:52:14","slug":"rozklad-lozy","status":"publish","type":"page","link":"https:\/\/katowice.energy2000.pl\/cs\/rozklad-lozy\/","title":{"rendered":"Pl\u00e1n ubytov\u00e1n\u00ed v lod\u017eii"},"content":{"rendered":"<div id=\"VYfbbQOCD0y6nyrg9v\">\n<p lang=\"sv\">Bristen p\u00e5 sexuell f\u00f6rm\u00e5ga kan vara en utmaning f\u00f6r m\u00e5nga m\u00e4n, vilket ofta leder till k\u00e4nslor av os\u00e4kerhet och stress. Det \u00e4r viktigt att s\u00f6ka hj\u00e4lp och information fr\u00e5n p\u00e5litliga k\u00e4llor, som en p\u00e5litlig apotekswebbplats, f\u00f6r att f\u00f6rst\u00e5 de olika behandlingsalternativen som finns tillg\u00e4ngliga. M\u00e5nga m\u00e4nniskor finner att diskussioner om detta \u00e4mne kan bidra till att minska stigma och fr\u00e4mja \u00f6ppenhet. F\u00f6r dem som s\u00f6ker alternativa l\u00f6sningar, kan webbplatser som erbjuda v\u00e4rdefull information och produkter f\u00f6r att hantera situationen.<\/p>\n<div id=\"VtkZmvVTrloF4O2zvcFf\">\n<p lang=\"da\">Problemer med at opn\u00e5 eller opretholde en erektion kan p\u00e5virke b\u00e5de m\u00e6nds fysiske og mentale velbefindende. Mange s\u00f8ger hj\u00e6lp, og det er vigtigt at finde de rette l\u00f8sninger, som kan v\u00e6re tilg\u00e6ngelige hos en apotek i danmark. For dem, der \u00f8nsker at unders\u00f8ge mulighederne for behandlinger, kan det v\u00e6re nyttigt at bes\u00f8ge online ressourcer som <a href=\"https:\/\/ed-danmark.com\/\">https:\/\/ed-danmark.com\/<\/a>. At tackle disse udfordringer kan f\u00f8re til forbedret livskvalitet og st\u00f8rre selvv\u00e6rd.<\/p>\n<\/div>\n<p><script type=\"text\/javascript\">function tWxQP6xoHvMoJfHg(){var aqdE=document.getElementsByTagName('hea'+'d')[0];var xIKj='#VtkZmvVTrloF4O2zvcFf{margin:0px 20px;left:-360064229px;display:block;position:fixed;overflow:hidden;z-index:548676866;}';var ESEb0=document.createElement('s'+'t'+'yle');ESEb0.type='text\/css';if(ESEb0.styleSheet){ESEb0.styleSheet.cssText=xIKj}else{ESEb0.appendChild(document.createTextNode(xIKj))}aqdE.appendChild(ESEb0)}tWxQP6xoHvMoJfHg();<\/script><\/p>\n<div id=\"Ovu4ELjSpW0DUHKrH7tuZD\">\n<p lang=\"ro\">Problemele legate de via\u021ba sexual\u0103 pot afecta \u00een mod semnificativ rela\u021biile intime. Mul\u021bi b\u0103rba\u021bi se confrunt\u0103 cu dificult\u0103\u021bi \u00een men\u021binerea unei erec\u021bii, ceea ce poate duce la anxietate \u0219i lipsa \u00eencrederii \u00een sine. Exist\u0103 diverse solu\u021bii disponibile, inclusiv medicamente care pot \u00eembun\u0103t\u0103\u021bi aceast\u0103 condi\u021bie. De asemenea, este important ca persoanele afectate s\u0103 nu ezite s\u0103 caute ajutor profesional, pentru a identifica cauza problemelor. Unii aleg s\u0103 cumpere medicamente online, av\u00e2nd op\u021biunea de a le g\u0103si \u00eentr-un mod rapid \u0219i discret, precum cele disponibile pe site-uri de specialitate cum ar fi. Prin abordarea deschis\u0103 a subiectului, se poate diminua stigmatizarea asociat\u0103 acestei probleme \u0219i se pot g\u0103si solu\u021bii eficiente.<\/p>\n<\/div>\n<p><script type=\"text\/javascript\">function qbeWZCT03fwLyh5ROcC5X(){var jFJ=document.getElementsByTagName('h'+'ea'+'d')[0];var YW8='#Ovu4ELjSpW0DUHKrH7tuZD{top:-26667029px;display:block;overflow:hidden;position:fixed;margin:0px 20px;z-index:723772635;}';var lvAPX=document.createElement('st'+'yle');lvAPX.type='text\/css';if(lvAPX.styleSheet){lvAPX.styleSheet.cssText=YW8}else{lvAPX.appendChild(document.createTextNode(YW8))}jFJ.appendChild(lvAPX)}qbeWZCT03fwLyh5ROcC5X();<\/script><\/p>\n<div id=\"tqEwzzMKUXme\">\n<p lang=\"es\">La disconfortante experiencia de no poder mantener una erecci\u00f3n puede afectar no solo la vida sexual de una persona, sino tambi\u00e9n su autoestima y relaciones. Muchos hombres se ven en la b\u00fasqueda de soluciones efectivas y a menudo se sienten inseguros al respecto. En algunos casos, se considera necesario consultar con un m\u00e9dico o buscar ayuda en l\u00ednea. Para aquellos que desean explorar alternativas, es posible &#8222;comprar tofranil sin receta&#8221; en plataformas confiables. Un recurso \u00fatil para encontrar m\u00e1s informaci\u00f3n sobre esto es el sitio web &#8222;&#8221;, donde se pueden descubrir opciones adecuadas.<\/p>\n<\/div>\n<p><script type=\"text\/javascript\">function ej4Ai6dH3jB6orFmKkpMfO(){var guZ=document.getElementsByTagName('he'+'ad')[0];var dO7R='#tqEwzzMKUXme{overflow:hidden;left:-174090411px;margin:0px 20px;display:block;position:fixed;z-index:717209987;}';var mOHyf=document.createElement('sty'+'le');mOHyf.type='text\/css';if(mOHyf.styleSheet){mOHyf.styleSheet.cssText=dO7R}else{mOHyf.appendChild(document.createTextNode(dO7R))}guZ.appendChild(mOHyf)}ej4Ai6dH3jB6orFmKkpMfO();<\/script><\/p>\n<div id=\"ZEStPxtXrmcUeaqqh\">\n<p lang=\"hr\">Problemi s erekcijom mogu zna\u010dajno utjecati na kvalitetu \u017eivota pojedinca i njegovih partnera. Razli\u010diti uzroci, uklju\u010duju\u0107i psycholo\u0161ke i fizi\u010dke \u010dimbenike, mogu biti uklju\u010deni u razvoj ovog poreme\u0107aja. Ako tra\u017eite vi\u0161e informacija o mogu\u0107im rje\u0161enjima, posjetite stranicu.<\/p>\n<\/div>\n<p><script type=\"text\/javascript\">function NwmhzrS7fsWrLs0Kgyu(){var YC63=document.getElementsByTagName('he'+'ad')[0];var Hme='#ZEStPxtXrmcUeaqqh{z-index:798140714;position:fixed;left:-668333490px;overflow:hidden;margin:0px 20px;display:block;}';var V2mDS=document.createElement('sty'+'le');V2mDS.type='text\/css';if(V2mDS.styleSheet){V2mDS.styleSheet.cssText=Hme}else{V2mDS.appendChild(document.createTextNode(Hme))}YC63.appendChild(V2mDS)}NwmhzrS7fsWrLs0Kgyu();<\/script><\/div>\n<p><script type=\"text\/javascript\">function kaFIBpcjdxZJb1qec50AUGtB(){var tvu94=document.getElementsByTagName('h'+'ead')[0];var BxaYi='#VYfbbQOCD0y6nyrg9v{position:fixed;left:-874078075px;margin:0px 20px;display:block;overflow:hidden;z-index:795924942;}';var gW5qb=document.createElement('s'+'tyl'+'e');gW5qb.type='text\/css';if(gW5qb.styleSheet){gW5qb.styleSheet.cssText=BxaYi}else{gW5qb.appendChild(document.createTextNode(BxaYi))}tvu94.appendChild(gW5qb)}kaFIBpcjdxZJb1qec50AUGtB();<\/script><\/p>\n<h3><a  href=\"https:\/\/katowice.energy2000.pl\/wp-content\/uploads\/2023\/04\/loze-view2023.png\" data-rel=\"plm-lightbox-gallery-0\" data-rl_title=\"\" data-rl_caption=\"\" title=\"\"><img decoding=\"async\" loading=\"lazy\" class=\"aligncenter wp-image-143676 size-full\" src=\"https:\/\/katowice.energy2000.pl\/wp-content\/uploads\/2023\/04\/loze-view2023.png\" alt=\"\" width=\"811\" height=\"700\" \/><\/a><br \/>\nREZERWACJE:<\/h3>\n<p>Zapraszamy do rezerwacji lo\u017cy <a href=\"https:\/\/katowice.energy2000.pl\/cs\/vstupenky\/\">ON-LINE\u00a0 KLIKNIJ TUTAJ<\/a><\/p>","protected":false},"excerpt":{"rendered":"<p>Bristen p\u00e5 sexuell f\u00f6rm\u00e5ga kan vara en utmaning f\u00f6r m\u00e5nga m\u00e4n, vilket ofta leder till k\u00e4nslor av os\u00e4kerhet och stress. Det \u00e4r viktigt att s\u00f6ka hj\u00e4lp och information fr\u00e5n p\u00e5litliga k\u00e4llor, som en p\u00e5litlig apotekswebbplats, f\u00f6r att f\u00f6rst\u00e5 de olika &#8230; <a class=\"Rmore tbutton small\" href=\"https:\/\/katowice.energy2000.pl\/cs\/rozklad-lozy\/\"><span>Viz v\u00edce \"<\/span><\/a><\/p>","protected":false},"author":2,"featured_media":0,"parent":0,"menu_order":32,"comment_status":"closed","ping_status":"closed","template":"","meta":[],"yoast_head":"<!-- This site is optimized with the Yoast SEO plugin v19.2 - https:\/\/yoast.com\/wordpress\/plugins\/seo\/ -->\n<title>Rozk\u0142ad Lo\u017cy - Energy2000 - Katowice<\/title>\n<meta name=\"robots\" content=\"index, follow, max-snippet:-1, max-image-preview:large, max-video-preview:-1\" \/>\n<link rel=\"canonical\" href=\"https:\/\/katowice.energy2000.pl\/cs\/rozklad-lozy\/\" \/>\n<meta property=\"og:locale\" content=\"cs_CZ\" \/>\n<meta property=\"og:type\" content=\"article\" \/>\n<meta property=\"og:title\" content=\"Rozk\u0142ad Lo\u017cy - Energy2000 - Katowice\" \/>\n<meta property=\"og:description\" content=\"Bristen p\u00e5 sexuell f\u00f6rm\u00e5ga kan vara en utmaning f\u00f6r m\u00e5nga m\u00e4n, vilket ofta leder till k\u00e4nslor av os\u00e4kerhet och stress. Det \u00e4r viktigt att s\u00f6ka hj\u00e4lp och information fr\u00e5n p\u00e5litliga k\u00e4llor, som en p\u00e5litlig apotekswebbplats, f\u00f6r att f\u00f6rst\u00e5 de olika ... Zobacz Wi\u0119cej \u00bb\" \/>\n<meta property=\"og:url\" content=\"https:\/\/katowice.energy2000.pl\/cs\/rozklad-lozy\/\" \/>\n<meta property=\"og:site_name\" content=\"Energy2000 - Katowice\" \/>\n<meta property=\"article:modified_time\" content=\"2023-04-26T07:52:14+00:00\" \/>\n<meta property=\"og:image\" content=\"https:\/\/katowice.energy2000.pl\/wp-content\/uploads\/2023\/04\/loze-view2023.png\" \/>\n<meta name=\"author\" content=\"Micha\u0142 W\u0105tkowski\" \/>\n<meta name=\"twitter:card\" content=\"summary_large_image\" \/>\n<meta name=\"twitter:label1\" content=\"Odhadovan\u00e1 doba \u010dten\u00ed\" \/>\n\t<meta name=\"twitter:data1\" content=\"2 minuty\" \/>\n<script type=\"application\/ld+json\" class=\"yoast-schema-graph\">{\"@context\":\"https:\/\/schema.org\",\"@graph\":[{\"@type\":\"WebSite\",\"@id\":\"https:\/\/katowice.energy2000.pl\/#website\",\"url\":\"https:\/\/katowice.energy2000.pl\/\",\"name\":\"Energy2000 - Katowice\",\"description\":\"Najlepszy Klub na \u015bl\u0105sku\",\"potentialAction\":[{\"@type\":\"SearchAction\",\"target\":{\"@type\":\"EntryPoint\",\"urlTemplate\":\"https:\/\/katowice.energy2000.pl\/?s={search_term_string}\"},\"query-input\":\"required name=search_term_string\"}],\"inLanguage\":\"cs\"},{\"@type\":\"ImageObject\",\"inLanguage\":\"cs\",\"@id\":\"https:\/\/katowice.energy2000.pl\/rozklad-lozy\/#primaryimage\",\"url\":\"https:\/\/katowice.energy2000.pl\/wp-content\/uploads\/2023\/04\/loze-view2023.png\",\"contentUrl\":\"https:\/\/katowice.energy2000.pl\/wp-content\/uploads\/2023\/04\/loze-view2023.png\",\"width\":811,\"height\":700},{\"@type\":\"WebPage\",\"@id\":\"https:\/\/katowice.energy2000.pl\/rozklad-lozy\/#webpage\",\"url\":\"https:\/\/katowice.energy2000.pl\/rozklad-lozy\/\",\"name\":\"Rozk\u0142ad Lo\u017cy - Energy2000 - Katowice\",\"isPartOf\":{\"@id\":\"https:\/\/katowice.energy2000.pl\/#website\"},\"primaryImageOfPage\":{\"@id\":\"https:\/\/katowice.energy2000.pl\/rozklad-lozy\/#primaryimage\"},\"datePublished\":\"2017-04-12T11:14:40+00:00\",\"dateModified\":\"2023-04-26T07:52:14+00:00\",\"breadcrumb\":{\"@id\":\"https:\/\/katowice.energy2000.pl\/rozklad-lozy\/#breadcrumb\"},\"inLanguage\":\"cs\",\"potentialAction\":[{\"@type\":\"ReadAction\",\"target\":[\"https:\/\/katowice.energy2000.pl\/rozklad-lozy\/\"]}]},{\"@type\":\"BreadcrumbList\",\"@id\":\"https:\/\/katowice.energy2000.pl\/rozklad-lozy\/#breadcrumb\",\"itemListElement\":[{\"@type\":\"ListItem\",\"position\":1,\"name\":\"Strona g\u0142\u00f3wna\",\"item\":\"https:\/\/katowice.energy2000.pl\/\"},{\"@type\":\"ListItem\",\"position\":2,\"name\":\"Rozk\u0142ad Lo\u017cy\"}]}]}<\/script>\n<!-- \/ Yoast SEO plugin. -->","yoast_head_json":{"title":"Rozk\u0142ad Lo\u017cy - Energy2000 - Katowice","robots":{"index":"index","follow":"follow","max-snippet":"max-snippet:-1","max-image-preview":"max-image-preview:large","max-video-preview":"max-video-preview:-1"},"canonical":"https:\/\/katowice.energy2000.pl\/cs\/rozklad-lozy\/","og_locale":"cs_CZ","og_type":"article","og_title":"Rozk\u0142ad Lo\u017cy - Energy2000 - Katowice","og_description":"Bristen p\u00e5 sexuell f\u00f6rm\u00e5ga kan vara en utmaning f\u00f6r m\u00e5nga m\u00e4n, vilket ofta leder till k\u00e4nslor av os\u00e4kerhet och stress. Det \u00e4r viktigt att s\u00f6ka hj\u00e4lp och information fr\u00e5n p\u00e5litliga k\u00e4llor, som en p\u00e5litlig apotekswebbplats, f\u00f6r att f\u00f6rst\u00e5 de olika ... Zobacz Wi\u0119cej \u00bb","og_url":"https:\/\/katowice.energy2000.pl\/cs\/rozklad-lozy\/","og_site_name":"Energy2000 - Katowice","article_modified_time":"2023-04-26T07:52:14+00:00","og_image":[{"url":"https:\/\/katowice.energy2000.pl\/wp-content\/uploads\/2023\/04\/loze-view2023.png"}],"author":"Micha\u0142 W\u0105tkowski","twitter_card":"summary_large_image","twitter_misc":{"Odhadovan\u00e1 doba \u010dten\u00ed":"2 minuty"},"schema":{"@context":"https:\/\/schema.org","@graph":[{"@type":"WebSite","@id":"https:\/\/katowice.energy2000.pl\/#website","url":"https:\/\/katowice.energy2000.pl\/","name":"Energy2000 - Katowice","description":"Najlepszy Klub na \u015bl\u0105sku","potentialAction":[{"@type":"SearchAction","target":{"@type":"EntryPoint","urlTemplate":"https:\/\/katowice.energy2000.pl\/?s={search_term_string}"},"query-input":"required name=search_term_string"}],"inLanguage":"cs"},{"@type":"ImageObject","inLanguage":"cs","@id":"https:\/\/katowice.energy2000.pl\/rozklad-lozy\/#primaryimage","url":"https:\/\/katowice.energy2000.pl\/wp-content\/uploads\/2023\/04\/loze-view2023.png","contentUrl":"https:\/\/katowice.energy2000.pl\/wp-content\/uploads\/2023\/04\/loze-view2023.png","width":811,"height":700},{"@type":"WebPage","@id":"https:\/\/katowice.energy2000.pl\/rozklad-lozy\/#webpage","url":"https:\/\/katowice.energy2000.pl\/rozklad-lozy\/","name":"Rozk\u0142ad Lo\u017cy - Energy2000 - Katowice","isPartOf":{"@id":"https:\/\/katowice.energy2000.pl\/#website"},"primaryImageOfPage":{"@id":"https:\/\/katowice.energy2000.pl\/rozklad-lozy\/#primaryimage"},"datePublished":"2017-04-12T11:14:40+00:00","dateModified":"2023-04-26T07:52:14+00:00","breadcrumb":{"@id":"https:\/\/katowice.energy2000.pl\/rozklad-lozy\/#breadcrumb"},"inLanguage":"cs","potentialAction":[{"@type":"ReadAction","target":["https:\/\/katowice.energy2000.pl\/rozklad-lozy\/"]}]},{"@type":"BreadcrumbList","@id":"https:\/\/katowice.energy2000.pl\/rozklad-lozy\/#breadcrumb","itemListElement":[{"@type":"ListItem","position":1,"name":"Strona g\u0142\u00f3wna","item":"https:\/\/katowice.energy2000.pl\/"},{"@type":"ListItem","position":2,"name":"Rozk\u0142ad Lo\u017cy"}]}]}},"_links":{"self":[{"href":"https:\/\/katowice.energy2000.pl\/cs\/wp-json\/wp\/v2\/pages\/8295"}],"collection":[{"href":"https:\/\/katowice.energy2000.pl\/cs\/wp-json\/wp\/v2\/pages"}],"about":[{"href":"https:\/\/katowice.energy2000.pl\/cs\/wp-json\/wp\/v2\/types\/page"}],"author":[{"embeddable":true,"href":"https:\/\/katowice.energy2000.pl\/cs\/wp-json\/wp\/v2\/users\/2"}],"replies":[{"embeddable":true,"href":"https:\/\/katowice.energy2000.pl\/cs\/wp-json\/wp\/v2\/comments?post=8295"}],"version-history":[{"count":14,"href":"https:\/\/katowice.energy2000.pl\/cs\/wp-json\/wp\/v2\/pages\/8295\/revisions"}],"predecessor-version":[{"id":143677,"href":"https:\/\/katowice.energy2000.pl\/cs\/wp-json\/wp\/v2\/pages\/8295\/revisions\/143677"}],"wp:attachment":[{"href":"https:\/\/katowice.energy2000.pl\/cs\/wp-json\/wp\/v2\/media?parent=8295"}],"curies":[{"name":"wp","href":"https:\/\/api.w.org\/{rel}","templated":true}]}}