{"id":136880,"date":"2022-12-02T09:54:53","date_gmt":"2022-12-02T08:54:53","guid":{"rendered":"https:\/\/katowice.energy2000.pl\/?page_id=136880"},"modified":"2025-10-23T08:53:59","modified_gmt":"2025-10-23T06:53:59","slug":"dla-biznesu","status":"publish","type":"page","link":"https:\/\/katowice.energy2000.pl\/de\/fur-unternehmen\/","title":{"rendered":"F\u00fcr Unternehmen"},"content":{"rendered":"<h2 style=\"text-align: center;\">Firmenveranstaltungen bei Energy 2000 Katowice<\/h2>\n<p><a href=\"https:\/\/katowice.energy2000.pl\/wp-content\/uploads\/2025\/10\/OFERTA_EVENTY_ENERGY.pdf\" target=\"_blank\" rel=\"noopener\"><img decoding=\"async\" loading=\"lazy\" class=\"aligncenter wp-image-184506 size-full\" src=\"https:\/\/katowice.energy2000.pl\/wp-content\/uploads\/2025\/10\/oferta.png\" alt=\"\" width=\"710\" height=\"71\" \/><\/a><\/p>\n<ul style=\"margin-left: 20px; list-style-type: disc!important;\">\n<li>Veranstaltungen, Integration, Betriebsfeiern<\/li>\n<li>Jubil\u00e4en<\/li>\n<li>Gesch\u00e4ftliche Treffen<\/li>\n<li>Bankette, Produktpr\u00e4sentationen und vieles mehr<\/li>\n<\/ul>\n<p><strong>Warum sollten Sie uns w\u00e4hlen?<\/strong><br \/>\nVielf\u00e4ltige Clubfl\u00e4chen auf \u00fcber 2000 m2 verf\u00fcgbar<\/p>\n<p>3 R\u00e4ume: Hauptsaal, VIP-Saal, Tanzsaal (die R\u00e4ume k\u00f6nnen einzeln oder in beliebiger Konfiguration gemietet werden).<\/p>\n<ul style=\"margin-left: 20px; list-style-type: disc!important;\">\n<li>Professionelle technische Ausstattung:\n<ul style=\"margin-left: 30px; list-style-type: circle;\">\n<li>B\u00fchnenbeleuchtung,<\/li>\n<li>Werbung,<\/li>\n<li>Multimediasysteme und LED-Bildschirme<\/li>\n<li>Spezialeffekte (CO2-Werfer, B\u00fchnenfeuerwerfer, B\u00fchnenpyrotechnik)<\/li>\n<li>RGB-Laser<\/li>\n<li>System mit mehr als 20 Fernsehern im gesamten Geb\u00e4ude<\/li>\n<\/ul>\n<\/li>\n<li>Erfahrene und bekannte DJs<\/li>\n<li>Innerbetriebliche Verpflegung<\/li>\n<li>Zus\u00e4tzliche k\u00fcnstlerische Attraktionen im Rahmen der M\u00f6glichkeiten (Akrobaten, Illusionisten, Feuershow, LED-Show usw.).<\/li>\n<li>Erfahrenes und professionelles Veranstaltungspersonal<\/li>\n<li>Sichere Eing\u00e4nge mit Kontrollbereich (Metalldetektor \/ Kontrollband)<\/li>\n<li>Garderobe f\u00fcr mehrere tausend Kleidungsst\u00fccke<\/li>\n<li>Professionelle Sicherheit<\/li>\n<li>Backstage f\u00fcr die Stars<\/li>\n<li>Hostessen<\/li>\n<\/ul>\n<h3 style=\"text-align: center;\"><\/h3>\n<p style=\"text-align: center;\"><strong>Wir haben alles, was Sie brauchen, um Veranstaltungen zu organisieren, an die sich Ihre Kollegen und Vertragspartner noch lange erinnern werden.<\/strong><\/p>\n<h3 style=\"text-align: center;\"><strong><br \/>\nKontakt<\/strong><\/h3>\n<h3 style=\"text-align: center;\">Kontakt: <strong>Arkadiusz Jod\u0142owski<\/strong><br \/>\nE-Mail: <a href=\"mailto:event@energy2000.pl\">event@energy2000.pl<\/a><\/h3>\n<hr \/>\n<div class=\"plm-simple-gallery\">\n <div class=\"col-md-3 col-sm-4 col-xs-6\"><a class=\"plm-icon-hov\" href=\"https:\/\/katowice.energy2000.pl\/wp-content\/uploads\/2022\/12\/970A1363-1024x683.jpg\" title=\"\" data-rel=\"plm-lightbox-gallery-cGxtLWxpZ2h0Ym94LWdhbGxlcnktY0d4dExXeHBaMmgwWW05NA==\" data-rl_title=\"\" data-rl_caption=\"\"><figure class=\"effect-bubba\">\n                <img src=\"https:\/\/katowice.energy2000.pl\/wp-content\/uploads\/2022\/12\/970A1363-330x220.jpg\" alt=\"\" \/>\n                     <figcaption>\n                        <i class=\"fa fa-plus\"><\/i>\n                        <p><\/p>\n                     <\/figcaption>\n                      \n            <\/figure><\/a><\/div> <div class=\"col-md-3 col-sm-4 col-xs-6\"><a class=\"plm-icon-hov\" href=\"https:\/\/katowice.energy2000.pl\/wp-content\/uploads\/2022\/12\/970A1356-1024x683.jpg\" title=\"\" data-rel=\"plm-lightbox-gallery-cGxtLWxpZ2h0Ym94LWdhbGxlcnktY0d4dExXeHBaMmgwWW05NA==\" data-rl_title=\"\" data-rl_caption=\"\"><figure class=\"effect-bubba\">\n                <img src=\"https:\/\/katowice.energy2000.pl\/wp-content\/uploads\/2022\/12\/970A1356-330x220.jpg\" alt=\"\" \/>\n                     <figcaption>\n                        <i class=\"fa fa-plus\"><\/i>\n                        <p><\/p>\n                     <\/figcaption>\n                      \n            <\/figure><\/a><\/div> <div class=\"col-md-3 col-sm-4 col-xs-6\"><a class=\"plm-icon-hov\" href=\"https:\/\/katowice.energy2000.pl\/wp-content\/uploads\/2022\/12\/970A1341-1024x683.jpg\" title=\"\" data-rel=\"plm-lightbox-gallery-cGxtLWxpZ2h0Ym94LWdhbGxlcnktY0d4dExXeHBaMmgwWW05NA==\" data-rl_title=\"\" data-rl_caption=\"\"><figure class=\"effect-bubba\">\n                <img src=\"https:\/\/katowice.energy2000.pl\/wp-content\/uploads\/2022\/12\/970A1341-330x220.jpg\" alt=\"\" \/>\n                     <figcaption>\n                        <i class=\"fa fa-plus\"><\/i>\n                        <p><\/p>\n                     <\/figcaption>\n                      \n            <\/figure><\/a><\/div> <div class=\"col-md-3 col-sm-4 col-xs-6\"><a class=\"plm-icon-hov\" href=\"https:\/\/katowice.energy2000.pl\/wp-content\/uploads\/2022\/12\/970A1331-1024x683.jpg\" title=\"\" data-rel=\"plm-lightbox-gallery-cGxtLWxpZ2h0Ym94LWdhbGxlcnktY0d4dExXeHBaMmgwWW05NA==\" data-rl_title=\"\" data-rl_caption=\"\"><figure class=\"effect-bubba\">\n                <img src=\"https:\/\/katowice.energy2000.pl\/wp-content\/uploads\/2022\/12\/970A1331-330x220.jpg\" alt=\"\" \/>\n                     <figcaption>\n                        <i class=\"fa fa-plus\"><\/i>\n                        <p><\/p>\n                     <\/figcaption>\n                      \n            <\/figure><\/a><\/div> <div class=\"col-md-3 col-sm-4 col-xs-6\"><a class=\"plm-icon-hov\" href=\"https:\/\/katowice.energy2000.pl\/wp-content\/uploads\/2022\/12\/970A1316-1024x683.jpg\" title=\"\" data-rel=\"plm-lightbox-gallery-cGxtLWxpZ2h0Ym94LWdhbGxlcnktY0d4dExXeHBaMmgwWW05NA==\" data-rl_title=\"\" data-rl_caption=\"\"><figure class=\"effect-bubba\">\n                <img src=\"https:\/\/katowice.energy2000.pl\/wp-content\/uploads\/2022\/12\/970A1316-330x220.jpg\" alt=\"\" \/>\n                     <figcaption>\n                        <i class=\"fa fa-plus\"><\/i>\n                        <p><\/p>\n                     <\/figcaption>\n                      \n            <\/figure><\/a><\/div> <div class=\"col-md-3 col-sm-4 col-xs-6\"><a class=\"plm-icon-hov\" href=\"https:\/\/katowice.energy2000.pl\/wp-content\/uploads\/2022\/12\/970A1455-1024x683.jpg\" title=\"\" data-rel=\"plm-lightbox-gallery-cGxtLWxpZ2h0Ym94LWdhbGxlcnktY0d4dExXeHBaMmgwWW05NA==\" data-rl_title=\"\" data-rl_caption=\"\"><figure class=\"effect-bubba\">\n                <img src=\"https:\/\/katowice.energy2000.pl\/wp-content\/uploads\/2022\/12\/970A1455-330x220.jpg\" alt=\"\" \/>\n                     <figcaption>\n                        <i class=\"fa fa-plus\"><\/i>\n                        <p><\/p>\n                     <\/figcaption>\n                      \n            <\/figure><\/a><\/div> <div class=\"col-md-3 col-sm-4 col-xs-6\"><a class=\"plm-icon-hov\" href=\"https:\/\/katowice.energy2000.pl\/wp-content\/uploads\/2022\/12\/970A1419-1024x683.jpg\" title=\"\" data-rel=\"plm-lightbox-gallery-cGxtLWxpZ2h0Ym94LWdhbGxlcnktY0d4dExXeHBaMmgwWW05NA==\" data-rl_title=\"\" data-rl_caption=\"\"><figure class=\"effect-bubba\">\n                <img src=\"https:\/\/katowice.energy2000.pl\/wp-content\/uploads\/2022\/12\/970A1419-330x220.jpg\" alt=\"\" \/>\n                     <figcaption>\n                        <i class=\"fa fa-plus\"><\/i>\n                        <p><\/p>\n                     <\/figcaption>\n                      \n            <\/figure><\/a><\/div> <div class=\"col-md-3 col-sm-4 col-xs-6\"><a class=\"plm-icon-hov\" href=\"https:\/\/katowice.energy2000.pl\/wp-content\/uploads\/2022\/12\/970A1394-1024x683.jpg\" title=\"\" data-rel=\"plm-lightbox-gallery-cGxtLWxpZ2h0Ym94LWdhbGxlcnktY0d4dExXeHBaMmgwWW05NA==\" data-rl_title=\"\" data-rl_caption=\"\"><figure class=\"effect-bubba\">\n                <img src=\"https:\/\/katowice.energy2000.pl\/wp-content\/uploads\/2022\/12\/970A1394-330x220.jpg\" alt=\"\" \/>\n                     <figcaption>\n                        <i class=\"fa fa-plus\"><\/i>\n                        <p><\/p>\n                     <\/figcaption>\n                      \n            <\/figure><\/a><\/div> <div class=\"col-md-3 col-sm-4 col-xs-6\"><a class=\"plm-icon-hov\" href=\"https:\/\/katowice.energy2000.pl\/wp-content\/uploads\/2022\/12\/970A1392-1024x683.jpg\" title=\"\" data-rel=\"plm-lightbox-gallery-cGxtLWxpZ2h0Ym94LWdhbGxlcnktY0d4dExXeHBaMmgwWW05NA==\" data-rl_title=\"\" data-rl_caption=\"\"><figure class=\"effect-bubba\">\n                <img src=\"https:\/\/katowice.energy2000.pl\/wp-content\/uploads\/2022\/12\/970A1392-330x220.jpg\" alt=\"\" \/>\n                     <figcaption>\n                        <i class=\"fa fa-plus\"><\/i>\n                        <p><\/p>\n                     <\/figcaption>\n                      \n            <\/figure><\/a><\/div> <div class=\"col-md-3 col-sm-4 col-xs-6\"><a class=\"plm-icon-hov\" href=\"https:\/\/katowice.energy2000.pl\/wp-content\/uploads\/2022\/12\/970A1315-683x1024.jpg\" title=\"\" data-rel=\"plm-lightbox-gallery-cGxtLWxpZ2h0Ym94LWdhbGxlcnktY0d4dExXeHBaMmgwWW05NA==\" data-rl_title=\"\" data-rl_caption=\"\"><figure class=\"effect-bubba\">\n                <img src=\"https:\/\/katowice.energy2000.pl\/wp-content\/uploads\/2022\/12\/970A1315-330x220.jpg\" alt=\"\" \/>\n                     <figcaption>\n                        <i class=\"fa fa-plus\"><\/i>\n                        <p><\/p>\n                     <\/figcaption>\n                      \n            <\/figure><\/a><\/div><\/div>","protected":false},"excerpt":{"rendered":"<p>Imprezy firmowe w Energy 2000 Katowice Imprezy, integracje, wigilie firmowe Jubileusze Spotkania biznesowe Bankiety, prezentacje produktowe oraz wiele innych Dlaczego warto nas wybra\u0107? Urozmaicona przestrze\u0144 klubowa do dyspozycji ponad 2000 m2 3 sale: Sala G\u0142\u00f3wna, Sala VIP, Sala Dance (sale &#8230; <a class=\"Rmore tbutton small\" href=\"https:\/\/katowice.energy2000.pl\/de\/fur-unternehmen\/\"><span>Mehr sehen \"<\/span><\/a><\/p>","protected":false},"author":2,"featured_media":0,"parent":0,"menu_order":19,"comment_status":"closed","ping_status":"closed","template":"page-col-12.php","meta":[],"yoast_head":"<!-- This site is optimized with the Yoast SEO plugin v19.2 - https:\/\/yoast.com\/wordpress\/plugins\/seo\/ -->\n<title>Dla Biznesu - Energy2000 - Katowice<\/title>\n<meta name=\"robots\" content=\"index, follow, max-snippet:-1, max-image-preview:large, max-video-preview:-1\" \/>\n<link rel=\"canonical\" href=\"https:\/\/katowice.energy2000.pl\/de\/fur-unternehmen\/\" \/>\n<meta property=\"og:locale\" content=\"de_DE\" \/>\n<meta property=\"og:type\" content=\"article\" \/>\n<meta property=\"og:title\" content=\"Dla Biznesu - Energy2000 - Katowice\" \/>\n<meta property=\"og:description\" content=\"Imprezy firmowe w Energy 2000 Katowice Imprezy, integracje, wigilie firmowe Jubileusze Spotkania biznesowe Bankiety, prezentacje produktowe oraz wiele innych Dlaczego warto nas wybra\u0107? Urozmaicona przestrze\u0144 klubowa do dyspozycji ponad 2000 m2 3 sale: Sala G\u0142\u00f3wna, Sala VIP, Sala Dance (sale ... Zobacz Wi\u0119cej \u00bb\" \/>\n<meta property=\"og:url\" content=\"https:\/\/katowice.energy2000.pl\/de\/fur-unternehmen\/\" \/>\n<meta property=\"og:site_name\" content=\"Energy2000 - Katowice\" \/>\n<meta property=\"article:modified_time\" content=\"2025-10-23T06:53:59+00:00\" \/>\n<meta property=\"og:image\" content=\"https:\/\/katowice.energy2000.pl\/wp-content\/uploads\/2025\/10\/oferta.png\" \/>\n<meta name=\"author\" content=\"Micha\u0142 W\u0105tkowski\" \/>\n<meta name=\"twitter:card\" content=\"summary_large_image\" \/>\n<meta name=\"twitter:label1\" content=\"Gesch\u00e4tzte Lesezeit\" \/>\n\t<meta name=\"twitter:data1\" content=\"2\u00a0Minuten\" \/>\n<script type=\"application\/ld+json\" class=\"yoast-schema-graph\">{\"@context\":\"https:\/\/schema.org\",\"@graph\":[{\"@type\":\"WebSite\",\"@id\":\"https:\/\/katowice.energy2000.pl\/#website\",\"url\":\"https:\/\/katowice.energy2000.pl\/\",\"name\":\"Energy2000 - Katowice\",\"description\":\"Najlepszy Klub na \u015bl\u0105sku\",\"potentialAction\":[{\"@type\":\"SearchAction\",\"target\":{\"@type\":\"EntryPoint\",\"urlTemplate\":\"https:\/\/katowice.energy2000.pl\/?s={search_term_string}\"},\"query-input\":\"required name=search_term_string\"}],\"inLanguage\":\"de\"},{\"@type\":\"ImageObject\",\"inLanguage\":\"de\",\"@id\":\"https:\/\/katowice.energy2000.pl\/dla-biznesu\/#primaryimage\",\"url\":\"https:\/\/katowice.energy2000.pl\/wp-content\/uploads\/2025\/10\/oferta.png\",\"contentUrl\":\"https:\/\/katowice.energy2000.pl\/wp-content\/uploads\/2025\/10\/oferta.png\",\"width\":710,\"height\":71},{\"@type\":\"WebPage\",\"@id\":\"https:\/\/katowice.energy2000.pl\/dla-biznesu\/#webpage\",\"url\":\"https:\/\/katowice.energy2000.pl\/dla-biznesu\/\",\"name\":\"Dla Biznesu - Energy2000 - Katowice\",\"isPartOf\":{\"@id\":\"https:\/\/katowice.energy2000.pl\/#website\"},\"primaryImageOfPage\":{\"@id\":\"https:\/\/katowice.energy2000.pl\/dla-biznesu\/#primaryimage\"},\"datePublished\":\"2022-12-02T08:54:53+00:00\",\"dateModified\":\"2025-10-23T06:53:59+00:00\",\"breadcrumb\":{\"@id\":\"https:\/\/katowice.energy2000.pl\/dla-biznesu\/#breadcrumb\"},\"inLanguage\":\"de\",\"potentialAction\":[{\"@type\":\"ReadAction\",\"target\":[\"https:\/\/katowice.energy2000.pl\/dla-biznesu\/\"]}]},{\"@type\":\"BreadcrumbList\",\"@id\":\"https:\/\/katowice.energy2000.pl\/dla-biznesu\/#breadcrumb\",\"itemListElement\":[{\"@type\":\"ListItem\",\"position\":1,\"name\":\"Strona g\u0142\u00f3wna\",\"item\":\"https:\/\/katowice.energy2000.pl\/\"},{\"@type\":\"ListItem\",\"position\":2,\"name\":\"Dla Biznesu\"}]}]}<\/script>\n<!-- \/ Yoast SEO plugin. -->","yoast_head_json":{"title":"Dla Biznesu - Energy2000 - Katowice","robots":{"index":"index","follow":"follow","max-snippet":"max-snippet:-1","max-image-preview":"max-image-preview:large","max-video-preview":"max-video-preview:-1"},"canonical":"https:\/\/katowice.energy2000.pl\/de\/fur-unternehmen\/","og_locale":"de_DE","og_type":"article","og_title":"Dla Biznesu - Energy2000 - Katowice","og_description":"Imprezy firmowe w Energy 2000 Katowice Imprezy, integracje, wigilie firmowe Jubileusze Spotkania biznesowe Bankiety, prezentacje produktowe oraz wiele innych Dlaczego warto nas wybra\u0107? Urozmaicona przestrze\u0144 klubowa do dyspozycji ponad 2000 m2 3 sale: Sala G\u0142\u00f3wna, Sala VIP, Sala Dance (sale ... Zobacz Wi\u0119cej \u00bb","og_url":"https:\/\/katowice.energy2000.pl\/de\/fur-unternehmen\/","og_site_name":"Energy2000 - Katowice","article_modified_time":"2025-10-23T06:53:59+00:00","og_image":[{"url":"https:\/\/katowice.energy2000.pl\/wp-content\/uploads\/2025\/10\/oferta.png"}],"author":"Micha\u0142 W\u0105tkowski","twitter_card":"summary_large_image","twitter_misc":{"Gesch\u00e4tzte Lesezeit":"2\u00a0Minuten"},"schema":{"@context":"https:\/\/schema.org","@graph":[{"@type":"WebSite","@id":"https:\/\/katowice.energy2000.pl\/#website","url":"https:\/\/katowice.energy2000.pl\/","name":"Energy2000 - Katowice","description":"Najlepszy Klub na \u015bl\u0105sku","potentialAction":[{"@type":"SearchAction","target":{"@type":"EntryPoint","urlTemplate":"https:\/\/katowice.energy2000.pl\/?s={search_term_string}"},"query-input":"required name=search_term_string"}],"inLanguage":"de"},{"@type":"ImageObject","inLanguage":"de","@id":"https:\/\/katowice.energy2000.pl\/dla-biznesu\/#primaryimage","url":"https:\/\/katowice.energy2000.pl\/wp-content\/uploads\/2025\/10\/oferta.png","contentUrl":"https:\/\/katowice.energy2000.pl\/wp-content\/uploads\/2025\/10\/oferta.png","width":710,"height":71},{"@type":"WebPage","@id":"https:\/\/katowice.energy2000.pl\/dla-biznesu\/#webpage","url":"https:\/\/katowice.energy2000.pl\/dla-biznesu\/","name":"Dla Biznesu - Energy2000 - Katowice","isPartOf":{"@id":"https:\/\/katowice.energy2000.pl\/#website"},"primaryImageOfPage":{"@id":"https:\/\/katowice.energy2000.pl\/dla-biznesu\/#primaryimage"},"datePublished":"2022-12-02T08:54:53+00:00","dateModified":"2025-10-23T06:53:59+00:00","breadcrumb":{"@id":"https:\/\/katowice.energy2000.pl\/dla-biznesu\/#breadcrumb"},"inLanguage":"de","potentialAction":[{"@type":"ReadAction","target":["https:\/\/katowice.energy2000.pl\/dla-biznesu\/"]}]},{"@type":"BreadcrumbList","@id":"https:\/\/katowice.energy2000.pl\/dla-biznesu\/#breadcrumb","itemListElement":[{"@type":"ListItem","position":1,"name":"Strona g\u0142\u00f3wna","item":"https:\/\/katowice.energy2000.pl\/"},{"@type":"ListItem","position":2,"name":"Dla Biznesu"}]}]}},"_links":{"self":[{"href":"https:\/\/katowice.energy2000.pl\/de\/wp-json\/wp\/v2\/pages\/136880"}],"collection":[{"href":"https:\/\/katowice.energy2000.pl\/de\/wp-json\/wp\/v2\/pages"}],"about":[{"href":"https:\/\/katowice.energy2000.pl\/de\/wp-json\/wp\/v2\/types\/page"}],"author":[{"embeddable":true,"href":"https:\/\/katowice.energy2000.pl\/de\/wp-json\/wp\/v2\/users\/2"}],"replies":[{"embeddable":true,"href":"https:\/\/katowice.energy2000.pl\/de\/wp-json\/wp\/v2\/comments?post=136880"}],"version-history":[{"count":32,"href":"https:\/\/katowice.energy2000.pl\/de\/wp-json\/wp\/v2\/pages\/136880\/revisions"}],"predecessor-version":[{"id":185539,"href":"https:\/\/katowice.energy2000.pl\/de\/wp-json\/wp\/v2\/pages\/136880\/revisions\/185539"}],"wp:attachment":[{"href":"https:\/\/katowice.energy2000.pl\/de\/wp-json\/wp\/v2\/media?parent=136880"}],"curies":[{"name":"wp","href":"https:\/\/api.w.org\/{rel}","templated":true}]}}