{"id":176093,"date":"2025-03-10T11:43:01","date_gmt":"2025-03-10T10:43:01","guid":{"rendered":"https:\/\/katowice.energy2000.pl\/?page_id=176093"},"modified":"2026-02-02T15:13:53","modified_gmt":"2026-02-02T14:13:53","slug":"wieczor-panienski-katowice","status":"publish","type":"page","link":"https:\/\/katowice.energy2000.pl\/de\/wieczor-panienski-katowice\/","title":{"rendered":"Wiecz\u00f3r panie\u0144ski Katowice \u2013 gdzie zorganizowa\u0107?"},"content":{"rendered":"<p>Szukasz pomys\u0142u, by zorganizowa\u0107 wiecz\u00f3r panie\u0144ski na \u015al\u0105sku? Katowice to miasto, kt\u00f3re oferuje szerok\u0105 gam\u0119 atrakcji. Niezale\u017cnie od tego, czy przysz\u0142a panna m\u0142oda lubi sp\u0119dza\u0107 czas w spos\u00f3b aktywny, czy raczej spokojny, z pewno\u015bci\u0105 znajdziecie co\u015b idealnego, by celebrowa\u0107 ten wyj\u0105tkowy dzie\u0144. Po skorzystaniu z r\u00f3\u017cnych rozrywek wieczorem warto uda\u0107 si\u0119 do klubu Energy, by poczu\u0107 pozytywn\u0105 energi\u0119, kt\u00f3ra wprawia ka\u017cdego w imprezowy vibe.<\/p>\n<h2>Wiecz\u00f3r panie\u0144ski w klubie czy w domu?<\/h2>\n<p>Mo\u017cna zastanawia\u0107 si\u0119 nad kwesti\u0105, czy wybra\u0107 klub na wiecz\u00f3r panie\u0144ski, czy zorganizowa\u0107 imprez\u0119 w domu. Oczywi\u015bcie jedno nie wyklucza drugiego. Jedn\u0105 z opcji jest spotkanie si\u0119 w mieszkaniu lub wynaj\u0119tym apartamencie, gdzie uczestniczki wydarzenia b\u0119d\u0105 mia\u0142y sposobno\u015b\u0107, by si\u0119 pozna\u0107, je\u015bli do tej pory nie mia\u0142y takiej okazji i sp\u0119dz\u0105 troch\u0119 czasu razem, nim wybior\u0105 si\u0119 do lokalu.<\/p>\n<p>Dom\u00f3wki w damskim gronie maj\u0105 sw\u00f3j klimat. Kameralna atmosfera sprzyja swobodnym rozmowom, wspomnieniom i szczerym zwierzeniom. Jednak zwykle pojawia si\u0119 ochota, by wyj\u015b\u0107 na wiecz\u00f3r panie\u0144ski w klubie, gdzie mo\u017cna poczu\u0107 prawdziwy zabawowy klimat, szalej\u0105c do bia\u0142ego rana w ulubionej <a href=\"https:\/\/katowice.energy2000.pl\/de\/jak-sie-ubrac-do-klubu\/\">stylizacji<\/a>. Dlatego warto wcze\u015bniej zadba\u0107 o rezerwacj\u0119 lo\u017cy lub zabookowa\u0107 VIP Premium Room, by mie\u0107 pewno\u015b\u0107, \u017ce ca\u0142ej grupie b\u0119dzie wygodnie i komfortowo. Tym bardziej \u017ce Energy 2000 na wiecz\u00f3r panie\u0144ski w Katowicach oferuje specjalne atrakcyjne promocje \u2013 op\u0142acaj\u0105c lo\u017c\u0119, mo\u017cna otrzyma\u0107 darmowe wej\u015bci\u00f3wki i voucher do wykorzystania na barze. Szczeg\u00f3\u0142y warto pozna\u0107, sprawdzaj\u0105c aktualne informacje na stronie klubu.<\/p>\n<h2>Jakie atrakcje mo\u017cna zorganizowa\u0107 na panie\u0144ski w Katowicach?<\/h2>\n<p>Zanim jednak wybierzecie si\u0119 do klubu, warto zaplanowa\u0107 <a href=\"https:\/\/katowice.energy2000.pl\/de\/atrakcje-katowice\/\">atrakcje<\/a> na wiecz\u00f3r panie\u0144ski w Katowicach, kt\u00f3re urozmaic\u0105 czas. W zale\u017cno\u015bci od upodoba\u0144 przysz\u0142ej panny m\u0142odej i uczestniczek wydarzenia mo\u017cecie zdecydowa\u0107 si\u0119 na wsp\u00f3lne zabiegi piel\u0119gnacyjne, loty w tunelu aerodynamicznym lub nauk\u0119 pole dance. Niekt\u00f3re osoby wol\u0105 spokojnie posiedzie\u0107 przy winie w mi\u0142ej knajpce lub wybra\u0107 si\u0119 na warsztaty sushi, a dla innych ciekawsz\u0105 opcj\u0105 jest wizyta na strzelnicy czy przeja\u017cd\u017cka quadami.<\/p>\n<p>To tylko przyk\u0142adowe pomys\u0142y na wiecz\u00f3r panie\u0144ski w Katowicach. Mo\u017cliwo\u015bci jest o wiele wi\u0119cej, a plany warto przedyskutowa\u0107 mi\u0119dzy sob\u0105. Mo\u017cna zrobi\u0107 niespodziank\u0119 bohaterce wydarzenia, jednak trzeba zna\u0107 jej preferencje i usposobienie, by trafi\u0107 w jej gust. Je\u015bli nie ma si\u0119 pewno\u015bci co do tego, czy wybrany spos\u00f3b sp\u0119dzania czasu b\u0119dzie odpowiedni, dobrze jest podpyta\u0107, by si\u0119 upewni\u0107.<\/p>\n<h2>Imprezy z motywem przewodnim \u2013 spos\u00f3b na stworzenie wyj\u0105tkowego klimatu<\/h2>\n<p>Organizuj\u0105c wiecz\u00f3r panie\u0144ski w Katowicach, warto ustali\u0107 motyw przewodni, kt\u00f3ry nada spotkaniu unikalny charakter. Wyb\u00f3r tematu wydarzenia pozwala skomponowa\u0107 sp\u00f3jne stroje, dekoracje, czy te\u017c akcesoria, dzi\u0119ki kt\u00f3rym uczestniczki mog\u0105 czu\u0107 si\u0119 wyr\u00f3\u017cnione. Sprzyja to integracji. Specjalna otoczka tworzy wyj\u0105tkow\u0105 atmosfer\u0119.<\/p>\n<p>Warto wiedzie\u0107, \u017ce Energy 2000 w Katowicach organizuje tematyczne imprezy, kt\u00f3re mog\u0105 sta\u0107 si\u0119 doskona\u0142\u0105 inspiracj\u0105 dla wieczoru panie\u0144skiego. Przyk\u0142adowo wydarzenia, takie jak \u201eRETRO PARTY\u201d, przenosz\u0105 uczestniczki w klimat minionych dekad. Zanim wybierzecie si\u0119 na disco, mo\u017cecie urz\u0105dzi\u0107 w domu spotkanie, podczas kt\u00f3rego przygotujecie stylizacje inspirowane wybran\u0105 epok\u0105, zrobi\u0107 makija\u017ce i fryzury w odpowiednim klimacie i pos\u0142ucha\u0107 hit\u00f3w z tamtych lat. Ciekawym pomys\u0142em b\u0119dzie tak\u017ce sesja zdj\u0119ciowa. To \u015bwietna okazja, by wczu\u0107 si\u0119 w atmosfer\u0119 imprezy i rozpocz\u0105\u0107 zabaw\u0119 jeszcze przed wyj\u015bciem do klubu.<\/p>\n<p>W Energy 2000 Katowice, opr\u00f3cz tematycznych imprez, regularnie odbywaj\u0105 si\u0119 koncerty znanych artyst\u00f3w, kt\u00f3re warto uwzgl\u0119dni\u0107 w planach na wiecz\u00f3r panie\u0144ski. Wyst\u0119py, takie jak Kaz Ba\u0142agane podczas HIP-HOP NIGHT czy Lucenzo z jego hitem \u201eDanza Kuduro\u201d na \u017cywo dostarczaj\u0105 niezapomnianych wra\u017ce\u0144. Profesjonalni tancerze i tancerki, efektowne pokazy \u015bwietlne oraz pirotechniczne tworz\u0105 atmosfer\u0119 rodem z Las Vegas, zapewniaj\u0105c prawdziwy imprezowy klimat. \u015aledz\u0105c kalendarz wydarze\u0144 na stronie klubu, mo\u017cecie zaplanowa\u0107 wiecz\u00f3r panie\u0144ski w Katowicach tak, aby wzi\u0105\u0107 udzia\u0142 w koncercie ulubionego artysty, co uczyni ten dzie\u0144 naprawd\u0119 wyj\u0105tkowym.<\/p>","protected":false},"excerpt":{"rendered":"<p>Szukasz pomys\u0142u, by zorganizowa\u0107 wiecz\u00f3r panie\u0144ski na \u015al\u0105sku? Katowice to miasto, kt\u00f3re oferuje szerok\u0105 gam\u0119 atrakcji. Niezale\u017cnie od tego, czy przysz\u0142a panna m\u0142oda lubi sp\u0119dza\u0107 czas w spos\u00f3b aktywny, czy raczej spokojny, z pewno\u015bci\u0105 znajdziecie co\u015b idealnego, by celebrowa\u0107 ten &#8230; <a class=\"Rmore tbutton small\" href=\"https:\/\/katowice.energy2000.pl\/de\/wieczor-panienski-katowice\/\"><span>Mehr sehen \"<\/span><\/a><\/p>","protected":false},"author":4290,"featured_media":0,"parent":0,"menu_order":14,"comment_status":"closed","ping_status":"closed","template":"","meta":[],"yoast_head":"<!-- This site is optimized with the Yoast SEO plugin v19.2 - https:\/\/yoast.com\/wordpress\/plugins\/seo\/ -->\n<title>Wiecz\u00f3r panie\u0144ski Katowice \u2013 gdzie zorganizowa\u0107? - Energy2000 - Katowice<\/title>\n<meta name=\"description\" content=\"Zorganizuj niezapomniany wiecz\u00f3r panie\u0144ski w klubie! Szalona zabawa, taniec do rana, wyj\u0105tkowa atmosfera i atrakcje, kt\u00f3re rozkr\u0119c\u0105 ka\u017cd\u0105 imprez\u0119!\" \/>\n<meta name=\"robots\" content=\"index, follow, max-snippet:-1, max-image-preview:large, max-video-preview:-1\" \/>\n<link rel=\"canonical\" href=\"https:\/\/katowice.energy2000.pl\/de\/wieczor-panienski-katowice\/\" \/>\n<meta property=\"og:locale\" content=\"de_DE\" \/>\n<meta property=\"og:type\" content=\"article\" \/>\n<meta property=\"og:title\" content=\"Wiecz\u00f3r panie\u0144ski Katowice \u2013 gdzie zorganizowa\u0107? - Energy2000 - Katowice\" \/>\n<meta property=\"og:description\" content=\"Zorganizuj niezapomniany wiecz\u00f3r panie\u0144ski w klubie! Szalona zabawa, taniec do rana, wyj\u0105tkowa atmosfera i atrakcje, kt\u00f3re rozkr\u0119c\u0105 ka\u017cd\u0105 imprez\u0119!\" \/>\n<meta property=\"og:url\" content=\"https:\/\/katowice.energy2000.pl\/de\/wieczor-panienski-katowice\/\" \/>\n<meta property=\"og:site_name\" content=\"Energy2000 - Katowice\" \/>\n<meta property=\"article:modified_time\" content=\"2026-02-02T14:13:53+00:00\" \/>\n<meta name=\"author\" content=\"SEO\" \/>\n<meta name=\"twitter:card\" content=\"summary_large_image\" \/>\n<meta name=\"twitter:label1\" content=\"Gesch\u00e4tzte Lesezeit\" \/>\n\t<meta name=\"twitter:data1\" content=\"4\u00a0Minuten\" \/>\n<script type=\"application\/ld+json\" class=\"yoast-schema-graph\">{\"@context\":\"https:\/\/schema.org\",\"@graph\":[{\"@type\":\"WebSite\",\"@id\":\"https:\/\/katowice.energy2000.pl\/#website\",\"url\":\"https:\/\/katowice.energy2000.pl\/\",\"name\":\"Energy2000 - Katowice\",\"description\":\"Najlepszy Klub na \u015bl\u0105sku\",\"potentialAction\":[{\"@type\":\"SearchAction\",\"target\":{\"@type\":\"EntryPoint\",\"urlTemplate\":\"https:\/\/katowice.energy2000.pl\/?s={search_term_string}\"},\"query-input\":\"required name=search_term_string\"}],\"inLanguage\":\"de\"},{\"@type\":\"WebPage\",\"@id\":\"https:\/\/katowice.energy2000.pl\/wieczor-panienski-katowice\/#webpage\",\"url\":\"https:\/\/katowice.energy2000.pl\/wieczor-panienski-katowice\/\",\"name\":\"Wiecz\u00f3r panie\u0144ski Katowice \u2013 gdzie zorganizowa\u0107? - Energy2000 - Katowice\",\"isPartOf\":{\"@id\":\"https:\/\/katowice.energy2000.pl\/#website\"},\"datePublished\":\"2025-03-10T10:43:01+00:00\",\"dateModified\":\"2026-02-02T14:13:53+00:00\",\"description\":\"Zorganizuj niezapomniany wiecz\u00f3r panie\u0144ski w klubie! Szalona zabawa, taniec do rana, wyj\u0105tkowa atmosfera i atrakcje, kt\u00f3re rozkr\u0119c\u0105 ka\u017cd\u0105 imprez\u0119!\",\"breadcrumb\":{\"@id\":\"https:\/\/katowice.energy2000.pl\/wieczor-panienski-katowice\/#breadcrumb\"},\"inLanguage\":\"de\",\"potentialAction\":[{\"@type\":\"ReadAction\",\"target\":[\"https:\/\/katowice.energy2000.pl\/wieczor-panienski-katowice\/\"]}]},{\"@type\":\"BreadcrumbList\",\"@id\":\"https:\/\/katowice.energy2000.pl\/wieczor-panienski-katowice\/#breadcrumb\",\"itemListElement\":[{\"@type\":\"ListItem\",\"position\":1,\"name\":\"Strona g\u0142\u00f3wna\",\"item\":\"https:\/\/katowice.energy2000.pl\/\"},{\"@type\":\"ListItem\",\"position\":2,\"name\":\"Wiecz\u00f3r panie\u0144ski Katowice \u2013 gdzie zorganizowa\u0107?\"}]}]}<\/script>\n<!-- \/ Yoast SEO plugin. -->","yoast_head_json":{"title":"Wiecz\u00f3r panie\u0144ski Katowice \u2013 gdzie zorganizowa\u0107? - Energy2000 - Katowice","description":"Zorganizuj niezapomniany wiecz\u00f3r panie\u0144ski w klubie! Szalona zabawa, taniec do rana, wyj\u0105tkowa atmosfera i atrakcje, kt\u00f3re rozkr\u0119c\u0105 ka\u017cd\u0105 imprez\u0119!","robots":{"index":"index","follow":"follow","max-snippet":"max-snippet:-1","max-image-preview":"max-image-preview:large","max-video-preview":"max-video-preview:-1"},"canonical":"https:\/\/katowice.energy2000.pl\/de\/wieczor-panienski-katowice\/","og_locale":"de_DE","og_type":"article","og_title":"Wiecz\u00f3r panie\u0144ski Katowice \u2013 gdzie zorganizowa\u0107? - Energy2000 - Katowice","og_description":"Zorganizuj niezapomniany wiecz\u00f3r panie\u0144ski w klubie! Szalona zabawa, taniec do rana, wyj\u0105tkowa atmosfera i atrakcje, kt\u00f3re rozkr\u0119c\u0105 ka\u017cd\u0105 imprez\u0119!","og_url":"https:\/\/katowice.energy2000.pl\/de\/wieczor-panienski-katowice\/","og_site_name":"Energy2000 - Katowice","article_modified_time":"2026-02-02T14:13:53+00:00","author":"SEO","twitter_card":"summary_large_image","twitter_misc":{"Gesch\u00e4tzte Lesezeit":"4\u00a0Minuten"},"schema":{"@context":"https:\/\/schema.org","@graph":[{"@type":"WebSite","@id":"https:\/\/katowice.energy2000.pl\/#website","url":"https:\/\/katowice.energy2000.pl\/","name":"Energy2000 - Katowice","description":"Najlepszy Klub na \u015bl\u0105sku","potentialAction":[{"@type":"SearchAction","target":{"@type":"EntryPoint","urlTemplate":"https:\/\/katowice.energy2000.pl\/?s={search_term_string}"},"query-input":"required name=search_term_string"}],"inLanguage":"de"},{"@type":"WebPage","@id":"https:\/\/katowice.energy2000.pl\/wieczor-panienski-katowice\/#webpage","url":"https:\/\/katowice.energy2000.pl\/wieczor-panienski-katowice\/","name":"Wiecz\u00f3r panie\u0144ski Katowice \u2013 gdzie zorganizowa\u0107? - Energy2000 - Katowice","isPartOf":{"@id":"https:\/\/katowice.energy2000.pl\/#website"},"datePublished":"2025-03-10T10:43:01+00:00","dateModified":"2026-02-02T14:13:53+00:00","description":"Zorganizuj niezapomniany wiecz\u00f3r panie\u0144ski w klubie! Szalona zabawa, taniec do rana, wyj\u0105tkowa atmosfera i atrakcje, kt\u00f3re rozkr\u0119c\u0105 ka\u017cd\u0105 imprez\u0119!","breadcrumb":{"@id":"https:\/\/katowice.energy2000.pl\/wieczor-panienski-katowice\/#breadcrumb"},"inLanguage":"de","potentialAction":[{"@type":"ReadAction","target":["https:\/\/katowice.energy2000.pl\/wieczor-panienski-katowice\/"]}]},{"@type":"BreadcrumbList","@id":"https:\/\/katowice.energy2000.pl\/wieczor-panienski-katowice\/#breadcrumb","itemListElement":[{"@type":"ListItem","position":1,"name":"Strona g\u0142\u00f3wna","item":"https:\/\/katowice.energy2000.pl\/"},{"@type":"ListItem","position":2,"name":"Wiecz\u00f3r panie\u0144ski Katowice \u2013 gdzie zorganizowa\u0107?"}]}]}},"_links":{"self":[{"href":"https:\/\/katowice.energy2000.pl\/de\/wp-json\/wp\/v2\/pages\/176093"}],"collection":[{"href":"https:\/\/katowice.energy2000.pl\/de\/wp-json\/wp\/v2\/pages"}],"about":[{"href":"https:\/\/katowice.energy2000.pl\/de\/wp-json\/wp\/v2\/types\/page"}],"author":[{"embeddable":true,"href":"https:\/\/katowice.energy2000.pl\/de\/wp-json\/wp\/v2\/users\/4290"}],"replies":[{"embeddable":true,"href":"https:\/\/katowice.energy2000.pl\/de\/wp-json\/wp\/v2\/comments?post=176093"}],"version-history":[{"count":3,"href":"https:\/\/katowice.energy2000.pl\/de\/wp-json\/wp\/v2\/pages\/176093\/revisions"}],"predecessor-version":[{"id":189216,"href":"https:\/\/katowice.energy2000.pl\/de\/wp-json\/wp\/v2\/pages\/176093\/revisions\/189216"}],"wp:attachment":[{"href":"https:\/\/katowice.energy2000.pl\/de\/wp-json\/wp\/v2\/media?parent=176093"}],"curies":[{"name":"wp","href":"https:\/\/api.w.org\/{rel}","templated":true}]}}