{"id":177670,"date":"2025-04-07T16:10:54","date_gmt":"2025-04-07T14:10:54","guid":{"rendered":"https:\/\/katowice.energy2000.pl\/?page_id=177670"},"modified":"2025-04-07T16:11:31","modified_gmt":"2025-04-07T14:11:31","slug":"wieczor-kawalerski-katowice","status":"publish","type":"page","link":"https:\/\/katowice.energy2000.pl\/de\/junggesellenabschied-katowice\/","title":{"rendered":"Junggesellenabschied Kattowitz"},"content":{"rendered":"<p>Es ist allgemein bekannt, dass ein Junggesellenabschied vom Trauzeugen des Br\u00e4utigams und seinen Freunden und Kollegen organisiert werden muss. Diese Aufgabe ist aufregend, aber gleichzeitig auch eine Herausforderung - es kann ein wenig problematisch sein, den Geschmack des Protagonisten der Veranstaltung zu treffen und sicherzustellen, dass der Spa\u00df im Vordergrund steht. Daher lohnt es sich, die Veranstaltung im Voraus zu planen und sich Gedanken dar\u00fcber zu machen, was dem zuk\u00fcnftigen Br\u00e4utigam die meiste Freude bereiten wird.<\/p>\n<h2>Unvergessliche Junggesellenabschiede - Katowice Energy 2000<\/h2>\n<p>Ein echter Junggesellenabschied kann nicht ohne eine Party in einem Club stattfinden. Es muss ein erstklassiger und lebendiger Ort sein, wie das Energy 2000 in Kattowitz. Der Ausflug sollte im Voraus geplant werden, und daf\u00fcr lohnt es sich, sich \u00fcber den Veranstaltungskalender zu informieren, da der Club Themenpartys und Konzerte veranstaltet. F\u00fcr Junggesellenabschiede werden Sonderangebote gemacht, und die Partyg\u00e4ste k\u00f6nnen die VIP-Loge nutzen, die Komfort und Exklusivit\u00e4t bietet. Die Buchung eines solchen Raums bietet vollen Komfort und eine Vielzahl von Catering- und Snackoptionen. Ein zus\u00e4tzlicher Bonus ist ein Gutschein, der in den Bars eingel\u00f6st werden kann.<\/p>\n<p>Das Energy 2000 ist bekannt f\u00fcr seine hervorragende Atmosph\u00e4re. Die besten DJs sorgen f\u00fcr eine volle Tanzfl\u00e4che. Dynamische Sets animieren zum Tanzen, w\u00e4hrend ein hochwertiges Soundsystem und visuelle Effekte wie RGB-Laser, B\u00fchnenpyrotechnik und CO2-Werfer f\u00fcr unvergessliche Eindr\u00fccke und eine unglaubliche Atmosph\u00e4re sorgen. In einer solchen Atmosph\u00e4re kann man sich richtig gut am\u00fcsieren, und auch nach der Hochzeit muss man sich nicht zur\u00fcckhalten und kann den Besuch von Katowice Energy 2000 fortsetzen, diesmal nur zu zweit.<\/p>\n<h2>Organisation eines Junggesellenabschieds - was m\u00fcssen Sie beachten?<\/h2>\n<p>Zunehmend beschr\u00e4nken sich Junggesellenabschiede nicht mehr nur auf eine wilde Nacht im Club. Mehrt\u00e4gige Ausfl\u00fcge werden immer beliebter, und Wochenendausfl\u00fcge sind die perfekte Gelegenheit, Spa\u00df mit einer Vielzahl von Aktivit\u00e4ten wie Paintball, Whiskyverkostungen, Billardspielen, Escape Rooms oder Autorallyes zu kombinieren.<\/p>\n<p>Bevor Sie einen Ausflug planen, sollten Sie \u00fcberlegen, welche Aktivit\u00e4ten dem zuk\u00fcnftigen Br\u00e4utigam am meisten Spa\u00df machen. Einige werden extreme Erlebnisse genie\u00dfen, andere bevorzugen eine ruhigere Form der Unterhaltung. Ein weiterer Punkt sind Fragen wie die Anmietung einer Wohnung oder die Anreise nach Kattowitz - wenn die Partyg\u00e4ste von au\u00dferhalb der Stadt kommen. Au\u00dferdem sollte man Tickets f\u00fcr ausgew\u00e4hlte Attraktionen im Voraus buchen und eine Loge im Club reservieren. Es ist auch gut, eine Alternative zu haben, falls unvorhergesehene Schwierigkeiten auftreten, z. B. ein Wetterumschwung. Wenn Notf\u00e4lle eintreten, wird ein Notfallplan Sie vor dem Abgrund bewahren.<\/p>\n<p>Bei der Organisation eines Junggesellenabschieds geht es nicht nur um die Auswahl des Unterhaltungsprogramms, sondern auch darum, das Budget entsprechend zu verwalten. Um Missverst\u00e4ndnisse zu vermeiden, ist es eine gute Idee, sich im Voraus auf einen Kostenvoranschlag zu einigen und diesen unter den Teilnehmern aufzuteilen. So vermeiden Sie, dass eine Person einen gr\u00f6\u00dferen Betrag aufbringen muss und sp\u00e4ter eine R\u00fcckzahlung verlangt. Sie k\u00f6nnen auch \u00fcber ein Geschenk f\u00fcr den zuk\u00fcnftigen Br\u00e4utigam nachdenken, \u00fcber lustige Gadgets und Accessoires wie Anstecknadeln, H\u00fcte oder Fliegen. Das wird die Gruppe auffallen lassen.<\/p>\n<h2>Junggesellenabschied in Kattowitz - eine gro\u00dfe Attraktion<\/h2>\n<p>Es gibt viele M\u00f6glichkeiten, einen Junggesellenabschied in Kattowitz auf interessante Weise zu verbringen. Das Treffen kann mit solchen Attraktionen beginnen wie: Off-Road-Fahren - extreme Expeditionen durch die Wildnis, Besuch eines Schie\u00dfstandes, Paintball oder Laser Tag, K\u00e4mpfen im Escape Room, interaktive Unterhaltung in der VR-Arena, Anmietung eines Partybusses, ein Ausflug zum Kohlebergbaumuseum in Zabrze, das sich in der N\u00e4he von Katowice befindet - ein Besuch unter Tage, Rafting unter Tage in einem Stollen.<\/p>\n<p>F\u00fcr viele Herren kann ein Junggesellenabschied in Schlesien nicht ohne die K\u00f6stlichkeiten der regionalen K\u00fcche stattfinden. In Kattowitz mangelt es nicht an guten Restaurants, in denen man traditionelle Gerichte wie Rolada, schlesische Kn\u00f6del und Modra Kapusta essen kann. Wenn Sie auf der Suche nach exotischeren Gerichten sind, k\u00f6nnen Sie sich in die Mariacka-Stra\u00dfe begeben, wo es zahlreiche Lokale gibt, die Gerichte aus aller Welt anbieten, wie zum Beispiel die beliebte Sushi-Bar mit schwimmenden Sushi-Booten.<\/p>","protected":false},"excerpt":{"rendered":"<p>Przyj\u0119\u0142o si\u0119, \u017ce wiecz\u00f3r kawalerski powinien by\u0107 organizowany przez \u015bwiadka pana m\u0142odego i jego przyjaci\u00f3\u0142 oraz koleg\u00f3w. To zadanie jest ekscytuj\u0105ce, ale jednocze\u015bnie stanowi nie lada wyzwanie \u2013 nieco problematyczne mo\u017ce by\u0107 trafienie w gust bohatera wydarzenia i zadbanie o &#8230; <a class=\"Rmore tbutton small\" href=\"https:\/\/katowice.energy2000.pl\/de\/junggesellenabschied-katowice\/\"><span>Mehr sehen \"<\/span><\/a><\/p>","protected":false},"author":4290,"featured_media":0,"parent":0,"menu_order":14,"comment_status":"closed","ping_status":"closed","template":"","meta":[],"yoast_head":"<!-- This site is optimized with the Yoast SEO plugin v19.2 - https:\/\/yoast.com\/wordpress\/plugins\/seo\/ -->\n<title>Wiecz\u00f3r kawalerski Katowice \u2013 gdzie zorganizowa\u0107? - Energy2000 - Katowice<\/title>\n<meta name=\"description\" content=\"Zorganizuj epicki wiecz\u00f3r kawalerski w klubie! Moc atrakcji, najlepsza muzyka, niezapomniany klimat i impreza, kt\u00f3r\u0105 zapami\u0119tacie na d\u0142ugo. Sprawd\u017a, co oferujemy\" \/>\n<meta name=\"robots\" content=\"index, follow, max-snippet:-1, max-image-preview:large, max-video-preview:-1\" \/>\n<link rel=\"canonical\" href=\"https:\/\/katowice.energy2000.pl\/de\/junggesellenabschied-katowice\/\" \/>\n<meta property=\"og:locale\" content=\"de_DE\" \/>\n<meta property=\"og:type\" content=\"article\" \/>\n<meta property=\"og:title\" content=\"Wiecz\u00f3r kawalerski Katowice \u2013 gdzie zorganizowa\u0107? - Energy2000 - Katowice\" \/>\n<meta property=\"og:description\" content=\"Zorganizuj epicki wiecz\u00f3r kawalerski w klubie! Moc atrakcji, najlepsza muzyka, niezapomniany klimat i impreza, kt\u00f3r\u0105 zapami\u0119tacie na d\u0142ugo. Sprawd\u017a, co oferujemy\" \/>\n<meta property=\"og:url\" content=\"https:\/\/katowice.energy2000.pl\/de\/junggesellenabschied-katowice\/\" \/>\n<meta property=\"og:site_name\" content=\"Energy2000 - Katowice\" \/>\n<meta property=\"article:modified_time\" content=\"2025-04-07T14:11:31+00:00\" \/>\n<meta name=\"author\" content=\"SEO\" \/>\n<meta name=\"twitter:card\" content=\"summary_large_image\" \/>\n<meta name=\"twitter:label1\" content=\"Gesch\u00e4tzte Lesezeit\" \/>\n\t<meta name=\"twitter:data1\" content=\"3\u00a0Minuten\" \/>\n<script type=\"application\/ld+json\" class=\"yoast-schema-graph\">{\"@context\":\"https:\/\/schema.org\",\"@graph\":[{\"@type\":\"WebSite\",\"@id\":\"https:\/\/katowice.energy2000.pl\/#website\",\"url\":\"https:\/\/katowice.energy2000.pl\/\",\"name\":\"Energy2000 - Katowice\",\"description\":\"Najlepszy Klub na \u015bl\u0105sku\",\"potentialAction\":[{\"@type\":\"SearchAction\",\"target\":{\"@type\":\"EntryPoint\",\"urlTemplate\":\"https:\/\/katowice.energy2000.pl\/?s={search_term_string}\"},\"query-input\":\"required name=search_term_string\"}],\"inLanguage\":\"de\"},{\"@type\":\"WebPage\",\"@id\":\"https:\/\/katowice.energy2000.pl\/wieczor-kawalerski-katowice\/#webpage\",\"url\":\"https:\/\/katowice.energy2000.pl\/wieczor-kawalerski-katowice\/\",\"name\":\"Wiecz\u00f3r kawalerski Katowice \u2013 gdzie zorganizowa\u0107? - Energy2000 - Katowice\",\"isPartOf\":{\"@id\":\"https:\/\/katowice.energy2000.pl\/#website\"},\"datePublished\":\"2025-04-07T14:10:54+00:00\",\"dateModified\":\"2025-04-07T14:11:31+00:00\",\"description\":\"Zorganizuj epicki wiecz\u00f3r kawalerski w klubie! Moc atrakcji, najlepsza muzyka, niezapomniany klimat i impreza, kt\u00f3r\u0105 zapami\u0119tacie na d\u0142ugo. Sprawd\u017a, co oferujemy\",\"breadcrumb\":{\"@id\":\"https:\/\/katowice.energy2000.pl\/wieczor-kawalerski-katowice\/#breadcrumb\"},\"inLanguage\":\"de\",\"potentialAction\":[{\"@type\":\"ReadAction\",\"target\":[\"https:\/\/katowice.energy2000.pl\/wieczor-kawalerski-katowice\/\"]}]},{\"@type\":\"BreadcrumbList\",\"@id\":\"https:\/\/katowice.energy2000.pl\/wieczor-kawalerski-katowice\/#breadcrumb\",\"itemListElement\":[{\"@type\":\"ListItem\",\"position\":1,\"name\":\"Strona g\u0142\u00f3wna\",\"item\":\"https:\/\/katowice.energy2000.pl\/\"},{\"@type\":\"ListItem\",\"position\":2,\"name\":\"Wiecz\u00f3r kawalerski Katowice\"}]}]}<\/script>\n<!-- \/ Yoast SEO plugin. -->","yoast_head_json":{"title":"Wiecz\u00f3r kawalerski Katowice \u2013 gdzie zorganizowa\u0107? - Energy2000 - Katowice","description":"Zorganizuj epicki wiecz\u00f3r kawalerski w klubie! Moc atrakcji, najlepsza muzyka, niezapomniany klimat i impreza, kt\u00f3r\u0105 zapami\u0119tacie na d\u0142ugo. Sprawd\u017a, co oferujemy","robots":{"index":"index","follow":"follow","max-snippet":"max-snippet:-1","max-image-preview":"max-image-preview:large","max-video-preview":"max-video-preview:-1"},"canonical":"https:\/\/katowice.energy2000.pl\/de\/junggesellenabschied-katowice\/","og_locale":"de_DE","og_type":"article","og_title":"Wiecz\u00f3r kawalerski Katowice \u2013 gdzie zorganizowa\u0107? - Energy2000 - Katowice","og_description":"Zorganizuj epicki wiecz\u00f3r kawalerski w klubie! Moc atrakcji, najlepsza muzyka, niezapomniany klimat i impreza, kt\u00f3r\u0105 zapami\u0119tacie na d\u0142ugo. Sprawd\u017a, co oferujemy","og_url":"https:\/\/katowice.energy2000.pl\/de\/junggesellenabschied-katowice\/","og_site_name":"Energy2000 - Katowice","article_modified_time":"2025-04-07T14:11:31+00:00","author":"SEO","twitter_card":"summary_large_image","twitter_misc":{"Gesch\u00e4tzte Lesezeit":"3\u00a0Minuten"},"schema":{"@context":"https:\/\/schema.org","@graph":[{"@type":"WebSite","@id":"https:\/\/katowice.energy2000.pl\/#website","url":"https:\/\/katowice.energy2000.pl\/","name":"Energy2000 - Katowice","description":"Najlepszy Klub na \u015bl\u0105sku","potentialAction":[{"@type":"SearchAction","target":{"@type":"EntryPoint","urlTemplate":"https:\/\/katowice.energy2000.pl\/?s={search_term_string}"},"query-input":"required name=search_term_string"}],"inLanguage":"de"},{"@type":"WebPage","@id":"https:\/\/katowice.energy2000.pl\/wieczor-kawalerski-katowice\/#webpage","url":"https:\/\/katowice.energy2000.pl\/wieczor-kawalerski-katowice\/","name":"Wiecz\u00f3r kawalerski Katowice \u2013 gdzie zorganizowa\u0107? - Energy2000 - Katowice","isPartOf":{"@id":"https:\/\/katowice.energy2000.pl\/#website"},"datePublished":"2025-04-07T14:10:54+00:00","dateModified":"2025-04-07T14:11:31+00:00","description":"Zorganizuj epicki wiecz\u00f3r kawalerski w klubie! Moc atrakcji, najlepsza muzyka, niezapomniany klimat i impreza, kt\u00f3r\u0105 zapami\u0119tacie na d\u0142ugo. Sprawd\u017a, co oferujemy","breadcrumb":{"@id":"https:\/\/katowice.energy2000.pl\/wieczor-kawalerski-katowice\/#breadcrumb"},"inLanguage":"de","potentialAction":[{"@type":"ReadAction","target":["https:\/\/katowice.energy2000.pl\/wieczor-kawalerski-katowice\/"]}]},{"@type":"BreadcrumbList","@id":"https:\/\/katowice.energy2000.pl\/wieczor-kawalerski-katowice\/#breadcrumb","itemListElement":[{"@type":"ListItem","position":1,"name":"Strona g\u0142\u00f3wna","item":"https:\/\/katowice.energy2000.pl\/"},{"@type":"ListItem","position":2,"name":"Wiecz\u00f3r kawalerski Katowice"}]}]}},"_links":{"self":[{"href":"https:\/\/katowice.energy2000.pl\/de\/wp-json\/wp\/v2\/pages\/177670"}],"collection":[{"href":"https:\/\/katowice.energy2000.pl\/de\/wp-json\/wp\/v2\/pages"}],"about":[{"href":"https:\/\/katowice.energy2000.pl\/de\/wp-json\/wp\/v2\/types\/page"}],"author":[{"embeddable":true,"href":"https:\/\/katowice.energy2000.pl\/de\/wp-json\/wp\/v2\/users\/4290"}],"replies":[{"embeddable":true,"href":"https:\/\/katowice.energy2000.pl\/de\/wp-json\/wp\/v2\/comments?post=177670"}],"version-history":[{"count":1,"href":"https:\/\/katowice.energy2000.pl\/de\/wp-json\/wp\/v2\/pages\/177670\/revisions"}],"predecessor-version":[{"id":177671,"href":"https:\/\/katowice.energy2000.pl\/de\/wp-json\/wp\/v2\/pages\/177670\/revisions\/177671"}],"wp:attachment":[{"href":"https:\/\/katowice.energy2000.pl\/de\/wp-json\/wp\/v2\/media?parent=177670"}],"curies":[{"name":"wp","href":"https:\/\/api.w.org\/{rel}","templated":true}]}}