{"id":182166,"date":"2025-08-04T15:44:56","date_gmt":"2025-08-04T13:44:56","guid":{"rendered":"https:\/\/katowice.energy2000.pl\/?page_id=182166"},"modified":"2025-08-04T15:45:25","modified_gmt":"2025-08-04T13:45:25","slug":"andrzejki-w-katowicach","status":"publish","type":"page","link":"https:\/\/katowice.energy2000.pl\/de\/andrzejki-w-katowicach\/","title":{"rendered":"Andrzejki w Katowicach &#8211; impreza andrzejkowa Energy2000"},"content":{"rendered":"<p>Za oknem szaro i deszczowo. Po wakacyjnych szale\u0144stwach zosta\u0142y ju\u017c tylko wspomnienia, ale spokojnie \u2013 listopad ma te\u017c swoje plusy, a szczeg\u00f3lnie jego ko\u0144c\u00f3wka. W\u0142a\u015bnie wtedy przypadaj\u0105 Andrzejki, czyli staropolskie \u015bwi\u0119to \u2013 noc wr\u00f3\u017cb i dobrej zabawy. Doskona\u0142a okazja do tego, by si\u0119 rozerwa\u0107 i wyj\u015b\u0107 z domu. Gdzie wybra\u0107 si\u0119 na andrzejkow\u0105 imprez\u0119 na \u015al\u0105sku? A mo\u017ce lepiej pozosta\u0107 w domu i urz\u0105dzi\u0107 przyj\u0119cie u siebie? Sprawd\u017a nasze podpowiedzi.<\/p>\n<h2>Impreza andrzejkowa \u2013 Katowice Energy 2000 zapraszaj\u0105 na wyj\u0105tkowe wydarzenie!<\/h2>\n<p>Wszyscy, kt\u00f3rzy mieli okazj\u0119 uczestniczy\u0107 w ubieg\u0142orocznych imprezach andrzejkowych w Katowicach w Energy 2000, wiedz\u0105, \u017ce nie jest to zwyk\u0142a zabawa w klubie, a prawdziwe show, kt\u00f3re zostaje w pami\u0119ci. Na widowiskowy charakter zabawy wp\u0142ywaj\u0105 takie elementy, jak:<br \/>\n&#8211; Efekty wizualne, lasery, pirotechnika sceniczna, oprawa \u015bwietlna, telebimy,<br \/>\n&#8211; Klimatyczny, dopracowany wystr\u00f3j sali, gad\u017cety i akcesoria,<br \/>\n&#8211; Pokazy artystyczne \u2013 tancerki i tancerze, hostessy, iluzjoni\u015bci.<\/p>\n<p>Oczywi\u015bcie na go\u015bci czeka prawdziwa muzyczna uczta. Najlepsi DJ-e zadbaj\u0105 o to, by parkiet t\u0119tni\u0142 \u017cyciem. A po ta\u0144cach mo\u017cna odpr\u0119\u017cy\u0107 si\u0119 w wygodnej lo\u017cy lub pokoju VIP-owskim, racz\u0105c si\u0119 pysznym cateringiem. Je\u015bli szukasz najlepszej imprezy andrzejkowej na \u015al\u0105sku \u2013 tutaj mo\u017cesz liczy\u0107 na perfekcyjnie dopracowany program wydarzenia i fantastyczn\u0105, magiczn\u0105 zabaw\u0119 przez ca\u0142\u0105 noc.<\/p>\n<h2>Zabawa andrzejkowa w Katowicach w lokalu, a mo\u017ce dom\u00f3wka?<\/h2>\n<p>Mo\u017cna rozwa\u017ca\u0107 wyj\u015bcie do lokalu na zorganizowan\u0105 imprez\u0119 lub urz\u0105dzenie dom\u00f3wki i zaproszenie go\u015bci. Ka\u017cda z tych opcji ma swoje plusy. Kameralne przyj\u0119cia andrzejkowe sprzyjaj\u0105 swobodnej atmosferze, d\u0142ugim rozmowom i bardziej osobistym akcentom \u2013 zyskuje si\u0119 szans\u0119 na to, by samemu zadba\u0107 o klimat, przygotowa\u0107 ulubione przystawki i drinki, serwowa\u0107 go\u015bciom hity ze swojej playlisty. Jednak trzeba pami\u0119ta\u0107, \u017ce zabawa we w\u0142asnym mieszkaniu wi\u0105\u017ce si\u0119 te\u017c z pewnymi ograniczeniami i obowi\u0105zkami.<br \/>\nPo pierwsze \u2013 cisza nocna. Po godzinie 22 s\u0105siedzi mog\u0105 nie podziela\u0107 naszego andrzejkowego entuzjazmu. Drug\u0105 kwesti\u0105 jest pe\u0142nienie funkcji gospodarza \u2013 przygotowywanie imprezy, pilnowanie, \u017ceby niczego nie zabrak\u0142o i wizja sprz\u0105tania po zabawie mo\u017ce odebra\u0107 rado\u015b\u0107 z przyj\u0119cia. Dlatego na Andrzejki w Katowicach warto wybra\u0107 w sprawdzone miejsce jak Energy 2000.<br \/>\nOczywi\u015bcie mo\u017cna te\u017c um\u00f3wi\u0107 si\u0119 na biforek w mniejszym gronie, bez wielkich przygotowa\u0144 cateringu, czy uprzedzania s\u0105siad\u00f3w i wyj\u015b\u0107 z domu, nim zacznie obowi\u0105zywa\u0107 cisza nocna. W intymnej atmosferze, przy \u015bwieczkach, wr\u00f3\u017cbach i \u015bmiechu, mo\u017cna nastroi\u0107 si\u0119 przed imprez\u0105 w klubie.<\/p>\n<h2>Wigilia imienin \u015bw. Andrzeja \u2013 dlaczego warto odpowiednio celebrowa\u0107 t\u0119 dat\u0119?<\/h2>\n<p>Tradycja \u015bwi\u0119towania Andrzejek wywodzi si\u0119 z dawnych ludowych zwyczaj\u00f3w, kt\u00f3rych korzenie si\u0119gaj\u0105 staro\u017cytnej Grecji. Kiedy\u015b by\u0142y to typowo dziewcz\u0119ce wieczory wr\u00f3\u017cb, podczas kt\u00f3rych pr\u00f3bowano pozna\u0107 przysz\u0142o\u015b\u0107, przewidzie\u0107 sk\u0105d nadejdzie mi\u0142o\u015b\u0107 i odkry\u0107 imi\u0119 przysz\u0142ego m\u0119\u017ca. Obecnie to bardziej okazja do spotka\u0144 towarzyskich, cho\u0107 wci\u0105\u017c ta noc mo\u017ce mie\u0107 magiczny klimat, o co warto zadba\u0107.<br \/>\nCho\u0107 raczej niewiele os\u00f3b wierzy dzi\u015b, \u017ce z zastyg\u0142ego wosku naprawd\u0119 mo\u017cna odczyta\u0107 wskaz\u00f3wki dotycz\u0105ce tego, co szykuje los, albo \u017ce sk\u00f3rka od jab\u0142ka upuszczona na st\u00f3\u0142 u\u0142o\u017cy si\u0119 w pierwsz\u0105 liter\u0119 imienia przysz\u0142ego partnera, to nie o to tu chodzi. Andrzejki to czas, gdy mo\u017cna popu\u015bci\u0107 wodze fantazji, pobawi\u0107 si\u0119 i zn\u00f3w poczu\u0107 jak dziecko.<br \/>\nTo wymarzona sposobno\u015b\u0107 do tego, by si\u0119 spotka\u0107 i sp\u0119dzi\u0107 razem beztroskie chwile. W czasach, gdy komunikatory zast\u0119puj\u0105 nam spotkania twarz\u0105 w twarz, ka\u017cda okazja do tego, by by\u0107 razem, jest na wag\u0119 z\u0142ota, dlatego trzeba j\u0105 wykorzysta\u0107 i zaplanowa\u0107 wsp\u00f3lne Andrzejki. Wyj\u015bcie z domu mobilizuje do specjalnych przygotowa\u0107, co r\u00f3wnie\u017c dostarcza wra\u017ce\u0144. Mo\u017cna si\u0119 wystroi\u0107, za\u0142o\u017cy\u0107 co\u015b od\u015bwi\u0119tnego \u2013 sukienk\u0119, kt\u00f3ra czeka\u0142a w szafie na wyj\u0105tkow\u0105 okazj\u0119, b\u0142yszcz\u0105ce dodatki czy koszul\u0119, kt\u00f3rej nie nosi si\u0119 na co dzie\u0144. Dzi\u0119ki temu r\u00f3wnie\u017c \u0142atwiej poczu\u0107 rozrywkowy vibe.<\/p>","protected":false},"excerpt":{"rendered":"<p>Za oknem szaro i deszczowo. Po wakacyjnych szale\u0144stwach zosta\u0142y ju\u017c tylko wspomnienia, ale spokojnie \u2013 listopad ma te\u017c swoje plusy, a szczeg\u00f3lnie jego ko\u0144c\u00f3wka. W\u0142a\u015bnie wtedy przypadaj\u0105 Andrzejki, czyli staropolskie \u015bwi\u0119to \u2013 noc wr\u00f3\u017cb i dobrej zabawy. Doskona\u0142a okazja do &#8230; <a class=\"Rmore tbutton small\" href=\"https:\/\/katowice.energy2000.pl\/de\/andrzejki-w-katowicach\/\"><span>Mehr sehen \"<\/span><\/a><\/p>","protected":false},"author":4290,"featured_media":0,"parent":0,"menu_order":9,"comment_status":"closed","ping_status":"closed","template":"","meta":[],"yoast_head":"<!-- This site is optimized with the Yoast SEO plugin v19.2 - https:\/\/yoast.com\/wordpress\/plugins\/seo\/ -->\n<title>Andrzejki w Katowicach - impreza andrzejkowa Energy2000 - Energy2000 - Katowice<\/title>\n<meta name=\"robots\" content=\"index, follow, max-snippet:-1, max-image-preview:large, max-video-preview:-1\" \/>\n<link rel=\"canonical\" href=\"https:\/\/katowice.energy2000.pl\/de\/andrzejki-w-katowicach\/\" \/>\n<meta property=\"og:locale\" content=\"de_DE\" \/>\n<meta property=\"og:type\" content=\"article\" \/>\n<meta property=\"og:title\" content=\"Andrzejki w Katowicach - impreza andrzejkowa Energy2000 - Energy2000 - Katowice\" \/>\n<meta property=\"og:description\" content=\"Za oknem szaro i deszczowo. Po wakacyjnych szale\u0144stwach zosta\u0142y ju\u017c tylko wspomnienia, ale spokojnie \u2013 listopad ma te\u017c swoje plusy, a szczeg\u00f3lnie jego ko\u0144c\u00f3wka. W\u0142a\u015bnie wtedy przypadaj\u0105 Andrzejki, czyli staropolskie \u015bwi\u0119to \u2013 noc wr\u00f3\u017cb i dobrej zabawy. Doskona\u0142a okazja do ... Zobacz Wi\u0119cej \u00bb\" \/>\n<meta property=\"og:url\" content=\"https:\/\/katowice.energy2000.pl\/de\/andrzejki-w-katowicach\/\" \/>\n<meta property=\"og:site_name\" content=\"Energy2000 - Katowice\" \/>\n<meta property=\"article:modified_time\" content=\"2025-08-04T13:45:25+00:00\" \/>\n<meta name=\"author\" content=\"SEO\" \/>\n<meta name=\"twitter:card\" content=\"summary_large_image\" \/>\n<meta name=\"twitter:label1\" content=\"Gesch\u00e4tzte Lesezeit\" \/>\n\t<meta name=\"twitter:data1\" content=\"4\u00a0Minuten\" \/>\n<script type=\"application\/ld+json\" class=\"yoast-schema-graph\">{\"@context\":\"https:\/\/schema.org\",\"@graph\":[{\"@type\":\"WebSite\",\"@id\":\"https:\/\/katowice.energy2000.pl\/#website\",\"url\":\"https:\/\/katowice.energy2000.pl\/\",\"name\":\"Energy2000 - Katowice\",\"description\":\"Najlepszy Klub na \u015bl\u0105sku\",\"potentialAction\":[{\"@type\":\"SearchAction\",\"target\":{\"@type\":\"EntryPoint\",\"urlTemplate\":\"https:\/\/katowice.energy2000.pl\/?s={search_term_string}\"},\"query-input\":\"required name=search_term_string\"}],\"inLanguage\":\"de\"},{\"@type\":\"WebPage\",\"@id\":\"https:\/\/katowice.energy2000.pl\/andrzejki-w-katowicach\/#webpage\",\"url\":\"https:\/\/katowice.energy2000.pl\/andrzejki-w-katowicach\/\",\"name\":\"Andrzejki w Katowicach - impreza andrzejkowa Energy2000 - Energy2000 - Katowice\",\"isPartOf\":{\"@id\":\"https:\/\/katowice.energy2000.pl\/#website\"},\"datePublished\":\"2025-08-04T13:44:56+00:00\",\"dateModified\":\"2025-08-04T13:45:25+00:00\",\"breadcrumb\":{\"@id\":\"https:\/\/katowice.energy2000.pl\/andrzejki-w-katowicach\/#breadcrumb\"},\"inLanguage\":\"de\",\"potentialAction\":[{\"@type\":\"ReadAction\",\"target\":[\"https:\/\/katowice.energy2000.pl\/andrzejki-w-katowicach\/\"]}]},{\"@type\":\"BreadcrumbList\",\"@id\":\"https:\/\/katowice.energy2000.pl\/andrzejki-w-katowicach\/#breadcrumb\",\"itemListElement\":[{\"@type\":\"ListItem\",\"position\":1,\"name\":\"Strona g\u0142\u00f3wna\",\"item\":\"https:\/\/katowice.energy2000.pl\/\"},{\"@type\":\"ListItem\",\"position\":2,\"name\":\"Andrzejki w Katowicach &#8211; impreza andrzejkowa Energy2000\"}]}]}<\/script>\n<!-- \/ Yoast SEO plugin. -->","yoast_head_json":{"title":"Andrzejki w Katowicach - impreza andrzejkowa Energy2000 - Energy2000 - Katowice","robots":{"index":"index","follow":"follow","max-snippet":"max-snippet:-1","max-image-preview":"max-image-preview:large","max-video-preview":"max-video-preview:-1"},"canonical":"https:\/\/katowice.energy2000.pl\/de\/andrzejki-w-katowicach\/","og_locale":"de_DE","og_type":"article","og_title":"Andrzejki w Katowicach - impreza andrzejkowa Energy2000 - Energy2000 - Katowice","og_description":"Za oknem szaro i deszczowo. Po wakacyjnych szale\u0144stwach zosta\u0142y ju\u017c tylko wspomnienia, ale spokojnie \u2013 listopad ma te\u017c swoje plusy, a szczeg\u00f3lnie jego ko\u0144c\u00f3wka. W\u0142a\u015bnie wtedy przypadaj\u0105 Andrzejki, czyli staropolskie \u015bwi\u0119to \u2013 noc wr\u00f3\u017cb i dobrej zabawy. Doskona\u0142a okazja do ... Zobacz Wi\u0119cej \u00bb","og_url":"https:\/\/katowice.energy2000.pl\/de\/andrzejki-w-katowicach\/","og_site_name":"Energy2000 - Katowice","article_modified_time":"2025-08-04T13:45:25+00:00","author":"SEO","twitter_card":"summary_large_image","twitter_misc":{"Gesch\u00e4tzte Lesezeit":"4\u00a0Minuten"},"schema":{"@context":"https:\/\/schema.org","@graph":[{"@type":"WebSite","@id":"https:\/\/katowice.energy2000.pl\/#website","url":"https:\/\/katowice.energy2000.pl\/","name":"Energy2000 - Katowice","description":"Najlepszy Klub na \u015bl\u0105sku","potentialAction":[{"@type":"SearchAction","target":{"@type":"EntryPoint","urlTemplate":"https:\/\/katowice.energy2000.pl\/?s={search_term_string}"},"query-input":"required name=search_term_string"}],"inLanguage":"de"},{"@type":"WebPage","@id":"https:\/\/katowice.energy2000.pl\/andrzejki-w-katowicach\/#webpage","url":"https:\/\/katowice.energy2000.pl\/andrzejki-w-katowicach\/","name":"Andrzejki w Katowicach - impreza andrzejkowa Energy2000 - Energy2000 - Katowice","isPartOf":{"@id":"https:\/\/katowice.energy2000.pl\/#website"},"datePublished":"2025-08-04T13:44:56+00:00","dateModified":"2025-08-04T13:45:25+00:00","breadcrumb":{"@id":"https:\/\/katowice.energy2000.pl\/andrzejki-w-katowicach\/#breadcrumb"},"inLanguage":"de","potentialAction":[{"@type":"ReadAction","target":["https:\/\/katowice.energy2000.pl\/andrzejki-w-katowicach\/"]}]},{"@type":"BreadcrumbList","@id":"https:\/\/katowice.energy2000.pl\/andrzejki-w-katowicach\/#breadcrumb","itemListElement":[{"@type":"ListItem","position":1,"name":"Strona g\u0142\u00f3wna","item":"https:\/\/katowice.energy2000.pl\/"},{"@type":"ListItem","position":2,"name":"Andrzejki w Katowicach &#8211; impreza andrzejkowa Energy2000"}]}]}},"_links":{"self":[{"href":"https:\/\/katowice.energy2000.pl\/de\/wp-json\/wp\/v2\/pages\/182166"}],"collection":[{"href":"https:\/\/katowice.energy2000.pl\/de\/wp-json\/wp\/v2\/pages"}],"about":[{"href":"https:\/\/katowice.energy2000.pl\/de\/wp-json\/wp\/v2\/types\/page"}],"author":[{"embeddable":true,"href":"https:\/\/katowice.energy2000.pl\/de\/wp-json\/wp\/v2\/users\/4290"}],"replies":[{"embeddable":true,"href":"https:\/\/katowice.energy2000.pl\/de\/wp-json\/wp\/v2\/comments?post=182166"}],"version-history":[{"count":2,"href":"https:\/\/katowice.energy2000.pl\/de\/wp-json\/wp\/v2\/pages\/182166\/revisions"}],"predecessor-version":[{"id":182168,"href":"https:\/\/katowice.energy2000.pl\/de\/wp-json\/wp\/v2\/pages\/182166\/revisions\/182168"}],"wp:attachment":[{"href":"https:\/\/katowice.energy2000.pl\/de\/wp-json\/wp\/v2\/media?parent=182166"}],"curies":[{"name":"wp","href":"https:\/\/api.w.org\/{rel}","templated":true}]}}