{"id":184212,"date":"2025-09-25T12:01:58","date_gmt":"2025-09-25T10:01:58","guid":{"rendered":"https:\/\/katowice.energy2000.pl\/?page_id=184212"},"modified":"2025-09-25T12:03:32","modified_gmt":"2025-09-25T10:03:32","slug":"randka-katowice","status":"publish","type":"page","link":"https:\/\/katowice.energy2000.pl\/de\/randka-katowice\/","title":{"rendered":"Gdzie na randk\u0119 w Katowicach? Poznaj sprawdzone pomys\u0142y!"},"content":{"rendered":"<p>W ka\u017cdym zwi\u0105zku, niezale\u017cnie od jego sta\u017cu, potrzebne s\u0105 chwile, gdy mo\u017cna sp\u0119dzi\u0107 czas bez po\u015bpiechu i napi\u0119cia, w mi\u0142ej atmosferze, po prostu piel\u0119gnuj\u0105c uczucia. Takie momenty wzmacniaj\u0105 relacje, pozwalaj\u0105 cieszy\u0107 si\u0119 swoim towarzystwem. Je\u015bli w Twoich planach jest randka w Katowicach, sprawd\u017a nasze podpowiedzi dotycz\u0105ce tego, jak mo\u017cna sp\u0119dzi\u0107 ten wiecz\u00f3r.<\/p>\n<h2>Gdzie na randk\u0119 w Katowicach? Od czego zacz\u0105\u0107?<\/h2>\n<p>Na pocz\u0105tek spotkania warto wprawi\u0107 si\u0119 w romantyczny nastr\u00f3j. W tym celu dobrze jest znale\u017a\u0107 urocze miejsca na randk\u0119 \u2013 w Katowicach i w okolicy takich nie brakuje. Jedn\u0105 z opcji jest spacer Dolin\u0105 Trzech Staw\u00f3w. Otoczenie natury i klimatyczne o\u015bwietlenie tworz\u0105 wspania\u0142e t\u0142o do rozm\u00f3w i upajania si\u0119 swoim towarzystwem.<\/p>\n<p>Gdy jest cieplej, mo\u017cecie wybra\u0107 si\u0119 na filmowy seans plenerowy \u2013 s\u0105 one cz\u0119sto organizowane w r\u00f3\u017cnych punktach miasta. Przy mniej sprzyjaj\u0105cych okoliczno\u015bciach pogodowych ciekawym pomys\u0142em jest odwiedzenie klimatycznego kina \u015awiatowid. Miasto kusi kulturalnymi propozycjami. Kolejn\u0105 interesuj\u0105c\u0105 opcj\u0105 jest wybranie si\u0119 na spektakl \u2013 scena teatralna oferuje szeroki repertuar od klasyki po nowoczesne komedie. Ka\u017cdy znajdzie co\u015b odpowiedniego dla siebie w Teatrze \u015al\u0105skim, Teatrze Rawa, Teatrze Korez lub Bez Sceny.<\/p>\n<h2>Randka w Katowicach \u2013 gdzie zje\u015b\u0107 co\u015b smacznego?<\/h2>\n<p>Je\u015bli zastanawiasz si\u0119, gdzie zabra\u0107 ch\u0142opaka na randk\u0119, czy gdzie zabra\u0107 dziewczyn\u0119 na mi\u0142e spotkanie, ulica Mariacka to miejsce, w kt\u00f3rym znajdziesz restauracje z kuchniami z r\u00f3\u017cnych stron \u015bwiata. Jest w czym wybiera\u0107. Od tradycyjnych regionalnych smak\u00f3w po orientalne propozycje.<br \/>\nSzukasz czego\u015b, co zrobi wra\u017cenie na Twojej drugiej po\u0142\u00f3wce? R\u00f3wnie\u017c takich atrakcji nie brakuje w Katowicach \u2013 miejsce na randk\u0119 wysoko nad miastem mo\u017ce by\u0107 strza\u0142em w dziesi\u0105tk\u0119. Restauracja 27th Floor to najwy\u017cej po\u0142o\u017cony lokal w regionie. Z okien eleganckiego lokalu mo\u017cna podziwia\u0107 panoram\u0119 miasta, rozkoszuj\u0105c si\u0119 wykwintnym jedzeniem. A mo\u017ce macie ochot\u0119 raczy\u0107 si\u0119 wsp\u00f3ln\u0105 kolacj\u0105 przy d\u017awi\u0119kach muzyki? W wielu knajpkach odbywaj\u0105 si\u0119 koncerty lokalnych artyst\u00f3w.<\/p>\n<h2>Katowice \u2013 miejsce na randk\u0119 dla ka\u017cdego<\/h2>\n<p>Pytanie dotycz\u0105ce tego, gdzie na randk\u0119 warto si\u0119 wybra\u0107 w Katowicach, mo\u017cna rozpatrywa\u0107 pod k\u0105tem Waszych zainteresowa\u0144. Je\u015bli macie ochot\u0119 sp\u0119dzi\u0107 aktywnie czas, dobrym pomys\u0142em mo\u017ce by\u0107 wyj\u015bcie do wrotkarni, zmagania w escape roomie, czy gra w squasha. A mo\u017ce wolicie si\u0119 zrelaksowa\u0107 przy wsp\u00f3lnym masa\u017cu i zabiegach w SPA? Wystarczy odpowiednio wcze\u015bniej zaplanowa\u0107 czas, by m\u00f3c skorzysta\u0107 z rozmaitych atrakcji, dopasowuj\u0105c je do swoich oczekiwa\u0144.<\/p>\n<h2>Randka Katowice Energy 2000 \u2013 czy wyj\u015bcie do klubu to dobry pomys\u0142?<\/h2>\n<p>Marzy Wam si\u0119 imprezowa randka w Katowicach? W <a href=\"https:\/\/katowice.energy2000.pl\/de\/\">klubie Energy 2000<\/a> z\u0142apiecie zabawowy vibe. To miejsce, w kt\u00f3rym mo\u017cna si\u0119 odstresowa\u0107, poczu\u0107 pozytywn\u0105 energi\u0119 i do\u015bwiadczy\u0107 niezapomnianego show. Tam ka\u017cdy wiecz\u00f3r wype\u0142nia magia. Sprawdzaj aktualny harmonogram, by wiedzie\u0107, co jest zaplanowane na najbli\u017csze weekendy.<\/p>\n<p>Mo\u017cesz wraz ze swoim partnerem lub partnerk\u0105 i\u015b\u0107 na koncert. W klubie organizowane s\u0105 wyst\u0119py znanych i lubianych artyst\u00f3w zar\u00f3wno tych krajowych, jak i zagranicznych. Ciekaw\u0105 propozycj\u0105 s\u0105 r\u00f3wnie\u017c wydarzenia tematyczne jak np. retro party, podczas kt\u00f3rych DJ-e serwuj\u0105 gor\u0105ce, znane hity z lat 80. i 90., czy imprezy halloweenowe, karnawa\u0142owe, walentynkowe \u2013 wszystkie nawi\u0105zuj\u0105ce opraw\u0105 i muzyk\u0105 do tematyki wieczoru.<br \/>\nZatem, gdzie na randk\u0119 w Katowicach? Mo\u017cliwo\u015bci jest wiele, nale\u017cy tylko pami\u0119ta\u0107 o tym, by wcze\u015bniej sprawdzi\u0107, czy potrzebne jest zrobienie rezerwacji. Znajdowanie czasu dla drugiej osoby, sp\u0119dzanie chwil tylko we dwoje wzmacnia relacje. Chc\u0105c dba\u0107 o zwi\u0105zek, warto regularnie sp\u0119dza\u0107 czas wsp\u00f3lnie i randkowa\u0107. Korzystaj\u0105c z rozmaitych atrakcji, macie okazj\u0119 zbiera\u0107 pi\u0119kne wspomnienia i do\u015bwiadcza\u0107 nowych rzeczy.<\/p>","protected":false},"excerpt":{"rendered":"<p>W ka\u017cdym zwi\u0105zku, niezale\u017cnie od jego sta\u017cu, potrzebne s\u0105 chwile, gdy mo\u017cna sp\u0119dzi\u0107 czas bez po\u015bpiechu i napi\u0119cia, w mi\u0142ej atmosferze, po prostu piel\u0119gnuj\u0105c uczucia. Takie momenty wzmacniaj\u0105 relacje, pozwalaj\u0105 cieszy\u0107 si\u0119 swoim towarzystwem. Je\u015bli w Twoich planach jest randka &#8230; <a class=\"Rmore tbutton small\" href=\"https:\/\/katowice.energy2000.pl\/de\/randka-katowice\/\"><span>Mehr sehen \"<\/span><\/a><\/p>","protected":false},"author":4290,"featured_media":0,"parent":0,"menu_order":7,"comment_status":"closed","ping_status":"closed","template":"","meta":[],"yoast_head":"<!-- This site is optimized with the Yoast SEO plugin v19.2 - https:\/\/yoast.com\/wordpress\/plugins\/seo\/ -->\n<title>Gdzie na randk\u0119 w Katowicach? Poznaj sprawdzone pomys\u0142y! - Energy2000 - Katowice<\/title>\n<meta name=\"description\" content=\"Planujesz randk\u0119 w Katowicach? Sprawd\u017a romantyczne miejsca, klimatyczne restauracje i pomys\u0142y na niezapomniany wiecz\u00f3r we dwoje.\" \/>\n<meta name=\"robots\" content=\"index, follow, max-snippet:-1, max-image-preview:large, max-video-preview:-1\" \/>\n<link rel=\"canonical\" href=\"https:\/\/katowice.energy2000.pl\/de\/randka-katowice\/\" \/>\n<meta property=\"og:locale\" content=\"de_DE\" \/>\n<meta property=\"og:type\" content=\"article\" \/>\n<meta property=\"og:title\" content=\"Gdzie na randk\u0119 w Katowicach? Poznaj sprawdzone pomys\u0142y! - Energy2000 - Katowice\" \/>\n<meta property=\"og:description\" content=\"Planujesz randk\u0119 w Katowicach? Sprawd\u017a romantyczne miejsca, klimatyczne restauracje i pomys\u0142y na niezapomniany wiecz\u00f3r we dwoje.\" \/>\n<meta property=\"og:url\" content=\"https:\/\/katowice.energy2000.pl\/de\/randka-katowice\/\" \/>\n<meta property=\"og:site_name\" content=\"Energy2000 - Katowice\" \/>\n<meta property=\"article:modified_time\" content=\"2025-09-25T10:03:32+00:00\" \/>\n<meta name=\"author\" content=\"SEO\" \/>\n<meta name=\"twitter:card\" content=\"summary_large_image\" \/>\n<meta name=\"twitter:label1\" content=\"Gesch\u00e4tzte Lesezeit\" \/>\n\t<meta name=\"twitter:data1\" content=\"4\u00a0Minuten\" \/>\n<script type=\"application\/ld+json\" class=\"yoast-schema-graph\">{\"@context\":\"https:\/\/schema.org\",\"@graph\":[{\"@type\":\"WebSite\",\"@id\":\"https:\/\/katowice.energy2000.pl\/#website\",\"url\":\"https:\/\/katowice.energy2000.pl\/\",\"name\":\"Energy2000 - Katowice\",\"description\":\"Najlepszy Klub na \u015bl\u0105sku\",\"potentialAction\":[{\"@type\":\"SearchAction\",\"target\":{\"@type\":\"EntryPoint\",\"urlTemplate\":\"https:\/\/katowice.energy2000.pl\/?s={search_term_string}\"},\"query-input\":\"required name=search_term_string\"}],\"inLanguage\":\"de\"},{\"@type\":\"WebPage\",\"@id\":\"https:\/\/katowice.energy2000.pl\/randka-katowice\/#webpage\",\"url\":\"https:\/\/katowice.energy2000.pl\/randka-katowice\/\",\"name\":\"Gdzie na randk\u0119 w Katowicach? Poznaj sprawdzone pomys\u0142y! - Energy2000 - Katowice\",\"isPartOf\":{\"@id\":\"https:\/\/katowice.energy2000.pl\/#website\"},\"datePublished\":\"2025-09-25T10:01:58+00:00\",\"dateModified\":\"2025-09-25T10:03:32+00:00\",\"description\":\"Planujesz randk\u0119 w Katowicach? Sprawd\u017a romantyczne miejsca, klimatyczne restauracje i pomys\u0142y na niezapomniany wiecz\u00f3r we dwoje.\",\"breadcrumb\":{\"@id\":\"https:\/\/katowice.energy2000.pl\/randka-katowice\/#breadcrumb\"},\"inLanguage\":\"de\",\"potentialAction\":[{\"@type\":\"ReadAction\",\"target\":[\"https:\/\/katowice.energy2000.pl\/randka-katowice\/\"]}]},{\"@type\":\"BreadcrumbList\",\"@id\":\"https:\/\/katowice.energy2000.pl\/randka-katowice\/#breadcrumb\",\"itemListElement\":[{\"@type\":\"ListItem\",\"position\":1,\"name\":\"Strona g\u0142\u00f3wna\",\"item\":\"https:\/\/katowice.energy2000.pl\/\"},{\"@type\":\"ListItem\",\"position\":2,\"name\":\"Gdzie na randk\u0119 w Katowicach? Poznaj sprawdzone pomys\u0142y!\"}]}]}<\/script>\n<!-- \/ Yoast SEO plugin. -->","yoast_head_json":{"title":"Gdzie na randk\u0119 w Katowicach? Poznaj sprawdzone pomys\u0142y! - Energy2000 - Katowice","description":"Planujesz randk\u0119 w Katowicach? Sprawd\u017a romantyczne miejsca, klimatyczne restauracje i pomys\u0142y na niezapomniany wiecz\u00f3r we dwoje.","robots":{"index":"index","follow":"follow","max-snippet":"max-snippet:-1","max-image-preview":"max-image-preview:large","max-video-preview":"max-video-preview:-1"},"canonical":"https:\/\/katowice.energy2000.pl\/de\/randka-katowice\/","og_locale":"de_DE","og_type":"article","og_title":"Gdzie na randk\u0119 w Katowicach? Poznaj sprawdzone pomys\u0142y! - Energy2000 - Katowice","og_description":"Planujesz randk\u0119 w Katowicach? Sprawd\u017a romantyczne miejsca, klimatyczne restauracje i pomys\u0142y na niezapomniany wiecz\u00f3r we dwoje.","og_url":"https:\/\/katowice.energy2000.pl\/de\/randka-katowice\/","og_site_name":"Energy2000 - Katowice","article_modified_time":"2025-09-25T10:03:32+00:00","author":"SEO","twitter_card":"summary_large_image","twitter_misc":{"Gesch\u00e4tzte Lesezeit":"4\u00a0Minuten"},"schema":{"@context":"https:\/\/schema.org","@graph":[{"@type":"WebSite","@id":"https:\/\/katowice.energy2000.pl\/#website","url":"https:\/\/katowice.energy2000.pl\/","name":"Energy2000 - Katowice","description":"Najlepszy Klub na \u015bl\u0105sku","potentialAction":[{"@type":"SearchAction","target":{"@type":"EntryPoint","urlTemplate":"https:\/\/katowice.energy2000.pl\/?s={search_term_string}"},"query-input":"required name=search_term_string"}],"inLanguage":"de"},{"@type":"WebPage","@id":"https:\/\/katowice.energy2000.pl\/randka-katowice\/#webpage","url":"https:\/\/katowice.energy2000.pl\/randka-katowice\/","name":"Gdzie na randk\u0119 w Katowicach? Poznaj sprawdzone pomys\u0142y! - Energy2000 - Katowice","isPartOf":{"@id":"https:\/\/katowice.energy2000.pl\/#website"},"datePublished":"2025-09-25T10:01:58+00:00","dateModified":"2025-09-25T10:03:32+00:00","description":"Planujesz randk\u0119 w Katowicach? Sprawd\u017a romantyczne miejsca, klimatyczne restauracje i pomys\u0142y na niezapomniany wiecz\u00f3r we dwoje.","breadcrumb":{"@id":"https:\/\/katowice.energy2000.pl\/randka-katowice\/#breadcrumb"},"inLanguage":"de","potentialAction":[{"@type":"ReadAction","target":["https:\/\/katowice.energy2000.pl\/randka-katowice\/"]}]},{"@type":"BreadcrumbList","@id":"https:\/\/katowice.energy2000.pl\/randka-katowice\/#breadcrumb","itemListElement":[{"@type":"ListItem","position":1,"name":"Strona g\u0142\u00f3wna","item":"https:\/\/katowice.energy2000.pl\/"},{"@type":"ListItem","position":2,"name":"Gdzie na randk\u0119 w Katowicach? Poznaj sprawdzone pomys\u0142y!"}]}]}},"_links":{"self":[{"href":"https:\/\/katowice.energy2000.pl\/de\/wp-json\/wp\/v2\/pages\/184212"}],"collection":[{"href":"https:\/\/katowice.energy2000.pl\/de\/wp-json\/wp\/v2\/pages"}],"about":[{"href":"https:\/\/katowice.energy2000.pl\/de\/wp-json\/wp\/v2\/types\/page"}],"author":[{"embeddable":true,"href":"https:\/\/katowice.energy2000.pl\/de\/wp-json\/wp\/v2\/users\/4290"}],"replies":[{"embeddable":true,"href":"https:\/\/katowice.energy2000.pl\/de\/wp-json\/wp\/v2\/comments?post=184212"}],"version-history":[{"count":1,"href":"https:\/\/katowice.energy2000.pl\/de\/wp-json\/wp\/v2\/pages\/184212\/revisions"}],"predecessor-version":[{"id":184213,"href":"https:\/\/katowice.energy2000.pl\/de\/wp-json\/wp\/v2\/pages\/184212\/revisions\/184213"}],"wp:attachment":[{"href":"https:\/\/katowice.energy2000.pl\/de\/wp-json\/wp\/v2\/media?parent=184212"}],"curies":[{"name":"wp","href":"https:\/\/api.w.org\/{rel}","templated":true}]}}