{"id":2709,"date":"2016-07-12T18:26:39","date_gmt":"2016-07-12T16:26:39","guid":{"rendered":"http:\/\/demo-energy2000.pl\/?page_id=2709"},"modified":"2025-10-02T08:52:01","modified_gmt":"2025-10-02T06:52:01","slug":"o-klubie","status":"publish","type":"page","link":"https:\/\/katowice.energy2000.pl\/de\/verein\/o-klubie\/","title":{"rendered":"\u00dcber den Club"},"content":{"rendered":"<p><a  href=\"https:\/\/katowice.energy2000.pl\/wp-content\/uploads\/2023\/07\/IMG_5012ab.jpg\" data-rel=\"plm-lightbox-gallery-0\" data-rl_title=\"\" data-rl_caption=\"\" title=\"\"><img decoding=\"async\" loading=\"lazy\" class=\"aligncenter wp-image-147067 size-large\" src=\"https:\/\/katowice.energy2000.pl\/wp-content\/uploads\/2023\/07\/IMG_5012ab-1024x683.jpg\" alt=\"\" width=\"1024\" height=\"683\" \/><\/a><\/p>\n<p>Energy 2000 Katowice to trwaj\u0105ca ju\u017c ponad dekad\u0119, historia najlepszych imprez w samym \u015brodku \u015bl\u0105skiej aglomeracji! Nasz lokal to jedno z najwi\u0119kszych i najnowocze\u015bniejszych centr\u00f3w rozrywki w Europie i jedno z niewielu na \u015bwiecie, kt\u00f3rego unikalny design i wystr\u00f3j stworzony zosta\u0142 przez ameryka\u0144skich kreator\u00f3w i projektant\u00f3w najs\u0142awniejszych kasyn w Las Vegas.<\/p>\n<p class=\"plm-large-text\"><a  href=\"https:\/\/katowice.energy2000.pl\/wp-content\/uploads\/2023\/07\/IMG_3018ab.jpg\" data-rel=\"plm-lightbox-gallery-0\" data-rl_title=\"\" data-rl_caption=\"\" title=\"\"><img decoding=\"async\" loading=\"lazy\" class=\"alignleft wp-image-147072\" src=\"https:\/\/katowice.energy2000.pl\/wp-content\/uploads\/2023\/07\/IMG_3018ab.jpg\" alt=\"\" width=\"333\" height=\"222\" \/><\/a><a  href=\"https:\/\/katowice.energy2000.pl\/wp-content\/uploads\/2023\/07\/IMG_1040.jpg\" data-rel=\"plm-lightbox-gallery-0\" data-rl_title=\"\" data-rl_caption=\"\" title=\"\"><img decoding=\"async\" loading=\"lazy\" class=\"alignleft wp-image-147074\" src=\"https:\/\/katowice.energy2000.pl\/wp-content\/uploads\/2023\/07\/IMG_1040.jpg\" alt=\"\" width=\"333\" height=\"222\" \/><\/a><\/p>\n<p>Czeka na Was najwi\u0119kszy w Polsce dancefloor oraz 3 zr\u00f3\u017cnicowane muzycznie i klimatycznie sale. Do tego specjalny VIP ROOM PREMIUM, kilka bar\u00f3w, pot\u0119\u017cne nag\u0142o\u015bnienie o \u0142\u0105cznej mocy 100 tysi\u0119cy W, niesamowite pot\u0119\u017cne, kolorowe lasery, projekcje multimedialne na ogromnych ekranach LED, pokazy pirotechniki oraz najnowsze, premierowe osi\u0105gni\u0119cia techniki scenicznej prosto z USA. Za konsolet\u0105 wyst\u0119puj\u0105 najwi\u0119ksze gwiazdy polskiej i zagranicznej sceny klubowej, a zr\u00f3\u017cnicowane klimaty na wielu parkietach zaspokajaj\u0105 najbardziej wyrafinowane gusta muzyczne. Nasze imprezy u\u015bwietniaj\u0105 koncerty znanych artyst\u00f3w, najlepsze klubowe eventy, pokazy najs\u0142awniejszych performer\u00f3w oraz wyst\u0119py najlepszych polskich i zagranicznych tancerek i tancerzy. Energy 2000 jako jedyny klub w Polsce i jeden z nielicznych na \u015bwiecie posiada certyfikat jako\u015bci ISO 9001, gwarantujemy mi\u0142\u0105 i szybk\u0105 obs\u0142ug\u0119 oraz profesjonaln\u0105 i dyskretn\u0105 ochron\u0119, kt\u00f3ra zapewni Wam komfort zabawy i 100% bezpiecze\u0144stwa.<\/p>\n<p>Nasz klub mie\u015bci si\u0119 w samym centrum Katowic, w budynku dawnego kina Capitol przy ulicy Plebiscytowej 3, 400 metr\u00f3w od Rynku, 500 m od Dworca G\u0142\u00f3wnego PKP, 1000 m od Dworca G\u0142\u00f3wnego PKS Katowice,<br \/>\nKlub Energy 2000 w Katowicach przy ul. Plebiscytowej 3 jest czynny w pi\u0105tki (21:30-5:00) i soboty (21:30-5:30)* oraz w dni poprzedzaj\u0105ce niekt\u00f3re \u015bwi\u0119ta.<\/p>\n<h3><a  href=\"https:\/\/katowice.energy2000.pl\/wp-content\/uploads\/2023\/07\/IMG_3435ab.jpg\" data-rel=\"plm-lightbox-gallery-0\" data-rl_title=\"\" data-rl_caption=\"\" title=\"\"><img decoding=\"async\" loading=\"lazy\" class=\"alignleft wp-image-147084\" src=\"https:\/\/katowice.energy2000.pl\/wp-content\/uploads\/2023\/07\/IMG_3435ab.jpg\" alt=\"\" width=\"333\" height=\"222\" \/><\/a><a  href=\"https:\/\/katowice.energy2000.pl\/wp-content\/uploads\/2023\/07\/IMG_3119aa.jpg\" data-rel=\"plm-lightbox-gallery-0\" data-rl_title=\"\" data-rl_caption=\"\" title=\"\"><img decoding=\"async\" loading=\"lazy\" class=\"alignleft wp-image-147085\" src=\"https:\/\/katowice.energy2000.pl\/wp-content\/uploads\/2023\/07\/IMG_3119aa.jpg\" alt=\"\" width=\"333\" height=\"229\" \/><\/a><\/h3>\n<h3>Zasady wst\u0119pu:<\/h3>\n<p>Oto najwa\u017cniejsze zasady wst\u0119pu, tzw. &#8222;Door Selection&#8221;, kt\u00f3re obowi\u0105zuj\u0105 w klubie Energy 2000 Katowice. Lista niedozwolonych element\u00f3w ubioru:<br \/>\n&#8211; dresy i inne typowo sportowe elementy garderoby.<br \/>\n&#8211; czapeczki baseball-owe (czapeczki z daszkiem)<br \/>\n&#8211; bluzy z kapturami<br \/>\n&#8211; kr\u00f3tkie spodenki (opr\u00f3cz 3\/4 jeansowe &#8211; rybaczki w okresie letnim)<br \/>\n&#8211; koszulki na rami\u0105czkach (dotyczy m\u0119\u017cczyzn)<br \/>\n(aktualne zasady dresscode znajdziecie na stronie: <a href=\"https:\/\/drescode.energy2000.pl\/dc.pdf\">https:\/\/drescode.energy2000.pl\/dc.pdf<\/a>)<\/p>\n<h3>Zasady dotycz\u0105ce wieku:<\/h3>\n<p>Eintritt in den Club unter\u00a0<u>Freitagsveranstaltungen ab +16 Jahren<\/u>. (Lichtbildausweis, g\u00fcltiger Personalausweis oder mCitizen-Antrag erforderlich)<br \/>\nEintritt in den Club unter\u00a0<u>Samstagsveranstaltungen ab +18 Jahren<\/u>\u00a0(Lichtbildausweis oder mCitizen-Antrag erforderlich)<\/p>\n<h3>Bilety online:<\/h3>\n<p>Zach\u0119camy do zakupu bilet\u00f3w za po\u015brednictwem systemu sprzeda\u017cy online.<br \/>\n<a href=\"https:\/\/katowice.energy2000.pl\/de\/eintrittskarten\/\">https:\/\/katowice.energy2000.pl\/bilety<\/a><\/p>\n<p>&nbsp;<\/p>","protected":false},"excerpt":{"rendered":"<p>Energy 2000 Katowice to trwaj\u0105ca ju\u017c ponad dekad\u0119, historia najlepszych imprez w samym \u015brodku \u015bl\u0105skiej aglomeracji! Nasz lokal to jedno z najwi\u0119kszych i najnowocze\u015bniejszych centr\u00f3w rozrywki w Europie i jedno z niewielu na \u015bwiecie, kt\u00f3rego unikalny design i wystr\u00f3j stworzony &#8230; <a class=\"Rmore tbutton small\" href=\"https:\/\/katowice.energy2000.pl\/de\/verein\/o-klubie\/\"><span>Mehr sehen \"<\/span><\/a><\/p>","protected":false},"author":2,"featured_media":0,"parent":3191,"menu_order":57,"comment_status":"closed","ping_status":"closed","template":"","meta":[],"yoast_head":"<!-- This site is optimized with the Yoast SEO plugin v19.2 - https:\/\/yoast.com\/wordpress\/plugins\/seo\/ -->\n<title>O Klubie - Energy2000 - Katowice<\/title>\n<meta name=\"robots\" content=\"index, follow, max-snippet:-1, max-image-preview:large, max-video-preview:-1\" \/>\n<link rel=\"canonical\" href=\"https:\/\/katowice.energy2000.pl\/de\/verein\/o-klubie\/\" \/>\n<meta property=\"og:locale\" content=\"de_DE\" \/>\n<meta property=\"og:type\" content=\"article\" \/>\n<meta property=\"og:title\" content=\"O Klubie - Energy2000 - Katowice\" \/>\n<meta property=\"og:description\" content=\"Energy 2000 Katowice to trwaj\u0105ca ju\u017c ponad dekad\u0119, historia najlepszych imprez w samym \u015brodku \u015bl\u0105skiej aglomeracji! Nasz lokal to jedno z najwi\u0119kszych i najnowocze\u015bniejszych centr\u00f3w rozrywki w Europie i jedno z niewielu na \u015bwiecie, kt\u00f3rego unikalny design i wystr\u00f3j stworzony ... Zobacz Wi\u0119cej \u00bb\" \/>\n<meta property=\"og:url\" content=\"https:\/\/katowice.energy2000.pl\/de\/verein\/o-klubie\/\" \/>\n<meta property=\"og:site_name\" content=\"Energy2000 - Katowice\" \/>\n<meta property=\"article:modified_time\" content=\"2025-10-02T06:52:01+00:00\" \/>\n<meta property=\"og:image\" content=\"https:\/\/katowice.energy2000.pl\/wp-content\/uploads\/2023\/07\/IMG_5012ab-1024x683.jpg\" \/>\n<meta name=\"author\" content=\"Micha\u0142 W\u0105tkowski\" \/>\n<meta name=\"twitter:card\" content=\"summary_large_image\" \/>\n<meta name=\"twitter:label1\" content=\"Gesch\u00e4tzte Lesezeit\" \/>\n\t<meta name=\"twitter:data1\" content=\"4\u00a0Minuten\" \/>\n<script type=\"application\/ld+json\" class=\"yoast-schema-graph\">{\"@context\":\"https:\/\/schema.org\",\"@graph\":[{\"@type\":\"WebSite\",\"@id\":\"https:\/\/katowice.energy2000.pl\/#website\",\"url\":\"https:\/\/katowice.energy2000.pl\/\",\"name\":\"Energy2000 - Katowice\",\"description\":\"Najlepszy Klub na \u015bl\u0105sku\",\"potentialAction\":[{\"@type\":\"SearchAction\",\"target\":{\"@type\":\"EntryPoint\",\"urlTemplate\":\"https:\/\/katowice.energy2000.pl\/?s={search_term_string}\"},\"query-input\":\"required name=search_term_string\"}],\"inLanguage\":\"de\"},{\"@type\":\"ImageObject\",\"inLanguage\":\"de\",\"@id\":\"https:\/\/katowice.energy2000.pl\/klub\/o-klubie\/#primaryimage\",\"url\":\"https:\/\/katowice.energy2000.pl\/wp-content\/uploads\/2023\/07\/IMG_5012ab.jpg\",\"contentUrl\":\"https:\/\/katowice.energy2000.pl\/wp-content\/uploads\/2023\/07\/IMG_5012ab.jpg\",\"width\":1920,\"height\":1280},{\"@type\":\"WebPage\",\"@id\":\"https:\/\/katowice.energy2000.pl\/klub\/o-klubie\/#webpage\",\"url\":\"https:\/\/katowice.energy2000.pl\/klub\/o-klubie\/\",\"name\":\"O Klubie - Energy2000 - Katowice\",\"isPartOf\":{\"@id\":\"https:\/\/katowice.energy2000.pl\/#website\"},\"primaryImageOfPage\":{\"@id\":\"https:\/\/katowice.energy2000.pl\/klub\/o-klubie\/#primaryimage\"},\"datePublished\":\"2016-07-12T16:26:39+00:00\",\"dateModified\":\"2025-10-02T06:52:01+00:00\",\"breadcrumb\":{\"@id\":\"https:\/\/katowice.energy2000.pl\/klub\/o-klubie\/#breadcrumb\"},\"inLanguage\":\"de\",\"potentialAction\":[{\"@type\":\"ReadAction\",\"target\":[\"https:\/\/katowice.energy2000.pl\/klub\/o-klubie\/\"]}]},{\"@type\":\"BreadcrumbList\",\"@id\":\"https:\/\/katowice.energy2000.pl\/klub\/o-klubie\/#breadcrumb\",\"itemListElement\":[{\"@type\":\"ListItem\",\"position\":1,\"name\":\"Strona g\u0142\u00f3wna\",\"item\":\"https:\/\/katowice.energy2000.pl\/\"},{\"@type\":\"ListItem\",\"position\":2,\"name\":\"Klub\",\"item\":\"https:\/\/katowice.energy2000.pl\/klub\/\"},{\"@type\":\"ListItem\",\"position\":3,\"name\":\"O Klubie\"}]}]}<\/script>\n<!-- \/ Yoast SEO plugin. -->","yoast_head_json":{"title":"O Klubie - Energy2000 - Katowice","robots":{"index":"index","follow":"follow","max-snippet":"max-snippet:-1","max-image-preview":"max-image-preview:large","max-video-preview":"max-video-preview:-1"},"canonical":"https:\/\/katowice.energy2000.pl\/de\/verein\/o-klubie\/","og_locale":"de_DE","og_type":"article","og_title":"O Klubie - Energy2000 - Katowice","og_description":"Energy 2000 Katowice to trwaj\u0105ca ju\u017c ponad dekad\u0119, historia najlepszych imprez w samym \u015brodku \u015bl\u0105skiej aglomeracji! Nasz lokal to jedno z najwi\u0119kszych i najnowocze\u015bniejszych centr\u00f3w rozrywki w Europie i jedno z niewielu na \u015bwiecie, kt\u00f3rego unikalny design i wystr\u00f3j stworzony ... Zobacz Wi\u0119cej \u00bb","og_url":"https:\/\/katowice.energy2000.pl\/de\/verein\/o-klubie\/","og_site_name":"Energy2000 - Katowice","article_modified_time":"2025-10-02T06:52:01+00:00","og_image":[{"url":"https:\/\/katowice.energy2000.pl\/wp-content\/uploads\/2023\/07\/IMG_5012ab-1024x683.jpg"}],"author":"Micha\u0142 W\u0105tkowski","twitter_card":"summary_large_image","twitter_misc":{"Gesch\u00e4tzte Lesezeit":"4\u00a0Minuten"},"schema":{"@context":"https:\/\/schema.org","@graph":[{"@type":"WebSite","@id":"https:\/\/katowice.energy2000.pl\/#website","url":"https:\/\/katowice.energy2000.pl\/","name":"Energy2000 - Katowice","description":"Najlepszy Klub na \u015bl\u0105sku","potentialAction":[{"@type":"SearchAction","target":{"@type":"EntryPoint","urlTemplate":"https:\/\/katowice.energy2000.pl\/?s={search_term_string}"},"query-input":"required name=search_term_string"}],"inLanguage":"de"},{"@type":"ImageObject","inLanguage":"de","@id":"https:\/\/katowice.energy2000.pl\/klub\/o-klubie\/#primaryimage","url":"https:\/\/katowice.energy2000.pl\/wp-content\/uploads\/2023\/07\/IMG_5012ab.jpg","contentUrl":"https:\/\/katowice.energy2000.pl\/wp-content\/uploads\/2023\/07\/IMG_5012ab.jpg","width":1920,"height":1280},{"@type":"WebPage","@id":"https:\/\/katowice.energy2000.pl\/klub\/o-klubie\/#webpage","url":"https:\/\/katowice.energy2000.pl\/klub\/o-klubie\/","name":"O Klubie - Energy2000 - Katowice","isPartOf":{"@id":"https:\/\/katowice.energy2000.pl\/#website"},"primaryImageOfPage":{"@id":"https:\/\/katowice.energy2000.pl\/klub\/o-klubie\/#primaryimage"},"datePublished":"2016-07-12T16:26:39+00:00","dateModified":"2025-10-02T06:52:01+00:00","breadcrumb":{"@id":"https:\/\/katowice.energy2000.pl\/klub\/o-klubie\/#breadcrumb"},"inLanguage":"de","potentialAction":[{"@type":"ReadAction","target":["https:\/\/katowice.energy2000.pl\/klub\/o-klubie\/"]}]},{"@type":"BreadcrumbList","@id":"https:\/\/katowice.energy2000.pl\/klub\/o-klubie\/#breadcrumb","itemListElement":[{"@type":"ListItem","position":1,"name":"Strona g\u0142\u00f3wna","item":"https:\/\/katowice.energy2000.pl\/"},{"@type":"ListItem","position":2,"name":"Klub","item":"https:\/\/katowice.energy2000.pl\/klub\/"},{"@type":"ListItem","position":3,"name":"O Klubie"}]}]}},"_links":{"self":[{"href":"https:\/\/katowice.energy2000.pl\/de\/wp-json\/wp\/v2\/pages\/2709"}],"collection":[{"href":"https:\/\/katowice.energy2000.pl\/de\/wp-json\/wp\/v2\/pages"}],"about":[{"href":"https:\/\/katowice.energy2000.pl\/de\/wp-json\/wp\/v2\/types\/page"}],"author":[{"embeddable":true,"href":"https:\/\/katowice.energy2000.pl\/de\/wp-json\/wp\/v2\/users\/2"}],"replies":[{"embeddable":true,"href":"https:\/\/katowice.energy2000.pl\/de\/wp-json\/wp\/v2\/comments?post=2709"}],"version-history":[{"count":83,"href":"https:\/\/katowice.energy2000.pl\/de\/wp-json\/wp\/v2\/pages\/2709\/revisions"}],"predecessor-version":[{"id":184502,"href":"https:\/\/katowice.energy2000.pl\/de\/wp-json\/wp\/v2\/pages\/2709\/revisions\/184502"}],"up":[{"embeddable":true,"href":"https:\/\/katowice.energy2000.pl\/de\/wp-json\/wp\/v2\/pages\/3191"}],"wp:attachment":[{"href":"https:\/\/katowice.energy2000.pl\/de\/wp-json\/wp\/v2\/media?parent=2709"}],"curies":[{"name":"wp","href":"https:\/\/api.w.org\/{rel}","templated":true}]}}