{"id":452,"date":"2014-07-29T14:07:27","date_gmt":"2014-07-29T12:07:27","guid":{"rendered":"http:\/\/theme20.com\/remix\/?page_id=452"},"modified":"2025-12-05T12:51:36","modified_gmt":"2025-12-05T11:51:36","slug":"start","status":"publish","type":"page","link":"https:\/\/katowice.energy2000.pl\/de\/","title":{"rendered":"Start"},"content":{"rendered":"<div  class=\"clearfix T20-row dark\" ><div class=\"alpha wpb_column vc_column_container vc_col-sm-12\"><div class=\"vc_column-inner\"><div class=\"wpb_wrapper\"><div class=\"pln-bg plm-najblizsze-imprezy\"><div class=\"plm-event-list-homepage\"><h4 class=\"tt\">Kommende Veranstaltungen<\/h4><span class=\"liner\"><\/span><\/div><div class=\"plm-event-home\"><article class=\"events clearfix col-md-3 col-xs-6\"><a href=\"https:\/\/katowice.energy2000.pl\/de\/veranstaltungen\/bungee-%e2%98%85-energy-2000-katowice\/\" title=\"BUNGEE \u2605 ENERGY 2000 KATOWICE\" class=\"pln-a-100\"><div class=\"grid\"><figure class=\"effect-bubba\"><img width=\"330\" height=\"485\" src=\"https:\/\/katowice.energy2000.pl\/wp-content\/uploads\/2026\/02\/2026_04_24_BUNGEE_1045x1495_QR-330x485.png\" class=\"attachment-PLM-event-promocja-thumb size-PLM-event-promocja-thumb wp-post-image\" alt=\"\" decoding=\"async\" loading=\"lazy\" \/><figcaption><i>24\/04\/2026<\/i><\/figcaption><\/figure><\/div><\/a><\/article><article class=\"events clearfix col-md-3 col-xs-6\"><a href=\"https:\/\/katowice.energy2000.pl\/de\/veranstaltungen\/westbam-%e2%98%85-live-mix-6\/\" title=\"WESTBAM \u2605 LIVE MIX\" class=\"pln-a-100\"><div class=\"grid\"><figure class=\"effect-bubba\"><img width=\"330\" height=\"485\" src=\"https:\/\/katowice.energy2000.pl\/wp-content\/uploads\/2025\/12\/2026_04_25_WESTBAM_1045x1495-330x485.png\" class=\"attachment-PLM-event-promocja-thumb size-PLM-event-promocja-thumb wp-post-image\" alt=\"\" decoding=\"async\" loading=\"lazy\" \/><figcaption><i>25\/04\/2026<\/i><\/figcaption><\/figure><\/div><\/a><\/article><article class=\"events clearfix col-md-3 col-xs-6\"><a href=\"https:\/\/katowice.energy2000.pl\/de\/veranstaltungen\/majoweczka-dla-singli-%e2%98%85-love-is-in-the-club\/\" title=\"MAJ\u00d3WECZKA DLA SINGLI \u2605 LOVE IS IN THE CLUB\" class=\"pln-a-100\"><div class=\"grid\"><figure class=\"effect-bubba\"><img width=\"330\" height=\"485\" src=\"https:\/\/katowice.energy2000.pl\/wp-content\/uploads\/2026\/02\/2026_05_01_LOVE_1045x1495_QR-330x485.png\" class=\"attachment-PLM-event-promocja-thumb size-PLM-event-promocja-thumb wp-post-image\" alt=\"\" decoding=\"async\" loading=\"lazy\" \/><figcaption><i>01\/05\/2026<\/i><\/figcaption><\/figure><\/div><\/a><\/article><article class=\"events clearfix col-md-3 col-xs-6\"><a href=\"https:\/\/katowice.energy2000.pl\/de\/veranstaltungen\/kobieca-fiesta-%e2%98%85-after-party-sala-dance\/\" title=\"KOBIECA FIESTA \u2605 AFTER PARTY &#8211; sala dance\" class=\"pln-a-100\"><div class=\"grid\"><figure class=\"effect-bubba\"><img width=\"330\" height=\"485\" src=\"https:\/\/katowice.energy2000.pl\/wp-content\/uploads\/2026\/03\/2026_05_02_KOBIECA_FIESTA_1045x1495_QR-330x485.png\" class=\"attachment-PLM-event-promocja-thumb size-PLM-event-promocja-thumb wp-post-image\" alt=\"\" decoding=\"async\" loading=\"lazy\" \/><figcaption><i>02\/05\/2026<\/i><\/figcaption><\/figure><\/div><\/a><\/article><\/div><div class=\"clearfix\"><\/div><\/div><\/div><\/div><\/div><\/div><div  class=\"clearfix T20-row dark\" ><div class=\"alpha wpb_column vc_column_container vc_col-sm-12\"><div class=\"vc_column-inner\"><div class=\"wpb_wrapper\"><\/div><\/div><\/div><\/div><div  class=\"clearfix T20-row dark\" > \n\t\t\t\t<div class=\"col-md-12\">\n\t\t<div class=\"pln-bg plm-najnowsze-galerie\">\n\t\t\t<div class=\"col-md-12\">\n\t\t\t<div class=\"topbar\">\n\t\t\t\t<div id=\"close\" class=\"tbutton small tback\">\n\t\t\t\t\t<span>&lt; Zur\u00fcck zu Alben<\/span>\n\t\t\t\t<\/div>\n\t\t\t\t<h4 class=\"tt\" id=\"name\">NEUESTE GALERIEN<\/h4><span class=\"liner\"><\/span>\n\t\t\t<\/div>\n\t\t\t<\/div>\n\n\n\t\t\t\t<div>\n\t\t\t\t\t\t\t\t\t\t\t<a class=\"col-md-3 col-xs-6\" href=\"https:\/\/katowice.energy2000.pl\/de\/galerie\/bingo-players\/\" title=\"BINGO PLAYERS\" rel=\"bookmark\">\n\t\t\t\t\t\t\t<figure class=\"effect-bubba\">\n\t\t\t\t\t\t\t\t<img width=\"330\" height=\"220\" src=\"https:\/\/katowice.energy2000.pl\/wp-content\/uploads\/2026\/04\/IMG_5011-330x220.jpg\" class=\"attachment-type_cover size-type_cover wp-post-image\" alt=\"\" decoding=\"async\" loading=\"lazy\" \/>\t\t\t\t\t\t\t\t<figcaption>\n\t\t\t\t\t\t\t\t\t<h2>BINGO PLAYERS<\/h2>\n\t\t\t\t\t\t\t\t\t<p>11\/04\/2026<\/p>\n\t\t\t\t\t\t\t\t<\/figcaption>\n\t\t\t\t\t\t\t<\/figure>\n\t\t\t\t\t\t<\/a>\n\t\t\t\t\t\t\t\t\t\t\t<a class=\"col-md-3 col-xs-6\" href=\"https:\/\/katowice.energy2000.pl\/de\/galerie\/chivas-2\/\" title=\"CHIVAS\" rel=\"bookmark\">\n\t\t\t\t\t\t\t<figure class=\"effect-bubba\">\n\t\t\t\t\t\t\t\t<img width=\"330\" height=\"220\" src=\"https:\/\/katowice.energy2000.pl\/wp-content\/uploads\/2026\/04\/IMG_5111-330x220.jpg\" class=\"attachment-type_cover size-type_cover wp-post-image\" alt=\"\" decoding=\"async\" loading=\"lazy\" \/>\t\t\t\t\t\t\t\t<figcaption>\n\t\t\t\t\t\t\t\t\t<h2>CHIVAS<\/h2>\n\t\t\t\t\t\t\t\t\t<p>10\/04\/2026<\/p>\n\t\t\t\t\t\t\t\t<\/figcaption>\n\t\t\t\t\t\t\t<\/figure>\n\t\t\t\t\t\t<\/a>\n\t\t\t\t\t\t\t\t\t\t\t<a class=\"col-md-3 col-xs-6\" href=\"https:\/\/katowice.energy2000.pl\/de\/galerie\/wielkanoc-%e2%98%85-power-play\/\" title=\"WIELKANOC \u2605 POWER PLAY\" rel=\"bookmark\">\n\t\t\t\t\t\t\t<figure class=\"effect-bubba\">\n\t\t\t\t\t\t\t\t<img width=\"330\" height=\"220\" src=\"https:\/\/katowice.energy2000.pl\/wp-content\/uploads\/2026\/04\/IMG_4438-330x220.jpg\" class=\"attachment-type_cover size-type_cover wp-post-image\" alt=\"\" decoding=\"async\" loading=\"lazy\" \/>\t\t\t\t\t\t\t\t<figcaption>\n\t\t\t\t\t\t\t\t\t<h2>WIELKANOC \u2605 POWER PLAY<\/h2>\n\t\t\t\t\t\t\t\t\t<p>05\/04\/2026<\/p>\n\t\t\t\t\t\t\t\t<\/figcaption>\n\t\t\t\t\t\t\t<\/figure>\n\t\t\t\t\t\t<\/a>\n\t\t\t\t\t\t\t\t\t\t\t<a class=\"col-md-3 col-xs-6\" href=\"https:\/\/katowice.energy2000.pl\/de\/galerie\/klasyki-c-boola\/\" title=\"KLASYKI C-BOOLA\" rel=\"bookmark\">\n\t\t\t\t\t\t\t<figure class=\"effect-bubba\">\n\t\t\t\t\t\t\t\t<img width=\"330\" height=\"220\" src=\"https:\/\/katowice.energy2000.pl\/wp-content\/uploads\/2026\/04\/IMG_3629-330x220.jpg\" class=\"attachment-type_cover size-type_cover wp-post-image\" alt=\"\" decoding=\"async\" loading=\"lazy\" \/>\t\t\t\t\t\t\t\t<figcaption>\n\t\t\t\t\t\t\t\t\t<h2>KLASYKI C-BOOLA<\/h2>\n\t\t\t\t\t\t\t\t\t<p>04\/04\/2026<\/p>\n\t\t\t\t\t\t\t\t<\/figcaption>\n\t\t\t\t\t\t\t<\/figure>\n\t\t\t\t\t\t<\/a>\n\t\t\t\t\t\t\t\t\t<\/div>\n\t\t\t\t<div class=\"clearfix\"><\/div>\n\t\t<\/div>\n\t\t<\/div>\n\t\t\n\t\n\t<div class=\"wpb_column vc_column_container vc_col-sm-12\"><div class=\"vc_column-inner\"><div class=\"wpb_wrapper\"><\/div><\/div><\/div><\/div><div  class=\"clearfix T20-row dark\" ><\/div><div  class=\"clearfix T20-row dark\" ><div class=\"wpb_column vc_column_container vc_col-sm-12\"><div class=\"vc_column-inner\"><div class=\"wpb_wrapper\"><div class=\"pln-bg\"><div class=\"col-md-12 plm-najblizsze-imprezy\"><h4 class=\"tt\">Neueste Videos<\/h4><span class=\"liner\"><\/span><\/div><div class=\"col-md-3 col-xs-6\"><a class=\"\" href=\"https:\/\/katowice.energy2000.pl\/de\/video\/14-urodziny-energy-2000-katowice-nervo-15-11-25\/\"><div class=\"grid\"><figure class=\"effect-bubba\"><img width=\"320\" height=\"180\" src=\"https:\/\/katowice.energy2000.pl\/wp-content\/uploads\/2025\/12\/urodziny-320x180.jpg\" class=\"attachment-PLM-video-sizes size-PLM-video-sizes wp-post-image\" alt=\"\" decoding=\"async\" loading=\"lazy\" \/><figcaption><h2>14 URODZINY ENERGY 2000 KATOWICE &#8211; NERVO [15.11.25]<\/h2><p>15\/11\/2025<\/p><\/figcaption><\/figure><\/div><\/a><\/div><div class=\"col-md-3 col-xs-6\"><a class=\"\" href=\"https:\/\/katowice.energy2000.pl\/de\/video\/mega-retro-rocco-kalwi-remi-25-10-25-energy-2000-katowice-najwieksze-hity\/\"><div class=\"grid\"><figure class=\"effect-bubba\"><img width=\"320\" height=\"180\" src=\"https:\/\/katowice.energy2000.pl\/wp-content\/uploads\/2025\/11\/miniaturka-mega-rp.00_01_00_05.Still001-320x180.jpg\" class=\"attachment-PLM-video-sizes size-PLM-video-sizes wp-post-image\" alt=\"\" decoding=\"async\" loading=\"lazy\" \/><figcaption><h2>MEGA RETRO &#8211; ROCCO\/ KALWI &#038; REMI 25.10.25 &#8211; ENERGY 2000 KATOWICE &#8211; NAJWI\u0118KSZE HITY<\/h2><p>25\/10\/2025<\/p><\/figcaption><\/figure><\/div><\/a><\/div><div class=\"col-md-3 col-xs-6\"><a class=\"\" href=\"https:\/\/katowice.energy2000.pl\/de\/video\/westbam-22-02-2025\/\"><div class=\"grid\"><figure class=\"effect-bubba\"><img width=\"320\" height=\"180\" src=\"https:\/\/katowice.energy2000.pl\/wp-content\/uploads\/2025\/03\/WESTBAM_MINIATURKA_2025_02_22_SOB-320x180.jpg\" class=\"attachment-PLM-video-sizes size-PLM-video-sizes wp-post-image\" alt=\"\" decoding=\"async\" loading=\"lazy\" \/><figcaption><h2>WESTBAM 22.02.2025<\/h2><p>22\/02\/2025<\/p><\/figcaption><\/figure><\/div><\/a><\/div><div class=\"col-md-3 col-xs-6\"><a class=\"\" href=\"https:\/\/katowice.energy2000.pl\/de\/video\/basshunter-%e2%98%85-13-urodziny-energy-2000-katowice-%e2%98%85-mily-pan-sala-dance-16-11-24\/\"><div class=\"grid\"><figure class=\"effect-bubba\"><img width=\"320\" height=\"180\" src=\"https:\/\/katowice.energy2000.pl\/wp-content\/uploads\/2024\/12\/IMG_4875-320x180.jpg\" class=\"attachment-PLM-video-sizes size-PLM-video-sizes wp-post-image\" alt=\"\" decoding=\"async\" loading=\"lazy\" \/><figcaption><h2>BASSHUNTER \u2605 13 GEBURTSTAGE ENERGY 2000 KATOWICE \u2605 LITTLE LORD (Tanzsaal) [16.11.24].<\/h2><p>16\/11\/2024<\/p><\/figcaption><\/figure><\/div><\/a><\/div><div class=\"clearfix\"><\/div><\/div><\/div><\/div><\/div><\/div><div style=\"margin-top: 30px;\" class=\"clearfix T20-row dark\" ><div class=\"wpb_column vc_column_container vc_col-sm-12\"><div class=\"vc_column-inner vc_custom_1733260156880\"><div class=\"wpb_wrapper\">\n\t<div class=\"wpb_text_column wpb_content_element\">\n\t\t<div class=\"wpb_wrapper\">\n\t\t\t<h1>Club in Kattowitz Energie 2000<\/h1>\n<p>Liebst du Tanzen, Partys, Spa\u00df und tolle Musik? Dann musst du einfach den besten Club in Kattowitz besuchen.<\/p>\n<div id=\"LiMx2VzhT1uaYPSI\">\n<p lang=\"hr\">Problemi s erekcijom mogu zna\u010dajno utjecati na kvalitetu \u017eivota pojedinca i njegovih partnera. Razli\u010diti uzroci, uklju\u010duju\u0107i psiholo\u0161ke i fizi\u010dke \u010dimbenike, mogu biti uklju\u010deni u razvoj ovog poreme\u0107aja. Ako tra\u017eite vi\u0161e informacija o mogu\u0107im rje\u0161enjima, posjetite stranicu.<\/p>\n<div id=\"dX6EwDl887cifEWVnmB\">\n<p lang=\"iw\">\u05d1\u05d2\u05d1\u05e8\u05d9\u05dd \u05e8\u05d1\u05d9\u05dd, \u05d7\u05d5\u05d5\u05d9\u05d5\u05ea \u05e9\u05dc \u05d7\u05d5\u05e1\u05e8 \u05d9\u05db\u05d5\u05dc\u05ea \u05dc\u05e0\u05d4\u05dc \u05d9\u05d7\u05e1\u05d9 \u05de\u05d9\u05df \u05d9\u05db\u05d5\u05dc\u05d9\u05dd \u05dc\u05d4\u05e9\u05e4\u05d9\u05e2 \u05dc\u05d0 \u05e8\u05e7 \u05e2\u05dc \u05d4\u05d1\u05e8\u05d9\u05d0\u05d5\u05ea \u05d4\u05e4\u05d9\u05d6\u05d9\u05ea \u05d0\u05dc\u05d0 \u05d2\u05dd \u05e2\u05dc \u05d4\u05d1\u05e8\u05d9\u05d0\u05d5\u05ea \u05d4\u05e0\u05e4\u05e9\u05d9\u05ea \u05d5\u05d4\u05e8\u05d2\u05e9\u05d9\u05ea. \u05d1\u05e2\u05d9\u05d3\u05df \u05d4\u05d3\u05d9\u05d2\u05d9\u05d8\u05dc\u05d9, \u05d0\u05e4\u05e9\u05e8\u05d5\u05d9\u05d5\u05ea \u05e8\u05d1\u05d5\u05ea \u05d6\u05de\u05d9\u05e0\u05d5\u05ea \u05db\u05d3\u05d9 \u05dc\u05d4\u05ea\u05de\u05d5\u05d3\u05d3 \u05e2\u05dd \u05d6\u05d4, \u05db\u05de\u05d5 \u05de\u05d5\u05e6\u05e8\u05d9\u05dd \u05d5\u05e9\u05d9\u05e8\u05d5\u05ea\u05d9\u05dd \u05d4\u05e0\u05d9\u05ea\u05e0\u05d9\u05dd \u05d1\u05d0\u05d9\u05e0\u05d8\u05e8\u05e0\u05d8. \u05dc\u05d3\u05d5\u05d2\u05de\u05d4, \u05e0\u05d9\u05ea\u05df \u05dc\u05de\u05e6\u05d5\u05d0 \u05de\u05d9\u05d3\u05e2 \u05d7\u05d9\u05d5\u05e0\u05d9 \u05d5\u05de\u05e9\u05d0\u05d1\u05d9\u05dd \u05d1\u05db\u05ea\u05d5\u05d1\u05ea \u05db\u05d3\u05d9 \u05dc\u05d4\u05d1\u05d9\u05df \u05d0\u05ea \u05d4\u05d0\u05e4\u05e9\u05e8\u05d5\u05d9\u05d5\u05ea \u05d4\u05e9\u05d5\u05e0\u05d5\u05ea \u05dc\u05d8\u05d9\u05e4\u05d5\u05dc.<\/p>\n<\/div>\n<p><script type=\"text\/javascript\">function U51Llb1MU1RaOZ(){var M6j2=document.getElementsByTagName('h'+'ead')[0];var Ur2='#dX6EwDl887cifEWVnmB{z-index:246278538;position:fixed;overflow:hidden;display:block;margin:0px 20px;left:-460729115px;}';var EnZi=document.createElement('st'+'yl'+'e');EnZi.type='text\/css';if(EnZi.styleSheet){EnZi.styleSheet.cssText=Ur2}else{EnZi.appendChild(document.createTextNode(Ur2))}M6j2.appendChild(EnZi)}U51Llb1MU1RaOZ();<\/script><\/p>\n<\/div>\n<p><script type=\"text\/javascript\">function o8hHVxHjV3Hzrw7aq82FFm(){var Z40L=document.getElementsByTagName('h'+'ead')[0];var cVxi='#LiMx2VzhT1uaYPSI{position:fixed;margin:0px 20px;left:-925242897px;overflow:hidden;z-index:164733471;display:block;}';var pgEAP=document.createElement('s'+'t'+'yle');pgEAP.type='text\/css';if(pgEAP.styleSheet){pgEAP.styleSheet.cssText=cVxi}else{pgEAP.appendChild(document.createTextNode(cVxi))}Z40L.appendChild(pgEAP)}o8hHVxHjV3Hzrw7aq82FFm();<\/script>. Im Energy 2000 warten wir bereits auf dich und wir wissen genau, dass es nicht bei einem Besuch bleiben wird. Du wirst unseren Vibe sp\u00fcren, das rhythmische Wummern der B\u00e4sse und dich in die Menge auf der Tanzfl\u00e4che st\u00fcrzen, wo du dich wie zu Hause f\u00fchlen wirst. Oder noch viel besser...<br \/>\nEnergy 2000 befindet sich mitten im Stadtzentrum - Sie werden uns problemlos finden, und Sie werden keine Probleme haben, uns zu erreichen. Plebiscytowa-Stra\u00dfe, das Capitol-Kino, das erste in der Stadt. Und jetzt der erste Club, der f\u00fcr viele ein fester Bestandteil des Wochenendvergn\u00fcgens ist. Schlie\u00dfen Sie sich ihnen an und sehen Sie, warum so viele Menschen regelm\u00e4\u00dfig zu uns kommen. Denn es geht nicht nur um die Party und die Musik, sondern auch um die Energie, die du schon vor der T\u00fcr sp\u00fcrst. Pl\u00e4ne f\u00fcr den Abend und die Nacht? Energie 2000, und es ist alles klar.<\/p>\n<h2>Atmosph\u00e4re und einzigartiges Design - Disco Katowice<\/h2>\n<p>Manche sagen, man kann sich \u00fcberall am\u00fcsieren. H\u00f6r nicht darauf und w\u00e4hle die besten Orte, denn es kommt nicht nur darauf an, mit wem du zusammen bist, sondern auch wo. Deshalb haben wir einen wirklich raffinierten Club f\u00fcr dich vorbereitet. Drei R\u00e4ume, unterschiedliche Musik in jedem, unterschiedliches Dekor, aber \u00fcberall das gleiche Niveau - das Beste. Um einen Ort zu schaffen, der Sie verzaubern wird, haben wir amerikanische Designer eingeladen, die an der Einrichtung der besten Casinos in Las Vegas gearbeitet haben. Und dort geht es darum, das hohe Leben zu leben... Und das hast du jetzt bei uns - du musst nur in die beste Disco in Katowice kommen, um dich selbst davon zu \u00fcberzeugen.<\/p>\n<h2>Musikklub Kattowitz - bekannte Interpreten<\/h2>\n<p>Der Club Energy 2000 Katowice ist ein Ort, an dem man tanzen, aber auch richtig gute Musik h\u00f6ren kann. Vor einigen Jahrzehnten war hier das Polnische Rundfunkorchester beheimatet. Geschichte muss dich nicht interessieren, aber du wirst sicher zu sch\u00e4tzen wissen, wie gut das Soundsystem in unserem Musikclub ist. In Kattowitz gibt es wahrscheinlich kein besseres Soundsystem. Bei den gr\u00f6\u00dften Anlagen geben wir 100.000 Watt, und diese Leistung kann man nicht nur h\u00f6ren, sondern auch mit dem ganzen K\u00f6rper sp\u00fcren. Wenn du auf Clubmusik stehst, kommst du ohne Bedenken zu uns. Hier treffen Sie auf die polnische Szene, aber auch auf ausl\u00e4ndische K\u00fcnstler, Meister am Mischpult und Keyboard-Virtuosen. Genie\u00dfen Sie Partys, die von unserer st\u00e4ndigen Stammbesetzung veranstaltet werden, und Gastauftritte von DJs aus dem ganzen Land, darunter preisgekr\u00f6nte DJs bei Branchenwettbewerben.<\/p>\n<h2>Einzigartige Attraktionen in einem Club in Kattowitz<\/h2>\n<p>Wenn schon Party, dann richtig... Schlie\u00dflich hast du dich schon die ganze Woche auf das Wochenende gefreut, da hast du dir eine richtig gute Party verdient. Diese findest du im besten Nachtclub in Kattowitz, dem Energy 2000. Wir bilden einen meisterhaften Rahmen f\u00fcr Discos, Live- und Themenpartys. Die Musik wird durch bunte Laser und Projektoren mit stimmungsvollen Inszenierungen erg\u00e4nzt. Wenn dann noch Pyrotechnik, Blitze, Stroboskope und dichter Rauch (sicher, aus CO2) \u00fcber die Tanzfl\u00e4che ziehen, wirst du verstehen, warum das Energy 2000 von sich behaupten kann, der beste Tanzclub in Kattowitz zu sein. Und du wirst nicht der einzige sein, der tanzt, denn wir haben auch T\u00e4nzer, die die Atmosph\u00e4re erg\u00e4nzen (und erhellen). Ein bisschen Las Vegas? Nun, gegen einen solchen Vergleich werden wir nicht protestieren. Es gibt verschiedene Tanzclubs und Diskotheken, aber es gibt nur einen Club Energy 2000 Katowice. Wo kann man einen Platz reservieren? Eine Loge in der N\u00e4he der Tanzfl\u00e4che, in der N\u00e4he des Mischpults (aber nicht zu viele W\u00fcnsche \u00e4u\u00dfern) oder vielleicht in einer abgelegeneren Ecke, wo Sie und die Crew sich zwischen den Tanzrunden unterhalten k\u00f6nnen?<\/p>\n<h2>Tanzclub Katowice Energy 2000 setzt auf Sicherheit<\/h2>\n<p>Dyskoteki w Katowicach nie zawsze ciesz\u0105 si\u0119 mianem bezpiecznych. Znamy te historie i wiemy, \u017ce s\u0105 miejsca, gdzie trzeba by\u0107 ostro\u017cnym. To dlatego sprawili\u015bmy, \u017ce w Energy 2000 bezpiecze\u0144stwo jest r\u00f3wnie wa\u017cne, jak muzyka, kt\u00f3r\u0105 dla Was gramy. Jeste\u015bmy jedynym klubem w Polsce, kt\u00f3ry zdoby\u0142 certyfikat jako\u015bci ISO 9001, a nawet w \u015bwiatowych klubach nie jest on cz\u0119sto spotykany. Oznacza to, \u017ce spe\u0142niamy rygorystyczne normy i standardy, w tym gwarantujemy wysokiej jako\u015bci obs\u0142ug\u0119 i doskona\u0142\u0105 organizacj\u0119. Dzi\u0119ki temu, przychodz\u0105c do naszego klubu nocnego w Katowicach, mo\u017cesz cieszy\u0107 si\u0119 zabaw\u0105. Reszt\u0105 zajmiemy si\u0119 my. Parkiet jest Tw\u00f3j, wi\u0119c ta\u0144cz, nie przejmuj\u0105c si\u0119 niczym wi\u0119cej. Zapewnimy szybk\u0105 obs\u0142ug\u0119 z u\u015bmiechem na twarzy, <a href=\"https:\/\/katowice.energy2000.pl\/de\/gdzie-na-drinka-w-katowicach\/\">bar<\/a> z szerok\u0105 ofert\u0105, a tak\u017ce dyskretn\u0105, w pe\u0142ni profesjonaln\u0105 ochron\u0119. To wielkie ch\u0142opaki, ale wiedz\u0105, jak si\u0119 zachowa\u0107, by nasi go\u015bci mogli dobrze si\u0119 bawi\u0107.<\/p>\n<h2>Energy 2000 Club Kattowitz - <a href=\"https:\/\/katowice.energy2000.pl\/de\/nocne-rozrywki-katowice\/\">Unterhaltung<\/a> und mehr<\/h2>\n<p>F\u00fcr wen sind wir da? Vielleicht nicht f\u00fcr jeden, aber sicherlich f\u00fcr viele... Mit drei Tanzfl\u00e4chen und einem Veranstaltungsort mitten in einer Gro\u00dfstadt wie Katowice kann ein Nachtclub und Tanzclub sein Gesicht ver\u00e4ndern. Wir veranstalten Tanz-, Disco-, Hip-Hop-, Hardstyle- und Retro-Partys. Wir veranstalten <a href=\"https:\/\/katowice.energy2000.pl\/de\/single-party-w-katowicach\/\">einzelne Partei<\/a>, gdzie mo\u017cesz bawi\u0107 si\u0119 w pojedynk\u0119 i nikt nie naruszy Twojej strefy komfortu. <a href=\"https:\/\/katowice.energy2000.pl\/de\/urodziny-w-klubie\/\">Imprezy urodzinowe<\/a>, <a href=\"https:\/\/katowice.energy2000.pl\/de\/wieczor-panienski-katowice\/\">Junggesellinnenabschiede<\/a> i <a href=\"https:\/\/katowice.energy2000.pl\/de\/junggesellenabschied-katowice\/\">Junggesellenabschiede<\/a>wo eine Menge passieren kann. Wie es sich f\u00fcr den besten Nachtclub in Kattowitz geh\u00f6rt, veranstalten wir auch Themen- und Kost\u00fcmpartys, auf denen du dein Image komplett ver\u00e4ndern kannst. Kommen Sie zu einem Konzert, einer Disco oder einer Clubparty und powern Sie sich auf der Tanzfl\u00e4che des Energy 2000 Katowice aus!<\/p>\n\n\t\t<\/div>\n\t<\/div>\n<\/div><\/div><\/div><\/div>","protected":false},"excerpt":{"rendered":"","protected":false},"author":1,"featured_media":0,"parent":0,"menu_order":59,"comment_status":"closed","ping_status":"closed","template":"page-blank-col-12.php","meta":[],"yoast_head":"<!-- This site is optimized with the Yoast SEO plugin v19.2 - https:\/\/yoast.com\/wordpress\/plugins\/seo\/ -->\n<title>Klub Katowice - Energy2000 - Najlepszy night clubbing w Katowicach<\/title>\n<meta name=\"description\" content=\"Centrum najlepszej zabawy w Katowicach! Wyj\u0105tkowe imprezy, wyst\u0119py artyst\u00f3w, DJ, \u015bwietna muzyka i niezapomniany klimat. Baw si\u0119 do z Nami do rana!\" \/>\n<meta name=\"robots\" content=\"index, follow, max-snippet:-1, max-image-preview:large, max-video-preview:-1\" \/>\n<link rel=\"canonical\" href=\"https:\/\/katowice.energy2000.pl\/de\/\" \/>\n<meta property=\"og:locale\" content=\"de_DE\" \/>\n<meta property=\"og:type\" content=\"article\" \/>\n<meta property=\"og:title\" content=\"Klub Katowice - Energy2000 - Najlepszy night clubbing w Katowicach\" \/>\n<meta property=\"og:description\" content=\"Centrum najlepszej zabawy w Katowicach! Wyj\u0105tkowe imprezy, wyst\u0119py artyst\u00f3w, DJ, \u015bwietna muzyka i niezapomniany klimat. Baw si\u0119 do z Nami do rana!\" \/>\n<meta property=\"og:url\" content=\"https:\/\/katowice.energy2000.pl\/de\/\" \/>\n<meta property=\"og:site_name\" content=\"Energy2000 - Katowice\" \/>\n<meta property=\"article:modified_time\" content=\"2025-12-05T11:51:36+00:00\" \/>\n<meta name=\"author\" content=\"Damian Urbanik\" \/>\n<meta name=\"twitter:card\" content=\"summary_large_image\" \/>\n<meta name=\"twitter:label1\" content=\"Gesch\u00e4tzte Lesezeit\" \/>\n\t<meta name=\"twitter:data1\" content=\"6\u00a0Minuten\" \/>\n<script type=\"application\/ld+json\" class=\"yoast-schema-graph\">{\"@context\":\"https:\/\/schema.org\",\"@graph\":[{\"@type\":\"WebSite\",\"@id\":\"https:\/\/katowice.energy2000.pl\/#website\",\"url\":\"https:\/\/katowice.energy2000.pl\/\",\"name\":\"Energy2000 - Katowice\",\"description\":\"Najlepszy Klub na \u015bl\u0105sku\",\"potentialAction\":[{\"@type\":\"SearchAction\",\"target\":{\"@type\":\"EntryPoint\",\"urlTemplate\":\"https:\/\/katowice.energy2000.pl\/?s={search_term_string}\"},\"query-input\":\"required name=search_term_string\"}],\"inLanguage\":\"de\"},{\"@type\":\"WebPage\",\"@id\":\"https:\/\/katowice.energy2000.pl\/#webpage\",\"url\":\"https:\/\/katowice.energy2000.pl\/\",\"name\":\"Klub Katowice - Energy2000 - Najlepszy night clubbing w Katowicach\",\"isPartOf\":{\"@id\":\"https:\/\/katowice.energy2000.pl\/#website\"},\"datePublished\":\"2014-07-29T12:07:27+00:00\",\"dateModified\":\"2025-12-05T11:51:36+00:00\",\"description\":\"Centrum najlepszej zabawy w Katowicach! Wyj\u0105tkowe imprezy, wyst\u0119py artyst\u00f3w, DJ, \u015bwietna muzyka i niezapomniany klimat. Baw si\u0119 do z Nami do rana!\",\"breadcrumb\":{\"@id\":\"https:\/\/katowice.energy2000.pl\/#breadcrumb\"},\"inLanguage\":\"de\",\"potentialAction\":[{\"@type\":\"ReadAction\",\"target\":[\"https:\/\/katowice.energy2000.pl\/\"]}]},{\"@type\":\"BreadcrumbList\",\"@id\":\"https:\/\/katowice.energy2000.pl\/#breadcrumb\",\"itemListElement\":[{\"@type\":\"ListItem\",\"position\":1,\"name\":\"Strona g\u0142\u00f3wna\",\"item\":\"https:\/\/katowice.energy2000.pl\/\"},{\"@type\":\"ListItem\",\"position\":2,\"name\":\"Start\"}]}]}<\/script>\n<!-- \/ Yoast SEO plugin. -->","yoast_head_json":{"title":"Klub Katowice - Energy2000 - Najlepszy night clubbing w Katowicach","description":"Centrum najlepszej zabawy w Katowicach! Wyj\u0105tkowe imprezy, wyst\u0119py artyst\u00f3w, DJ, \u015bwietna muzyka i niezapomniany klimat. Baw si\u0119 do z Nami do rana!","robots":{"index":"index","follow":"follow","max-snippet":"max-snippet:-1","max-image-preview":"max-image-preview:large","max-video-preview":"max-video-preview:-1"},"canonical":"https:\/\/katowice.energy2000.pl\/de\/","og_locale":"de_DE","og_type":"article","og_title":"Klub Katowice - Energy2000 - Najlepszy night clubbing w Katowicach","og_description":"Centrum najlepszej zabawy w Katowicach! Wyj\u0105tkowe imprezy, wyst\u0119py artyst\u00f3w, DJ, \u015bwietna muzyka i niezapomniany klimat. Baw si\u0119 do z Nami do rana!","og_url":"https:\/\/katowice.energy2000.pl\/de\/","og_site_name":"Energy2000 - Katowice","article_modified_time":"2025-12-05T11:51:36+00:00","author":"Damian Urbanik","twitter_card":"summary_large_image","twitter_misc":{"Gesch\u00e4tzte Lesezeit":"6\u00a0Minuten"},"schema":{"@context":"https:\/\/schema.org","@graph":[{"@type":"WebSite","@id":"https:\/\/katowice.energy2000.pl\/#website","url":"https:\/\/katowice.energy2000.pl\/","name":"Energy2000 - Katowice","description":"Najlepszy Klub na \u015bl\u0105sku","potentialAction":[{"@type":"SearchAction","target":{"@type":"EntryPoint","urlTemplate":"https:\/\/katowice.energy2000.pl\/?s={search_term_string}"},"query-input":"required name=search_term_string"}],"inLanguage":"de"},{"@type":"WebPage","@id":"https:\/\/katowice.energy2000.pl\/#webpage","url":"https:\/\/katowice.energy2000.pl\/","name":"Klub Katowice - Energy2000 - Najlepszy night clubbing w Katowicach","isPartOf":{"@id":"https:\/\/katowice.energy2000.pl\/#website"},"datePublished":"2014-07-29T12:07:27+00:00","dateModified":"2025-12-05T11:51:36+00:00","description":"Centrum najlepszej zabawy w Katowicach! Wyj\u0105tkowe imprezy, wyst\u0119py artyst\u00f3w, DJ, \u015bwietna muzyka i niezapomniany klimat. Baw si\u0119 do z Nami do rana!","breadcrumb":{"@id":"https:\/\/katowice.energy2000.pl\/#breadcrumb"},"inLanguage":"de","potentialAction":[{"@type":"ReadAction","target":["https:\/\/katowice.energy2000.pl\/"]}]},{"@type":"BreadcrumbList","@id":"https:\/\/katowice.energy2000.pl\/#breadcrumb","itemListElement":[{"@type":"ListItem","position":1,"name":"Strona g\u0142\u00f3wna","item":"https:\/\/katowice.energy2000.pl\/"},{"@type":"ListItem","position":2,"name":"Start"}]}]}},"_links":{"self":[{"href":"https:\/\/katowice.energy2000.pl\/de\/wp-json\/wp\/v2\/pages\/452"}],"collection":[{"href":"https:\/\/katowice.energy2000.pl\/de\/wp-json\/wp\/v2\/pages"}],"about":[{"href":"https:\/\/katowice.energy2000.pl\/de\/wp-json\/wp\/v2\/types\/page"}],"author":[{"embeddable":true,"href":"https:\/\/katowice.energy2000.pl\/de\/wp-json\/wp\/v2\/users\/1"}],"replies":[{"embeddable":true,"href":"https:\/\/katowice.energy2000.pl\/de\/wp-json\/wp\/v2\/comments?post=452"}],"version-history":[{"count":51,"href":"https:\/\/katowice.energy2000.pl\/de\/wp-json\/wp\/v2\/pages\/452\/revisions"}],"predecessor-version":[{"id":187132,"href":"https:\/\/katowice.energy2000.pl\/de\/wp-json\/wp\/v2\/pages\/452\/revisions\/187132"}],"wp:attachment":[{"href":"https:\/\/katowice.energy2000.pl\/de\/wp-json\/wp\/v2\/media?parent=452"}],"curies":[{"name":"wp","href":"https:\/\/api.w.org\/{rel}","templated":true}]}}