{"id":168604,"date":"2024-10-07T13:32:27","date_gmt":"2024-10-07T11:32:27","guid":{"rendered":"https:\/\/katowice.energy2000.pl\/?page_id=168604"},"modified":"2025-12-16T15:46:31","modified_gmt":"2025-12-16T14:46:31","slug":"finansowanie-z-unii-europejskiej","status":"publish","type":"page","link":"https:\/\/katowice.energy2000.pl\/en\/european-union-funding\/","title":{"rendered":"Funding from the European Union"},"content":{"rendered":"<p><img decoding=\"async\" loading=\"lazy\" class=\"wp-image-180993 size-large aligncenter\" src=\"https:\/\/katowice.energy2000.pl\/wp-content\/uploads\/2025\/06\/PL-Pasek_FE-RGB-poziom-1-1024x88.png\" alt=\"\" width=\"1024\" height=\"88\" \/><br \/>\nImplementation of a comprehensive outdoor event service using remote-controlled LED wristbands based on a plug-and-play system.<\/p>\n<p><strong>Tasks, activities to be carried out under the project<\/strong><br \/>\nThe project includes one task - the purchase of fixed assets required to implement an innovative outdoor event service using remote-controlled LED wristbands based on a plug-and-play system.<br \/>\nPlanowana do wdro\u017cenia w wyniku projektu us\u0142uga b\u0119dzie polega\u0142a na stworzeniu miejsca do organizacji imprez plenerowych z u\u017cyciem opasek LED opartych na systemie typu plug-and-play. Us\u0142uga zostanie wdro\u017cona w miejscowo\u015bci Przytkowice (Ma\u0142opolska Zachodnia). W wyniku projektu Wnioskodawca zakupi elementy niezb\u0119dne do wdro\u017cenia kompleksowej us\u0142ugi m.in. pe\u0142ne wyposa\u017cenie strefy wej\u015bciowej wraz z innowacyjnymi opaskami LED, sanitarnej, koncertowej (g\u0142\u00f3wnej) oraz stref tematycznych w stylu: Americanos, Magic Light, On the water, Multimedialna czy Grill&amp;Chill . Projekt b\u0119dzie realizowany w terminie od 01.01.2024 r. do dnia 30.09.2025 r.<\/p>\n<p><strong>Target groups<\/strong><br \/>\nOsoby m\u0142ode w wieku od 19 do 24 lat \u2013 mieszkaniec\/ mieszkanka wojew\u00f3dztwa \u015bl\u0105skiego lub ma\u0142opolskiego, s\u0142uchaj\u0105cy\/ s\u0142uchaj\u0105ca muzyki nowoczesnej (pop, techno, house, R&amp;B), lubi\u0105cy\/ lubi\u0105ca imprezy klubowe, posiadaj\u0105cy\/ posiadaj\u0105ca grono znajomych r\u00f3wie\u015bnik\u00f3w\/ r\u00f3wie\u015bniczek, korzystaj\u0105cy\/ korzystaj\u0105ca z nowych technologii i social media, gotowy\/ gotowa wyda\u0107 w 1 wiecz\u00f3r kwot\u0119 100-200 z\u0142 na cele rozrywkowe, wliczaj\u0105c koszt dojazdu. Wed\u0142ug GUS w 2022 w Ma\u0142opolsce mieszka\u0142o 210 905 os., a na \u015al\u0105sku 229 805 os\u00f3b w wieku 19-24 lat. Uczestnicy\/ uczestniczki imprez pochodzi\u0107 b\u0119d\u0105 r\u00f3wnie\u017c z innych wojew\u00f3dztw (np. studenci\/ studentki) oraz tury\u015bci\/ turystyki, zw\u0142aszcza w okresie letnim.<\/p>\n<p><strong>Project objectives<\/strong><\/p>\n<p class=\"m_673020222836511586gmail-p1\">Project objectives that will be achieved as a result of implementing the service:<br \/>\n<u><\/u><u><\/u>(a) diversification of services - the new outdoor events service will diversify E2K Sp. z o.o.'s portfolio of services, thereby reducing the dependence of revenues on a single category of services;<br \/>\n<u><\/u><u><\/u>b) odpowied\u017a na wymagania klient\u00f3w\/ klientek \u2013 nowa us\u0142uga odpowiada na rosn\u0105ce zapotrzebowanie klient\u00f3w poszukuj\u0105cych wyj\u0105tkowych wra\u017ce\u0144 z wydarze\u0144 na \u015bwie\u017cym powietrzu;<br \/>\n<u><\/u><u><\/u>c) poprawa konkurencyjno\u015bci i wzrost przychod\u00f3w \u2013 imprezy plenerowe z u\u017cyciem interaktywnych opasek LED pozwol\u0105 na zbudowanie przewagi konkurencyjnej, w zwi\u0105zku z rosn\u0105cym rynkiem wydarze\u0144 plenerowych, potencjalnie b\u0119dzie poszerzana baza klient\u00f3w\/ klientek a co za tym idzie, zwi\u0119ksz\u0105 si\u0119 przychody firmy;<br \/>\n<u><\/u><u><\/u>d) wzrost zatrudnienia \u2013 w wyniku realizacji projektu planuje si\u0119 zatrudnienie dw\u00f3ch os\u00f3b na 2 pe\u0142ne etaty (2 EPC), dzi\u0119ki temu zatrudnienie b\u0119d\u0105 mog\u0142y znale\u017a\u0107 osoby trac\u0105ce prac\u0119 w g\u00f3rnictwie. Stanowiska utworzone w wyniku projektu nie b\u0119d\u0105 nak\u0142ada\u0142y konieczno\u015bci przekwalifikowania si\u0119 do \u015bwiadczenia pracy na stanowiskach powsta\u0142ych w wyniku realizacji projektu.<\/p>\n<p><strong>Effects, project results <\/strong><br \/>\nThanks to the implementation of the project, the company's activity will diversify - a product hitherto not offered on the market will be introduced into the company's offer. These activities will contribute to an increase in the company's competitiveness, an increase in revenue and also an increase in employment as a result of the project (2 FTE).<\/p>\n<p><strong>Project value (total project cost)<\/strong><br \/>\n3 432 945.57 PLN<br \/>\n<strong>Amount of contribution from the European Funds<\/strong><br \/>\n1 689 588.27 PLN<\/p>\n<p><strong>#\u00a0FunduszeUE<\/strong><\/p>\n<p><em>Zg\u0142oszenia podejrzenia niezgodno\u015bci z KPP i KPON mo\u017cna dokona\u0107 za po\u015brednictwem.<\/em><br \/>\n<em><a href=\"https:\/\/www.fundusze.malopolska.pl\/poradnik\/8312-zgloszenia-podejrzenia-niezgodnosci-z-karta-praw-podstawowych-unii-europejskiej-i\">https:\/\/www.fundusze.malopolska.pl\/poradnik\/8312-zgloszenia-podejrzenia-niezgodnosci-z-karta-praw-podstawowych-unii-europejskiej-i<\/a><\/em><\/p>\n<p><img decoding=\"async\" loading=\"lazy\" class=\"size-large wp-image-180993 aligncenter\" src=\"https:\/\/katowice.energy2000.pl\/wp-content\/uploads\/2025\/06\/PL-Pasek_FE-RGB-poziom-1-1024x88.png\" alt=\"\" width=\"1024\" height=\"88\" \/><\/p>","protected":false},"excerpt":{"rendered":"<p>Wdro\u017cenie kompleksowej us\u0142ugi organizacji imprez plenerowych z wykorzystaniem zdalnie sterowanych opasek LED opartych na systemie typu plug-and-play. Zadania, dzia\u0142ania, kt\u00f3re b\u0119d\u0105 realizowane w ramach projektu W ramach projektu zaplanowano jedno zadanie &#8211; zakup \u015brodk\u00f3w trwa\u0142ych niezb\u0119dnych do wdro\u017cenia innowacyjnej us\u0142ugi &#8230; <a class=\"Rmore tbutton small\" href=\"https:\/\/katowice.energy2000.pl\/en\/european-union-funding\/\"><span>See More \"<\/span><\/a><\/p>","protected":false},"author":2,"featured_media":0,"parent":0,"menu_order":17,"comment_status":"closed","ping_status":"closed","template":"","meta":[],"yoast_head":"<!-- This site is optimized with the Yoast SEO plugin v19.2 - https:\/\/yoast.com\/wordpress\/plugins\/seo\/ -->\n<title>Finansowanie z Unii Europejskiej - Energy2000 - Katowice<\/title>\n<meta name=\"robots\" content=\"index, follow, max-snippet:-1, max-image-preview:large, max-video-preview:-1\" \/>\n<link rel=\"canonical\" href=\"https:\/\/katowice.energy2000.pl\/en\/european-union-funding\/\" \/>\n<meta property=\"og:locale\" content=\"en_GB\" \/>\n<meta property=\"og:type\" content=\"article\" \/>\n<meta property=\"og:title\" content=\"Finansowanie z Unii Europejskiej - Energy2000 - Katowice\" \/>\n<meta property=\"og:description\" content=\"Wdro\u017cenie kompleksowej us\u0142ugi organizacji imprez plenerowych z wykorzystaniem zdalnie sterowanych opasek LED opartych na systemie typu plug-and-play. Zadania, dzia\u0142ania, kt\u00f3re b\u0119d\u0105 realizowane w ramach projektu W ramach projektu zaplanowano jedno zadanie &#8211; zakup \u015brodk\u00f3w trwa\u0142ych niezb\u0119dnych do wdro\u017cenia innowacyjnej us\u0142ugi ... Zobacz Wi\u0119cej \u00bb\" \/>\n<meta property=\"og:url\" content=\"https:\/\/katowice.energy2000.pl\/en\/european-union-funding\/\" \/>\n<meta property=\"og:site_name\" content=\"Energy2000 - Katowice\" \/>\n<meta property=\"article:modified_time\" content=\"2025-12-16T14:46:31+00:00\" \/>\n<meta property=\"og:image\" content=\"https:\/\/katowice.energy2000.pl\/wp-content\/uploads\/2025\/06\/PL-Pasek_FE-RGB-poziom-1-1024x88.png\" \/>\n<meta name=\"author\" content=\"Micha\u0142 W\u0105tkowski\" \/>\n<meta name=\"twitter:card\" content=\"summary_large_image\" \/>\n<meta name=\"twitter:label1\" content=\"Estimated reading time\" \/>\n\t<meta name=\"twitter:data1\" content=\"3 minutes\" \/>\n<script type=\"application\/ld+json\" class=\"yoast-schema-graph\">{\"@context\":\"https:\/\/schema.org\",\"@graph\":[{\"@type\":\"WebSite\",\"@id\":\"https:\/\/katowice.energy2000.pl\/#website\",\"url\":\"https:\/\/katowice.energy2000.pl\/\",\"name\":\"Energy2000 - Katowice\",\"description\":\"Najlepszy Klub na \u015bl\u0105sku\",\"potentialAction\":[{\"@type\":\"SearchAction\",\"target\":{\"@type\":\"EntryPoint\",\"urlTemplate\":\"https:\/\/katowice.energy2000.pl\/?s={search_term_string}\"},\"query-input\":\"required name=search_term_string\"}],\"inLanguage\":\"en-GB\"},{\"@type\":\"ImageObject\",\"inLanguage\":\"en-GB\",\"@id\":\"https:\/\/katowice.energy2000.pl\/finansowanie-z-unii-europejskiej\/#primaryimage\",\"url\":\"https:\/\/katowice.energy2000.pl\/wp-content\/uploads\/2025\/06\/PL-Pasek_FE-RGB-poziom-1.png\",\"contentUrl\":\"https:\/\/katowice.energy2000.pl\/wp-content\/uploads\/2025\/06\/PL-Pasek_FE-RGB-poziom-1.png\",\"width\":1984,\"height\":170},{\"@type\":\"WebPage\",\"@id\":\"https:\/\/katowice.energy2000.pl\/finansowanie-z-unii-europejskiej\/#webpage\",\"url\":\"https:\/\/katowice.energy2000.pl\/finansowanie-z-unii-europejskiej\/\",\"name\":\"Finansowanie z Unii Europejskiej - Energy2000 - Katowice\",\"isPartOf\":{\"@id\":\"https:\/\/katowice.energy2000.pl\/#website\"},\"primaryImageOfPage\":{\"@id\":\"https:\/\/katowice.energy2000.pl\/finansowanie-z-unii-europejskiej\/#primaryimage\"},\"datePublished\":\"2024-10-07T11:32:27+00:00\",\"dateModified\":\"2025-12-16T14:46:31+00:00\",\"breadcrumb\":{\"@id\":\"https:\/\/katowice.energy2000.pl\/finansowanie-z-unii-europejskiej\/#breadcrumb\"},\"inLanguage\":\"en-GB\",\"potentialAction\":[{\"@type\":\"ReadAction\",\"target\":[\"https:\/\/katowice.energy2000.pl\/finansowanie-z-unii-europejskiej\/\"]}]},{\"@type\":\"BreadcrumbList\",\"@id\":\"https:\/\/katowice.energy2000.pl\/finansowanie-z-unii-europejskiej\/#breadcrumb\",\"itemListElement\":[{\"@type\":\"ListItem\",\"position\":1,\"name\":\"Strona g\u0142\u00f3wna\",\"item\":\"https:\/\/katowice.energy2000.pl\/\"},{\"@type\":\"ListItem\",\"position\":2,\"name\":\"Finansowanie z Unii Europejskiej\"}]}]}<\/script>\n<!-- \/ Yoast SEO plugin. -->","yoast_head_json":{"title":"Finansowanie z Unii Europejskiej - Energy2000 - Katowice","robots":{"index":"index","follow":"follow","max-snippet":"max-snippet:-1","max-image-preview":"max-image-preview:large","max-video-preview":"max-video-preview:-1"},"canonical":"https:\/\/katowice.energy2000.pl\/en\/european-union-funding\/","og_locale":"en_GB","og_type":"article","og_title":"Finansowanie z Unii Europejskiej - Energy2000 - Katowice","og_description":"Wdro\u017cenie kompleksowej us\u0142ugi organizacji imprez plenerowych z wykorzystaniem zdalnie sterowanych opasek LED opartych na systemie typu plug-and-play. Zadania, dzia\u0142ania, kt\u00f3re b\u0119d\u0105 realizowane w ramach projektu W ramach projektu zaplanowano jedno zadanie &#8211; zakup \u015brodk\u00f3w trwa\u0142ych niezb\u0119dnych do wdro\u017cenia innowacyjnej us\u0142ugi ... Zobacz Wi\u0119cej \u00bb","og_url":"https:\/\/katowice.energy2000.pl\/en\/european-union-funding\/","og_site_name":"Energy2000 - Katowice","article_modified_time":"2025-12-16T14:46:31+00:00","og_image":[{"url":"https:\/\/katowice.energy2000.pl\/wp-content\/uploads\/2025\/06\/PL-Pasek_FE-RGB-poziom-1-1024x88.png"}],"author":"Micha\u0142 W\u0105tkowski","twitter_card":"summary_large_image","twitter_misc":{"Estimated reading time":"3 minutes"},"schema":{"@context":"https:\/\/schema.org","@graph":[{"@type":"WebSite","@id":"https:\/\/katowice.energy2000.pl\/#website","url":"https:\/\/katowice.energy2000.pl\/","name":"Energy2000 - Katowice","description":"Najlepszy Klub na \u015bl\u0105sku","potentialAction":[{"@type":"SearchAction","target":{"@type":"EntryPoint","urlTemplate":"https:\/\/katowice.energy2000.pl\/?s={search_term_string}"},"query-input":"required name=search_term_string"}],"inLanguage":"en-GB"},{"@type":"ImageObject","inLanguage":"en-GB","@id":"https:\/\/katowice.energy2000.pl\/finansowanie-z-unii-europejskiej\/#primaryimage","url":"https:\/\/katowice.energy2000.pl\/wp-content\/uploads\/2025\/06\/PL-Pasek_FE-RGB-poziom-1.png","contentUrl":"https:\/\/katowice.energy2000.pl\/wp-content\/uploads\/2025\/06\/PL-Pasek_FE-RGB-poziom-1.png","width":1984,"height":170},{"@type":"WebPage","@id":"https:\/\/katowice.energy2000.pl\/finansowanie-z-unii-europejskiej\/#webpage","url":"https:\/\/katowice.energy2000.pl\/finansowanie-z-unii-europejskiej\/","name":"Finansowanie z Unii Europejskiej - Energy2000 - Katowice","isPartOf":{"@id":"https:\/\/katowice.energy2000.pl\/#website"},"primaryImageOfPage":{"@id":"https:\/\/katowice.energy2000.pl\/finansowanie-z-unii-europejskiej\/#primaryimage"},"datePublished":"2024-10-07T11:32:27+00:00","dateModified":"2025-12-16T14:46:31+00:00","breadcrumb":{"@id":"https:\/\/katowice.energy2000.pl\/finansowanie-z-unii-europejskiej\/#breadcrumb"},"inLanguage":"en-GB","potentialAction":[{"@type":"ReadAction","target":["https:\/\/katowice.energy2000.pl\/finansowanie-z-unii-europejskiej\/"]}]},{"@type":"BreadcrumbList","@id":"https:\/\/katowice.energy2000.pl\/finansowanie-z-unii-europejskiej\/#breadcrumb","itemListElement":[{"@type":"ListItem","position":1,"name":"Strona g\u0142\u00f3wna","item":"https:\/\/katowice.energy2000.pl\/"},{"@type":"ListItem","position":2,"name":"Finansowanie z Unii Europejskiej"}]}]}},"_links":{"self":[{"href":"https:\/\/katowice.energy2000.pl\/en\/wp-json\/wp\/v2\/pages\/168604"}],"collection":[{"href":"https:\/\/katowice.energy2000.pl\/en\/wp-json\/wp\/v2\/pages"}],"about":[{"href":"https:\/\/katowice.energy2000.pl\/en\/wp-json\/wp\/v2\/types\/page"}],"author":[{"embeddable":true,"href":"https:\/\/katowice.energy2000.pl\/en\/wp-json\/wp\/v2\/users\/2"}],"replies":[{"embeddable":true,"href":"https:\/\/katowice.energy2000.pl\/en\/wp-json\/wp\/v2\/comments?post=168604"}],"version-history":[{"count":9,"href":"https:\/\/katowice.energy2000.pl\/en\/wp-json\/wp\/v2\/pages\/168604\/revisions"}],"predecessor-version":[{"id":187754,"href":"https:\/\/katowice.energy2000.pl\/en\/wp-json\/wp\/v2\/pages\/168604\/revisions\/187754"}],"wp:attachment":[{"href":"https:\/\/katowice.energy2000.pl\/en\/wp-json\/wp\/v2\/media?parent=168604"}],"curies":[{"name":"wp","href":"https:\/\/api.w.org\/{rel}","templated":true}]}}