{"id":174663,"date":"2025-02-17T10:49:15","date_gmt":"2025-02-17T09:49:15","guid":{"rendered":"https:\/\/katowice.energy2000.pl\/?page_id=174663"},"modified":"2025-09-25T12:10:12","modified_gmt":"2025-09-25T10:10:12","slug":"single-party-w-katowicach","status":"publish","type":"page","link":"https:\/\/katowice.energy2000.pl\/en\/single-party-in-katowice\/","title":{"rendered":"Single Party in Katowice"},"content":{"rendered":"<h2>Party for singles - a chance to make new friends and have the best time<\/h2>\n<p>Wondering if it's possible to meet someone special at the club? Since you're there, there might as well be someone with similar interests who also wants to relax, get away from everyday life and make new friends. Flirtation, love, a one-night adventure or perhaps a party exclusively in your own company? Anything is possible at such an event.<\/p>\n<h2>What is a single party?<\/h2>\n<p>Are parties for singles only for people who are not in a relationship? It may surprise you, but no. Anyone can come to a venue to party and have a great time in a fantastic atmosphere. However, there is something that sets these evenings apart from others. Clubbers are given wristbands with which they specify their intentions. These types of gadgets come in different colours, helping participants to express their preferences regarding their purpose for coming to the event.<\/p>\n<p><strong>Here is what the different colours of the bands mean:<\/strong><br \/>\n- green - I am single\/single - looking for new friendships,<br \/>\n- blue - I am ready\/ready for action,<br \/>\n- pink - you can invite me for a drink,<br \/>\n- red - I am busy\/busy,<br \/>\n- orange - signifying 'I drink and don't just dance'.<br \/>\nThe banding system avoids awkward situations where there is a lack of certainty about whether someone is open to acquaintance and makes it easier to make contact.<\/p>\n<h2>Cyclical events for singles - find out why you should attend them<\/h2>\n<p>Wybieraj\u0105c si\u0119 do klubu, postaw na dobr\u0105 zabaw\u0119 bez presji! Imprezy dla singli organizowane w Energy 2000 Katowice to cykliczne wydarzenia, kt\u00f3re zapewniaj\u0105 Ci mo\u017cliwo\u015b\u0107 \u015bwietnej zabawy w gronie pozytywnych os\u00f3b. Nie musisz si\u0119 martwi\u0107, \u017ce tym razem nie poznasz mi\u0142o\u015bci \u017cycia \u2013 je\u015bli nie uda si\u0119 podczas najbli\u017cszego wydarzenia, masz wiele kolejnych okazji, by spr\u00f3bowa\u0107 ponownie! Ka\u017cda edycja to szansa na to, by zdobywa\u0107 niezapomniane wspomnienia. Je\u015bli jeszcze zastanawiasz si\u0119 nad tym, czy warto przyj\u015b\u0107 do Energy 2000, z pewno\u015bci\u0105 przekona Ci\u0119 to, \u017ce klub s\u0142ynie z du\u017cej r\u00f3\u017cnorodno\u015bci muzycznej. Zar\u00f3wno fani nowoczesnego brzmienia, jak i retro klimat\u00f3w b\u0119d\u0105 usatysfakcjonowani z repertuaru, kt\u00f3ry serwuj\u0105 najlepsi DJ-e. Muzyka podgrzeje atmosfer\u0119 w lokalu i stanie si\u0119 doskona\u0142ym t\u0142em dla mi\u0142osnych podboj\u00f3w \u2013 tak jak ca\u0142a oprawa imprezy, kt\u00f3ra sprzyja nawi\u0105zywaniu nowych znajomo\u015bci.<\/p>\n<p>Ka\u017cde wydarzenie jest starannie przygotowywane, by mia\u0142o niepowtarzalny charakter, sylwester, <a href=\"https:\/\/katowice.energy2000.pl\/en\/andrzejki-w-katowicach\/\">Andrzejki<\/a>, urodziny. To nie tylko kwestia doskona\u0142ej muzyki, ale tak\u017ce wyj\u0105tkowych wizualizacji, efekt\u00f3w \u015bwietlnych, laser\u00f3w i dekoracji, kt\u00f3re sprawiaj\u0105, \u017ce klub staje si\u0119 miejscem pe\u0142nym magii i pozytywnej energii. Z pewno\u015bci\u0105 poczujesz mi\u0142osny vibe. Ka\u017cdy detal, od o\u015bwietlenia po d\u017awi\u0119k, jest dopasowany do tematyki imprezy, by wprowadzi\u0107 Ci\u0119 w odpowiedni nastr\u00f3j.<\/p>\n<h2>Don't miss a good party - singles welcome!<\/h2>\n<p>In the club's spacious interiors you will find several music zones and professional service. It's worth buying a ticket in advance or booking a box, as the events at Energy 2000 Katowice are extremely popular. You can't miss out. Before you go to the club, in addition to buying a ticket, make sure you have the right mood and look - a well-chosen outfit helps you express yourself. Choose an outfit that makes you feel confident and comfortable, and remember that there is a dress code - save the trousers and sports shirts for another occasion.<\/p>\n<h2>Attention all singles - Katowice invites you<\/h2>\n<p>Dyskoteka dla singli to wyj\u0105tkowe wydarzenie, na kt\u00f3re warto przybywa\u0107 z r\u00f3\u017cnych stron Polski. Otw\u00f3rz si\u0119 na nowe znajomo\u015bci, baw si\u0119 wy\u015bmienicie i daj sobie szans\u0119 na to, by od\u015bwie\u017cy\u0107 swoje \u017cycie towarzyskie. Mo\u017ce czeka na Ciebie <a href=\"https:\/\/katowice.energy2000.pl\/en\/randka-katowice\/\">randka<\/a> w ciemno? Warto wiedzie\u0107, \u017ce klub otrzyma\u0142 certyfikat jako\u015bci ISO 9001, co oznacza, \u017ce mo\u017cesz liczy\u0107 na najwy\u017cszy standard organizacji i bezpiecze\u0144stwa, i czu\u0107 si\u0119 swobodnie, celebruj\u0105c dobre chwile.<\/p>","protected":false},"excerpt":{"rendered":"<p>Impreza dla singli \u2013 szansa na nowe znajomo\u015bci i najlepsz\u0105 zabaw\u0119 Zastanawiasz si\u0119 nad tym, czy w klubie mo\u017cna pozna\u0107 kogo\u015b wyj\u0105tkowego? Skoro Ty tam jeste\u015b, mo\u017ce r\u00f3wnie dobrze by\u0107 tam osoba o podobnych zainteresowaniach, kt\u00f3ra r\u00f3wnie\u017c chce si\u0119 odpr\u0119\u017cy\u0107, &#8230; <a class=\"Rmore tbutton small\" href=\"https:\/\/katowice.energy2000.pl\/en\/single-party-in-katowice\/\"><span>See More \"<\/span><\/a><\/p>","protected":false},"author":4290,"featured_media":0,"parent":0,"menu_order":16,"comment_status":"closed","ping_status":"closed","template":"","meta":[],"yoast_head":"<!-- This site is optimized with the Yoast SEO plugin v19.2 - https:\/\/yoast.com\/wordpress\/plugins\/seo\/ -->\n<title>Single Party w Katowicach - Energy2000 - Katowice<\/title>\n<meta name=\"description\" content=\"Najlepsze single Party w Energy2000 Katowice!! Poznaj nowe osoby i bawcie si\u0119 razem do bia\u0142ego rana. Gwarantujemy \u015bwietn\u0105 muzyk\u0119, najlepsze drinki i niezapomnian\u0105 zabaw\u0119!\" \/>\n<meta name=\"robots\" content=\"index, follow, max-snippet:-1, max-image-preview:large, max-video-preview:-1\" \/>\n<link rel=\"canonical\" href=\"https:\/\/katowice.energy2000.pl\/en\/single-party-in-katowice\/\" \/>\n<meta property=\"og:locale\" content=\"en_GB\" \/>\n<meta property=\"og:type\" content=\"article\" \/>\n<meta property=\"og:title\" content=\"Single Party w Katowicach - Energy2000 - Katowice\" \/>\n<meta property=\"og:description\" content=\"Najlepsze single Party w Energy2000 Katowice!! Poznaj nowe osoby i bawcie si\u0119 razem do bia\u0142ego rana. Gwarantujemy \u015bwietn\u0105 muzyk\u0119, najlepsze drinki i niezapomnian\u0105 zabaw\u0119!\" \/>\n<meta property=\"og:url\" content=\"https:\/\/katowice.energy2000.pl\/en\/single-party-in-katowice\/\" \/>\n<meta property=\"og:site_name\" content=\"Energy2000 - Katowice\" \/>\n<meta property=\"article:modified_time\" content=\"2025-09-25T10:10:12+00:00\" \/>\n<meta name=\"author\" content=\"SEO\" \/>\n<meta name=\"twitter:card\" content=\"summary_large_image\" \/>\n<meta name=\"twitter:label1\" content=\"Estimated reading time\" \/>\n\t<meta name=\"twitter:data1\" content=\"3 minutes\" \/>\n<script type=\"application\/ld+json\" class=\"yoast-schema-graph\">{\"@context\":\"https:\/\/schema.org\",\"@graph\":[{\"@type\":\"WebSite\",\"@id\":\"https:\/\/katowice.energy2000.pl\/#website\",\"url\":\"https:\/\/katowice.energy2000.pl\/\",\"name\":\"Energy2000 - Katowice\",\"description\":\"Najlepszy Klub na \u015bl\u0105sku\",\"potentialAction\":[{\"@type\":\"SearchAction\",\"target\":{\"@type\":\"EntryPoint\",\"urlTemplate\":\"https:\/\/katowice.energy2000.pl\/?s={search_term_string}\"},\"query-input\":\"required name=search_term_string\"}],\"inLanguage\":\"en-GB\"},{\"@type\":\"WebPage\",\"@id\":\"https:\/\/katowice.energy2000.pl\/single-party-w-katowicach\/#webpage\",\"url\":\"https:\/\/katowice.energy2000.pl\/single-party-w-katowicach\/\",\"name\":\"Single Party w Katowicach - Energy2000 - Katowice\",\"isPartOf\":{\"@id\":\"https:\/\/katowice.energy2000.pl\/#website\"},\"datePublished\":\"2025-02-17T09:49:15+00:00\",\"dateModified\":\"2025-09-25T10:10:12+00:00\",\"description\":\"Najlepsze single Party w Energy2000 Katowice!! Poznaj nowe osoby i bawcie si\u0119 razem do bia\u0142ego rana. Gwarantujemy \u015bwietn\u0105 muzyk\u0119, najlepsze drinki i niezapomnian\u0105 zabaw\u0119!\",\"breadcrumb\":{\"@id\":\"https:\/\/katowice.energy2000.pl\/single-party-w-katowicach\/#breadcrumb\"},\"inLanguage\":\"en-GB\",\"potentialAction\":[{\"@type\":\"ReadAction\",\"target\":[\"https:\/\/katowice.energy2000.pl\/single-party-w-katowicach\/\"]}]},{\"@type\":\"BreadcrumbList\",\"@id\":\"https:\/\/katowice.energy2000.pl\/single-party-w-katowicach\/#breadcrumb\",\"itemListElement\":[{\"@type\":\"ListItem\",\"position\":1,\"name\":\"Strona g\u0142\u00f3wna\",\"item\":\"https:\/\/katowice.energy2000.pl\/\"},{\"@type\":\"ListItem\",\"position\":2,\"name\":\"Single Party w Katowicach\"}]}]}<\/script>\n<!-- \/ Yoast SEO plugin. -->","yoast_head_json":{"title":"Single Party w Katowicach - Energy2000 - Katowice","description":"Najlepsze single Party w Energy2000 Katowice!! Poznaj nowe osoby i bawcie si\u0119 razem do bia\u0142ego rana. Gwarantujemy \u015bwietn\u0105 muzyk\u0119, najlepsze drinki i niezapomnian\u0105 zabaw\u0119!","robots":{"index":"index","follow":"follow","max-snippet":"max-snippet:-1","max-image-preview":"max-image-preview:large","max-video-preview":"max-video-preview:-1"},"canonical":"https:\/\/katowice.energy2000.pl\/en\/single-party-in-katowice\/","og_locale":"en_GB","og_type":"article","og_title":"Single Party w Katowicach - Energy2000 - Katowice","og_description":"Najlepsze single Party w Energy2000 Katowice!! Poznaj nowe osoby i bawcie si\u0119 razem do bia\u0142ego rana. Gwarantujemy \u015bwietn\u0105 muzyk\u0119, najlepsze drinki i niezapomnian\u0105 zabaw\u0119!","og_url":"https:\/\/katowice.energy2000.pl\/en\/single-party-in-katowice\/","og_site_name":"Energy2000 - Katowice","article_modified_time":"2025-09-25T10:10:12+00:00","author":"SEO","twitter_card":"summary_large_image","twitter_misc":{"Estimated reading time":"3 minutes"},"schema":{"@context":"https:\/\/schema.org","@graph":[{"@type":"WebSite","@id":"https:\/\/katowice.energy2000.pl\/#website","url":"https:\/\/katowice.energy2000.pl\/","name":"Energy2000 - Katowice","description":"Najlepszy Klub na \u015bl\u0105sku","potentialAction":[{"@type":"SearchAction","target":{"@type":"EntryPoint","urlTemplate":"https:\/\/katowice.energy2000.pl\/?s={search_term_string}"},"query-input":"required name=search_term_string"}],"inLanguage":"en-GB"},{"@type":"WebPage","@id":"https:\/\/katowice.energy2000.pl\/single-party-w-katowicach\/#webpage","url":"https:\/\/katowice.energy2000.pl\/single-party-w-katowicach\/","name":"Single Party w Katowicach - Energy2000 - Katowice","isPartOf":{"@id":"https:\/\/katowice.energy2000.pl\/#website"},"datePublished":"2025-02-17T09:49:15+00:00","dateModified":"2025-09-25T10:10:12+00:00","description":"Najlepsze single Party w Energy2000 Katowice!! Poznaj nowe osoby i bawcie si\u0119 razem do bia\u0142ego rana. Gwarantujemy \u015bwietn\u0105 muzyk\u0119, najlepsze drinki i niezapomnian\u0105 zabaw\u0119!","breadcrumb":{"@id":"https:\/\/katowice.energy2000.pl\/single-party-w-katowicach\/#breadcrumb"},"inLanguage":"en-GB","potentialAction":[{"@type":"ReadAction","target":["https:\/\/katowice.energy2000.pl\/single-party-w-katowicach\/"]}]},{"@type":"BreadcrumbList","@id":"https:\/\/katowice.energy2000.pl\/single-party-w-katowicach\/#breadcrumb","itemListElement":[{"@type":"ListItem","position":1,"name":"Strona g\u0142\u00f3wna","item":"https:\/\/katowice.energy2000.pl\/"},{"@type":"ListItem","position":2,"name":"Single Party w Katowicach"}]}]}},"_links":{"self":[{"href":"https:\/\/katowice.energy2000.pl\/en\/wp-json\/wp\/v2\/pages\/174663"}],"collection":[{"href":"https:\/\/katowice.energy2000.pl\/en\/wp-json\/wp\/v2\/pages"}],"about":[{"href":"https:\/\/katowice.energy2000.pl\/en\/wp-json\/wp\/v2\/types\/page"}],"author":[{"embeddable":true,"href":"https:\/\/katowice.energy2000.pl\/en\/wp-json\/wp\/v2\/users\/4290"}],"replies":[{"embeddable":true,"href":"https:\/\/katowice.energy2000.pl\/en\/wp-json\/wp\/v2\/comments?post=174663"}],"version-history":[{"count":5,"href":"https:\/\/katowice.energy2000.pl\/en\/wp-json\/wp\/v2\/pages\/174663\/revisions"}],"predecessor-version":[{"id":184214,"href":"https:\/\/katowice.energy2000.pl\/en\/wp-json\/wp\/v2\/pages\/174663\/revisions\/184214"}],"wp:attachment":[{"href":"https:\/\/katowice.energy2000.pl\/en\/wp-json\/wp\/v2\/media?parent=174663"}],"curies":[{"name":"wp","href":"https:\/\/api.w.org\/{rel}","templated":true}]}}