{"id":187128,"date":"2025-11-29T12:47:33","date_gmt":"2025-11-29T11:47:33","guid":{"rendered":"https:\/\/katowice.energy2000.pl\/?page_id=187128"},"modified":"2025-12-05T12:52:02","modified_gmt":"2025-12-05T11:52:02","slug":"gdzie-na-drinka-w-katowicach","status":"publish","type":"page","link":"https:\/\/katowice.energy2000.pl\/en\/gdzie-na-drinka-w-katowicach\/","title":{"rendered":"Gdzie na drinka w Katowicach? Sprawd\u017a, kt\u00f3ry lokal warto odwiedzi\u0107"},"content":{"rendered":"<p>Stolica wojew\u00f3dztwa \u015bl\u0105skiego to miasto, kt\u00f3re t\u0119tni \u017cyciem. Bary i puby w Katowicach zapraszaj\u0105 mieszka\u0144c\u00f3w i turyst\u00f3w, kt\u00f3rzy chc\u0105 si\u0119 odpr\u0119\u017cy\u0107 i sp\u0119dzi\u0107 przyjemnie czas. Niezale\u017cnie od poru roku znajdziesz zar\u00f3wno wi\u0119ksze lokale, jak i kameralne knajpki, kt\u00f3rych oferta, jak i klimat mog\u0105 si\u0119 znacznie r\u00f3\u017cni\u0107 mi\u0119dzy sob\u0105. W\u015br\u00f3d nich znajdziesz te\u017c du\u017ce kluby taneczne, takie jak Energy 2000, idealne na imprez\u0119 przy drinku.<\/p>\n<h2>Popularne bary w Katowicach \u2013 tu je znajdziesz<\/h2>\n<p>W Katowicach bary rozmieszczone s\u0105 w r\u00f3\u017cnych lokalizacjach \u2013 od \u015bcis\u0142ego centrum po bardziej odleg\u0142e zak\u0105tki. Najwi\u0119ksze zag\u0119szczenie popularnych punkt\u00f3w to Rynek, ulica Mariacka i Dworcowa. Mo\u017cesz wybra\u0107 si\u0119 tam, \u017ceby skosztowa\u0107 kuchni z r\u00f3\u017cnych stron \u015bwiata i napi\u0107 si\u0119 najrozmaitszych trunk\u00f3w. Znane i lubiane lokale znajduj\u0105 si\u0119 r\u00f3wnie\u017c w pobli\u017cu centr\u00f3w kultury. Warto tak\u017ce zatrzyma\u0107 si\u0119 na drinka, spaceruj\u0105c Dolin\u0105 Trzech Staw\u00f3w.<\/p>\n<p>Je\u015bli masz ch\u0119\u0107 poczu\u0107 ducha historii, odwied\u017a Nikiszowiec, czyli zabytkowe g\u00f3rnicze osiedle, kt\u00f3re zachowa\u0142o sw\u00f3j robotniczy klimat. Ceglane budynki i brukowane ulice tworz\u0105 unikatow\u0105 atmosfer\u0119 \u2013 mieszank\u0119 nostalgii, historii i industrialnej estetyki. Mimo up\u0142ywu lat miejsce ma wci\u0105\u017c ten sam wyj\u0105tkowy styl. Panuje tu mniejszy zgie\u0142k ni\u017c w centrum miasta. Jest bardziej swojsko i s\u0105siedzko. T\u0119 dzielnic\u0119 ch\u0119tnie wybieraj\u0105 arty\u015bci, fotografowie, ludzie kultury \u2013 lokalne wydarzenia dodaj\u0105 przestrzeni kreatywnej energii.<\/p>\n<h2>Dobre puby w Katowicach<\/h2>\n<p>Puby w Katowicach s\u0105 mocno zr\u00f3\u017cnicowane. W \u015bcis\u0142ym centrum, szczeg\u00f3lnie w okolicy Rynku i ulicy Mariackiej, znajdziesz bary z szerokim wyborem piw kraftowych, gdzie go\u015bciom czas umilaj\u0105 d\u017awi\u0119ki muzyki z winylowych p\u0142yt. Mo\u017cna skosztowa\u0107 beczkowanego chmielowego napoju nalewanego prosto z keg\u00f3w. To idealne okolice na spontaniczne wyj\u015bcie po pracy lub d\u0142u\u017cszy wiecz\u00f3r ze znajomymi \u2013 szczeg\u00f3lnie latem, gdy przed lokalami pojawiaj\u0105 si\u0119 ogr\u00f3dki i stoliki pod chmurk\u0105.<\/p>\n<p>Mi\u0142o\u015bnicy piw rzemie\u015blniczych mog\u0105 te\u017c zajrze\u0107 do bar\u00f3w w Katowicach inspirowanych bawarskimi ogr\u00f3dkami piwnymi. Solidne drewniane sto\u0142y, du\u017ce kufle i niemiecka kuchnia tworz\u0105 tu swobodn\u0105 atmosfer\u0119 sprzyjaj\u0105c\u0105 d\u0142ugim rozmowom.<\/p>\n<h2>Najlepsze drink bary w Katowicach<\/h2>\n<p>W okolicy Spodka i Strefy Kultury znajdziesz bary o lu\u017anej atmosferze, kt\u00f3re serwuj\u0105 comfort food i rozmaite kompozycje trunk\u00f3w, od tych klasycznych po nowoczesne z ciekaw\u0105 form\u0105 podania. To dobry kierunek, je\u015bli chcesz po\u0142\u0105czy\u0107 wypad na wydarzenie kulturalne z wieczornym drinkiem. Je\u015bli zale\u017cy Ci na po\u0142\u0105czeniu wieczornego wyj\u015bcia na drinka z klubow\u0105 zabaw\u0105, wybierz si\u0119 do Energy 2000 w centrum Katowic. To du\u017cy klub muzyczny, w kt\u00f3rym czekaj\u0105 tematyczne imprezy, mn\u00f3stwo zabawy oraz bogata karta drink\u00f3w, kt\u00f3re mo\u017cesz s\u0105czy\u0107 mi\u0119dzy kolejnymi kawa\u0142kami przy barze. Mo\u017cesz te\u017c cieszy\u0107 si\u0119 wysokoprocentowymi trunkami w zarezerwowanej wcze\u015bniej lo\u017cy i \u015bwi\u0119towa\u0107 specjalne okazje.<\/p>\n<p>\u017beby znale\u017a\u0107 sw\u00f3j ulubiony pub w Katowicach, warto co jaki\u015b czas wybra\u0107 si\u0119 do nowego miejsca, by przetestowa\u0107 menu. Poszczeg\u00f3lne miejsc\u00f3wki r\u00f3\u017cni\u0105 si\u0119 od siebie wystrojem, muzyk\u0105, atmosfer\u0105 i ofert\u0105. Warto eksplorowa\u0107 r\u00f3\u017cne dzielnice \u2013 od \u015bcis\u0142ego centrum, przez Nikiszowiec, po okolice Doliny Trzech Staw\u00f3w \u2013 bo w ka\u017cdej z nich nocne \u017cycie wygl\u0105da nieco inaczej. Jedno jest pewne \u2013 na \u015al\u0105sku nie spos\u00f3b si\u0119 nudzi\u0107. W ka\u017cdym z tych miejsc t\u0119tni \u017cycie.<\/p>","protected":false},"excerpt":{"rendered":"<p>Stolica wojew\u00f3dztwa \u015bl\u0105skiego to miasto, kt\u00f3re t\u0119tni \u017cyciem. Bary i puby w Katowicach zapraszaj\u0105 mieszka\u0144c\u00f3w i turyst\u00f3w, kt\u00f3rzy chc\u0105 si\u0119 odpr\u0119\u017cy\u0107 i sp\u0119dzi\u0107 przyjemnie czas. Niezale\u017cnie od poru roku znajdziesz zar\u00f3wno wi\u0119ksze lokale, jak i kameralne knajpki, kt\u00f3rych oferta, jak &#8230; <a class=\"Rmore tbutton small\" href=\"https:\/\/katowice.energy2000.pl\/en\/gdzie-na-drinka-w-katowicach\/\"><span>See More \"<\/span><\/a><\/p>","protected":false},"author":4290,"featured_media":0,"parent":0,"menu_order":5,"comment_status":"closed","ping_status":"closed","template":"","meta":[],"yoast_head":"<!-- This site is optimized with the Yoast SEO plugin v19.2 - https:\/\/yoast.com\/wordpress\/plugins\/seo\/ -->\n<title>Gdzie na drinka w Katowicach? Sprawd\u017a, kt\u00f3ry lokal warto odwiedzi\u0107 - Energy2000 - Katowice<\/title>\n<meta name=\"description\" content=\"Najlepsze bary i puby na drinka w Katowicach! Odkryj wyj\u0105tkowe miejsca, kt\u00f3re musisz odwiedzi\u0107. Przewodnik po nocnym \u017cyciu Katowic.\" \/>\n<meta name=\"robots\" content=\"index, follow, max-snippet:-1, max-image-preview:large, max-video-preview:-1\" \/>\n<link rel=\"canonical\" href=\"https:\/\/katowice.energy2000.pl\/en\/gdzie-na-drinka-w-katowicach\/\" \/>\n<meta property=\"og:locale\" content=\"en_GB\" \/>\n<meta property=\"og:type\" content=\"article\" \/>\n<meta property=\"og:title\" content=\"Gdzie na drinka w Katowicach? Sprawd\u017a, kt\u00f3ry lokal warto odwiedzi\u0107 - Energy2000 - Katowice\" \/>\n<meta property=\"og:description\" content=\"Najlepsze bary i puby na drinka w Katowicach! Odkryj wyj\u0105tkowe miejsca, kt\u00f3re musisz odwiedzi\u0107. Przewodnik po nocnym \u017cyciu Katowic.\" \/>\n<meta property=\"og:url\" content=\"https:\/\/katowice.energy2000.pl\/en\/gdzie-na-drinka-w-katowicach\/\" \/>\n<meta property=\"og:site_name\" content=\"Energy2000 - Katowice\" \/>\n<meta property=\"article:modified_time\" content=\"2025-12-05T11:52:02+00:00\" \/>\n<meta name=\"author\" content=\"SEO\" \/>\n<meta name=\"twitter:card\" content=\"summary_large_image\" \/>\n<meta name=\"twitter:label1\" content=\"Estimated reading time\" \/>\n\t<meta name=\"twitter:data1\" content=\"3 minutes\" \/>\n<script type=\"application\/ld+json\" class=\"yoast-schema-graph\">{\"@context\":\"https:\/\/schema.org\",\"@graph\":[{\"@type\":\"WebSite\",\"@id\":\"https:\/\/katowice.energy2000.pl\/#website\",\"url\":\"https:\/\/katowice.energy2000.pl\/\",\"name\":\"Energy2000 - Katowice\",\"description\":\"Najlepszy Klub na \u015bl\u0105sku\",\"potentialAction\":[{\"@type\":\"SearchAction\",\"target\":{\"@type\":\"EntryPoint\",\"urlTemplate\":\"https:\/\/katowice.energy2000.pl\/?s={search_term_string}\"},\"query-input\":\"required name=search_term_string\"}],\"inLanguage\":\"en-GB\"},{\"@type\":\"WebPage\",\"@id\":\"https:\/\/katowice.energy2000.pl\/gdzie-na-drinka-w-katowicach\/#webpage\",\"url\":\"https:\/\/katowice.energy2000.pl\/gdzie-na-drinka-w-katowicach\/\",\"name\":\"Gdzie na drinka w Katowicach? Sprawd\u017a, kt\u00f3ry lokal warto odwiedzi\u0107 - Energy2000 - Katowice\",\"isPartOf\":{\"@id\":\"https:\/\/katowice.energy2000.pl\/#website\"},\"datePublished\":\"2025-11-29T11:47:33+00:00\",\"dateModified\":\"2025-12-05T11:52:02+00:00\",\"description\":\"Najlepsze bary i puby na drinka w Katowicach! Odkryj wyj\u0105tkowe miejsca, kt\u00f3re musisz odwiedzi\u0107. Przewodnik po nocnym \u017cyciu Katowic.\",\"breadcrumb\":{\"@id\":\"https:\/\/katowice.energy2000.pl\/gdzie-na-drinka-w-katowicach\/#breadcrumb\"},\"inLanguage\":\"en-GB\",\"potentialAction\":[{\"@type\":\"ReadAction\",\"target\":[\"https:\/\/katowice.energy2000.pl\/gdzie-na-drinka-w-katowicach\/\"]}]},{\"@type\":\"BreadcrumbList\",\"@id\":\"https:\/\/katowice.energy2000.pl\/gdzie-na-drinka-w-katowicach\/#breadcrumb\",\"itemListElement\":[{\"@type\":\"ListItem\",\"position\":1,\"name\":\"Strona g\u0142\u00f3wna\",\"item\":\"https:\/\/katowice.energy2000.pl\/\"},{\"@type\":\"ListItem\",\"position\":2,\"name\":\"Gdzie na drinka w Katowicach? Sprawd\u017a, kt\u00f3ry lokal warto odwiedzi\u0107\"}]}]}<\/script>\n<!-- \/ Yoast SEO plugin. -->","yoast_head_json":{"title":"Gdzie na drinka w Katowicach? Sprawd\u017a, kt\u00f3ry lokal warto odwiedzi\u0107 - Energy2000 - Katowice","description":"Najlepsze bary i puby na drinka w Katowicach! Odkryj wyj\u0105tkowe miejsca, kt\u00f3re musisz odwiedzi\u0107. Przewodnik po nocnym \u017cyciu Katowic.","robots":{"index":"index","follow":"follow","max-snippet":"max-snippet:-1","max-image-preview":"max-image-preview:large","max-video-preview":"max-video-preview:-1"},"canonical":"https:\/\/katowice.energy2000.pl\/en\/gdzie-na-drinka-w-katowicach\/","og_locale":"en_GB","og_type":"article","og_title":"Gdzie na drinka w Katowicach? Sprawd\u017a, kt\u00f3ry lokal warto odwiedzi\u0107 - Energy2000 - Katowice","og_description":"Najlepsze bary i puby na drinka w Katowicach! Odkryj wyj\u0105tkowe miejsca, kt\u00f3re musisz odwiedzi\u0107. Przewodnik po nocnym \u017cyciu Katowic.","og_url":"https:\/\/katowice.energy2000.pl\/en\/gdzie-na-drinka-w-katowicach\/","og_site_name":"Energy2000 - Katowice","article_modified_time":"2025-12-05T11:52:02+00:00","author":"SEO","twitter_card":"summary_large_image","twitter_misc":{"Estimated reading time":"3 minutes"},"schema":{"@context":"https:\/\/schema.org","@graph":[{"@type":"WebSite","@id":"https:\/\/katowice.energy2000.pl\/#website","url":"https:\/\/katowice.energy2000.pl\/","name":"Energy2000 - Katowice","description":"Najlepszy Klub na \u015bl\u0105sku","potentialAction":[{"@type":"SearchAction","target":{"@type":"EntryPoint","urlTemplate":"https:\/\/katowice.energy2000.pl\/?s={search_term_string}"},"query-input":"required name=search_term_string"}],"inLanguage":"en-GB"},{"@type":"WebPage","@id":"https:\/\/katowice.energy2000.pl\/gdzie-na-drinka-w-katowicach\/#webpage","url":"https:\/\/katowice.energy2000.pl\/gdzie-na-drinka-w-katowicach\/","name":"Gdzie na drinka w Katowicach? Sprawd\u017a, kt\u00f3ry lokal warto odwiedzi\u0107 - Energy2000 - Katowice","isPartOf":{"@id":"https:\/\/katowice.energy2000.pl\/#website"},"datePublished":"2025-11-29T11:47:33+00:00","dateModified":"2025-12-05T11:52:02+00:00","description":"Najlepsze bary i puby na drinka w Katowicach! Odkryj wyj\u0105tkowe miejsca, kt\u00f3re musisz odwiedzi\u0107. Przewodnik po nocnym \u017cyciu Katowic.","breadcrumb":{"@id":"https:\/\/katowice.energy2000.pl\/gdzie-na-drinka-w-katowicach\/#breadcrumb"},"inLanguage":"en-GB","potentialAction":[{"@type":"ReadAction","target":["https:\/\/katowice.energy2000.pl\/gdzie-na-drinka-w-katowicach\/"]}]},{"@type":"BreadcrumbList","@id":"https:\/\/katowice.energy2000.pl\/gdzie-na-drinka-w-katowicach\/#breadcrumb","itemListElement":[{"@type":"ListItem","position":1,"name":"Strona g\u0142\u00f3wna","item":"https:\/\/katowice.energy2000.pl\/"},{"@type":"ListItem","position":2,"name":"Gdzie na drinka w Katowicach? Sprawd\u017a, kt\u00f3ry lokal warto odwiedzi\u0107"}]}]}},"_links":{"self":[{"href":"https:\/\/katowice.energy2000.pl\/en\/wp-json\/wp\/v2\/pages\/187128"}],"collection":[{"href":"https:\/\/katowice.energy2000.pl\/en\/wp-json\/wp\/v2\/pages"}],"about":[{"href":"https:\/\/katowice.energy2000.pl\/en\/wp-json\/wp\/v2\/types\/page"}],"author":[{"embeddable":true,"href":"https:\/\/katowice.energy2000.pl\/en\/wp-json\/wp\/v2\/users\/4290"}],"replies":[{"embeddable":true,"href":"https:\/\/katowice.energy2000.pl\/en\/wp-json\/wp\/v2\/comments?post=187128"}],"version-history":[{"count":2,"href":"https:\/\/katowice.energy2000.pl\/en\/wp-json\/wp\/v2\/pages\/187128\/revisions"}],"predecessor-version":[{"id":187130,"href":"https:\/\/katowice.energy2000.pl\/en\/wp-json\/wp\/v2\/pages\/187128\/revisions\/187130"}],"wp:attachment":[{"href":"https:\/\/katowice.energy2000.pl\/en\/wp-json\/wp\/v2\/media?parent=187128"}],"curies":[{"name":"wp","href":"https:\/\/api.w.org\/{rel}","templated":true}]}}