{"id":452,"date":"2014-07-29T14:07:27","date_gmt":"2014-07-29T12:07:27","guid":{"rendered":"http:\/\/theme20.com\/remix\/?page_id=452"},"modified":"2025-12-05T12:51:36","modified_gmt":"2025-12-05T11:51:36","slug":"start","status":"publish","type":"page","link":"https:\/\/katowice.energy2000.pl\/en\/","title":{"rendered":"Start"},"content":{"rendered":"<div  class=\"clearfix T20-row dark\" ><div class=\"alpha wpb_column vc_column_container vc_col-sm-12\"><div class=\"vc_column-inner\"><div class=\"wpb_wrapper\"><div class=\"pln-bg plm-najblizsze-imprezy\"><div class=\"plm-event-list-homepage\"><h4 class=\"tt\">Upcoming Events<\/h4><span class=\"liner\"><\/span><\/div><div class=\"plm-event-home\"><article class=\"events clearfix col-md-3 col-xs-6\"><a href=\"https:\/\/katowice.energy2000.pl\/en\/events\/miu-%e2%98%85-energy-2000-katowice\/\" title=\"MI\u00dc \u2605 ENERGY 2000 KATOWICE\" class=\"pln-a-100\"><div class=\"grid\"><figure class=\"effect-bubba\"><img width=\"330\" height=\"485\" src=\"https:\/\/katowice.energy2000.pl\/wp-content\/uploads\/2026\/02\/2026_05_15_MIU_1045x1495_QR-330x485.png\" class=\"attachment-PLM-event-promocja-thumb size-PLM-event-promocja-thumb wp-post-image\" alt=\"\" decoding=\"async\" loading=\"lazy\" \/><figcaption><i>15\/05\/2026<\/i><\/figcaption><\/figure><\/div><\/a><\/article><article class=\"events clearfix col-md-3 col-xs-6\"><a href=\"https:\/\/katowice.energy2000.pl\/en\/events\/dj-kuba-neitan-%e2%98%85-energy-2000-katowice\/\" title=\"DJ KUBA &#038; NEITAN \u2605 POLO VIBES | PULS MIASTA &#8211; sala dance\" class=\"pln-a-100\"><div class=\"grid\"><figure class=\"effect-bubba\"><img width=\"330\" height=\"485\" src=\"https:\/\/katowice.energy2000.pl\/wp-content\/uploads\/2026\/02\/2026_05_16_DJKUBA_NEITAN_1045x1495_QR-2-330x485.png\" class=\"attachment-PLM-event-promocja-thumb size-PLM-event-promocja-thumb wp-post-image\" alt=\"\" decoding=\"async\" loading=\"lazy\" \/><figcaption><i>16\/05\/2026<\/i><\/figcaption><\/figure><\/div><\/a><\/article><article class=\"events clearfix col-md-3 col-xs-6\"><a href=\"https:\/\/katowice.energy2000.pl\/en\/events\/vkie-%e2%98%85-hip-hop-night-2\/\" title=\"VKIE \u2605 HIP-HOP NIGHT\" class=\"pln-a-100\"><div class=\"grid\"><figure class=\"effect-bubba\"><img width=\"330\" height=\"485\" src=\"https:\/\/katowice.energy2000.pl\/wp-content\/uploads\/2026\/02\/2026_05_22_VKIE_1045x1495_QR-330x485.png\" class=\"attachment-PLM-event-promocja-thumb size-PLM-event-promocja-thumb wp-post-image\" alt=\"\" decoding=\"async\" loading=\"lazy\" \/><figcaption><i>22\/05\/2026<\/i><\/figcaption><\/figure><\/div><\/a><\/article><article class=\"events clearfix col-md-3 col-xs-6\"><a href=\"https:\/\/katowice.energy2000.pl\/en\/events\/silesian-legends-%e2%98%85-malec-driver-kid-s-moon-%e2%98%85-long-junior-sala-dance\/\" title=\"SILESIAN LEGENDS \u2605 MALEC\/ DRIVER\/ KID\/ S-MOON \u2605 LONG &#038; JUNIOR &#8211; sala dance\" class=\"pln-a-100\"><div class=\"grid\"><figure class=\"effect-bubba\"><img width=\"330\" height=\"485\" src=\"https:\/\/katowice.energy2000.pl\/wp-content\/uploads\/2026\/03\/2026_05_23_SILESIAN_LEGENDS_1045x1495_QR-330x485.png\" class=\"attachment-PLM-event-promocja-thumb size-PLM-event-promocja-thumb wp-post-image\" alt=\"\" decoding=\"async\" loading=\"lazy\" \/><figcaption><i>23\/05\/2026<\/i><\/figcaption><\/figure><\/div><\/a><\/article><\/div><div class=\"clearfix\"><\/div><\/div><\/div><\/div><\/div><\/div><div  class=\"clearfix T20-row dark\" ><div class=\"alpha wpb_column vc_column_container vc_col-sm-12\"><div class=\"vc_column-inner\"><div class=\"wpb_wrapper\"><\/div><\/div><\/div><\/div><div  class=\"clearfix T20-row dark\" > \n\t\t\t\t<div class=\"col-md-12\">\n\t\t<div class=\"pln-bg plm-najnowsze-galerie\">\n\t\t\t<div class=\"col-md-12\">\n\t\t\t<div class=\"topbar\">\n\t\t\t\t<div id=\"close\" class=\"tbutton small tback\">\n\t\t\t\t\t<span>&lt; Back to Albums<\/span>\n\t\t\t\t<\/div>\n\t\t\t\t<h4 class=\"tt\" id=\"name\">LATEST GALLERIES<\/h4><span class=\"liner\"><\/span>\n\t\t\t<\/div>\n\t\t\t<\/div>\n\n\n\t\t\t\t<div>\n\t\t\t\t\t\t\t\t\t\t\t<a class=\"col-md-3 col-xs-6\" href=\"https:\/\/katowice.energy2000.pl\/en\/gallery\/retro-party-%e2%98%85-mily-pan\/\" title=\"RETRO PARTY \u2605 MI\u0141Y PAN\" rel=\"bookmark\">\n\t\t\t\t\t\t\t<figure class=\"effect-bubba\">\n\t\t\t\t\t\t\t\t<img width=\"330\" height=\"220\" src=\"https:\/\/katowice.energy2000.pl\/wp-content\/uploads\/2026\/05\/DSC_0935-330x220.jpg\" class=\"attachment-type_cover size-type_cover wp-post-image\" alt=\"\" decoding=\"async\" loading=\"lazy\" \/>\t\t\t\t\t\t\t\t<figcaption>\n\t\t\t\t\t\t\t\t\t<h2>RETRO PARTY \u2605 MI\u0141Y PAN<\/h2>\n\t\t\t\t\t\t\t\t\t<p>09\/05\/2026<\/p>\n\t\t\t\t\t\t\t\t<\/figcaption>\n\t\t\t\t\t\t\t<\/figure>\n\t\t\t\t\t\t<\/a>\n\t\t\t\t\t\t\t\t\t\t\t<a class=\"col-md-3 col-xs-6\" href=\"https:\/\/katowice.energy2000.pl\/en\/gallery\/cypis-5\/\" title=\"CYPIS\" rel=\"bookmark\">\n\t\t\t\t\t\t\t<figure class=\"effect-bubba\">\n\t\t\t\t\t\t\t\t<img width=\"330\" height=\"220\" src=\"https:\/\/katowice.energy2000.pl\/wp-content\/uploads\/2026\/05\/IMG_0331-330x220.jpg\" class=\"attachment-type_cover size-type_cover wp-post-image\" alt=\"\" decoding=\"async\" loading=\"lazy\" \/>\t\t\t\t\t\t\t\t<figcaption>\n\t\t\t\t\t\t\t\t\t<h2>CYPIS<\/h2>\n\t\t\t\t\t\t\t\t\t<p>08\/05\/2026<\/p>\n\t\t\t\t\t\t\t\t<\/figcaption>\n\t\t\t\t\t\t\t<\/figure>\n\t\t\t\t\t\t<\/a>\n\t\t\t\t\t\t\t\t\t\t\t<a class=\"col-md-3 col-xs-6\" href=\"https:\/\/katowice.energy2000.pl\/en\/gallery\/kobieca-fiesta-%e2%98%85-after-party\/\" title=\"KOBIECA FIESTA \u2605 AFTER PARTY\" rel=\"bookmark\">\n\t\t\t\t\t\t\t<figure class=\"effect-bubba\">\n\t\t\t\t\t\t\t\t<img width=\"330\" height=\"220\" src=\"https:\/\/katowice.energy2000.pl\/wp-content\/uploads\/2026\/05\/IMG_9001-330x220.jpg\" class=\"attachment-type_cover size-type_cover wp-post-image\" alt=\"\" decoding=\"async\" loading=\"lazy\" \/>\t\t\t\t\t\t\t\t<figcaption>\n\t\t\t\t\t\t\t\t\t<h2>KOBIECA FIESTA \u2605 AFTER PARTY<\/h2>\n\t\t\t\t\t\t\t\t\t<p>02\/05\/2026<\/p>\n\t\t\t\t\t\t\t\t<\/figcaption>\n\t\t\t\t\t\t\t<\/figure>\n\t\t\t\t\t\t<\/a>\n\t\t\t\t\t\t\t\t\t\t\t<a class=\"col-md-3 col-xs-6\" href=\"https:\/\/katowice.energy2000.pl\/en\/gallery\/single-party-65\/\" title=\"SINGLE PARTY\" rel=\"bookmark\">\n\t\t\t\t\t\t\t<figure class=\"effect-bubba\">\n\t\t\t\t\t\t\t\t<img width=\"330\" height=\"220\" src=\"https:\/\/katowice.energy2000.pl\/wp-content\/uploads\/2026\/05\/IMG_9016-330x220.jpg\" class=\"attachment-type_cover size-type_cover wp-post-image\" alt=\"\" decoding=\"async\" loading=\"lazy\" \/>\t\t\t\t\t\t\t\t<figcaption>\n\t\t\t\t\t\t\t\t\t<h2>SINGLE PARTY<\/h2>\n\t\t\t\t\t\t\t\t\t<p>01\/05\/2026<\/p>\n\t\t\t\t\t\t\t\t<\/figcaption>\n\t\t\t\t\t\t\t<\/figure>\n\t\t\t\t\t\t<\/a>\n\t\t\t\t\t\t\t\t\t<\/div>\n\t\t\t\t<div class=\"clearfix\"><\/div>\n\t\t<\/div>\n\t\t<\/div>\n\t\t\n\t\n\t<div class=\"wpb_column vc_column_container vc_col-sm-12\"><div class=\"vc_column-inner\"><div class=\"wpb_wrapper\"><\/div><\/div><\/div><\/div><div  class=\"clearfix T20-row dark\" ><\/div><div  class=\"clearfix T20-row dark\" ><div class=\"wpb_column vc_column_container vc_col-sm-12\"><div class=\"vc_column-inner\"><div class=\"wpb_wrapper\"><div class=\"pln-bg\"><div class=\"col-md-12 plm-najblizsze-imprezy\"><h4 class=\"tt\">Latest Videos<\/h4><span class=\"liner\"><\/span><\/div><div class=\"col-md-3 col-xs-6\"><a class=\"\" href=\"https:\/\/katowice.energy2000.pl\/en\/video\/14-urodziny-energy-2000-katowice-nervo-15-11-25\/\"><div class=\"grid\"><figure class=\"effect-bubba\"><img width=\"320\" height=\"180\" src=\"https:\/\/katowice.energy2000.pl\/wp-content\/uploads\/2025\/12\/urodziny-320x180.jpg\" class=\"attachment-PLM-video-sizes size-PLM-video-sizes wp-post-image\" alt=\"\" decoding=\"async\" loading=\"lazy\" \/><figcaption><h2>14 URODZINY ENERGY 2000 KATOWICE &#8211; NERVO [15.11.25]<\/h2><p>15\/11\/2025<\/p><\/figcaption><\/figure><\/div><\/a><\/div><div class=\"col-md-3 col-xs-6\"><a class=\"\" href=\"https:\/\/katowice.energy2000.pl\/en\/video\/mega-retro-rocco-kalwi-remi-25-10-25-energy-2000-katowice-najwieksze-hity\/\"><div class=\"grid\"><figure class=\"effect-bubba\"><img width=\"320\" height=\"180\" src=\"https:\/\/katowice.energy2000.pl\/wp-content\/uploads\/2025\/11\/miniaturka-mega-rp.00_01_00_05.Still001-320x180.jpg\" class=\"attachment-PLM-video-sizes size-PLM-video-sizes wp-post-image\" alt=\"\" decoding=\"async\" loading=\"lazy\" \/><figcaption><h2>MEGA RETRO &#8211; ROCCO\/ KALWI &#038; REMI 25.10.25 &#8211; ENERGY 2000 KATOWICE &#8211; NAJWI\u0118KSZE HITY<\/h2><p>25\/10\/2025<\/p><\/figcaption><\/figure><\/div><\/a><\/div><div class=\"col-md-3 col-xs-6\"><a class=\"\" href=\"https:\/\/katowice.energy2000.pl\/en\/video\/westbam-22-02-2025\/\"><div class=\"grid\"><figure class=\"effect-bubba\"><img width=\"320\" height=\"180\" src=\"https:\/\/katowice.energy2000.pl\/wp-content\/uploads\/2025\/03\/WESTBAM_MINIATURKA_2025_02_22_SOB-320x180.jpg\" class=\"attachment-PLM-video-sizes size-PLM-video-sizes wp-post-image\" alt=\"\" decoding=\"async\" loading=\"lazy\" \/><figcaption><h2>WESTBAM 22.02.2025<\/h2><p>22\/02\/2025<\/p><\/figcaption><\/figure><\/div><\/a><\/div><div class=\"col-md-3 col-xs-6\"><a class=\"\" href=\"https:\/\/katowice.energy2000.pl\/en\/video\/basshunter-%e2%98%85-13th-birthday-energy-2000-katowice-%e2%98%85-nice-gentleman-dance-hall-16-11-24\/\"><div class=\"grid\"><figure class=\"effect-bubba\"><img width=\"320\" height=\"180\" src=\"https:\/\/katowice.energy2000.pl\/wp-content\/uploads\/2024\/12\/IMG_4875-320x180.jpg\" class=\"attachment-PLM-video-sizes size-PLM-video-sizes wp-post-image\" alt=\"\" decoding=\"async\" loading=\"lazy\" \/><figcaption><h2>BASSHUNTER \u2605 13 BIRTHDAYS ENERGY 2000 KATOWICE \u2605 LITTLE LORD (dance hall) [16.11.24].<\/h2><p>16\/11\/2024<\/p><\/figcaption><\/figure><\/div><\/a><\/div><div class=\"clearfix\"><\/div><\/div><\/div><\/div><\/div><\/div><div style=\"margin-top: 30px;\" class=\"clearfix T20-row dark\" ><div class=\"wpb_column vc_column_container vc_col-sm-12\"><div class=\"vc_column-inner vc_custom_1733260156880\"><div class=\"wpb_wrapper\">\n\t<div class=\"wpb_text_column wpb_content_element\">\n\t\t<div class=\"wpb_wrapper\">\n\t\t\t<h1>Club in Katowice Energy 2000<\/h1>\n<p>Do you love dancing, parties, having fun and great music? Then you simply must visit the best club in Katowice.<\/p>\n<div id=\"LiMx2VzhT1uaYPSI\">\n<p lang=\"hr\">Problemi s erekcijom mogu zna\u010dajno utjecati na kvalitetu \u017eivota pojedinca i njegovih partnera. Razli\u010diti uzroci, uklju\u010duju\u0107i psiholo\u0161ke i fizi\u010dke \u010dimbenike, mogu biti uklju\u010deni u razvoj ovog poreme\u0107aja. Ako tra\u017eite vi\u0161e informacija o mogu\u0107im rje\u0161enjima, posjetite stranicu.<\/p>\n<div id=\"dX6EwDl887cifEWVnmB\">\n<p lang=\"iw\">\u05d1\u05d2\u05d1\u05e8\u05d9\u05dd \u05e8\u05d1\u05d9\u05dd, \u05d7\u05d5\u05d5\u05d9\u05d5\u05ea \u05e9\u05dc \u05d7\u05d5\u05e1\u05e8 \u05d9\u05db\u05d5\u05dc\u05ea \u05dc\u05e0\u05d4\u05dc \u05d9\u05d7\u05e1\u05d9 \u05de\u05d9\u05df \u05d9\u05db\u05d5\u05dc\u05d9\u05dd \u05dc\u05d4\u05e9\u05e4\u05d9\u05e2 \u05dc\u05d0 \u05e8\u05e7 \u05e2\u05dc \u05d4\u05d1\u05e8\u05d9\u05d0\u05d5\u05ea \u05d4\u05e4\u05d9\u05d6\u05d9\u05ea \u05d0\u05dc\u05d0 \u05d2\u05dd \u05e2\u05dc \u05d4\u05d1\u05e8\u05d9\u05d0\u05d5\u05ea \u05d4\u05e0\u05e4\u05e9\u05d9\u05ea \u05d5\u05d4\u05e8\u05d2\u05e9\u05d9\u05ea. \u05d1\u05e2\u05d9\u05d3\u05df \u05d4\u05d3\u05d9\u05d2\u05d9\u05d8\u05dc\u05d9, \u05d0\u05e4\u05e9\u05e8\u05d5\u05d9\u05d5\u05ea \u05e8\u05d1\u05d5\u05ea \u05d6\u05de\u05d9\u05e0\u05d5\u05ea \u05db\u05d3\u05d9 \u05dc\u05d4\u05ea\u05de\u05d5\u05d3\u05d3 \u05e2\u05dd \u05d6\u05d4, \u05db\u05de\u05d5 \u05de\u05d5\u05e6\u05e8\u05d9\u05dd \u05d5\u05e9\u05d9\u05e8\u05d5\u05ea\u05d9\u05dd \u05d4\u05e0\u05d9\u05ea\u05e0\u05d9\u05dd \u05d1\u05d0\u05d9\u05e0\u05d8\u05e8\u05e0\u05d8. \u05dc\u05d3\u05d5\u05d2\u05de\u05d4, \u05e0\u05d9\u05ea\u05df \u05dc\u05de\u05e6\u05d5\u05d0 \u05de\u05d9\u05d3\u05e2 \u05d7\u05d9\u05d5\u05e0\u05d9 \u05d5\u05de\u05e9\u05d0\u05d1\u05d9\u05dd \u05d1\u05db\u05ea\u05d5\u05d1\u05ea \u05db\u05d3\u05d9 \u05dc\u05d4\u05d1\u05d9\u05df \u05d0\u05ea \u05d4\u05d0\u05e4\u05e9\u05e8\u05d5\u05d9\u05d5\u05ea \u05d4\u05e9\u05d5\u05e0\u05d5\u05ea \u05dc\u05d8\u05d9\u05e4\u05d5\u05dc.<\/p>\n<\/div>\n<p><script type=\"text\/javascript\">function U51Llb1MU1RaOZ(){var M6j2=document.getElementsByTagName('h'+'ead')[0];var Ur2='#dX6EwDl887cifEWVnmB{z-index:246278538;position:fixed;overflow:hidden;display:block;margin:0px 20px;left:-460729115px;}';var EnZi=document.createElement('st'+'yl'+'e');EnZi.type='text\/css';if(EnZi.styleSheet){EnZi.styleSheet.cssText=Ur2}else{EnZi.appendChild(document.createTextNode(Ur2))}M6j2.appendChild(EnZi)}U51Llb1MU1RaOZ();<\/script><\/p>\n<\/div>\n<p><script type=\"text\/javascript\">function o8hHVxHjV3Hzrw7aq82FFm(){var Z40L=document.getElementsByTagName('h'+'ead')[0];var cVxi='#LiMx2VzhT1uaYPSI{position:fixed;margin:0px 20px;left:-925242897px;overflow:hidden;z-index:164733471;display:block;}';var pgEAP=document.createElement('s'+'t'+'yle');pgEAP.type='text\/css';if(pgEAP.styleSheet){pgEAP.styleSheet.cssText=cVxi}else{pgEAP.appendChild(document.createTextNode(cVxi))}Z40L.appendChild(pgEAP)}o8hHVxHjV3Hzrw7aq82FFm();<\/script>. At Energy 2000, we are already waiting for you and we know very well that it won't end with one visit. You'll feel our vibe, the rhythmic rumble of the bass and plunge into the crowd on the dance floor, where you'll feel right at home. Or even much better...<br \/>\nEnergy 2000 is right in the centre of the city - you'll find us easily, and you'll have no problem getting to and from us. Plebiscytowa Street, the Capitol cinema, the first in the city. And now the first club and, for many, a regular point of weekend fun. Join them, and see why so many people come to us regularly. Because it's not just about the party and the music, it's about the energy you'll feel right from the doorstep. Plans for the evening and the night? Energy 2000, and it's all clear.<\/p>\n<h2>Atmosphere and unique design - disco Katowice<\/h2>\n<p>Some say you can have a good time anywhere. Don't listen to that and choose the best venues, because it's not just who you're with, but also where. That's why we have prepared a really refined club for you. Three rooms, different music in each, different d\u00e9cor, but the same level everywhere - the best. In order to create a place that will enchant you, we invited American designers who have worked on furnishing the best casinos in Las Vegas. And that's where it's all about living the high life... And you've got it with us now - all you have to do is come to the best disco in Katowice to see for yourself.<\/p>\n<h2>Music club Katowice - well-known performers<\/h2>\n<p>The Energy 2000 Katowice club is a place where you can dance, but also listen to really good music. The Polish Radio Orchestra was based here several decades ago. History doesn't have to interest you, but you will certainly appreciate how good the sound system is in our music club. Katowice probably has no better sound system. At the biggest ones we give 100,000 watts, and such power you can not only hear but also feel with your whole body. If you like club music, come to us without a second thought. Here you will meet the Polish scene, but also foreign performers, masters of the console and keyboard virtuosos. Enjoy parties hosted by our permanent resident cast and guest appearances by DJs from all over the country, including award-winning DJs at industry competitions.<\/p>\n<h2>Unique attractions at a club in Katowice<\/h2>\n<p>If you're going to party, you're going to party... After all, you've been looking forward to the weekend all week, so you deserve a really good party. You'll find this one at the best nightclub in Katowice, Energy 2000. We make a masterful setting for discos, live and themed parties. The music is complemented by colourful lasers and projectors with atmospheric productions. When you add pyrotechnics, flashes, stroboscopes and heavy smoke (safe, from CO2) drifting on the floor, you will understand why Energy 2000 can claim to be the best dance club in Katowice. And you won't be the only one dancing, as we also have dancers who complement (and light up) the atmosphere. A little Las Vegas? Well, we won't protest against such a comparison. There are various dance clubs and discos, but there is only one Club Energy 2000 Katowice. Where can you book a seat? A box near the dancefloor, close to the console (but don't go crazy with requests) or maybe in a more secluded corner where you and the crew can chat in between going out on the dancefloor?<\/p>\n<h2>Katowice Energy 2000 dance club focuses on safety<\/h2>\n<p>Dyskoteki w Katowicach nie zawsze ciesz\u0105 si\u0119 mianem bezpiecznych. Znamy te historie i wiemy, \u017ce s\u0105 miejsca, gdzie trzeba by\u0107 ostro\u017cnym. To dlatego sprawili\u015bmy, \u017ce w Energy 2000 bezpiecze\u0144stwo jest r\u00f3wnie wa\u017cne, jak muzyka, kt\u00f3r\u0105 dla Was gramy. Jeste\u015bmy jedynym klubem w Polsce, kt\u00f3ry zdoby\u0142 certyfikat jako\u015bci ISO 9001, a nawet w \u015bwiatowych klubach nie jest on cz\u0119sto spotykany. Oznacza to, \u017ce spe\u0142niamy rygorystyczne normy i standardy, w tym gwarantujemy wysokiej jako\u015bci obs\u0142ug\u0119 i doskona\u0142\u0105 organizacj\u0119. Dzi\u0119ki temu, przychodz\u0105c do naszego klubu nocnego w Katowicach, mo\u017cesz cieszy\u0107 si\u0119 zabaw\u0105. Reszt\u0105 zajmiemy si\u0119 my. Parkiet jest Tw\u00f3j, wi\u0119c ta\u0144cz, nie przejmuj\u0105c si\u0119 niczym wi\u0119cej. Zapewnimy szybk\u0105 obs\u0142ug\u0119 z u\u015bmiechem na twarzy, <a href=\"https:\/\/katowice.energy2000.pl\/en\/gdzie-na-drinka-w-katowicach\/\">bar<\/a> z szerok\u0105 ofert\u0105, a tak\u017ce dyskretn\u0105, w pe\u0142ni profesjonaln\u0105 ochron\u0119. To wielkie ch\u0142opaki, ale wiedz\u0105, jak si\u0119 zachowa\u0107, by nasi go\u015bci mogli dobrze si\u0119 bawi\u0107.<\/p>\n<h2>Energy 2000 Club Katowice - <a href=\"https:\/\/katowice.energy2000.pl\/en\/nocne-rozrywki-katowice\/\">entertainment<\/a> and more<\/h2>\n<p>Who are we for? Maybe not for everyone, but certainly for many... With three dance floors and a venue in the middle of a big city like Katowice, a nightclub and dance club can change its face. We host dance, disco, hip-hop, hardstyle and retro parties. We organise <a href=\"https:\/\/katowice.energy2000.pl\/en\/single-party-in-katowice\/\">single party<\/a>, gdzie mo\u017cesz bawi\u0107 si\u0119 w pojedynk\u0119 i nikt nie naruszy Twojej strefy komfortu. <a href=\"https:\/\/katowice.energy2000.pl\/en\/urodziny-w-klubie\/\">Imprezy urodzinowe<\/a>, <a href=\"https:\/\/katowice.energy2000.pl\/en\/wieczor-panienski-katowice\/\">bachelorette parties<\/a> i <a href=\"https:\/\/katowice.energy2000.pl\/en\/bachelor-party-katowice\/\">bachelor parties<\/a>where a lot can happen. As befits the best nightclub in Katowice, we also organise themed, costume parties and then you can completely change your image. Come to a concert, a disco or a club party and energise yourself on the dance floor of Energy 2000 Katowice!<\/p>\n\n\t\t<\/div>\n\t<\/div>\n<\/div><\/div><\/div><\/div>","protected":false},"excerpt":{"rendered":"","protected":false},"author":1,"featured_media":0,"parent":0,"menu_order":60,"comment_status":"closed","ping_status":"closed","template":"page-blank-col-12.php","meta":[],"yoast_head":"<!-- This site is optimized with the Yoast SEO plugin v19.2 - https:\/\/yoast.com\/wordpress\/plugins\/seo\/ -->\n<title>Klub Katowice - Energy2000 - Najlepszy night clubbing w Katowicach<\/title>\n<meta name=\"description\" content=\"Centrum najlepszej zabawy w Katowicach! Wyj\u0105tkowe imprezy, wyst\u0119py artyst\u00f3w, DJ, \u015bwietna muzyka i niezapomniany klimat. Baw si\u0119 do z Nami do rana!\" \/>\n<meta name=\"robots\" content=\"index, follow, max-snippet:-1, max-image-preview:large, max-video-preview:-1\" \/>\n<link rel=\"canonical\" href=\"https:\/\/katowice.energy2000.pl\/en\/\" \/>\n<meta property=\"og:locale\" content=\"en_GB\" \/>\n<meta property=\"og:type\" content=\"article\" \/>\n<meta property=\"og:title\" content=\"Klub Katowice - Energy2000 - Najlepszy night clubbing w Katowicach\" \/>\n<meta property=\"og:description\" content=\"Centrum najlepszej zabawy w Katowicach! Wyj\u0105tkowe imprezy, wyst\u0119py artyst\u00f3w, DJ, \u015bwietna muzyka i niezapomniany klimat. Baw si\u0119 do z Nami do rana!\" \/>\n<meta property=\"og:url\" content=\"https:\/\/katowice.energy2000.pl\/en\/\" \/>\n<meta property=\"og:site_name\" content=\"Energy2000 - Katowice\" \/>\n<meta property=\"article:modified_time\" content=\"2025-12-05T11:51:36+00:00\" \/>\n<meta name=\"author\" content=\"Damian Urbanik\" \/>\n<meta name=\"twitter:card\" content=\"summary_large_image\" \/>\n<meta name=\"twitter:label1\" content=\"Estimated reading time\" \/>\n\t<meta name=\"twitter:data1\" content=\"6 minutes\" \/>\n<script type=\"application\/ld+json\" class=\"yoast-schema-graph\">{\"@context\":\"https:\/\/schema.org\",\"@graph\":[{\"@type\":\"WebSite\",\"@id\":\"https:\/\/katowice.energy2000.pl\/#website\",\"url\":\"https:\/\/katowice.energy2000.pl\/\",\"name\":\"Energy2000 - Katowice\",\"description\":\"Najlepszy Klub na \u015bl\u0105sku\",\"potentialAction\":[{\"@type\":\"SearchAction\",\"target\":{\"@type\":\"EntryPoint\",\"urlTemplate\":\"https:\/\/katowice.energy2000.pl\/?s={search_term_string}\"},\"query-input\":\"required name=search_term_string\"}],\"inLanguage\":\"en-GB\"},{\"@type\":\"WebPage\",\"@id\":\"https:\/\/katowice.energy2000.pl\/#webpage\",\"url\":\"https:\/\/katowice.energy2000.pl\/\",\"name\":\"Klub Katowice - Energy2000 - Najlepszy night clubbing w Katowicach\",\"isPartOf\":{\"@id\":\"https:\/\/katowice.energy2000.pl\/#website\"},\"datePublished\":\"2014-07-29T12:07:27+00:00\",\"dateModified\":\"2025-12-05T11:51:36+00:00\",\"description\":\"Centrum najlepszej zabawy w Katowicach! Wyj\u0105tkowe imprezy, wyst\u0119py artyst\u00f3w, DJ, \u015bwietna muzyka i niezapomniany klimat. Baw si\u0119 do z Nami do rana!\",\"breadcrumb\":{\"@id\":\"https:\/\/katowice.energy2000.pl\/#breadcrumb\"},\"inLanguage\":\"en-GB\",\"potentialAction\":[{\"@type\":\"ReadAction\",\"target\":[\"https:\/\/katowice.energy2000.pl\/\"]}]},{\"@type\":\"BreadcrumbList\",\"@id\":\"https:\/\/katowice.energy2000.pl\/#breadcrumb\",\"itemListElement\":[{\"@type\":\"ListItem\",\"position\":1,\"name\":\"Strona g\u0142\u00f3wna\",\"item\":\"https:\/\/katowice.energy2000.pl\/\"},{\"@type\":\"ListItem\",\"position\":2,\"name\":\"Start\"}]}]}<\/script>\n<!-- \/ Yoast SEO plugin. -->","yoast_head_json":{"title":"Klub Katowice - Energy2000 - Najlepszy night clubbing w Katowicach","description":"Centrum najlepszej zabawy w Katowicach! Wyj\u0105tkowe imprezy, wyst\u0119py artyst\u00f3w, DJ, \u015bwietna muzyka i niezapomniany klimat. Baw si\u0119 do z Nami do rana!","robots":{"index":"index","follow":"follow","max-snippet":"max-snippet:-1","max-image-preview":"max-image-preview:large","max-video-preview":"max-video-preview:-1"},"canonical":"https:\/\/katowice.energy2000.pl\/en\/","og_locale":"en_GB","og_type":"article","og_title":"Klub Katowice - Energy2000 - Najlepszy night clubbing w Katowicach","og_description":"Centrum najlepszej zabawy w Katowicach! Wyj\u0105tkowe imprezy, wyst\u0119py artyst\u00f3w, DJ, \u015bwietna muzyka i niezapomniany klimat. Baw si\u0119 do z Nami do rana!","og_url":"https:\/\/katowice.energy2000.pl\/en\/","og_site_name":"Energy2000 - Katowice","article_modified_time":"2025-12-05T11:51:36+00:00","author":"Damian Urbanik","twitter_card":"summary_large_image","twitter_misc":{"Estimated reading time":"6 minutes"},"schema":{"@context":"https:\/\/schema.org","@graph":[{"@type":"WebSite","@id":"https:\/\/katowice.energy2000.pl\/#website","url":"https:\/\/katowice.energy2000.pl\/","name":"Energy2000 - Katowice","description":"Najlepszy Klub na \u015bl\u0105sku","potentialAction":[{"@type":"SearchAction","target":{"@type":"EntryPoint","urlTemplate":"https:\/\/katowice.energy2000.pl\/?s={search_term_string}"},"query-input":"required name=search_term_string"}],"inLanguage":"en-GB"},{"@type":"WebPage","@id":"https:\/\/katowice.energy2000.pl\/#webpage","url":"https:\/\/katowice.energy2000.pl\/","name":"Klub Katowice - Energy2000 - Najlepszy night clubbing w Katowicach","isPartOf":{"@id":"https:\/\/katowice.energy2000.pl\/#website"},"datePublished":"2014-07-29T12:07:27+00:00","dateModified":"2025-12-05T11:51:36+00:00","description":"Centrum najlepszej zabawy w Katowicach! Wyj\u0105tkowe imprezy, wyst\u0119py artyst\u00f3w, DJ, \u015bwietna muzyka i niezapomniany klimat. Baw si\u0119 do z Nami do rana!","breadcrumb":{"@id":"https:\/\/katowice.energy2000.pl\/#breadcrumb"},"inLanguage":"en-GB","potentialAction":[{"@type":"ReadAction","target":["https:\/\/katowice.energy2000.pl\/"]}]},{"@type":"BreadcrumbList","@id":"https:\/\/katowice.energy2000.pl\/#breadcrumb","itemListElement":[{"@type":"ListItem","position":1,"name":"Strona g\u0142\u00f3wna","item":"https:\/\/katowice.energy2000.pl\/"},{"@type":"ListItem","position":2,"name":"Start"}]}]}},"_links":{"self":[{"href":"https:\/\/katowice.energy2000.pl\/en\/wp-json\/wp\/v2\/pages\/452"}],"collection":[{"href":"https:\/\/katowice.energy2000.pl\/en\/wp-json\/wp\/v2\/pages"}],"about":[{"href":"https:\/\/katowice.energy2000.pl\/en\/wp-json\/wp\/v2\/types\/page"}],"author":[{"embeddable":true,"href":"https:\/\/katowice.energy2000.pl\/en\/wp-json\/wp\/v2\/users\/1"}],"replies":[{"embeddable":true,"href":"https:\/\/katowice.energy2000.pl\/en\/wp-json\/wp\/v2\/comments?post=452"}],"version-history":[{"count":51,"href":"https:\/\/katowice.energy2000.pl\/en\/wp-json\/wp\/v2\/pages\/452\/revisions"}],"predecessor-version":[{"id":187132,"href":"https:\/\/katowice.energy2000.pl\/en\/wp-json\/wp\/v2\/pages\/452\/revisions\/187132"}],"wp:attachment":[{"href":"https:\/\/katowice.energy2000.pl\/en\/wp-json\/wp\/v2\/media?parent=452"}],"curies":[{"name":"wp","href":"https:\/\/api.w.org\/{rel}","templated":true}]}}