{"id":750,"date":"2014-07-26T17:18:20","date_gmt":"2014-07-26T15:18:20","guid":{"rendered":"http:\/\/theme20.com\/remix\/?page_id=13"},"modified":"2024-04-04T10:17:36","modified_gmt":"2024-04-04T08:17:36","slug":"kontakt","status":"publish","type":"page","link":"https:\/\/katowice.energy2000.pl\/en\/kontakt\/","title":{"rendered":"Contact"},"content":{"rendered":"<div  class=\"clearfix T20-row dark\" ><div class=\"wpb_column vc_column_container vc_col-sm-12\"><div class=\"vc_column-inner\"><div class=\"wpb_wrapper\">\n\t<div class=\"wpb_text_column wpb_content_element  vc_custom_1668683760925\">\n\t\t<div class=\"wpb_wrapper\">\n\t\t\t<p><iframe loading=\"lazy\" style=\"border: 0;\" src=\"https:\/\/www.google.com\/maps\/embed?pb=!1m18!1m12!1m3!1d2550.9265559104037!2d19.018809951362282!3d50.25595597934817!2m3!1f0!2f0!3f0!3m2!1i1024!2i768!4f13.1!3m3!1m2!1s0x4716ce4859d8e73f%3A0x73cbc63de4dd8fce!2sEnergy%202000%20Katowice!5e0!3m2!1spl!2spl!4v1668683746219!5m2!1spl!2spl\" width=\"100%\" height=\"440\" allowfullscreen=\"allowfullscreen\"><\/iframe><\/p>\n\n\t\t<\/div>\n\t<\/div>\n<\/div><\/div><\/div><\/div><div  class=\"clearfix T20-row dark\" ><div class=\"wpb_column vc_column_container vc_col-sm-8\"><div class=\"vc_column-inner vc_custom_1470302793954\"><div class=\"wpb_wrapper\"><h3 style=\"text-align: left\" class=\"vc_custom_heading\">Skontaktuj si\u0119 z nami<\/h3>\n<div class=\"wpcf7 no-js\" id=\"wpcf7-f27-o1\" lang=\"pl-PL\" dir=\"ltr\">\n<div class=\"screen-reader-response\"><p role=\"status\" aria-live=\"polite\" aria-atomic=\"true\"><\/p> <ul><\/ul><\/div>\n<form action=\"\/en\/wp-json\/wp\/v2\/pages\/750#wpcf7-f27-o1\" method=\"post\" class=\"wpcf7-form init\" aria-label=\"Formularz kontaktowy\" novalidate=\"novalidate\" data-status=\"init\" data-trp-original-action=\"\/en\/wp-json\/wp\/v2\/pages\/750#wpcf7-f27-o1\">\n<div style=\"display: none;\">\n<input type=\"hidden\" name=\"_wpcf7\" value=\"27\" \/>\n<input type=\"hidden\" name=\"_wpcf7_version\" value=\"5.7.3\" \/>\n<input type=\"hidden\" name=\"_wpcf7_locale\" value=\"pl_PL\" \/>\n<input type=\"hidden\" name=\"_wpcf7_unit_tag\" value=\"wpcf7-f27-o1\" \/>\n<input type=\"hidden\" name=\"_wpcf7_container_post\" value=\"0\" \/>\n<input type=\"hidden\" name=\"_wpcf7_posted_data_hash\" value=\"\" \/>\n<input type=\"hidden\" name=\"_wpcf7_recaptcha_response\" value=\"\" \/>\n<\/div>\n<p><span class=\"wpcf7-form-control-wrap\" data-name=\"your-name\"><input size=\"40\" class=\"wpcf7-form-control wpcf7-text wpcf7-validates-as-required\" aria-required=\"true\" aria-invalid=\"false\" placeholder=\"Imi\u0119 i nazwisko *\" value=\"\" type=\"text\" name=\"your-name\" \/><\/span>\n<\/p>\n<p><span class=\"wpcf7-form-control-wrap\" data-name=\"your-email\"><input size=\"40\" class=\"wpcf7-form-control wpcf7-text wpcf7-email wpcf7-validates-as-required wpcf7-validates-as-email\" aria-required=\"true\" aria-invalid=\"false\" placeholder=\"E-mail *\" value=\"\" type=\"email\" name=\"your-email\" \/><\/span>\n<\/p>\n<p><span class=\"wpcf7-form-control-wrap\" data-name=\"your-message\"><textarea cols=\"40\" rows=\"10\" class=\"wpcf7-form-control wpcf7-textarea\" aria-invalid=\"false\" placeholder=\"Zostaw wiadomo\u015b\u0107 *\" name=\"your-message\"><\/textarea><\/span>\n<\/p>\n<p><input class=\"wpcf7-form-control has-spinner wpcf7-submit tbutton\" type=\"submit\" value=\"Wy\u015blij\" \/>\n<\/p><div class=\"wpcf7-response-output\" aria-hidden=\"true\"><\/div>\n<input type=\"hidden\" name=\"trp-form-language\" value=\"en\"\/><\/form>\n<\/div>\n<\/div><\/div><\/div><div class=\"wpb_column vc_column_container vc_col-sm-4\"><div class=\"vc_column-inner vc_custom_1470302798011\"><div class=\"wpb_wrapper\">\n\t<div class=\"wpb_single_image wpb_content_element vc_align_left  vc_custom_1467894487488\">\n\t\t\n\t\t<figure class=\"wpb_wrapper vc_figure\">\n\t\t\t<div class=\"vc_single_image-wrapper   vc_box_border_grey\"><img class=\"vc_single_image-img\" src=\"https:\/\/katowice.energy2000.pl\/wp-content\/uploads\/2014\/07\/e2000-logo-web-4-243x27.png\" width=\"243\" height=\"27\" alt=\"e2000-logo-web-4\" title=\"e2000-logo-web-4\" \/><\/div>\n\t\t<\/figure>\n\t<\/div>\n\n\t<div class=\"wpb_raw_code wpb_content_element wpb_raw_html\">\n\t\t<div class=\"wpb_wrapper\">\n\t\t\t<div class=\"social with_color clearfix\">\n\n<a rel=\"nofollow\" class=\"toptip\" href=\"https:\/\/twitter.com\/energy2000kat\" target=\"_blank\" original-title=\"\u015aled\u017a nas na Twitterze\"><i class=\"fa fa-twitter\"><\/i><\/a>\n\n<a rel=\"nofollow\" class=\"toptip\" href=\"https:\/\/www.facebook.com\/Katowice.Energy2000\/\" target=\"_blank\" original-title=\"Polub nas na Facebook\"><i class=\"fa fa-facebook\"><\/i><\/a>\n\n<a rel=\"nofollow\" class=\"toptip\" href=\"https:\/\/www.instagram.com\/energy2000_przytkowice\/\" target=\"_blank\" original-title=\"\u015aled\u017a nas na Instagramie\"><i class=\"fa fa-instagram\"><\/i><\/a>\n\n<a rel=\"nofollow\" class=\"toptip\" href=\"https:\/\/www.youtube.com\/user\/energy2000official\/videos\" target=\"_blank\" original-title=\"Subskrybuj nasz kana\u0142 Youtube\"><i class=\"fa fa-youtube\"><\/i><\/a>\n\n<a rel=\"nofollow\" class=\"toptip\" href=\"https:\/\/www.snapchat.com\/add\/energy2000kat\" target=\"_blank\" original-title=\"Dodaj nas na Snapchat\"><i class=\"fa fa-snapchat\"><\/i><\/a>\n\t\t\t\t\t\t\n<\/div>\n\t\t<\/div>\n\t<\/div>\n<div class=\"vc_tta-container\" data-vc-action=\"collapse\"><div class=\"vc_general vc_tta vc_tta-accordion vc_tta-color-blue vc_tta-style-outline vc_tta-shape-square vc_tta-o-shape-group vc_tta-controls-align-left vc_tta-o-no-fill\"><div class=\"vc_tta-panels-container\"><div class=\"vc_tta-panels\"><div class=\"vc_tta-panel vc_active\" id=\"1468573490226-3b700a8d-a1aa\" data-vc-content=\".vc_tta-panel-body\"><div class=\"vc_tta-panel-heading\"><h4 class=\"vc_tta-panel-title vc_tta-controls-icon-position-left\"><a href=\"#1468573490226-3b700a8d-a1aa\" data-vc-accordion data-vc-container=\".vc_tta-container\"><span class=\"vc_tta-title-text\">Biuro<\/span><i class=\"vc_tta-controls-icon vc_tta-controls-icon-chevron\"><\/i><\/a><\/h4><\/div><div class=\"vc_tta-panel-body\">\n\t<div class=\"wpb_text_column wpb_content_element\">\n\t\t<div class=\"wpb_wrapper\">\n\t\t\t<p style=\"font-size: 14px;\">Biuro Katowice<br \/>\nul. Plebiscytowa 3<br \/>\n40-035 Katowice<br \/>\nMail: <a href=\"mailto:katowice@energy2000.pl\">katowice@energy2000.pl<\/a><br \/>\nMail: <a href=\"mailto:aras@energy2000.pl\">aras@energy2000.pl<\/a><\/p>\n\n\t\t<\/div>\n\t<\/div>\n<\/div><\/div><div class=\"vc_tta-panel\" id=\"1491835258405-39a5e4c8-9252\" data-vc-content=\".vc_tta-panel-body\"><div class=\"vc_tta-panel-heading\"><h4 class=\"vc_tta-panel-title vc_tta-controls-icon-position-left\"><a href=\"#1491835258405-39a5e4c8-9252\" data-vc-accordion data-vc-container=\".vc_tta-container\"><span class=\"vc_tta-title-text\">G\u0142\u00f3wne Biuro<\/span><i class=\"vc_tta-controls-icon vc_tta-controls-icon-chevron\"><\/i><\/a><\/h4><\/div><div class=\"vc_tta-panel-body\">\n\t<div class=\"wpb_text_column wpb_content_element\">\n\t\t<div class=\"wpb_wrapper\">\n\t\t\t<p style=\"font-size: 14px;\">Biuro G\u0142\u00f3wne czynne od pon do pt w godz. od 8:00-16:00<br \/>\nAdres: Przytkowice 532 A<br \/>\nMiejscowo\u015b\u0107: 34-141 Przytkowice<br \/>\nTel. +48 33 876 88 12<br \/>\nMail: <a href=\"mailto:biuro@energy2000.pl\">biuro@energy2000.pl<\/a><\/p>\n\n\t\t<\/div>\n\t<\/div>\n<\/div><\/div><div class=\"vc_tta-panel\" id=\"1468573490320-89969046-7dae\" data-vc-content=\".vc_tta-panel-body\"><div class=\"vc_tta-panel-heading\"><h4 class=\"vc_tta-panel-title vc_tta-controls-icon-position-left\"><a href=\"#1468573490320-89969046-7dae\" data-vc-accordion data-vc-container=\".vc_tta-container\"><span class=\"vc_tta-title-text\">Dyskoteka<\/span><i class=\"vc_tta-controls-icon vc_tta-controls-icon-chevron\"><\/i><\/a><\/h4><\/div><div class=\"vc_tta-panel-body\">\n\t<div class=\"wpb_text_column wpb_content_element\">\n\t\t<div class=\"wpb_wrapper\">\n\t\t\t<p style=\"font-size: 14px;\">Czynne: Pi\u0105tek (21:00 &#8211; 5:00) i Sobota (21:30 &#8211; 5:30)*<br \/>\n*w okresie letnim lipiec-sierpie\u0144 w soboty klub czynny od 22:00<br \/>\nul. Plebiscytowa 3,<br \/>\n40-035 Katowice<br \/>\nMail: <a href=\"mailto:katowice@energy2000.pl\">katowice@energy2000.pl<\/a> <a style=\"border-color: transparent; color: #111; font-weight: normal; text-decoration: none;\" href=\"https:\/\/apoteketgenerisk.com\/generisk-kvinde-viagra-danmark\/\">l\u00e6s fuld rapport<\/a><\/p>\n\n\t\t<\/div>\n\t<\/div>\n<\/div><\/div><div class=\"vc_tta-panel\" id=\"1468573547102-2472c71f-aa81\" data-vc-content=\".vc_tta-panel-body\"><div class=\"vc_tta-panel-heading\"><h4 class=\"vc_tta-panel-title vc_tta-controls-icon-position-left\"><a href=\"#1468573547102-2472c71f-aa81\" data-vc-accordion data-vc-container=\".vc_tta-container\"><span class=\"vc_tta-title-text\">Manager<\/span><i class=\"vc_tta-controls-icon vc_tta-controls-icon-chevron\"><\/i><\/a><\/h4><\/div><div class=\"vc_tta-panel-body\">\n\t<div class=\"wpb_text_column wpb_content_element\">\n\t\t<div class=\"wpb_wrapper\">\n\t\t\t<p>Tomasz Le\u0144ski &#8211; Dj Thomas<br \/>\nMail: <a href=\"mailto:thomas@energy2000.pl\">thomas@energy2000.pl<\/a><\/p>\n<p style=\"font-size: 14px;\">Arkadiusz Jod\u0142owski &#8211; Dj Aras<br \/>\nMail: <a href=\"mailto:aras@energy2000.pl\">aras@energy2000.pl<\/a><\/p>\n\n\t\t<\/div>\n\t<\/div>\n<\/div><\/div><div class=\"vc_tta-panel\" id=\"1500021686364-61ab8f5d-c372\" data-vc-content=\".vc_tta-panel-body\"><div class=\"vc_tta-panel-heading\"><h4 class=\"vc_tta-panel-title vc_tta-controls-icon-position-left\"><a href=\"#1500021686364-61ab8f5d-c372\" data-vc-accordion data-vc-container=\".vc_tta-container\"><span class=\"vc_tta-title-text\">Reservations<\/span><i class=\"vc_tta-controls-icon vc_tta-controls-icon-chevron\"><\/i><\/a><\/h4><\/div><div class=\"vc_tta-panel-body\">\n\t<div class=\"wpb_text_column wpb_content_element\">\n\t\t<div class=\"wpb_wrapper\">\n\t\t\t<p> <a href=\"https:\/\/katowice.energy2000.pl\/en\/rezerwacje\/\">ZAPRASZAMY DO REZERWACJI ONLINE &#8211; kliknij tutaj<\/a><\/p>\n\n\t\t<\/div>\n\t<\/div>\n<\/div><\/div><div class=\"vc_tta-panel\" id=\"1651230296458-01786083-8f7c\" data-vc-content=\".vc_tta-panel-body\"><div class=\"vc_tta-panel-heading\"><h4 class=\"vc_tta-panel-title vc_tta-controls-icon-position-left\"><a href=\"#1651230296458-01786083-8f7c\" data-vc-accordion data-vc-container=\".vc_tta-container\"><span class=\"vc_tta-title-text\">Dane firmy<\/span><i class=\"vc_tta-controls-icon vc_tta-controls-icon-chevron\"><\/i><\/a><\/h4><\/div><div class=\"vc_tta-panel-body\">\n\t<div class=\"wpb_text_column wpb_content_element\">\n\t\t<div class=\"wpb_wrapper\">\n\t\t\t<p>E2k KATOWICE Sp. z o.o.<br \/>\nPrzytkowice 532A<br \/>\n34-141 Przytkowice<br \/>\nNIP 5512649870<br \/>\nREGON 389271810<br \/>\nKRS 0000910472<\/p>\n\n\t\t<\/div>\n\t<\/div>\n<\/div><\/div><\/div><\/div><\/div><\/div><\/div><\/div><\/div><\/div><div  class=\"clearfix T20-row dark\" ><div class=\"wpb_column vc_column_container vc_col-sm-12\"><div class=\"vc_column-inner\"><div class=\"wpb_wrapper\"><\/div><\/div><\/div><\/div>","protected":false},"excerpt":{"rendered":"Skontaktuj si\u0119 z nami Biuro Biuro Katowice ul. Plebiscytowa 3 40-035 Katowice Mail: katowice@energy2000.pl Mail: aras@energy2000.pl G\u0142\u00f3wne Biuro Biuro G\u0142\u00f3wne czynne od pon do pt w godz. od 8:00-16:00 Adres: Przytkowice 532 A Miejscowo\u015b\u0107: 34-141 Przytkowice Tel. +48 33 876 ... <a class=\"Rmore tbutton small\" href=\"https:\/\/katowice.energy2000.pl\/en\/kontakt\/\"><span>See More \"<\/span><\/a>","protected":false},"author":1,"featured_media":0,"parent":0,"menu_order":51,"comment_status":"closed","ping_status":"closed","template":"page-col-12.php","meta":[],"yoast_head":"<!-- This site is optimized with the Yoast SEO plugin v19.2 - https:\/\/yoast.com\/wordpress\/plugins\/seo\/ -->\n<title>Kontakt - Energy2000 - Katowice<\/title>\n<meta name=\"robots\" content=\"index, follow, max-snippet:-1, max-image-preview:large, max-video-preview:-1\" \/>\n<link rel=\"canonical\" href=\"https:\/\/katowice.energy2000.pl\/en\/kontakt\/\" \/>\n<meta property=\"og:locale\" content=\"en_GB\" \/>\n<meta property=\"og:type\" content=\"article\" \/>\n<meta property=\"og:title\" content=\"Kontakt - Energy2000 - Katowice\" \/>\n<meta property=\"og:url\" content=\"https:\/\/katowice.energy2000.pl\/en\/kontakt\/\" \/>\n<meta property=\"og:site_name\" content=\"Energy2000 - Katowice\" \/>\n<meta property=\"article:modified_time\" content=\"2024-04-04T08:17:36+00:00\" \/>\n<meta name=\"author\" content=\"Damian Urbanik\" \/>\n<meta name=\"twitter:card\" content=\"summary_large_image\" \/>\n<meta name=\"twitter:label1\" content=\"Estimated reading time\" \/>\n\t<meta name=\"twitter:data1\" content=\"2 minutes\" \/>\n<script type=\"application\/ld+json\" class=\"yoast-schema-graph\">{\"@context\":\"https:\/\/schema.org\",\"@graph\":[{\"@type\":\"WebSite\",\"@id\":\"https:\/\/katowice.energy2000.pl\/#website\",\"url\":\"https:\/\/katowice.energy2000.pl\/\",\"name\":\"Energy2000 - Katowice\",\"description\":\"Najlepszy Klub na \u015bl\u0105sku\",\"potentialAction\":[{\"@type\":\"SearchAction\",\"target\":{\"@type\":\"EntryPoint\",\"urlTemplate\":\"https:\/\/katowice.energy2000.pl\/?s={search_term_string}\"},\"query-input\":\"required name=search_term_string\"}],\"inLanguage\":\"en-GB\"},{\"@type\":\"WebPage\",\"@id\":\"https:\/\/katowice.energy2000.pl\/kontakt\/#webpage\",\"url\":\"https:\/\/katowice.energy2000.pl\/kontakt\/\",\"name\":\"Kontakt - Energy2000 - Katowice\",\"isPartOf\":{\"@id\":\"https:\/\/katowice.energy2000.pl\/#website\"},\"datePublished\":\"2014-07-26T15:18:20+00:00\",\"dateModified\":\"2024-04-04T08:17:36+00:00\",\"breadcrumb\":{\"@id\":\"https:\/\/katowice.energy2000.pl\/kontakt\/#breadcrumb\"},\"inLanguage\":\"en-GB\",\"potentialAction\":[{\"@type\":\"ReadAction\",\"target\":[\"https:\/\/katowice.energy2000.pl\/kontakt\/\"]}]},{\"@type\":\"BreadcrumbList\",\"@id\":\"https:\/\/katowice.energy2000.pl\/kontakt\/#breadcrumb\",\"itemListElement\":[{\"@type\":\"ListItem\",\"position\":1,\"name\":\"Strona g\u0142\u00f3wna\",\"item\":\"https:\/\/katowice.energy2000.pl\/\"},{\"@type\":\"ListItem\",\"position\":2,\"name\":\"Kontakt\"}]}]}<\/script>\n<!-- \/ Yoast SEO plugin. -->","yoast_head_json":{"title":"Kontakt - Energy2000 - Katowice","robots":{"index":"index","follow":"follow","max-snippet":"max-snippet:-1","max-image-preview":"max-image-preview:large","max-video-preview":"max-video-preview:-1"},"canonical":"https:\/\/katowice.energy2000.pl\/en\/kontakt\/","og_locale":"en_GB","og_type":"article","og_title":"Kontakt - Energy2000 - Katowice","og_url":"https:\/\/katowice.energy2000.pl\/en\/kontakt\/","og_site_name":"Energy2000 - Katowice","article_modified_time":"2024-04-04T08:17:36+00:00","author":"Damian Urbanik","twitter_card":"summary_large_image","twitter_misc":{"Estimated reading time":"2 minutes"},"schema":{"@context":"https:\/\/schema.org","@graph":[{"@type":"WebSite","@id":"https:\/\/katowice.energy2000.pl\/#website","url":"https:\/\/katowice.energy2000.pl\/","name":"Energy2000 - Katowice","description":"Najlepszy Klub na \u015bl\u0105sku","potentialAction":[{"@type":"SearchAction","target":{"@type":"EntryPoint","urlTemplate":"https:\/\/katowice.energy2000.pl\/?s={search_term_string}"},"query-input":"required name=search_term_string"}],"inLanguage":"en-GB"},{"@type":"WebPage","@id":"https:\/\/katowice.energy2000.pl\/kontakt\/#webpage","url":"https:\/\/katowice.energy2000.pl\/kontakt\/","name":"Kontakt - Energy2000 - Katowice","isPartOf":{"@id":"https:\/\/katowice.energy2000.pl\/#website"},"datePublished":"2014-07-26T15:18:20+00:00","dateModified":"2024-04-04T08:17:36+00:00","breadcrumb":{"@id":"https:\/\/katowice.energy2000.pl\/kontakt\/#breadcrumb"},"inLanguage":"en-GB","potentialAction":[{"@type":"ReadAction","target":["https:\/\/katowice.energy2000.pl\/kontakt\/"]}]},{"@type":"BreadcrumbList","@id":"https:\/\/katowice.energy2000.pl\/kontakt\/#breadcrumb","itemListElement":[{"@type":"ListItem","position":1,"name":"Strona g\u0142\u00f3wna","item":"https:\/\/katowice.energy2000.pl\/"},{"@type":"ListItem","position":2,"name":"Kontakt"}]}]}},"_links":{"self":[{"href":"https:\/\/katowice.energy2000.pl\/en\/wp-json\/wp\/v2\/pages\/750"}],"collection":[{"href":"https:\/\/katowice.energy2000.pl\/en\/wp-json\/wp\/v2\/pages"}],"about":[{"href":"https:\/\/katowice.energy2000.pl\/en\/wp-json\/wp\/v2\/types\/page"}],"author":[{"embeddable":true,"href":"https:\/\/katowice.energy2000.pl\/en\/wp-json\/wp\/v2\/users\/1"}],"replies":[{"embeddable":true,"href":"https:\/\/katowice.energy2000.pl\/en\/wp-json\/wp\/v2\/comments?post=750"}],"version-history":[{"count":87,"href":"https:\/\/katowice.energy2000.pl\/en\/wp-json\/wp\/v2\/pages\/750\/revisions"}],"predecessor-version":[{"id":160041,"href":"https:\/\/katowice.energy2000.pl\/en\/wp-json\/wp\/v2\/pages\/750\/revisions\/160041"}],"wp:attachment":[{"href":"https:\/\/katowice.energy2000.pl\/en\/wp-json\/wp\/v2\/media?parent=750"}],"curies":[{"name":"wp","href":"https:\/\/api.w.org\/{rel}","templated":true}]}}