{"id":136880,"date":"2022-12-02T09:54:53","date_gmt":"2022-12-02T08:54:53","guid":{"rendered":"https:\/\/katowice.energy2000.pl\/?page_id=136880"},"modified":"2025-10-23T08:53:59","modified_gmt":"2025-10-23T06:53:59","slug":"dla-biznesu","status":"publish","type":"page","link":"https:\/\/katowice.energy2000.pl\/sk\/pre-podniky\/","title":{"rendered":"Pre firmy"},"content":{"rendered":"<h2 style=\"text-align: center;\">Firemn\u00e9 podujatia v Energy 2000 Katowice<\/h2>\n<p><a href=\"https:\/\/katowice.energy2000.pl\/wp-content\/uploads\/2025\/10\/OFERTA_EVENTY_ENERGY.pdf\" target=\"_blank\" rel=\"noopener\"><img decoding=\"async\" loading=\"lazy\" class=\"aligncenter wp-image-184506 size-full\" src=\"https:\/\/katowice.energy2000.pl\/wp-content\/uploads\/2025\/10\/oferta.png\" alt=\"\" width=\"710\" height=\"71\" \/><\/a><\/p>\n<ul style=\"margin-left: 20px; list-style-type: disc!important;\">\n<li>Podujatia, integr\u00e1cia, firemn\u00e9 sl\u00e1vnosti<\/li>\n<li>Jubile\u00e1<\/li>\n<li>Obchodn\u00e9 stretnutia<\/li>\n<li>Bankety, prezent\u00e1cie produktov a mnoho \u010fal\u0161ieho<\/li>\n<\/ul>\n<p><strong>Pre\u010do si vybra\u0165 pr\u00e1ve n\u00e1s?<\/strong><br \/>\nRozmanit\u00e9 klubov\u00e9 priestory s rozlohou viac ako 2000 m2<\/p>\n<p>3 miestnosti: hlavn\u00e1 miestnos\u0165, VIP miestnos\u0165, tane\u010dn\u00e1 miestnos\u0165 (miestnosti si m\u00f4\u017eete prenaja\u0165 jednotlivo alebo v \u013eubovo\u013enej konfigur\u00e1cii).<\/p>\n<ul style=\"margin-left: 20px; list-style-type: disc!important;\">\n<li>Profesion\u00e1lne technologick\u00e9 zariadenia:\n<ul style=\"margin-left: 30px; list-style-type: circle;\">\n<li>sc\u00e9nick\u00e9 osvetlenie,<\/li>\n<li>publicita,<\/li>\n<li>multimedi\u00e1lne syst\u00e9my a LED obrazovky<\/li>\n<li>\u0161peci\u00e1lne efekty (odpa\u013eova\u010de CO2, odpa\u013eova\u010de oh\u0148a, sc\u00e9nick\u00e1 pyrotechnika)<\/li>\n<li>RGB lasery<\/li>\n<li>syst\u00e9m viac ako 20 telev\u00edzorov vo v\u0161etk\u00fdch priestoroch<\/li>\n<\/ul>\n<\/li>\n<li>Sk\u00fasen\u00ed a zn\u00e1mi d\u00edd\u017eeji<\/li>\n<li>Vn\u00fatorn\u00e9 stravovanie<\/li>\n<li>\u010eal\u0161ie umeleck\u00e9 atrakcie v r\u00e1mci mo\u017enost\u00ed (akrobati, iluzionisti, oh\u0148ov\u00e1 show, LED show at\u010f.).<\/li>\n<li>Sk\u00fasen\u00fd a profesion\u00e1lny person\u00e1l podujatia<\/li>\n<li>Zabezpe\u010den\u00e9 vstupy s kontroln\u00fdm priestorom (detektor kovov \/ kontroln\u00e1 p\u00e1ska)<\/li>\n<li>\u0160at\u0148a pre nieko\u013eko tis\u00edc kusov oble\u010denia<\/li>\n<li>Profesion\u00e1lna bezpe\u010dnos\u0165<\/li>\n<li>Z\u00e1kulisie pre hviezdy<\/li>\n<li>Hostesky<\/li>\n<\/ul>\n<h3 style=\"text-align: center;\"><\/h3>\n<p style=\"text-align: center;\"><strong>M\u00e1me v\u0161etko, \u010do potrebujete na zorganizovanie podujat\u00ed, na ktor\u00e9 bud\u00fa va\u0161i kolegovia a dod\u00e1vatelia dlho spom\u00edna\u0165.<\/strong><\/p>\n<h3 style=\"text-align: center;\"><strong><br \/>\nSkontaktuj si\u0119 z nami<\/strong><\/h3>\n<h3 style=\"text-align: center;\">Kontakt: <strong>Arkadiusz Jod\u0142owski<\/strong><br \/>\ne-mail: <a href=\"mailto:event@energy2000.pl\">event@energy2000.pl<\/a><\/h3>\n<hr \/>\n<div class=\"plm-simple-gallery\">\n <div class=\"col-md-3 col-sm-4 col-xs-6\"><a class=\"plm-icon-hov\" href=\"https:\/\/katowice.energy2000.pl\/wp-content\/uploads\/2022\/12\/970A1363-1024x683.jpg\" title=\"\" data-rel=\"plm-lightbox-gallery-cGxtLWxpZ2h0Ym94LWdhbGxlcnktY0d4dExXeHBaMmgwWW05NA==\" data-rl_title=\"\" data-rl_caption=\"\"><figure class=\"effect-bubba\">\n                <img src=\"https:\/\/katowice.energy2000.pl\/wp-content\/uploads\/2022\/12\/970A1363-330x220.jpg\" alt=\"\" \/>\n                     <figcaption>\n                        <i class=\"fa fa-plus\"><\/i>\n                        <p><\/p>\n                     <\/figcaption>\n                      \n            <\/figure><\/a><\/div> <div class=\"col-md-3 col-sm-4 col-xs-6\"><a class=\"plm-icon-hov\" href=\"https:\/\/katowice.energy2000.pl\/wp-content\/uploads\/2022\/12\/970A1356-1024x683.jpg\" title=\"\" data-rel=\"plm-lightbox-gallery-cGxtLWxpZ2h0Ym94LWdhbGxlcnktY0d4dExXeHBaMmgwWW05NA==\" data-rl_title=\"\" data-rl_caption=\"\"><figure class=\"effect-bubba\">\n                <img src=\"https:\/\/katowice.energy2000.pl\/wp-content\/uploads\/2022\/12\/970A1356-330x220.jpg\" alt=\"\" \/>\n                     <figcaption>\n                        <i class=\"fa fa-plus\"><\/i>\n                        <p><\/p>\n                     <\/figcaption>\n                      \n            <\/figure><\/a><\/div> <div class=\"col-md-3 col-sm-4 col-xs-6\"><a class=\"plm-icon-hov\" href=\"https:\/\/katowice.energy2000.pl\/wp-content\/uploads\/2022\/12\/970A1341-1024x683.jpg\" title=\"\" data-rel=\"plm-lightbox-gallery-cGxtLWxpZ2h0Ym94LWdhbGxlcnktY0d4dExXeHBaMmgwWW05NA==\" data-rl_title=\"\" data-rl_caption=\"\"><figure class=\"effect-bubba\">\n                <img src=\"https:\/\/katowice.energy2000.pl\/wp-content\/uploads\/2022\/12\/970A1341-330x220.jpg\" alt=\"\" \/>\n                     <figcaption>\n                        <i class=\"fa fa-plus\"><\/i>\n                        <p><\/p>\n                     <\/figcaption>\n                      \n            <\/figure><\/a><\/div> <div class=\"col-md-3 col-sm-4 col-xs-6\"><a class=\"plm-icon-hov\" href=\"https:\/\/katowice.energy2000.pl\/wp-content\/uploads\/2022\/12\/970A1331-1024x683.jpg\" title=\"\" data-rel=\"plm-lightbox-gallery-cGxtLWxpZ2h0Ym94LWdhbGxlcnktY0d4dExXeHBaMmgwWW05NA==\" data-rl_title=\"\" data-rl_caption=\"\"><figure class=\"effect-bubba\">\n                <img src=\"https:\/\/katowice.energy2000.pl\/wp-content\/uploads\/2022\/12\/970A1331-330x220.jpg\" alt=\"\" \/>\n                     <figcaption>\n                        <i class=\"fa fa-plus\"><\/i>\n                        <p><\/p>\n                     <\/figcaption>\n                      \n            <\/figure><\/a><\/div> <div class=\"col-md-3 col-sm-4 col-xs-6\"><a class=\"plm-icon-hov\" href=\"https:\/\/katowice.energy2000.pl\/wp-content\/uploads\/2022\/12\/970A1316-1024x683.jpg\" title=\"\" data-rel=\"plm-lightbox-gallery-cGxtLWxpZ2h0Ym94LWdhbGxlcnktY0d4dExXeHBaMmgwWW05NA==\" data-rl_title=\"\" data-rl_caption=\"\"><figure class=\"effect-bubba\">\n                <img src=\"https:\/\/katowice.energy2000.pl\/wp-content\/uploads\/2022\/12\/970A1316-330x220.jpg\" alt=\"\" \/>\n                     <figcaption>\n                        <i class=\"fa fa-plus\"><\/i>\n                        <p><\/p>\n                     <\/figcaption>\n                      \n            <\/figure><\/a><\/div> <div class=\"col-md-3 col-sm-4 col-xs-6\"><a class=\"plm-icon-hov\" href=\"https:\/\/katowice.energy2000.pl\/wp-content\/uploads\/2022\/12\/970A1455-1024x683.jpg\" title=\"\" data-rel=\"plm-lightbox-gallery-cGxtLWxpZ2h0Ym94LWdhbGxlcnktY0d4dExXeHBaMmgwWW05NA==\" data-rl_title=\"\" data-rl_caption=\"\"><figure class=\"effect-bubba\">\n                <img src=\"https:\/\/katowice.energy2000.pl\/wp-content\/uploads\/2022\/12\/970A1455-330x220.jpg\" alt=\"\" \/>\n                     <figcaption>\n                        <i class=\"fa fa-plus\"><\/i>\n                        <p><\/p>\n                     <\/figcaption>\n                      \n            <\/figure><\/a><\/div> <div class=\"col-md-3 col-sm-4 col-xs-6\"><a class=\"plm-icon-hov\" href=\"https:\/\/katowice.energy2000.pl\/wp-content\/uploads\/2022\/12\/970A1419-1024x683.jpg\" title=\"\" data-rel=\"plm-lightbox-gallery-cGxtLWxpZ2h0Ym94LWdhbGxlcnktY0d4dExXeHBaMmgwWW05NA==\" data-rl_title=\"\" data-rl_caption=\"\"><figure class=\"effect-bubba\">\n                <img src=\"https:\/\/katowice.energy2000.pl\/wp-content\/uploads\/2022\/12\/970A1419-330x220.jpg\" alt=\"\" \/>\n                     <figcaption>\n                        <i class=\"fa fa-plus\"><\/i>\n                        <p><\/p>\n                     <\/figcaption>\n                      \n            <\/figure><\/a><\/div> <div class=\"col-md-3 col-sm-4 col-xs-6\"><a class=\"plm-icon-hov\" href=\"https:\/\/katowice.energy2000.pl\/wp-content\/uploads\/2022\/12\/970A1394-1024x683.jpg\" title=\"\" data-rel=\"plm-lightbox-gallery-cGxtLWxpZ2h0Ym94LWdhbGxlcnktY0d4dExXeHBaMmgwWW05NA==\" data-rl_title=\"\" data-rl_caption=\"\"><figure class=\"effect-bubba\">\n                <img src=\"https:\/\/katowice.energy2000.pl\/wp-content\/uploads\/2022\/12\/970A1394-330x220.jpg\" alt=\"\" \/>\n                     <figcaption>\n                        <i class=\"fa fa-plus\"><\/i>\n                        <p><\/p>\n                     <\/figcaption>\n                      \n            <\/figure><\/a><\/div> <div class=\"col-md-3 col-sm-4 col-xs-6\"><a class=\"plm-icon-hov\" href=\"https:\/\/katowice.energy2000.pl\/wp-content\/uploads\/2022\/12\/970A1392-1024x683.jpg\" title=\"\" data-rel=\"plm-lightbox-gallery-cGxtLWxpZ2h0Ym94LWdhbGxlcnktY0d4dExXeHBaMmgwWW05NA==\" data-rl_title=\"\" data-rl_caption=\"\"><figure class=\"effect-bubba\">\n                <img src=\"https:\/\/katowice.energy2000.pl\/wp-content\/uploads\/2022\/12\/970A1392-330x220.jpg\" alt=\"\" \/>\n                     <figcaption>\n                        <i class=\"fa fa-plus\"><\/i>\n                        <p><\/p>\n                     <\/figcaption>\n                      \n            <\/figure><\/a><\/div> <div class=\"col-md-3 col-sm-4 col-xs-6\"><a class=\"plm-icon-hov\" href=\"https:\/\/katowice.energy2000.pl\/wp-content\/uploads\/2022\/12\/970A1315-683x1024.jpg\" title=\"\" data-rel=\"plm-lightbox-gallery-cGxtLWxpZ2h0Ym94LWdhbGxlcnktY0d4dExXeHBaMmgwWW05NA==\" data-rl_title=\"\" data-rl_caption=\"\"><figure class=\"effect-bubba\">\n                <img src=\"https:\/\/katowice.energy2000.pl\/wp-content\/uploads\/2022\/12\/970A1315-330x220.jpg\" alt=\"\" \/>\n                     <figcaption>\n                        <i class=\"fa fa-plus\"><\/i>\n                        <p><\/p>\n                     <\/figcaption>\n                      \n            <\/figure><\/a><\/div><\/div>","protected":false},"excerpt":{"rendered":"<p>Imprezy firmowe w Energy 2000 Katowice Imprezy, integracje, wigilie firmowe Jubileusze Spotkania biznesowe Bankiety, prezentacje produktowe oraz wiele innych Dlaczego warto nas wybra\u0107? Urozmaicona przestrze\u0144 klubowa do dyspozycji ponad 2000 m2 3 sale: Sala G\u0142\u00f3wna, Sala VIP, Sala Dance (sale &#8230; <a class=\"Rmore tbutton small\" href=\"https:\/\/katowice.energy2000.pl\/sk\/pre-podniky\/\"><span>Pozri viac \"<\/span><\/a><\/p>","protected":false},"author":2,"featured_media":0,"parent":0,"menu_order":20,"comment_status":"closed","ping_status":"closed","template":"page-col-12.php","meta":[],"yoast_head":"<!-- This site is optimized with the Yoast SEO plugin v19.2 - https:\/\/yoast.com\/wordpress\/plugins\/seo\/ -->\n<title>Dla Biznesu - Energy2000 - Katowice<\/title>\n<meta name=\"robots\" content=\"index, follow, max-snippet:-1, max-image-preview:large, max-video-preview:-1\" \/>\n<link rel=\"canonical\" href=\"https:\/\/katowice.energy2000.pl\/sk\/pre-podniky\/\" \/>\n<meta property=\"og:locale\" content=\"sk_SK\" \/>\n<meta property=\"og:type\" content=\"article\" \/>\n<meta property=\"og:title\" content=\"Dla Biznesu - Energy2000 - Katowice\" \/>\n<meta property=\"og:description\" content=\"Imprezy firmowe w Energy 2000 Katowice Imprezy, integracje, wigilie firmowe Jubileusze Spotkania biznesowe Bankiety, prezentacje produktowe oraz wiele innych Dlaczego warto nas wybra\u0107? Urozmaicona przestrze\u0144 klubowa do dyspozycji ponad 2000 m2 3 sale: Sala G\u0142\u00f3wna, Sala VIP, Sala Dance (sale ... Zobacz Wi\u0119cej \u00bb\" \/>\n<meta property=\"og:url\" content=\"https:\/\/katowice.energy2000.pl\/sk\/pre-podniky\/\" \/>\n<meta property=\"og:site_name\" content=\"Energy2000 - Katowice\" \/>\n<meta property=\"article:modified_time\" content=\"2025-10-23T06:53:59+00:00\" \/>\n<meta property=\"og:image\" content=\"https:\/\/katowice.energy2000.pl\/wp-content\/uploads\/2025\/10\/oferta.png\" \/>\n<meta name=\"author\" content=\"Micha\u0142 W\u0105tkowski\" \/>\n<meta name=\"twitter:card\" content=\"summary_large_image\" \/>\n<meta name=\"twitter:label1\" content=\"Predpokladan\u00fd \u010das \u010d\u00edtania\" \/>\n\t<meta name=\"twitter:data1\" content=\"2 min\u00faty\" \/>\n<script type=\"application\/ld+json\" class=\"yoast-schema-graph\">{\"@context\":\"https:\/\/schema.org\",\"@graph\":[{\"@type\":\"WebSite\",\"@id\":\"https:\/\/katowice.energy2000.pl\/#website\",\"url\":\"https:\/\/katowice.energy2000.pl\/\",\"name\":\"Energy2000 - Katowice\",\"description\":\"Najlepszy Klub na \u015bl\u0105sku\",\"potentialAction\":[{\"@type\":\"SearchAction\",\"target\":{\"@type\":\"EntryPoint\",\"urlTemplate\":\"https:\/\/katowice.energy2000.pl\/?s={search_term_string}\"},\"query-input\":\"required name=search_term_string\"}],\"inLanguage\":\"sk-SK\"},{\"@type\":\"ImageObject\",\"inLanguage\":\"sk-SK\",\"@id\":\"https:\/\/katowice.energy2000.pl\/dla-biznesu\/#primaryimage\",\"url\":\"https:\/\/katowice.energy2000.pl\/wp-content\/uploads\/2025\/10\/oferta.png\",\"contentUrl\":\"https:\/\/katowice.energy2000.pl\/wp-content\/uploads\/2025\/10\/oferta.png\",\"width\":710,\"height\":71},{\"@type\":\"WebPage\",\"@id\":\"https:\/\/katowice.energy2000.pl\/dla-biznesu\/#webpage\",\"url\":\"https:\/\/katowice.energy2000.pl\/dla-biznesu\/\",\"name\":\"Dla Biznesu - Energy2000 - Katowice\",\"isPartOf\":{\"@id\":\"https:\/\/katowice.energy2000.pl\/#website\"},\"primaryImageOfPage\":{\"@id\":\"https:\/\/katowice.energy2000.pl\/dla-biznesu\/#primaryimage\"},\"datePublished\":\"2022-12-02T08:54:53+00:00\",\"dateModified\":\"2025-10-23T06:53:59+00:00\",\"breadcrumb\":{\"@id\":\"https:\/\/katowice.energy2000.pl\/dla-biznesu\/#breadcrumb\"},\"inLanguage\":\"sk-SK\",\"potentialAction\":[{\"@type\":\"ReadAction\",\"target\":[\"https:\/\/katowice.energy2000.pl\/dla-biznesu\/\"]}]},{\"@type\":\"BreadcrumbList\",\"@id\":\"https:\/\/katowice.energy2000.pl\/dla-biznesu\/#breadcrumb\",\"itemListElement\":[{\"@type\":\"ListItem\",\"position\":1,\"name\":\"Strona g\u0142\u00f3wna\",\"item\":\"https:\/\/katowice.energy2000.pl\/\"},{\"@type\":\"ListItem\",\"position\":2,\"name\":\"Dla Biznesu\"}]}]}<\/script>\n<!-- \/ Yoast SEO plugin. -->","yoast_head_json":{"title":"Dla Biznesu - Energy2000 - Katowice","robots":{"index":"index","follow":"follow","max-snippet":"max-snippet:-1","max-image-preview":"max-image-preview:large","max-video-preview":"max-video-preview:-1"},"canonical":"https:\/\/katowice.energy2000.pl\/sk\/pre-podniky\/","og_locale":"sk_SK","og_type":"article","og_title":"Dla Biznesu - Energy2000 - Katowice","og_description":"Imprezy firmowe w Energy 2000 Katowice Imprezy, integracje, wigilie firmowe Jubileusze Spotkania biznesowe Bankiety, prezentacje produktowe oraz wiele innych Dlaczego warto nas wybra\u0107? Urozmaicona przestrze\u0144 klubowa do dyspozycji ponad 2000 m2 3 sale: Sala G\u0142\u00f3wna, Sala VIP, Sala Dance (sale ... Zobacz Wi\u0119cej \u00bb","og_url":"https:\/\/katowice.energy2000.pl\/sk\/pre-podniky\/","og_site_name":"Energy2000 - Katowice","article_modified_time":"2025-10-23T06:53:59+00:00","og_image":[{"url":"https:\/\/katowice.energy2000.pl\/wp-content\/uploads\/2025\/10\/oferta.png"}],"author":"Micha\u0142 W\u0105tkowski","twitter_card":"summary_large_image","twitter_misc":{"Predpokladan\u00fd \u010das \u010d\u00edtania":"2 min\u00faty"},"schema":{"@context":"https:\/\/schema.org","@graph":[{"@type":"WebSite","@id":"https:\/\/katowice.energy2000.pl\/#website","url":"https:\/\/katowice.energy2000.pl\/","name":"Energy2000 - Katowice","description":"Najlepszy Klub na \u015bl\u0105sku","potentialAction":[{"@type":"SearchAction","target":{"@type":"EntryPoint","urlTemplate":"https:\/\/katowice.energy2000.pl\/?s={search_term_string}"},"query-input":"required name=search_term_string"}],"inLanguage":"sk-SK"},{"@type":"ImageObject","inLanguage":"sk-SK","@id":"https:\/\/katowice.energy2000.pl\/dla-biznesu\/#primaryimage","url":"https:\/\/katowice.energy2000.pl\/wp-content\/uploads\/2025\/10\/oferta.png","contentUrl":"https:\/\/katowice.energy2000.pl\/wp-content\/uploads\/2025\/10\/oferta.png","width":710,"height":71},{"@type":"WebPage","@id":"https:\/\/katowice.energy2000.pl\/dla-biznesu\/#webpage","url":"https:\/\/katowice.energy2000.pl\/dla-biznesu\/","name":"Dla Biznesu - Energy2000 - Katowice","isPartOf":{"@id":"https:\/\/katowice.energy2000.pl\/#website"},"primaryImageOfPage":{"@id":"https:\/\/katowice.energy2000.pl\/dla-biznesu\/#primaryimage"},"datePublished":"2022-12-02T08:54:53+00:00","dateModified":"2025-10-23T06:53:59+00:00","breadcrumb":{"@id":"https:\/\/katowice.energy2000.pl\/dla-biznesu\/#breadcrumb"},"inLanguage":"sk-SK","potentialAction":[{"@type":"ReadAction","target":["https:\/\/katowice.energy2000.pl\/dla-biznesu\/"]}]},{"@type":"BreadcrumbList","@id":"https:\/\/katowice.energy2000.pl\/dla-biznesu\/#breadcrumb","itemListElement":[{"@type":"ListItem","position":1,"name":"Strona g\u0142\u00f3wna","item":"https:\/\/katowice.energy2000.pl\/"},{"@type":"ListItem","position":2,"name":"Dla Biznesu"}]}]}},"_links":{"self":[{"href":"https:\/\/katowice.energy2000.pl\/sk\/wp-json\/wp\/v2\/pages\/136880"}],"collection":[{"href":"https:\/\/katowice.energy2000.pl\/sk\/wp-json\/wp\/v2\/pages"}],"about":[{"href":"https:\/\/katowice.energy2000.pl\/sk\/wp-json\/wp\/v2\/types\/page"}],"author":[{"embeddable":true,"href":"https:\/\/katowice.energy2000.pl\/sk\/wp-json\/wp\/v2\/users\/2"}],"replies":[{"embeddable":true,"href":"https:\/\/katowice.energy2000.pl\/sk\/wp-json\/wp\/v2\/comments?post=136880"}],"version-history":[{"count":32,"href":"https:\/\/katowice.energy2000.pl\/sk\/wp-json\/wp\/v2\/pages\/136880\/revisions"}],"predecessor-version":[{"id":185539,"href":"https:\/\/katowice.energy2000.pl\/sk\/wp-json\/wp\/v2\/pages\/136880\/revisions\/185539"}],"wp:attachment":[{"href":"https:\/\/katowice.energy2000.pl\/sk\/wp-json\/wp\/v2\/media?parent=136880"}],"curies":[{"name":"wp","href":"https:\/\/api.w.org\/{rel}","templated":true}]}}