{"id":161709,"date":"2024-05-10T13:15:05","date_gmt":"2024-05-10T11:15:05","guid":{"rendered":"https:\/\/katowice.energy2000.pl\/?page_id=161709"},"modified":"2026-01-30T09:07:46","modified_gmt":"2026-01-30T08:07:46","slug":"menu-pl","status":"publish","type":"page","link":"https:\/\/katowice.energy2000.pl\/sk\/klub\/menu-pl\/","title":{"rendered":"Ponuka"},"content":{"rendered":"<p><a  href=\"https:\/\/katowice.energy2000.pl\/wp-content\/uploads\/2026\/01\/Energy2000_menu_REVERS_KAT_PRZYT_2025v1-special-bez-przekasek-scaled.jpg\" data-rel=\"plm-lightbox-gallery-0\" data-rl_title=\"\" data-rl_caption=\"\" title=\"\"><img decoding=\"async\" loading=\"lazy\" class=\"aligncenter wp-image-189095 size-large\" src=\"https:\/\/katowice.energy2000.pl\/wp-content\/uploads\/2026\/01\/Energy2000_menu_REVERS_KAT_PRZYT_2025v1-special-bez-przekasek-1024x726.jpg\" alt=\"\" width=\"1024\" height=\"726\" \/><\/a><br \/>\n<a class=\"tbutton\" href=\"https:\/\/katowice.energy2000.pl\/wp-content\/uploads\/2026\/01\/Energy2000_menu_REVERS_KAT_PRZYT_2025v1-special-bez-przekasek-scaled.jpg\" target=\"_blank\" data-rel=\"plm-lightbox-gallery-0\" data-rl_title=\"\" data-rl_caption=\"\" title=\"\">Zobacz w nowym oknie<\/a><\/p>\n<p><a href=\"https:\/\/katowice.energy2000.pl\/wp-content\/uploads\/2025\/11\/Energy2000_menu_AVERS_KAT_PRZYT_2025v1-scaled.jpg\" target=\"_blank\" data-rel=\"plm-lightbox-gallery-0\" data-rl_title=\"\" data-rl_caption=\"\" title=\"\"><img decoding=\"async\" loading=\"lazy\" class=\"aligncenter wp-image-185966 size-large\" src=\"https:\/\/katowice.energy2000.pl\/wp-content\/uploads\/2025\/11\/Energy2000_menu_AVERS_KAT_PRZYT_2025v1-1024x726.jpg\" alt=\"\" width=\"1024\" height=\"726\" \/><\/a><a class=\"tbutton\" href=\"https:\/\/katowice.energy2000.pl\/wp-content\/uploads\/2025\/11\/Energy2000_menu_AVERS_KAT_PRZYT_2025v1-scaled.jpg\" target=\"_blank\" data-rel=\"plm-lightbox-gallery-0\" data-rl_title=\"\" data-rl_caption=\"\" title=\"\">Zobacz w nowym oknie<\/a><\/p>","protected":false},"excerpt":{"rendered":"<p>Zobacz w nowym oknie Zobacz w nowym oknie<\/p>","protected":false},"author":2,"featured_media":0,"parent":3191,"menu_order":18,"comment_status":"closed","ping_status":"closed","template":"","meta":[],"yoast_head":"<!-- This site is optimized with the Yoast SEO plugin v19.2 - https:\/\/yoast.com\/wordpress\/plugins\/seo\/ -->\n<title>Menu - Energy2000 - Katowice<\/title>\n<meta name=\"robots\" content=\"index, follow, max-snippet:-1, max-image-preview:large, max-video-preview:-1\" \/>\n<link rel=\"canonical\" href=\"https:\/\/katowice.energy2000.pl\/sk\/klub\/menu-pl\/\" \/>\n<meta property=\"og:locale\" content=\"sk_SK\" \/>\n<meta property=\"og:type\" content=\"article\" \/>\n<meta property=\"og:title\" content=\"Menu - Energy2000 - Katowice\" \/>\n<meta property=\"og:description\" content=\"Zobacz w nowym oknie Zobacz w nowym oknie\" \/>\n<meta property=\"og:url\" content=\"https:\/\/katowice.energy2000.pl\/sk\/klub\/menu-pl\/\" \/>\n<meta property=\"og:site_name\" content=\"Energy2000 - Katowice\" \/>\n<meta property=\"article:modified_time\" content=\"2026-01-30T08:07:46+00:00\" \/>\n<meta property=\"og:image\" content=\"https:\/\/katowice.energy2000.pl\/wp-content\/uploads\/2026\/01\/Energy2000_menu_REVERS_KAT_PRZYT_2025v1-special-bez-przekasek-1024x726.jpg\" \/>\n<meta name=\"author\" content=\"Micha\u0142 W\u0105tkowski\" \/>\n<meta name=\"twitter:card\" content=\"summary_large_image\" \/>\n<meta name=\"twitter:label1\" content=\"Predpokladan\u00fd \u010das \u010d\u00edtania\" \/>\n\t<meta name=\"twitter:data1\" content=\"1 min\u00fata\" \/>\n<script type=\"application\/ld+json\" class=\"yoast-schema-graph\">{\"@context\":\"https:\/\/schema.org\",\"@graph\":[{\"@type\":\"WebSite\",\"@id\":\"https:\/\/katowice.energy2000.pl\/#website\",\"url\":\"https:\/\/katowice.energy2000.pl\/\",\"name\":\"Energy2000 - Katowice\",\"description\":\"Najlepszy Klub na \u015bl\u0105sku\",\"potentialAction\":[{\"@type\":\"SearchAction\",\"target\":{\"@type\":\"EntryPoint\",\"urlTemplate\":\"https:\/\/katowice.energy2000.pl\/?s={search_term_string}\"},\"query-input\":\"required name=search_term_string\"}],\"inLanguage\":\"sk-SK\"},{\"@type\":\"ImageObject\",\"inLanguage\":\"sk-SK\",\"@id\":\"https:\/\/katowice.energy2000.pl\/klub\/menu-pl\/#primaryimage\",\"url\":\"https:\/\/katowice.energy2000.pl\/wp-content\/uploads\/2026\/01\/Energy2000_menu_REVERS_KAT_PRZYT_2025v1-special-bez-przekasek-scaled.jpg\",\"contentUrl\":\"https:\/\/katowice.energy2000.pl\/wp-content\/uploads\/2026\/01\/Energy2000_menu_REVERS_KAT_PRZYT_2025v1-special-bez-przekasek-scaled.jpg\",\"width\":2560,\"height\":1815},{\"@type\":\"WebPage\",\"@id\":\"https:\/\/katowice.energy2000.pl\/klub\/menu-pl\/#webpage\",\"url\":\"https:\/\/katowice.energy2000.pl\/klub\/menu-pl\/\",\"name\":\"Menu - Energy2000 - Katowice\",\"isPartOf\":{\"@id\":\"https:\/\/katowice.energy2000.pl\/#website\"},\"primaryImageOfPage\":{\"@id\":\"https:\/\/katowice.energy2000.pl\/klub\/menu-pl\/#primaryimage\"},\"datePublished\":\"2024-05-10T11:15:05+00:00\",\"dateModified\":\"2026-01-30T08:07:46+00:00\",\"breadcrumb\":{\"@id\":\"https:\/\/katowice.energy2000.pl\/klub\/menu-pl\/#breadcrumb\"},\"inLanguage\":\"sk-SK\",\"potentialAction\":[{\"@type\":\"ReadAction\",\"target\":[\"https:\/\/katowice.energy2000.pl\/klub\/menu-pl\/\"]}]},{\"@type\":\"BreadcrumbList\",\"@id\":\"https:\/\/katowice.energy2000.pl\/klub\/menu-pl\/#breadcrumb\",\"itemListElement\":[{\"@type\":\"ListItem\",\"position\":1,\"name\":\"Strona g\u0142\u00f3wna\",\"item\":\"https:\/\/katowice.energy2000.pl\/\"},{\"@type\":\"ListItem\",\"position\":2,\"name\":\"Klub\",\"item\":\"https:\/\/katowice.energy2000.pl\/klub\/\"},{\"@type\":\"ListItem\",\"position\":3,\"name\":\"Menu\"}]}]}<\/script>\n<!-- \/ Yoast SEO plugin. -->","yoast_head_json":{"title":"Menu - Energy2000 - Katowice","robots":{"index":"index","follow":"follow","max-snippet":"max-snippet:-1","max-image-preview":"max-image-preview:large","max-video-preview":"max-video-preview:-1"},"canonical":"https:\/\/katowice.energy2000.pl\/sk\/klub\/menu-pl\/","og_locale":"sk_SK","og_type":"article","og_title":"Menu - Energy2000 - Katowice","og_description":"Zobacz w nowym oknie Zobacz w nowym oknie","og_url":"https:\/\/katowice.energy2000.pl\/sk\/klub\/menu-pl\/","og_site_name":"Energy2000 - Katowice","article_modified_time":"2026-01-30T08:07:46+00:00","og_image":[{"url":"https:\/\/katowice.energy2000.pl\/wp-content\/uploads\/2026\/01\/Energy2000_menu_REVERS_KAT_PRZYT_2025v1-special-bez-przekasek-1024x726.jpg"}],"author":"Micha\u0142 W\u0105tkowski","twitter_card":"summary_large_image","twitter_misc":{"Predpokladan\u00fd \u010das \u010d\u00edtania":"1 min\u00fata"},"schema":{"@context":"https:\/\/schema.org","@graph":[{"@type":"WebSite","@id":"https:\/\/katowice.energy2000.pl\/#website","url":"https:\/\/katowice.energy2000.pl\/","name":"Energy2000 - Katowice","description":"Najlepszy Klub na \u015bl\u0105sku","potentialAction":[{"@type":"SearchAction","target":{"@type":"EntryPoint","urlTemplate":"https:\/\/katowice.energy2000.pl\/?s={search_term_string}"},"query-input":"required name=search_term_string"}],"inLanguage":"sk-SK"},{"@type":"ImageObject","inLanguage":"sk-SK","@id":"https:\/\/katowice.energy2000.pl\/klub\/menu-pl\/#primaryimage","url":"https:\/\/katowice.energy2000.pl\/wp-content\/uploads\/2026\/01\/Energy2000_menu_REVERS_KAT_PRZYT_2025v1-special-bez-przekasek-scaled.jpg","contentUrl":"https:\/\/katowice.energy2000.pl\/wp-content\/uploads\/2026\/01\/Energy2000_menu_REVERS_KAT_PRZYT_2025v1-special-bez-przekasek-scaled.jpg","width":2560,"height":1815},{"@type":"WebPage","@id":"https:\/\/katowice.energy2000.pl\/klub\/menu-pl\/#webpage","url":"https:\/\/katowice.energy2000.pl\/klub\/menu-pl\/","name":"Menu - Energy2000 - Katowice","isPartOf":{"@id":"https:\/\/katowice.energy2000.pl\/#website"},"primaryImageOfPage":{"@id":"https:\/\/katowice.energy2000.pl\/klub\/menu-pl\/#primaryimage"},"datePublished":"2024-05-10T11:15:05+00:00","dateModified":"2026-01-30T08:07:46+00:00","breadcrumb":{"@id":"https:\/\/katowice.energy2000.pl\/klub\/menu-pl\/#breadcrumb"},"inLanguage":"sk-SK","potentialAction":[{"@type":"ReadAction","target":["https:\/\/katowice.energy2000.pl\/klub\/menu-pl\/"]}]},{"@type":"BreadcrumbList","@id":"https:\/\/katowice.energy2000.pl\/klub\/menu-pl\/#breadcrumb","itemListElement":[{"@type":"ListItem","position":1,"name":"Strona g\u0142\u00f3wna","item":"https:\/\/katowice.energy2000.pl\/"},{"@type":"ListItem","position":2,"name":"Klub","item":"https:\/\/katowice.energy2000.pl\/klub\/"},{"@type":"ListItem","position":3,"name":"Menu"}]}]}},"_links":{"self":[{"href":"https:\/\/katowice.energy2000.pl\/sk\/wp-json\/wp\/v2\/pages\/161709"}],"collection":[{"href":"https:\/\/katowice.energy2000.pl\/sk\/wp-json\/wp\/v2\/pages"}],"about":[{"href":"https:\/\/katowice.energy2000.pl\/sk\/wp-json\/wp\/v2\/types\/page"}],"author":[{"embeddable":true,"href":"https:\/\/katowice.energy2000.pl\/sk\/wp-json\/wp\/v2\/users\/2"}],"replies":[{"embeddable":true,"href":"https:\/\/katowice.energy2000.pl\/sk\/wp-json\/wp\/v2\/comments?post=161709"}],"version-history":[{"count":9,"href":"https:\/\/katowice.energy2000.pl\/sk\/wp-json\/wp\/v2\/pages\/161709\/revisions"}],"predecessor-version":[{"id":189096,"href":"https:\/\/katowice.energy2000.pl\/sk\/wp-json\/wp\/v2\/pages\/161709\/revisions\/189096"}],"up":[{"embeddable":true,"href":"https:\/\/katowice.energy2000.pl\/sk\/wp-json\/wp\/v2\/pages\/3191"}],"wp:attachment":[{"href":"https:\/\/katowice.energy2000.pl\/sk\/wp-json\/wp\/v2\/media?parent=161709"}],"curies":[{"name":"wp","href":"https:\/\/api.w.org\/{rel}","templated":true}]}}