{"id":174663,"date":"2025-02-17T10:49:15","date_gmt":"2025-02-17T09:49:15","guid":{"rendered":"https:\/\/katowice.energy2000.pl\/?page_id=174663"},"modified":"2025-09-25T12:10:12","modified_gmt":"2025-09-25T10:10:12","slug":"single-party-w-katowicach","status":"publish","type":"page","link":"https:\/\/katowice.energy2000.pl\/sk\/single-party-v-katowiciach\/","title":{"rendered":"Single Party v Katoviciach"},"content":{"rendered":"<h2>P\u00e1rty pre nezadan\u00fdch - pr\u00edle\u017eitos\u0165 nadviaza\u0165 nov\u00e9 priate\u013estv\u00e1 a najlep\u0161ie sa zabavi\u0165<\/h2>\n<p>Zauj\u00edma v\u00e1s, \u010di je mo\u017en\u00e9 stretn\u00fa\u0165 niekoho v\u00fdnimo\u010dn\u00e9ho v klube? Ke\u010f u\u017e ste tam, mohol by tam by\u0165 aj niekto s podobn\u00fdmi z\u00e1ujmami, kto si chce tie\u017e odd\u00fdchnu\u0165, odp\u00fata\u0165 sa od ka\u017edodenn\u00e9ho \u017eivota a nadviaza\u0165 nov\u00e9 priate\u013estv\u00e1. Flirt, l\u00e1ska, dobrodru\u017estvo na jednu noc alebo sn\u00e1\u010f p\u00e1rty v\u00fdlu\u010dne vo va\u0161ej spolo\u010dnosti? Na takomto podujat\u00ed je mo\u017en\u00e9 v\u0161etko.<\/p>\n<h2>\u010co je to jedna strana?<\/h2>\n<p>S\u00fa p\u00e1rty pre nezadan\u00fdch ur\u010den\u00e9 len pre \u013eud\u00ed, ktor\u00ed nie s\u00fa vo vz\u0165ahu? Mo\u017eno v\u00e1s to prekvap\u00ed, ale nie. Na p\u00e1rty m\u00f4\u017ee pr\u00eds\u0165 ktoko\u013evek, kto sa chce zabavi\u0165 a u\u017ei\u0165 si skvel\u00fa z\u00e1bavu vo fantastickej atmosf\u00e9re. Je tu v\u0161ak nie\u010do, \u010do tieto ve\u010dery odli\u0161uje od ostatn\u00fdch. Kluberi dost\u00e1vaj\u00fa n\u00e1ramky, ktor\u00fdmi \u0161pecifikuj\u00fa svoje z\u00e1mery. Tieto typy pom\u00f4cok sa dod\u00e1vaj\u00fa v r\u00f4znych farb\u00e1ch, \u010do pom\u00e1ha \u00fa\u010dastn\u00edkom vyjadri\u0165 svoje preferencie t\u00fdkaj\u00face sa \u00fa\u010delu ich pr\u00edchodu na podujatie.<\/p>\n<p><strong>Tu n\u00e1jdete inform\u00e1cie o tom, \u010do znamenaj\u00fa r\u00f4zne farby p\u00e1sov:<\/strong><br \/>\n- green - Som slobodn\u00fd\/slobodn\u00e1 - h\u013ead\u00e1m nov\u00e9 priate\u013estv\u00e1,<br \/>\n- modr\u00e1 - som pripraven\u00fd\/pripraven\u00e1 na akciu,<br \/>\n- ru\u017eov\u00e1 - m\u00f4\u017ee\u0161 ma pozva\u0165 na drink,<br \/>\n- \u010derven\u00e1 - som zanepr\u00e1zdnen\u00fd\/zanepr\u00e1zdnen\u00e1,<br \/>\n- oran\u017eov\u00e1 - \u010do znamen\u00e1 \"pijem a nielen tancujem\".<br \/>\nSyst\u00e9m rozdelenia do skup\u00edn zabra\u0148uje nepr\u00edjemn\u00fdm situ\u00e1ci\u00e1m, ke\u010f nie je ist\u00e9, \u010di je niekto otvoren\u00fd zozn\u00e1meniu, a u\u013eah\u010duje nadviazanie kontaktu.<\/p>\n<h2>Cyklick\u00e9 podujatia pre nezadan\u00fdch - zistite, pre\u010do by ste sa ich mali z\u00fa\u010dastni\u0165<\/h2>\n<p>Wybieraj\u0105c si\u0119 do klubu, postaw na dobr\u0105 zabaw\u0119 bez presji! Imprezy dla singli organizowane w Energy 2000 Katowice to cykliczne wydarzenia, kt\u00f3re zapewniaj\u0105 Ci mo\u017cliwo\u015b\u0107 \u015bwietnej zabawy w gronie pozytywnych os\u00f3b. Nie musisz si\u0119 martwi\u0107, \u017ce tym razem nie poznasz mi\u0142o\u015bci \u017cycia \u2013 je\u015bli nie uda si\u0119 podczas najbli\u017cszego wydarzenia, masz wiele kolejnych okazji, by spr\u00f3bowa\u0107 ponownie! Ka\u017cda edycja to szansa na to, by zdobywa\u0107 niezapomniane wspomnienia. Je\u015bli jeszcze zastanawiasz si\u0119 nad tym, czy warto przyj\u015b\u0107 do Energy 2000, z pewno\u015bci\u0105 przekona Ci\u0119 to, \u017ce klub s\u0142ynie z du\u017cej r\u00f3\u017cnorodno\u015bci muzycznej. Zar\u00f3wno fani nowoczesnego brzmienia, jak i retro klimat\u00f3w b\u0119d\u0105 usatysfakcjonowani z repertuaru, kt\u00f3ry serwuj\u0105 najlepsi DJ-e. Muzyka podgrzeje atmosfer\u0119 w lokalu i stanie si\u0119 doskona\u0142ym t\u0142em dla mi\u0142osnych podboj\u00f3w \u2013 tak jak ca\u0142a oprawa imprezy, kt\u00f3ra sprzyja nawi\u0105zywaniu nowych znajomo\u015bci.<\/p>\n<p>Ka\u017cde wydarzenie jest starannie przygotowywane, by mia\u0142o niepowtarzalny charakter, sylwester, <a href=\"https:\/\/katowice.energy2000.pl\/sk\/andrzejki-w-katowicach\/\">Andrzejki<\/a>, urodziny. To nie tylko kwestia doskona\u0142ej muzyki, ale tak\u017ce wyj\u0105tkowych wizualizacji, efekt\u00f3w \u015bwietlnych, laser\u00f3w i dekoracji, kt\u00f3re sprawiaj\u0105, \u017ce klub staje si\u0119 miejscem pe\u0142nym magii i pozytywnej energii. Z pewno\u015bci\u0105 poczujesz mi\u0142osny vibe. Ka\u017cdy detal, od o\u015bwietlenia po d\u017awi\u0119k, jest dopasowany do tematyki imprezy, by wprowadzi\u0107 Ci\u0119 w odpowiedni nastr\u00f3j.<\/p>\n<h2>Nenechajte si ujs\u0165 dobr\u00fa p\u00e1rty - jednotlivci s\u00fa v\u00edtan\u00ed!<\/h2>\n<p>V priestrann\u00fdch interi\u00e9roch klubu n\u00e1jdete nieko\u013eko hudobn\u00fdch z\u00f3n a profesion\u00e1lnu obsluhu. Oplat\u00ed sa k\u00fapi\u0165 si l\u00edstok vopred alebo si rezervova\u0165 l\u00f3\u017eu, preto\u017ee podujatia v Energy 2000 Katowice s\u00fa mimoriadne ob\u013e\u00faben\u00e9. Nem\u00f4\u017eete si ich necha\u0165 ujs\u0165. Pred n\u00e1v\u0161tevou klubu si okrem zak\u00fapenia vstupenky zabezpe\u010dte aj spr\u00e1vnu n\u00e1ladu a vzh\u013ead - dobre zvolen\u00fd outfit v\u00e1m pom\u00f4\u017ee vyjadri\u0165 sa. Vyberte si oble\u010denie, v ktorom sa budete c\u00edti\u0165 sebaisto a pohodlne, a nezabudnite, \u017ee existuje dress code - nohavice a \u0161portov\u00e9 tri\u010dk\u00e1 si nechajte na in\u00fa pr\u00edle\u017eitos\u0165.<\/p>\n<h2>Pozor v\u0161etci nezadan\u00ed - Katovice v\u00e1s poz\u00fdvaj\u00fa<\/h2>\n<p>Dyskoteka dla singli to wyj\u0105tkowe wydarzenie, na kt\u00f3re warto przybywa\u0107 z r\u00f3\u017cnych stron Polski. Otw\u00f3rz si\u0119 na nowe znajomo\u015bci, baw si\u0119 wy\u015bmienicie i daj sobie szans\u0119 na to, by od\u015bwie\u017cy\u0107 swoje \u017cycie towarzyskie. Mo\u017ce czeka na Ciebie <a href=\"https:\/\/katowice.energy2000.pl\/sk\/randka-katowice\/\">randka<\/a> w ciemno? Warto wiedzie\u0107, \u017ce klub otrzyma\u0142 certyfikat jako\u015bci ISO 9001, co oznacza, \u017ce mo\u017cesz liczy\u0107 na najwy\u017cszy standard organizacji i bezpiecze\u0144stwa, i czu\u0107 si\u0119 swobodnie, celebruj\u0105c dobre chwile.<\/p>","protected":false},"excerpt":{"rendered":"<p>Impreza dla singli \u2013 szansa na nowe znajomo\u015bci i najlepsz\u0105 zabaw\u0119 Zastanawiasz si\u0119 nad tym, czy w klubie mo\u017cna pozna\u0107 kogo\u015b wyj\u0105tkowego? Skoro Ty tam jeste\u015b, mo\u017ce r\u00f3wnie dobrze by\u0107 tam osoba o podobnych zainteresowaniach, kt\u00f3ra r\u00f3wnie\u017c chce si\u0119 odpr\u0119\u017cy\u0107, &#8230; <a class=\"Rmore tbutton small\" href=\"https:\/\/katowice.energy2000.pl\/sk\/single-party-v-katowiciach\/\"><span>Pozri viac \"<\/span><\/a><\/p>","protected":false},"author":4290,"featured_media":0,"parent":0,"menu_order":15,"comment_status":"closed","ping_status":"closed","template":"","meta":[],"yoast_head":"<!-- This site is optimized with the Yoast SEO plugin v19.2 - https:\/\/yoast.com\/wordpress\/plugins\/seo\/ -->\n<title>Single Party w Katowicach - Energy2000 - Katowice<\/title>\n<meta name=\"description\" content=\"Najlepsze single Party w Energy2000 Katowice!! Poznaj nowe osoby i bawcie si\u0119 razem do bia\u0142ego rana. Gwarantujemy \u015bwietn\u0105 muzyk\u0119, najlepsze drinki i niezapomnian\u0105 zabaw\u0119!\" \/>\n<meta name=\"robots\" content=\"index, follow, max-snippet:-1, max-image-preview:large, max-video-preview:-1\" \/>\n<link rel=\"canonical\" href=\"https:\/\/katowice.energy2000.pl\/sk\/single-party-v-katowiciach\/\" \/>\n<meta property=\"og:locale\" content=\"sk_SK\" \/>\n<meta property=\"og:type\" content=\"article\" \/>\n<meta property=\"og:title\" content=\"Single Party w Katowicach - Energy2000 - Katowice\" \/>\n<meta property=\"og:description\" content=\"Najlepsze single Party w Energy2000 Katowice!! Poznaj nowe osoby i bawcie si\u0119 razem do bia\u0142ego rana. Gwarantujemy \u015bwietn\u0105 muzyk\u0119, najlepsze drinki i niezapomnian\u0105 zabaw\u0119!\" \/>\n<meta property=\"og:url\" content=\"https:\/\/katowice.energy2000.pl\/sk\/single-party-v-katowiciach\/\" \/>\n<meta property=\"og:site_name\" content=\"Energy2000 - Katowice\" \/>\n<meta property=\"article:modified_time\" content=\"2025-09-25T10:10:12+00:00\" \/>\n<meta name=\"author\" content=\"SEO\" \/>\n<meta name=\"twitter:card\" content=\"summary_large_image\" \/>\n<meta name=\"twitter:label1\" content=\"Predpokladan\u00fd \u010das \u010d\u00edtania\" \/>\n\t<meta name=\"twitter:data1\" content=\"3 min\u00faty\" \/>\n<script type=\"application\/ld+json\" class=\"yoast-schema-graph\">{\"@context\":\"https:\/\/schema.org\",\"@graph\":[{\"@type\":\"WebSite\",\"@id\":\"https:\/\/katowice.energy2000.pl\/#website\",\"url\":\"https:\/\/katowice.energy2000.pl\/\",\"name\":\"Energy2000 - Katowice\",\"description\":\"Najlepszy Klub na \u015bl\u0105sku\",\"potentialAction\":[{\"@type\":\"SearchAction\",\"target\":{\"@type\":\"EntryPoint\",\"urlTemplate\":\"https:\/\/katowice.energy2000.pl\/?s={search_term_string}\"},\"query-input\":\"required name=search_term_string\"}],\"inLanguage\":\"sk-SK\"},{\"@type\":\"WebPage\",\"@id\":\"https:\/\/katowice.energy2000.pl\/single-party-w-katowicach\/#webpage\",\"url\":\"https:\/\/katowice.energy2000.pl\/single-party-w-katowicach\/\",\"name\":\"Single Party w Katowicach - Energy2000 - Katowice\",\"isPartOf\":{\"@id\":\"https:\/\/katowice.energy2000.pl\/#website\"},\"datePublished\":\"2025-02-17T09:49:15+00:00\",\"dateModified\":\"2025-09-25T10:10:12+00:00\",\"description\":\"Najlepsze single Party w Energy2000 Katowice!! Poznaj nowe osoby i bawcie si\u0119 razem do bia\u0142ego rana. Gwarantujemy \u015bwietn\u0105 muzyk\u0119, najlepsze drinki i niezapomnian\u0105 zabaw\u0119!\",\"breadcrumb\":{\"@id\":\"https:\/\/katowice.energy2000.pl\/single-party-w-katowicach\/#breadcrumb\"},\"inLanguage\":\"sk-SK\",\"potentialAction\":[{\"@type\":\"ReadAction\",\"target\":[\"https:\/\/katowice.energy2000.pl\/single-party-w-katowicach\/\"]}]},{\"@type\":\"BreadcrumbList\",\"@id\":\"https:\/\/katowice.energy2000.pl\/single-party-w-katowicach\/#breadcrumb\",\"itemListElement\":[{\"@type\":\"ListItem\",\"position\":1,\"name\":\"Strona g\u0142\u00f3wna\",\"item\":\"https:\/\/katowice.energy2000.pl\/\"},{\"@type\":\"ListItem\",\"position\":2,\"name\":\"Single Party w Katowicach\"}]}]}<\/script>\n<!-- \/ Yoast SEO plugin. -->","yoast_head_json":{"title":"Single Party w Katowicach - Energy2000 - Katowice","description":"Najlepsze single Party w Energy2000 Katowice!! Poznaj nowe osoby i bawcie si\u0119 razem do bia\u0142ego rana. Gwarantujemy \u015bwietn\u0105 muzyk\u0119, najlepsze drinki i niezapomnian\u0105 zabaw\u0119!","robots":{"index":"index","follow":"follow","max-snippet":"max-snippet:-1","max-image-preview":"max-image-preview:large","max-video-preview":"max-video-preview:-1"},"canonical":"https:\/\/katowice.energy2000.pl\/sk\/single-party-v-katowiciach\/","og_locale":"sk_SK","og_type":"article","og_title":"Single Party w Katowicach - Energy2000 - Katowice","og_description":"Najlepsze single Party w Energy2000 Katowice!! Poznaj nowe osoby i bawcie si\u0119 razem do bia\u0142ego rana. Gwarantujemy \u015bwietn\u0105 muzyk\u0119, najlepsze drinki i niezapomnian\u0105 zabaw\u0119!","og_url":"https:\/\/katowice.energy2000.pl\/sk\/single-party-v-katowiciach\/","og_site_name":"Energy2000 - Katowice","article_modified_time":"2025-09-25T10:10:12+00:00","author":"SEO","twitter_card":"summary_large_image","twitter_misc":{"Predpokladan\u00fd \u010das \u010d\u00edtania":"3 min\u00faty"},"schema":{"@context":"https:\/\/schema.org","@graph":[{"@type":"WebSite","@id":"https:\/\/katowice.energy2000.pl\/#website","url":"https:\/\/katowice.energy2000.pl\/","name":"Energy2000 - Katowice","description":"Najlepszy Klub na \u015bl\u0105sku","potentialAction":[{"@type":"SearchAction","target":{"@type":"EntryPoint","urlTemplate":"https:\/\/katowice.energy2000.pl\/?s={search_term_string}"},"query-input":"required name=search_term_string"}],"inLanguage":"sk-SK"},{"@type":"WebPage","@id":"https:\/\/katowice.energy2000.pl\/single-party-w-katowicach\/#webpage","url":"https:\/\/katowice.energy2000.pl\/single-party-w-katowicach\/","name":"Single Party w Katowicach - Energy2000 - Katowice","isPartOf":{"@id":"https:\/\/katowice.energy2000.pl\/#website"},"datePublished":"2025-02-17T09:49:15+00:00","dateModified":"2025-09-25T10:10:12+00:00","description":"Najlepsze single Party w Energy2000 Katowice!! Poznaj nowe osoby i bawcie si\u0119 razem do bia\u0142ego rana. Gwarantujemy \u015bwietn\u0105 muzyk\u0119, najlepsze drinki i niezapomnian\u0105 zabaw\u0119!","breadcrumb":{"@id":"https:\/\/katowice.energy2000.pl\/single-party-w-katowicach\/#breadcrumb"},"inLanguage":"sk-SK","potentialAction":[{"@type":"ReadAction","target":["https:\/\/katowice.energy2000.pl\/single-party-w-katowicach\/"]}]},{"@type":"BreadcrumbList","@id":"https:\/\/katowice.energy2000.pl\/single-party-w-katowicach\/#breadcrumb","itemListElement":[{"@type":"ListItem","position":1,"name":"Strona g\u0142\u00f3wna","item":"https:\/\/katowice.energy2000.pl\/"},{"@type":"ListItem","position":2,"name":"Single Party w Katowicach"}]}]}},"_links":{"self":[{"href":"https:\/\/katowice.energy2000.pl\/sk\/wp-json\/wp\/v2\/pages\/174663"}],"collection":[{"href":"https:\/\/katowice.energy2000.pl\/sk\/wp-json\/wp\/v2\/pages"}],"about":[{"href":"https:\/\/katowice.energy2000.pl\/sk\/wp-json\/wp\/v2\/types\/page"}],"author":[{"embeddable":true,"href":"https:\/\/katowice.energy2000.pl\/sk\/wp-json\/wp\/v2\/users\/4290"}],"replies":[{"embeddable":true,"href":"https:\/\/katowice.energy2000.pl\/sk\/wp-json\/wp\/v2\/comments?post=174663"}],"version-history":[{"count":5,"href":"https:\/\/katowice.energy2000.pl\/sk\/wp-json\/wp\/v2\/pages\/174663\/revisions"}],"predecessor-version":[{"id":184214,"href":"https:\/\/katowice.energy2000.pl\/sk\/wp-json\/wp\/v2\/pages\/174663\/revisions\/184214"}],"wp:attachment":[{"href":"https:\/\/katowice.energy2000.pl\/sk\/wp-json\/wp\/v2\/media?parent=174663"}],"curies":[{"name":"wp","href":"https:\/\/api.w.org\/{rel}","templated":true}]}}