{"id":176093,"date":"2025-03-10T11:43:01","date_gmt":"2025-03-10T10:43:01","guid":{"rendered":"https:\/\/katowice.energy2000.pl\/?page_id=176093"},"modified":"2026-02-02T15:13:53","modified_gmt":"2026-02-02T14:13:53","slug":"wieczor-panienski-katowice","status":"publish","type":"page","link":"https:\/\/katowice.energy2000.pl\/sk\/noc-pre-slecny-katowice\/","title":{"rendered":"Sliepkov\u00e1 noc v Katoviciach - kde ju zorganizova\u0165?"},"content":{"rendered":"<p>H\u013ead\u00e1te n\u00e1pad na zorganizovanie diev\u010denskej noci v Sliezsku? Katovice s\u00fa mestom, ktor\u00e9 pon\u00faka \u0161irok\u00fa \u0161k\u00e1lu atrakci\u00ed. \u010ci u\u017e bud\u00faca nevesta rada tr\u00e1vi \u010das akt\u00edvne alebo sk\u00f4r pokojne, ur\u010dite n\u00e1jdete nie\u010do ide\u00e1lne na oslavu tohto v\u00fdnimo\u010dn\u00e9ho d\u0148a. Po tom, ako si ve\u010der u\u017eijete r\u00f4zne z\u00e1bavn\u00e9 aktivity, zamierte do klubu Energy, aby ste poc\u00edtili pozit\u00edvnu energiu, ktor\u00e1 v\u0161etk\u00fdch nalad\u00ed na p\u00e1rty.<\/p>\n<h2>Rozl\u00fa\u010dka so slobodou v klube alebo doma?<\/h2>\n<p>Mo\u017eno uva\u017eujete nad ot\u00e1zkou, \u010di si na svoju rozl\u00fa\u010dku so slobodou vybra\u0165 klub, alebo si zorganizova\u0165 p\u00e1rty doma. Samozrejme, jedno nevylu\u010duje druh\u00e9. Jednou z mo\u017enost\u00ed je stretn\u00fa\u0165 sa v byte alebo v prenajatom byte, kde bud\u00fa ma\u0165 \u00fa\u010dastn\u00edci podujatia mo\u017enos\u0165 zozn\u00e1mi\u0165 sa, ak k tomu doteraz nemali pr\u00edle\u017eitos\u0165, a str\u00e1vi\u0165 spolu nejak\u00fd \u010das pred odchodom na miesto konania.<\/p>\n<p>Dom\u00f3wki w damskim gronie maj\u0105 sw\u00f3j klimat. Kameralna atmosfera sprzyja swobodnym rozmowom, wspomnieniom i szczerym zwierzeniom. Jednak zwykle pojawia si\u0119 ochota, by wyj\u015b\u0107 na wiecz\u00f3r panie\u0144ski w klubie, gdzie mo\u017cna poczu\u0107 prawdziwy zabawowy klimat, szalej\u0105c do bia\u0142ego rana w ulubionej <a href=\"https:\/\/katowice.energy2000.pl\/sk\/jak-sie-ubrac-do-klubu\/\">stylizacji<\/a>. Dlatego warto wcze\u015bniej zadba\u0107 o rezerwacj\u0119 lo\u017cy lub zabookowa\u0107 VIP Premium Room, by mie\u0107 pewno\u015b\u0107, \u017ce ca\u0142ej grupie b\u0119dzie wygodnie i komfortowo. Tym bardziej \u017ce Energy 2000 na wiecz\u00f3r panie\u0144ski w Katowicach oferuje specjalne atrakcyjne promocje \u2013 op\u0142acaj\u0105c lo\u017c\u0119, mo\u017cna otrzyma\u0107 darmowe wej\u015bci\u00f3wki i voucher do wykorzystania na barze. Szczeg\u00f3\u0142y warto pozna\u0107, sprawdzaj\u0105c aktualne informacje na stronie klubu.<\/p>\n<h2>Ak\u00e9 atrakcie sa daj\u00fa zorganizova\u0165 na rozl\u00fa\u010dke so slobodou v Katoviciach?<\/h2>\n<p>Zanim jednak wybierzecie si\u0119 do klubu, warto zaplanowa\u0107 <a href=\"https:\/\/katowice.energy2000.pl\/sk\/atrakcje-katowice\/\">atrakcje<\/a> na wiecz\u00f3r panie\u0144ski w Katowicach, kt\u00f3re urozmaic\u0105 czas. W zale\u017cno\u015bci od upodoba\u0144 przysz\u0142ej panny m\u0142odej i uczestniczek wydarzenia mo\u017cecie zdecydowa\u0107 si\u0119 na wsp\u00f3lne zabiegi piel\u0119gnacyjne, loty w tunelu aerodynamicznym lub nauk\u0119 pole dance. Niekt\u00f3re osoby wol\u0105 spokojnie posiedzie\u0107 przy winie w mi\u0142ej knajpce lub wybra\u0107 si\u0119 na warsztaty sushi, a dla innych ciekawsz\u0105 opcj\u0105 jest wizyta na strzelnicy czy przeja\u017cd\u017cka quadami.<\/p>\n<p>Toto je len uk\u00e1\u017eka n\u00e1padov na diev\u010densk\u00fa noc v Katoviciach. Mo\u017enost\u00ed je ove\u013ea viac a stoj\u00ed za to, aby ste svoje pl\u00e1ny prediskutovali medzi sebou. Hrdinku podujatia m\u00f4\u017eete prekvapi\u0165, ale mus\u00edte pozna\u0165 jej preferencie a dispoz\u00edcie, aby ste sa trafili do jej vkusu. Ak si nie ste ist\u00ed, \u010di vybran\u00e1 aktivita bude vhodn\u00e1, je dobr\u00e9 sa pre istotu op\u00fdta\u0165.<\/p>\n<h2>P\u00e1rty s t\u00e9mou - sp\u00f4sob, ako vytvori\u0165 jedine\u010dn\u00fa atmosf\u00e9ru<\/h2>\n<p>Pri organizovan\u00ed rozl\u00fa\u010dky so slobodou v Katoviciach sa oplat\u00ed stanovi\u0165 t\u00e9mu, ktor\u00e1 dod\u00e1 stretnutiu jedine\u010dn\u00fd charakter. V\u00fdber t\u00e9my podujatia v\u00e1m umo\u017en\u00ed zostavi\u0165 ucelen\u00e9 oble\u010denie, dekor\u00e1cie alebo doplnky, v\u010faka ktor\u00fdm sa \u00fa\u010dastn\u00ed\u010dky m\u00f4\u017eu c\u00edti\u0165 odli\u0161ne. To podporuje integr\u00e1ciu. \u0160peci\u00e1lne prostredie vytv\u00e1ra jedine\u010dn\u00fa atmosf\u00e9ru.<\/p>\n<p>Stoj\u00ed za to vedie\u0165, \u017ee Energy 2000 v Katoviciach organizuje tematick\u00e9 podujatia, ktor\u00e9 sa m\u00f4\u017eu sta\u0165 dokonalou in\u0161pir\u00e1ciou pre rozl\u00fa\u010dku so slobodou. Napr\u00edklad podujatia ako \"RETRO PARTY\" prenes\u00fa \u00fa\u010dastn\u00edkov do atmosf\u00e9ry minul\u00fdch desa\u0165ro\u010d\u00ed. Pred odchodom na diskot\u00e9ku si m\u00f4\u017eete dohodn\u00fa\u0165 stretnutie doma, po\u010das ktor\u00e9ho si m\u00f4\u017eete pripravi\u0165 styling in\u0161pirovan\u00fd zvolenou \u00e9rou, urobi\u0165 si make-up a \u00fa\u010des v primeranej atmosf\u00e9re a vypo\u010du\u0165 si hity z danej \u00e9ry. Zauj\u00edmav\u00fdm n\u00e1padom je aj fotenie. Je to skvel\u00fd sp\u00f4sob, ako sa naladi\u0165 na p\u00e1rty a rozpr\u00fadi\u0165 z\u00e1bavu e\u0161te predt\u00fdm, ako sa vyberiete do klubu.<\/p>\n<p>Okrem tematick\u00fdch ve\u010dierkov sa v Energy 2000 Katowice pravidelne konaj\u00fa aj koncerty zn\u00e1mych umelcov, ktor\u00e9 sa oplat\u00ed zahrn\u00fa\u0165 do pl\u00e1nov na va\u0161u rozl\u00fa\u010dkov\u00fa noc. Vyst\u00fapenia ako Kaz Ba\u0142agane po\u010das HIP-HOP NIGHT alebo Lucenzo so svoj\u00edm \u017eiv\u00fdm hitom \"Danza Kuduro\" poskytuj\u00fa nezabudnute\u013en\u00fd z\u00e1\u017eitok. Profesion\u00e1lni tane\u010dn\u00edci a tane\u010dnice, ve\u013ekolep\u00e1 sveteln\u00e1 \u0161ou a pyrotechnika vytv\u00e1raj\u00fa atmosf\u00e9ru ako z Las Vegas a poskytuj\u00fa skuto\u010dn\u00fa p\u00e1rty atmosf\u00e9ru. Sledovan\u00edm kalend\u00e1ra podujat\u00ed na webovej str\u00e1nke klubu si m\u00f4\u017eete napl\u00e1nova\u0165 svoju rozl\u00fa\u010dkov\u00fa noc v Katoviciach tak, aby ste sa z\u00fa\u010dastnili na koncerte svojho ob\u013e\u00faben\u00e9ho interpreta, v\u010faka ktor\u00e9mu bude tento de\u0148 naozaj v\u00fdnimo\u010dn\u00fd.<\/p>","protected":false},"excerpt":{"rendered":"<p>Szukasz pomys\u0142u, by zorganizowa\u0107 wiecz\u00f3r panie\u0144ski na \u015al\u0105sku? Katowice to miasto, kt\u00f3re oferuje szerok\u0105 gam\u0119 atrakcji. Niezale\u017cnie od tego, czy przysz\u0142a panna m\u0142oda lubi sp\u0119dza\u0107 czas w spos\u00f3b aktywny, czy raczej spokojny, z pewno\u015bci\u0105 znajdziecie co\u015b idealnego, by celebrowa\u0107 ten &#8230; <a class=\"Rmore tbutton small\" href=\"https:\/\/katowice.energy2000.pl\/sk\/noc-pre-slecny-katowice\/\"><span>Pozri viac \"<\/span><\/a><\/p>","protected":false},"author":4290,"featured_media":0,"parent":0,"menu_order":14,"comment_status":"closed","ping_status":"closed","template":"","meta":[],"yoast_head":"<!-- This site is optimized with the Yoast SEO plugin v19.2 - https:\/\/yoast.com\/wordpress\/plugins\/seo\/ -->\n<title>Wiecz\u00f3r panie\u0144ski Katowice \u2013 gdzie zorganizowa\u0107? - Energy2000 - Katowice<\/title>\n<meta name=\"description\" content=\"Zorganizuj niezapomniany wiecz\u00f3r panie\u0144ski w klubie! Szalona zabawa, taniec do rana, wyj\u0105tkowa atmosfera i atrakcje, kt\u00f3re rozkr\u0119c\u0105 ka\u017cd\u0105 imprez\u0119!\" \/>\n<meta name=\"robots\" content=\"index, follow, max-snippet:-1, max-image-preview:large, max-video-preview:-1\" \/>\n<link rel=\"canonical\" href=\"https:\/\/katowice.energy2000.pl\/sk\/noc-pre-slecny-katowice\/\" \/>\n<meta property=\"og:locale\" content=\"sk_SK\" \/>\n<meta property=\"og:type\" content=\"article\" \/>\n<meta property=\"og:title\" content=\"Wiecz\u00f3r panie\u0144ski Katowice \u2013 gdzie zorganizowa\u0107? - Energy2000 - Katowice\" \/>\n<meta property=\"og:description\" content=\"Zorganizuj niezapomniany wiecz\u00f3r panie\u0144ski w klubie! Szalona zabawa, taniec do rana, wyj\u0105tkowa atmosfera i atrakcje, kt\u00f3re rozkr\u0119c\u0105 ka\u017cd\u0105 imprez\u0119!\" \/>\n<meta property=\"og:url\" content=\"https:\/\/katowice.energy2000.pl\/sk\/noc-pre-slecny-katowice\/\" \/>\n<meta property=\"og:site_name\" content=\"Energy2000 - Katowice\" \/>\n<meta property=\"article:modified_time\" content=\"2026-02-02T14:13:53+00:00\" \/>\n<meta name=\"author\" content=\"SEO\" \/>\n<meta name=\"twitter:card\" content=\"summary_large_image\" \/>\n<meta name=\"twitter:label1\" content=\"Predpokladan\u00fd \u010das \u010d\u00edtania\" \/>\n\t<meta name=\"twitter:data1\" content=\"4 min\u00faty\" \/>\n<script type=\"application\/ld+json\" class=\"yoast-schema-graph\">{\"@context\":\"https:\/\/schema.org\",\"@graph\":[{\"@type\":\"WebSite\",\"@id\":\"https:\/\/katowice.energy2000.pl\/#website\",\"url\":\"https:\/\/katowice.energy2000.pl\/\",\"name\":\"Energy2000 - Katowice\",\"description\":\"Najlepszy Klub na \u015bl\u0105sku\",\"potentialAction\":[{\"@type\":\"SearchAction\",\"target\":{\"@type\":\"EntryPoint\",\"urlTemplate\":\"https:\/\/katowice.energy2000.pl\/?s={search_term_string}\"},\"query-input\":\"required name=search_term_string\"}],\"inLanguage\":\"sk-SK\"},{\"@type\":\"WebPage\",\"@id\":\"https:\/\/katowice.energy2000.pl\/wieczor-panienski-katowice\/#webpage\",\"url\":\"https:\/\/katowice.energy2000.pl\/wieczor-panienski-katowice\/\",\"name\":\"Wiecz\u00f3r panie\u0144ski Katowice \u2013 gdzie zorganizowa\u0107? - Energy2000 - Katowice\",\"isPartOf\":{\"@id\":\"https:\/\/katowice.energy2000.pl\/#website\"},\"datePublished\":\"2025-03-10T10:43:01+00:00\",\"dateModified\":\"2026-02-02T14:13:53+00:00\",\"description\":\"Zorganizuj niezapomniany wiecz\u00f3r panie\u0144ski w klubie! Szalona zabawa, taniec do rana, wyj\u0105tkowa atmosfera i atrakcje, kt\u00f3re rozkr\u0119c\u0105 ka\u017cd\u0105 imprez\u0119!\",\"breadcrumb\":{\"@id\":\"https:\/\/katowice.energy2000.pl\/wieczor-panienski-katowice\/#breadcrumb\"},\"inLanguage\":\"sk-SK\",\"potentialAction\":[{\"@type\":\"ReadAction\",\"target\":[\"https:\/\/katowice.energy2000.pl\/wieczor-panienski-katowice\/\"]}]},{\"@type\":\"BreadcrumbList\",\"@id\":\"https:\/\/katowice.energy2000.pl\/wieczor-panienski-katowice\/#breadcrumb\",\"itemListElement\":[{\"@type\":\"ListItem\",\"position\":1,\"name\":\"Strona g\u0142\u00f3wna\",\"item\":\"https:\/\/katowice.energy2000.pl\/\"},{\"@type\":\"ListItem\",\"position\":2,\"name\":\"Wiecz\u00f3r panie\u0144ski Katowice \u2013 gdzie zorganizowa\u0107?\"}]}]}<\/script>\n<!-- \/ Yoast SEO plugin. -->","yoast_head_json":{"title":"Wiecz\u00f3r panie\u0144ski Katowice \u2013 gdzie zorganizowa\u0107? - Energy2000 - Katowice","description":"Zorganizuj niezapomniany wiecz\u00f3r panie\u0144ski w klubie! Szalona zabawa, taniec do rana, wyj\u0105tkowa atmosfera i atrakcje, kt\u00f3re rozkr\u0119c\u0105 ka\u017cd\u0105 imprez\u0119!","robots":{"index":"index","follow":"follow","max-snippet":"max-snippet:-1","max-image-preview":"max-image-preview:large","max-video-preview":"max-video-preview:-1"},"canonical":"https:\/\/katowice.energy2000.pl\/sk\/noc-pre-slecny-katowice\/","og_locale":"sk_SK","og_type":"article","og_title":"Wiecz\u00f3r panie\u0144ski Katowice \u2013 gdzie zorganizowa\u0107? - Energy2000 - Katowice","og_description":"Zorganizuj niezapomniany wiecz\u00f3r panie\u0144ski w klubie! Szalona zabawa, taniec do rana, wyj\u0105tkowa atmosfera i atrakcje, kt\u00f3re rozkr\u0119c\u0105 ka\u017cd\u0105 imprez\u0119!","og_url":"https:\/\/katowice.energy2000.pl\/sk\/noc-pre-slecny-katowice\/","og_site_name":"Energy2000 - Katowice","article_modified_time":"2026-02-02T14:13:53+00:00","author":"SEO","twitter_card":"summary_large_image","twitter_misc":{"Predpokladan\u00fd \u010das \u010d\u00edtania":"4 min\u00faty"},"schema":{"@context":"https:\/\/schema.org","@graph":[{"@type":"WebSite","@id":"https:\/\/katowice.energy2000.pl\/#website","url":"https:\/\/katowice.energy2000.pl\/","name":"Energy2000 - Katowice","description":"Najlepszy Klub na \u015bl\u0105sku","potentialAction":[{"@type":"SearchAction","target":{"@type":"EntryPoint","urlTemplate":"https:\/\/katowice.energy2000.pl\/?s={search_term_string}"},"query-input":"required name=search_term_string"}],"inLanguage":"sk-SK"},{"@type":"WebPage","@id":"https:\/\/katowice.energy2000.pl\/wieczor-panienski-katowice\/#webpage","url":"https:\/\/katowice.energy2000.pl\/wieczor-panienski-katowice\/","name":"Wiecz\u00f3r panie\u0144ski Katowice \u2013 gdzie zorganizowa\u0107? - Energy2000 - Katowice","isPartOf":{"@id":"https:\/\/katowice.energy2000.pl\/#website"},"datePublished":"2025-03-10T10:43:01+00:00","dateModified":"2026-02-02T14:13:53+00:00","description":"Zorganizuj niezapomniany wiecz\u00f3r panie\u0144ski w klubie! Szalona zabawa, taniec do rana, wyj\u0105tkowa atmosfera i atrakcje, kt\u00f3re rozkr\u0119c\u0105 ka\u017cd\u0105 imprez\u0119!","breadcrumb":{"@id":"https:\/\/katowice.energy2000.pl\/wieczor-panienski-katowice\/#breadcrumb"},"inLanguage":"sk-SK","potentialAction":[{"@type":"ReadAction","target":["https:\/\/katowice.energy2000.pl\/wieczor-panienski-katowice\/"]}]},{"@type":"BreadcrumbList","@id":"https:\/\/katowice.energy2000.pl\/wieczor-panienski-katowice\/#breadcrumb","itemListElement":[{"@type":"ListItem","position":1,"name":"Strona g\u0142\u00f3wna","item":"https:\/\/katowice.energy2000.pl\/"},{"@type":"ListItem","position":2,"name":"Wiecz\u00f3r panie\u0144ski Katowice \u2013 gdzie zorganizowa\u0107?"}]}]}},"_links":{"self":[{"href":"https:\/\/katowice.energy2000.pl\/sk\/wp-json\/wp\/v2\/pages\/176093"}],"collection":[{"href":"https:\/\/katowice.energy2000.pl\/sk\/wp-json\/wp\/v2\/pages"}],"about":[{"href":"https:\/\/katowice.energy2000.pl\/sk\/wp-json\/wp\/v2\/types\/page"}],"author":[{"embeddable":true,"href":"https:\/\/katowice.energy2000.pl\/sk\/wp-json\/wp\/v2\/users\/4290"}],"replies":[{"embeddable":true,"href":"https:\/\/katowice.energy2000.pl\/sk\/wp-json\/wp\/v2\/comments?post=176093"}],"version-history":[{"count":3,"href":"https:\/\/katowice.energy2000.pl\/sk\/wp-json\/wp\/v2\/pages\/176093\/revisions"}],"predecessor-version":[{"id":189216,"href":"https:\/\/katowice.energy2000.pl\/sk\/wp-json\/wp\/v2\/pages\/176093\/revisions\/189216"}],"wp:attachment":[{"href":"https:\/\/katowice.energy2000.pl\/sk\/wp-json\/wp\/v2\/media?parent=176093"}],"curies":[{"name":"wp","href":"https:\/\/api.w.org\/{rel}","templated":true}]}}