{"id":177670,"date":"2025-04-07T16:10:54","date_gmt":"2025-04-07T14:10:54","guid":{"rendered":"https:\/\/katowice.energy2000.pl\/?page_id=177670"},"modified":"2025-04-07T16:11:31","modified_gmt":"2025-04-07T14:11:31","slug":"wieczor-kawalerski-katowice","status":"publish","type":"page","link":"https:\/\/katowice.energy2000.pl\/sk\/rozlucka-so-slobodou-katowice\/","title":{"rendered":"Rozl\u00fa\u010dka so slobodou Katovice"},"content":{"rendered":"<p>Plat\u00ed, \u017ee rozl\u00fa\u010dku so slobodou by mal organizova\u0165 svedok \u017een\u00edcha a jeho priatelia a kolegovia. T\u00e1to \u00faloha je vzru\u0161uj\u00faca, ale z\u00e1rove\u0148 n\u00e1ro\u010dn\u00e1 - m\u00f4\u017ee by\u0165 trochu problematick\u00e9 trafi\u0165 sa do vkusu protagonistu podujatia a zabezpe\u010di\u0165, aby z\u00e1bava bola pred nami. Preto sa oplat\u00ed napl\u00e1nova\u0165 podujatie vopred a premyslie\u0165 si, \u010do prinesie bud\u00facemu \u017een\u00edchovi najv\u00e4\u010d\u0161iu rados\u0165.<\/p>\n<h2>Nezabudnute\u013en\u00e9 rozl\u00fa\u010dky so slobodou - Katowice Energy 2000<\/h2>\n<p>Skuto\u010dn\u00e1 rozl\u00fa\u010dka so slobodou sa nezaob\u00edde bez p\u00e1rty v klube. Mus\u00ed to by\u0165 \u0161pi\u010dkov\u00e9 miesto, ktor\u00e9 je pln\u00e9 \u017eivota, ako napr\u00edklad Energy 2000 v Katoviciach. V\u00fdlet by sa mal napl\u00e1nova\u0165 vopred, a preto sa oplat\u00ed zisti\u0165 si pl\u00e1n podujat\u00ed, preto\u017ee klub organizuje tematick\u00e9 ve\u010dierky a koncerty. Pre rozl\u00fa\u010dky so slobodou sa poskytuj\u00fa propaga\u010dn\u00e9 bal\u00edky a \u00fa\u010dastn\u00edci ve\u010dierka m\u00f4\u017eu vyu\u017ei\u0165 VIP l\u00f3\u017eu, ktor\u00e1 poskytuje pohodlie a exkluzivitu. Rezerv\u00e1cia tak\u00e9hoto priestoru umo\u017e\u0148uje \u00fapln\u00e9 pohodlie, pri\u010dom s\u00fa k dispoz\u00edcii r\u00f4zne mo\u017enosti stravovania a ob\u010derstvenia. Bonusom navy\u0161e je poukaz na vyu\u017eitie v baroch.<\/p>\n<p>Energy 2000 je zn\u00e1ma svojou vynikaj\u00facou atmosf\u00e9rou a najlep\u0161\u00edmi DJ-mi, ktor\u00ed sa postaraj\u00fa o pln\u00fd tane\u010dn\u00fd parket. Dynamick\u00e9 sety nab\u00e1daj\u00fa k tancu, zatia\u013e \u010do vysokokvalitn\u00fd zvukov\u00fd syst\u00e9m a vizu\u00e1lne efekty ako RGB lasery, pyrotechnika na p\u00f3diu a odpa\u013eova\u010de CO2 vytv\u00e1raj\u00fa nezabudnute\u013en\u00fa atmosf\u00e9ru. V takejto atmosf\u00e9re sa m\u00f4\u017eete naozaj naplno zabavi\u0165 a po svadbe nemus\u00edte ani po\u013eavi\u0165 a pokra\u010dova\u0165 v n\u00e1v\u0161teve Katowice Energy 2000, tentoraz u\u017e len vo dvojici.<\/p>\n<h2>Organizovanie rozl\u00fa\u010dky so slobodou - na \u010do mus\u00edte myslie\u0165?<\/h2>\n<p>Rozl\u00fa\u010dky so slobodou sa \u010doraz \u010dastej\u0161ie neobmedzuj\u00fa len na jednu divok\u00fa noc v klube. Ob\u013e\u00faben\u00fdm trendom sa st\u00e1vaj\u00fa viacd\u0148ov\u00e9 pobyty a v\u00edkendov\u00e9 pobyty s\u00fa ide\u00e1lnou pr\u00edle\u017eitos\u0165ou na spojenie z\u00e1bavy s r\u00f4znymi aktivitami, ako s\u00fa paintball, ochutn\u00e1vky whisky, biliardov\u00e9 hry, \u00fanikov\u00e9 miestnosti alebo automobilov\u00e9 rallye.<\/p>\n<p>Pred vytvoren\u00edm pl\u00e1nu v\u00fdletov je d\u00f4le\u017eit\u00e9 zv\u00e1\u017ei\u0165, ktor\u00e9 aktivity s\u00fa pre bud\u00faceho \u017een\u00edcha najz\u00e1bavnej\u0161ie. Niektor\u00ed bud\u00fa ma\u0165 radi extr\u00e9mne z\u00e1\u017eitky, in\u00ed uprednostnia pokojnej\u0161iu formu z\u00e1bavy. \u010eal\u0161\u00edm bodom by mali by\u0165 ot\u00e1zky, ako je pren\u00e1jom bytu alebo cesta do Katov\u00edc - ak s\u00fa \u00fa\u010dastn\u00edci oslavy z in\u00e9ho mesta. Vopred by ste si mali rezervova\u0165 aj vstupenky na vybran\u00e9 atrakcie a rezervova\u0165 si l\u00f3\u017eu v klube. Je tie\u017e dobr\u00e9 ma\u0165 pripraven\u00fa alternat\u00edvu pre pr\u00edpad nepredv\u00eddan\u00fdch \u0165a\u017ekost\u00ed, napr\u00edklad zmeny po\u010dasia. Ke\u010f sa vyskytn\u00fa mimoriadne situ\u00e1cie, pohotovostn\u00fd pl\u00e1n v\u00e1s zachr\u00e1ni pred krachom.<\/p>\n<p>Organiz\u00e1cia rozl\u00fa\u010dky so slobodou nie je len o v\u00fdbere z\u00e1bavy, ale aj o vhodnom riaden\u00ed rozpo\u010dtu. Aby sa predi\u0161lo nedorozumeniam, je dobr\u00e9 vopred sa dohodn\u00fa\u0165 na odhade n\u00e1kladov a urobi\u0165 kvapku medzi \u00fa\u010dastn\u00edkmi. Vyhnete sa tak situ\u00e1cii, ke\u010f jedna osoba mus\u00ed da\u0165 dokopy v\u00e4\u010d\u0161iu sumu a nesk\u00f4r \u017eiada\u0165 o vr\u00e1tenie pe\u0148az\u00ed. M\u00f4\u017eete tie\u017e myslie\u0165 na dar\u010dek pre bud\u00faceho \u017een\u00edcha, z\u00e1bavn\u00e9 pom\u00f4cky a doplnky, ako s\u00fa odznaky, klob\u00faky alebo mot\u00fdliky. T\u00fdm sa skupina bude odli\u0161ova\u0165.<\/p>\n<h2>Rozl\u00fa\u010dka so slobodou v Katoviciach - obrovsk\u00e1 atrakcia<\/h2>\n<p>Existuje mnoho sp\u00f4sobov, ako str\u00e1vi\u0165 rozl\u00fa\u010dku so slobodou v Katoviciach zauj\u00edmav\u00fdm sp\u00f4sobom. Stretnutie m\u00f4\u017eete za\u010da\u0165 tak\u00fdmi atrakciami, ako s\u00fa: off road jazda - extr\u00e9mne v\u00fdpravy divo\u010dinou, n\u00e1v\u0161teva strelnice, paintball alebo Laser Tag, z\u00e1polenie v \u00fanikovej miestnosti, interakt\u00edvna z\u00e1bava vo VR ar\u00e9ne, pren\u00e1jom p\u00e1rty autobusu, v\u00fdlet do M\u00fazea uho\u013en\u00e9ho ban\u00edctva v Zabrze, ktor\u00e9 sa nach\u00e1dza ne\u010faleko Katov\u00edc - n\u00e1v\u0161teva podzemia, splavovanie podzemia v \u0161t\u00f4lni.<\/p>\n<p>Pre mnoh\u00fdch p\u00e1nov sa rozl\u00fa\u010dka so slobodou v Sliezsku nezaob\u00edde bez poch\u00fa\u0165ok region\u00e1lnej kuchyne. V Katoviciach nie je n\u00fadza o dobr\u00e9 re\u0161taur\u00e1cie, kde si m\u00f4\u017eete da\u0165 tradi\u010dn\u00e9 jedl\u00e1, ako je rol\u00e1da, sliezske knedle a modr\u00e1 kapusta. Ak h\u013ead\u00e1te exotickej\u0161iu ponuku, m\u00f4\u017eete sa vybra\u0165 na ulicu Mariacka, kde sa nach\u00e1dza mno\u017estvo podnikov pon\u00fakaj\u00facich jedl\u00e1 z cel\u00e9ho sveta, ako napr\u00edklad ob\u013e\u00faben\u00fd sushi bar s pl\u00e1vaj\u00facimi sushi lo\u010fami.<\/p>","protected":false},"excerpt":{"rendered":"<p>Przyj\u0119\u0142o si\u0119, \u017ce wiecz\u00f3r kawalerski powinien by\u0107 organizowany przez \u015bwiadka pana m\u0142odego i jego przyjaci\u00f3\u0142 oraz koleg\u00f3w. To zadanie jest ekscytuj\u0105ce, ale jednocze\u015bnie stanowi nie lada wyzwanie \u2013 nieco problematyczne mo\u017ce by\u0107 trafienie w gust bohatera wydarzenia i zadbanie o &#8230; <a class=\"Rmore tbutton small\" href=\"https:\/\/katowice.energy2000.pl\/sk\/rozlucka-so-slobodou-katowice\/\"><span>Pozri viac \"<\/span><\/a><\/p>","protected":false},"author":4290,"featured_media":0,"parent":0,"menu_order":14,"comment_status":"closed","ping_status":"closed","template":"","meta":[],"yoast_head":"<!-- This site is optimized with the Yoast SEO plugin v19.2 - https:\/\/yoast.com\/wordpress\/plugins\/seo\/ -->\n<title>Wiecz\u00f3r kawalerski Katowice \u2013 gdzie zorganizowa\u0107? - Energy2000 - Katowice<\/title>\n<meta name=\"description\" content=\"Zorganizuj epicki wiecz\u00f3r kawalerski w klubie! Moc atrakcji, najlepsza muzyka, niezapomniany klimat i impreza, kt\u00f3r\u0105 zapami\u0119tacie na d\u0142ugo. Sprawd\u017a, co oferujemy\" \/>\n<meta name=\"robots\" content=\"index, follow, max-snippet:-1, max-image-preview:large, max-video-preview:-1\" \/>\n<link rel=\"canonical\" href=\"https:\/\/katowice.energy2000.pl\/sk\/rozlucka-so-slobodou-katowice\/\" \/>\n<meta property=\"og:locale\" content=\"sk_SK\" \/>\n<meta property=\"og:type\" content=\"article\" \/>\n<meta property=\"og:title\" content=\"Wiecz\u00f3r kawalerski Katowice \u2013 gdzie zorganizowa\u0107? - Energy2000 - Katowice\" \/>\n<meta property=\"og:description\" content=\"Zorganizuj epicki wiecz\u00f3r kawalerski w klubie! Moc atrakcji, najlepsza muzyka, niezapomniany klimat i impreza, kt\u00f3r\u0105 zapami\u0119tacie na d\u0142ugo. Sprawd\u017a, co oferujemy\" \/>\n<meta property=\"og:url\" content=\"https:\/\/katowice.energy2000.pl\/sk\/rozlucka-so-slobodou-katowice\/\" \/>\n<meta property=\"og:site_name\" content=\"Energy2000 - Katowice\" \/>\n<meta property=\"article:modified_time\" content=\"2025-04-07T14:11:31+00:00\" \/>\n<meta name=\"author\" content=\"SEO\" \/>\n<meta name=\"twitter:card\" content=\"summary_large_image\" \/>\n<meta name=\"twitter:label1\" content=\"Predpokladan\u00fd \u010das \u010d\u00edtania\" \/>\n\t<meta name=\"twitter:data1\" content=\"3 min\u00faty\" \/>\n<script type=\"application\/ld+json\" class=\"yoast-schema-graph\">{\"@context\":\"https:\/\/schema.org\",\"@graph\":[{\"@type\":\"WebSite\",\"@id\":\"https:\/\/katowice.energy2000.pl\/#website\",\"url\":\"https:\/\/katowice.energy2000.pl\/\",\"name\":\"Energy2000 - Katowice\",\"description\":\"Najlepszy Klub na \u015bl\u0105sku\",\"potentialAction\":[{\"@type\":\"SearchAction\",\"target\":{\"@type\":\"EntryPoint\",\"urlTemplate\":\"https:\/\/katowice.energy2000.pl\/?s={search_term_string}\"},\"query-input\":\"required name=search_term_string\"}],\"inLanguage\":\"sk-SK\"},{\"@type\":\"WebPage\",\"@id\":\"https:\/\/katowice.energy2000.pl\/wieczor-kawalerski-katowice\/#webpage\",\"url\":\"https:\/\/katowice.energy2000.pl\/wieczor-kawalerski-katowice\/\",\"name\":\"Wiecz\u00f3r kawalerski Katowice \u2013 gdzie zorganizowa\u0107? - Energy2000 - Katowice\",\"isPartOf\":{\"@id\":\"https:\/\/katowice.energy2000.pl\/#website\"},\"datePublished\":\"2025-04-07T14:10:54+00:00\",\"dateModified\":\"2025-04-07T14:11:31+00:00\",\"description\":\"Zorganizuj epicki wiecz\u00f3r kawalerski w klubie! Moc atrakcji, najlepsza muzyka, niezapomniany klimat i impreza, kt\u00f3r\u0105 zapami\u0119tacie na d\u0142ugo. Sprawd\u017a, co oferujemy\",\"breadcrumb\":{\"@id\":\"https:\/\/katowice.energy2000.pl\/wieczor-kawalerski-katowice\/#breadcrumb\"},\"inLanguage\":\"sk-SK\",\"potentialAction\":[{\"@type\":\"ReadAction\",\"target\":[\"https:\/\/katowice.energy2000.pl\/wieczor-kawalerski-katowice\/\"]}]},{\"@type\":\"BreadcrumbList\",\"@id\":\"https:\/\/katowice.energy2000.pl\/wieczor-kawalerski-katowice\/#breadcrumb\",\"itemListElement\":[{\"@type\":\"ListItem\",\"position\":1,\"name\":\"Strona g\u0142\u00f3wna\",\"item\":\"https:\/\/katowice.energy2000.pl\/\"},{\"@type\":\"ListItem\",\"position\":2,\"name\":\"Wiecz\u00f3r kawalerski Katowice\"}]}]}<\/script>\n<!-- \/ Yoast SEO plugin. -->","yoast_head_json":{"title":"Wiecz\u00f3r kawalerski Katowice \u2013 gdzie zorganizowa\u0107? - Energy2000 - Katowice","description":"Zorganizuj epicki wiecz\u00f3r kawalerski w klubie! Moc atrakcji, najlepsza muzyka, niezapomniany klimat i impreza, kt\u00f3r\u0105 zapami\u0119tacie na d\u0142ugo. Sprawd\u017a, co oferujemy","robots":{"index":"index","follow":"follow","max-snippet":"max-snippet:-1","max-image-preview":"max-image-preview:large","max-video-preview":"max-video-preview:-1"},"canonical":"https:\/\/katowice.energy2000.pl\/sk\/rozlucka-so-slobodou-katowice\/","og_locale":"sk_SK","og_type":"article","og_title":"Wiecz\u00f3r kawalerski Katowice \u2013 gdzie zorganizowa\u0107? - Energy2000 - Katowice","og_description":"Zorganizuj epicki wiecz\u00f3r kawalerski w klubie! Moc atrakcji, najlepsza muzyka, niezapomniany klimat i impreza, kt\u00f3r\u0105 zapami\u0119tacie na d\u0142ugo. Sprawd\u017a, co oferujemy","og_url":"https:\/\/katowice.energy2000.pl\/sk\/rozlucka-so-slobodou-katowice\/","og_site_name":"Energy2000 - Katowice","article_modified_time":"2025-04-07T14:11:31+00:00","author":"SEO","twitter_card":"summary_large_image","twitter_misc":{"Predpokladan\u00fd \u010das \u010d\u00edtania":"3 min\u00faty"},"schema":{"@context":"https:\/\/schema.org","@graph":[{"@type":"WebSite","@id":"https:\/\/katowice.energy2000.pl\/#website","url":"https:\/\/katowice.energy2000.pl\/","name":"Energy2000 - Katowice","description":"Najlepszy Klub na \u015bl\u0105sku","potentialAction":[{"@type":"SearchAction","target":{"@type":"EntryPoint","urlTemplate":"https:\/\/katowice.energy2000.pl\/?s={search_term_string}"},"query-input":"required name=search_term_string"}],"inLanguage":"sk-SK"},{"@type":"WebPage","@id":"https:\/\/katowice.energy2000.pl\/wieczor-kawalerski-katowice\/#webpage","url":"https:\/\/katowice.energy2000.pl\/wieczor-kawalerski-katowice\/","name":"Wiecz\u00f3r kawalerski Katowice \u2013 gdzie zorganizowa\u0107? - Energy2000 - Katowice","isPartOf":{"@id":"https:\/\/katowice.energy2000.pl\/#website"},"datePublished":"2025-04-07T14:10:54+00:00","dateModified":"2025-04-07T14:11:31+00:00","description":"Zorganizuj epicki wiecz\u00f3r kawalerski w klubie! Moc atrakcji, najlepsza muzyka, niezapomniany klimat i impreza, kt\u00f3r\u0105 zapami\u0119tacie na d\u0142ugo. Sprawd\u017a, co oferujemy","breadcrumb":{"@id":"https:\/\/katowice.energy2000.pl\/wieczor-kawalerski-katowice\/#breadcrumb"},"inLanguage":"sk-SK","potentialAction":[{"@type":"ReadAction","target":["https:\/\/katowice.energy2000.pl\/wieczor-kawalerski-katowice\/"]}]},{"@type":"BreadcrumbList","@id":"https:\/\/katowice.energy2000.pl\/wieczor-kawalerski-katowice\/#breadcrumb","itemListElement":[{"@type":"ListItem","position":1,"name":"Strona g\u0142\u00f3wna","item":"https:\/\/katowice.energy2000.pl\/"},{"@type":"ListItem","position":2,"name":"Wiecz\u00f3r kawalerski Katowice"}]}]}},"_links":{"self":[{"href":"https:\/\/katowice.energy2000.pl\/sk\/wp-json\/wp\/v2\/pages\/177670"}],"collection":[{"href":"https:\/\/katowice.energy2000.pl\/sk\/wp-json\/wp\/v2\/pages"}],"about":[{"href":"https:\/\/katowice.energy2000.pl\/sk\/wp-json\/wp\/v2\/types\/page"}],"author":[{"embeddable":true,"href":"https:\/\/katowice.energy2000.pl\/sk\/wp-json\/wp\/v2\/users\/4290"}],"replies":[{"embeddable":true,"href":"https:\/\/katowice.energy2000.pl\/sk\/wp-json\/wp\/v2\/comments?post=177670"}],"version-history":[{"count":1,"href":"https:\/\/katowice.energy2000.pl\/sk\/wp-json\/wp\/v2\/pages\/177670\/revisions"}],"predecessor-version":[{"id":177671,"href":"https:\/\/katowice.energy2000.pl\/sk\/wp-json\/wp\/v2\/pages\/177670\/revisions\/177671"}],"wp:attachment":[{"href":"https:\/\/katowice.energy2000.pl\/sk\/wp-json\/wp\/v2\/media?parent=177670"}],"curies":[{"name":"wp","href":"https:\/\/api.w.org\/{rel}","templated":true}]}}