{"id":183145,"date":"2025-08-29T08:37:32","date_gmt":"2025-08-29T06:37:32","guid":{"rendered":"https:\/\/katowice.energy2000.pl\/?page_id=183145"},"modified":"2025-08-29T08:37:32","modified_gmt":"2025-08-29T06:37:32","slug":"walentynki-w-katowicach","status":"publish","type":"page","link":"https:\/\/katowice.energy2000.pl\/sk\/walentynki-w-katowicach\/","title":{"rendered":"Walentynki w Katowicach &#8211; jak sp\u0119dzi\u0107 ten wyj\u0105tkowy dzie\u0144?"},"content":{"rendered":"<p>Dla os\u00f3b, kt\u00f3re s\u0105 w zwi\u0105zkach, 14 lutego jest doskona\u0142\u0105 okazj\u0105 do tego, by oderwa\u0107 si\u0119 od codzienno\u015bci i celebrowa\u0107 uczucie w wyj\u0105tkowy spos\u00f3b. Je\u015bli lubisz takie \u015bwi\u0119ta lub po prostu chcesz skorzysta\u0107 z tego, \u017ce w tym czasie w mie\u015bcie du\u017co si\u0119 dzieje, warto sprawdzi\u0107, co oferuj\u0105 Katowice. Walentynki to czas, kiedy wiele restauracji, kin i klub\u00f3w przygotowuje specjalne wydarzenia, cz\u0119\u015b\u0107 z nich jest atrakcyjnych nie tylko dla zakochanych par, ale te\u017c singli.<\/p>\n<h2>Impreza walentynkowa, a mo\u017ce spokojny, romantyczny wiecz\u00f3r?<\/h2>\n<p>Gdy nadchodzi luty i jest coraz bli\u017cej do Walentynek, w Katowicach i innych miastach zaczyna si\u0119 prawdziwe szale\u0144stwo. Witryny sklepowe wype\u0142niaj\u0105 serduszka, kwiaty i inne mi\u0142osne aran\u017cacje, a w radiu cz\u0119\u015bciej s\u0142ycha\u0107 romantyczne przeboje. Cz\u0119\u015b\u0107 os\u00f3b g\u0142owi si\u0119, jak sprawi\u0107 przyjemno\u015b\u0107 bliskiej osobie. Inne \u2013 zastanawiaj\u0105 si\u0119, co robi\u0107 w \u015awi\u0119to Zakochanych, gdy nie jest si\u0119 zakochanym. Bez wzgl\u0119du na to, do kt\u00f3rej grupy si\u0119 nale\u017cy, warto zaplanowa\u0107 ten wiecz\u00f3r z wyprzedzeniem. Rezerwacje w restauracjach kurcz\u0105 si\u0119 b\u0142yskawicznie, r\u00f3wnie szybko znikaj\u0105 bilety do kin \u2013 szczeg\u00f3lnie na romantyczne komedie.<\/p>\n<p>Podobnie jest z imprezami walentynkowymi jak np. tymi organizowanymi w kultowym klubie Energy 2000 w Katowicach. Walentynki w tym lokalu to ju\u017c tradycja \u2013 niezale\u017cnie od tego, jaki ma si\u0119 status zwi\u0105zku, wszyscy mog\u0105 liczy\u0107 na wspania\u0142\u0105 zabaw\u0119. Wymy\u015blaj\u0105c walentynkowe rozrywki, pami\u0119taj, by by\u0142y dopasowane nie tylko do Twoich oczekiwa\u0144, ale te\u017c do upodoba\u0144 drugiej osoby. Je\u015bli lubisz aktywno\u015bci i wiesz, \u017ce taka forma sp\u0119dzania czasu przyniesie rado\u015b\u0107 ukochanej lub ukochanemu, mo\u017cecie uda\u0107 si\u0119 np. na lodowisko lub do wrotkarni. Na wielbicieli zagadek czekaj\u0105 escape roomy. Mo\u017cna te\u017c spr\u00f3bowa\u0107 czego\u015b mniej typowego \u2013 jak warsztaty kulinarne lub artystyczne, a po wszystkim wyskoczy\u0107 do pubu lub na disco.<\/p>\n<h2>Walentynki singla \u2013 co robi\u0107 w pojedynk\u0119 w \u015bwi\u0119to zakochanych?<\/h2>\n<p>Kto powiedzia\u0142, \u017ce imprezy walentynkowe i og\u00f3lnie celebracja tego \u015bwi\u0119ta jest zarezerwowana wy\u0142\u0105cznie dla par? Mo\u017cna kocha\u0107 innych ludzi, przyjaci\u00f3\u0142, \u015bwiat oraz siebie \u2013 i chcie\u0107 z tego powodu si\u0119 bawi\u0107. Walentynki singla r\u00f3wnie\u017c mog\u0105 by\u0107 okazj\u0105 do tego, by atrakcyjnie sp\u0119dzi\u0107 czas. Je\u015bli zastanawiasz si\u0119 nad tym, co robi\u0107 tego dnia, interesuj\u0105cych opcji nie brakuje. Mo\u017cesz wybra\u0107 si\u0119 na relaksuj\u0105cy masa\u017c, zafundowa\u0107 sobie dzie\u0144 w SPA lub spr\u00f3bowa\u0107 czego\u015b zupe\u0142nie innego \u2013 np. lotu w tunelu aerodynamicznym. Dobrym pomys\u0142em jest te\u017c um\u00f3wienie si\u0119 z innymi singlami, by wyj\u015b\u0107 wsp\u00f3lnie na miasto, zje\u015b\u0107 co\u015b pysznego, a p\u00f3\u017aniej uda\u0107 si\u0119 na imprez\u0119 walentynkow\u0105 \u2013 to doskona\u0142a okazja do tego, by pota\u0144czy\u0107, pozna\u0107 nowych ludzi i po prostu dobrze si\u0119 bawi\u0107 w miejscu, w kt\u00f3rym panuje najlepszy imprezowy klimat.<\/p>\n<h2>Katowice \u2013 walentynki celebruj mi\u0142o\u015b\u0107 w klubie Energy 2000<\/h2>\n<p>No dobrze, to dok\u0105d si\u0119 wybra\u0107 wieczorow\u0105 por\u0105, by \u015bwi\u0119towa\u0107 Walentynki w Katowicach? Energy 2000 to idealny plan i gwarancja dobrej zabawy. W znanym lokalu, kt\u00f3ry s\u0142ynie z organizacji przyci\u0105gaj\u0105cych t\u0142umy wydarze\u0144, mo\u017cna si\u0119 spodziewa\u0107:<\/p>\n<ul>\n<li>gor\u0105cych hit\u00f3w, kt\u00f3re zatrz\u0119s\u0105 parkietem,<\/li>\n<li>klimatycznych aran\u017cacji sal, dekoracji, dodatk\u00f3w i akcesori\u00f3w podkr\u0119caj\u0105cych niesamowit\u0105 atmosfer\u0119,<\/li>\n<li>zjawiskowych efekt\u00f3w specjalnych, kt\u00f3re sprawi\u0105, \u017ce walentynkowa impreza b\u0119dzie prawdziwym show,<\/li>\n<li>profesjonalnej, \u017cyczliwej obs\u0142ugi, kt\u00f3ra dba o komfort, dobry nastr\u00f3j i bezpiecze\u0144stwo klubowicz\u00f3w.<\/li>\n<\/ul>\n<p>Je\u015bli chcesz ciekawie sp\u0119dzi\u0107 Walentynki na \u015al\u0105sku, postaw na sprawdzon\u0105 miejsc\u00f3wk\u0119, gdzie od lat odbywaj\u0105 tematyczne eventy.<\/p>","protected":false},"excerpt":{"rendered":"<p>Dla os\u00f3b, kt\u00f3re s\u0105 w zwi\u0105zkach, 14 lutego jest doskona\u0142\u0105 okazj\u0105 do tego, by oderwa\u0107 si\u0119 od codzienno\u015bci i celebrowa\u0107 uczucie w wyj\u0105tkowy spos\u00f3b. Je\u015bli lubisz takie \u015bwi\u0119ta lub po prostu chcesz skorzysta\u0107 z tego, \u017ce w tym czasie w &#8230; <a class=\"Rmore tbutton small\" href=\"https:\/\/katowice.energy2000.pl\/sk\/walentynki-w-katowicach\/\"><span>Pozri viac \"<\/span><\/a><\/p>","protected":false},"author":4290,"featured_media":0,"parent":0,"menu_order":9,"comment_status":"closed","ping_status":"closed","template":"","meta":[],"yoast_head":"<!-- This site is optimized with the Yoast SEO plugin v19.2 - https:\/\/yoast.com\/wordpress\/plugins\/seo\/ -->\n<title>Walentynki w Katowicach - jak sp\u0119dzi\u0107 ten wyj\u0105tkowy dzie\u0144? - Energy2000 - Katowice<\/title>\n<meta name=\"robots\" content=\"index, follow, max-snippet:-1, max-image-preview:large, max-video-preview:-1\" \/>\n<link rel=\"canonical\" href=\"https:\/\/katowice.energy2000.pl\/sk\/walentynki-w-katowicach\/\" \/>\n<meta property=\"og:locale\" content=\"sk_SK\" \/>\n<meta property=\"og:type\" content=\"article\" \/>\n<meta property=\"og:title\" content=\"Walentynki w Katowicach - jak sp\u0119dzi\u0107 ten wyj\u0105tkowy dzie\u0144? - Energy2000 - Katowice\" \/>\n<meta property=\"og:description\" content=\"Dla os\u00f3b, kt\u00f3re s\u0105 w zwi\u0105zkach, 14 lutego jest doskona\u0142\u0105 okazj\u0105 do tego, by oderwa\u0107 si\u0119 od codzienno\u015bci i celebrowa\u0107 uczucie w wyj\u0105tkowy spos\u00f3b. Je\u015bli lubisz takie \u015bwi\u0119ta lub po prostu chcesz skorzysta\u0107 z tego, \u017ce w tym czasie w ... Zobacz Wi\u0119cej \u00bb\" \/>\n<meta property=\"og:url\" content=\"https:\/\/katowice.energy2000.pl\/sk\/walentynki-w-katowicach\/\" \/>\n<meta property=\"og:site_name\" content=\"Energy2000 - Katowice\" \/>\n<meta name=\"author\" content=\"SEO\" \/>\n<meta name=\"twitter:card\" content=\"summary_large_image\" \/>\n<meta name=\"twitter:label1\" content=\"Predpokladan\u00fd \u010das \u010d\u00edtania\" \/>\n\t<meta name=\"twitter:data1\" content=\"4 min\u00faty\" \/>\n<script type=\"application\/ld+json\" class=\"yoast-schema-graph\">{\"@context\":\"https:\/\/schema.org\",\"@graph\":[{\"@type\":\"WebSite\",\"@id\":\"https:\/\/katowice.energy2000.pl\/#website\",\"url\":\"https:\/\/katowice.energy2000.pl\/\",\"name\":\"Energy2000 - Katowice\",\"description\":\"Najlepszy Klub na \u015bl\u0105sku\",\"potentialAction\":[{\"@type\":\"SearchAction\",\"target\":{\"@type\":\"EntryPoint\",\"urlTemplate\":\"https:\/\/katowice.energy2000.pl\/?s={search_term_string}\"},\"query-input\":\"required name=search_term_string\"}],\"inLanguage\":\"sk-SK\"},{\"@type\":\"WebPage\",\"@id\":\"https:\/\/katowice.energy2000.pl\/walentynki-w-katowicach\/#webpage\",\"url\":\"https:\/\/katowice.energy2000.pl\/walentynki-w-katowicach\/\",\"name\":\"Walentynki w Katowicach - jak sp\u0119dzi\u0107 ten wyj\u0105tkowy dzie\u0144? - Energy2000 - Katowice\",\"isPartOf\":{\"@id\":\"https:\/\/katowice.energy2000.pl\/#website\"},\"datePublished\":\"2025-08-29T06:37:32+00:00\",\"dateModified\":\"2025-08-29T06:37:32+00:00\",\"breadcrumb\":{\"@id\":\"https:\/\/katowice.energy2000.pl\/walentynki-w-katowicach\/#breadcrumb\"},\"inLanguage\":\"sk-SK\",\"potentialAction\":[{\"@type\":\"ReadAction\",\"target\":[\"https:\/\/katowice.energy2000.pl\/walentynki-w-katowicach\/\"]}]},{\"@type\":\"BreadcrumbList\",\"@id\":\"https:\/\/katowice.energy2000.pl\/walentynki-w-katowicach\/#breadcrumb\",\"itemListElement\":[{\"@type\":\"ListItem\",\"position\":1,\"name\":\"Strona g\u0142\u00f3wna\",\"item\":\"https:\/\/katowice.energy2000.pl\/\"},{\"@type\":\"ListItem\",\"position\":2,\"name\":\"Walentynki w Katowicach &#8211; jak sp\u0119dzi\u0107 ten wyj\u0105tkowy dzie\u0144?\"}]}]}<\/script>\n<!-- \/ Yoast SEO plugin. -->","yoast_head_json":{"title":"Walentynki w Katowicach - jak sp\u0119dzi\u0107 ten wyj\u0105tkowy dzie\u0144? - Energy2000 - Katowice","robots":{"index":"index","follow":"follow","max-snippet":"max-snippet:-1","max-image-preview":"max-image-preview:large","max-video-preview":"max-video-preview:-1"},"canonical":"https:\/\/katowice.energy2000.pl\/sk\/walentynki-w-katowicach\/","og_locale":"sk_SK","og_type":"article","og_title":"Walentynki w Katowicach - jak sp\u0119dzi\u0107 ten wyj\u0105tkowy dzie\u0144? - Energy2000 - Katowice","og_description":"Dla os\u00f3b, kt\u00f3re s\u0105 w zwi\u0105zkach, 14 lutego jest doskona\u0142\u0105 okazj\u0105 do tego, by oderwa\u0107 si\u0119 od codzienno\u015bci i celebrowa\u0107 uczucie w wyj\u0105tkowy spos\u00f3b. Je\u015bli lubisz takie \u015bwi\u0119ta lub po prostu chcesz skorzysta\u0107 z tego, \u017ce w tym czasie w ... Zobacz Wi\u0119cej \u00bb","og_url":"https:\/\/katowice.energy2000.pl\/sk\/walentynki-w-katowicach\/","og_site_name":"Energy2000 - Katowice","author":"SEO","twitter_card":"summary_large_image","twitter_misc":{"Predpokladan\u00fd \u010das \u010d\u00edtania":"4 min\u00faty"},"schema":{"@context":"https:\/\/schema.org","@graph":[{"@type":"WebSite","@id":"https:\/\/katowice.energy2000.pl\/#website","url":"https:\/\/katowice.energy2000.pl\/","name":"Energy2000 - Katowice","description":"Najlepszy Klub na \u015bl\u0105sku","potentialAction":[{"@type":"SearchAction","target":{"@type":"EntryPoint","urlTemplate":"https:\/\/katowice.energy2000.pl\/?s={search_term_string}"},"query-input":"required name=search_term_string"}],"inLanguage":"sk-SK"},{"@type":"WebPage","@id":"https:\/\/katowice.energy2000.pl\/walentynki-w-katowicach\/#webpage","url":"https:\/\/katowice.energy2000.pl\/walentynki-w-katowicach\/","name":"Walentynki w Katowicach - jak sp\u0119dzi\u0107 ten wyj\u0105tkowy dzie\u0144? - Energy2000 - Katowice","isPartOf":{"@id":"https:\/\/katowice.energy2000.pl\/#website"},"datePublished":"2025-08-29T06:37:32+00:00","dateModified":"2025-08-29T06:37:32+00:00","breadcrumb":{"@id":"https:\/\/katowice.energy2000.pl\/walentynki-w-katowicach\/#breadcrumb"},"inLanguage":"sk-SK","potentialAction":[{"@type":"ReadAction","target":["https:\/\/katowice.energy2000.pl\/walentynki-w-katowicach\/"]}]},{"@type":"BreadcrumbList","@id":"https:\/\/katowice.energy2000.pl\/walentynki-w-katowicach\/#breadcrumb","itemListElement":[{"@type":"ListItem","position":1,"name":"Strona g\u0142\u00f3wna","item":"https:\/\/katowice.energy2000.pl\/"},{"@type":"ListItem","position":2,"name":"Walentynki w Katowicach &#8211; jak sp\u0119dzi\u0107 ten wyj\u0105tkowy dzie\u0144?"}]}]}},"_links":{"self":[{"href":"https:\/\/katowice.energy2000.pl\/sk\/wp-json\/wp\/v2\/pages\/183145"}],"collection":[{"href":"https:\/\/katowice.energy2000.pl\/sk\/wp-json\/wp\/v2\/pages"}],"about":[{"href":"https:\/\/katowice.energy2000.pl\/sk\/wp-json\/wp\/v2\/types\/page"}],"author":[{"embeddable":true,"href":"https:\/\/katowice.energy2000.pl\/sk\/wp-json\/wp\/v2\/users\/4290"}],"replies":[{"embeddable":true,"href":"https:\/\/katowice.energy2000.pl\/sk\/wp-json\/wp\/v2\/comments?post=183145"}],"version-history":[{"count":1,"href":"https:\/\/katowice.energy2000.pl\/sk\/wp-json\/wp\/v2\/pages\/183145\/revisions"}],"predecessor-version":[{"id":183146,"href":"https:\/\/katowice.energy2000.pl\/sk\/wp-json\/wp\/v2\/pages\/183145\/revisions\/183146"}],"wp:attachment":[{"href":"https:\/\/katowice.energy2000.pl\/sk\/wp-json\/wp\/v2\/media?parent=183145"}],"curies":[{"name":"wp","href":"https:\/\/api.w.org\/{rel}","templated":true}]}}