{"id":185970,"date":"2025-10-28T16:31:41","date_gmt":"2025-10-28T15:31:41","guid":{"rendered":"https:\/\/katowice.energy2000.pl\/?page_id=185970"},"modified":"2025-11-06T16:32:03","modified_gmt":"2025-11-06T15:32:03","slug":"urodziny-w-klubie","status":"publish","type":"page","link":"https:\/\/katowice.energy2000.pl\/sk\/urodziny-w-klubie\/","title":{"rendered":"Urodziny w klubie w Katowicach? Sprawd\u017a, jak to zrobi\u0107 i gdzie \u015bwi\u0119towa\u0107"},"content":{"rendered":"<p>Urodziny 18., 40. i ka\u017cde inne to dobra okazja, by sp\u0119dzi\u0107 czas z bliskimi. W \u015bwiecie, w kt\u00f3rym wszyscy s\u0105 zabiegani i coraz rzadziej spotykaj\u0105 si\u0119 w pe\u0142nym sk\u0142adzie, warto celebrowa\u0107 ten wyj\u0105tkowy dzie\u0144. Zastanawiasz si\u0119, gdzie wyprawi\u0107 przyj\u0119cie i o co zadba\u0107, by zabawa by\u0142a udana? Rozwa\u017casz, czy wybra\u0107 klub na urodziny? Lokal mo\u017ce by\u0107 dobr\u0105 opcj\u0105, szczeg\u00f3lnie taki, kt\u00f3ry s\u0142ynie z najlepszych imprez. Sprawd\u017a, gdzie warto uczci\u0107 t\u0119 wa\u017cn\u0105 dat\u0119.<\/p>\n<h2>Lokal na urodziny Katowice \u2013 czy klub to dobry pomys\u0142?<\/h2>\n<p>Urodziny mo\u017cesz zorganizowa\u0107 w domu, ale wi\u0105\u017ce si\u0119 to z szykowaniem imprezy, obs\u0142ugiwaniem go\u015bci i sprz\u0105taniem po imprezie. Dom\u00f3wki maj\u0105 sw\u00f3j klimat, stwarzaj\u0105 przestrze\u0144 do swobodnej zabawy w kameralnym gronie i rozm\u00f3w o wszystkim w przyjaznej atmosferze. Jednak nie zawsze mo\u017cna sobie pozwoli\u0107 na imprezowanie. Je\u015bli mieszkasz w bloku, s\u0105siadom mo\u017ce nie podoba\u0107 si\u0119 to, \u017ce zak\u0142\u00f3cacie cisz\u0119 po 22.<\/p>\n<p>Dobrym sposobem na unikni\u0119cie sprzeczki z s\u0105siadami mo\u017ce by\u0107 po\u0142\u0105czenie spotkania w domu z wyj\u015bciem do klubu lub zaplanowanie imprezy od pocz\u0105tku poza domem. Wybieraj\u0105c lokal na 18 urodziny, unikniesz niespodzianek w stylu rozlanego napoju na kanapie lub innych \u201eatrakcji\u201d. Ograniczysz te\u017c wszystkie sprawy organizacyjne \u2013 szykowanie jedzenia, wyb\u00f3r muzyki, czy doprowadzanie miejsca po imprezce do porz\u0105dku.<br \/>\nW lokalu czeka na Ciebie klimatyczny wystr\u00f3j \u2013 nastrojowe \u015bwiat\u0142a, g\u0142o\u015bna, porywaj\u0105ca do ta\u0144ca muzyka i parkiet pe\u0142en ludzi. Imprezowy vibe pozwala zapomnie\u0107 o codzienno\u015bci. Mo\u017cesz poczu\u0107 si\u0119 jak prawdziwa gwiazda wieczoru, beztrosko ta\u0144cz\u0105c do bia\u0142ego rana.<\/p>\n<h2>Energy 2000 Katowice \u2013 popularny lokal na urodziny. Tu dziej\u0105 si\u0119 najlepsze imprezy<\/h2>\n<p>Je\u015bli chcesz znale\u017a\u0107 dobry lokal na urodziny w Katowicach, warto wybra\u0107 si\u0119 do popularnego klubu Energy 2000. Wiele os\u00f3b z r\u00f3\u017cnych stron Polski decyduje si\u0119 na przyjazd w te rejony, by korzysta\u0107 z atrakcji, jakie oferuje miasto. Mo\u017ce warto zarezerwowa\u0107 sobie weekend i ca\u0142\u0105 ekip\u0105 wyruszy\u0107 na \u015al\u0105sk? Region oferuje rozmaite rozrywki, a wyj\u015bcie do znanego lokalu b\u0119dzie jak wisienka na torcie.<\/p>\n<p>Niezale\u017cnie od tego, czy rozwa\u017casz \u015bwi\u0119towanie 18., czy zastanawiasz si\u0119, gdzie zrobi\u0107 40 urodziny w Katowicach, Energy 2000 b\u0119dzie doskona\u0142ym wyborem! Czekaj\u0105 tu na Ciebie trzy przestronne sale zaprojektowane przez architekt\u00f3w, kt\u00f3rzy zajmowali si\u0119 m.in. wystrojem kasyn w Las Vegas. Nowoczesny wystr\u00f3j robi wra\u017cenie. Aran\u017cacj\u0119 uzupe\u0142niaj\u0105 dodatki wizualne jak ogromne ekrany LED, rozbudowane systemy laserowe, efekty dymu oraz pirotechnika. Ka\u017cdy wiecz\u00f3r jest prawdziwym wydarzeniem. To idealny klub na imprez\u0119 urodzinow\u0105.<\/p>\n<h2>Klub na imprez\u0119 urodzinow\u0105 \u2013 o czym pami\u0119ta\u0107?<\/h2>\n<p>Je\u015bli zdecydujesz si\u0119 na urodziny w klubie w Katowicach, pami\u0119taj, by zarezerwowa\u0107 lo\u017ce odpowiednio wcze\u015bniej. Mo\u017cesz skorzysta\u0107 z dost\u0119pnej promocji \u2013 pakietu urodzinowego. Wybieraj\u0105c t\u0119 opcj\u0119, stawiasz na profesjonaln\u0105 organizacj\u0119 wydarzenia. Dzi\u0119ki temu otrzymasz wygodne wydzielone miejsce dla Ciebie i go\u015bci \u2013 stolik, przy kt\u00f3rym mo\u017cna odpocz\u0105\u0107 po intensywnej zabawie na parkiecie. Darmowe wej\u015bci\u00f3wki, vouchery na bar i zestaw firmowych gad\u017cet\u00f3w zach\u0119caj\u0105 do skorzystania z oferty klubu.<\/p>\n<p>Warto wiedzie\u0107, \u017ce w Energy 2000 odbywaj\u0105 si\u0119 koncerty i imprezy tematyczne. Sprawd\u017a harmonogram wydarze\u0144, mo\u017ce akurat w najbli\u017cszym czasie b\u0119dzie organizowany wyst\u0119p wokalisty lub zespo\u0142u, kt\u00f3ry lubisz? Warto tak\u017ce zerkn\u0105\u0107 do regulaminu, by wiedzie\u0107, jaki dress code obowi\u0105zuje w tym miejscu. Przed wyj\u015bciem do klubu na urodziny upewnij si\u0119, \u017ce masz na\u0142adowany telefon, by przez aplikacj\u0119 zam\u00f3wi\u0107 transport powrotny. Z\u0142ap pozytywny nastr\u00f3j \u2013 dobra zabawa gwarantowana!<\/p>","protected":false},"excerpt":{"rendered":"<p>Urodziny 18., 40. i ka\u017cde inne to dobra okazja, by sp\u0119dzi\u0107 czas z bliskimi. W \u015bwiecie, w kt\u00f3rym wszyscy s\u0105 zabiegani i coraz rzadziej spotykaj\u0105 si\u0119 w pe\u0142nym sk\u0142adzie, warto celebrowa\u0107 ten wyj\u0105tkowy dzie\u0144. Zastanawiasz si\u0119, gdzie wyprawi\u0107 przyj\u0119cie i &#8230; <a class=\"Rmore tbutton small\" href=\"https:\/\/katowice.energy2000.pl\/sk\/urodziny-w-klubie\/\"><span>Pozri viac \"<\/span><\/a><\/p>","protected":false},"author":4290,"featured_media":0,"parent":0,"menu_order":6,"comment_status":"closed","ping_status":"closed","template":"","meta":[],"yoast_head":"<!-- This site is optimized with the Yoast SEO plugin v19.2 - https:\/\/yoast.com\/wordpress\/plugins\/seo\/ -->\n<title>Urodziny w klubie w Katowicach? Sprawd\u017a, jak to zrobi\u0107 i gdzie \u015bwi\u0119towa\u0107 - Energy2000 - Katowice<\/title>\n<meta name=\"description\" content=\"Urodziny w Katowickim klubie? To \u015bwietny pomys\u0142! Zobacz, jak zarezerwowa\u0107 lo\u017c\u0119, wybra\u0107 najlepszy lokal i \u015bwi\u0119towa\u0107 do bia\u0142ego rana. Dowiedz si\u0119 wi\u0119cej!\" \/>\n<meta name=\"robots\" content=\"index, follow, max-snippet:-1, max-image-preview:large, max-video-preview:-1\" \/>\n<link rel=\"canonical\" href=\"https:\/\/katowice.energy2000.pl\/sk\/urodziny-w-klubie\/\" \/>\n<meta property=\"og:locale\" content=\"sk_SK\" \/>\n<meta property=\"og:type\" content=\"article\" \/>\n<meta property=\"og:title\" content=\"Urodziny w klubie w Katowicach? Sprawd\u017a, jak to zrobi\u0107 i gdzie \u015bwi\u0119towa\u0107 - Energy2000 - Katowice\" \/>\n<meta property=\"og:description\" content=\"Urodziny w Katowickim klubie? To \u015bwietny pomys\u0142! Zobacz, jak zarezerwowa\u0107 lo\u017c\u0119, wybra\u0107 najlepszy lokal i \u015bwi\u0119towa\u0107 do bia\u0142ego rana. Dowiedz si\u0119 wi\u0119cej!\" \/>\n<meta property=\"og:url\" content=\"https:\/\/katowice.energy2000.pl\/sk\/urodziny-w-klubie\/\" \/>\n<meta property=\"og:site_name\" content=\"Energy2000 - Katowice\" \/>\n<meta property=\"article:modified_time\" content=\"2025-11-06T15:32:03+00:00\" \/>\n<meta name=\"author\" content=\"SEO\" \/>\n<meta name=\"twitter:card\" content=\"summary_large_image\" \/>\n<meta name=\"twitter:label1\" content=\"Predpokladan\u00fd \u010das \u010d\u00edtania\" \/>\n\t<meta name=\"twitter:data1\" content=\"4 min\u00faty\" \/>\n<script type=\"application\/ld+json\" class=\"yoast-schema-graph\">{\"@context\":\"https:\/\/schema.org\",\"@graph\":[{\"@type\":\"WebSite\",\"@id\":\"https:\/\/katowice.energy2000.pl\/#website\",\"url\":\"https:\/\/katowice.energy2000.pl\/\",\"name\":\"Energy2000 - Katowice\",\"description\":\"Najlepszy Klub na \u015bl\u0105sku\",\"potentialAction\":[{\"@type\":\"SearchAction\",\"target\":{\"@type\":\"EntryPoint\",\"urlTemplate\":\"https:\/\/katowice.energy2000.pl\/?s={search_term_string}\"},\"query-input\":\"required name=search_term_string\"}],\"inLanguage\":\"sk-SK\"},{\"@type\":\"WebPage\",\"@id\":\"https:\/\/katowice.energy2000.pl\/urodziny-w-klubie\/#webpage\",\"url\":\"https:\/\/katowice.energy2000.pl\/urodziny-w-klubie\/\",\"name\":\"Urodziny w klubie w Katowicach? Sprawd\u017a, jak to zrobi\u0107 i gdzie \u015bwi\u0119towa\u0107 - Energy2000 - Katowice\",\"isPartOf\":{\"@id\":\"https:\/\/katowice.energy2000.pl\/#website\"},\"datePublished\":\"2025-10-28T15:31:41+00:00\",\"dateModified\":\"2025-11-06T15:32:03+00:00\",\"description\":\"Urodziny w Katowickim klubie? To \u015bwietny pomys\u0142! Zobacz, jak zarezerwowa\u0107 lo\u017c\u0119, wybra\u0107 najlepszy lokal i \u015bwi\u0119towa\u0107 do bia\u0142ego rana. Dowiedz si\u0119 wi\u0119cej!\",\"breadcrumb\":{\"@id\":\"https:\/\/katowice.energy2000.pl\/urodziny-w-klubie\/#breadcrumb\"},\"inLanguage\":\"sk-SK\",\"potentialAction\":[{\"@type\":\"ReadAction\",\"target\":[\"https:\/\/katowice.energy2000.pl\/urodziny-w-klubie\/\"]}]},{\"@type\":\"BreadcrumbList\",\"@id\":\"https:\/\/katowice.energy2000.pl\/urodziny-w-klubie\/#breadcrumb\",\"itemListElement\":[{\"@type\":\"ListItem\",\"position\":1,\"name\":\"Strona g\u0142\u00f3wna\",\"item\":\"https:\/\/katowice.energy2000.pl\/\"},{\"@type\":\"ListItem\",\"position\":2,\"name\":\"Urodziny w klubie w Katowicach? Sprawd\u017a, jak to zrobi\u0107 i gdzie \u015bwi\u0119towa\u0107\"}]}]}<\/script>\n<!-- \/ Yoast SEO plugin. -->","yoast_head_json":{"title":"Urodziny w klubie w Katowicach? Sprawd\u017a, jak to zrobi\u0107 i gdzie \u015bwi\u0119towa\u0107 - Energy2000 - Katowice","description":"Urodziny w Katowickim klubie? To \u015bwietny pomys\u0142! Zobacz, jak zarezerwowa\u0107 lo\u017c\u0119, wybra\u0107 najlepszy lokal i \u015bwi\u0119towa\u0107 do bia\u0142ego rana. Dowiedz si\u0119 wi\u0119cej!","robots":{"index":"index","follow":"follow","max-snippet":"max-snippet:-1","max-image-preview":"max-image-preview:large","max-video-preview":"max-video-preview:-1"},"canonical":"https:\/\/katowice.energy2000.pl\/sk\/urodziny-w-klubie\/","og_locale":"sk_SK","og_type":"article","og_title":"Urodziny w klubie w Katowicach? Sprawd\u017a, jak to zrobi\u0107 i gdzie \u015bwi\u0119towa\u0107 - Energy2000 - Katowice","og_description":"Urodziny w Katowickim klubie? To \u015bwietny pomys\u0142! Zobacz, jak zarezerwowa\u0107 lo\u017c\u0119, wybra\u0107 najlepszy lokal i \u015bwi\u0119towa\u0107 do bia\u0142ego rana. Dowiedz si\u0119 wi\u0119cej!","og_url":"https:\/\/katowice.energy2000.pl\/sk\/urodziny-w-klubie\/","og_site_name":"Energy2000 - Katowice","article_modified_time":"2025-11-06T15:32:03+00:00","author":"SEO","twitter_card":"summary_large_image","twitter_misc":{"Predpokladan\u00fd \u010das \u010d\u00edtania":"4 min\u00faty"},"schema":{"@context":"https:\/\/schema.org","@graph":[{"@type":"WebSite","@id":"https:\/\/katowice.energy2000.pl\/#website","url":"https:\/\/katowice.energy2000.pl\/","name":"Energy2000 - Katowice","description":"Najlepszy Klub na \u015bl\u0105sku","potentialAction":[{"@type":"SearchAction","target":{"@type":"EntryPoint","urlTemplate":"https:\/\/katowice.energy2000.pl\/?s={search_term_string}"},"query-input":"required name=search_term_string"}],"inLanguage":"sk-SK"},{"@type":"WebPage","@id":"https:\/\/katowice.energy2000.pl\/urodziny-w-klubie\/#webpage","url":"https:\/\/katowice.energy2000.pl\/urodziny-w-klubie\/","name":"Urodziny w klubie w Katowicach? Sprawd\u017a, jak to zrobi\u0107 i gdzie \u015bwi\u0119towa\u0107 - Energy2000 - Katowice","isPartOf":{"@id":"https:\/\/katowice.energy2000.pl\/#website"},"datePublished":"2025-10-28T15:31:41+00:00","dateModified":"2025-11-06T15:32:03+00:00","description":"Urodziny w Katowickim klubie? To \u015bwietny pomys\u0142! Zobacz, jak zarezerwowa\u0107 lo\u017c\u0119, wybra\u0107 najlepszy lokal i \u015bwi\u0119towa\u0107 do bia\u0142ego rana. Dowiedz si\u0119 wi\u0119cej!","breadcrumb":{"@id":"https:\/\/katowice.energy2000.pl\/urodziny-w-klubie\/#breadcrumb"},"inLanguage":"sk-SK","potentialAction":[{"@type":"ReadAction","target":["https:\/\/katowice.energy2000.pl\/urodziny-w-klubie\/"]}]},{"@type":"BreadcrumbList","@id":"https:\/\/katowice.energy2000.pl\/urodziny-w-klubie\/#breadcrumb","itemListElement":[{"@type":"ListItem","position":1,"name":"Strona g\u0142\u00f3wna","item":"https:\/\/katowice.energy2000.pl\/"},{"@type":"ListItem","position":2,"name":"Urodziny w klubie w Katowicach? Sprawd\u017a, jak to zrobi\u0107 i gdzie \u015bwi\u0119towa\u0107"}]}]}},"_links":{"self":[{"href":"https:\/\/katowice.energy2000.pl\/sk\/wp-json\/wp\/v2\/pages\/185970"}],"collection":[{"href":"https:\/\/katowice.energy2000.pl\/sk\/wp-json\/wp\/v2\/pages"}],"about":[{"href":"https:\/\/katowice.energy2000.pl\/sk\/wp-json\/wp\/v2\/types\/page"}],"author":[{"embeddable":true,"href":"https:\/\/katowice.energy2000.pl\/sk\/wp-json\/wp\/v2\/users\/4290"}],"replies":[{"embeddable":true,"href":"https:\/\/katowice.energy2000.pl\/sk\/wp-json\/wp\/v2\/comments?post=185970"}],"version-history":[{"count":1,"href":"https:\/\/katowice.energy2000.pl\/sk\/wp-json\/wp\/v2\/pages\/185970\/revisions"}],"predecessor-version":[{"id":185971,"href":"https:\/\/katowice.energy2000.pl\/sk\/wp-json\/wp\/v2\/pages\/185970\/revisions\/185971"}],"wp:attachment":[{"href":"https:\/\/katowice.energy2000.pl\/sk\/wp-json\/wp\/v2\/media?parent=185970"}],"curies":[{"name":"wp","href":"https:\/\/api.w.org\/{rel}","templated":true}]}}