{"id":189214,"date":"2026-01-26T15:09:50","date_gmt":"2026-01-26T14:09:50","guid":{"rendered":"https:\/\/katowice.energy2000.pl\/?page_id=189214"},"modified":"2026-04-02T11:41:27","modified_gmt":"2026-04-02T09:41:27","slug":"jak-sie-ubrac-do-klubu","status":"publish","type":"page","link":"https:\/\/katowice.energy2000.pl\/sk\/jak-sie-ubrac-do-klubu\/","title":{"rendered":"Jak si\u0119 ubra\u0107 do klubu? Sprawd\u017a, jak wybra\u0107 outfit na imprez\u0119"},"content":{"rendered":"<p>Zbli\u017ca si\u0119 weekend i masz okazj\u0119 wyj\u015b\u0107 na imprez\u0119, ale po przejrzeniu swojej garderoby, zapa\u0142 mija? Nie wiesz, jak ubra\u0107 si\u0119 do klubu? Sprawd\u017a nasze podpowiedzi, by znale\u017a\u0107 inspiracje. W tym artykule spr\u00f3bujemy znale\u017a\u0107 odpowiedzi na takie pytania jak: na co zwr\u00f3ci\u0107 uwag\u0119 przy wyborze stroju i sk\u0105d bra\u0107 ubrania, by by\u0142o stylowo, a przy tym, by nie wyda\u0107 po\u0142owy wyp\u0142aty na nowe rzeczy.<\/p>\n<h2>Jak ubra\u0107 si\u0119 do klubu? Zadbaj o wygod\u0119 i styl<\/h2>\n<p>Po pierwsze, warto pami\u0119ta\u0107, \u017ce outfit do klubu powinien by\u0107 wygodny. Musi zapewnia\u0107 swobod\u0119, bo wychodzisz do lokalu, \u017ceby si\u0119 bawi\u0107 i przyjemnie sp\u0119dza\u0107 czas. W stroju, w kt\u00f3rym nie jeste\u015b w pe\u0142ni sob\u0105, mo\u017ce doskwiera\u0107 Ci dyskomfort. Warto zwr\u00f3ci\u0107 uwag\u0119 r\u00f3wnie\u017c na to, \u017ce podczas intensywnych ta\u0144c\u00f3w, cia\u0142o si\u0119 poci, wi\u0119c ubrania, kt\u00f3re masz na sobie, powinny oddycha\u0107 i by\u0107 przewiewne. Str\u00f3j do klubu musi mie\u0107 te\u017c oczywi\u015bcie dobrany rozmiar i zapewnia\u0107 swobod\u0119 ruch\u00f3w i ekspresji.<\/p>\n<p>Jak si\u0119 ubra\u0107 na dyskotek\u0119? Wa\u017cne, by zachowa\u0107 sw\u00f3j styl i czu\u0107 si\u0119 dobrze w parkiecie i w lo\u017cy. A mo\u017ce chcesz co\u015b zmieni\u0107 w\u0142a\u015bnie przy okazji wyj\u015bcia na imprez\u0119 dyskotekow\u0105? Zabierz przyjaci\u00f3\u0142ki na wsp\u00f3lne zakupy, r\u00f3b sobie zdj\u0119cia w r\u00f3\u017cnych stylizacjach, by p\u00f3\u017aniej oceni\u0107, co Ci si\u0119 podoba i w kt\u00f3rym kierunku warto p\u00f3j\u015b\u0107. Je\u015bli chcesz metamorfozy, nie b\u00f3j si\u0119 pyta\u0107 bliskich os\u00f3b, w czym wygl\u0105dasz dobrze. Mo\u017cesz te\u017c zasi\u0119gn\u0105\u0107 opinii wrzucaj\u0105c styl\u00f3wki na media spo\u0142eczno\u015bciowe.<\/p>\n<h2>Co ubra\u0107 do klubu, by by\u0107 na czasie?<\/h2>\n<p>Nie trzeba co sezon wymienia\u0107 garderoby, by nad\u0105\u017ca\u0107 za trendami \u2013 szczeg\u00f3lnie \u017ce te wracaj\u0105. Planuj\u0105c stylizacje do klubu, mo\u017cesz wykorzysta\u0107 rzeczy, kt\u00f3re masz w swojej szafie i doda\u0107 do nich aktualne akcenty np. ponadczasow\u0105 ma\u0142\u0105 czarn\u0105 mo\u017cesz zestawi\u0107 z modnymi masywnymi butami. Inna propozycja to retro dzwony, a do tego cekinowy top lub gorset. Panowie maj\u0105 zdecydowanie wygodniej, bo niemal zawsze z powodzeniem mog\u0105 wykorzysta\u0107 klasyczn\u0105 koszul\u0119. Nie trzeba zapina\u0107 jej pod szyj\u0119, bo w\u0142a\u015bnie lekko rozpi\u0119ta, z podwini\u0119tymi r\u0119kawami lub narzucona na T-shirt tworzy miks elegancji i luzu, kt\u00f3ry idealnie pasuje do klubowego klimatu.<\/p>\n<h2>Stylizacja do klubu na imprez\u0119 tematyczn\u0105<\/h2>\n<p>Przygotowuj\u0105c ubranie na imprez\u0119 do klubu, zwr\u00f3\u0107 uwag\u0119 tak\u017ce na to, jaki charakter ma wydarzenie. Je\u015bli jest to np. party w stylu lat 90., warto dostosowa\u0107 swoj\u0105 garderob\u0119 do motywu przewodniego, by wpasowa\u0107 si\u0119 w klimat. Outfit do klubu mo\u017ce by\u0107 po prostu wzbogacony o dodatki, kt\u00f3re b\u0119d\u0105 dopasowane do tematyki wieczoru \u2013 bez potrzeby przebierania si\u0119 od st\u00f3p do g\u0142\u00f3w.<br \/>\nCzasem wystarczy jeden konkretny akcent, aby str\u00f3j do klubu zyska\u0142 odpowiedni look. Mo\u017ce to by\u0107 np. neonowa bi\u017cuteria na Neon Night, czy sk\u00f3rzana pieszczocha z \u0107wiekami na rockandrollow\u0105 noc. Tego typu detale pozwalaj\u0105 wpasowa\u0107 si\u0119 w motyw wydarzenia, zachowuj\u0105c w\u0142asny styl. Przejrzyj szaf\u0119 mamy i babci, mo\u017ce tam znajdziesz jakie\u015b ciekawe retro akcesoria.<\/p>\n<h2>Nieodpowiednie ubranie na imprez\u0119 do klubu \u2013 o tym pami\u0119taj!<\/h2>\n<p>Trzeba tak\u017ce wiedzie\u0107, w czym do klubu nie wypada, a nawet nie mo\u017cna przychodzi\u0107. W wielu miejscach przeprowadza si\u0119 <a href=\"https:\/\/katowice.energy2000.pl\/sk\/selekcja-w-klubie\/\">selekcj\u0119 przy wej\u015bciu<\/a>. Najlepiej wcze\u015bniej sprawdzi\u0107 stron\u0119 internetow\u0105 lokalu, by dowiedzie\u0107 si\u0119, jaki dress code obowi\u0105zuje. W regulaminie mo\u017ce by\u0107 wyszczeg\u00f3lnione, np. \u017ce ubrania sportowe, a w szczeg\u00f3lno\u015bci obuwie, jest nieakceptowalne. Z pewno\u015bci\u0105 dobrym wyborem nie b\u0119d\u0105 r\u00f3wnie\u017c stroje posiadaj\u0105ce grafiki promuj\u0105ce agresj\u0119, czy te\u017c okre\u015blaj\u0105ce przynale\u017cno\u015b\u0107 do zespo\u0142\u00f3w sportowych. W klubie dobrze maj\u0105 bawi\u0107 si\u0119 wszyscy go\u015bcie, a ciuch z oznaczeniem ulubionej dru\u017cyny czy sympatii politycznych z \u0142atwo\u015bci\u0105 mo\u017ce przyci\u0105gn\u0105\u0107 uwag\u0119 i niech\u0119\u0107 innych uczestnik\u00f3w zabawy.<\/p>\n<h2>Jak si\u0119 ubra\u0107 na imprez\u0119 w klubie \u2013 sk\u0105d bra\u0107 inspiracje?<\/h2>\n<p>Sk\u0105d wiedzie\u0107, co jest teraz modne? Co ubra\u0107 do klubu, by wpasowa\u0107 si\u0119 w panuj\u0105ce trendy? Obecnie klubowa moda \u0142\u0105czy w sobie elementy streetwearu i minimalizmu, ale te\u017c widoczne s\u0105 klimaty retro czy nawet haute couture. Mo\u017cna czerpa\u0107 inspiracje z r\u00f3\u017cnych miejsc i uczy\u0107 si\u0119, jak \u0142\u0105czy\u0107 je w sp\u00f3jn\u0105 stylizacj\u0119.<\/p>\n<p>Przegl\u0105daj\u0105c media spo\u0142eczno\u015bciowe, mo\u017cesz podpatrze\u0107, co wybieraj\u0105 inni i co jest aktualnie na topie. Zaktualizujesz wiedz\u0119, obserwuj\u0105c profile fashion, czy te\u017c wyszukuj\u0105c zdj\u0119cia po hashtagach zwi\u0105zanych z klubow\u0105 mod\u0105. Pomocne mog\u0105 by\u0107 te\u017c blogi czy serwisy bran\u017cowe po\u015bwi\u0119cone modzie. Wiele ubraniowych pere\u0142ek mo\u017cna znale\u017a\u0107 w second-handach, czy kupi\u0107 z drugiej r\u0119ki na popularnych serwisach og\u0142oszeniowych z u\u017cywanymi rzeczami. Zaoszcz\u0119dzone pieni\u0105dze mo\u017cesz wyda\u0107 na inny cel, jak np. bilet do klubu na koncert ulubionego zespo\u0142u.<br \/>\nWybieraj\u0105c styl\u00f3wk\u0119 na imprez\u0119 w klubie nie musisz pod\u0105\u017ca\u0107 na \u015blepo za wszystkimi trendami. Kombinuj, baw si\u0119 mod\u0105, miksuj trendy i pami\u0119taj o tym, \u017ce liczy si\u0119 autentyczno\u015b\u0107, a ty masz dobrze czu\u0107 si\u0119 w wybranym outficie.<\/p>","protected":false},"excerpt":{"rendered":"<p>Zbli\u017ca si\u0119 weekend i masz okazj\u0119 wyj\u015b\u0107 na imprez\u0119, ale po przejrzeniu swojej garderoby, zapa\u0142 mija? Nie wiesz, jak ubra\u0107 si\u0119 do klubu? Sprawd\u017a nasze podpowiedzi, by znale\u017a\u0107 inspiracje. W tym artykule spr\u00f3bujemy znale\u017a\u0107 odpowiedzi na takie pytania jak: na &#8230; <a class=\"Rmore tbutton small\" href=\"https:\/\/katowice.energy2000.pl\/sk\/jak-sie-ubrac-do-klubu\/\"><span>Pozri viac \"<\/span><\/a><\/p>","protected":false},"author":4290,"featured_media":0,"parent":0,"menu_order":3,"comment_status":"closed","ping_status":"closed","template":"","meta":[],"yoast_head":"<!-- This site is optimized with the Yoast SEO plugin v19.2 - https:\/\/yoast.com\/wordpress\/plugins\/seo\/ -->\n<title>Jak si\u0119 ubra\u0107 do klubu? Sprawd\u017a, jak wybra\u0107 outfit na imprez\u0119 - Energy2000 - Katowice<\/title>\n<meta name=\"description\" content=\"Szykujesz si\u0119 na imprez\u0119? Odkryj modne stylizacje do klubu, kt\u00f3re nie zrujnuj\u0105 Twojego bud\u017cetu. Sprawd\u017a Nasze rekomendacje i porady!\" \/>\n<meta name=\"robots\" content=\"index, follow, max-snippet:-1, max-image-preview:large, max-video-preview:-1\" \/>\n<link rel=\"canonical\" href=\"https:\/\/katowice.energy2000.pl\/sk\/jak-sie-ubrac-do-klubu\/\" \/>\n<meta property=\"og:locale\" content=\"sk_SK\" \/>\n<meta property=\"og:type\" content=\"article\" \/>\n<meta property=\"og:title\" content=\"Jak si\u0119 ubra\u0107 do klubu? Sprawd\u017a, jak wybra\u0107 outfit na imprez\u0119 - Energy2000 - Katowice\" \/>\n<meta property=\"og:description\" content=\"Szykujesz si\u0119 na imprez\u0119? Odkryj modne stylizacje do klubu, kt\u00f3re nie zrujnuj\u0105 Twojego bud\u017cetu. Sprawd\u017a Nasze rekomendacje i porady!\" \/>\n<meta property=\"og:url\" content=\"https:\/\/katowice.energy2000.pl\/sk\/jak-sie-ubrac-do-klubu\/\" \/>\n<meta property=\"og:site_name\" content=\"Energy2000 - Katowice\" \/>\n<meta property=\"article:modified_time\" content=\"2026-04-02T09:41:27+00:00\" \/>\n<meta name=\"author\" content=\"SEO\" \/>\n<meta name=\"twitter:card\" content=\"summary_large_image\" \/>\n<meta name=\"twitter:label1\" content=\"Predpokladan\u00fd \u010das \u010d\u00edtania\" \/>\n\t<meta name=\"twitter:data1\" content=\"4 min\u00faty\" \/>\n<script type=\"application\/ld+json\" class=\"yoast-schema-graph\">{\"@context\":\"https:\/\/schema.org\",\"@graph\":[{\"@type\":\"WebSite\",\"@id\":\"https:\/\/katowice.energy2000.pl\/#website\",\"url\":\"https:\/\/katowice.energy2000.pl\/\",\"name\":\"Energy2000 - Katowice\",\"description\":\"Najlepszy Klub na \u015bl\u0105sku\",\"potentialAction\":[{\"@type\":\"SearchAction\",\"target\":{\"@type\":\"EntryPoint\",\"urlTemplate\":\"https:\/\/katowice.energy2000.pl\/?s={search_term_string}\"},\"query-input\":\"required name=search_term_string\"}],\"inLanguage\":\"sk-SK\"},{\"@type\":\"WebPage\",\"@id\":\"https:\/\/katowice.energy2000.pl\/jak-sie-ubrac-do-klubu\/#webpage\",\"url\":\"https:\/\/katowice.energy2000.pl\/jak-sie-ubrac-do-klubu\/\",\"name\":\"Jak si\u0119 ubra\u0107 do klubu? Sprawd\u017a, jak wybra\u0107 outfit na imprez\u0119 - Energy2000 - Katowice\",\"isPartOf\":{\"@id\":\"https:\/\/katowice.energy2000.pl\/#website\"},\"datePublished\":\"2026-01-26T14:09:50+00:00\",\"dateModified\":\"2026-04-02T09:41:27+00:00\",\"description\":\"Szykujesz si\u0119 na imprez\u0119? Odkryj modne stylizacje do klubu, kt\u00f3re nie zrujnuj\u0105 Twojego bud\u017cetu. Sprawd\u017a Nasze rekomendacje i porady!\",\"breadcrumb\":{\"@id\":\"https:\/\/katowice.energy2000.pl\/jak-sie-ubrac-do-klubu\/#breadcrumb\"},\"inLanguage\":\"sk-SK\",\"potentialAction\":[{\"@type\":\"ReadAction\",\"target\":[\"https:\/\/katowice.energy2000.pl\/jak-sie-ubrac-do-klubu\/\"]}]},{\"@type\":\"BreadcrumbList\",\"@id\":\"https:\/\/katowice.energy2000.pl\/jak-sie-ubrac-do-klubu\/#breadcrumb\",\"itemListElement\":[{\"@type\":\"ListItem\",\"position\":1,\"name\":\"Strona g\u0142\u00f3wna\",\"item\":\"https:\/\/katowice.energy2000.pl\/\"},{\"@type\":\"ListItem\",\"position\":2,\"name\":\"Jak si\u0119 ubra\u0107 do klubu? Sprawd\u017a, jak wybra\u0107 outfit na imprez\u0119\"}]}]}<\/script>\n<!-- \/ Yoast SEO plugin. -->","yoast_head_json":{"title":"Jak si\u0119 ubra\u0107 do klubu? Sprawd\u017a, jak wybra\u0107 outfit na imprez\u0119 - Energy2000 - Katowice","description":"Szykujesz si\u0119 na imprez\u0119? Odkryj modne stylizacje do klubu, kt\u00f3re nie zrujnuj\u0105 Twojego bud\u017cetu. Sprawd\u017a Nasze rekomendacje i porady!","robots":{"index":"index","follow":"follow","max-snippet":"max-snippet:-1","max-image-preview":"max-image-preview:large","max-video-preview":"max-video-preview:-1"},"canonical":"https:\/\/katowice.energy2000.pl\/sk\/jak-sie-ubrac-do-klubu\/","og_locale":"sk_SK","og_type":"article","og_title":"Jak si\u0119 ubra\u0107 do klubu? Sprawd\u017a, jak wybra\u0107 outfit na imprez\u0119 - Energy2000 - Katowice","og_description":"Szykujesz si\u0119 na imprez\u0119? Odkryj modne stylizacje do klubu, kt\u00f3re nie zrujnuj\u0105 Twojego bud\u017cetu. Sprawd\u017a Nasze rekomendacje i porady!","og_url":"https:\/\/katowice.energy2000.pl\/sk\/jak-sie-ubrac-do-klubu\/","og_site_name":"Energy2000 - Katowice","article_modified_time":"2026-04-02T09:41:27+00:00","author":"SEO","twitter_card":"summary_large_image","twitter_misc":{"Predpokladan\u00fd \u010das \u010d\u00edtania":"4 min\u00faty"},"schema":{"@context":"https:\/\/schema.org","@graph":[{"@type":"WebSite","@id":"https:\/\/katowice.energy2000.pl\/#website","url":"https:\/\/katowice.energy2000.pl\/","name":"Energy2000 - Katowice","description":"Najlepszy Klub na \u015bl\u0105sku","potentialAction":[{"@type":"SearchAction","target":{"@type":"EntryPoint","urlTemplate":"https:\/\/katowice.energy2000.pl\/?s={search_term_string}"},"query-input":"required name=search_term_string"}],"inLanguage":"sk-SK"},{"@type":"WebPage","@id":"https:\/\/katowice.energy2000.pl\/jak-sie-ubrac-do-klubu\/#webpage","url":"https:\/\/katowice.energy2000.pl\/jak-sie-ubrac-do-klubu\/","name":"Jak si\u0119 ubra\u0107 do klubu? Sprawd\u017a, jak wybra\u0107 outfit na imprez\u0119 - Energy2000 - Katowice","isPartOf":{"@id":"https:\/\/katowice.energy2000.pl\/#website"},"datePublished":"2026-01-26T14:09:50+00:00","dateModified":"2026-04-02T09:41:27+00:00","description":"Szykujesz si\u0119 na imprez\u0119? Odkryj modne stylizacje do klubu, kt\u00f3re nie zrujnuj\u0105 Twojego bud\u017cetu. Sprawd\u017a Nasze rekomendacje i porady!","breadcrumb":{"@id":"https:\/\/katowice.energy2000.pl\/jak-sie-ubrac-do-klubu\/#breadcrumb"},"inLanguage":"sk-SK","potentialAction":[{"@type":"ReadAction","target":["https:\/\/katowice.energy2000.pl\/jak-sie-ubrac-do-klubu\/"]}]},{"@type":"BreadcrumbList","@id":"https:\/\/katowice.energy2000.pl\/jak-sie-ubrac-do-klubu\/#breadcrumb","itemListElement":[{"@type":"ListItem","position":1,"name":"Strona g\u0142\u00f3wna","item":"https:\/\/katowice.energy2000.pl\/"},{"@type":"ListItem","position":2,"name":"Jak si\u0119 ubra\u0107 do klubu? Sprawd\u017a, jak wybra\u0107 outfit na imprez\u0119"}]}]}},"_links":{"self":[{"href":"https:\/\/katowice.energy2000.pl\/sk\/wp-json\/wp\/v2\/pages\/189214"}],"collection":[{"href":"https:\/\/katowice.energy2000.pl\/sk\/wp-json\/wp\/v2\/pages"}],"about":[{"href":"https:\/\/katowice.energy2000.pl\/sk\/wp-json\/wp\/v2\/types\/page"}],"author":[{"embeddable":true,"href":"https:\/\/katowice.energy2000.pl\/sk\/wp-json\/wp\/v2\/users\/4290"}],"replies":[{"embeddable":true,"href":"https:\/\/katowice.energy2000.pl\/sk\/wp-json\/wp\/v2\/comments?post=189214"}],"version-history":[{"count":2,"href":"https:\/\/katowice.energy2000.pl\/sk\/wp-json\/wp\/v2\/pages\/189214\/revisions"}],"predecessor-version":[{"id":191573,"href":"https:\/\/katowice.energy2000.pl\/sk\/wp-json\/wp\/v2\/pages\/189214\/revisions\/191573"}],"wp:attachment":[{"href":"https:\/\/katowice.energy2000.pl\/sk\/wp-json\/wp\/v2\/media?parent=189214"}],"curies":[{"name":"wp","href":"https:\/\/api.w.org\/{rel}","templated":true}]}}