{"id":190214,"date":"2026-02-26T15:55:34","date_gmt":"2026-02-26T14:55:34","guid":{"rendered":"https:\/\/katowice.energy2000.pl\/?page_id=190214"},"modified":"2026-03-02T15:59:33","modified_gmt":"2026-03-02T14:59:33","slug":"atrakcje-dla-par","status":"publish","type":"page","link":"https:\/\/katowice.energy2000.pl\/sk\/atrakcje-dla-par\/","title":{"rendered":"Atrakcje dla par w Katowicach &#8211; poznaj sprawdzone pomys\u0142y"},"content":{"rendered":"<p>Polskie miasta maj\u0105 wiele do zaoferowania osobom, kt\u00f3re chc\u0105 sp\u0119dzi\u0107 ciekawie czas. Zastanawiasz si\u0119, co mo\u017cna robi\u0107 na \u015al\u0105sku? Sprawd\u017a, jakie s\u0105 atrakcje dla par w Katowicach i okolicy, by wybra\u0107 co\u015b na wsp\u00f3lny weekend. Propozycji, zar\u00f3wno tych dla aktywnych, jak i szukaj\u0105cych spokojniejszych rozrywek, nie brakuje.<\/p>\n<h2>Co robi\u0107 w Katowicach \u2013 rozrywki dla par<\/h2>\n<p>Jak sp\u0119dzi\u0107 ciekawie czas w Katowicach? Atrakcje dla dwojga, takie jak pomys\u0142y na randk\u0119, wsp\u00f3ln\u0105 zabaw\u0119 czy rozrywk\u0119, mog\u0105 by\u0107 rozmaite \u2013 zale\u017c\u0105 od tego, jaki styl sp\u0119dzania czasu preferujecie. Je\u017celi jeste\u015bcie aktywni, z pewno\u015bci\u0105 docenicie szerok\u0105 ofert\u0119 wydarze\u0144 \u2013 od koncert\u00f3w i event\u00f3w tematycznych, przez imprezy klubowe, a\u017c po sezonowe festiwale.<\/p>\n<p>Jednym z miejsc, w kt\u00f3rym mo\u017cna zanurzy\u0107 si\u0119 w \u015bwiecie beztroskiej zabawy, jest klub Energy 2000. W lokalu, kt\u00f3ry jest jednym z najja\u015bniejszych imprezowych punkt\u00f3w w regionie, regularnie odbywaj\u0105 si\u0119 najlepsze imprezy. Znajdziecie tu wydarzenia tematyczne jak np. retro party, ale te\u017c mo\u017cecie trafi\u0107 na wyst\u0119p znanych i lubianych polskich lub zagranicznych artyst\u00f3w. Imprezowa atmosfera pomaga si\u0119 odpr\u0119\u017cy\u0107 i z\u0142apa\u0107 zabawowy vibe. Jest to doskona\u0142y spos\u00f3b na prze\u0142amanie rutyny i budowanie nowych wspomnie\u0144.<\/p>\n<h2>Miasto, w kt\u00f3rym du\u017co si\u0119 dzieje<\/h2>\n<p>Zanim nadejdzie wiecz\u00f3r i wybierzecie si\u0119 do klubu, warto tak\u017ce rozsmakowa\u0107 si\u0119 w innych rozrywkach, jakie oferuj\u0105 Katowice \u2013 atrakcje dla par czekaj\u0105. Od ciekawych miejsc, kt\u00f3re przyci\u0105gaj\u0105 architektur\u0105 i wyj\u0105tkowym klimatem jak historyczny Nikiszowiec, przez nowoczesne centra kultury, takie jak NOSPR z bogatym programem artystycznym, po klimatyczne kawiarnie i street art w dzielnicy Koszutka.<\/p>\n<h2>Aktywne rozrywki dla par w Katowicach, a mo\u017ce romantyczna randka?<\/h2>\n<p>Jakie rozrywki dla par w Katowicach warto zaliczy\u0107? Mo\u017cecie odwiedzi\u0107 np. muzeum, by pozna\u0107 lokalne dzieje, czy te\u017c obejrze\u0107 wystaw\u0119 sztuki nowoczesnej w jednej z wielu galerii. Je\u015bli wolicie sp\u0119dzi\u0107 czas na sportowo \u2013 spotkanie mo\u017cna rozpocz\u0105\u0107 od wsp\u00f3lnego wyj\u015bcia na rolki, \u0142y\u017cwy, basen czy do parku trampolin. Ciekawym pomys\u0142em mo\u017ce okaza\u0107 si\u0119 tak\u017ce wypad na strzelnic\u0119 lub na kr\u0119gle.<\/p>\n<p>Po aktywno\u015bciach dobrze jest zje\u015b\u0107 co\u015b smacznego. Najlepiej w jednej z klimatycznych knajpek w centrum. Na ulicy Mariackiej znajdziecie kuchnie z r\u00f3\u017cnych stron \u015bwiata \u2013 restauracje, puby i kawiarnie. Mo\u017cecie spr\u00f3bowa\u0107 lokalnych specja\u0142\u00f3w w kameralnym bistro lub postawi\u0107 na nowoczesn\u0105 kuchni\u0119 fusion w lokalach oferuj\u0105cych kreatywne menu degustacyjne. Nie brakuje miejsc, kt\u00f3re zapewniaj\u0105 muzyk\u0119 na \u017cywo, co dodatkowo buduje klimat.<\/p>\n<h2>Atrakcje dla dwojga na \u015al\u0105sku \u2013 sprawd\u017a, co czeka na Was w okolicy<\/h2>\n<p>Je\u015bli nie chcecie ogranicza\u0107 si\u0119 wy\u0142\u0105cznie do Katowic, atrakcje dla dwojga znajdziecie r\u00f3wnie\u017c w miastach, kt\u00f3re le\u017c\u0105 nieopodal. W pobliskim Chorzowie podkr\u0119cicie swoje emocje, bawi\u0105c si\u0119 w s\u0142ynnym lunaparku. Spacery po Parku \u015al\u0105skim to dobry spos\u00f3b, by sp\u0119dzi\u0107 czas w otoczeniu zieleni. Mo\u017cna podziwia\u0107 widok z loku ptaka, przemieszczaj\u0105c si\u0119 nizinn\u0105 kolej\u0105 liniow\u0105. Czar urozmaici tak\u017ce spacer do ogrodu zoologicznego czy odwiedzenie planetarium, kt\u00f3re jest jednym z najwi\u0119kszych w kraju.<\/p>\n<p>Miejsca, w kt\u00f3rych oferowane s\u0105 r\u00f3\u017cnego rodzaju rozrywki dla par, znajduj\u0105 si\u0119 te\u017c w miejscowo\u015bciach, do kt\u00f3rych \u0142atwo dotrzecie z Katowic i Chorzowa. Warto odwiedzi\u0107 m.in. Tychy, by sp\u0119dzi\u0107 czas w Tyskich Browarach, w kt\u00f3rych mo\u017cna zwiedzi\u0107 zabytkowe piwnice, pozna\u0107 histori\u0119 piwa i przeprowadzi\u0107 degustacj\u0119 lokalnych trunk\u00f3w. Na uwag\u0119 zas\u0142uguje tak\u017ce Zamek Tyski, kt\u00f3rego kameralny charakter umo\u017cliwia ucieczk\u0119 od miejskiego zgie\u0142ku.<\/p>\n<p>Niezale\u017cnie od tego, czy chcecie sp\u0119dzi\u0107 czas chilluj\u0105c, macie ochot\u0119 na spokojn\u0105 randk\u0119, aktywne popo\u0142udnie, kulinarn\u0105 przygod\u0119 czy noc pe\u0142n\u0105 wra\u017ce\u0144 podczas imprezy, Katowice i pobliskie miasta oferuj\u0105 naprawd\u0119 szeroki wachlarz mo\u017cliwo\u015bci. Ka\u017cda para znajdzie tu co\u015b dopasowanego do swojego stylu.<\/p>","protected":false},"excerpt":{"rendered":"<p>Polskie miasta maj\u0105 wiele do zaoferowania osobom, kt\u00f3re chc\u0105 sp\u0119dzi\u0107 ciekawie czas. Zastanawiasz si\u0119, co mo\u017cna robi\u0107 na \u015al\u0105sku? Sprawd\u017a, jakie s\u0105 atrakcje dla par w Katowicach i okolicy, by wybra\u0107 co\u015b na wsp\u00f3lny weekend. Propozycji, zar\u00f3wno tych dla aktywnych, &#8230; <a class=\"Rmore tbutton small\" href=\"https:\/\/katowice.energy2000.pl\/sk\/atrakcje-dla-par\/\"><span>Pozri viac \"<\/span><\/a><\/p>","protected":false},"author":4290,"featured_media":0,"parent":0,"menu_order":3,"comment_status":"closed","ping_status":"closed","template":"","meta":[],"yoast_head":"<!-- This site is optimized with the Yoast SEO plugin v19.2 - https:\/\/yoast.com\/wordpress\/plugins\/seo\/ -->\n<title>Atrakcje dla par w Katowicach - poznaj sprawdzone pomys\u0142y - Energy2000 - Katowice<\/title>\n<meta name=\"description\" content=\"Odkryj najciekawsze atrakcje dla par w Katowicach! Od romantycznych spacer\u00f3w po nieszablonowe rozrywki. Sprawd\u017a nasze zestawienie!\" \/>\n<meta name=\"robots\" content=\"index, follow, max-snippet:-1, max-image-preview:large, max-video-preview:-1\" \/>\n<link rel=\"canonical\" href=\"https:\/\/katowice.energy2000.pl\/sk\/atrakcje-dla-par\/\" \/>\n<meta property=\"og:locale\" content=\"sk_SK\" \/>\n<meta property=\"og:type\" content=\"article\" \/>\n<meta property=\"og:title\" content=\"Atrakcje dla par w Katowicach - poznaj sprawdzone pomys\u0142y - Energy2000 - Katowice\" \/>\n<meta property=\"og:description\" content=\"Odkryj najciekawsze atrakcje dla par w Katowicach! Od romantycznych spacer\u00f3w po nieszablonowe rozrywki. Sprawd\u017a nasze zestawienie!\" \/>\n<meta property=\"og:url\" content=\"https:\/\/katowice.energy2000.pl\/sk\/atrakcje-dla-par\/\" \/>\n<meta property=\"og:site_name\" content=\"Energy2000 - Katowice\" \/>\n<meta property=\"article:modified_time\" content=\"2026-03-02T14:59:33+00:00\" \/>\n<meta name=\"author\" content=\"SEO\" \/>\n<meta name=\"twitter:card\" content=\"summary_large_image\" \/>\n<meta name=\"twitter:label1\" content=\"Predpokladan\u00fd \u010das \u010d\u00edtania\" \/>\n\t<meta name=\"twitter:data1\" content=\"3 min\u00faty\" \/>\n<script type=\"application\/ld+json\" class=\"yoast-schema-graph\">{\"@context\":\"https:\/\/schema.org\",\"@graph\":[{\"@type\":\"WebSite\",\"@id\":\"https:\/\/katowice.energy2000.pl\/#website\",\"url\":\"https:\/\/katowice.energy2000.pl\/\",\"name\":\"Energy2000 - Katowice\",\"description\":\"Najlepszy Klub na \u015bl\u0105sku\",\"potentialAction\":[{\"@type\":\"SearchAction\",\"target\":{\"@type\":\"EntryPoint\",\"urlTemplate\":\"https:\/\/katowice.energy2000.pl\/?s={search_term_string}\"},\"query-input\":\"required name=search_term_string\"}],\"inLanguage\":\"sk-SK\"},{\"@type\":\"WebPage\",\"@id\":\"https:\/\/katowice.energy2000.pl\/atrakcje-dla-par\/#webpage\",\"url\":\"https:\/\/katowice.energy2000.pl\/atrakcje-dla-par\/\",\"name\":\"Atrakcje dla par w Katowicach - poznaj sprawdzone pomys\u0142y - Energy2000 - Katowice\",\"isPartOf\":{\"@id\":\"https:\/\/katowice.energy2000.pl\/#website\"},\"datePublished\":\"2026-02-26T14:55:34+00:00\",\"dateModified\":\"2026-03-02T14:59:33+00:00\",\"description\":\"Odkryj najciekawsze atrakcje dla par w Katowicach! Od romantycznych spacer\u00f3w po nieszablonowe rozrywki. Sprawd\u017a nasze zestawienie!\",\"breadcrumb\":{\"@id\":\"https:\/\/katowice.energy2000.pl\/atrakcje-dla-par\/#breadcrumb\"},\"inLanguage\":\"sk-SK\",\"potentialAction\":[{\"@type\":\"ReadAction\",\"target\":[\"https:\/\/katowice.energy2000.pl\/atrakcje-dla-par\/\"]}]},{\"@type\":\"BreadcrumbList\",\"@id\":\"https:\/\/katowice.energy2000.pl\/atrakcje-dla-par\/#breadcrumb\",\"itemListElement\":[{\"@type\":\"ListItem\",\"position\":1,\"name\":\"Strona g\u0142\u00f3wna\",\"item\":\"https:\/\/katowice.energy2000.pl\/\"},{\"@type\":\"ListItem\",\"position\":2,\"name\":\"Atrakcje dla par w Katowicach &#8211; poznaj sprawdzone pomys\u0142y\"}]}]}<\/script>\n<!-- \/ Yoast SEO plugin. -->","yoast_head_json":{"title":"Atrakcje dla par w Katowicach - poznaj sprawdzone pomys\u0142y - Energy2000 - Katowice","description":"Odkryj najciekawsze atrakcje dla par w Katowicach! Od romantycznych spacer\u00f3w po nieszablonowe rozrywki. Sprawd\u017a nasze zestawienie!","robots":{"index":"index","follow":"follow","max-snippet":"max-snippet:-1","max-image-preview":"max-image-preview:large","max-video-preview":"max-video-preview:-1"},"canonical":"https:\/\/katowice.energy2000.pl\/sk\/atrakcje-dla-par\/","og_locale":"sk_SK","og_type":"article","og_title":"Atrakcje dla par w Katowicach - poznaj sprawdzone pomys\u0142y - Energy2000 - Katowice","og_description":"Odkryj najciekawsze atrakcje dla par w Katowicach! Od romantycznych spacer\u00f3w po nieszablonowe rozrywki. Sprawd\u017a nasze zestawienie!","og_url":"https:\/\/katowice.energy2000.pl\/sk\/atrakcje-dla-par\/","og_site_name":"Energy2000 - Katowice","article_modified_time":"2026-03-02T14:59:33+00:00","author":"SEO","twitter_card":"summary_large_image","twitter_misc":{"Predpokladan\u00fd \u010das \u010d\u00edtania":"3 min\u00faty"},"schema":{"@context":"https:\/\/schema.org","@graph":[{"@type":"WebSite","@id":"https:\/\/katowice.energy2000.pl\/#website","url":"https:\/\/katowice.energy2000.pl\/","name":"Energy2000 - Katowice","description":"Najlepszy Klub na \u015bl\u0105sku","potentialAction":[{"@type":"SearchAction","target":{"@type":"EntryPoint","urlTemplate":"https:\/\/katowice.energy2000.pl\/?s={search_term_string}"},"query-input":"required name=search_term_string"}],"inLanguage":"sk-SK"},{"@type":"WebPage","@id":"https:\/\/katowice.energy2000.pl\/atrakcje-dla-par\/#webpage","url":"https:\/\/katowice.energy2000.pl\/atrakcje-dla-par\/","name":"Atrakcje dla par w Katowicach - poznaj sprawdzone pomys\u0142y - Energy2000 - Katowice","isPartOf":{"@id":"https:\/\/katowice.energy2000.pl\/#website"},"datePublished":"2026-02-26T14:55:34+00:00","dateModified":"2026-03-02T14:59:33+00:00","description":"Odkryj najciekawsze atrakcje dla par w Katowicach! Od romantycznych spacer\u00f3w po nieszablonowe rozrywki. Sprawd\u017a nasze zestawienie!","breadcrumb":{"@id":"https:\/\/katowice.energy2000.pl\/atrakcje-dla-par\/#breadcrumb"},"inLanguage":"sk-SK","potentialAction":[{"@type":"ReadAction","target":["https:\/\/katowice.energy2000.pl\/atrakcje-dla-par\/"]}]},{"@type":"BreadcrumbList","@id":"https:\/\/katowice.energy2000.pl\/atrakcje-dla-par\/#breadcrumb","itemListElement":[{"@type":"ListItem","position":1,"name":"Strona g\u0142\u00f3wna","item":"https:\/\/katowice.energy2000.pl\/"},{"@type":"ListItem","position":2,"name":"Atrakcje dla par w Katowicach &#8211; poznaj sprawdzone pomys\u0142y"}]}]}},"_links":{"self":[{"href":"https:\/\/katowice.energy2000.pl\/sk\/wp-json\/wp\/v2\/pages\/190214"}],"collection":[{"href":"https:\/\/katowice.energy2000.pl\/sk\/wp-json\/wp\/v2\/pages"}],"about":[{"href":"https:\/\/katowice.energy2000.pl\/sk\/wp-json\/wp\/v2\/types\/page"}],"author":[{"embeddable":true,"href":"https:\/\/katowice.energy2000.pl\/sk\/wp-json\/wp\/v2\/users\/4290"}],"replies":[{"embeddable":true,"href":"https:\/\/katowice.energy2000.pl\/sk\/wp-json\/wp\/v2\/comments?post=190214"}],"version-history":[{"count":1,"href":"https:\/\/katowice.energy2000.pl\/sk\/wp-json\/wp\/v2\/pages\/190214\/revisions"}],"predecessor-version":[{"id":190215,"href":"https:\/\/katowice.energy2000.pl\/sk\/wp-json\/wp\/v2\/pages\/190214\/revisions\/190215"}],"wp:attachment":[{"href":"https:\/\/katowice.energy2000.pl\/sk\/wp-json\/wp\/v2\/media?parent=190214"}],"curies":[{"name":"wp","href":"https:\/\/api.w.org\/{rel}","templated":true}]}}