{"id":191569,"date":"2026-03-30T11:37:50","date_gmt":"2026-03-30T09:37:50","guid":{"rendered":"https:\/\/katowice.energy2000.pl\/?page_id=191569"},"modified":"2026-04-02T11:40:03","modified_gmt":"2026-04-02T09:40:03","slug":"selekcja-w-klubie","status":"publish","type":"page","link":"https:\/\/katowice.energy2000.pl\/sk\/selekcja-w-klubie\/","title":{"rendered":"Selekcja w klubie \u2013 Sprawd\u017a, co warto wiedzie\u0107 przed wyj\u015bciem na imprez\u0119"},"content":{"rendered":"<p>Osoby, kt\u00f3re cz\u0119sto korzystaj\u0105 z atrakcji, jakie oferuje miejskie nocne \u017cycie, wiedz\u0105, \u017ce selekcja w klubach to standard. Z kolei dla tych, kt\u00f3rzy dawno nie wychodzili do lokalu, mo\u017ce budzi\u0107 ona niepewno\u015b\u0107. Dlatego warto wiedzie\u0107, czego mo\u017cna si\u0119 spodziewa\u0107. Zanim wybierzesz si\u0119 na wydarzenie \u2013 koncert czy imprez\u0119, sprawd\u017a, jaki obowi\u0105zuje dress code. Podpowiadamy, co oznacza selekcja w klubie oraz jakie s\u0105 najcz\u0119stsze powody odmowy wst\u0119pu.<\/p>\n<h2>Zasady wst\u0119pu \u2013 na czym polega selekcja do klubu?<\/h2>\n<p>Zacznijmy od tego, czym jest selekcja do klubu i czy jest potrzebna. Selekcjoner w klubie dokonuje weryfikacji go\u015bci. Celem jest zapewnienie bezpiecze\u0144stwa uczestnik\u00f3w, komfortu zabawy oraz utrzymania odpowiedniego klimatu lub presti\u017cu wydarzenia.<\/p>\n<p>Selekcja do klubu przewa\u017cnie obejmuje takie kwestie jak:<\/p>\n<p>&#8211;\u00a0sprawdzenie wieku os\u00f3b, kt\u00f3re chc\u0105 do\u0142\u0105czy\u0107 do imprezy,<\/p>\n<p>&#8211;\u00a0obserwacj\u0119 ich zachowania i stanu trze\u017awo\u015bci,<\/p>\n<p>&#8211;\u00a0ocen\u0119 przestrzegania dress codu.<\/p>\n<p>W miejscach takich jak Energy 2000 w Katowicach zasady dotycz\u0105ce tego, kto mo\u017ce uczestniczy\u0107 w eventach, jasno okre\u015bla regulamin, kt\u00f3ry mo\u017cna znale\u017a\u0107 na stronie klubu.<\/p>\n<h2>Selekcja w klubach \u2013 jak si\u0119 ubra\u0107 do lokalu?<\/h2>\n<p>Co zrobi\u0107, \u017ceby przej\u015b\u0107 selekcj\u0119 w klubie? Musisz przestrzega\u0107 najwa\u017cniejszych regu\u0142. Nikt nie b\u0119dzie sprawdza\u0142, czy Twoje ubranie jest markowe, i ile kosztowa\u0142o, ale powinno by\u0107 schludne, czyste i dopasowane do miejsca \u2013 wpisywa\u0107 si\u0119 w imprezowy charakter. Sportowe spodnie, mundur, czy uniform roboczy nie b\u0119d\u0105 dobrym wyborem. Je\u015bli chcesz mie\u0107 pewno\u015b\u0107, \u017ce wejdziesz do lokalu, unikaj tak\u017ce:<\/p>\n<p>&#8211;\u00a0kr\u00f3tkich spodenek, stroju do \u0107wicze\u0144,<\/p>\n<p>&#8211;\u00a0ubra\u0144 z has\u0142ami lub grafikami promuj\u0105cymi przemoc, rasizm, homofobi\u0119 i nietolerancj\u0119 religijn\u0105,<\/p>\n<p>&#8211;\u00a0stroj\u00f3w w barwach klubowych \u2013 ubra\u0144 wyra\u017caj\u0105cych przynale\u017cno\u015b\u0107 do klub\u00f3w sportowych.<\/p>\n<p>W lokalach, w kt\u00f3rych odbywaj\u0105 si\u0119 imprezy tematyczne, mo\u017cesz dopasowa\u0107 str\u00f3j do charakteru wydarzenia. Dobrze widziane jest wyczucie stylu i odpowiedni dob\u00f3r odzie\u017cy do okazji. Warto te\u017c postawi\u0107 na smart casual. Elegancja i klasyka zawsze si\u0119 sprawdzaj\u0105. Zasady selekcji w klubach mog\u0105 si\u0119 r\u00f3\u017cni\u0107, dlatego zawsze sprawdzaj, jaki dress code obowi\u0105zuje podczas konkretnego eventu.<\/p>\n<h2>Kiedy selekcjoner w klubie mo\u017ce odm\u00f3wi\u0107 Ci wst\u0119pu?<\/h2>\n<p>Zastanawiasz si\u0119, kim jest selekcjoner w klubie \u2013 kto to taki i czym si\u0119 kieruje, wpuszczaj\u0105c osoby do lokalu? Jego zadania wykraczaj\u0105 poza sprawdzenie dokumentu, czy biletu wst\u0119pu. Zwraca uwag\u0119 na ubi\u00f3r go\u015bci, ale te\u017c ich spos\u00f3b bycia. Wa\u017cne jest zachowanie kultury. Krzykliwe zachowanie, g\u0142o\u015bne komentowanie, pr\u00f3by wymuszania wej\u015bcia, ponaglanie, czy niepotrzebne zwracanie na siebie uwagi, dzia\u0142aj\u0105 na niekorzy\u015b\u0107.<br \/>\nJe\u015bli chcesz mie\u0107 pewno\u015b\u0107, \u017ce wejdziesz do klubu, poza stosowaniem si\u0119 do dress code\u2019u, warto pami\u0119ta\u0107 o zachowaniu umiaru, pozytywnym nastawieniu i szacunku wobec innych uczestnik\u00f3w imprezy oraz obs\u0142ugi.<\/p>\n<p>Wiedz\u0105c, co oznacza selekcja w klubie, znaj\u0105c zasady obowi\u0105zuj\u0105ce w konkretnym miejscu, mo\u017cna lepiej przygotowa\u0107 si\u0119 do imprezy i ograniczy\u0107 stres zwi\u0105zany z ewentualnym ryzykiem odmowy. Odpowiedni str\u00f3j, kultura i posiadanie dokumentu to\u017csamo\u015bci zazwyczaj s\u0105 podstaw\u0105 do tego, by m\u00f3c uczestniczy\u0107 w wydarzeniu. Udanej zabawy!<\/p>","protected":false},"excerpt":{"rendered":"<p>Osoby, kt\u00f3re cz\u0119sto korzystaj\u0105 z atrakcji, jakie oferuje miejskie nocne \u017cycie, wiedz\u0105, \u017ce selekcja w klubach to standard. Z kolei dla tych, kt\u00f3rzy dawno nie wychodzili do lokalu, mo\u017ce budzi\u0107 ona niepewno\u015b\u0107. Dlatego warto wiedzie\u0107, czego mo\u017cna si\u0119 spodziewa\u0107. Zanim &#8230; <a class=\"Rmore tbutton small\" href=\"https:\/\/katowice.energy2000.pl\/sk\/selekcja-w-klubie\/\"><span>Pozri viac \"<\/span><\/a><\/p>","protected":false},"author":4290,"featured_media":0,"parent":0,"menu_order":0,"comment_status":"closed","ping_status":"closed","template":"","meta":[],"yoast_head":"<!-- This site is optimized with the Yoast SEO plugin v19.2 - https:\/\/yoast.com\/wordpress\/plugins\/seo\/ -->\n<title>Selekcja w klubie \u2013 Sprawd\u017a, co warto wiedzie\u0107 przed wyj\u015bciem na imprez\u0119 - Energy2000 - Katowice<\/title>\n<meta name=\"description\" content=\"Dowiedz si\u0119, na czym polega selekcja w klubie, jak unikn\u0105\u0107 odmowy przy wej\u015bciu i co sprawia, \u017ce przejdziesz przez bramk\u0119 bez problem\u00f3w. Sprawd\u017a nasze porady!\" \/>\n<meta name=\"robots\" content=\"index, follow, max-snippet:-1, max-image-preview:large, max-video-preview:-1\" \/>\n<link rel=\"canonical\" href=\"https:\/\/katowice.energy2000.pl\/sk\/selekcja-w-klubie\/\" \/>\n<meta property=\"og:locale\" content=\"sk_SK\" \/>\n<meta property=\"og:type\" content=\"article\" \/>\n<meta property=\"og:title\" content=\"Selekcja w klubie \u2013 Sprawd\u017a, co warto wiedzie\u0107 przed wyj\u015bciem na imprez\u0119 - Energy2000 - Katowice\" \/>\n<meta property=\"og:description\" content=\"Dowiedz si\u0119, na czym polega selekcja w klubie, jak unikn\u0105\u0107 odmowy przy wej\u015bciu i co sprawia, \u017ce przejdziesz przez bramk\u0119 bez problem\u00f3w. Sprawd\u017a nasze porady!\" \/>\n<meta property=\"og:url\" content=\"https:\/\/katowice.energy2000.pl\/sk\/selekcja-w-klubie\/\" \/>\n<meta property=\"og:site_name\" content=\"Energy2000 - Katowice\" \/>\n<meta property=\"article:modified_time\" content=\"2026-04-02T09:40:03+00:00\" \/>\n<meta name=\"author\" content=\"SEO\" \/>\n<meta name=\"twitter:card\" content=\"summary_large_image\" \/>\n<meta name=\"twitter:label1\" content=\"Predpokladan\u00fd \u010das \u010d\u00edtania\" \/>\n\t<meta name=\"twitter:data1\" content=\"3 min\u00faty\" \/>\n<script type=\"application\/ld+json\" class=\"yoast-schema-graph\">{\"@context\":\"https:\/\/schema.org\",\"@graph\":[{\"@type\":\"WebSite\",\"@id\":\"https:\/\/katowice.energy2000.pl\/#website\",\"url\":\"https:\/\/katowice.energy2000.pl\/\",\"name\":\"Energy2000 - Katowice\",\"description\":\"Najlepszy Klub na \u015bl\u0105sku\",\"potentialAction\":[{\"@type\":\"SearchAction\",\"target\":{\"@type\":\"EntryPoint\",\"urlTemplate\":\"https:\/\/katowice.energy2000.pl\/?s={search_term_string}\"},\"query-input\":\"required name=search_term_string\"}],\"inLanguage\":\"sk-SK\"},{\"@type\":\"WebPage\",\"@id\":\"https:\/\/katowice.energy2000.pl\/selekcja-w-klubie\/#webpage\",\"url\":\"https:\/\/katowice.energy2000.pl\/selekcja-w-klubie\/\",\"name\":\"Selekcja w klubie \u2013 Sprawd\u017a, co warto wiedzie\u0107 przed wyj\u015bciem na imprez\u0119 - Energy2000 - Katowice\",\"isPartOf\":{\"@id\":\"https:\/\/katowice.energy2000.pl\/#website\"},\"datePublished\":\"2026-03-30T09:37:50+00:00\",\"dateModified\":\"2026-04-02T09:40:03+00:00\",\"description\":\"Dowiedz si\u0119, na czym polega selekcja w klubie, jak unikn\u0105\u0107 odmowy przy wej\u015bciu i co sprawia, \u017ce przejdziesz przez bramk\u0119 bez problem\u00f3w. Sprawd\u017a nasze porady!\",\"breadcrumb\":{\"@id\":\"https:\/\/katowice.energy2000.pl\/selekcja-w-klubie\/#breadcrumb\"},\"inLanguage\":\"sk-SK\",\"potentialAction\":[{\"@type\":\"ReadAction\",\"target\":[\"https:\/\/katowice.energy2000.pl\/selekcja-w-klubie\/\"]}]},{\"@type\":\"BreadcrumbList\",\"@id\":\"https:\/\/katowice.energy2000.pl\/selekcja-w-klubie\/#breadcrumb\",\"itemListElement\":[{\"@type\":\"ListItem\",\"position\":1,\"name\":\"Strona g\u0142\u00f3wna\",\"item\":\"https:\/\/katowice.energy2000.pl\/\"},{\"@type\":\"ListItem\",\"position\":2,\"name\":\"Selekcja w klubie \u2013 Sprawd\u017a, co warto wiedzie\u0107 przed wyj\u015bciem na imprez\u0119\"}]}]}<\/script>\n<!-- \/ Yoast SEO plugin. -->","yoast_head_json":{"title":"Selekcja w klubie \u2013 Sprawd\u017a, co warto wiedzie\u0107 przed wyj\u015bciem na imprez\u0119 - Energy2000 - Katowice","description":"Dowiedz si\u0119, na czym polega selekcja w klubie, jak unikn\u0105\u0107 odmowy przy wej\u015bciu i co sprawia, \u017ce przejdziesz przez bramk\u0119 bez problem\u00f3w. Sprawd\u017a nasze porady!","robots":{"index":"index","follow":"follow","max-snippet":"max-snippet:-1","max-image-preview":"max-image-preview:large","max-video-preview":"max-video-preview:-1"},"canonical":"https:\/\/katowice.energy2000.pl\/sk\/selekcja-w-klubie\/","og_locale":"sk_SK","og_type":"article","og_title":"Selekcja w klubie \u2013 Sprawd\u017a, co warto wiedzie\u0107 przed wyj\u015bciem na imprez\u0119 - Energy2000 - Katowice","og_description":"Dowiedz si\u0119, na czym polega selekcja w klubie, jak unikn\u0105\u0107 odmowy przy wej\u015bciu i co sprawia, \u017ce przejdziesz przez bramk\u0119 bez problem\u00f3w. Sprawd\u017a nasze porady!","og_url":"https:\/\/katowice.energy2000.pl\/sk\/selekcja-w-klubie\/","og_site_name":"Energy2000 - Katowice","article_modified_time":"2026-04-02T09:40:03+00:00","author":"SEO","twitter_card":"summary_large_image","twitter_misc":{"Predpokladan\u00fd \u010das \u010d\u00edtania":"3 min\u00faty"},"schema":{"@context":"https:\/\/schema.org","@graph":[{"@type":"WebSite","@id":"https:\/\/katowice.energy2000.pl\/#website","url":"https:\/\/katowice.energy2000.pl\/","name":"Energy2000 - Katowice","description":"Najlepszy Klub na \u015bl\u0105sku","potentialAction":[{"@type":"SearchAction","target":{"@type":"EntryPoint","urlTemplate":"https:\/\/katowice.energy2000.pl\/?s={search_term_string}"},"query-input":"required name=search_term_string"}],"inLanguage":"sk-SK"},{"@type":"WebPage","@id":"https:\/\/katowice.energy2000.pl\/selekcja-w-klubie\/#webpage","url":"https:\/\/katowice.energy2000.pl\/selekcja-w-klubie\/","name":"Selekcja w klubie \u2013 Sprawd\u017a, co warto wiedzie\u0107 przed wyj\u015bciem na imprez\u0119 - Energy2000 - Katowice","isPartOf":{"@id":"https:\/\/katowice.energy2000.pl\/#website"},"datePublished":"2026-03-30T09:37:50+00:00","dateModified":"2026-04-02T09:40:03+00:00","description":"Dowiedz si\u0119, na czym polega selekcja w klubie, jak unikn\u0105\u0107 odmowy przy wej\u015bciu i co sprawia, \u017ce przejdziesz przez bramk\u0119 bez problem\u00f3w. Sprawd\u017a nasze porady!","breadcrumb":{"@id":"https:\/\/katowice.energy2000.pl\/selekcja-w-klubie\/#breadcrumb"},"inLanguage":"sk-SK","potentialAction":[{"@type":"ReadAction","target":["https:\/\/katowice.energy2000.pl\/selekcja-w-klubie\/"]}]},{"@type":"BreadcrumbList","@id":"https:\/\/katowice.energy2000.pl\/selekcja-w-klubie\/#breadcrumb","itemListElement":[{"@type":"ListItem","position":1,"name":"Strona g\u0142\u00f3wna","item":"https:\/\/katowice.energy2000.pl\/"},{"@type":"ListItem","position":2,"name":"Selekcja w klubie \u2013 Sprawd\u017a, co warto wiedzie\u0107 przed wyj\u015bciem na imprez\u0119"}]}]}},"_links":{"self":[{"href":"https:\/\/katowice.energy2000.pl\/sk\/wp-json\/wp\/v2\/pages\/191569"}],"collection":[{"href":"https:\/\/katowice.energy2000.pl\/sk\/wp-json\/wp\/v2\/pages"}],"about":[{"href":"https:\/\/katowice.energy2000.pl\/sk\/wp-json\/wp\/v2\/types\/page"}],"author":[{"embeddable":true,"href":"https:\/\/katowice.energy2000.pl\/sk\/wp-json\/wp\/v2\/users\/4290"}],"replies":[{"embeddable":true,"href":"https:\/\/katowice.energy2000.pl\/sk\/wp-json\/wp\/v2\/comments?post=191569"}],"version-history":[{"count":3,"href":"https:\/\/katowice.energy2000.pl\/sk\/wp-json\/wp\/v2\/pages\/191569\/revisions"}],"predecessor-version":[{"id":191572,"href":"https:\/\/katowice.energy2000.pl\/sk\/wp-json\/wp\/v2\/pages\/191569\/revisions\/191572"}],"wp:attachment":[{"href":"https:\/\/katowice.energy2000.pl\/sk\/wp-json\/wp\/v2\/media?parent=191569"}],"curies":[{"name":"wp","href":"https:\/\/api.w.org\/{rel}","templated":true}]}}