{"id":3797,"date":"2017-04-11T13:55:31","date_gmt":"2017-04-11T11:55:31","guid":{"rendered":"http:\/\/k.energy2000.pl\/?page_id=3797"},"modified":"2025-08-07T12:01:17","modified_gmt":"2025-08-07T10:01:17","slug":"regulamin","status":"publish","type":"page","link":"https:\/\/katowice.energy2000.pl\/sk\/klub\/predpisy\/","title":{"rendered":"Predpisy"},"content":{"rendered":"<p>- <a href=\"https:\/\/katowice.energy2000.pl\/wp-content\/uploads\/2022\/04\/3.-Polityka-prywatno\u015bci-strony-1.pdf\" target=\"_blank\" rel=\"noopener noreferrer\">z\u00e1sady ochrany osobn\u00fdch \u00fadajov slu\u017eby<\/a><\/p>\r\n<p>- <a href=\"https:\/\/katowice.energy2000.pl\/wp-content\/uploads\/2022\/04\/2.-Polityka-prywatno\u015bci-klubu-Energy-2000-Katowice-2022.pdf\" target=\"_blank\" rel=\"noopener noreferrer\">z\u00e1sady ochrany osobn\u00fdch \u00fadajov klubu Energy 2000 Katowice<\/a><\/p>\r\n<p>- <a href=\"https:\/\/katowice.energy2000.pl\/wp-content\/uploads\/2022\/04\/1.-Regulamin-klubu-Energy-2000-Katowice-2022.pdf\" target=\"_blank\" rel=\"noopener noreferrer\">Pravidl\u00e1 klubu Energy 2000 Katowice<\/a><\/p>\r\n<p>- <a href=\"https:\/\/katowice.energy2000.pl\/wp-content\/uploads\/2022\/04\/5.-Regulamin-sprzeda\u017cy-bilet\u00f3w-Energy-2000-Katowice.pdf\" target=\"_blank\" rel=\"noopener noreferrer\">Podmienky predaja Energy 2000 Katowice<\/a><\/p>\r\n<p>- <a href=\"https:\/\/drescode.energy2000.pl\/dc.pdf\" target=\"_blank\" rel=\"noopener noreferrer\">pravidl\u00e1 obliekania v klube Energy 2000<\/a><\/p>\r\n<p>-\u00a0<a href=\"https:\/\/katowice.energy2000.pl\/ARAS\/REGULAMIN_VOUCHERY\/Regulamin_vouchery_katowice.pdf\" target=\"_blank\" rel=\"noopener\">predpisy o pouk\u00e1\u017ekach<\/a><br \/><br \/>-\u00a0<a href=\"https:\/\/katowice.energy2000.pl\/ARAS\/REGULAMIN_ROCZNY\/reg_roczny.pdf\">regulamin bilet\u00f3w rocznych<\/a><\/p>","protected":false},"excerpt":{"rendered":"<p>\u2022 polityka prywatno\u015bci serwisu \u2022 polityka prywatno\u015bci klubu Energy 2000 Katowice \u2022 regulamin klubu Energy 2000 Katowice \u2022 regulamin sprzeda\u017cy Energy 2000 Katowice \u2022 dress code klubu Energy 2000 \u2022\u00a0regulamin voucher\u00f3w \u2022\u00a0regulamin bilet\u00f3w rocznych<\/p>","protected":false},"author":2,"featured_media":0,"parent":3191,"menu_order":35,"comment_status":"closed","ping_status":"closed","template":"","meta":[],"yoast_head":"<!-- This site is optimized with the Yoast SEO plugin v19.2 - https:\/\/yoast.com\/wordpress\/plugins\/seo\/ -->\n<title>Regulamin - Energy2000 - Katowice<\/title>\n<meta name=\"robots\" content=\"index, follow, max-snippet:-1, max-image-preview:large, max-video-preview:-1\" \/>\n<link rel=\"canonical\" href=\"https:\/\/katowice.energy2000.pl\/sk\/klub\/predpisy\/\" \/>\n<meta property=\"og:locale\" content=\"sk_SK\" \/>\n<meta property=\"og:type\" content=\"article\" \/>\n<meta property=\"og:title\" content=\"Regulamin - Energy2000 - Katowice\" \/>\n<meta property=\"og:description\" content=\"\u2022 polityka prywatno\u015bci serwisu \u2022 polityka prywatno\u015bci klubu Energy 2000 Katowice \u2022 regulamin klubu Energy 2000 Katowice \u2022 regulamin sprzeda\u017cy Energy 2000 Katowice \u2022 dress code klubu Energy 2000 \u2022\u00a0regulamin voucher\u00f3w \u2022\u00a0regulamin bilet\u00f3w rocznych\" \/>\n<meta property=\"og:url\" content=\"https:\/\/katowice.energy2000.pl\/sk\/klub\/predpisy\/\" \/>\n<meta property=\"og:site_name\" content=\"Energy2000 - Katowice\" \/>\n<meta property=\"article:modified_time\" content=\"2025-08-07T10:01:17+00:00\" \/>\n<meta name=\"author\" content=\"Micha\u0142 W\u0105tkowski\" \/>\n<meta name=\"twitter:card\" content=\"summary_large_image\" \/>\n<meta name=\"twitter:label1\" content=\"Predpokladan\u00fd \u010das \u010d\u00edtania\" \/>\n\t<meta name=\"twitter:data1\" content=\"1 min\u00fata\" \/>\n<script type=\"application\/ld+json\" class=\"yoast-schema-graph\">{\"@context\":\"https:\/\/schema.org\",\"@graph\":[{\"@type\":\"WebSite\",\"@id\":\"https:\/\/katowice.energy2000.pl\/#website\",\"url\":\"https:\/\/katowice.energy2000.pl\/\",\"name\":\"Energy2000 - Katowice\",\"description\":\"Najlepszy Klub na \u015bl\u0105sku\",\"potentialAction\":[{\"@type\":\"SearchAction\",\"target\":{\"@type\":\"EntryPoint\",\"urlTemplate\":\"https:\/\/katowice.energy2000.pl\/?s={search_term_string}\"},\"query-input\":\"required name=search_term_string\"}],\"inLanguage\":\"sk-SK\"},{\"@type\":\"WebPage\",\"@id\":\"https:\/\/katowice.energy2000.pl\/klub\/regulamin\/#webpage\",\"url\":\"https:\/\/katowice.energy2000.pl\/klub\/regulamin\/\",\"name\":\"Regulamin - Energy2000 - Katowice\",\"isPartOf\":{\"@id\":\"https:\/\/katowice.energy2000.pl\/#website\"},\"datePublished\":\"2017-04-11T11:55:31+00:00\",\"dateModified\":\"2025-08-07T10:01:17+00:00\",\"breadcrumb\":{\"@id\":\"https:\/\/katowice.energy2000.pl\/klub\/regulamin\/#breadcrumb\"},\"inLanguage\":\"sk-SK\",\"potentialAction\":[{\"@type\":\"ReadAction\",\"target\":[\"https:\/\/katowice.energy2000.pl\/klub\/regulamin\/\"]}]},{\"@type\":\"BreadcrumbList\",\"@id\":\"https:\/\/katowice.energy2000.pl\/klub\/regulamin\/#breadcrumb\",\"itemListElement\":[{\"@type\":\"ListItem\",\"position\":1,\"name\":\"Strona g\u0142\u00f3wna\",\"item\":\"https:\/\/katowice.energy2000.pl\/\"},{\"@type\":\"ListItem\",\"position\":2,\"name\":\"Klub\",\"item\":\"https:\/\/katowice.energy2000.pl\/klub\/\"},{\"@type\":\"ListItem\",\"position\":3,\"name\":\"Regulamin\"}]}]}<\/script>\n<!-- \/ Yoast SEO plugin. -->","yoast_head_json":{"title":"Regulamin - Energy2000 - Katowice","robots":{"index":"index","follow":"follow","max-snippet":"max-snippet:-1","max-image-preview":"max-image-preview:large","max-video-preview":"max-video-preview:-1"},"canonical":"https:\/\/katowice.energy2000.pl\/sk\/klub\/predpisy\/","og_locale":"sk_SK","og_type":"article","og_title":"Regulamin - Energy2000 - Katowice","og_description":"\u2022 polityka prywatno\u015bci serwisu \u2022 polityka prywatno\u015bci klubu Energy 2000 Katowice \u2022 regulamin klubu Energy 2000 Katowice \u2022 regulamin sprzeda\u017cy Energy 2000 Katowice \u2022 dress code klubu Energy 2000 \u2022\u00a0regulamin voucher\u00f3w \u2022\u00a0regulamin bilet\u00f3w rocznych","og_url":"https:\/\/katowice.energy2000.pl\/sk\/klub\/predpisy\/","og_site_name":"Energy2000 - Katowice","article_modified_time":"2025-08-07T10:01:17+00:00","author":"Micha\u0142 W\u0105tkowski","twitter_card":"summary_large_image","twitter_misc":{"Predpokladan\u00fd \u010das \u010d\u00edtania":"1 min\u00fata"},"schema":{"@context":"https:\/\/schema.org","@graph":[{"@type":"WebSite","@id":"https:\/\/katowice.energy2000.pl\/#website","url":"https:\/\/katowice.energy2000.pl\/","name":"Energy2000 - Katowice","description":"Najlepszy Klub na \u015bl\u0105sku","potentialAction":[{"@type":"SearchAction","target":{"@type":"EntryPoint","urlTemplate":"https:\/\/katowice.energy2000.pl\/?s={search_term_string}"},"query-input":"required name=search_term_string"}],"inLanguage":"sk-SK"},{"@type":"WebPage","@id":"https:\/\/katowice.energy2000.pl\/klub\/regulamin\/#webpage","url":"https:\/\/katowice.energy2000.pl\/klub\/regulamin\/","name":"Regulamin - Energy2000 - Katowice","isPartOf":{"@id":"https:\/\/katowice.energy2000.pl\/#website"},"datePublished":"2017-04-11T11:55:31+00:00","dateModified":"2025-08-07T10:01:17+00:00","breadcrumb":{"@id":"https:\/\/katowice.energy2000.pl\/klub\/regulamin\/#breadcrumb"},"inLanguage":"sk-SK","potentialAction":[{"@type":"ReadAction","target":["https:\/\/katowice.energy2000.pl\/klub\/regulamin\/"]}]},{"@type":"BreadcrumbList","@id":"https:\/\/katowice.energy2000.pl\/klub\/regulamin\/#breadcrumb","itemListElement":[{"@type":"ListItem","position":1,"name":"Strona g\u0142\u00f3wna","item":"https:\/\/katowice.energy2000.pl\/"},{"@type":"ListItem","position":2,"name":"Klub","item":"https:\/\/katowice.energy2000.pl\/klub\/"},{"@type":"ListItem","position":3,"name":"Regulamin"}]}]}},"_links":{"self":[{"href":"https:\/\/katowice.energy2000.pl\/sk\/wp-json\/wp\/v2\/pages\/3797"}],"collection":[{"href":"https:\/\/katowice.energy2000.pl\/sk\/wp-json\/wp\/v2\/pages"}],"about":[{"href":"https:\/\/katowice.energy2000.pl\/sk\/wp-json\/wp\/v2\/types\/page"}],"author":[{"embeddable":true,"href":"https:\/\/katowice.energy2000.pl\/sk\/wp-json\/wp\/v2\/users\/2"}],"replies":[{"embeddable":true,"href":"https:\/\/katowice.energy2000.pl\/sk\/wp-json\/wp\/v2\/comments?post=3797"}],"version-history":[{"count":31,"href":"https:\/\/katowice.energy2000.pl\/sk\/wp-json\/wp\/v2\/pages\/3797\/revisions"}],"predecessor-version":[{"id":182411,"href":"https:\/\/katowice.energy2000.pl\/sk\/wp-json\/wp\/v2\/pages\/3797\/revisions\/182411"}],"up":[{"embeddable":true,"href":"https:\/\/katowice.energy2000.pl\/sk\/wp-json\/wp\/v2\/pages\/3191"}],"wp:attachment":[{"href":"https:\/\/katowice.energy2000.pl\/sk\/wp-json\/wp\/v2\/media?parent=3797"}],"curies":[{"name":"wp","href":"https:\/\/api.w.org\/{rel}","templated":true}]}}