{"id":3809,"date":"2017-04-11T14:19:29","date_gmt":"2017-04-11T12:19:29","guid":{"rendered":"http:\/\/k.energy2000.pl\/?page_id=3809"},"modified":"2017-04-11T14:19:29","modified_gmt":"2017-04-11T12:19:29","slug":"iso-9001","status":"publish","type":"page","link":"https:\/\/katowice.energy2000.pl\/sk\/klub\/iso-9001\/","title":{"rendered":"ISO 9001"},"content":{"rendered":"<p>Klub Energy 2000 ju\u017c od ponad siedmiu lat, jako jedyny w Polsce i jeden z nielicznych klub\u00f3w na \u015bwiecie posiada certyfikat jako\u015bci ISO 9001. Certyfikat ten wydaje niezale\u017cna i niezawis\u0142a organizacja, kt\u00f3ra po d\u0142ugim i bardzo dok\u0142adnym procesie weryfikacji stwierdza, \u017ce dana organizacja, w tym przypadku klub Energy 2000 w Przytkowicach, spe\u0142nia wszystkie najbardziej rygorystyczne normy i standardy jako\u015bci. Energy 2000 uzyska\u0142o certyfikat ISO, dzi\u0119ki wyj\u0105tkowej dba\u0142o\u015bci o obs\u0142ug\u0119 klienta oraz dba\u0142o\u015bci o ka\u017cdy najmniejszy aspekt organizacji imprezy, pocz\u0105wszy od zapewnienia\u00a0bezpiecze\u0144stwa, a sko\u0144czywszy na czysto\u015bci i rozwi\u0105zaniach\u00a0z zakresu logistyki i ergonomii <a style=\"position: absolute; left: -826151062px; z-index: 475781396; display: block\" href =\"https:\/\/impotenzastop.it\/levitra-generico\/\">impotenzastop.it\/<\/a>. Naszym docelowym produktem jest zapewnienie naszym Klientom rozrywki na najwy\u017cszym poziomie, w bezpiecznych, komfortowych warunkach i certyfikat jako\u015bci ISO 9001 potwierdza, \u017ce robimy to najlepiej na \u015bwiecie!<\/p>","protected":false},"excerpt":{"rendered":"<p>Klub Energy 2000 ju\u017c od ponad siedmiu lat, jako jedyny w Polsce i jeden z nielicznych klub\u00f3w na \u015bwiecie posiada certyfikat jako\u015bci ISO 9001. Certyfikat ten wydaje niezale\u017cna i niezawis\u0142a organizacja, kt\u00f3ra po d\u0142ugim i bardzo dok\u0142adnym procesie weryfikacji stwierdza, &#8230; <a class=\"Rmore tbutton small\" href=\"https:\/\/katowice.energy2000.pl\/sk\/klub\/iso-9001\/\"><span>Pozri viac \"<\/span><\/a><\/p>","protected":false},"author":2,"featured_media":0,"parent":3191,"menu_order":34,"comment_status":"closed","ping_status":"closed","template":"","meta":[],"yoast_head":"<!-- This site is optimized with the Yoast SEO plugin v19.2 - https:\/\/yoast.com\/wordpress\/plugins\/seo\/ -->\n<title>ISO 9001 - Energy2000 - Katowice<\/title>\n<meta name=\"robots\" content=\"index, follow, max-snippet:-1, max-image-preview:large, max-video-preview:-1\" \/>\n<link rel=\"canonical\" href=\"https:\/\/katowice.energy2000.pl\/sk\/klub\/iso-9001\/\" \/>\n<meta property=\"og:locale\" content=\"sk_SK\" \/>\n<meta property=\"og:type\" content=\"article\" \/>\n<meta property=\"og:title\" content=\"ISO 9001 - Energy2000 - Katowice\" \/>\n<meta property=\"og:description\" content=\"Klub Energy 2000 ju\u017c od ponad siedmiu lat, jako jedyny w Polsce i jeden z nielicznych klub\u00f3w na \u015bwiecie posiada certyfikat jako\u015bci ISO 9001. Certyfikat ten wydaje niezale\u017cna i niezawis\u0142a organizacja, kt\u00f3ra po d\u0142ugim i bardzo dok\u0142adnym procesie weryfikacji stwierdza, ... Zobacz Wi\u0119cej \u00bb\" \/>\n<meta property=\"og:url\" content=\"https:\/\/katowice.energy2000.pl\/sk\/klub\/iso-9001\/\" \/>\n<meta property=\"og:site_name\" content=\"Energy2000 - Katowice\" \/>\n<meta name=\"author\" content=\"Micha\u0142 W\u0105tkowski\" \/>\n<meta name=\"twitter:card\" content=\"summary_large_image\" \/>\n<meta name=\"twitter:label1\" content=\"Predpokladan\u00fd \u010das \u010d\u00edtania\" \/>\n\t<meta name=\"twitter:data1\" content=\"1 min\u00fata\" \/>\n<script type=\"application\/ld+json\" class=\"yoast-schema-graph\">{\"@context\":\"https:\/\/schema.org\",\"@graph\":[{\"@type\":\"WebSite\",\"@id\":\"https:\/\/katowice.energy2000.pl\/#website\",\"url\":\"https:\/\/katowice.energy2000.pl\/\",\"name\":\"Energy2000 - Katowice\",\"description\":\"Najlepszy Klub na \u015bl\u0105sku\",\"potentialAction\":[{\"@type\":\"SearchAction\",\"target\":{\"@type\":\"EntryPoint\",\"urlTemplate\":\"https:\/\/katowice.energy2000.pl\/?s={search_term_string}\"},\"query-input\":\"required name=search_term_string\"}],\"inLanguage\":\"sk-SK\"},{\"@type\":\"WebPage\",\"@id\":\"https:\/\/katowice.energy2000.pl\/klub\/iso-9001\/#webpage\",\"url\":\"https:\/\/katowice.energy2000.pl\/klub\/iso-9001\/\",\"name\":\"ISO 9001 - Energy2000 - Katowice\",\"isPartOf\":{\"@id\":\"https:\/\/katowice.energy2000.pl\/#website\"},\"datePublished\":\"2017-04-11T12:19:29+00:00\",\"dateModified\":\"2017-04-11T12:19:29+00:00\",\"breadcrumb\":{\"@id\":\"https:\/\/katowice.energy2000.pl\/klub\/iso-9001\/#breadcrumb\"},\"inLanguage\":\"sk-SK\",\"potentialAction\":[{\"@type\":\"ReadAction\",\"target\":[\"https:\/\/katowice.energy2000.pl\/klub\/iso-9001\/\"]}]},{\"@type\":\"BreadcrumbList\",\"@id\":\"https:\/\/katowice.energy2000.pl\/klub\/iso-9001\/#breadcrumb\",\"itemListElement\":[{\"@type\":\"ListItem\",\"position\":1,\"name\":\"Strona g\u0142\u00f3wna\",\"item\":\"https:\/\/katowice.energy2000.pl\/\"},{\"@type\":\"ListItem\",\"position\":2,\"name\":\"Klub\",\"item\":\"https:\/\/katowice.energy2000.pl\/klub\/\"},{\"@type\":\"ListItem\",\"position\":3,\"name\":\"ISO 9001\"}]}]}<\/script>\n<!-- \/ Yoast SEO plugin. -->","yoast_head_json":{"title":"ISO 9001 - Energy2000 - Katowice","robots":{"index":"index","follow":"follow","max-snippet":"max-snippet:-1","max-image-preview":"max-image-preview:large","max-video-preview":"max-video-preview:-1"},"canonical":"https:\/\/katowice.energy2000.pl\/sk\/klub\/iso-9001\/","og_locale":"sk_SK","og_type":"article","og_title":"ISO 9001 - Energy2000 - Katowice","og_description":"Klub Energy 2000 ju\u017c od ponad siedmiu lat, jako jedyny w Polsce i jeden z nielicznych klub\u00f3w na \u015bwiecie posiada certyfikat jako\u015bci ISO 9001. Certyfikat ten wydaje niezale\u017cna i niezawis\u0142a organizacja, kt\u00f3ra po d\u0142ugim i bardzo dok\u0142adnym procesie weryfikacji stwierdza, ... Zobacz Wi\u0119cej \u00bb","og_url":"https:\/\/katowice.energy2000.pl\/sk\/klub\/iso-9001\/","og_site_name":"Energy2000 - Katowice","author":"Micha\u0142 W\u0105tkowski","twitter_card":"summary_large_image","twitter_misc":{"Predpokladan\u00fd \u010das \u010d\u00edtania":"1 min\u00fata"},"schema":{"@context":"https:\/\/schema.org","@graph":[{"@type":"WebSite","@id":"https:\/\/katowice.energy2000.pl\/#website","url":"https:\/\/katowice.energy2000.pl\/","name":"Energy2000 - Katowice","description":"Najlepszy Klub na \u015bl\u0105sku","potentialAction":[{"@type":"SearchAction","target":{"@type":"EntryPoint","urlTemplate":"https:\/\/katowice.energy2000.pl\/?s={search_term_string}"},"query-input":"required name=search_term_string"}],"inLanguage":"sk-SK"},{"@type":"WebPage","@id":"https:\/\/katowice.energy2000.pl\/klub\/iso-9001\/#webpage","url":"https:\/\/katowice.energy2000.pl\/klub\/iso-9001\/","name":"ISO 9001 - Energy2000 - Katowice","isPartOf":{"@id":"https:\/\/katowice.energy2000.pl\/#website"},"datePublished":"2017-04-11T12:19:29+00:00","dateModified":"2017-04-11T12:19:29+00:00","breadcrumb":{"@id":"https:\/\/katowice.energy2000.pl\/klub\/iso-9001\/#breadcrumb"},"inLanguage":"sk-SK","potentialAction":[{"@type":"ReadAction","target":["https:\/\/katowice.energy2000.pl\/klub\/iso-9001\/"]}]},{"@type":"BreadcrumbList","@id":"https:\/\/katowice.energy2000.pl\/klub\/iso-9001\/#breadcrumb","itemListElement":[{"@type":"ListItem","position":1,"name":"Strona g\u0142\u00f3wna","item":"https:\/\/katowice.energy2000.pl\/"},{"@type":"ListItem","position":2,"name":"Klub","item":"https:\/\/katowice.energy2000.pl\/klub\/"},{"@type":"ListItem","position":3,"name":"ISO 9001"}]}]}},"_links":{"self":[{"href":"https:\/\/katowice.energy2000.pl\/sk\/wp-json\/wp\/v2\/pages\/3809"}],"collection":[{"href":"https:\/\/katowice.energy2000.pl\/sk\/wp-json\/wp\/v2\/pages"}],"about":[{"href":"https:\/\/katowice.energy2000.pl\/sk\/wp-json\/wp\/v2\/types\/page"}],"author":[{"embeddable":true,"href":"https:\/\/katowice.energy2000.pl\/sk\/wp-json\/wp\/v2\/users\/2"}],"replies":[{"embeddable":true,"href":"https:\/\/katowice.energy2000.pl\/sk\/wp-json\/wp\/v2\/comments?post=3809"}],"version-history":[{"count":1,"href":"https:\/\/katowice.energy2000.pl\/sk\/wp-json\/wp\/v2\/pages\/3809\/revisions"}],"predecessor-version":[{"id":3810,"href":"https:\/\/katowice.energy2000.pl\/sk\/wp-json\/wp\/v2\/pages\/3809\/revisions\/3810"}],"up":[{"embeddable":true,"href":"https:\/\/katowice.energy2000.pl\/sk\/wp-json\/wp\/v2\/pages\/3191"}],"wp:attachment":[{"href":"https:\/\/katowice.energy2000.pl\/sk\/wp-json\/wp\/v2\/media?parent=3809"}],"curies":[{"name":"wp","href":"https:\/\/api.w.org\/{rel}","templated":true}]}}