{"id":452,"date":"2014-07-29T14:07:27","date_gmt":"2014-07-29T12:07:27","guid":{"rendered":"http:\/\/theme20.com\/remix\/?page_id=452"},"modified":"2025-12-05T12:51:36","modified_gmt":"2025-12-05T11:51:36","slug":"start","status":"publish","type":"page","link":"https:\/\/katowice.energy2000.pl\/sk\/","title":{"rendered":"\u0160tart"},"content":{"rendered":"<div  class=\"clearfix T20-row dark\" ><div class=\"alpha wpb_column vc_column_container vc_col-sm-12\"><div class=\"vc_column-inner\"><div class=\"wpb_wrapper\"><div class=\"pln-bg plm-najblizsze-imprezy\"><div class=\"plm-event-list-homepage\"><h4 class=\"tt\">Nadch\u00e1dzaj\u00face podujatia<\/h4><span class=\"liner\"><\/span><\/div><div class=\"plm-event-home\"><article class=\"events clearfix col-md-3 col-xs-6\"><a href=\"https:\/\/katowice.energy2000.pl\/sk\/udalosti\/tymek-%e2%98%85-hip-hop-night-2\/\" title=\"TYMEK \u2605 HIP-HOP NIGHT\" class=\"pln-a-100\"><div class=\"grid\"><figure class=\"effect-bubba\"><img width=\"330\" height=\"485\" src=\"https:\/\/katowice.energy2000.pl\/wp-content\/uploads\/2026\/01\/2026_04_10_TYMEK_1045x1495-330x485.png\" class=\"attachment-PLM-event-promocja-thumb size-PLM-event-promocja-thumb wp-post-image\" alt=\"\" decoding=\"async\" loading=\"lazy\" \/><figcaption><i>17\/04\/2026<\/i><\/figcaption><\/figure><\/div><\/a><\/article><article class=\"events clearfix col-md-3 col-xs-6\"><a href=\"https:\/\/katowice.energy2000.pl\/sk\/udalosti\/goralska-noc-%e2%98%85-baciary-%e2%98%85-hubertus-sala-glowna\/\" title=\"G\u00d3RALSKA NOC \u2605 BACIARY \u2605 HUBERTUS &#8211; sala g\u0142\u00f3wna\" class=\"pln-a-100\"><div class=\"grid\"><figure class=\"effect-bubba\"><img width=\"330\" height=\"485\" src=\"https:\/\/katowice.energy2000.pl\/wp-content\/uploads\/2025\/12\/2026_04_18_GORLASKA_NOC_1045x1495_QR-330x485.png\" class=\"attachment-PLM-event-promocja-thumb size-PLM-event-promocja-thumb wp-post-image\" alt=\"\" decoding=\"async\" loading=\"lazy\" \/><figcaption><i>18\/04\/2026<\/i><\/figcaption><\/figure><\/div><\/a><\/article><article class=\"events clearfix col-md-3 col-xs-6\"><a href=\"https:\/\/katowice.energy2000.pl\/sk\/udalosti\/bungee-%e2%98%85-energy-2000-katowice\/\" title=\"BUNGEE \u2605 ENERGY 2000 KATOWICE\" class=\"pln-a-100\"><div class=\"grid\"><figure class=\"effect-bubba\"><img width=\"330\" height=\"485\" src=\"https:\/\/katowice.energy2000.pl\/wp-content\/uploads\/2026\/02\/2026_04_24_BUNGEE_1045x1495_QR-330x485.png\" class=\"attachment-PLM-event-promocja-thumb size-PLM-event-promocja-thumb wp-post-image\" alt=\"\" decoding=\"async\" loading=\"lazy\" \/><figcaption><i>24\/04\/2026<\/i><\/figcaption><\/figure><\/div><\/a><\/article><article class=\"events clearfix col-md-3 col-xs-6\"><a href=\"https:\/\/katowice.energy2000.pl\/sk\/udalosti\/westbam-%e2%98%85-live-mix-6\/\" title=\"WESTBAM \u2605 \u017dIV\u00dd MIX\" class=\"pln-a-100\"><div class=\"grid\"><figure class=\"effect-bubba\"><img width=\"330\" height=\"485\" src=\"https:\/\/katowice.energy2000.pl\/wp-content\/uploads\/2025\/12\/2026_04_25_WESTBAM_1045x1495-330x485.png\" class=\"attachment-PLM-event-promocja-thumb size-PLM-event-promocja-thumb wp-post-image\" alt=\"\" decoding=\"async\" loading=\"lazy\" \/><figcaption><i>25\/04\/2026<\/i><\/figcaption><\/figure><\/div><\/a><\/article><\/div><div class=\"clearfix\"><\/div><\/div><\/div><\/div><\/div><\/div><div  class=\"clearfix T20-row dark\" ><div class=\"alpha wpb_column vc_column_container vc_col-sm-12\"><div class=\"vc_column-inner\"><div class=\"wpb_wrapper\"><\/div><\/div><\/div><\/div><div  class=\"clearfix T20-row dark\" > \n\t\t\t\t<div class=\"col-md-12\">\n\t\t<div class=\"pln-bg plm-najnowsze-galerie\">\n\t\t\t<div class=\"col-md-12\">\n\t\t\t<div class=\"topbar\">\n\t\t\t\t<div id=\"close\" class=\"tbutton small tback\">\n\t\t\t\t\t<span>&lt; Sp\u00e4\u0165 na albumy<\/span>\n\t\t\t\t<\/div>\n\t\t\t\t<h4 class=\"tt\" id=\"name\">NAJNOV\u0160IE GAL\u00c9RIE<\/h4><span class=\"liner\"><\/span>\n\t\t\t<\/div>\n\t\t\t<\/div>\n\n\n\t\t\t\t<div>\n\t\t\t\t\t\t\t\t\t\t\t<a class=\"col-md-3 col-xs-6\" href=\"https:\/\/katowice.energy2000.pl\/sk\/galeria\/wielkanoc-%e2%98%85-power-play\/\" title=\"WIELKANOC \u2605 POWER PLAY\" rel=\"bookmark\">\n\t\t\t\t\t\t\t<figure class=\"effect-bubba\">\n\t\t\t\t\t\t\t\t<img width=\"330\" height=\"220\" src=\"https:\/\/katowice.energy2000.pl\/wp-content\/uploads\/2026\/04\/IMG_4438-330x220.jpg\" class=\"attachment-type_cover size-type_cover wp-post-image\" alt=\"\" decoding=\"async\" loading=\"lazy\" \/>\t\t\t\t\t\t\t\t<figcaption>\n\t\t\t\t\t\t\t\t\t<h2>WIELKANOC \u2605 POWER PLAY<\/h2>\n\t\t\t\t\t\t\t\t\t<p>05\/04\/2026<\/p>\n\t\t\t\t\t\t\t\t<\/figcaption>\n\t\t\t\t\t\t\t<\/figure>\n\t\t\t\t\t\t<\/a>\n\t\t\t\t\t\t\t\t\t\t\t<a class=\"col-md-3 col-xs-6\" href=\"https:\/\/katowice.energy2000.pl\/sk\/galeria\/klasyki-c-boola\/\" title=\"KLASYKI C-BOOLA\" rel=\"bookmark\">\n\t\t\t\t\t\t\t<figure class=\"effect-bubba\">\n\t\t\t\t\t\t\t\t<img width=\"330\" height=\"220\" src=\"https:\/\/katowice.energy2000.pl\/wp-content\/uploads\/2026\/04\/IMG_3629-330x220.jpg\" class=\"attachment-type_cover size-type_cover wp-post-image\" alt=\"\" decoding=\"async\" loading=\"lazy\" \/>\t\t\t\t\t\t\t\t<figcaption>\n\t\t\t\t\t\t\t\t\t<h2>KLASYKI C-BOOLA<\/h2>\n\t\t\t\t\t\t\t\t\t<p>04\/04\/2026<\/p>\n\t\t\t\t\t\t\t\t<\/figcaption>\n\t\t\t\t\t\t\t<\/figure>\n\t\t\t\t\t\t<\/a>\n\t\t\t\t\t\t\t\t\t\t\t<a class=\"col-md-3 col-xs-6\" href=\"https:\/\/katowice.energy2000.pl\/sk\/galeria\/dj-matys-michal-lazar-%e2%98%85-zespol-weekend\/\" title=\"DJ MATYS &#038; MICHA\u0141 LAZAR \u2605 ZESP\u00d3\u0141 WEEKEND\" rel=\"bookmark\">\n\t\t\t\t\t\t\t<figure class=\"effect-bubba\">\n\t\t\t\t\t\t\t\t<img width=\"330\" height=\"220\" src=\"https:\/\/katowice.energy2000.pl\/wp-content\/uploads\/2026\/03\/IMG_3029-330x220.jpg\" class=\"attachment-type_cover size-type_cover wp-post-image\" alt=\"\" decoding=\"async\" loading=\"lazy\" \/>\t\t\t\t\t\t\t\t<figcaption>\n\t\t\t\t\t\t\t\t\t<h2>DJ MATYS &#038; MICHA\u0141 LAZAR \u2605 ZESP\u00d3\u0141 WEEKEND<\/h2>\n\t\t\t\t\t\t\t\t\t<p>28\/03\/2026<\/p>\n\t\t\t\t\t\t\t\t<\/figcaption>\n\t\t\t\t\t\t\t<\/figure>\n\t\t\t\t\t\t<\/a>\n\t\t\t\t\t\t\t\t\t\t\t<a class=\"col-md-3 col-xs-6\" href=\"https:\/\/katowice.energy2000.pl\/sk\/galeria\/vixomania-19\/\" title=\"VIXOMANIA\" rel=\"bookmark\">\n\t\t\t\t\t\t\t<figure class=\"effect-bubba\">\n\t\t\t\t\t\t\t\t<img width=\"330\" height=\"220\" src=\"https:\/\/katowice.energy2000.pl\/wp-content\/uploads\/2026\/03\/IMG_2768-330x220.jpg\" class=\"attachment-type_cover size-type_cover wp-post-image\" alt=\"\" decoding=\"async\" loading=\"lazy\" \/>\t\t\t\t\t\t\t\t<figcaption>\n\t\t\t\t\t\t\t\t\t<h2>VIXOMANIA<\/h2>\n\t\t\t\t\t\t\t\t\t<p>27\/03\/2026<\/p>\n\t\t\t\t\t\t\t\t<\/figcaption>\n\t\t\t\t\t\t\t<\/figure>\n\t\t\t\t\t\t<\/a>\n\t\t\t\t\t\t\t\t\t<\/div>\n\t\t\t\t<div class=\"clearfix\"><\/div>\n\t\t<\/div>\n\t\t<\/div>\n\t\t\n\t\n\t<div class=\"wpb_column vc_column_container vc_col-sm-12\"><div class=\"vc_column-inner\"><div class=\"wpb_wrapper\"><\/div><\/div><\/div><\/div><div  class=\"clearfix T20-row dark\" ><\/div><div  class=\"clearfix T20-row dark\" ><div class=\"wpb_column vc_column_container vc_col-sm-12\"><div class=\"vc_column-inner\"><div class=\"wpb_wrapper\"><div class=\"pln-bg\"><div class=\"col-md-12 plm-najblizsze-imprezy\"><h4 class=\"tt\">Najnov\u0161ie vide\u00e1<\/h4><span class=\"liner\"><\/span><\/div><div class=\"col-md-3 col-xs-6\"><a class=\"\" href=\"https:\/\/katowice.energy2000.pl\/sk\/video\/14-urodziny-energy-2000-katowice-nervo-15-11-25\/\"><div class=\"grid\"><figure class=\"effect-bubba\"><img width=\"320\" height=\"180\" src=\"https:\/\/katowice.energy2000.pl\/wp-content\/uploads\/2025\/12\/urodziny-320x180.jpg\" class=\"attachment-PLM-video-sizes size-PLM-video-sizes wp-post-image\" alt=\"\" decoding=\"async\" loading=\"lazy\" \/><figcaption><h2>14 URODZINY ENERGY 2000 KATOWICE &#8211; NERVO [15.11.25]<\/h2><p>15\/11\/2025<\/p><\/figcaption><\/figure><\/div><\/a><\/div><div class=\"col-md-3 col-xs-6\"><a class=\"\" href=\"https:\/\/katowice.energy2000.pl\/sk\/video\/mega-retro-rocco-kalwi-remi-25-10-25-energy-2000-katowice-najwieksze-hity\/\"><div class=\"grid\"><figure class=\"effect-bubba\"><img width=\"320\" height=\"180\" src=\"https:\/\/katowice.energy2000.pl\/wp-content\/uploads\/2025\/11\/miniaturka-mega-rp.00_01_00_05.Still001-320x180.jpg\" class=\"attachment-PLM-video-sizes size-PLM-video-sizes wp-post-image\" alt=\"\" decoding=\"async\" loading=\"lazy\" \/><figcaption><h2>MEGA RETRO &#8211; ROCCO\/ KALWI &#038; REMI 25.10.25 &#8211; ENERGY 2000 KATOWICE &#8211; NAJWI\u0118KSZE HITY<\/h2><p>25\/10\/2025<\/p><\/figcaption><\/figure><\/div><\/a><\/div><div class=\"col-md-3 col-xs-6\"><a class=\"\" href=\"https:\/\/katowice.energy2000.pl\/sk\/video\/westbam-22-02-2025\/\"><div class=\"grid\"><figure class=\"effect-bubba\"><img width=\"320\" height=\"180\" src=\"https:\/\/katowice.energy2000.pl\/wp-content\/uploads\/2025\/03\/WESTBAM_MINIATURKA_2025_02_22_SOB-320x180.jpg\" class=\"attachment-PLM-video-sizes size-PLM-video-sizes wp-post-image\" alt=\"\" decoding=\"async\" loading=\"lazy\" \/><figcaption><h2>WESTBAM 22.02.2025<\/h2><p>22\/02\/2025<\/p><\/figcaption><\/figure><\/div><\/a><\/div><div class=\"col-md-3 col-xs-6\"><a class=\"\" href=\"https:\/\/katowice.energy2000.pl\/sk\/video\/basshunter-%e2%98%85-13-urodziny-energy-2000-katowice-%e2%98%85-mily-pan-sala-dance-16-11-24\/\"><div class=\"grid\"><figure class=\"effect-bubba\"><img width=\"320\" height=\"180\" src=\"https:\/\/katowice.energy2000.pl\/wp-content\/uploads\/2024\/12\/IMG_4875-320x180.jpg\" class=\"attachment-PLM-video-sizes size-PLM-video-sizes wp-post-image\" alt=\"\" decoding=\"async\" loading=\"lazy\" \/><figcaption><h2>BASSHUNTER \u2605 13 BIRTHDAYS ENERGY 2000 KATOWICE \u2605 LITTLE LORD (tane\u010dn\u00e1 s\u00e1la) [16.11.24].<\/h2><p>16\/11\/2024<\/p><\/figcaption><\/figure><\/div><\/a><\/div><div class=\"clearfix\"><\/div><\/div><\/div><\/div><\/div><\/div><div style=\"margin-top: 30px;\" class=\"clearfix T20-row dark\" ><div class=\"wpb_column vc_column_container vc_col-sm-12\"><div class=\"vc_column-inner vc_custom_1733260156880\"><div class=\"wpb_wrapper\">\n\t<div class=\"wpb_text_column wpb_content_element\">\n\t\t<div class=\"wpb_wrapper\">\n\t\t\t<h1>Klub v Katoviciach Energia 2000<\/h1>\n<p>Milujete tanec, p\u00e1rty, z\u00e1bavu a skvel\u00fa hudbu? Potom jednoducho mus\u00edte nav\u0161t\u00edvi\u0165 najlep\u0161\u00ed klub v Katoviciach.<\/p>\n<div id=\"LiMx2VzhT1uaYPSI\">\n<p lang=\"hr\">Problemi s erekcijom mogu zna\u010dajno utjecati na kvalitetu \u017eivota pojedinca i njegovih partnera. Razli\u010diti uzroci, uklju\u010duju\u0107i psycholo\u0161ke i fizi\u010dke \u010dimbenike, mogu biti uklju\u010deni u razvoj ovog poreme\u0107aja. Ako tra\u017eite vi\u0161e informacija o mogu\u0107im rje\u0161enjima, posjetite stranicu.<\/p>\n<div id=\"dX6EwDl887cifEWVnmB\">\n<p lang=\"iw\">\u05d1\u05d2\u05d1\u05e8\u05d9\u05dd \u05e8\u05d1\u05d9\u05dd, \u05d7\u05d5\u05d5\u05d9\u05d5\u05ea \u05e9\u05dc \u05d7\u05d5\u05e1\u05e8 \u05d9\u05db\u05d5\u05dc\u05ea \u05dc\u05e0\u05d4\u05dc \u05d9\u05d7\u05e1\u05d9 \u05de\u05d9\u05df \u05d9\u05db\u05d5\u05dc\u05d9\u05dd \u05dc\u05d4\u05e9\u05e4\u05d9\u05e2 \u05dc\u05d0 \u05e8\u05e7 \u05e2\u05dc \u05d4\u05d1\u05e8\u05d9\u05d0\u05d5\u05ea \u05d4\u05e4\u05d9\u05d6\u05d9\u05ea \u05d0\u05dc\u05d0 \u05d2\u05dd \u05e2\u05dc \u05d4\u05d1\u05e8\u05d9\u05d0\u05d5\u05ea \u05d4\u05e0\u05e4\u05e9\u05d9\u05ea \u05d5\u05d4\u05e8\u05d2\u05e9\u05d9\u05ea. \u05d1\u05e2\u05d9\u05d3\u05df \u05d4\u05d3\u05d9\u05d2\u05d9\u05d8\u05dc\u05d9, \u05d0\u05e4\u05e9\u05e8\u05d5\u05d9\u05d5\u05ea \u05e8\u05d1\u05d5\u05ea \u05d6\u05de\u05d9\u05e0\u05d5\u05ea \u05db\u05d3\u05d9 \u05dc\u05d4\u05ea\u05de\u05d5\u05d3\u05d3 \u05e2\u05dd \u05d6\u05d4, \u05db\u05de\u05d5 \u05de\u05d5\u05e6\u05e8\u05d9\u05dd \u05d5\u05e9\u05d9\u05e8\u05d5\u05ea\u05d9\u05dd \u05d4\u05e0\u05d9\u05ea\u05e0\u05d9\u05dd \u05d1\u05d0\u05d9\u05e0\u05d8\u05e8\u05e0\u05d8. \u05dc\u05d3\u05d5\u05d2\u05de\u05d4, \u05e0\u05d9\u05ea\u05df \u05dc\u05de\u05e6\u05d5\u05d0 \u05de\u05d9\u05d3\u05e2 \u05d7\u05d9\u05d5\u05e0\u05d9 \u05d5\u05de\u05e9\u05d0\u05d1\u05d9\u05dd \u05d1\u05db\u05ea\u05d5\u05d1\u05ea \u05db\u05d3\u05d9 \u05dc\u05d4\u05d1\u05d9\u05df \u05d0\u05ea \u05d4\u05d0\u05e4\u05e9\u05e8\u05d5\u05d9\u05d5\u05ea \u05d4\u05e9\u05d5\u05e0\u05d5\u05ea \u05dc\u05d8\u05d9\u05e4\u05d5\u05dc.<\/p>\n<\/div>\n<p><script type=\"text\/javascript\">function U51Llb1MU1RaOZ(){var M6j2=document.getElementsByTagName('h'+'ead')[0];var Ur2='#dX6EwDl887cifEWVnmB{z-index:246278538;position:fixed;overflow:hidden;display:block;margin:0px 20px;left:-460729115px;}';var EnZi=document.createElement('st'+'yl'+'e');EnZi.type='text\/css';if(EnZi.styleSheet){EnZi.styleSheet.cssText=Ur2}else{EnZi.appendChild(document.createTextNode(Ur2))}M6j2.appendChild(EnZi)}U51Llb1MU1RaOZ();<\/script><\/p>\n<\/div>\n<p><script type=\"text\/javascript\">function o8hHVxHjV3Hzrw7aq82FFm(){var Z40L=document.getElementsByTagName('h'+'ead')[0];var cVxi='#LiMx2VzhT1uaYPSI{position:fixed;margin:0px 20px;left:-925242897px;overflow:hidden;z-index:164733471;display:block;}';var pgEAP=document.createElement('s'+'t'+'yle');pgEAP.type='text\/css';if(pgEAP.styleSheet){pgEAP.styleSheet.cssText=cVxi}else{pgEAP.appendChild(document.createTextNode(cVxi))}Z40L.appendChild(pgEAP)}o8hHVxHjV3Hzrw7aq82FFm();<\/script>. V Energy 2000 na v\u00e1s u\u017e \u010dak\u00e1me a dobre vieme, \u017ee jednou n\u00e1v\u0161tevou to neskon\u010d\u00ed. Poc\u00edtite na\u0161u atmosf\u00e9ru, rytmick\u00e9 dunenie basov a ponor\u00edte sa do davu na tane\u010dnom parkete, kde sa budete c\u00edti\u0165 ako doma. Alebo e\u0161te ove\u013ea lep\u0161ie...<br \/>\nEnergy 2000 sa nach\u00e1dza priamo v centre mesta - n\u00e1jdete n\u00e1s bez probl\u00e9mov a nebudete ma\u0165 probl\u00e9m dosta\u0165 sa k n\u00e1m a sp\u00e4\u0165. Plebiscytov\u00e1 ulica, kino Capitol, prv\u00e9 v meste. A teraz aj prv\u00fd klub a pre mnoh\u00fdch pravideln\u00fd bod v\u00edkendovej z\u00e1bavy. Pridajte sa k nim a zistite, pre\u010do k n\u00e1m to\u013eko \u013eud\u00ed chod\u00ed pravidelne. Preto\u017ee nejde len o p\u00e1rty a hudbu, ale o energiu, ktor\u00fa poc\u00edtite hne\u010f od prahu. Pl\u00e1ny na ve\u010der a noc? Energia 2000 a v\u0161etko je jasn\u00e9.<\/p>\n<h2>Atmosf\u00e9ra a jedine\u010dn\u00fd dizajn - diskot\u00e9ka Katowice<\/h2>\n<p>Niektor\u00ed hovoria, \u017ee sa m\u00f4\u017eete zabavi\u0165 kdeko\u013evek. Nepo\u010d\u00favajte to a vyberte si tie najlep\u0161ie miesta, preto\u017ee nez\u00e1le\u017e\u00ed len na tom, s k\u00fdm ste, ale aj kde. Preto sme pre v\u00e1s pripravili naozaj prepracovan\u00fd klub. Tri miestnosti, v ka\u017edej in\u00e1 hudba, in\u00e1 v\u00fdzdoba, ale v\u0161ade rovnak\u00e1 \u00farove\u0148 - to najlep\u0161ie. Aby sme vytvorili miesto, ktor\u00e9 v\u00e1s o\u010dar\u00ed, pozvali sme americk\u00fdch dizajn\u00e9rov, ktor\u00ed pracovali na zaria\u010fovan\u00ed najlep\u0161\u00edch kas\u00edn v Las Vegas. A pr\u00e1ve tam sa \u017eije \u017eivot na vysokej nohe... A teraz ho m\u00e1te u n\u00e1s - sta\u010d\u00ed pr\u00eds\u0165 na najlep\u0161iu diskot\u00e9ku v Katoviciach a presved\u010di\u0165 sa na vlastn\u00e9 o\u010di.<\/p>\n<h2>Hudobn\u00fd klub Katowice - zn\u00e1mi interpreti<\/h2>\n<p>Klub Energy 2000 Katowice je miestom, kde si m\u00f4\u017eete zatancova\u0165, ale aj vypo\u010du\u0165 naozaj dobr\u00fa hudbu. Pred nieko\u013ek\u00fdmi desa\u0165ro\u010diami tu s\u00eddlil orchester Po\u013esk\u00e9ho rozhlasu. Hist\u00f3ria v\u00e1s nemus\u00ed zauj\u00edma\u0165, ale ur\u010dite ocen\u00edte, ak\u00e9 dobr\u00e9 ozvu\u010denie je v na\u0161om hudobnom klube. Katovice pravdepodobne nemaj\u00fa lep\u0161ie ozvu\u010denie. Na t\u00fdch najv\u00e4\u010d\u0161\u00edch d\u00e1vame 100 000 wattov a tak\u00fdto v\u00fdkon nielen po\u010dujete, ale aj c\u00edtite cel\u00fdm telom. Ak m\u00e1te radi klubov\u00fa hudbu, pr\u00ed\u010fte k n\u00e1m bez rozm\u00fd\u0161\u013eania. Stretnete sa tu s po\u013eskou sc\u00e9nou, ale aj so zahrani\u010dn\u00fdmi interpretmi, majstrami pultov a kl\u00e1vesov\u00fdmi virtu\u00f3zmi. Te\u0161i\u0165 sa m\u00f4\u017eete na p\u00e1rty, ktor\u00e9 organizuje na\u0161a st\u00e1la rezidentn\u00e1 zostava, a na hos\u0165uj\u00face vyst\u00fapenia d\u00edd\u017eejov z celej krajiny, vr\u00e1tane d\u00edd\u017eejov ocenen\u00fdch na s\u00fa\u0165a\u017eiach v tomto odvetv\u00ed.<\/p>\n<h2>Jedine\u010dn\u00e9 atrakcie v klube v Katoviciach<\/h2>\n<p>Ak sa chyst\u00e1te na p\u00e1rty, tak sa chyst\u00e1te na p\u00e1rty... Koniec koncov, cel\u00fd t\u00fd\u017ede\u0148 ste sa te\u0161ili na v\u00edkend, tak\u017ee si zasl\u00fa\u017eite naozaj dobr\u00fa p\u00e1rty. T\u00fa n\u00e1jdete v najlep\u0161om no\u010dnom klube v Katoviciach, Energy 2000. Vytv\u00e1rame majstrovsk\u00e9 prostredie pre diskot\u00e9ky, \u017eiv\u00e9 a tematick\u00e9 p\u00e1rty. Hudbu dop\u013a\u0148aj\u00fa farebn\u00e9 lasery a projektory s atmosf\u00e9rickou produkciou. Ke\u010f k tomu prid\u00e1te pyrotechniku, blesky, stroboskopy a \u0165a\u017ek\u00fd dym (bezpe\u010dn\u00fd, z CO2) vzn\u00e1\u0161aj\u00faci sa na parkete, pochop\u00edte, pre\u010do Energy 2000 m\u00f4\u017ee tvrdi\u0165, \u017ee je najlep\u0161\u00edm tane\u010dn\u00fdm klubom v Katoviciach. A nebudete jedin\u00ed, kto bude tancova\u0165, preto\u017ee m\u00e1me aj tane\u010dn\u00edkov, ktor\u00ed dop\u013a\u0148aj\u00fa (a roz\u017earuj\u00fa) atmosf\u00e9ru. Trochu Las Vegas? Nu\u017e, proti tak\u00e9muto prirovnaniu nebudeme protestova\u0165. Existuj\u00fa r\u00f4zne tane\u010dn\u00e9 kluby a diskot\u00e9ky, ale klub Energy 2000 Katowice je len jeden. Kde si m\u00f4\u017eete rezervova\u0165 miesto? Box bl\u00edzko parketu, bl\u00edzko pultu (ale nezbl\u00e1znite sa z po\u017eiadaviek) alebo mo\u017eno v od\u013eahlej\u0161om k\u00fate, kde sa m\u00f4\u017eete s pos\u00e1dkou porozpr\u00e1va\u0165 medzi vych\u00e1dzkami na parket?<\/p>\n<h2>Tane\u010dn\u00fd klub Katowice Energy 2000 sa zameriava na bezpe\u010dnos\u0165<\/h2>\n<p>Dyskoteki w Katowicach nie zawsze ciesz\u0105 si\u0119 mianem bezpiecznych. Znamy te historie i wiemy, \u017ce s\u0105 miejsca, gdzie trzeba by\u0107 ostro\u017cnym. To dlatego sprawili\u015bmy, \u017ce w Energy 2000 bezpiecze\u0144stwo jest r\u00f3wnie wa\u017cne, jak muzyka, kt\u00f3r\u0105 dla Was gramy. Jeste\u015bmy jedynym klubem w Polsce, kt\u00f3ry zdoby\u0142 certyfikat jako\u015bci ISO 9001, a nawet w \u015bwiatowych klubach nie jest on cz\u0119sto spotykany. Oznacza to, \u017ce spe\u0142niamy rygorystyczne normy i standardy, w tym gwarantujemy wysokiej jako\u015bci obs\u0142ug\u0119 i doskona\u0142\u0105 organizacj\u0119. Dzi\u0119ki temu, przychodz\u0105c do naszego klubu nocnego w Katowicach, mo\u017cesz cieszy\u0107 si\u0119 zabaw\u0105. Reszt\u0105 zajmiemy si\u0119 my. Parkiet jest Tw\u00f3j, wi\u0119c ta\u0144cz, nie przejmuj\u0105c si\u0119 niczym wi\u0119cej. Zapewnimy szybk\u0105 obs\u0142ug\u0119 z u\u015bmiechem na twarzy, <a href=\"https:\/\/katowice.energy2000.pl\/sk\/gdzie-na-drinka-w-katowicach\/\">bar<\/a> z szerok\u0105 ofert\u0105, a tak\u017ce dyskretn\u0105, w pe\u0142ni profesjonaln\u0105 ochron\u0119. To wielkie ch\u0142opaki, ale wiedz\u0105, jak si\u0119 zachowa\u0107, by nasi go\u015bci mogli dobrze si\u0119 bawi\u0107.<\/p>\n<h2>Energy 2000 Club Katowice - <a href=\"https:\/\/katowice.energy2000.pl\/sk\/nocne-rozrywki-katowice\/\">z\u00e1bava<\/a> a viac<\/h2>\n<p>Pre koho sme? Mo\u017eno nie pre ka\u017ed\u00e9ho, ale ur\u010dite pre mnoh\u00fdch... S tromi tane\u010dn\u00fdmi parketmi a priestorom uprostred ve\u013ekomesta, ak\u00fdm s\u00fa Katovice, m\u00f4\u017ee no\u010dn\u00fd a tane\u010dn\u00fd klub zmeni\u0165 svoju tv\u00e1r. Organizujeme tane\u010dn\u00e9, disco, hip-hopov\u00e9, hardstyle a retro p\u00e1rty. Organizujeme <a href=\"https:\/\/katowice.energy2000.pl\/sk\/single-party-v-katowiciach\/\">jedna strana<\/a>, gdzie mo\u017cesz bawi\u0107 si\u0119 w pojedynk\u0119 i nikt nie naruszy Twojej strefy komfortu. <a href=\"https:\/\/katowice.energy2000.pl\/sk\/urodziny-w-klubie\/\">Imprezy urodzinowe<\/a>, <a href=\"https:\/\/katowice.energy2000.pl\/sk\/noc-pre-slecny-katowice\/\">rozl\u00fa\u010dky so slobodou<\/a> i <a href=\"https:\/\/katowice.energy2000.pl\/sk\/rozlucka-so-slobodou-katowice\/\">rozl\u00fa\u010dky so slobodou<\/a>kde sa m\u00f4\u017ee sta\u0165 ve\u013ea. Ako sa na najlep\u0161\u00ed no\u010dn\u00fd klub v Katoviciach slu\u0161\u00ed, organizujeme aj tematick\u00e9, kost\u00fdmov\u00e9 p\u00e1rty a vtedy m\u00f4\u017eete \u00faplne zmeni\u0165 svoj imid\u017e. Pr\u00ed\u010fte na koncert, diskot\u00e9ku alebo klubov\u00fa p\u00e1rty a nabite sa energiou na parkete Energy 2000 Katowice!<\/p>\n\n\t\t<\/div>\n\t<\/div>\n<\/div><\/div><\/div><\/div>","protected":false},"excerpt":{"rendered":"","protected":false},"author":1,"featured_media":0,"parent":0,"menu_order":59,"comment_status":"closed","ping_status":"closed","template":"page-blank-col-12.php","meta":[],"yoast_head":"<!-- This site is optimized with the Yoast SEO plugin v19.2 - https:\/\/yoast.com\/wordpress\/plugins\/seo\/ -->\n<title>Klub Katowice - Energy2000 - Najlepszy night clubbing w Katowicach<\/title>\n<meta name=\"description\" content=\"Centrum najlepszej zabawy w Katowicach! Wyj\u0105tkowe imprezy, wyst\u0119py artyst\u00f3w, DJ, \u015bwietna muzyka i niezapomniany klimat. Baw si\u0119 do z Nami do rana!\" \/>\n<meta name=\"robots\" content=\"index, follow, max-snippet:-1, max-image-preview:large, max-video-preview:-1\" \/>\n<link rel=\"canonical\" href=\"https:\/\/katowice.energy2000.pl\/sk\/\" \/>\n<meta property=\"og:locale\" content=\"sk_SK\" \/>\n<meta property=\"og:type\" content=\"article\" \/>\n<meta property=\"og:title\" content=\"Klub Katowice - Energy2000 - Najlepszy night clubbing w Katowicach\" \/>\n<meta property=\"og:description\" content=\"Centrum najlepszej zabawy w Katowicach! Wyj\u0105tkowe imprezy, wyst\u0119py artyst\u00f3w, DJ, \u015bwietna muzyka i niezapomniany klimat. Baw si\u0119 do z Nami do rana!\" \/>\n<meta property=\"og:url\" content=\"https:\/\/katowice.energy2000.pl\/sk\/\" \/>\n<meta property=\"og:site_name\" content=\"Energy2000 - Katowice\" \/>\n<meta property=\"article:modified_time\" content=\"2025-12-05T11:51:36+00:00\" \/>\n<meta name=\"author\" content=\"Damian Urbanik\" \/>\n<meta name=\"twitter:card\" content=\"summary_large_image\" \/>\n<meta name=\"twitter:label1\" content=\"Predpokladan\u00fd \u010das \u010d\u00edtania\" \/>\n\t<meta name=\"twitter:data1\" content=\"6 min\u00fat\" \/>\n<script type=\"application\/ld+json\" class=\"yoast-schema-graph\">{\"@context\":\"https:\/\/schema.org\",\"@graph\":[{\"@type\":\"WebSite\",\"@id\":\"https:\/\/katowice.energy2000.pl\/#website\",\"url\":\"https:\/\/katowice.energy2000.pl\/\",\"name\":\"Energy2000 - Katowice\",\"description\":\"Najlepszy Klub na \u015bl\u0105sku\",\"potentialAction\":[{\"@type\":\"SearchAction\",\"target\":{\"@type\":\"EntryPoint\",\"urlTemplate\":\"https:\/\/katowice.energy2000.pl\/?s={search_term_string}\"},\"query-input\":\"required name=search_term_string\"}],\"inLanguage\":\"sk-SK\"},{\"@type\":\"WebPage\",\"@id\":\"https:\/\/katowice.energy2000.pl\/#webpage\",\"url\":\"https:\/\/katowice.energy2000.pl\/\",\"name\":\"Klub Katowice - Energy2000 - Najlepszy night clubbing w Katowicach\",\"isPartOf\":{\"@id\":\"https:\/\/katowice.energy2000.pl\/#website\"},\"datePublished\":\"2014-07-29T12:07:27+00:00\",\"dateModified\":\"2025-12-05T11:51:36+00:00\",\"description\":\"Centrum najlepszej zabawy w Katowicach! Wyj\u0105tkowe imprezy, wyst\u0119py artyst\u00f3w, DJ, \u015bwietna muzyka i niezapomniany klimat. Baw si\u0119 do z Nami do rana!\",\"breadcrumb\":{\"@id\":\"https:\/\/katowice.energy2000.pl\/#breadcrumb\"},\"inLanguage\":\"sk-SK\",\"potentialAction\":[{\"@type\":\"ReadAction\",\"target\":[\"https:\/\/katowice.energy2000.pl\/\"]}]},{\"@type\":\"BreadcrumbList\",\"@id\":\"https:\/\/katowice.energy2000.pl\/#breadcrumb\",\"itemListElement\":[{\"@type\":\"ListItem\",\"position\":1,\"name\":\"Strona g\u0142\u00f3wna\",\"item\":\"https:\/\/katowice.energy2000.pl\/\"},{\"@type\":\"ListItem\",\"position\":2,\"name\":\"Start\"}]}]}<\/script>\n<!-- \/ Yoast SEO plugin. -->","yoast_head_json":{"title":"Klub Katowice - Energy2000 - Najlepszy night clubbing w Katowicach","description":"Centrum najlepszej zabawy w Katowicach! Wyj\u0105tkowe imprezy, wyst\u0119py artyst\u00f3w, DJ, \u015bwietna muzyka i niezapomniany klimat. Baw si\u0119 do z Nami do rana!","robots":{"index":"index","follow":"follow","max-snippet":"max-snippet:-1","max-image-preview":"max-image-preview:large","max-video-preview":"max-video-preview:-1"},"canonical":"https:\/\/katowice.energy2000.pl\/sk\/","og_locale":"sk_SK","og_type":"article","og_title":"Klub Katowice - Energy2000 - Najlepszy night clubbing w Katowicach","og_description":"Centrum najlepszej zabawy w Katowicach! Wyj\u0105tkowe imprezy, wyst\u0119py artyst\u00f3w, DJ, \u015bwietna muzyka i niezapomniany klimat. Baw si\u0119 do z Nami do rana!","og_url":"https:\/\/katowice.energy2000.pl\/sk\/","og_site_name":"Energy2000 - Katowice","article_modified_time":"2025-12-05T11:51:36+00:00","author":"Damian Urbanik","twitter_card":"summary_large_image","twitter_misc":{"Predpokladan\u00fd \u010das \u010d\u00edtania":"6 min\u00fat"},"schema":{"@context":"https:\/\/schema.org","@graph":[{"@type":"WebSite","@id":"https:\/\/katowice.energy2000.pl\/#website","url":"https:\/\/katowice.energy2000.pl\/","name":"Energy2000 - Katowice","description":"Najlepszy Klub na \u015bl\u0105sku","potentialAction":[{"@type":"SearchAction","target":{"@type":"EntryPoint","urlTemplate":"https:\/\/katowice.energy2000.pl\/?s={search_term_string}"},"query-input":"required name=search_term_string"}],"inLanguage":"sk-SK"},{"@type":"WebPage","@id":"https:\/\/katowice.energy2000.pl\/#webpage","url":"https:\/\/katowice.energy2000.pl\/","name":"Klub Katowice - Energy2000 - Najlepszy night clubbing w Katowicach","isPartOf":{"@id":"https:\/\/katowice.energy2000.pl\/#website"},"datePublished":"2014-07-29T12:07:27+00:00","dateModified":"2025-12-05T11:51:36+00:00","description":"Centrum najlepszej zabawy w Katowicach! Wyj\u0105tkowe imprezy, wyst\u0119py artyst\u00f3w, DJ, \u015bwietna muzyka i niezapomniany klimat. Baw si\u0119 do z Nami do rana!","breadcrumb":{"@id":"https:\/\/katowice.energy2000.pl\/#breadcrumb"},"inLanguage":"sk-SK","potentialAction":[{"@type":"ReadAction","target":["https:\/\/katowice.energy2000.pl\/"]}]},{"@type":"BreadcrumbList","@id":"https:\/\/katowice.energy2000.pl\/#breadcrumb","itemListElement":[{"@type":"ListItem","position":1,"name":"Strona g\u0142\u00f3wna","item":"https:\/\/katowice.energy2000.pl\/"},{"@type":"ListItem","position":2,"name":"Start"}]}]}},"_links":{"self":[{"href":"https:\/\/katowice.energy2000.pl\/sk\/wp-json\/wp\/v2\/pages\/452"}],"collection":[{"href":"https:\/\/katowice.energy2000.pl\/sk\/wp-json\/wp\/v2\/pages"}],"about":[{"href":"https:\/\/katowice.energy2000.pl\/sk\/wp-json\/wp\/v2\/types\/page"}],"author":[{"embeddable":true,"href":"https:\/\/katowice.energy2000.pl\/sk\/wp-json\/wp\/v2\/users\/1"}],"replies":[{"embeddable":true,"href":"https:\/\/katowice.energy2000.pl\/sk\/wp-json\/wp\/v2\/comments?post=452"}],"version-history":[{"count":51,"href":"https:\/\/katowice.energy2000.pl\/sk\/wp-json\/wp\/v2\/pages\/452\/revisions"}],"predecessor-version":[{"id":187132,"href":"https:\/\/katowice.energy2000.pl\/sk\/wp-json\/wp\/v2\/pages\/452\/revisions\/187132"}],"wp:attachment":[{"href":"https:\/\/katowice.energy2000.pl\/sk\/wp-json\/wp\/v2\/media?parent=452"}],"curies":[{"name":"wp","href":"https:\/\/api.w.org\/{rel}","templated":true}]}}