{"id":176093,"date":"2025-03-10T11:43:01","date_gmt":"2025-03-10T10:43:01","guid":{"rendered":"https:\/\/katowice.energy2000.pl\/?page_id=176093"},"modified":"2026-02-02T15:13:53","modified_gmt":"2026-02-02T14:13:53","slug":"wieczor-panienski-katowice","status":"publish","type":"page","link":"https:\/\/katowice.energy2000.pl\/uk\/%d0%b4%d1%96%d0%b2%d0%b8%d1%87-%d0%b2%d0%b5%d1%87%d1%96%d1%80-%d0%ba%d0%b0%d1%82%d0%be%d0%b2%d1%96%d1%86%d0%b5\/","title":{"rendered":"\u0414\u0456\u0432\u0438\u0447-\u0432\u0435\u0447\u0456\u0440 \u0443 \u041a\u0430\u0442\u043e\u0432\u0456\u0446\u0435 - \u0434\u0435 \u043e\u0440\u0433\u0430\u043d\u0456\u0437\u0443\u0432\u0430\u0442\u0438?"},"content":{"rendered":"<p>\u0428\u0443\u043a\u0430\u0454\u0442\u0435 \u0456\u0434\u0435\u044e, \u044f\u043a \u043e\u0440\u0433\u0430\u043d\u0456\u0437\u0443\u0432\u0430\u0442\u0438 \u0434\u0456\u0432\u0438\u0447-\u0432\u0435\u0447\u0456\u0440 \u0443 \u0421\u0456\u043b\u0435\u0437\u0456\u0457? \u041a\u0430\u0442\u043e\u0432\u0456\u0446\u0435 - \u0446\u0435 \u043c\u0456\u0441\u0442\u043e, \u044f\u043a\u0435 \u043f\u0440\u043e\u043f\u043e\u043d\u0443\u0454 \u0448\u0438\u0440\u043e\u043a\u0438\u0439 \u0441\u043f\u0435\u043a\u0442\u0440 \u0440\u043e\u0437\u0432\u0430\u0433. \u041d\u0435\u0437\u0430\u043b\u0435\u0436\u043d\u043e \u0432\u0456\u0434 \u0442\u043e\u0433\u043e, \u0447\u0438 \u043b\u044e\u0431\u0438\u0442\u044c \u043c\u0430\u0439\u0431\u0443\u0442\u043d\u044f \u043d\u0430\u0440\u0435\u0447\u0435\u043d\u0430 \u043f\u0440\u043e\u0432\u043e\u0434\u0438\u0442\u0438 \u0447\u0430\u0441 \u0430\u043a\u0442\u0438\u0432\u043d\u043e, \u0447\u0438 \u043d\u0435\u043a\u0432\u0430\u043f\u043b\u0438\u0432\u043e, \u0432\u0438 \u043e\u0431\u043e\u0432'\u044f\u0437\u043a\u043e\u0432\u043e \u0437\u043d\u0430\u0439\u0434\u0435\u0442\u0435 \u0449\u043e\u0441\u044c \u0456\u0434\u0435\u0430\u043b\u044c\u043d\u0435 \u0434\u043b\u044f \u0441\u0432\u044f\u0442\u043a\u0443\u0432\u0430\u043d\u043d\u044f \u0446\u044c\u043e\u0433\u043e \u043e\u0441\u043e\u0431\u043b\u0438\u0432\u043e\u0433\u043e \u0434\u043d\u044f. \u041f\u0456\u0441\u043b\u044f \u0432\u0435\u0447\u0456\u0440\u043d\u0456\u0445 \u0440\u043e\u0437\u0432\u0430\u0436\u0430\u043b\u044c\u043d\u0438\u0445 \u0437\u0430\u0445\u043e\u0434\u0456\u0432 \u0432\u0438\u0440\u0443\u0448\u0430\u0439\u0442\u0435 \u0434\u043e \u043a\u043b\u0443\u0431\u0443 Energy, \u0449\u043e\u0431 \u0432\u0456\u0434\u0447\u0443\u0442\u0438 \u043f\u043e\u0437\u0438\u0442\u0438\u0432\u043d\u0443 \u0435\u043d\u0435\u0440\u0433\u0456\u044e, \u044f\u043a\u0430 \u0441\u0442\u0432\u043e\u0440\u044e\u0454 \u0430\u0442\u043c\u043e\u0441\u0444\u0435\u0440\u0443 \u0441\u0432\u044f\u0442\u0430.<\/p>\n<h2>\u0414\u0456\u0432\u0438\u0447-\u0432\u0435\u0447\u0456\u0440 \u0443 \u043a\u043b\u0443\u0431\u0456 \u0447\u0438 \u0432\u0434\u043e\u043c\u0430?<\/h2>\n<p>\u041c\u043e\u0436\u043b\u0438\u0432\u043e, \u0432\u0438 \u0440\u043e\u0437\u0434\u0443\u043c\u0443\u0454\u0442\u0435 \u043d\u0430\u0434 \u0442\u0438\u043c, \u0447\u0438 \u043e\u0431\u0440\u0430\u0442\u0438 \u043a\u043b\u0443\u0431 \u0434\u043b\u044f \u043f\u0440\u043e\u0432\u0435\u0434\u0435\u043d\u043d\u044f \u0434\u0456\u0432\u0438\u0447-\u0432\u0435\u0447\u043e\u0440\u0430, \u0447\u0438 \u043e\u0440\u0433\u0430\u043d\u0456\u0437\u0443\u0432\u0430\u0442\u0438 \u0432\u0435\u0447\u0456\u0440\u043a\u0443 \u0432\u0434\u043e\u043c\u0430. \u0417\u0432\u0438\u0447\u0430\u0439\u043d\u043e, \u043e\u0434\u043d\u0435 \u043d\u0435 \u0432\u0438\u043a\u043b\u044e\u0447\u0430\u0454 \u0456\u043d\u0448\u043e\u0433\u043e. \u041e\u0434\u0438\u043d \u0437 \u0432\u0430\u0440\u0456\u0430\u043d\u0442\u0456\u0432 - \u0437\u0443\u0441\u0442\u0440\u0456\u0442\u0438\u0441\u044f \u0432 \u043a\u0432\u0430\u0440\u0442\u0438\u0440\u0456 \u0430\u0431\u043e \u043e\u0440\u0435\u043d\u0434\u043e\u0432\u0430\u043d\u043e\u043c\u0443 \u043f\u043e\u043c\u0435\u0448\u043a\u0430\u043d\u043d\u0456, \u0434\u0435 \u0443\u0447\u0430\u0441\u043d\u0438\u043a\u0438 \u0437\u0430\u0445\u043e\u0434\u0443 \u043c\u0430\u0442\u0438\u043c\u0443\u0442\u044c \u043c\u043e\u0436\u043b\u0438\u0432\u0456\u0441\u0442\u044c \u043f\u043e\u0437\u043d\u0430\u0439\u043e\u043c\u0438\u0442\u0438\u0441\u044f \u043e\u0434\u0438\u043d \u0437 \u043e\u0434\u043d\u0438\u043c, \u044f\u043a\u0449\u043e \u0432\u043e\u043d\u0438 \u043d\u0435 \u043c\u0430\u043b\u0438 \u0442\u0430\u043a\u043e\u0457 \u043c\u043e\u0436\u043b\u0438\u0432\u043e\u0441\u0442\u0456 \u0440\u0430\u043d\u0456\u0448\u0435, \u0456 \u043f\u0440\u043e\u0432\u0435\u0441\u0442\u0438 \u0434\u0435\u044f\u043a\u0438\u0439 \u0447\u0430\u0441 \u0440\u0430\u0437\u043e\u043c \u043f\u0435\u0440\u0435\u0434 \u0442\u0438\u043c, \u044f\u043a \u0432\u0438\u0440\u0443\u0448\u0438\u0442\u0438 \u0434\u043e \u043c\u0456\u0441\u0446\u044f \u043f\u0440\u043e\u0432\u0435\u0434\u0435\u043d\u043d\u044f \u0437\u0430\u0445\u043e\u0434\u0443.<\/p>\n<p>Dom\u00f3wki w damskim gronie maj\u0105 sw\u00f3j klimat. Kameralna atmosfera sprzyja swobodnym rozmowom, wspomnieniom i szczerym zwierzeniom. Jednak zwykle pojawia si\u0119 ochota, by wyj\u015b\u0107 na wiecz\u00f3r panie\u0144ski w klubie, gdzie mo\u017cna poczu\u0107 prawdziwy zabawowy klimat, szalej\u0105c do bia\u0142ego rana w ulubionej <a href=\"https:\/\/katowice.energy2000.pl\/uk\/jak-sie-ubrac-do-klubu\/\">stylizacji<\/a>. Dlatego warto wcze\u015bniej zadba\u0107 o rezerwacj\u0119 lo\u017cy lub zabookowa\u0107 VIP Premium Room, by mie\u0107 pewno\u015b\u0107, \u017ce ca\u0142ej grupie b\u0119dzie wygodnie i komfortowo. Tym bardziej \u017ce Energy 2000 na wiecz\u00f3r panie\u0144ski w Katowicach oferuje specjalne atrakcyjne promocje \u2013 op\u0142acaj\u0105c lo\u017c\u0119, mo\u017cna otrzyma\u0107 darmowe wej\u015bci\u00f3wki i voucher do wykorzystania na barze. Szczeg\u00f3\u0142y warto pozna\u0107, sprawdzaj\u0105c aktualne informacje na stronie klubu.<\/p>\n<h2>\u042f\u043a\u0456 \u0440\u043e\u0437\u0432\u0430\u0433\u0438 \u043c\u043e\u0436\u043d\u0430 \u043e\u0440\u0433\u0430\u043d\u0456\u0437\u0443\u0432\u0430\u0442\u0438 \u0434\u043b\u044f \u0434\u0456\u0432\u0438\u0447-\u0432\u0435\u0447\u043e\u0440\u0430 \u0432 \u041a\u0430\u0442\u043e\u0432\u0456\u0446\u0435?<\/h2>\n<p>Zanim jednak wybierzecie si\u0119 do klubu, warto zaplanowa\u0107 <a href=\"https:\/\/katowice.energy2000.pl\/uk\/atrakcje-katowice\/\">atrakcje<\/a> na wiecz\u00f3r panie\u0144ski w Katowicach, kt\u00f3re urozmaic\u0105 czas. W zale\u017cno\u015bci od upodoba\u0144 przysz\u0142ej panny m\u0142odej i uczestniczek wydarzenia mo\u017cecie zdecydowa\u0107 si\u0119 na wsp\u00f3lne zabiegi piel\u0119gnacyjne, loty w tunelu aerodynamicznym lub nauk\u0119 pole dance. Niekt\u00f3re osoby wol\u0105 spokojnie posiedzie\u0107 przy winie w mi\u0142ej knajpce lub wybra\u0107 si\u0119 na warsztaty sushi, a dla innych ciekawsz\u0105 opcj\u0105 jest wizyta na strzelnicy czy przeja\u017cd\u017cka quadami.<\/p>\n<p>\u0426\u0435 \u043b\u0438\u0448\u0435 \u043a\u0456\u043b\u044c\u043a\u0430 \u0456\u0434\u0435\u0439 \u0434\u043b\u044f \u0434\u0456\u0432\u0438\u0447-\u0432\u0435\u0447\u043e\u0440\u0430 \u0432 \u041a\u0430\u0442\u043e\u0432\u0456\u0446\u0435. \u0406\u0441\u043d\u0443\u0454 \u043d\u0430\u0431\u0430\u0433\u0430\u0442\u043e \u0431\u0456\u043b\u044c\u0448\u0435 \u043c\u043e\u0436\u043b\u0438\u0432\u043e\u0441\u0442\u0435\u0439, \u0456 \u0432\u0430\u0440\u0442\u043e \u043e\u0431\u0433\u043e\u0432\u043e\u0440\u0438\u0442\u0438 \u0432\u0430\u0448\u0456 \u043f\u043b\u0430\u043d\u0438 \u043c\u0456\u0436 \u0441\u043e\u0431\u043e\u044e. \u0412\u0438 \u043c\u043e\u0436\u0435\u0442\u0435 \u0437\u0434\u0438\u0432\u0443\u0432\u0430\u0442\u0438 \u0432\u0438\u043d\u0443\u0432\u0430\u0442\u0438\u0446\u044e \u0441\u0432\u044f\u0442\u0430, \u0430\u043b\u0435 \u043f\u043e\u0442\u0440\u0456\u0431\u043d\u043e \u0437\u043d\u0430\u0442\u0438 \u0457\u0457 \u0432\u043f\u043e\u0434\u043e\u0431\u0430\u043d\u043d\u044f \u0456 \u0445\u0430\u0440\u0430\u043a\u0442\u0435\u0440, \u0449\u043e\u0431 \u043f\u043e\u0442\u0440\u0430\u043f\u0438\u0442\u0438 \u0432 \u0442\u043e\u0447\u043a\u0443. \u042f\u043a\u0449\u043e \u0432\u0438 \u043d\u0435 \u0432\u043f\u0435\u0432\u043d\u0435\u043d\u0456, \u0447\u0438 \u043f\u0456\u0434\u0456\u0439\u0434\u0435 \u043e\u0431\u0440\u0430\u043d\u0430 \u0430\u043a\u0442\u0438\u0432\u043d\u0456\u0441\u0442\u044c, \u0432\u0430\u0440\u0442\u043e \u0440\u043e\u0437\u043f\u0438\u0442\u0430\u0442\u0438 \u043f\u0440\u043e \u043d\u0435\u0457, \u0449\u043e\u0431 \u0443\u043f\u0435\u0432\u043d\u0438\u0442\u0438\u0441\u044f.<\/p>\n<h2>\u0422\u0435\u043c\u0430\u0442\u0438\u0447\u043d\u0456 \u0432\u0435\u0447\u0456\u0440\u043a\u0438 - \u0441\u043f\u043e\u0441\u0456\u0431 \u0441\u0442\u0432\u043e\u0440\u0438\u0442\u0438 \u043d\u0435\u043f\u043e\u0432\u0442\u043e\u0440\u043d\u0443 \u0430\u0442\u043c\u043e\u0441\u0444\u0435\u0440\u0443<\/h2>\n<p>\u041e\u0440\u0433\u0430\u043d\u0456\u0437\u043e\u0432\u0443\u044e\u0447\u0438 \u0434\u0456\u0432\u0438\u0447-\u0432\u0435\u0447\u0456\u0440 \u0432 \u041a\u0430\u0442\u043e\u0432\u0456\u0446\u0435, \u0432\u0430\u0440\u0442\u043e \u0437\u0430\u0434\u0430\u0442\u0438 \u0442\u0435\u043c\u0443, \u044f\u043a\u0430 \u043d\u0430\u0434\u0430\u0441\u0442\u044c \u0437\u0443\u0441\u0442\u0440\u0456\u0447\u0456 \u0443\u043d\u0456\u043a\u0430\u043b\u044c\u043d\u043e\u0433\u043e \u0445\u0430\u0440\u0430\u043a\u0442\u0435\u0440\u0443. \u0412\u0438\u0431\u0456\u0440 \u0442\u0435\u043c\u0438 \u0437\u0430\u0445\u043e\u0434\u0443 \u0434\u043e\u0437\u0432\u043e\u043b\u044f\u0454 \u0441\u043a\u043b\u0430\u0441\u0442\u0438 \u0443\u0437\u0433\u043e\u0434\u0436\u0435\u043d\u0456 \u0432\u0431\u0440\u0430\u043d\u043d\u044f, \u043f\u0440\u0438\u043a\u0440\u0430\u0441\u0438 \u0430\u0431\u043e \u0430\u043a\u0441\u0435\u0441\u0443\u0430\u0440\u0438, \u0437\u0430\u0432\u0434\u044f\u043a\u0438 \u044f\u043a\u0438\u043c \u0443\u0447\u0430\u0441\u043d\u0438\u0446\u0456 \u043c\u043e\u0436\u0443\u0442\u044c \u0432\u0456\u0434\u0447\u0443\u0442\u0438 \u0441\u0435\u0431\u0435 \u043e\u0441\u043e\u0431\u043b\u0438\u0432\u0438\u043c\u0438. \u0426\u0435 \u0441\u043f\u0440\u0438\u044f\u0454 \u0456\u043d\u0442\u0435\u0433\u0440\u0430\u0446\u0456\u0457. \u041e\u0441\u043e\u0431\u043b\u0438\u0432\u0430 \u043e\u0431\u0441\u0442\u0430\u043d\u043e\u0432\u043a\u0430 \u0441\u0442\u0432\u043e\u0440\u044e\u0454 \u043d\u0435\u043f\u043e\u0432\u0442\u043e\u0440\u043d\u0443 \u0430\u0442\u043c\u043e\u0441\u0444\u0435\u0440\u0443.<\/p>\n<p>\u0412\u0430\u0440\u0442\u043e \u0437\u043d\u0430\u0442\u0438, \u0449\u043e \"\u0415\u043d\u0435\u0440\u0433\u0456\u044f 2000\" \u0432 \u041a\u0430\u0442\u043e\u0432\u0456\u0446\u0435 \u043e\u0440\u0433\u0430\u043d\u0456\u0437\u043e\u0432\u0443\u0454 \u0442\u0435\u043c\u0430\u0442\u0438\u0447\u043d\u0456 \u0437\u0430\u0445\u043e\u0434\u0438, \u044f\u043a\u0456 \u043c\u043e\u0436\u0443\u0442\u044c \u0441\u0442\u0430\u0442\u0438 \u0447\u0443\u0434\u043e\u0432\u0438\u043c \u043d\u0430\u0442\u0445\u043d\u0435\u043d\u043d\u044f\u043c \u0434\u043b\u044f \u0434\u0456\u0432\u0438\u0447-\u0432\u0435\u0447\u043e\u0440\u0430. \u041d\u0430\u043f\u0440\u0438\u043a\u043b\u0430\u0434, \u0442\u0430\u043a\u0456 \u0437\u0430\u0445\u043e\u0434\u0438, \u044f\u043a \"RETRO PARTY\", \u043f\u0435\u0440\u0435\u043d\u043e\u0441\u044f\u0442\u044c \u0443\u0447\u0430\u0441\u043d\u0438\u043a\u0456\u0432 \u0432 \u0430\u0442\u043c\u043e\u0441\u0444\u0435\u0440\u0443 \u043c\u0438\u043d\u0443\u043b\u0438\u0445 \u0434\u0435\u0441\u044f\u0442\u0438\u043b\u0456\u0442\u044c. \u041f\u0435\u0440\u0435\u0434 \u043f\u043e\u0445\u043e\u0434\u043e\u043c \u043d\u0430 \u0434\u0438\u0441\u043a\u043e\u0442\u0435\u043a\u0443 \u043c\u043e\u0436\u043d\u0430 \u0432\u043b\u0430\u0448\u0442\u0443\u0432\u0430\u0442\u0438 \u0437\u0443\u0441\u0442\u0440\u0456\u0447 \u0432\u0434\u043e\u043c\u0430, \u043f\u0456\u0434 \u0447\u0430\u0441 \u044f\u043a\u043e\u0457 \u043f\u0456\u0434\u0433\u043e\u0442\u0443\u0432\u0430\u0442\u0438 \u0443\u043a\u043b\u0430\u0434\u043a\u0443, \u043d\u0430\u0442\u0445\u043d\u0435\u043d\u043d\u0443 \u043e\u0431\u0440\u0430\u043d\u043e\u044e \u0435\u043f\u043e\u0445\u043e\u044e, \u0437\u0440\u043e\u0431\u0438\u0442\u0438 \u043c\u0430\u043a\u0456\u044f\u0436 \u0456 \u0437\u0430\u0447\u0456\u0441\u043a\u0443 \u0443 \u0432\u0456\u0434\u043f\u043e\u0432\u0456\u0434\u043d\u0456\u0439 \u0430\u0442\u043c\u043e\u0441\u0444\u0435\u0440\u0456 \u0456 \u043f\u043e\u0441\u043b\u0443\u0445\u0430\u0442\u0438 \u0445\u0456\u0442\u0438 \u0442\u0456\u0454\u0457 \u0435\u043f\u043e\u0445\u0438. \u0424\u043e\u0442\u043e\u0441\u0435\u0441\u0456\u044f - \u0442\u0435\u0436 \u0446\u0456\u043a\u0430\u0432\u0430 \u0456\u0434\u0435\u044f. \u0426\u0435 \u0447\u0443\u0434\u043e\u0432\u0438\u0439 \u0441\u043f\u043e\u0441\u0456\u0431 \u043f\u0435\u0440\u0435\u0439\u043d\u044f\u0442\u0438\u0441\u044f \u0434\u0443\u0445\u043e\u043c \u0432\u0435\u0447\u0456\u0440\u043a\u0438 \u0456 \u0440\u043e\u0437\u043f\u043e\u0447\u0430\u0442\u0438 \u0457\u0457 \u0449\u0435 \u0434\u043e \u0442\u043e\u0433\u043e, \u044f\u043a \u0432\u0438 \u043f\u043e\u0442\u0440\u0430\u043f\u0438\u0442\u0435 \u0434\u043e \u043a\u043b\u0443\u0431\u0443.<\/p>\n<p>\u041e\u043a\u0440\u0456\u043c \u0442\u0435\u043c\u0430\u0442\u0438\u0447\u043d\u0438\u0445 \u0432\u0435\u0447\u0456\u0440\u043e\u043a, Energy 2000 Katowice \u0440\u0435\u0433\u0443\u043b\u044f\u0440\u043d\u043e \u043e\u0440\u0433\u0430\u043d\u0456\u0437\u043e\u0432\u0443\u0454 \u043a\u043e\u043d\u0446\u0435\u0440\u0442\u0438 \u0432\u0456\u0434\u043e\u043c\u0438\u0445 \u0432\u0438\u043a\u043e\u043d\u0430\u0432\u0446\u0456\u0432, \u044f\u043a\u0456 \u0432\u0430\u0440\u0442\u043e \u0432\u043a\u043b\u044e\u0447\u0438\u0442\u0438 \u0434\u043e \u0441\u0432\u043e\u0457\u0445 \u043f\u043b\u0430\u043d\u0456\u0432 \u043d\u0430 \u0434\u0456\u0432\u0438\u0447-\u0432\u0435\u0447\u0456\u0440. \u0412\u0438\u0441\u0442\u0443\u043f\u0438 \u0442\u0430\u043a\u0438\u0445 \u0432\u0438\u043a\u043e\u043d\u0430\u0432\u0446\u0456\u0432, \u044f\u043a Kaz Ba\u0142agane \u043f\u0456\u0434 \u0447\u0430\u0441 HIP-HOP NIGHT \u0430\u0431\u043e Lucenzo \u0437 \u0439\u043e\u0433\u043e \u0436\u0438\u0432\u0438\u043c \u0445\u0456\u0442\u043e\u043c \"Danza Kuduro\" \u043f\u043e\u0434\u0430\u0440\u0443\u044e\u0442\u044c \u043d\u0435\u0437\u0430\u0431\u0443\u0442\u043d\u0456 \u0432\u0440\u0430\u0436\u0435\u043d\u043d\u044f. \u041f\u0440\u043e\u0444\u0435\u0441\u0456\u0439\u043d\u0456 \u0442\u0430\u043d\u0446\u044e\u0440\u0438\u0441\u0442\u0438 \u0456 \u0442\u0430\u043d\u0446\u0456\u0432\u043d\u0438\u0446\u0456, \u0432\u0438\u0434\u043e\u0432\u0438\u0449\u043d\u0456 \u0441\u0432\u0456\u0442\u043b\u043e\u0432\u0456 \u0448\u043e\u0443 \u0456 \u043f\u0456\u0440\u043e\u0442\u0435\u0445\u043d\u0456\u043a\u0430 \u0441\u0442\u0432\u043e\u0440\u044e\u044e\u0442\u044c \u0430\u0442\u043c\u043e\u0441\u0444\u0435\u0440\u0443 \u043f\u0440\u044f\u043c\u043e \u0437 \u041b\u0430\u0441-\u0412\u0435\u0433\u0430\u0441\u0430, \u0437\u0430\u0431\u0435\u0437\u043f\u0435\u0447\u0443\u044e\u0447\u0438 \u0441\u043f\u0440\u0430\u0432\u0436\u043d\u044e \u0430\u0442\u043c\u043e\u0441\u0444\u0435\u0440\u0443 \u0432\u0435\u0447\u0456\u0440\u043a\u0438. \u0421\u043b\u0456\u0434\u043a\u0443\u044e\u0447\u0438 \u0437\u0430 \u043a\u0430\u043b\u0435\u043d\u0434\u0430\u0440\u0435\u043c \u043f\u043e\u0434\u0456\u0439 \u043d\u0430 \u0441\u0430\u0439\u0442\u0456 \u043a\u043b\u0443\u0431\u0443, \u0432\u0438 \u043c\u043e\u0436\u0435\u0442\u0435 \u0441\u043f\u043b\u0430\u043d\u0443\u0432\u0430\u0442\u0438 \u0441\u0432\u0456\u0439 \u0434\u0456\u0432\u0438\u0447-\u0432\u0435\u0447\u0456\u0440 \u0432 \u041a\u0430\u0442\u043e\u0432\u0456\u0446\u0435 \u0442\u0430\u043a\u0438\u043c \u0447\u0438\u043d\u043e\u043c, \u0449\u043e\u0431 \u0432\u0456\u0434\u0432\u0456\u0434\u0430\u0442\u0438 \u043a\u043e\u043d\u0446\u0435\u0440\u0442 \u0443\u043b\u044e\u0431\u043b\u0435\u043d\u043e\u0433\u043e \u0432\u0438\u043a\u043e\u043d\u0430\u0432\u0446\u044f, \u044f\u043a\u0438\u0439 \u0437\u0440\u043e\u0431\u0438\u0442\u044c \u0446\u0435\u0439 \u0434\u0435\u043d\u044c \u043f\u043e-\u0441\u043f\u0440\u0430\u0432\u0436\u043d\u044c\u043e\u043c\u0443 \u043e\u0441\u043e\u0431\u043b\u0438\u0432\u0438\u043c.<\/p>","protected":false},"excerpt":{"rendered":"<p>Szukasz pomys\u0142u, by zorganizowa\u0107 wiecz\u00f3r panie\u0144ski na \u015al\u0105sku? Katowice to miasto, kt\u00f3re oferuje szerok\u0105 gam\u0119 atrakcji. Niezale\u017cnie od tego, czy przysz\u0142a panna m\u0142oda lubi sp\u0119dza\u0107 czas w spos\u00f3b aktywny, czy raczej spokojny, z pewno\u015bci\u0105 znajdziecie co\u015b idealnego, by celebrowa\u0107 ten &#8230; <a class=\"Rmore tbutton small\" href=\"https:\/\/katowice.energy2000.pl\/uk\/%d0%b4%d1%96%d0%b2%d0%b8%d1%87-%d0%b2%d0%b5%d1%87%d1%96%d1%80-%d0%ba%d0%b0%d1%82%d0%be%d0%b2%d1%96%d1%86%d0%b5\/\"><span>\u041f\u043e\u0431\u0430\u0447\u0438\u0442\u0438 \u0431\u0456\u043b\u044c\u0448\u0435 \"<\/span><\/a><\/p>","protected":false},"author":4290,"featured_media":0,"parent":0,"menu_order":14,"comment_status":"closed","ping_status":"closed","template":"","meta":[],"yoast_head":"<!-- This site is optimized with the Yoast SEO plugin v19.2 - https:\/\/yoast.com\/wordpress\/plugins\/seo\/ -->\n<title>Wiecz\u00f3r panie\u0144ski Katowice \u2013 gdzie zorganizowa\u0107? - Energy2000 - Katowice<\/title>\n<meta name=\"description\" content=\"Zorganizuj niezapomniany wiecz\u00f3r panie\u0144ski w klubie! Szalona zabawa, taniec do rana, wyj\u0105tkowa atmosfera i atrakcje, kt\u00f3re rozkr\u0119c\u0105 ka\u017cd\u0105 imprez\u0119!\" \/>\n<meta name=\"robots\" content=\"index, follow, max-snippet:-1, max-image-preview:large, max-video-preview:-1\" \/>\n<link rel=\"canonical\" href=\"https:\/\/katowice.energy2000.pl\/uk\/\u0434\u0456\u0432\u0438\u0447-\u0432\u0435\u0447\u0456\u0440-\u043a\u0430\u0442\u043e\u0432\u0456\u0446\u0435\/\" \/>\n<meta property=\"og:locale\" content=\"uk_UA\" \/>\n<meta property=\"og:type\" content=\"article\" \/>\n<meta property=\"og:title\" content=\"Wiecz\u00f3r panie\u0144ski Katowice \u2013 gdzie zorganizowa\u0107? - Energy2000 - Katowice\" \/>\n<meta property=\"og:description\" content=\"Zorganizuj niezapomniany wiecz\u00f3r panie\u0144ski w klubie! Szalona zabawa, taniec do rana, wyj\u0105tkowa atmosfera i atrakcje, kt\u00f3re rozkr\u0119c\u0105 ka\u017cd\u0105 imprez\u0119!\" \/>\n<meta property=\"og:url\" content=\"https:\/\/katowice.energy2000.pl\/uk\/\u0434\u0456\u0432\u0438\u0447-\u0432\u0435\u0447\u0456\u0440-\u043a\u0430\u0442\u043e\u0432\u0456\u0446\u0435\/\" \/>\n<meta property=\"og:site_name\" content=\"Energy2000 - Katowice\" \/>\n<meta property=\"article:modified_time\" content=\"2026-02-02T14:13:53+00:00\" \/>\n<meta name=\"author\" content=\"SEO\" \/>\n<meta name=\"twitter:card\" content=\"summary_large_image\" \/>\n<meta name=\"twitter:label1\" content=\"\u041f\u0440\u0438\u0431\u043b. \u0447\u0430\u0441 \u0447\u0438\u0442\u0430\u043d\u043d\u044f\" \/>\n\t<meta name=\"twitter:data1\" content=\"4 \u0445\u0432\u0438\u043b\u0438\u043d\u0438\" \/>\n<script type=\"application\/ld+json\" class=\"yoast-schema-graph\">{\"@context\":\"https:\/\/schema.org\",\"@graph\":[{\"@type\":\"WebSite\",\"@id\":\"https:\/\/katowice.energy2000.pl\/#website\",\"url\":\"https:\/\/katowice.energy2000.pl\/\",\"name\":\"Energy2000 - Katowice\",\"description\":\"Najlepszy Klub na \u015bl\u0105sku\",\"potentialAction\":[{\"@type\":\"SearchAction\",\"target\":{\"@type\":\"EntryPoint\",\"urlTemplate\":\"https:\/\/katowice.energy2000.pl\/?s={search_term_string}\"},\"query-input\":\"required name=search_term_string\"}],\"inLanguage\":\"uk\"},{\"@type\":\"WebPage\",\"@id\":\"https:\/\/katowice.energy2000.pl\/wieczor-panienski-katowice\/#webpage\",\"url\":\"https:\/\/katowice.energy2000.pl\/wieczor-panienski-katowice\/\",\"name\":\"Wiecz\u00f3r panie\u0144ski Katowice \u2013 gdzie zorganizowa\u0107? - Energy2000 - Katowice\",\"isPartOf\":{\"@id\":\"https:\/\/katowice.energy2000.pl\/#website\"},\"datePublished\":\"2025-03-10T10:43:01+00:00\",\"dateModified\":\"2026-02-02T14:13:53+00:00\",\"description\":\"Zorganizuj niezapomniany wiecz\u00f3r panie\u0144ski w klubie! Szalona zabawa, taniec do rana, wyj\u0105tkowa atmosfera i atrakcje, kt\u00f3re rozkr\u0119c\u0105 ka\u017cd\u0105 imprez\u0119!\",\"breadcrumb\":{\"@id\":\"https:\/\/katowice.energy2000.pl\/wieczor-panienski-katowice\/#breadcrumb\"},\"inLanguage\":\"uk\",\"potentialAction\":[{\"@type\":\"ReadAction\",\"target\":[\"https:\/\/katowice.energy2000.pl\/wieczor-panienski-katowice\/\"]}]},{\"@type\":\"BreadcrumbList\",\"@id\":\"https:\/\/katowice.energy2000.pl\/wieczor-panienski-katowice\/#breadcrumb\",\"itemListElement\":[{\"@type\":\"ListItem\",\"position\":1,\"name\":\"Strona g\u0142\u00f3wna\",\"item\":\"https:\/\/katowice.energy2000.pl\/\"},{\"@type\":\"ListItem\",\"position\":2,\"name\":\"Wiecz\u00f3r panie\u0144ski Katowice \u2013 gdzie zorganizowa\u0107?\"}]}]}<\/script>\n<!-- \/ Yoast SEO plugin. -->","yoast_head_json":{"title":"Wiecz\u00f3r panie\u0144ski Katowice \u2013 gdzie zorganizowa\u0107? - Energy2000 - Katowice","description":"Zorganizuj niezapomniany wiecz\u00f3r panie\u0144ski w klubie! Szalona zabawa, taniec do rana, wyj\u0105tkowa atmosfera i atrakcje, kt\u00f3re rozkr\u0119c\u0105 ka\u017cd\u0105 imprez\u0119!","robots":{"index":"index","follow":"follow","max-snippet":"max-snippet:-1","max-image-preview":"max-image-preview:large","max-video-preview":"max-video-preview:-1"},"canonical":"https:\/\/katowice.energy2000.pl\/uk\/\u0434\u0456\u0432\u0438\u0447-\u0432\u0435\u0447\u0456\u0440-\u043a\u0430\u0442\u043e\u0432\u0456\u0446\u0435\/","og_locale":"uk_UA","og_type":"article","og_title":"Wiecz\u00f3r panie\u0144ski Katowice \u2013 gdzie zorganizowa\u0107? - Energy2000 - Katowice","og_description":"Zorganizuj niezapomniany wiecz\u00f3r panie\u0144ski w klubie! Szalona zabawa, taniec do rana, wyj\u0105tkowa atmosfera i atrakcje, kt\u00f3re rozkr\u0119c\u0105 ka\u017cd\u0105 imprez\u0119!","og_url":"https:\/\/katowice.energy2000.pl\/uk\/\u0434\u0456\u0432\u0438\u0447-\u0432\u0435\u0447\u0456\u0440-\u043a\u0430\u0442\u043e\u0432\u0456\u0446\u0435\/","og_site_name":"Energy2000 - Katowice","article_modified_time":"2026-02-02T14:13:53+00:00","author":"SEO","twitter_card":"summary_large_image","twitter_misc":{"\u041f\u0440\u0438\u0431\u043b. \u0447\u0430\u0441 \u0447\u0438\u0442\u0430\u043d\u043d\u044f":"4 \u0445\u0432\u0438\u043b\u0438\u043d\u0438"},"schema":{"@context":"https:\/\/schema.org","@graph":[{"@type":"WebSite","@id":"https:\/\/katowice.energy2000.pl\/#website","url":"https:\/\/katowice.energy2000.pl\/","name":"Energy2000 - Katowice","description":"Najlepszy Klub na \u015bl\u0105sku","potentialAction":[{"@type":"SearchAction","target":{"@type":"EntryPoint","urlTemplate":"https:\/\/katowice.energy2000.pl\/?s={search_term_string}"},"query-input":"required name=search_term_string"}],"inLanguage":"uk"},{"@type":"WebPage","@id":"https:\/\/katowice.energy2000.pl\/wieczor-panienski-katowice\/#webpage","url":"https:\/\/katowice.energy2000.pl\/wieczor-panienski-katowice\/","name":"Wiecz\u00f3r panie\u0144ski Katowice \u2013 gdzie zorganizowa\u0107? - Energy2000 - Katowice","isPartOf":{"@id":"https:\/\/katowice.energy2000.pl\/#website"},"datePublished":"2025-03-10T10:43:01+00:00","dateModified":"2026-02-02T14:13:53+00:00","description":"Zorganizuj niezapomniany wiecz\u00f3r panie\u0144ski w klubie! Szalona zabawa, taniec do rana, wyj\u0105tkowa atmosfera i atrakcje, kt\u00f3re rozkr\u0119c\u0105 ka\u017cd\u0105 imprez\u0119!","breadcrumb":{"@id":"https:\/\/katowice.energy2000.pl\/wieczor-panienski-katowice\/#breadcrumb"},"inLanguage":"uk","potentialAction":[{"@type":"ReadAction","target":["https:\/\/katowice.energy2000.pl\/wieczor-panienski-katowice\/"]}]},{"@type":"BreadcrumbList","@id":"https:\/\/katowice.energy2000.pl\/wieczor-panienski-katowice\/#breadcrumb","itemListElement":[{"@type":"ListItem","position":1,"name":"Strona g\u0142\u00f3wna","item":"https:\/\/katowice.energy2000.pl\/"},{"@type":"ListItem","position":2,"name":"Wiecz\u00f3r panie\u0144ski Katowice \u2013 gdzie zorganizowa\u0107?"}]}]}},"_links":{"self":[{"href":"https:\/\/katowice.energy2000.pl\/uk\/wp-json\/wp\/v2\/pages\/176093"}],"collection":[{"href":"https:\/\/katowice.energy2000.pl\/uk\/wp-json\/wp\/v2\/pages"}],"about":[{"href":"https:\/\/katowice.energy2000.pl\/uk\/wp-json\/wp\/v2\/types\/page"}],"author":[{"embeddable":true,"href":"https:\/\/katowice.energy2000.pl\/uk\/wp-json\/wp\/v2\/users\/4290"}],"replies":[{"embeddable":true,"href":"https:\/\/katowice.energy2000.pl\/uk\/wp-json\/wp\/v2\/comments?post=176093"}],"version-history":[{"count":3,"href":"https:\/\/katowice.energy2000.pl\/uk\/wp-json\/wp\/v2\/pages\/176093\/revisions"}],"predecessor-version":[{"id":189216,"href":"https:\/\/katowice.energy2000.pl\/uk\/wp-json\/wp\/v2\/pages\/176093\/revisions\/189216"}],"wp:attachment":[{"href":"https:\/\/katowice.energy2000.pl\/uk\/wp-json\/wp\/v2\/media?parent=176093"}],"curies":[{"name":"wp","href":"https:\/\/api.w.org\/{rel}","templated":true}]}}