{"id":187762,"date":"2025-12-19T09:14:08","date_gmt":"2025-12-19T08:14:08","guid":{"rendered":"https:\/\/katowice.energy2000.pl\/?page_id=187762"},"modified":"2026-03-02T15:57:15","modified_gmt":"2026-03-02T14:57:15","slug":"atrakcje-katowice","status":"publish","type":"page","link":"https:\/\/katowice.energy2000.pl\/uk\/atrakcje-katowice\/","title":{"rendered":"Co robi\u0107 w Katowicach? Jakie atrakcje oferuj\u0105 Katowice?"},"content":{"rendered":"<p>Czasem ka\u017cdemu z nas przychodzi ch\u0119\u0107 na to, by ruszy\u0107 przed siebie i odkrywa\u0107 nowe miejsca. Zastanawiasz si\u0119, co mo\u017cna robi\u0107 w Katowicach i co interesuj\u0105cego ma do zaoferowania \u015al\u0105sk? Jest to region, kt\u00f3ry dynamicznie si\u0119 zmienia, ods\u0142aniaj\u0105c przed turystami i mieszka\u0144cami swoje nowoczesne oblicze, w kt\u00f3rym r\u00f3wnie\u017c nie brakuje rozrywek. Nie zapominajmy jednak o jego historycznym i kulturalnym dziedzictwie \u2013 jest wiele miejsc, kt\u00f3re trzeba odwiedzi\u0107. Sprawd\u017a nasze podpowiedzi, dok\u0105d mo\u017cna si\u0119 wybra\u0107 i co robi\u0107 w Katowicach.<\/p>\n<h2>Atrakcje w Katowicach \u2013 co robi\u0107 w ci\u0105gu dnia?<\/h2>\n<p>Masz ochot\u0119 na spacer, relaks, zwiedzanie okolicy, a mo\u017ce co\u015b bardziej dynamicznego? Niezale\u017cnie od tego, w jaki spos\u00f3b lubisz sp\u0119dza\u0107 czas, z pewno\u015bci\u0105 znajdziesz atrakcje dla siebie. Je\u017celi chodzi o sfer\u0119 rozrywki \u2013 Katowice s\u0105 miastem, w kt\u00f3rym naprawd\u0119 du\u017co si\u0119 dzieje.<br \/>\nZacznijmy jednak na spokojnie i zr\u00f3bmy kr\u00f3tki przegl\u0105d ciekawych miejsc w Katowicach, kt\u00f3re mo\u017cna odwiedzi\u0107 za dnia. Nale\u017cy do nich z pewno\u015bci\u0105 Nikiszowiec. Jest to zabytkowe osiedle g\u00f3rnicze, gdzie klimat tworzy ceglana, surowa architektura. Przechadzaj\u0105c si\u0119 w\u0105skimi uliczkami, mo\u017cna poczu\u0107 atmosfer\u0119 dawnych dni. Je\u015bli masz ch\u0119\u0107 bli\u017cej zaznajomi\u0107 si\u0119 z histori\u0105 miasta, koniecznie zajrzyj tak\u017ce do muze\u00f3w, kt\u00f3re \u0142\u0105cz\u0105 nowoczesno\u015b\u0107 i przemys\u0142ow\u0105 histori\u0119 regionu. Mo\u017cna do\u015bwiadczy\u0107, jak to, co dawne \u0142\u0105czy si\u0119 z tym, co nowe.<\/p>\n<h2>Ciekawe miejsca w Katowicach &#8211; ka\u017cdy znajdzie co\u015b dla siebie<\/h2>\n<p>Strefa Kultury to warty uwagi kompleks, w kt\u00f3rego sk\u0142ad wchodz\u0105 sale koncertowe, centra wystawiennicze i obiekty widowiskowo-sportowe. Warto z wyprzedzeniem sprawdzi\u0107, jakie wydarzenia s\u0105 tam zaplanowane, bo zazwyczaj dzieje si\u0119 wiele. Mo\u017cna wybra\u0107 si\u0119 na koncert, zar\u00f3wno muzyki klasycznej, jak i co\u015b bardziej nowoczesnego. Regularnie odbywaj\u0105 si\u0119 te\u017c rozmaite wydarzenia sportowe \u2013 mecze siatkarskie, gale sport\u00f3w walki, organizowane s\u0105 tak\u017ce targi, wystawy, wyst\u0105pienia i inne wydarzenia, kt\u00f3re mog\u0105 trafi\u0107 w Twoje preferencje.<br \/>\nOczywi\u015bcie w Katowicach <a href=\"https:\/\/katowice.energy2000.pl\/uk\/atrakcje-dla-par\/\">atrakcje<\/a> takie jak wyj\u015bcie na lodowisko, jazda na rolkach, granie w kr\u0119gle, bilard i wszystkie tego typu rozrywki, kt\u00f3re oferuj\u0105 wi\u0119ksze miasta, r\u00f3wnie\u017c s\u0105 dost\u0119pne.<\/p>\n<h2>Co robi\u0107 na \u015al\u0105sku? Czas pozna\u0107 okolic\u0119!<\/h2>\n<p>Je\u015bli masz wi\u0119cej czasu i odwiedzisz wszystkie ciekawe miejsca w Katowicach, mo\u017cesz tak\u017ce zwiedzi\u0107 inne \u015bl\u0105skie miejscowo\u015bci. A te znajduj\u0105 si\u0119 w niedalekiej odleg\u0142o\u015bci od siebie i s\u0105 ze sob\u0105 dobrze skomunikowane. Dzi\u0119ki autobusom, kolei \u015bl\u0105skiej czy drogom szybkiego ruchu, dotrzesz w kr\u00f3tkim czasie do pobliskich miast. Ka\u017cde z nich do zaoferowania wiele godnych do\u015bwiadczenia atrakcji.<br \/>\nW Chorzowie mo\u017cesz bawi\u0107 si\u0119 w parku rozrywki, w Zabrzu czeka na Ciebie Zabytkowa Kopalnia Guido, w Pszczynie neobarokowa per\u0142a Hochberg\u00f3w, czyli pi\u0119kny zamek otoczony urokliwym parkiem zamkowym, a w Tychach Tyskie Browary Ksi\u0105\u017c\u0119ce. Ka\u017cde z tych miast mo\u017ce by\u0107 doskona\u0142ym planem na jednodniow\u0105 wycieczk\u0119.<\/p>\n<h2>Czas na rozrywk\u0119? Katowice maj\u0105 wiele do zaoferowania<\/h2>\n<p>Chcesz si\u0119 rozerwa\u0107, sp\u0119dzi\u0107 przyjemnie wiecz\u00f3r i zastanawiasz si\u0119, co mo\u017cna robi\u0107 w Katowicach, gdy zapada zmrok? Na \u017c\u0105dnych zabawy czekaj\u0105 rozmaite puby i kluby, w kt\u00f3rych mo\u017cna przyjemnie sp\u0119dzi\u0107 czas. Niekt\u00f3re z nich oferuj\u0105 zabaw\u0119 przy muzyce na \u017cywo. Jednym z popularniejszych lokali jest klub nocny Energy 2000 w Katowicach. To w\u0142a\u015bnie tam mo\u017cesz bawi\u0107 si\u0119 do bia\u0142ego rana przy setach serwowanych przez DJ-\u00f3w rezydent\u00f3w.<\/p>\n<p>W klubie odbywaj\u0105 si\u0119 r\u00f3wnie\u017c koncerty wokalist\u00f3w i zespo\u0142\u00f3w \u2013 zar\u00f3wno z naszego polskiego podw\u00f3rka, jak i zagranicznych gwiazd. Mo\u017cesz te\u017c trafi\u0107 na imprez\u0119 tematyczn\u0105. Go\u015bcie polecaj\u0105 klub nie tylko ze wzgl\u0119du na dobr\u0105 muzyk\u0119 i komfortowe wn\u0119trze, ale te\u017c ca\u0142\u0105 opraw\u0119 ka\u017cdego wydarzenia. Przekraczaj\u0105c drzwi lokalu, mo\u017cesz liczy\u0107 na prawdziwe widowisko. Lasery, efekty specjalne, pirotechnika, o\u015bwietlenie, systemy multimedialne i inne atrakcje w Katowicach w Energy 2000 to standard, dlatego szukaj\u0105cy dobrej zabawy mieszka\u0144cy miasta oraz przyjezdni tak ch\u0119tnie wybieraj\u0105 t\u0119 miejsc\u00f3wk\u0119.<\/p>\n<h2>Wybierz si\u0119 na \u015al\u0105sk \u2013 niezale\u017cnie od pory roku<\/h2>\n<p>Zar\u00f3wno w cieplejsze dni, jak i w sezonie zimowym warto odwiedza\u0107 ciekawe miejsca w Katowicach i w innych \u015bl\u0105skich miastach. O ka\u017cdej porze roku mo\u017cna odkrywa\u0107 rozmaite rozrywki i w inny spos\u00f3b sp\u0119dza\u0107 czas, korzystaj\u0105c z tego, co ma do zaoferowania region.<br \/>\nWiosn\u0105 i latem odbywaj\u0105 si\u0119 tu liczne festiwale, koncerty i rozmaite wydarzenia plenerowe. Zielone przestrzenie zach\u0119caj\u0105 do spacer\u00f3w, piknik\u00f3w i outdoorowych aktywno\u015bci. Parki z rozbudowan\u0105 sieci\u0105 tras rowerowych, ogr\u00f3dki restauracyjne i miejsca do pla\u017cowania stwarzaj\u0105 w Katowicach atmosfer\u0119 miejskiej metropolii bliskiej przyrodzie. Nawet pozostaj\u0105c w centrum miasta, mo\u017cna uciec od zgie\u0142ku i zrelaksowa\u0107 si\u0119 na \u0142onie natury.<\/p>\n<p>Natomiast, gdy temperatura jest odpowiednio niska i warunki dopisuj\u0105, fani zimowego szale\u0144stwa mog\u0105 wybra\u0107 si\u0119 np. na stok narciarski w Sosnowcu, kt\u00f3ry oferuje trzy trasy zjazdowe. Stanowi on te\u017c atrakcyjne miejsce do trekkingu \u2013 punkt widokowy na szczycie g\u00f3ry obejmuje panoram\u0119 niemal\u017ce ca\u0142ego miasta. Zim\u0105 warto wybra\u0107 si\u0119 tak\u017ce na s\u0142ynny \u015bwi\u0105teczny jarmark. Poza tym liczne kafejki i lokale gastronomiczne zach\u0119caj\u0105 do tego, by przyjemnie sp\u0119dzi\u0107 czas. Warto r\u00f3wnie\u017c zapozna\u0107 si\u0119 z ofert\u0105 teatr\u00f3w, odwiedzi\u0107 galerie i korzysta\u0107 z innych rozmaitych propozycji kulturalnych i rozrywkowych, jakie ma do zaoferowania \u015al\u0105sk.<br \/>\nZar\u00f3wno Katowice, jak i inne pobliskie miejscowo\u015bci s\u0105 dobrym kierunkiem dla os\u00f3b, kt\u00f3re szukaj\u0105 sposobu, by zrobi\u0107 sobie przerw\u0119 od codzienno\u015bci. Mo\u017cna godzinami opowiada\u0107 o tym, co robi\u0107 na \u015al\u0105sku, ale najlepiej zabookowa\u0107 wyjazd i samemu sprawdzi\u0107, co ma do zaoferowania ta cz\u0119\u015b\u0107 Polski.<\/p>","protected":false},"excerpt":{"rendered":"<p>Czasem ka\u017cdemu z nas przychodzi ch\u0119\u0107 na to, by ruszy\u0107 przed siebie i odkrywa\u0107 nowe miejsca. Zastanawiasz si\u0119, co mo\u017cna robi\u0107 w Katowicach i co interesuj\u0105cego ma do zaoferowania \u015al\u0105sk? Jest to region, kt\u00f3ry dynamicznie si\u0119 zmienia, ods\u0142aniaj\u0105c przed turystami &#8230; <a class=\"Rmore tbutton small\" href=\"https:\/\/katowice.energy2000.pl\/uk\/atrakcje-katowice\/\"><span>\u041f\u043e\u0431\u0430\u0447\u0438\u0442\u0438 \u0431\u0456\u043b\u044c\u0448\u0435 \"<\/span><\/a><\/p>","protected":false},"author":4290,"featured_media":0,"parent":0,"menu_order":5,"comment_status":"closed","ping_status":"closed","template":"","meta":[],"yoast_head":"<!-- This site is optimized with the Yoast SEO plugin v19.2 - https:\/\/yoast.com\/wordpress\/plugins\/seo\/ -->\n<title>Co robi\u0107 w Katowicach? Jakie atrakcje oferuj\u0105 Katowice? - Energy2000 - Katowice<\/title>\n<meta name=\"robots\" content=\"index, follow, max-snippet:-1, max-image-preview:large, max-video-preview:-1\" \/>\n<link rel=\"canonical\" href=\"https:\/\/katowice.energy2000.pl\/uk\/atrakcje-katowice\/\" \/>\n<meta property=\"og:locale\" content=\"uk_UA\" \/>\n<meta property=\"og:type\" content=\"article\" \/>\n<meta property=\"og:title\" content=\"Co robi\u0107 w Katowicach? Jakie atrakcje oferuj\u0105 Katowice? - Energy2000 - Katowice\" \/>\n<meta property=\"og:description\" content=\"Czasem ka\u017cdemu z nas przychodzi ch\u0119\u0107 na to, by ruszy\u0107 przed siebie i odkrywa\u0107 nowe miejsca. Zastanawiasz si\u0119, co mo\u017cna robi\u0107 w Katowicach i co interesuj\u0105cego ma do zaoferowania \u015al\u0105sk? Jest to region, kt\u00f3ry dynamicznie si\u0119 zmienia, ods\u0142aniaj\u0105c przed turystami ... Zobacz Wi\u0119cej \u00bb\" \/>\n<meta property=\"og:url\" content=\"https:\/\/katowice.energy2000.pl\/uk\/atrakcje-katowice\/\" \/>\n<meta property=\"og:site_name\" content=\"Energy2000 - Katowice\" \/>\n<meta property=\"article:modified_time\" content=\"2026-03-02T14:57:15+00:00\" \/>\n<meta name=\"author\" content=\"SEO\" \/>\n<meta name=\"twitter:card\" content=\"summary_large_image\" \/>\n<meta name=\"twitter:label1\" content=\"\u041f\u0440\u0438\u0431\u043b. \u0447\u0430\u0441 \u0447\u0438\u0442\u0430\u043d\u043d\u044f\" \/>\n\t<meta name=\"twitter:data1\" content=\"5 \u0445\u0432\u0438\u043b\u0438\u043d\" \/>\n<script type=\"application\/ld+json\" class=\"yoast-schema-graph\">{\"@context\":\"https:\/\/schema.org\",\"@graph\":[{\"@type\":\"WebSite\",\"@id\":\"https:\/\/katowice.energy2000.pl\/#website\",\"url\":\"https:\/\/katowice.energy2000.pl\/\",\"name\":\"Energy2000 - Katowice\",\"description\":\"Najlepszy Klub na \u015bl\u0105sku\",\"potentialAction\":[{\"@type\":\"SearchAction\",\"target\":{\"@type\":\"EntryPoint\",\"urlTemplate\":\"https:\/\/katowice.energy2000.pl\/?s={search_term_string}\"},\"query-input\":\"required name=search_term_string\"}],\"inLanguage\":\"uk\"},{\"@type\":\"WebPage\",\"@id\":\"https:\/\/katowice.energy2000.pl\/atrakcje-katowice\/#webpage\",\"url\":\"https:\/\/katowice.energy2000.pl\/atrakcje-katowice\/\",\"name\":\"Co robi\u0107 w Katowicach? Jakie atrakcje oferuj\u0105 Katowice? - Energy2000 - Katowice\",\"isPartOf\":{\"@id\":\"https:\/\/katowice.energy2000.pl\/#website\"},\"datePublished\":\"2025-12-19T08:14:08+00:00\",\"dateModified\":\"2026-03-02T14:57:15+00:00\",\"breadcrumb\":{\"@id\":\"https:\/\/katowice.energy2000.pl\/atrakcje-katowice\/#breadcrumb\"},\"inLanguage\":\"uk\",\"potentialAction\":[{\"@type\":\"ReadAction\",\"target\":[\"https:\/\/katowice.energy2000.pl\/atrakcje-katowice\/\"]}]},{\"@type\":\"BreadcrumbList\",\"@id\":\"https:\/\/katowice.energy2000.pl\/atrakcje-katowice\/#breadcrumb\",\"itemListElement\":[{\"@type\":\"ListItem\",\"position\":1,\"name\":\"Strona g\u0142\u00f3wna\",\"item\":\"https:\/\/katowice.energy2000.pl\/\"},{\"@type\":\"ListItem\",\"position\":2,\"name\":\"Co robi\u0107 w Katowicach? Jakie atrakcje oferuj\u0105 Katowice?\"}]}]}<\/script>\n<!-- \/ Yoast SEO plugin. -->","yoast_head_json":{"title":"Co robi\u0107 w Katowicach? Jakie atrakcje oferuj\u0105 Katowice? - Energy2000 - Katowice","robots":{"index":"index","follow":"follow","max-snippet":"max-snippet:-1","max-image-preview":"max-image-preview:large","max-video-preview":"max-video-preview:-1"},"canonical":"https:\/\/katowice.energy2000.pl\/uk\/atrakcje-katowice\/","og_locale":"uk_UA","og_type":"article","og_title":"Co robi\u0107 w Katowicach? Jakie atrakcje oferuj\u0105 Katowice? - Energy2000 - Katowice","og_description":"Czasem ka\u017cdemu z nas przychodzi ch\u0119\u0107 na to, by ruszy\u0107 przed siebie i odkrywa\u0107 nowe miejsca. Zastanawiasz si\u0119, co mo\u017cna robi\u0107 w Katowicach i co interesuj\u0105cego ma do zaoferowania \u015al\u0105sk? Jest to region, kt\u00f3ry dynamicznie si\u0119 zmienia, ods\u0142aniaj\u0105c przed turystami ... Zobacz Wi\u0119cej \u00bb","og_url":"https:\/\/katowice.energy2000.pl\/uk\/atrakcje-katowice\/","og_site_name":"Energy2000 - Katowice","article_modified_time":"2026-03-02T14:57:15+00:00","author":"SEO","twitter_card":"summary_large_image","twitter_misc":{"\u041f\u0440\u0438\u0431\u043b. \u0447\u0430\u0441 \u0447\u0438\u0442\u0430\u043d\u043d\u044f":"5 \u0445\u0432\u0438\u043b\u0438\u043d"},"schema":{"@context":"https:\/\/schema.org","@graph":[{"@type":"WebSite","@id":"https:\/\/katowice.energy2000.pl\/#website","url":"https:\/\/katowice.energy2000.pl\/","name":"Energy2000 - Katowice","description":"Najlepszy Klub na \u015bl\u0105sku","potentialAction":[{"@type":"SearchAction","target":{"@type":"EntryPoint","urlTemplate":"https:\/\/katowice.energy2000.pl\/?s={search_term_string}"},"query-input":"required name=search_term_string"}],"inLanguage":"uk"},{"@type":"WebPage","@id":"https:\/\/katowice.energy2000.pl\/atrakcje-katowice\/#webpage","url":"https:\/\/katowice.energy2000.pl\/atrakcje-katowice\/","name":"Co robi\u0107 w Katowicach? Jakie atrakcje oferuj\u0105 Katowice? - Energy2000 - Katowice","isPartOf":{"@id":"https:\/\/katowice.energy2000.pl\/#website"},"datePublished":"2025-12-19T08:14:08+00:00","dateModified":"2026-03-02T14:57:15+00:00","breadcrumb":{"@id":"https:\/\/katowice.energy2000.pl\/atrakcje-katowice\/#breadcrumb"},"inLanguage":"uk","potentialAction":[{"@type":"ReadAction","target":["https:\/\/katowice.energy2000.pl\/atrakcje-katowice\/"]}]},{"@type":"BreadcrumbList","@id":"https:\/\/katowice.energy2000.pl\/atrakcje-katowice\/#breadcrumb","itemListElement":[{"@type":"ListItem","position":1,"name":"Strona g\u0142\u00f3wna","item":"https:\/\/katowice.energy2000.pl\/"},{"@type":"ListItem","position":2,"name":"Co robi\u0107 w Katowicach? Jakie atrakcje oferuj\u0105 Katowice?"}]}]}},"_links":{"self":[{"href":"https:\/\/katowice.energy2000.pl\/uk\/wp-json\/wp\/v2\/pages\/187762"}],"collection":[{"href":"https:\/\/katowice.energy2000.pl\/uk\/wp-json\/wp\/v2\/pages"}],"about":[{"href":"https:\/\/katowice.energy2000.pl\/uk\/wp-json\/wp\/v2\/types\/page"}],"author":[{"embeddable":true,"href":"https:\/\/katowice.energy2000.pl\/uk\/wp-json\/wp\/v2\/users\/4290"}],"replies":[{"embeddable":true,"href":"https:\/\/katowice.energy2000.pl\/uk\/wp-json\/wp\/v2\/comments?post=187762"}],"version-history":[{"count":2,"href":"https:\/\/katowice.energy2000.pl\/uk\/wp-json\/wp\/v2\/pages\/187762\/revisions"}],"predecessor-version":[{"id":190216,"href":"https:\/\/katowice.energy2000.pl\/uk\/wp-json\/wp\/v2\/pages\/187762\/revisions\/190216"}],"wp:attachment":[{"href":"https:\/\/katowice.energy2000.pl\/uk\/wp-json\/wp\/v2\/media?parent=187762"}],"curies":[{"name":"wp","href":"https:\/\/api.w.org\/{rel}","templated":true}]}}