{"id":192623,"date":"2026-04-28T10:08:12","date_gmt":"2026-04-28T08:08:12","guid":{"rendered":"https:\/\/katowice.energy2000.pl\/?page_id=192623"},"modified":"2026-04-28T10:08:59","modified_gmt":"2026-04-28T08:08:59","slug":"before-przed-impreza","status":"publish","type":"page","link":"https:\/\/katowice.energy2000.pl\/uk\/before-przed-impreza\/","title":{"rendered":"Before przed imprez\u0105"},"content":{"rendered":"<p>Dobry before wprawia w odpowiedni vibe, nim rozpocznie si\u0119 imprezowa noc. Dzi\u0119ki niemu \u0142apiesz pozytywn\u0105 energi\u0119 i ch\u0119\u0107 do zabawy. Jest jak rozgrzewka przed meczem czy przystawka przed daniem g\u0142\u00f3wnym. Zanim wybierzesz si\u0119 do klubu, warto zacz\u0105\u0107 od biforu. Sprawd\u017a, na czym dok\u0142adnie polega, ile powinien trwa\u0107 i gdzie go zrobi\u0107.<\/p>\n<h2>Czym jest before party i czy to wa\u017cny etap imprezowego wieczoru?<\/h2>\n<p>Cz\u0119sto s\u0142yszy si\u0119, \u017ce kto\u015b wybiera si\u0119 na before. Co to jest? Najpro\u015bciej wyja\u015bniaj\u0105c \u2013 to spotkanie przed wyj\u015bciem na g\u0142\u00f3wn\u0105 imprez\u0119. To czas, gdy mo\u017cna co\u015b wsp\u00f3lnie zje\u015b\u0107, wypi\u0107, pos\u0142ucha\u0107 muzyki i porozmawia\u0107. Czy warto umawia\u0107 si\u0119 na before party? Zdecydowanie tak, szczeg\u00f3lnie wtedy, gdy nie wszyscy si\u0119 znaj\u0105. Jest to te\u017c dobry pomys\u0142, gdy dawno si\u0119 nie widzieli\u015bcie i chcecie chwil\u0119 pogada\u0107 przed wej\u015bciem w g\u0142o\u015bny, klubowy klimat. Dzi\u0119ki temu etapowi imprezy:<br \/>\n&#8211; stopniowo wchodzicie w zabawowy tryb,<br \/>\n&#8211; zyskujecie czas na integracj\u0119 z innymi osobami,<br \/>\n&#8211; budujecie wsp\u00f3lny klimat, \u0142apiecie flow jeszcze przed wyj\u015bciem,<br \/>\n&#8211; unikacie sztywnej atmosfery na pocz\u0105tku zabawy w klubie.<\/p>\n<h2>Bifor \u2013 impreza w domu przed wyj\u015bciem do klubu<\/h2>\n<p>Wiedz\u0105c, czym jest before, przejd\u017amy do tego, gdzie go si\u0119 urz\u0105dza. Najcz\u0119\u015bciej tego typu spotkania organizowane s\u0105 w mieszkaniach uczestnik\u00f3w imprezy. Najlepiej, gdy takie miejsce po\u0142o\u017cone jest blisko punktu docelowego, czyli wybranego klubu. Dobr\u0105 opcj\u0105 s\u0105 te\u017c domy znajduj\u0105ce si\u0119 w dzielnicach z \u0142atwym dojazdem.<\/p>\n<p>Bifor party nie musi przyjmowa\u0107 formy klasycznej dom\u00f3wki. Mo\u017ce by\u0107 elastyczny, dopasowany do waszego stylu i charakteru wypadu. Je\u015bli to np. wiecz\u00f3r panie\u0144ski lub kawalerski, beforem mo\u017ce by\u0107 wsp\u00f3lna kolacja, wyj\u015bcie na drinka w mie\u015bcie albo aktywno\u015b\u0107, kt\u00f3ra zintegruje grup\u0119 jeszcze przed wej\u015bciem na parkiet.<\/p>\n<h2>Before \u2013 o czym pami\u0119ta\u0107?<\/h2>\n<p>Ile powinien trwa\u0107 before przed imprez\u0105? Optymalny czas to godzina, maksymalnie dwie. Tyle wystarczy, by z\u0142apa\u0107 odpowiedni vibe i nie straci\u0107 energii przed wyj\u015bciem. Zbyt d\u0142ugi bifor mo\u017ce przerodzi\u0107 si\u0119 w pe\u0142nowymiarow\u0105 dom\u00f3wk\u0119. Oczywi\u015bcie, imprezy w domu to dobry spos\u00f3b, by przyjemnie sp\u0119dzi\u0107 wiecz\u00f3r, ale je\u015bli macie okazj\u0119 wybra\u0107 si\u0119 do klubu, warto z niej skorzysta\u0107. W miejscach takich jak Energy 2000 w Katowicach mo\u017cna do\u015bwiadczy\u0107 zabawy na zupe\u0142nie innym poziomie \u2013 ka\u017cda noc to prawdziwe show. Du\u017cy parkiet, profesjonalne nag\u0142o\u015bnienie i spektakularne efekty wizualne robi\u0105 wra\u017cenie.<\/p>\n<p>Wr\u00f3\u0107my jednak do tego, jak powinno wygl\u0105da\u0107 before party. Traktuj je jak wst\u0119p do g\u0142\u00f3wnej imprezy. Warto zadba\u0107 o takie aspekty jak:<\/p>\n<p>&#8211; ustalenie konkretnej godziny wyj\u015bcia \u2013 dzi\u0119ki temu before nie b\u0119dzie si\u0119 przeci\u0105ga\u0142,<\/p>\n<p>&#8211; zadbanie o kwestie logistyczne \u2013 dojazd, zam\u00f3wienie taks\u00f3wki, czy wyb\u00f3r odpowiedniej trasy,<\/p>\n<p>&#8211; zakup wej\u015bci\u00f3wek online \u2013 je\u015bli jest taka opcja, warto zrobi\u0107 to wcze\u015bniej, dzi\u0119ki czemu oszcz\u0119dzicie czas i unikniecie kolejek przy wej\u015bciu,<\/p>\n<p>&#8211; przygotowanie miejsca do spotkania \u2013 zadbanie o przek\u0105ski i napoje. Przy tym nale\u017cy mie\u0107 na wzgl\u0119dzie zachowanie umiaru \u2013 szczeg\u00f3lnie w kwestii trunk\u00f3w wysokoprocentowych,<\/p>\n<p>&#8211; wyb\u00f3r playlisty, przy kt\u00f3rej b\u0119dzie mo\u017cna \u0142apa\u0107 dobr\u0105 energi\u0119 przed wyj\u015bciem do klubu. Dobrze jest zacz\u0105\u0107 od spokojniejszych kawa\u0142k\u00f3w i stopniowo podkr\u0119ca\u0107 tempo.<\/p>\n<p>Jak wiadomo, liczy si\u0119 tak\u017ce dobra ekipa \u2013 to w\u0142a\u015bnie zgrana paczka tworzy klimat i wp\u0142ywa na energi\u0119 spotkania.<br \/>\nBefore przed imprez\u0105 to szansa, by wprawi\u0107 si\u0119 w zabawowy nastr\u00f3j. Jest to te\u017c okazja, by porozmawia\u0107 i zintegrowa\u0107 si\u0119 z lud\u017ami, nim zaczniecie wsp\u00f3lnie bawi\u0107 si\u0119 na parkiecie.<\/p>","protected":false},"excerpt":{"rendered":"<p>Dobry before wprawia w odpowiedni vibe, nim rozpocznie si\u0119 imprezowa noc. Dzi\u0119ki niemu \u0142apiesz pozytywn\u0105 energi\u0119 i ch\u0119\u0107 do zabawy. Jest jak rozgrzewka przed meczem czy przystawka przed daniem g\u0142\u00f3wnym. Zanim wybierzesz si\u0119 do klubu, warto zacz\u0105\u0107 od biforu. Sprawd\u017a, &#8230; <a class=\"Rmore tbutton small\" href=\"https:\/\/katowice.energy2000.pl\/uk\/before-przed-impreza\/\"><span>\u041f\u043e\u0431\u0430\u0447\u0438\u0442\u0438 \u0431\u0456\u043b\u044c\u0448\u0435 \"<\/span><\/a><\/p>","protected":false},"author":4290,"featured_media":0,"parent":0,"menu_order":0,"comment_status":"closed","ping_status":"closed","template":"","meta":[],"yoast_head":"<!-- This site is optimized with the Yoast SEO plugin v19.2 - https:\/\/yoast.com\/wordpress\/plugins\/seo\/ -->\n<title>Before przed imprez\u0105 - Energy2000 - Katowice<\/title>\n<meta name=\"description\" content=\"Planujesz wyj\u015bcie do klubu? Sprawd\u017a, jak zorganizowa\u0107 idealny before przed imprez\u0105! Dowiedz si\u0119, ile powinien trwa\u0107 bifor, gdzie go urz\u0105dzi\u0107 i jak zadba\u0107 o dobr\u0105 energi\u0119.\" \/>\n<meta name=\"robots\" content=\"index, follow, max-snippet:-1, max-image-preview:large, max-video-preview:-1\" \/>\n<link rel=\"canonical\" href=\"https:\/\/katowice.energy2000.pl\/uk\/before-przed-impreza\/\" \/>\n<meta property=\"og:locale\" content=\"uk_UA\" \/>\n<meta property=\"og:type\" content=\"article\" \/>\n<meta property=\"og:title\" content=\"Before przed imprez\u0105 - Energy2000 - Katowice\" \/>\n<meta property=\"og:description\" content=\"Planujesz wyj\u015bcie do klubu? Sprawd\u017a, jak zorganizowa\u0107 idealny before przed imprez\u0105! Dowiedz si\u0119, ile powinien trwa\u0107 bifor, gdzie go urz\u0105dzi\u0107 i jak zadba\u0107 o dobr\u0105 energi\u0119.\" \/>\n<meta property=\"og:url\" content=\"https:\/\/katowice.energy2000.pl\/uk\/before-przed-impreza\/\" \/>\n<meta property=\"og:site_name\" content=\"Energy2000 - Katowice\" \/>\n<meta property=\"article:modified_time\" content=\"2026-04-28T08:08:59+00:00\" \/>\n<meta name=\"author\" content=\"SEO\" \/>\n<meta name=\"twitter:card\" content=\"summary_large_image\" \/>\n<meta name=\"twitter:label1\" content=\"\u041f\u0440\u0438\u0431\u043b. \u0447\u0430\u0441 \u0447\u0438\u0442\u0430\u043d\u043d\u044f\" \/>\n\t<meta name=\"twitter:data1\" content=\"4 \u0445\u0432\u0438\u043b\u0438\u043d\u0438\" \/>\n<script type=\"application\/ld+json\" class=\"yoast-schema-graph\">{\"@context\":\"https:\/\/schema.org\",\"@graph\":[{\"@type\":\"WebSite\",\"@id\":\"https:\/\/katowice.energy2000.pl\/#website\",\"url\":\"https:\/\/katowice.energy2000.pl\/\",\"name\":\"Energy2000 - Katowice\",\"description\":\"Najlepszy Klub na \u015bl\u0105sku\",\"potentialAction\":[{\"@type\":\"SearchAction\",\"target\":{\"@type\":\"EntryPoint\",\"urlTemplate\":\"https:\/\/katowice.energy2000.pl\/?s={search_term_string}\"},\"query-input\":\"required name=search_term_string\"}],\"inLanguage\":\"uk\"},{\"@type\":\"WebPage\",\"@id\":\"https:\/\/katowice.energy2000.pl\/before-przed-impreza\/#webpage\",\"url\":\"https:\/\/katowice.energy2000.pl\/before-przed-impreza\/\",\"name\":\"Before przed imprez\u0105 - Energy2000 - Katowice\",\"isPartOf\":{\"@id\":\"https:\/\/katowice.energy2000.pl\/#website\"},\"datePublished\":\"2026-04-28T08:08:12+00:00\",\"dateModified\":\"2026-04-28T08:08:59+00:00\",\"description\":\"Planujesz wyj\u015bcie do klubu? Sprawd\u017a, jak zorganizowa\u0107 idealny before przed imprez\u0105! Dowiedz si\u0119, ile powinien trwa\u0107 bifor, gdzie go urz\u0105dzi\u0107 i jak zadba\u0107 o dobr\u0105 energi\u0119.\",\"breadcrumb\":{\"@id\":\"https:\/\/katowice.energy2000.pl\/before-przed-impreza\/#breadcrumb\"},\"inLanguage\":\"uk\",\"potentialAction\":[{\"@type\":\"ReadAction\",\"target\":[\"https:\/\/katowice.energy2000.pl\/before-przed-impreza\/\"]}]},{\"@type\":\"BreadcrumbList\",\"@id\":\"https:\/\/katowice.energy2000.pl\/before-przed-impreza\/#breadcrumb\",\"itemListElement\":[{\"@type\":\"ListItem\",\"position\":1,\"name\":\"Strona g\u0142\u00f3wna\",\"item\":\"https:\/\/katowice.energy2000.pl\/\"},{\"@type\":\"ListItem\",\"position\":2,\"name\":\"Before przed imprez\u0105\"}]}]}<\/script>\n<!-- \/ Yoast SEO plugin. -->","yoast_head_json":{"title":"Before przed imprez\u0105 - Energy2000 - Katowice","description":"Planujesz wyj\u015bcie do klubu? Sprawd\u017a, jak zorganizowa\u0107 idealny before przed imprez\u0105! Dowiedz si\u0119, ile powinien trwa\u0107 bifor, gdzie go urz\u0105dzi\u0107 i jak zadba\u0107 o dobr\u0105 energi\u0119.","robots":{"index":"index","follow":"follow","max-snippet":"max-snippet:-1","max-image-preview":"max-image-preview:large","max-video-preview":"max-video-preview:-1"},"canonical":"https:\/\/katowice.energy2000.pl\/uk\/before-przed-impreza\/","og_locale":"uk_UA","og_type":"article","og_title":"Before przed imprez\u0105 - Energy2000 - Katowice","og_description":"Planujesz wyj\u015bcie do klubu? Sprawd\u017a, jak zorganizowa\u0107 idealny before przed imprez\u0105! Dowiedz si\u0119, ile powinien trwa\u0107 bifor, gdzie go urz\u0105dzi\u0107 i jak zadba\u0107 o dobr\u0105 energi\u0119.","og_url":"https:\/\/katowice.energy2000.pl\/uk\/before-przed-impreza\/","og_site_name":"Energy2000 - Katowice","article_modified_time":"2026-04-28T08:08:59+00:00","author":"SEO","twitter_card":"summary_large_image","twitter_misc":{"\u041f\u0440\u0438\u0431\u043b. \u0447\u0430\u0441 \u0447\u0438\u0442\u0430\u043d\u043d\u044f":"4 \u0445\u0432\u0438\u043b\u0438\u043d\u0438"},"schema":{"@context":"https:\/\/schema.org","@graph":[{"@type":"WebSite","@id":"https:\/\/katowice.energy2000.pl\/#website","url":"https:\/\/katowice.energy2000.pl\/","name":"Energy2000 - Katowice","description":"Najlepszy Klub na \u015bl\u0105sku","potentialAction":[{"@type":"SearchAction","target":{"@type":"EntryPoint","urlTemplate":"https:\/\/katowice.energy2000.pl\/?s={search_term_string}"},"query-input":"required name=search_term_string"}],"inLanguage":"uk"},{"@type":"WebPage","@id":"https:\/\/katowice.energy2000.pl\/before-przed-impreza\/#webpage","url":"https:\/\/katowice.energy2000.pl\/before-przed-impreza\/","name":"Before przed imprez\u0105 - Energy2000 - Katowice","isPartOf":{"@id":"https:\/\/katowice.energy2000.pl\/#website"},"datePublished":"2026-04-28T08:08:12+00:00","dateModified":"2026-04-28T08:08:59+00:00","description":"Planujesz wyj\u015bcie do klubu? Sprawd\u017a, jak zorganizowa\u0107 idealny before przed imprez\u0105! Dowiedz si\u0119, ile powinien trwa\u0107 bifor, gdzie go urz\u0105dzi\u0107 i jak zadba\u0107 o dobr\u0105 energi\u0119.","breadcrumb":{"@id":"https:\/\/katowice.energy2000.pl\/before-przed-impreza\/#breadcrumb"},"inLanguage":"uk","potentialAction":[{"@type":"ReadAction","target":["https:\/\/katowice.energy2000.pl\/before-przed-impreza\/"]}]},{"@type":"BreadcrumbList","@id":"https:\/\/katowice.energy2000.pl\/before-przed-impreza\/#breadcrumb","itemListElement":[{"@type":"ListItem","position":1,"name":"Strona g\u0142\u00f3wna","item":"https:\/\/katowice.energy2000.pl\/"},{"@type":"ListItem","position":2,"name":"Before przed imprez\u0105"}]}]}},"_links":{"self":[{"href":"https:\/\/katowice.energy2000.pl\/uk\/wp-json\/wp\/v2\/pages\/192623"}],"collection":[{"href":"https:\/\/katowice.energy2000.pl\/uk\/wp-json\/wp\/v2\/pages"}],"about":[{"href":"https:\/\/katowice.energy2000.pl\/uk\/wp-json\/wp\/v2\/types\/page"}],"author":[{"embeddable":true,"href":"https:\/\/katowice.energy2000.pl\/uk\/wp-json\/wp\/v2\/users\/4290"}],"replies":[{"embeddable":true,"href":"https:\/\/katowice.energy2000.pl\/uk\/wp-json\/wp\/v2\/comments?post=192623"}],"version-history":[{"count":2,"href":"https:\/\/katowice.energy2000.pl\/uk\/wp-json\/wp\/v2\/pages\/192623\/revisions"}],"predecessor-version":[{"id":192625,"href":"https:\/\/katowice.energy2000.pl\/uk\/wp-json\/wp\/v2\/pages\/192623\/revisions\/192625"}],"wp:attachment":[{"href":"https:\/\/katowice.energy2000.pl\/uk\/wp-json\/wp\/v2\/media?parent=192623"}],"curies":[{"name":"wp","href":"https:\/\/api.w.org\/{rel}","templated":true}]}}