{"id":2709,"date":"2016-07-12T18:26:39","date_gmt":"2016-07-12T16:26:39","guid":{"rendered":"http:\/\/demo-energy2000.pl\/?page_id=2709"},"modified":"2025-10-02T08:52:01","modified_gmt":"2025-10-02T06:52:01","slug":"o-klubie","status":"publish","type":"page","link":"https:\/\/katowice.energy2000.pl\/uk\/%d0%ba%d0%bb%d1%83%d0%b1\/%d0%bf%d1%80%d0%be-%d0%ba%d0%bb%d1%83%d0%b1\/","title":{"rendered":"\u041f\u0440\u043e \u043a\u043b\u0443\u0431"},"content":{"rendered":"<p><a  href=\"https:\/\/katowice.energy2000.pl\/wp-content\/uploads\/2023\/07\/IMG_5012ab.jpg\" data-rel=\"plm-lightbox-gallery-0\" data-rl_title=\"\" data-rl_caption=\"\" title=\"\"><img decoding=\"async\" loading=\"lazy\" class=\"aligncenter wp-image-147067 size-large\" src=\"https:\/\/katowice.energy2000.pl\/wp-content\/uploads\/2023\/07\/IMG_5012ab-1024x683.jpg\" alt=\"\" width=\"1024\" height=\"683\" \/><\/a><\/p>\n<p>Energy 2000 \u041a\u0430\u0442\u043e\u0432\u0456\u0446\u0435 - \u0446\u0435 \u0431\u0456\u043b\u044c\u0448\u0435 \u0434\u0435\u0441\u044f\u0442\u0438 \u0440\u043e\u043a\u0456\u0432 \u0456\u0441\u0442\u043e\u0440\u0456\u0457, \u0456\u0441\u0442\u043e\u0440\u0456\u044f \u043d\u0430\u0439\u043a\u0440\u0430\u0449\u0438\u0445 \u0432\u0435\u0447\u0456\u0440\u043e\u043a \u0432 \u0446\u0435\u043d\u0442\u0440\u0456 \u0421\u0456\u043b\u0435\u0437\u044c\u043a\u043e\u0457 \u0430\u0433\u043b\u043e\u043c\u0435\u0440\u0430\u0446\u0456\u0457! \u041d\u0430\u0448 \u0437\u0430\u043a\u043b\u0430\u0434 \u0454 \u043e\u0434\u043d\u0438\u043c \u0437 \u043d\u0430\u0439\u0431\u0456\u043b\u044c\u0448\u0438\u0445 \u0456 \u043d\u0430\u0439\u0441\u0443\u0447\u0430\u0441\u043d\u0456\u0448\u0438\u0445 \u0440\u043e\u0437\u0432\u0430\u0436\u0430\u043b\u044c\u043d\u0438\u0445 \u0446\u0435\u043d\u0442\u0440\u0456\u0432 \u0443 \u0404\u0432\u0440\u043e\u043f\u0456 \u0442\u0430 \u043e\u0434\u043d\u0438\u043c \u0437 \u043d\u0435\u0431\u0430\u0433\u0430\u0442\u044c\u043e\u0445 \u0443 \u0441\u0432\u0456\u0442\u0456, \u0443\u043d\u0456\u043a\u0430\u043b\u044c\u043d\u0438\u0439 \u0434\u0438\u0437\u0430\u0439\u043d \u0456 \u0434\u0435\u043a\u043e\u0440 \u044f\u043a\u043e\u0433\u043e \u0441\u0442\u0432\u043e\u0440\u0438\u043b\u0438 \u0430\u043c\u0435\u0440\u0438\u043a\u0430\u043d\u0441\u044c\u043a\u0456 \u0442\u0432\u043e\u0440\u0446\u0456 \u0442\u0430 \u0434\u0438\u0437\u0430\u0439\u043d\u0435\u0440\u0438 \u043d\u0430\u0439\u0432\u0456\u0434\u043e\u043c\u0456\u0448\u0438\u0445 \u043a\u0430\u0437\u0438\u043d\u043e \u041b\u0430\u0441-\u0412\u0435\u0433\u0430\u0441\u0430.<\/p>\n<p class=\"plm-large-text\"><a  href=\"https:\/\/katowice.energy2000.pl\/wp-content\/uploads\/2023\/07\/IMG_3018ab.jpg\" data-rel=\"plm-lightbox-gallery-0\" data-rl_title=\"\" data-rl_caption=\"\" title=\"\"><img decoding=\"async\" loading=\"lazy\" class=\"alignleft wp-image-147072\" src=\"https:\/\/katowice.energy2000.pl\/wp-content\/uploads\/2023\/07\/IMG_3018ab.jpg\" alt=\"\" width=\"333\" height=\"222\" \/><\/a><a  href=\"https:\/\/katowice.energy2000.pl\/wp-content\/uploads\/2023\/07\/IMG_1040.jpg\" data-rel=\"plm-lightbox-gallery-0\" data-rl_title=\"\" data-rl_caption=\"\" title=\"\"><img decoding=\"async\" loading=\"lazy\" class=\"alignleft wp-image-147074\" src=\"https:\/\/katowice.energy2000.pl\/wp-content\/uploads\/2023\/07\/IMG_1040.jpg\" alt=\"\" width=\"333\" height=\"222\" \/><\/a><\/p>\n<p>\u041d\u0430 \u0432\u0430\u0441 \u0447\u0435\u043a\u0430\u0454 \u043d\u0430\u0439\u0431\u0456\u043b\u044c\u0448\u0438\u0439 \u0443 \u041f\u043e\u043b\u044c\u0449\u0456 \u0442\u0430\u043d\u0446\u043f\u043e\u043b \u0456 3 \u043c\u0443\u0437\u0438\u0447\u043d\u043e \u0442\u0430 \u0430\u0442\u043c\u043e\u0441\u0444\u0435\u0440\u043d\u043e \u0440\u0456\u0437\u043d\u043e\u043c\u0430\u043d\u0456\u0442\u043d\u0456 \u0437\u0430\u043b\u0438. \u0422\u0430\u043a\u043e\u0436 \u0454 \u0441\u043f\u0435\u0446\u0456\u0430\u043b\u044c\u043d\u0430 PREMIUM VIP ROOM, \u043a\u0456\u043b\u044c\u043a\u0430 \u0431\u0430\u0440\u0456\u0432, \u043f\u043e\u0442\u0443\u0436\u043d\u0430 \u0437\u0432\u0443\u043a\u043e\u0432\u0430 \u0441\u0438\u0441\u0442\u0435\u043c\u0430 \u0437\u0430\u0433\u0430\u043b\u044c\u043d\u043e\u044e \u043f\u043e\u0442\u0443\u0436\u043d\u0456\u0441\u0442\u044e 100 000 \u0412\u0442, \u0434\u0438\u0432\u043e\u0432\u0438\u0436\u043d\u0456 \u043a\u043e\u043b\u044c\u043e\u0440\u043e\u0432\u0456 \u043b\u0430\u0437\u0435\u0440\u0438, \u043c\u0443\u043b\u044c\u0442\u0438\u043c\u0435\u0434\u0456\u0439\u043d\u0456 \u043f\u0440\u043e\u0435\u043a\u0446\u0456\u0457 \u043d\u0430 \u0432\u0435\u043b\u0438\u0447\u0435\u0437\u043d\u0438\u0445 \u0441\u0432\u0456\u0442\u043b\u043e\u0434\u0456\u043e\u0434\u043d\u0438\u0445 \u0435\u043a\u0440\u0430\u043d\u0430\u0445, \u043f\u0456\u0440\u043e\u0442\u0435\u0445\u043d\u0456\u0447\u043d\u0456 \u0448\u043e\u0443 \u0442\u0430 \u043d\u043e\u0432\u0456\u0442\u043d\u0456, \u043f\u0440\u0435\u043c'\u0454\u0440\u043d\u0456 \u0441\u0446\u0435\u043d\u0456\u0447\u043d\u0456 \u0442\u0435\u0445\u043d\u043e\u043b\u043e\u0433\u0456\u0457 \u043f\u0440\u044f\u043c\u043e \u0437 \u0421\u0428\u0410. \u0417\u0430 \u043f\u0443\u043b\u044c\u0442\u043e\u043c \u0432\u0438\u0441\u0442\u0443\u043f\u0430\u044e\u0442\u044c \u043d\u0430\u0439\u0431\u0456\u043b\u044c\u0448\u0456 \u0437\u0456\u0440\u043a\u0438 \u043f\u043e\u043b\u044c\u0441\u044c\u043a\u043e\u0457 \u0442\u0430 \u043c\u0456\u0436\u043d\u0430\u0440\u043e\u0434\u043d\u043e\u0457 \u043a\u043b\u0443\u0431\u043d\u043e\u0457 \u0441\u0446\u0435\u043d\u0438, \u0430 \u0440\u0456\u0437\u043d\u043e\u043c\u0430\u043d\u0456\u0442\u043d\u0438\u0439 \u043a\u043b\u0456\u043c\u0430\u0442 \u043d\u0430 \u0447\u0438\u0441\u043b\u0435\u043d\u043d\u0438\u0445 \u0442\u0430\u043d\u0446\u043f\u043e\u043b\u0430\u0445 \u0437\u0430\u0434\u043e\u0432\u043e\u043b\u044c\u043d\u0438\u0442\u044c \u043d\u0430\u0439\u0432\u0438\u0431\u0430\u0433\u043b\u0438\u0432\u0456\u0448\u0456 \u043c\u0443\u0437\u0438\u0447\u043d\u0456 \u0441\u043c\u0430\u043a\u0438. \u041d\u0430\u0448\u0456 \u0437\u0430\u0445\u043e\u0434\u0438 \u0432\u0456\u0434\u0437\u043d\u0430\u0447\u0430\u044e\u0442\u044c\u0441\u044f \u043a\u043e\u043d\u0446\u0435\u0440\u0442\u0430\u043c\u0438 \u0432\u0456\u0434\u043e\u043c\u0438\u0445 \u0430\u0440\u0442\u0438\u0441\u0442\u0456\u0432, \u043d\u0430\u0439\u043a\u0440\u0430\u0449\u0438\u043c\u0438 \u043a\u043b\u0443\u0431\u043d\u0438\u043c\u0438 \u043f\u043e\u0434\u0456\u044f\u043c\u0438, \u0448\u043e\u0443 \u043d\u0430\u0439\u0432\u0456\u0434\u043e\u043c\u0456\u0448\u0438\u0445 \u0432\u0438\u043a\u043e\u043d\u0430\u0432\u0446\u0456\u0432 \u0442\u0430 \u0432\u0438\u0441\u0442\u0443\u043f\u0430\u043c\u0438 \u043d\u0430\u0439\u043a\u0440\u0430\u0449\u0438\u0445 \u043f\u043e\u043b\u044c\u0441\u044c\u043a\u0438\u0445 \u0456 \u0437\u0430\u043a\u043e\u0440\u0434\u043e\u043d\u043d\u0438\u0445 \u0442\u0430\u043d\u0446\u044e\u0440\u0438\u0441\u0442\u0456\u0432. Energy 2000 - \u0454\u0434\u0438\u043d\u0438\u0439 \u043a\u043b\u0443\u0431 \u0443 \u041f\u043e\u043b\u044c\u0449\u0456 \u0442\u0430 \u043e\u0434\u0438\u043d \u0437 \u043d\u0435\u0431\u0430\u0433\u0430\u0442\u044c\u043e\u0445 \u0443 \u0441\u0432\u0456\u0442\u0456, \u0449\u043e \u043c\u0430\u0454 \u0441\u0435\u0440\u0442\u0438\u0444\u0456\u043a\u0430\u0442 \u044f\u043a\u043e\u0441\u0442\u0456 ISO 9001. \u041c\u0438 \u0433\u0430\u0440\u0430\u043d\u0442\u0443\u0454\u043c\u043e \u043f\u0440\u0438\u0432\u0456\u0442\u043d\u0435 \u0442\u0430 \u0448\u0432\u0438\u0434\u043a\u0435 \u043e\u0431\u0441\u043b\u0443\u0433\u043e\u0432\u0443\u0432\u0430\u043d\u043d\u044f, \u0430 \u0442\u0430\u043a\u043e\u0436 \u043f\u0440\u043e\u0444\u0435\u0441\u0456\u0439\u043d\u0443 \u0442\u0430 \u043d\u0435\u043f\u043e\u043c\u0456\u0442\u043d\u0443 \u043e\u0445\u043e\u0440\u043e\u043d\u0443, \u044f\u043a\u0430 \u0437\u0430\u0431\u0435\u0437\u043f\u0435\u0447\u0438\u0442\u044c \u0432\u0430\u0448\u0456 \u0432\u0435\u0441\u0435\u043b\u043e\u0449\u0456 \u0442\u0430 100% \u0431\u0435\u0437\u043f\u0435\u043a\u0443.<\/p>\n<p>\u041d\u0430\u0448 \u043a\u043b\u0443\u0431 \u0437\u043d\u0430\u0445\u043e\u0434\u0438\u0442\u044c\u0441\u044f \u0432 \u0441\u0430\u043c\u043e\u043c\u0443 \u0446\u0435\u043d\u0442\u0440\u0456 \u041a\u0430\u0442\u043e\u0432\u0456\u0446\u0435, \u0432 \u0431\u0443\u0434\u0456\u0432\u043b\u0456 \u043a\u043e\u043b\u0438\u0448\u043d\u044c\u043e\u0433\u043e \u043a\u0456\u043d\u043e\u0442\u0435\u0430\u0442\u0440\u0443 \"\u041a\u0430\u043f\u0456\u0442\u043e\u043b\u0456\u0439\" \u043d\u0430 \u0432\u0443\u043b\u0438\u0446\u0456 \u041f\u043b\u0435\u0431\u0456\u0441\u0446\u0438\u0442\u043e\u0432\u0430, 3, \u0437\u0430 400 \u043c\u0435\u0442\u0440\u0456\u0432 \u0432\u0456\u0434 \u0420\u0438\u043d\u043a\u043e\u0432\u043e\u0457 \u043f\u043b\u043e\u0449\u0456, \u0437\u0430 500 \u043c\u0435\u0442\u0440\u0456\u0432 \u0432\u0456\u0434 \u0413\u043e\u043b\u043e\u0432\u043d\u043e\u0433\u043e \u0437\u0430\u043b\u0456\u0437\u043d\u0438\u0447\u043d\u043e\u0433\u043e \u0432\u043e\u043a\u0437\u0430\u043b\u0443, \u0437\u0430 1000 \u043c\u0435\u0442\u0440\u0456\u0432 \u0432\u0456\u0434 \u0413\u043e\u043b\u043e\u0432\u043d\u043e\u0433\u043e \u0430\u0432\u0442\u043e\u0432\u043e\u043a\u0437\u0430\u043b\u0443 \u041a\u0430\u0442\u043e\u0432\u0456\u0446\u0435,<br \/>\nKlub Energy 2000 w Katowicach przy ul. Plebiscytowej 3 jest czynny w pi\u0105tki (21:30-5:00) i soboty (21:30-5:30)* oraz w dni poprzedzaj\u0105ce niekt\u00f3re \u015bwi\u0119ta.<\/p>\n<h3><a  href=\"https:\/\/katowice.energy2000.pl\/wp-content\/uploads\/2023\/07\/IMG_3435ab.jpg\" data-rel=\"plm-lightbox-gallery-0\" data-rl_title=\"\" data-rl_caption=\"\" title=\"\"><img decoding=\"async\" loading=\"lazy\" class=\"alignleft wp-image-147084\" src=\"https:\/\/katowice.energy2000.pl\/wp-content\/uploads\/2023\/07\/IMG_3435ab.jpg\" alt=\"\" width=\"333\" height=\"222\" \/><\/a><a  href=\"https:\/\/katowice.energy2000.pl\/wp-content\/uploads\/2023\/07\/IMG_3119aa.jpg\" data-rel=\"plm-lightbox-gallery-0\" data-rl_title=\"\" data-rl_caption=\"\" title=\"\"><img decoding=\"async\" loading=\"lazy\" class=\"alignleft wp-image-147085\" src=\"https:\/\/katowice.energy2000.pl\/wp-content\/uploads\/2023\/07\/IMG_3119aa.jpg\" alt=\"\" width=\"333\" height=\"229\" \/><\/a><\/h3>\n<h3>\u041f\u0440\u0430\u0432\u0438\u043b\u0430 \u043f\u0440\u0438\u0439\u043e\u043c\u0443:<\/h3>\n<p>\u041d\u0438\u0436\u0447\u0435 \u043d\u0430\u0432\u0435\u0434\u0435\u043d\u0456 \u043d\u0430\u0439\u0432\u0430\u0436\u043b\u0438\u0432\u0456\u0448\u0456 \u043f\u0440\u0430\u0432\u0438\u043b\u0430 \u0432\u0445\u043e\u0434\u0443, \u0442\u0430\u043a \u0437\u0432\u0430\u043d\u0438\u0439 \"Door Selection\", \u044f\u043a\u0456 \u0434\u0456\u044e\u0442\u044c \u0443 \u043a\u043b\u0443\u0431\u0456 \"\u0415\u043d\u0435\u0440\u0433\u0456\u044f 2000 \u041a\u0430\u0442\u043e\u0432\u0456\u0446\u0435\". \u0421\u043f\u0438\u0441\u043e\u043a \u0437\u0430\u0431\u043e\u0440\u043e\u043d\u0435\u043d\u0438\u0445 \u043f\u0440\u0435\u0434\u043c\u0435\u0442\u0456\u0432 \u043e\u0434\u044f\u0433\u0443:<br \/>\n- \u0441\u043f\u043e\u0440\u0442\u0438\u0432\u043d\u0456 \u043a\u043e\u0441\u0442\u044e\u043c\u0438 \u0442\u0430 \u0456\u043d\u0448\u0456 \u0442\u0438\u043f\u043e\u0432\u0456 \u0441\u043f\u043e\u0440\u0442\u0438\u0432\u043d\u0456 \u043f\u0440\u0435\u0434\u043c\u0435\u0442\u0438 \u043e\u0434\u044f\u0433\u0443.<br \/>\n- \u0431\u0435\u0439\u0441\u0431\u043e\u043b\u043a\u0438 (\u0431\u0435\u0439\u0441\u0431\u043e\u043b\u043a\u0438)<br \/>\n- \u0442\u043e\u043b\u0441\u0442\u043e\u0432\u043a\u0438 \u0437 \u043a\u0430\u043f\u044e\u0448\u043e\u043d\u043e\u043c<br \/>\n- \u043a\u043e\u0440\u043e\u0442\u043a\u0456 \u0448\u043e\u0440\u0442\u0438 (\u0437\u0430 \u0432\u0438\u043d\u044f\u0442\u043a\u043e\u043c \u0434\u0436\u0438\u043d\u0441\u043e\u0432\u0438\u0445 \u0448\u043e\u0440\u0442\u0456\u0432 3\/4 - \u0432\u043b\u0456\u0442\u043a\u0443 \u0432 \u0441\u0456\u0442\u043e\u0447\u043a\u0443)<br \/>\n- \u0421\u043e\u0440\u043e\u0447\u043a\u0438 \u0431\u0435\u0437 \u0431\u0440\u0435\u0442\u0435\u043b\u0435\u0439 (\u0434\u043b\u044f \u0447\u043e\u043b\u043e\u0432\u0456\u043a\u0456\u0432)<br \/>\n(\u0410\u043a\u0442\u0443\u0430\u043b\u044c\u043d\u0456 \u043f\u0440\u0430\u0432\u0438\u043b\u0430 \u0434\u0440\u0435\u0441-\u043a\u043e\u0434\u0443 \u043c\u043e\u0436\u043d\u0430 \u0437\u043d\u0430\u0439\u0442\u0438 \u0437\u0430 \u043f\u043e\u0441\u0438\u043b\u0430\u043d\u043d\u044f\u043c: <a href=\"https:\/\/drescode.energy2000.pl\/dc.pdf\">https:\/\/drescode.energy2000.pl\/dc.pdf<\/a>)<\/p>\n<h3>\u0412\u0456\u043a \u043f\u0440\u0430\u0432\u0438\u0442\u044c:<\/h3>\n<p>Wst\u0119p do klubu na\u00a0<u>pi\u0105tkowe imprezy od +16 lat<\/u>. ( wymagany dokument to\u017csamo\u015bci ze zdj\u0119ciem, wa\u017cna legitymacja lub aplikacj\u0119 mObywatel)<br \/>\nWst\u0119p do klubu na\u00a0<u>sobotnie imprezy od +18 lat<\/u>\u00a0( wymagany dokument to\u017csamo\u015bci ze zdj\u0119ciem lub aplikacj\u0119 mObywatel)<\/p>\n<h3>\u041a\u0432\u0438\u0442\u043a\u0438 \u043e\u043d\u043b\u0430\u0439\u043d:<\/h3>\n<p>\u0417\u0430\u043e\u0445\u043e\u0447\u0443\u0454\u043c\u043e \u0432\u0430\u0441 \u043a\u0443\u043f\u0443\u0432\u0430\u0442\u0438 \u043a\u0432\u0438\u0442\u043a\u0438 \u0447\u0435\u0440\u0435\u0437 \u0441\u0438\u0441\u0442\u0435\u043c\u0443 \u043e\u043d\u043b\u0430\u0439\u043d-\u043f\u0440\u043e\u0434\u0430\u0436\u0443.<br \/>\n<a href=\"https:\/\/katowice.energy2000.pl\/uk\/%d0%ba%d0%b2%d0%b8%d1%82%d0%ba%d0%b8\/\">https:\/\/katowice.energy2000.pl\/bilety<\/a><\/p>\n<p>&nbsp;<\/p>","protected":false},"excerpt":{"rendered":"<p>Energy 2000 Katowice to trwaj\u0105ca ju\u017c ponad dekad\u0119, historia najlepszych imprez w samym \u015brodku \u015bl\u0105skiej aglomeracji! Nasz lokal to jedno z najwi\u0119kszych i najnowocze\u015bniejszych centr\u00f3w rozrywki w Europie i jedno z niewielu na \u015bwiecie, kt\u00f3rego unikalny design i wystr\u00f3j stworzony &#8230; <a class=\"Rmore tbutton small\" href=\"https:\/\/katowice.energy2000.pl\/uk\/%d0%ba%d0%bb%d1%83%d0%b1\/%d0%bf%d1%80%d0%be-%d0%ba%d0%bb%d1%83%d0%b1\/\"><span>\u041f\u043e\u0431\u0430\u0447\u0438\u0442\u0438 \u0431\u0456\u043b\u044c\u0448\u0435 \"<\/span><\/a><\/p>","protected":false},"author":2,"featured_media":0,"parent":3191,"menu_order":58,"comment_status":"closed","ping_status":"closed","template":"","meta":[],"yoast_head":"<!-- This site is optimized with the Yoast SEO plugin v19.2 - https:\/\/yoast.com\/wordpress\/plugins\/seo\/ -->\n<title>O Klubie - Energy2000 - Katowice<\/title>\n<meta name=\"robots\" content=\"index, follow, max-snippet:-1, max-image-preview:large, max-video-preview:-1\" \/>\n<link rel=\"canonical\" href=\"https:\/\/katowice.energy2000.pl\/uk\/\u043a\u043b\u0443\u0431\/\u043f\u0440\u043e-\u043a\u043b\u0443\u0431\/\" \/>\n<meta property=\"og:locale\" content=\"uk_UA\" \/>\n<meta property=\"og:type\" content=\"article\" \/>\n<meta property=\"og:title\" content=\"O Klubie - Energy2000 - Katowice\" \/>\n<meta property=\"og:description\" content=\"Energy 2000 Katowice to trwaj\u0105ca ju\u017c ponad dekad\u0119, historia najlepszych imprez w samym \u015brodku \u015bl\u0105skiej aglomeracji! Nasz lokal to jedno z najwi\u0119kszych i najnowocze\u015bniejszych centr\u00f3w rozrywki w Europie i jedno z niewielu na \u015bwiecie, kt\u00f3rego unikalny design i wystr\u00f3j stworzony ... Zobacz Wi\u0119cej \u00bb\" \/>\n<meta property=\"og:url\" content=\"https:\/\/katowice.energy2000.pl\/uk\/\u043a\u043b\u0443\u0431\/\u043f\u0440\u043e-\u043a\u043b\u0443\u0431\/\" \/>\n<meta property=\"og:site_name\" content=\"Energy2000 - Katowice\" \/>\n<meta property=\"article:modified_time\" content=\"2025-10-02T06:52:01+00:00\" \/>\n<meta property=\"og:image\" content=\"https:\/\/katowice.energy2000.pl\/wp-content\/uploads\/2023\/07\/IMG_5012ab-1024x683.jpg\" \/>\n<meta name=\"author\" content=\"Micha\u0142 W\u0105tkowski\" \/>\n<meta name=\"twitter:card\" content=\"summary_large_image\" \/>\n<meta name=\"twitter:label1\" content=\"\u041f\u0440\u0438\u0431\u043b. \u0447\u0430\u0441 \u0447\u0438\u0442\u0430\u043d\u043d\u044f\" \/>\n\t<meta name=\"twitter:data1\" content=\"4 \u0445\u0432\u0438\u043b\u0438\u043d\u0438\" \/>\n<script type=\"application\/ld+json\" class=\"yoast-schema-graph\">{\"@context\":\"https:\/\/schema.org\",\"@graph\":[{\"@type\":\"WebSite\",\"@id\":\"https:\/\/katowice.energy2000.pl\/#website\",\"url\":\"https:\/\/katowice.energy2000.pl\/\",\"name\":\"Energy2000 - Katowice\",\"description\":\"Najlepszy Klub na \u015bl\u0105sku\",\"potentialAction\":[{\"@type\":\"SearchAction\",\"target\":{\"@type\":\"EntryPoint\",\"urlTemplate\":\"https:\/\/katowice.energy2000.pl\/?s={search_term_string}\"},\"query-input\":\"required name=search_term_string\"}],\"inLanguage\":\"uk\"},{\"@type\":\"ImageObject\",\"inLanguage\":\"uk\",\"@id\":\"https:\/\/katowice.energy2000.pl\/klub\/o-klubie\/#primaryimage\",\"url\":\"https:\/\/katowice.energy2000.pl\/wp-content\/uploads\/2023\/07\/IMG_5012ab.jpg\",\"contentUrl\":\"https:\/\/katowice.energy2000.pl\/wp-content\/uploads\/2023\/07\/IMG_5012ab.jpg\",\"width\":1920,\"height\":1280},{\"@type\":\"WebPage\",\"@id\":\"https:\/\/katowice.energy2000.pl\/klub\/o-klubie\/#webpage\",\"url\":\"https:\/\/katowice.energy2000.pl\/klub\/o-klubie\/\",\"name\":\"O Klubie - Energy2000 - Katowice\",\"isPartOf\":{\"@id\":\"https:\/\/katowice.energy2000.pl\/#website\"},\"primaryImageOfPage\":{\"@id\":\"https:\/\/katowice.energy2000.pl\/klub\/o-klubie\/#primaryimage\"},\"datePublished\":\"2016-07-12T16:26:39+00:00\",\"dateModified\":\"2025-10-02T06:52:01+00:00\",\"breadcrumb\":{\"@id\":\"https:\/\/katowice.energy2000.pl\/klub\/o-klubie\/#breadcrumb\"},\"inLanguage\":\"uk\",\"potentialAction\":[{\"@type\":\"ReadAction\",\"target\":[\"https:\/\/katowice.energy2000.pl\/klub\/o-klubie\/\"]}]},{\"@type\":\"BreadcrumbList\",\"@id\":\"https:\/\/katowice.energy2000.pl\/klub\/o-klubie\/#breadcrumb\",\"itemListElement\":[{\"@type\":\"ListItem\",\"position\":1,\"name\":\"Strona g\u0142\u00f3wna\",\"item\":\"https:\/\/katowice.energy2000.pl\/\"},{\"@type\":\"ListItem\",\"position\":2,\"name\":\"Klub\",\"item\":\"https:\/\/katowice.energy2000.pl\/klub\/\"},{\"@type\":\"ListItem\",\"position\":3,\"name\":\"O Klubie\"}]}]}<\/script>\n<!-- \/ Yoast SEO plugin. -->","yoast_head_json":{"title":"O Klubie - Energy2000 - Katowice","robots":{"index":"index","follow":"follow","max-snippet":"max-snippet:-1","max-image-preview":"max-image-preview:large","max-video-preview":"max-video-preview:-1"},"canonical":"https:\/\/katowice.energy2000.pl\/uk\/\u043a\u043b\u0443\u0431\/\u043f\u0440\u043e-\u043a\u043b\u0443\u0431\/","og_locale":"uk_UA","og_type":"article","og_title":"O Klubie - Energy2000 - Katowice","og_description":"Energy 2000 Katowice to trwaj\u0105ca ju\u017c ponad dekad\u0119, historia najlepszych imprez w samym \u015brodku \u015bl\u0105skiej aglomeracji! Nasz lokal to jedno z najwi\u0119kszych i najnowocze\u015bniejszych centr\u00f3w rozrywki w Europie i jedno z niewielu na \u015bwiecie, kt\u00f3rego unikalny design i wystr\u00f3j stworzony ... Zobacz Wi\u0119cej \u00bb","og_url":"https:\/\/katowice.energy2000.pl\/uk\/\u043a\u043b\u0443\u0431\/\u043f\u0440\u043e-\u043a\u043b\u0443\u0431\/","og_site_name":"Energy2000 - Katowice","article_modified_time":"2025-10-02T06:52:01+00:00","og_image":[{"url":"https:\/\/katowice.energy2000.pl\/wp-content\/uploads\/2023\/07\/IMG_5012ab-1024x683.jpg"}],"author":"Micha\u0142 W\u0105tkowski","twitter_card":"summary_large_image","twitter_misc":{"\u041f\u0440\u0438\u0431\u043b. \u0447\u0430\u0441 \u0447\u0438\u0442\u0430\u043d\u043d\u044f":"4 \u0445\u0432\u0438\u043b\u0438\u043d\u0438"},"schema":{"@context":"https:\/\/schema.org","@graph":[{"@type":"WebSite","@id":"https:\/\/katowice.energy2000.pl\/#website","url":"https:\/\/katowice.energy2000.pl\/","name":"Energy2000 - Katowice","description":"Najlepszy Klub na \u015bl\u0105sku","potentialAction":[{"@type":"SearchAction","target":{"@type":"EntryPoint","urlTemplate":"https:\/\/katowice.energy2000.pl\/?s={search_term_string}"},"query-input":"required name=search_term_string"}],"inLanguage":"uk"},{"@type":"ImageObject","inLanguage":"uk","@id":"https:\/\/katowice.energy2000.pl\/klub\/o-klubie\/#primaryimage","url":"https:\/\/katowice.energy2000.pl\/wp-content\/uploads\/2023\/07\/IMG_5012ab.jpg","contentUrl":"https:\/\/katowice.energy2000.pl\/wp-content\/uploads\/2023\/07\/IMG_5012ab.jpg","width":1920,"height":1280},{"@type":"WebPage","@id":"https:\/\/katowice.energy2000.pl\/klub\/o-klubie\/#webpage","url":"https:\/\/katowice.energy2000.pl\/klub\/o-klubie\/","name":"O Klubie - Energy2000 - Katowice","isPartOf":{"@id":"https:\/\/katowice.energy2000.pl\/#website"},"primaryImageOfPage":{"@id":"https:\/\/katowice.energy2000.pl\/klub\/o-klubie\/#primaryimage"},"datePublished":"2016-07-12T16:26:39+00:00","dateModified":"2025-10-02T06:52:01+00:00","breadcrumb":{"@id":"https:\/\/katowice.energy2000.pl\/klub\/o-klubie\/#breadcrumb"},"inLanguage":"uk","potentialAction":[{"@type":"ReadAction","target":["https:\/\/katowice.energy2000.pl\/klub\/o-klubie\/"]}]},{"@type":"BreadcrumbList","@id":"https:\/\/katowice.energy2000.pl\/klub\/o-klubie\/#breadcrumb","itemListElement":[{"@type":"ListItem","position":1,"name":"Strona g\u0142\u00f3wna","item":"https:\/\/katowice.energy2000.pl\/"},{"@type":"ListItem","position":2,"name":"Klub","item":"https:\/\/katowice.energy2000.pl\/klub\/"},{"@type":"ListItem","position":3,"name":"O Klubie"}]}]}},"_links":{"self":[{"href":"https:\/\/katowice.energy2000.pl\/uk\/wp-json\/wp\/v2\/pages\/2709"}],"collection":[{"href":"https:\/\/katowice.energy2000.pl\/uk\/wp-json\/wp\/v2\/pages"}],"about":[{"href":"https:\/\/katowice.energy2000.pl\/uk\/wp-json\/wp\/v2\/types\/page"}],"author":[{"embeddable":true,"href":"https:\/\/katowice.energy2000.pl\/uk\/wp-json\/wp\/v2\/users\/2"}],"replies":[{"embeddable":true,"href":"https:\/\/katowice.energy2000.pl\/uk\/wp-json\/wp\/v2\/comments?post=2709"}],"version-history":[{"count":83,"href":"https:\/\/katowice.energy2000.pl\/uk\/wp-json\/wp\/v2\/pages\/2709\/revisions"}],"predecessor-version":[{"id":184502,"href":"https:\/\/katowice.energy2000.pl\/uk\/wp-json\/wp\/v2\/pages\/2709\/revisions\/184502"}],"up":[{"embeddable":true,"href":"https:\/\/katowice.energy2000.pl\/uk\/wp-json\/wp\/v2\/pages\/3191"}],"wp:attachment":[{"href":"https:\/\/katowice.energy2000.pl\/uk\/wp-json\/wp\/v2\/media?parent=2709"}],"curies":[{"name":"wp","href":"https:\/\/api.w.org\/{rel}","templated":true}]}}