{"id":3177,"date":"2016-08-24T16:59:01","date_gmt":"2016-08-24T14:59:01","guid":{"rendered":"http:\/\/przytkowice.energy2000.pl\/?page_id=3177"},"modified":"2021-09-28T08:37:13","modified_gmt":"2021-09-28T06:37:13","slug":"sklepenergy2000","status":"publish","type":"page","link":"https:\/\/katowice.energy2000.pl\/uk\/%d0%ba%d0%bb%d1%83%d0%b1\/sklepenergy2000\/","title":{"rendered":"\u041c\u0430\u0433\u0430\u0437\u0438\u043d ENERGY2000"},"content":{"rendered":"<p lang=\"sv\">Bristen p\u00e5 sexuell f\u00f6rm\u00e5ga kan vara en utmaning f\u00f6r m\u00e5nga m\u00e4n, vilket ofta leder till k\u00e4nslor av os\u00e4kerhet och stress. Det \u00e4r viktigt att s\u00f6ka hj\u00e4lp och information fr\u00e5n p\u00e5litliga k\u00e4llor, som en p\u00e5litlig apotekswebbplats, f\u00f6r att f\u00f6rst\u00e5 de olika behandlingsalternativen som finns tillg\u00e4ngliga. M\u00e5nga m\u00e4nniskor finner att diskussioner om detta \u00e4mne kan bidra till att minska stigma och fr\u00e4mja \u00f6ppenhet. F\u00f6r dem som s\u00f6ker alternativa l\u00f6sningar, kan webbplatser som erbjuda v\u00e4rdefull information och produkter f\u00f6r att hantera situationen.<\/p>\n<p lang=\"sv\">M\u00e5nga m\u00e4n upplever utmaningar i sina sexliv, vilket kan leda till stress och oro. Det finns produkter som kan hj\u00e4lpa, och en m\u00f6jlighet \u00e4r att uppt\u00e4cka hur man kan k\u00f6pa vissa l\u00e4kemedel online, eftersom det erbjuder en bekv\u00e4m l\u00f6sning f\u00f6r den som vill k\u00f6pa utan recept. F\u00f6r mer information kan du bes\u00f6ka sidan f\u00f6r att se vad som finns tillg\u00e4ngligt.<\/p>\n<p lang=\"fi\">Monet miehet kokevat el\u00e4m\u00e4ns\u00e4 aikana vaikeuksia intiimiss\u00e4 suhteessaan, mik\u00e4 voi vaikuttaa itsetuntoon ja parisuhteeseen. N\u00e4iden ongelmien vuoksi on t\u00e4rke\u00e4\u00e4 l\u00f6yt\u00e4\u00e4 oikeat hoitomuodot ja tukea eri muodoissa. tarjoaa helpon p\u00e4\u00e4syn erilaisiin tuotteisiin ja l\u00e4\u00e4kkeisiin, jotka voivat auttaa parantamaan tilannetta. On my\u00f6s hyv\u00e4 keskustella asiasta ammattilaisen kanssa, jotta ongelmat voidaan k\u00e4sitell\u00e4 asianmukaisesti. Yhteiskunnalliset normit voivat est\u00e4\u00e4 avun hakemista, mutta tuki on saatavissa.<\/p>\n<p>Zapraszamy do naszego oficjalnego sklepu sygnowanego logiem Energy2000<\/p>\n<h2><a href=\"https:\/\/sklep.energy2000.pl\/\">Sklep.Energy2000.pl<\/a><\/h2>","protected":false},"excerpt":{"rendered":"<p>Bristen p\u00e5 sexuell f\u00f6rm\u00e5ga kan vara en utmaning f\u00f6r m\u00e5nga m\u00e4n, vilket ofta leder till k\u00e4nslor av os\u00e4kerhet och stress. Det \u00e4r viktigt att s\u00f6ka hj\u00e4lp och information fr\u00e5n p\u00e5litliga k\u00e4llor, som en p\u00e5litlig apotekswebbplats, f\u00f6r att f\u00f6rst\u00e5 de olika &#8230; <a class=\"Rmore tbutton small\" href=\"https:\/\/katowice.energy2000.pl\/uk\/%d0%ba%d0%bb%d1%83%d0%b1\/sklepenergy2000\/\"><span>\u041f\u043e\u0431\u0430\u0447\u0438\u0442\u0438 \u0431\u0456\u043b\u044c\u0448\u0435 \"<\/span><\/a><\/p>","protected":false},"author":2,"featured_media":0,"parent":3191,"menu_order":45,"comment_status":"closed","ping_status":"closed","template":"","meta":[],"yoast_head":"<!-- This site is optimized with the Yoast SEO plugin v19.2 - https:\/\/yoast.com\/wordpress\/plugins\/seo\/ -->\n<title>Sklep ENERGY2000 - Energy2000 - Katowice<\/title>\n<meta name=\"robots\" content=\"index, follow, max-snippet:-1, max-image-preview:large, max-video-preview:-1\" \/>\n<link rel=\"canonical\" href=\"https:\/\/katowice.energy2000.pl\/uk\/\u043a\u043b\u0443\u0431\/sklepenergy2000\/\" \/>\n<meta property=\"og:locale\" content=\"uk_UA\" \/>\n<meta property=\"og:type\" content=\"article\" \/>\n<meta property=\"og:title\" content=\"Sklep ENERGY2000 - Energy2000 - Katowice\" \/>\n<meta property=\"og:description\" content=\"Bristen p\u00e5 sexuell f\u00f6rm\u00e5ga kan vara en utmaning f\u00f6r m\u00e5nga m\u00e4n, vilket ofta leder till k\u00e4nslor av os\u00e4kerhet och stress. Det \u00e4r viktigt att s\u00f6ka hj\u00e4lp och information fr\u00e5n p\u00e5litliga k\u00e4llor, som en p\u00e5litlig apotekswebbplats, f\u00f6r att f\u00f6rst\u00e5 de olika ... Zobacz Wi\u0119cej \u00bb\" \/>\n<meta property=\"og:url\" content=\"https:\/\/katowice.energy2000.pl\/uk\/\u043a\u043b\u0443\u0431\/sklepenergy2000\/\" \/>\n<meta property=\"og:site_name\" content=\"Energy2000 - Katowice\" \/>\n<meta property=\"article:modified_time\" content=\"2021-09-28T06:37:13+00:00\" \/>\n<meta name=\"author\" content=\"Micha\u0142 W\u0105tkowski\" \/>\n<meta name=\"twitter:card\" content=\"summary_large_image\" \/>\n<meta name=\"twitter:label1\" content=\"\u041f\u0440\u0438\u0431\u043b. \u0447\u0430\u0441 \u0447\u0438\u0442\u0430\u043d\u043d\u044f\" \/>\n\t<meta name=\"twitter:data1\" content=\"1 \u0445\u0432\u0438\u043b\u0438\u043d\u0430\" \/>\n<script type=\"application\/ld+json\" class=\"yoast-schema-graph\">{\"@context\":\"https:\/\/schema.org\",\"@graph\":[{\"@type\":\"WebSite\",\"@id\":\"https:\/\/katowice.energy2000.pl\/#website\",\"url\":\"https:\/\/katowice.energy2000.pl\/\",\"name\":\"Energy2000 - Katowice\",\"description\":\"Najlepszy Klub na \u015bl\u0105sku\",\"potentialAction\":[{\"@type\":\"SearchAction\",\"target\":{\"@type\":\"EntryPoint\",\"urlTemplate\":\"https:\/\/katowice.energy2000.pl\/?s={search_term_string}\"},\"query-input\":\"required name=search_term_string\"}],\"inLanguage\":\"uk\"},{\"@type\":\"WebPage\",\"@id\":\"https:\/\/katowice.energy2000.pl\/klub\/sklepenergy2000\/#webpage\",\"url\":\"https:\/\/katowice.energy2000.pl\/klub\/sklepenergy2000\/\",\"name\":\"Sklep ENERGY2000 - Energy2000 - Katowice\",\"isPartOf\":{\"@id\":\"https:\/\/katowice.energy2000.pl\/#website\"},\"datePublished\":\"2016-08-24T14:59:01+00:00\",\"dateModified\":\"2021-09-28T06:37:13+00:00\",\"breadcrumb\":{\"@id\":\"https:\/\/katowice.energy2000.pl\/klub\/sklepenergy2000\/#breadcrumb\"},\"inLanguage\":\"uk\",\"potentialAction\":[{\"@type\":\"ReadAction\",\"target\":[\"https:\/\/katowice.energy2000.pl\/klub\/sklepenergy2000\/\"]}]},{\"@type\":\"BreadcrumbList\",\"@id\":\"https:\/\/katowice.energy2000.pl\/klub\/sklepenergy2000\/#breadcrumb\",\"itemListElement\":[{\"@type\":\"ListItem\",\"position\":1,\"name\":\"Strona g\u0142\u00f3wna\",\"item\":\"https:\/\/katowice.energy2000.pl\/\"},{\"@type\":\"ListItem\",\"position\":2,\"name\":\"Klub\",\"item\":\"https:\/\/katowice.energy2000.pl\/klub\/\"},{\"@type\":\"ListItem\",\"position\":3,\"name\":\"Sklep ENERGY2000\"}]}]}<\/script>\n<!-- \/ Yoast SEO plugin. -->","yoast_head_json":{"title":"Sklep ENERGY2000 - Energy2000 - Katowice","robots":{"index":"index","follow":"follow","max-snippet":"max-snippet:-1","max-image-preview":"max-image-preview:large","max-video-preview":"max-video-preview:-1"},"canonical":"https:\/\/katowice.energy2000.pl\/uk\/\u043a\u043b\u0443\u0431\/sklepenergy2000\/","og_locale":"uk_UA","og_type":"article","og_title":"Sklep ENERGY2000 - Energy2000 - Katowice","og_description":"Bristen p\u00e5 sexuell f\u00f6rm\u00e5ga kan vara en utmaning f\u00f6r m\u00e5nga m\u00e4n, vilket ofta leder till k\u00e4nslor av os\u00e4kerhet och stress. Det \u00e4r viktigt att s\u00f6ka hj\u00e4lp och information fr\u00e5n p\u00e5litliga k\u00e4llor, som en p\u00e5litlig apotekswebbplats, f\u00f6r att f\u00f6rst\u00e5 de olika ... Zobacz Wi\u0119cej \u00bb","og_url":"https:\/\/katowice.energy2000.pl\/uk\/\u043a\u043b\u0443\u0431\/sklepenergy2000\/","og_site_name":"Energy2000 - Katowice","article_modified_time":"2021-09-28T06:37:13+00:00","author":"Micha\u0142 W\u0105tkowski","twitter_card":"summary_large_image","twitter_misc":{"\u041f\u0440\u0438\u0431\u043b. \u0447\u0430\u0441 \u0447\u0438\u0442\u0430\u043d\u043d\u044f":"1 \u0445\u0432\u0438\u043b\u0438\u043d\u0430"},"schema":{"@context":"https:\/\/schema.org","@graph":[{"@type":"WebSite","@id":"https:\/\/katowice.energy2000.pl\/#website","url":"https:\/\/katowice.energy2000.pl\/","name":"Energy2000 - Katowice","description":"Najlepszy Klub na \u015bl\u0105sku","potentialAction":[{"@type":"SearchAction","target":{"@type":"EntryPoint","urlTemplate":"https:\/\/katowice.energy2000.pl\/?s={search_term_string}"},"query-input":"required name=search_term_string"}],"inLanguage":"uk"},{"@type":"WebPage","@id":"https:\/\/katowice.energy2000.pl\/klub\/sklepenergy2000\/#webpage","url":"https:\/\/katowice.energy2000.pl\/klub\/sklepenergy2000\/","name":"Sklep ENERGY2000 - Energy2000 - Katowice","isPartOf":{"@id":"https:\/\/katowice.energy2000.pl\/#website"},"datePublished":"2016-08-24T14:59:01+00:00","dateModified":"2021-09-28T06:37:13+00:00","breadcrumb":{"@id":"https:\/\/katowice.energy2000.pl\/klub\/sklepenergy2000\/#breadcrumb"},"inLanguage":"uk","potentialAction":[{"@type":"ReadAction","target":["https:\/\/katowice.energy2000.pl\/klub\/sklepenergy2000\/"]}]},{"@type":"BreadcrumbList","@id":"https:\/\/katowice.energy2000.pl\/klub\/sklepenergy2000\/#breadcrumb","itemListElement":[{"@type":"ListItem","position":1,"name":"Strona g\u0142\u00f3wna","item":"https:\/\/katowice.energy2000.pl\/"},{"@type":"ListItem","position":2,"name":"Klub","item":"https:\/\/katowice.energy2000.pl\/klub\/"},{"@type":"ListItem","position":3,"name":"Sklep ENERGY2000"}]}]}},"_links":{"self":[{"href":"https:\/\/katowice.energy2000.pl\/uk\/wp-json\/wp\/v2\/pages\/3177"}],"collection":[{"href":"https:\/\/katowice.energy2000.pl\/uk\/wp-json\/wp\/v2\/pages"}],"about":[{"href":"https:\/\/katowice.energy2000.pl\/uk\/wp-json\/wp\/v2\/types\/page"}],"author":[{"embeddable":true,"href":"https:\/\/katowice.energy2000.pl\/uk\/wp-json\/wp\/v2\/users\/2"}],"replies":[{"embeddable":true,"href":"https:\/\/katowice.energy2000.pl\/uk\/wp-json\/wp\/v2\/comments?post=3177"}],"version-history":[{"count":9,"href":"https:\/\/katowice.energy2000.pl\/uk\/wp-json\/wp\/v2\/pages\/3177\/revisions"}],"predecessor-version":[{"id":120204,"href":"https:\/\/katowice.energy2000.pl\/uk\/wp-json\/wp\/v2\/pages\/3177\/revisions\/120204"}],"up":[{"embeddable":true,"href":"https:\/\/katowice.energy2000.pl\/uk\/wp-json\/wp\/v2\/pages\/3191"}],"wp:attachment":[{"href":"https:\/\/katowice.energy2000.pl\/uk\/wp-json\/wp\/v2\/media?parent=3177"}],"curies":[{"name":"wp","href":"https:\/\/api.w.org\/{rel}","templated":true}]}}